{"id":32423,"date":"2015-05-21T11:02:40","date_gmt":"2015-05-21T09:02:40","guid":{"rendered":"http:\/\/www.serbia.com\/?page_id=32423"},"modified":"2024-10-20T14:22:52","modified_gmt":"2024-10-20T12:22:52","slug":"rtanj-misteriozna-lepotica-piramidalnog-oblika","status":"publish","type":"page","link":"https:\/\/serbia.com\/srpski\/posetite-srbiju\/prirodne-lepote\/planine\/rtanj-misteriozna-lepotica-piramidalnog-oblika\/","title":{"rendered":"Rtanj, misteriozna lepotica piramidalnog oblika"},"content":{"rendered":"<h4>Legende o planini sa \u010dijeg se vrha mo\u017ee videti u\u0161\u0107e Save u Dunav, mitovi o skrivenom blagu u njenoj utrobi, tajne o vanzemaljcima i u\u017earenim kuglama koje je nadle\u0107u, pri\u010de o pozitivnoj energiji kojom zra\u010di, ali i zadivljuju\u0107a lepota, veli\u010dina, savr\u0161en geometrijski oblik i lekovito bilje koje raste samo na njenim obroncima, \u010dine Rtanj zagonetnim delom prirode \u010dije tajne jo\u0161 uvek nisu otkrivene.<\/h4>\n<p>Misteriozni veo koji prekriva Rtanj, \u010dini da se nau\u010dnici i dalje spore oko toga da li je ova planina <strong>drevna piramida<\/strong>,<strong> delo prirode<\/strong> ili <strong>vi\u0161ih sila<\/strong>. Jedno je sigurno, iz ravnica Isto\u010dne Srbije naglo se di\u017ee planina koja izaziva divljenje. Na njenim obroncima savr\u0161enog oblika raste <strong>retko lekovito bilje<\/strong>, a mno\u0161tvo <strong>podzemnih izvora<\/strong>, <a title=\"Pe\u0107ine\" href=\"http:\/\/www.serbia.com\/srpski\/posetite-srbiju\/prirodne-lepote\/pecine\/\" target=\"_blank\" rel=\"noopener\"><strong>pe\u0107ina<\/strong><\/a> i <strong>jama<\/strong> krase skrivene delove njene unutra\u0161njosti.<\/p>\n<p><img loading=\"lazy\" decoding=\"async\" class=\"aligncenter wp-image-29573\" src=\"http:\/\/www.serbia.com\/wp-content\/uploads\/2015\/03\/rtanj-naslovna1.jpg\" alt=\"rtanj naslovna1\" width=\"800\" height=\"451\" srcset=\"https:\/\/serbia.com\/wp-content\/uploads\/2015\/03\/rtanj-naslovna1.jpg 734w, https:\/\/serbia.com\/wp-content\/uploads\/2015\/03\/rtanj-naslovna1-300x169.jpg 300w\" sizes=\"(max-width: 800px) 100vw, 800px\" \/><\/p>\n<p>Zbog svega toga Rtanj predstavlja fenomen koji iz godine u godinu, privla\u010di sve ve\u0107i broj turista, nau\u010dnika, avanturista i planinara. Svako ko je bar jednom posetio ovu planinu <strong>tvrdi da je osetio neobja\u0161njivu energiju, da vazduh druga\u010dije miri\u0161e, a da priroda koja je okru\u017euje izgleda potpuno nestvarno<\/strong>. Neki tvrde da su se uz pomo\u0107 \u010duvenog rtanjskog \u010daja izle\u010dili, a drugi da su ovde na\u0161li mir.<\/p>\n<h4>Osetite magiju Rtnja<\/h4>\n<p>Da biste uspeli da osetite magiju koju je priroda nesebi\u010dno dala ovoj planini, najbolje je da <strong>pro\u0161etate njenim stazama, da se popnete na najvi\u0161i vrh \u0160iljak i u\u017eivate u neverovatnom pogledu koji \u0107e vam se ukazati.<\/strong> U zavisnosti od toga u koliko ste dobroj kondiciji, vreme za uspon i spust varira. Na planini postoje mesta za kampovanje i odmor, na kojima uvek mo\u017eete stati da predahnete.<\/p>\n<p>Avantura koja prati \u0161etnju i obilazak Rtnja je ipak neprocenjiva. Smenjivanje gustih \u0161uma i kamenitih predela, ravnih i neravnih povr\u0161ina, i izobilje lekovitog bilja, ono je \u0161to mo\u017eete iskusiti ako odlu\u010dite da upoznate ovu planinu. Pogled koji se pru\u017ea kilometrima unaokolo i \u010dist vazduh, kao nagrada vas o\u010dekuju na vrhu.<\/p>\n<blockquote><p><em>Rtanj je \u010duven i po endemskom bilju koje raste samo na ovoj planini i koje je zakonom za\u0161ti\u0107eno. Najpoznatiji je svakako rtanjski \u010daj (Saturea montana) koji ima mnogobrojna lekovita svojstva. Sve donedavno su svake godine 7. jula u okviru manifestacije \u201eSv Jovan Biljober\u201c organizovane berbe rtanjskog \u010daja, ali je zbog zabrinjavaju\u0107e prore\u0111enosti branje sada zabranjeno.<\/em><br \/>\n<em>\u00a0<\/em><\/p><\/blockquote>\n<p>Kao simbol planine, na vrhu \u0160iljku (1565m) nalazi se jo\u0161 jedan kuriozitet koji turisti rado pose\u0107uju. U pitanju su <strong>ru\u0161evine nekada\u0161nje crkve \u2013 kapele Svetog \u0110or\u0111a<\/strong>. Ova crkva je pored toga \u0161to se nalazi na najvi\u0161em vrhu Rtnja, zanimljiva jer ju je 1935. godine uz pomo\u0107 1000 radnika u \u010dast mu\u017ea, izgradila \u017eena vlasnika rudnika \u201eRtanj\u201c nakon njegove smrti. Danas se na njenom mestu nalaze ru\u0161evine, jer su je traga\u010di za zlatom u vi\u0161e navrata ru\u0161ili uz pomo\u0107 dinamita.<\/p>\n<figure id=\"attachment_29575\" aria-describedby=\"caption-attachment-29575\" style=\"width: 300px\" class=\"wp-caption alignleft\"><img loading=\"lazy\" decoding=\"async\" class=\"wp-image-29575 size-medium\" src=\"http:\/\/www.serbia.com\/wp-content\/uploads\/2015\/03\/rtanj-kapelica1-300x169.jpg\" alt=\"rtanj kapelica1\" width=\"300\" height=\"169\" srcset=\"https:\/\/serbia.com\/wp-content\/uploads\/2015\/03\/rtanj-kapelica1-300x169.jpg 300w, https:\/\/serbia.com\/wp-content\/uploads\/2015\/03\/rtanj-kapelica1.jpg 600w\" sizes=\"(max-width: 300px) 100vw, 300px\" \/><figcaption id=\"caption-attachment-29575\" class=\"wp-caption-text\">Ru\u0161evine nekada\u0161nje crkve \u2013 kapele Svetog \u0110or\u0111a<\/figcaption><\/figure>\n<p>Pored nekada\u0161nje crkve \u2013 kapele, jo\u0161 jedna od nezaobilaznih turisti\u010dkih atrakcija Rtnja je <strong>jama ledenica<\/strong>, koja se nalazi na jugoisto\u010dnoj strani najvi\u0161eg vrha ove planine. Prekrivena glinom i kamenim blokovima, pedeset metara duga\u010dka, ona ujedno predstavlja <strong>jedinu ledenicu u kr\u0161u Isto\u010dne Srbije u kojoj su zabele\u017eene niske temperature vazduha<\/strong>. Jedinstven je do\u017eivljaj do\u0107i do prostrane dvorane ove jame i pro\u0161etati njenim neobi\u010dnim tlom.<\/p>\n<h4>Legende ili istina?<\/h4>\n<p>\u010cak i oni koji ne veruju u pri\u010de o vanzemaljcima, u\u017earenim loptama i energetskim poljima, ne mogu a da se ne zapitaju da li su pri\u010de koje prate planinu gotovo savr\u0161enog geometrijskog oblika istinite. Neki od podataka do kojih su nau\u010dnici do\u0161li jesu da <strong>Rtanj emituje energije koje su veoma korisne za ljudsko zdravlje.<\/strong><\/p>\n<p>Tako\u0111e, posebnim instrumentom za registraciju bioenergetskih i elektromagnetnih zra\u010denja, do\u0161lo se do snimaka koji pokazuju da \u0160iljak, najvi\u0161i vrh planine Rtanj uglavnom upija energiju, a mesto Svetili\u0161te u podno\u017eju planine, uglavnom zra\u010di. Interesantno je i to da je <strong>na pojedinim mestima na planini izmereno daleko ve\u0107e zra\u010denje nego u urbanim sredinama.<\/strong><\/p>\n<p><img loading=\"lazy\" decoding=\"async\" class=\"aligncenter wp-image-29590\" src=\"http:\/\/www.serbia.com\/wp-content\/uploads\/2015\/03\/rtanj111.jpg\" alt=\"rtanj111\" width=\"800\" height=\"451\" srcset=\"https:\/\/serbia.com\/wp-content\/uploads\/2015\/03\/rtanj111.jpg 600w, https:\/\/serbia.com\/wp-content\/uploads\/2015\/03\/rtanj111-300x169.jpg 300w\" sizes=\"(max-width: 800px) 100vw, 800px\" \/><\/p>\n<p>Pri\u010de o neobi\u010dnim letelicama koje kru\u017ee oko Rtnja, u\u017earenim loptama, vanzemaljcima i glasovima na nepoznatim jezicima za koje pojedinci tvrde da su \u010duli, jo\u0161 uvek su neproverene. Ono \u0161to je do sada utvr\u0111eno jeste da <strong>Rtanj ima nagib strana identi\u010dan onom na piramidi posve\u0107enoj Mesecu u Meksiku<\/strong>, kao i u<strong>glove koji se poklapaju sa onima na Keopsovoj piramidi<\/strong>. Slu\u010dajnost ili?<\/p>\n<blockquote><p><em>Rtanj je izuzetno popularan me\u0111u planinarima amaterima, koji planinu naj\u010de\u0161\u0107e pose\u0107uju od po\u010detka aprila do kraja oktobra, kada se organizuju penjanja do \u0160iljka. U zimskim mesecima zbog o\u0161trih klimatskih uslova vrh pose\u0107uju samo ozbiljniji planinari. Na severnoj strani planine koja je prekrivena \u0161umama nalazi se lovi\u0161te koje se prostire na 6368 ha, a naj\u010de\u0161\u0107a lovna divlja\u010d su srna i divlje svinje.<\/em><\/p><\/blockquote>\n<h4>Kako sti\u0107i do Rtnja?<\/h4>\n<p>Rtanj je od <a title=\"Beograd\" href=\"http:\/\/www.serbia.com\/srpski\/posetite-srbiju\/gradovi\/beograd\/\" target=\"_blank\" rel=\"noopener\">Beograda<\/a> udaljen 200 km. Iz Beograda ili <a title=\"Ni\u0161\" href=\"http:\/\/www.serbia.com\/srpski\/posetite-srbiju\/gradovi\/nis\/\" target=\"_blank\" rel=\"noopener\">Ni\u0161a<\/a> do <a href=\"http:\/\/www.serbia.com\/srpski\/posetite-srbiju\/prirodne-lepote\/banje\/sokobanja\/\" target=\"_blank\" rel=\"noopener\">Sokobanje<\/a> je najlak\u0161e do\u0107i autoputem E75 Beograd-Ni\u0161, a onda iz Sokobanje krenete regionalnim putem prema Aleksincu, zatim skrenete desno za selo Trgovi\u0161te. Kada pro\u0111ete kroz ovo selo, ugleda\u0107ete sa desne strane skretanje za selo Mu\u017einac. Kada stignete u Mu\u017einac, idete i dalje pravo, dok ne ugledate sa leve strane makadamski put, koji vodi do samog podno\u017eja Rtnja.<\/p>\n<h4>Kada ste ve\u0107 ovde, ne propustite&#8230;<\/h4>\n<p><strong>Crkva Svetog Nikole manastira Lapu\u0161nja<\/strong>, <strong>manastir Krepi\u010devac<\/strong> i <strong>manastir Lozica<\/strong> \u2013 ove tri svetinje nalaze se u neposrednoj blizini Rtnja i predstavljaju prave spomenike istorije. Crkva Svetog Nikole i manastir Krepi\u010devac podignuti su pre vi\u0161e od petstotina godina, a Lozica se prvi put pominje 1455.godine.<\/p>\n<p><a title=\"Sokobanja\" href=\"http:\/\/www.serbia.com\/srpski\/posetite-srbiju\/prirodne-lepote\/banje\/sokobanja\/\" target=\"_blank\" rel=\"noopener\"><strong>Sokobanja<\/strong><\/a> \u2013 najstarija banja u Srbiji, \u010diji termomineralni izvori spadaju me\u0111u najradioaktivnije u na\u0161oj zemlji. U Sokobanji mo\u017eete u\u017eivati u rekreaciji, odmoru, \u010distom vazduhu, mnogobrojnim izvorima i obilasku \u010duvenog <strong>Soko Grada<\/strong>.<\/p>\n<p><a title=\"Zaje\u010dar, doma\u0107in najstarijeg rok festivala u Srbiji\" href=\"http:\/\/www.serbia.com\/srpski\/posetite-srbiju\/gradovi\/zajecar-domacin-najstarijeg-rok-festivala-u-srbiji-2\/\" target=\"_blank\" rel=\"noopener\"><strong>Zaje\u010dar<\/strong><\/a> \u2013 sedi\u0161te Timo\u010dke oblasti i najve\u0107i grad na samom u\u0161\u0107u Crnog i Belog Timoka. Zanimljivo je pro\u0161etati ulicama ovog grada, i upoznati se sa arhitekturom starih gra\u0111evina u centru Zaje\u010dara.<\/p>\n","protected":false},"excerpt":{"rendered":"<p>Legende o planini sa \u010dijeg se vrha mo\u017ee videti u\u0161\u0107e Save u Dunav, mitovi o skrivenom blagu u njenoj utrobi, tajne o vanzemaljcima i u\u017earenim kuglama koje je nadle\u0107u, pri\u010de [&hellip;]<\/p>\n","protected":false},"author":27,"featured_media":32419,"parent":20463,"menu_order":0,"comment_status":"closed","ping_status":"closed","template":"","meta":{"_acf_changed":false,"inline_featured_image":false,"_monsterinsights_skip_tracking":false,"_monsterinsights_sitenote_active":false,"_monsterinsights_sitenote_note":"","_monsterinsights_sitenote_category":0,"footnotes":""},"categories":[1655],"tags":[],"class_list":["post-32423","page","type-page","status-publish","has-post-thumbnail","hentry","category-planine"],"acf":[],"yoast_head":"<!-- This site is optimized with the Yoast SEO plugin v23.8 - https:\/\/yoast.com\/wordpress\/plugins\/seo\/ -->\n<title>Rtanj, misteriozna lepotica piramidalnog oblika - Serbia.com<\/title>\n<meta name=\"robots\" content=\"index, follow, max-snippet:-1, max-image-preview:large, max-video-preview:-1\" \/>\n<link rel=\"canonical\" href=\"https:\/\/serbia.com\/srpski\/posetite-srbiju\/prirodne-lepote\/planine\/rtanj-misteriozna-lepotica-piramidalnog-oblika\/\" \/>\n<meta property=\"og:locale\" content=\"en_US\" \/>\n<meta property=\"og:type\" content=\"article\" \/>\n<meta property=\"og:title\" content=\"Rtanj, misteriozna lepotica piramidalnog oblika - Serbia.com\" \/>\n<meta property=\"og:description\" content=\"Legende o planini sa \u010dijeg se vrha mo\u017ee videti u\u0161\u0107e Save u Dunav, mitovi o skrivenom blagu u njenoj utrobi, tajne o vanzemaljcima i u\u017earenim kuglama koje je nadle\u0107u, pri\u010de [&hellip;]\" \/>\n<meta property=\"og:url\" content=\"https:\/\/serbia.com\/srpski\/posetite-srbiju\/prirodne-lepote\/planine\/rtanj-misteriozna-lepotica-piramidalnog-oblika\/\" \/>\n<meta property=\"og:site_name\" content=\"Serbia.com\" \/>\n<meta property=\"article:modified_time\" content=\"2024-10-20T12:22:52+00:00\" \/>\n<meta property=\"og:image\" content=\"https:\/\/serbia.com\/wp-content\/uploads\/2015\/05\/rtanj333.jpg\" \/>\n\t<meta property=\"og:image:width\" content=\"1605\" \/>\n\t<meta property=\"og:image:height\" content=\"481\" \/>\n\t<meta property=\"og:image:type\" content=\"image\/jpeg\" \/>\n<meta name=\"twitter:label1\" content=\"Est. reading time\" \/>\n\t<meta name=\"twitter:data1\" content=\"5 minutes\" \/>\n<script type=\"application\/ld+json\" class=\"yoast-schema-graph\">{\"@context\":\"https:\/\/schema.org\",\"@graph\":[{\"@type\":\"WebPage\",\"@id\":\"https:\/\/serbia.com\/srpski\/posetite-srbiju\/prirodne-lepote\/planine\/rtanj-misteriozna-lepotica-piramidalnog-oblika\/\",\"url\":\"https:\/\/serbia.com\/srpski\/posetite-srbiju\/prirodne-lepote\/planine\/rtanj-misteriozna-lepotica-piramidalnog-oblika\/\",\"name\":\"Rtanj, misteriozna lepotica piramidalnog oblika - Serbia.com\",\"isPartOf\":{\"@id\":\"https:\/\/serbia.com\/#website\"},\"primaryImageOfPage\":{\"@id\":\"https:\/\/serbia.com\/srpski\/posetite-srbiju\/prirodne-lepote\/planine\/rtanj-misteriozna-lepotica-piramidalnog-oblika\/#primaryimage\"},\"image\":{\"@id\":\"https:\/\/serbia.com\/srpski\/posetite-srbiju\/prirodne-lepote\/planine\/rtanj-misteriozna-lepotica-piramidalnog-oblika\/#primaryimage\"},\"thumbnailUrl\":\"https:\/\/serbia.com\/wp-content\/uploads\/2015\/05\/rtanj333.jpg\",\"datePublished\":\"2015-05-21T09:02:40+00:00\",\"dateModified\":\"2024-10-20T12:22:52+00:00\",\"breadcrumb\":{\"@id\":\"https:\/\/serbia.com\/srpski\/posetite-srbiju\/prirodne-lepote\/planine\/rtanj-misteriozna-lepotica-piramidalnog-oblika\/#breadcrumb\"},\"inLanguage\":\"srpski\",\"potentialAction\":[{\"@type\":\"ReadAction\",\"target\":[\"https:\/\/serbia.com\/srpski\/posetite-srbiju\/prirodne-lepote\/planine\/rtanj-misteriozna-lepotica-piramidalnog-oblika\/\"]}]},{\"@type\":\"ImageObject\",\"inLanguage\":\"srpski\",\"@id\":\"https:\/\/serbia.com\/srpski\/posetite-srbiju\/prirodne-lepote\/planine\/rtanj-misteriozna-lepotica-piramidalnog-oblika\/#primaryimage\",\"url\":\"https:\/\/serbia.com\/wp-content\/uploads\/2015\/05\/rtanj333.jpg\",\"contentUrl\":\"https:\/\/serbia.com\/wp-content\/uploads\/2015\/05\/rtanj333.jpg\",\"width\":1605,\"height\":481},{\"@type\":\"BreadcrumbList\",\"@id\":\"https:\/\/serbia.com\/srpski\/posetite-srbiju\/prirodne-lepote\/planine\/rtanj-misteriozna-lepotica-piramidalnog-oblika\/#breadcrumb\",\"itemListElement\":[{\"@type\":\"ListItem\",\"position\":1,\"name\":\"Home\",\"item\":\"https:\/\/serbia.com\/srpski\/\"},{\"@type\":\"ListItem\",\"position\":2,\"name\":\"Poseti Srbiju\",\"item\":\"https:\/\/serbia.com\/srpski\/posetite-srbiju\/\"},{\"@type\":\"ListItem\",\"position\":3,\"name\":\"Prirodne lepote\",\"item\":\"https:\/\/serbia.com\/srpski\/posetite-srbiju\/prirodne-lepote\/\"},{\"@type\":\"ListItem\",\"position\":4,\"name\":\"Planine\",\"item\":\"https:\/\/serbia.com\/srpski\/posetite-srbiju\/prirodne-lepote\/planine\/\"},{\"@type\":\"ListItem\",\"position\":5,\"name\":\"Rtanj, misteriozna lepotica piramidalnog oblika\"}]},{\"@type\":\"WebSite\",\"@id\":\"https:\/\/serbia.com\/#website\",\"url\":\"https:\/\/serbia.com\/\",\"name\":\"Serbia.com\",\"description\":\"Your Gateway to Serbia\",\"potentialAction\":[{\"@type\":\"SearchAction\",\"target\":{\"@type\":\"EntryPoint\",\"urlTemplate\":\"https:\/\/serbia.com\/?s={search_term_string}\"},\"query-input\":{\"@type\":\"PropertyValueSpecification\",\"valueRequired\":true,\"valueName\":\"search_term_string\"}}],\"inLanguage\":\"srpski\"}]}<\/script>\n<!-- \/ Yoast SEO plugin. -->","yoast_head_json":{"title":"Rtanj, misteriozna lepotica piramidalnog oblika - Serbia.com","robots":{"index":"index","follow":"follow","max-snippet":"max-snippet:-1","max-image-preview":"max-image-preview:large","max-video-preview":"max-video-preview:-1"},"canonical":"https:\/\/serbia.com\/srpski\/posetite-srbiju\/prirodne-lepote\/planine\/rtanj-misteriozna-lepotica-piramidalnog-oblika\/","og_locale":"en_US","og_type":"article","og_title":"Rtanj, misteriozna lepotica piramidalnog oblika - Serbia.com","og_description":"Legende o planini sa \u010dijeg se vrha mo\u017ee videti u\u0161\u0107e Save u Dunav, mitovi o skrivenom blagu u njenoj utrobi, tajne o vanzemaljcima i u\u017earenim kuglama koje je nadle\u0107u, pri\u010de [&hellip;]","og_url":"https:\/\/serbia.com\/srpski\/posetite-srbiju\/prirodne-lepote\/planine\/rtanj-misteriozna-lepotica-piramidalnog-oblika\/","og_site_name":"Serbia.com","article_modified_time":"2024-10-20T12:22:52+00:00","og_image":[{"width":1605,"height":481,"url":"https:\/\/serbia.com\/wp-content\/uploads\/2015\/05\/rtanj333.jpg","type":"image\/jpeg"}],"twitter_misc":{"Est. reading time":"5 minutes"},"schema":{"@context":"https:\/\/schema.org","@graph":[{"@type":"WebPage","@id":"https:\/\/serbia.com\/srpski\/posetite-srbiju\/prirodne-lepote\/planine\/rtanj-misteriozna-lepotica-piramidalnog-oblika\/","url":"https:\/\/serbia.com\/srpski\/posetite-srbiju\/prirodne-lepote\/planine\/rtanj-misteriozna-lepotica-piramidalnog-oblika\/","name":"Rtanj, misteriozna lepotica piramidalnog oblika - Serbia.com","isPartOf":{"@id":"https:\/\/serbia.com\/#website"},"primaryImageOfPage":{"@id":"https:\/\/serbia.com\/srpski\/posetite-srbiju\/prirodne-lepote\/planine\/rtanj-misteriozna-lepotica-piramidalnog-oblika\/#primaryimage"},"image":{"@id":"https:\/\/serbia.com\/srpski\/posetite-srbiju\/prirodne-lepote\/planine\/rtanj-misteriozna-lepotica-piramidalnog-oblika\/#primaryimage"},"thumbnailUrl":"https:\/\/serbia.com\/wp-content\/uploads\/2015\/05\/rtanj333.jpg","datePublished":"2015-05-21T09:02:40+00:00","dateModified":"2024-10-20T12:22:52+00:00","breadcrumb":{"@id":"https:\/\/serbia.com\/srpski\/posetite-srbiju\/prirodne-lepote\/planine\/rtanj-misteriozna-lepotica-piramidalnog-oblika\/#breadcrumb"},"inLanguage":"srpski","potentialAction":[{"@type":"ReadAction","target":["https:\/\/serbia.com\/srpski\/posetite-srbiju\/prirodne-lepote\/planine\/rtanj-misteriozna-lepotica-piramidalnog-oblika\/"]}]},{"@type":"ImageObject","inLanguage":"srpski","@id":"https:\/\/serbia.com\/srpski\/posetite-srbiju\/prirodne-lepote\/planine\/rtanj-misteriozna-lepotica-piramidalnog-oblika\/#primaryimage","url":"https:\/\/serbia.com\/wp-content\/uploads\/2015\/05\/rtanj333.jpg","contentUrl":"https:\/\/serbia.com\/wp-content\/uploads\/2015\/05\/rtanj333.jpg","width":1605,"height":481},{"@type":"BreadcrumbList","@id":"https:\/\/serbia.com\/srpski\/posetite-srbiju\/prirodne-lepote\/planine\/rtanj-misteriozna-lepotica-piramidalnog-oblika\/#breadcrumb","itemListElement":[{"@type":"ListItem","position":1,"name":"Home","item":"https:\/\/serbia.com\/srpski\/"},{"@type":"ListItem","position":2,"name":"Poseti Srbiju","item":"https:\/\/serbia.com\/srpski\/posetite-srbiju\/"},{"@type":"ListItem","position":3,"name":"Prirodne lepote","item":"https:\/\/serbia.com\/srpski\/posetite-srbiju\/prirodne-lepote\/"},{"@type":"ListItem","position":4,"name":"Planine","item":"https:\/\/serbia.com\/srpski\/posetite-srbiju\/prirodne-lepote\/planine\/"},{"@type":"ListItem","position":5,"name":"Rtanj, misteriozna lepotica piramidalnog oblika"}]},{"@type":"WebSite","@id":"https:\/\/serbia.com\/#website","url":"https:\/\/serbia.com\/","name":"Serbia.com","description":"Your Gateway to Serbia","potentialAction":[{"@type":"SearchAction","target":{"@type":"EntryPoint","urlTemplate":"https:\/\/serbia.com\/?s={search_term_string}"},"query-input":{"@type":"PropertyValueSpecification","valueRequired":true,"valueName":"search_term_string"}}],"inLanguage":"srpski"}]}},"_links":{"self":[{"href":"https:\/\/serbia.com\/srpski\/wp-json\/wp\/v2\/pages\/32423"}],"collection":[{"href":"https:\/\/serbia.com\/srpski\/wp-json\/wp\/v2\/pages"}],"about":[{"href":"https:\/\/serbia.com\/srpski\/wp-json\/wp\/v2\/types\/page"}],"author":[{"embeddable":true,"href":"https:\/\/serbia.com\/srpski\/wp-json\/wp\/v2\/users\/27"}],"replies":[{"embeddable":true,"href":"https:\/\/serbia.com\/srpski\/wp-json\/wp\/v2\/comments?post=32423"}],"version-history":[{"count":1,"href":"https:\/\/serbia.com\/srpski\/wp-json\/wp\/v2\/pages\/32423\/revisions"}],"predecessor-version":[{"id":55712,"href":"https:\/\/serbia.com\/srpski\/wp-json\/wp\/v2\/pages\/32423\/revisions\/55712"}],"up":[{"embeddable":true,"href":"https:\/\/serbia.com\/srpski\/wp-json\/wp\/v2\/pages\/20463"}],"wp:featuredmedia":[{"embeddable":true,"href":"https:\/\/serbia.com\/srpski\/wp-json\/wp\/v2\/media\/32419"}],"wp:attachment":[{"href":"https:\/\/serbia.com\/srpski\/wp-json\/wp\/v2\/media?parent=32423"}],"wp:term":[{"taxonomy":"category","embeddable":true,"href":"https:\/\/serbia.com\/srpski\/wp-json\/wp\/v2\/categories?post=32423"},{"taxonomy":"post_tag","embeddable":true,"href":"https:\/\/serbia.com\/srpski\/wp-json\/wp\/v2\/tags?post=32423"}],"curies":[{"name":"wp","href":"https:\/\/api.w.org\/{rel}","templated":true}]}}