{"id":32394,"date":"2015-05-20T14:05:28","date_gmt":"2015-05-20T12:05:28","guid":{"rendered":"http:\/\/www.serbia.com\/?page_id=32394"},"modified":"2026-03-23T23:28:31","modified_gmt":"2026-03-23T22:28:31","slug":"carobno-selo-drvengrad","status":"publish","type":"page","link":"https:\/\/serbia.com\/srpski\/posetite-srbiju\/prirodne-lepote\/etno-sela\/carobno-selo-drvengrad\/","title":{"rendered":"\u010carobno selo Drvengrad"},"content":{"rendered":"<h4>Poznati re\u017eiser Emir Kusturica izgradio je prelepo etno selo Drvengrad izme\u0111u dve srpske planine u koje svake godine, na festival Kustendorf, dovodi poznata svetska imena.<\/h4>\n<p>Sme\u0161teno na razme\u0111i dve prelepe <a title=\"Planine\" href=\"http:\/\/www.serbia.com\/srpski\/posetite-srbiju\/prirodne-lepote\/planine\/\" target=\"_blank\" rel=\"noopener\">srpske planine<\/a>, <a title=\"Zlatibor, ukras na 1.000 metara visine\" href=\"http:\/\/www.serbia.com\/srpski\/posetite-srbiju\/prirodne-lepote\/planine\/zlatibor-ukras-na-1-000-metara-visine\/\" target=\"_blank\" rel=\"noopener\"><strong>Zlatibora<\/strong><\/a> i <a title=\"Tara, planinski dom staroslovenskih bogova\" href=\"http:\/\/www.serbia.com\/srpski\/posetite-srbiju\/prirodne-lepote\/planine\/tara-planinski-dom-staroslovenskih-bogova\/\" target=\"_blank\" rel=\"noopener\"><strong>Tare<\/strong><\/a>, na brdu <strong>Me\u0107avnik<\/strong>, <a title=\"Etno sela\" href=\"http:\/\/www.serbia.com\/srpski\/posetite-srbiju\/prirodne-lepote\/etno-sela\/\" target=\"_blank\" rel=\"noopener\">etno selo<\/a> Drvengrad izgra\u0111eno je po zamisli filmskog re\u017eisera <a title=\"Emir Kusturica, umetnik, graditelj i antiglobalista\" href=\"http:\/\/www.serbia.com\/srpski\/emir-kusturica-umetnik-graditelj-i-antiglobalista-2\/\"><strong>Emira Kusturice<\/strong><\/a> za potrebe snimanja njegovog filma &#8220;\u017divot je \u010dudo&#8221;. U svetu je poznato i kao <strong>&#8220;<a href=\"http:\/\/www.serbia.com\/srpski\/danas-pocinje-kustendorf\/\" target=\"_blank\" rel=\"noopener\">Kustendorf<\/a>&#8220;<\/strong>, prelepa u parku prirode\u00a0<strong><a href=\"http:\/\/www.serbia.com\/srpski\/posetite-srbiju\/prirodne-lepote\/planine\/mokra-gora-inspiracija-umetnosti-i-stvaralastva\/\" target=\"_blank\" rel=\"noopener\">Mokra Gora<\/a><\/strong>, u kome \u017eivi svega 605 stanovnika, u op\u0161tini <strong><a href=\"http:\/\/www.serbia.com\/srpski\/24-sata-u-uzicu\/\" target=\"_blank\" rel=\"noopener\">U\u017eice<\/a><\/strong>.<\/p>\n<p>Drvengrad je etno selo u obliku pravougaonika, \u010dija du\u017ea osa na jednom kraju ima ulaznu kapiju, odakle polazi glavna ulica i prostire se do drugog kraja, gde se nalazi mala drvena <strong>pravoslavna crkva sa drvenim zvonikom<\/strong>.<\/p>\n<p>Crkva je gra\u0111ena po ugledu na ruske crkve brvnare i posve\u0107ena je osniva\u010dku srpske autokefalne crkve, <a title=\"Sveti Sava \u2013 princ, arhiepiskop, svetitelj\" href=\"http:\/\/www.serbia.com\/srpski\/sveti-sava-princ-arhiepiskop-svetitelj\/\"><strong>Svetom Savi<\/strong><\/a>. U centru sela je trg poplo\u010dan drvenom kockom i se\u010denim drvenim pragovima i okru\u017een autenti\u010dnim brvnarama koje su prenete iz okolnih krajeva Srbije i Republike Srpske, u vidu skeleta i postavljene na kamene temelje.<\/p>\n<p><strong>Ulice u selu Drvengrad nose imena poznatih li\u010dnosti iz sveta kulture i nauke<\/strong>. Glavna ulica nosi naziv srpskog nobelovca <a title=\"Ivo Andri\u0107, jedini srpski nobelovac\" href=\"http:\/\/www.serbia.com\/srpski\/ivo-andric-nobelovac-2\/\"><strong>Iva Andri\u0107a<\/strong><\/a>, a postoje i ulice kubanskog revolucionara <strong>Ernesta \u010ce Gevare<\/strong>, argentinskog fudbalera <strong>Dijega Maradone<\/strong>, srpskog glumca <strong>Miodraga Petrovi\u0107a \u010ckalje<\/strong>, kao i svetski poznatih re\u017eisera <strong>Federika Felinija<\/strong> i <strong>Ingmara Bergmana<\/strong>. Jedna ulica nosi i ime jednog od najboljih tenisera na svetu, <a title=\"Novak \u0110okovi\u0107, na vrhu teniskog sveta\" href=\"http:\/\/www.serbia.com\/srpski\/novak-dokovic-na-vrhu-teniskog-sveta-2\/\"><strong>Novaka \u0110okovi\u0107a<\/strong><\/a>.<\/p>\n<p>Drvengrad ima <strong>galeriju slika<\/strong>, <strong>biblioteku<\/strong>, <strong>bioskop &#8220;Andergraund&#8221;<\/strong>, <strong>poslasti\u010darnicu<\/strong> sa doma\u0107im kola\u010dima, <strong>restoran <a title=\"Tradicionalna kuhinja\" href=\"http:\/\/www.serbia.com\/srpski\/o-srbiji\/tradicionalna-kuhinja\/\">srpske tradicionalne kuhinje<\/a><\/strong>, <a title=\"Suveniri iz Srbije, poklon od srca\" href=\"http:\/\/www.serbia.com\/srpski\/suveniri-iz-srbije-poklon-od-srca\/\"><strong>prodavnicu suvenira<\/strong><\/a> toga kraja \u2026 Mistiku i fantaziju celog Drvengrada, koji li\u010di na neki grad iz bajke, dodatno poja\u010davaju <strong>drvene ptice<\/strong> koje su postavljene na gornjem platou trga.<\/p>\n<p>Stru\u010dni \u017eiri briselske fondacije za arfitekturu &#8220;Filip Rotije&#8221; je 2005. godine <strong>Drvengrad proglasio najboljim arhitektonskim ostvarenjem u Evropi\u00a0u protekle tri godine.<\/strong> Tako\u0111e, Drvengrad je dobio <strong>status grad-hotela sa \u010detiri zvezdice<\/strong>\u00a0(kao Sveti Stefan u Crnoj Gori).<\/p>\n<figure id=\"attachment_56687\" aria-describedby=\"caption-attachment-56687\" style=\"width: 2135px\" class=\"wp-caption alignnone\"><img loading=\"lazy\" decoding=\"async\" class=\"wp-image-56687 size-full\" src=\"https:\/\/serbia.com\/wp-content\/uploads\/2024\/11\/iStock-516531751.jpg\" alt=\"\" width=\"2135\" height=\"1404\" srcset=\"https:\/\/serbia.com\/wp-content\/uploads\/2024\/11\/iStock-516531751.jpg 2135w, https:\/\/serbia.com\/wp-content\/uploads\/2024\/11\/iStock-516531751-300x197.jpg 300w, https:\/\/serbia.com\/wp-content\/uploads\/2024\/11\/iStock-516531751-1280x842.jpg 1280w, https:\/\/serbia.com\/wp-content\/uploads\/2024\/11\/iStock-516531751-768x505.jpg 768w, https:\/\/serbia.com\/wp-content\/uploads\/2024\/11\/iStock-516531751-1536x1010.jpg 1536w, https:\/\/serbia.com\/wp-content\/uploads\/2024\/11\/iStock-516531751-2048x1347.jpg 2048w, https:\/\/serbia.com\/wp-content\/uploads\/2024\/11\/iStock-516531751-760x500.jpg 760w, https:\/\/serbia.com\/wp-content\/uploads\/2024\/11\/iStock-516531751-1521x1000.jpg 1521w\" sizes=\"(max-width: 2135px) 100vw, 2135px\" \/><figcaption id=\"caption-attachment-56687\" class=\"wp-caption-text\">Crkva Svetog Save, Drvengrad<\/figcaption><\/figure>\n<p>Drvengrad je i mesto odr\u017eavanja <strong>me\u0111unarodnog festivala &#8220;Kustendorf&#8221;<\/strong>, \u010diji je osniva\u010d Emir Kusturica, koji je zami\u0161ljen je kao <strong>mesto susreta mladih filmskih stvaralaca i studenata re\u017eije i afirmisanih svetskih reditelja i glumaca<\/strong>, ali muzi\u010dkih grupa.<\/p>\n<p>Poseban doga\u0111aj na festivalu predstavlja <strong>\u201csahranjivanje filmova\u201d<\/strong> na Groblju lo\u0161ih filmova, a prve godine na tom mestu je zavr\u0161io film \u201cUmri mu\u0161ki 4\u201c (Die Hard 4). Specijalni gosti Kustendorf filmskog festivala do sada su bili re\u017eiseri <strong>Nikita Mihalkov<\/strong>, <strong>Abas Kjarostami<\/strong> i <strong>D\u017eim D\u017earmu\u0161<\/strong>, kao i glumci <strong>D\u017eoni Dep<\/strong> i <strong>Gael Garsija Bernal<\/strong>.<\/p>\n<p>Boravak u etno selu Drvengrad mo\u017eete upotpuniti i <strong>vo\u017enjom <a href=\"http:\/\/www.serbia.com\/srpski\/sarganska-osmica-romanticna-voznja-kroz-proslost\/\" target=\"_blank\" rel=\"noopener\">\u0160arganskom osmicom<\/a><\/strong>, delom pruge uskog koloseka du\u017eine od 12 kilometara na Mokroj gori. <strong>Avantura starim parnim vozom &#8220;\u0106ira&#8221;<\/strong> \u0107e vas odvesti kroz stenovite tesnace i visoke useke izme\u0111u \u0160argana i Mokre Gore, trasom na kojoj pruga pravi neobi\u010dnu putanju u vidu broja 8.<\/p>\n<figure id=\"attachment_18302\" aria-describedby=\"caption-attachment-18302\" style=\"width: 300px\" class=\"wp-caption alignleft\"><img loading=\"lazy\" decoding=\"async\" class=\"wp-image-18302 size-medium\" src=\"https:\/\/serbia.com\/wp-content\/uploads\/2012\/11\/15-Mokra-Gora-Voz-Train-Cira2-300x200.jpg\" alt=\"15 Mokra Gora Voz Train Cira\" width=\"300\" height=\"200\" srcset=\"https:\/\/serbia.com\/wp-content\/uploads\/2012\/11\/15-Mokra-Gora-Voz-Train-Cira2-300x200.jpg 300w, https:\/\/serbia.com\/wp-content\/uploads\/2012\/11\/15-Mokra-Gora-Voz-Train-Cira2.jpg 800w\" sizes=\"(max-width: 300px) 100vw, 300px\" \/><figcaption id=\"caption-attachment-18302\" class=\"wp-caption-text\">Slavni &#8220;\u0106ira&#8221;, turisti\u010dka atrakcija Mokre Gore, prolazi neposredno iznad etno sela Drvengrad<\/figcaption><\/figure>\n<p>U svetu jedinstvenom osmicom, spletom tunela i mostova, ve\u0161to je savladana visinska razlika od 300 metara od Mokre Gore do \u0160argana. Tako\u0111e, nemojte zaobi\u0107i ni <strong><a href=\"http:\/\/www.serbia.com\/srpski\/tarabici-iz-kremne-porodica-koja-je-predvidela-istoriju-srbije\/\" target=\"_blank\" rel=\"noopener\">selo Kremna<\/a><\/strong>, poznato po srpskim \u201cprorocima\u201d Tarabi\u0107ima.<\/p>\n<h4>Gde se nalazi Drvengrad i kako do njega sti\u0107i?<\/h4>\n<p>Park prirode Mokra Gora prostire se izme\u0111u Tare i Zlatibora na oko 210 kilometara od <a title=\"Beograd\" href=\"http:\/\/www.serbia.com\/srpski\/posetite-srbiju\/gradovi\/beograd\/\" target=\"_blank\" rel=\"noopener\">Beograda<\/a> i 290 kilometara od <a title=\"Ni\u0161\" href=\"http:\/\/www.serbia.com\/srpski\/posetite-srbiju\/gradovi\/nis\/\" target=\"_blank\" rel=\"noopener\">Ni\u0161a<\/a>.<\/p>\n<p>Do Mokre Gore i Drvengrada mo\u017eete sti\u0107i sopstvenim prevozom, autobusom i vozom.<\/p>\n<p>Ukoliko na put kre\u0107ete sopstvenim vozilom, iz pravca Beograda mo\u017eete krenuti preko Obrenovca do Div\u010dibara, a zatim preko <strong><a href=\"http:\/\/www.serbia.com\/srpski\/pozega-grad-sa-jednim-od-najneobicnijih-trgova-u-evropi\/\" target=\"_blank\" rel=\"noopener\">Po\u017eege<\/a><\/strong> i <strong><a href=\"http:\/\/www.serbia.com\/srpski\/24-sata-u-uzicu\/\" target=\"_blank\" rel=\"noopener\">U\u017eica<\/a><\/strong> do Zlatibora. Du\u017eina puta iznosi 210 kilometara.<\/p>\n<p>Mo\u017eete put Mokre Gore krenuti i autoputem Beograd-Ni\u0161 uklju\u010duju\u0107i se u pravcu Mladenovca preko Topole, Rudnika, Gornjeg Milanovca, <strong><a href=\"http:\/\/www.serbia.com\/srpski\/posetite-srbiju\/gradovi\/cacak-grad-u-pokretu\/\" target=\"_blank\" rel=\"noopener\">\u010ca\u010dka<\/a><\/strong> do U\u017eica i zatim ka Zlatiboru. Du\u017eina ovog puta iznosi 220 kilometara.<\/p>\n<p>Do same Mokre Gore i Drvengrada dolazite putem ka Vi\u0161egradu iz pravca Bajine Ba\u0161te ili U\u017eica.<\/p>\n<p>Ukoliko se odlu\u010dite za autobuski prevoz postoje redovne linije koje voze do U\u017eica i Zlatibora odakle \u0107ete morati da presedate na liniju koja \u0107e vas odvesti do Mokre Gore.<\/p>\n<p>Vozom mo\u017eete do\u0107i do U\u017eica a zatim autobusom do Drvengrada.<\/p>\n<h4>Kada ste ve\u0107 ovde, ne propustite&#8230;<\/h4>\n<p><strong>Vo\u017enju starim \u201e\u0106irom\u201c na pruzi <a href=\"http:\/\/www.serbia.com\/srpski\/sarganska-osmica-romanticna-voznja-kroz-proslost\/\" target=\"_blank\" rel=\"noopener\">\u0160arganska osmica<\/a><\/strong> izme\u0111u \u0160argana i Mokre Gore.<\/p>\n<p>Posetu <a title=\"Zlatibor, ukras na 1.000 metara visine\" href=\"http:\/\/www.serbia.com\/srpski\/posetite-srbiju\/prirodne-lepote\/planine\/zlatibor-ukras-na-1-000-metara-visine\/\" target=\"_blank\" rel=\"noopener\"><strong>Zlatiboru<\/strong><\/a> i zlatiborskom kraju, kao i mestu <strong>\u010cajetina<\/strong> gde morate prisustvovati tradicionalnom manifestaciji <strong>&#8220;Pr\u0161utijada&#8221;<\/strong> i probati neke od doma\u0107ih specijaliteta pripremanih na osnovu dobro \u010duvanih recepata.<\/p>\n<p>Ne propustite i posetu <a title=\"Tara, planinski dom staroslovenskih bogova\" href=\"http:\/\/www.serbia.com\/srpski\/posetite-srbiju\/prirodne-lepote\/planine\/tara-planinski-dom-staroslovenskih-bogova\/\" target=\"_blank\" rel=\"noopener\"><strong>Tari<\/strong><\/a> i u\u017eivajte u lepotama <a href=\"https:\/\/serbia.com\/srpski\/zaovinsko-jezero-skriveni-tirkizni-dragulj-planine-tare\/\"><strong>jezera Zaovine<\/strong><\/a>.<\/p>\n<p>Ukoliko \u017eelite malo avanturisti\u010dkog provoda posetite neverovatan biser U\u017ei\u010dkog kraja &#8211; <strong><a href=\"http:\/\/www.serbia.com\/srpski\/posetite-srbiju\/prirodne-lepote\/pecine\/stopica-pecina-i-njen-podzemni-vodopad\/\" target=\"_blank\" rel=\"noopener\">Stopi\u0107a pe\u0107inu<\/a><\/strong>.<\/p>\n<p>Foto: White Writer\/Wikimedia commons (lincenca: Attribution-ShareAlike 3.0 Unported)<\/p>\n","protected":false},"excerpt":{"rendered":"<p>Poznati re\u017eiser Emir Kusturica izgradio je prelepo etno selo Drvengrad izme\u0111u dve srpske planine u koje svake godine, na festival Kustendorf, dovodi poznata svetska imena. Sme\u0161teno na razme\u0111i dve prelepe [&hellip;]<\/p>\n","protected":false},"author":27,"featured_media":16642,"parent":20929,"menu_order":0,"comment_status":"closed","ping_status":"closed","template":"","meta":{"_acf_changed":false,"inline_featured_image":false,"_monsterinsights_skip_tracking":false,"_monsterinsights_sitenote_active":false,"_monsterinsights_sitenote_note":"","_monsterinsights_sitenote_category":0,"footnotes":""},"categories":[1673],"tags":[],"class_list":["post-32394","page","type-page","status-publish","has-post-thumbnail","hentry","category-etno-sela"],"acf":[],"yoast_head":"<!-- This site is optimized with the Yoast SEO plugin v23.8 - https:\/\/yoast.com\/wordpress\/plugins\/seo\/ -->\n<title>Drvengrad: Drveno selo Emira Kusturice koje morate posetiti<\/title>\n<meta name=\"description\" content=\"Otkrijte Drvengrad - jedinstveno drveno selo koje je stvorio Emir Kusturica. Istra\u017eite njegove ulice, kulturu i prirodu Zlatiborskog kraja.\" \/>\n<meta name=\"robots\" content=\"index, follow, max-snippet:-1, max-image-preview:large, max-video-preview:-1\" \/>\n<link rel=\"canonical\" href=\"https:\/\/serbia.com\/srpski\/posetite-srbiju\/prirodne-lepote\/etno-sela\/carobno-selo-drvengrad\/\" \/>\n<meta property=\"og:locale\" content=\"en_US\" \/>\n<meta property=\"og:type\" content=\"article\" \/>\n<meta property=\"og:title\" content=\"Drvengrad: Drveno selo Emira Kusturice koje morate posetiti\" \/>\n<meta property=\"og:description\" content=\"Otkrijte Drvengrad - jedinstveno drveno selo koje je stvorio Emir Kusturica. Istra\u017eite njegove ulice, kulturu i prirodu Zlatiborskog kraja.\" \/>\n<meta property=\"og:url\" content=\"https:\/\/serbia.com\/srpski\/posetite-srbiju\/prirodne-lepote\/etno-sela\/carobno-selo-drvengrad\/\" \/>\n<meta property=\"og:site_name\" content=\"Serbia.com\" \/>\n<meta property=\"article:modified_time\" content=\"2026-03-23T22:28:31+00:00\" \/>\n<meta property=\"og:image\" content=\"https:\/\/serbia.com\/wp-content\/uploads\/2012\/11\/Drvengrad.jpg\" \/>\n\t<meta property=\"og:image:width\" content=\"2576\" \/>\n\t<meta property=\"og:image:height\" content=\"1932\" \/>\n\t<meta property=\"og:image:type\" content=\"image\/jpeg\" \/>\n<meta name=\"twitter:label1\" content=\"Est. reading time\" \/>\n\t<meta name=\"twitter:data1\" content=\"4 minutes\" \/>\n<script type=\"application\/ld+json\" class=\"yoast-schema-graph\">{\"@context\":\"https:\/\/schema.org\",\"@graph\":[{\"@type\":\"WebPage\",\"@id\":\"https:\/\/serbia.com\/srpski\/posetite-srbiju\/prirodne-lepote\/etno-sela\/carobno-selo-drvengrad\/\",\"url\":\"https:\/\/serbia.com\/srpski\/posetite-srbiju\/prirodne-lepote\/etno-sela\/carobno-selo-drvengrad\/\",\"name\":\"Drvengrad: Drveno selo Emira Kusturice koje morate posetiti\",\"isPartOf\":{\"@id\":\"https:\/\/serbia.com\/#website\"},\"primaryImageOfPage\":{\"@id\":\"https:\/\/serbia.com\/srpski\/posetite-srbiju\/prirodne-lepote\/etno-sela\/carobno-selo-drvengrad\/#primaryimage\"},\"image\":{\"@id\":\"https:\/\/serbia.com\/srpski\/posetite-srbiju\/prirodne-lepote\/etno-sela\/carobno-selo-drvengrad\/#primaryimage\"},\"thumbnailUrl\":\"https:\/\/serbia.com\/wp-content\/uploads\/2012\/11\/Drvengrad.jpg\",\"datePublished\":\"2015-05-20T12:05:28+00:00\",\"dateModified\":\"2026-03-23T22:28:31+00:00\",\"description\":\"Otkrijte Drvengrad - jedinstveno drveno selo koje je stvorio Emir Kusturica. Istra\u017eite njegove ulice, kulturu i prirodu Zlatiborskog kraja.\",\"breadcrumb\":{\"@id\":\"https:\/\/serbia.com\/srpski\/posetite-srbiju\/prirodne-lepote\/etno-sela\/carobno-selo-drvengrad\/#breadcrumb\"},\"inLanguage\":\"srpski\",\"potentialAction\":[{\"@type\":\"ReadAction\",\"target\":[\"https:\/\/serbia.com\/srpski\/posetite-srbiju\/prirodne-lepote\/etno-sela\/carobno-selo-drvengrad\/\"]}]},{\"@type\":\"ImageObject\",\"inLanguage\":\"srpski\",\"@id\":\"https:\/\/serbia.com\/srpski\/posetite-srbiju\/prirodne-lepote\/etno-sela\/carobno-selo-drvengrad\/#primaryimage\",\"url\":\"https:\/\/serbia.com\/wp-content\/uploads\/2012\/11\/Drvengrad.jpg\",\"contentUrl\":\"https:\/\/serbia.com\/wp-content\/uploads\/2012\/11\/Drvengrad.jpg\",\"width\":\"2576\",\"height\":\"1932\",\"caption\":\"Glavna ulica u Drvengradu (Foto: White Writer\/Wikipedia)\"},{\"@type\":\"BreadcrumbList\",\"@id\":\"https:\/\/serbia.com\/srpski\/posetite-srbiju\/prirodne-lepote\/etno-sela\/carobno-selo-drvengrad\/#breadcrumb\",\"itemListElement\":[{\"@type\":\"ListItem\",\"position\":1,\"name\":\"Home\",\"item\":\"https:\/\/serbia.com\/srpski\/\"},{\"@type\":\"ListItem\",\"position\":2,\"name\":\"Poseti Srbiju\",\"item\":\"https:\/\/serbia.com\/srpski\/posetite-srbiju\/\"},{\"@type\":\"ListItem\",\"position\":3,\"name\":\"Prirodne lepote\",\"item\":\"https:\/\/serbia.com\/srpski\/posetite-srbiju\/prirodne-lepote\/\"},{\"@type\":\"ListItem\",\"position\":4,\"name\":\"Etno sela\",\"item\":\"https:\/\/serbia.com\/srpski\/posetite-srbiju\/prirodne-lepote\/etno-sela\/\"},{\"@type\":\"ListItem\",\"position\":5,\"name\":\"\u010carobno selo Drvengrad\"}]},{\"@type\":\"WebSite\",\"@id\":\"https:\/\/serbia.com\/#website\",\"url\":\"https:\/\/serbia.com\/\",\"name\":\"Serbia.com\",\"description\":\"Your Gateway to Serbia\",\"potentialAction\":[{\"@type\":\"SearchAction\",\"target\":{\"@type\":\"EntryPoint\",\"urlTemplate\":\"https:\/\/serbia.com\/?s={search_term_string}\"},\"query-input\":{\"@type\":\"PropertyValueSpecification\",\"valueRequired\":true,\"valueName\":\"search_term_string\"}}],\"inLanguage\":\"srpski\"}]}<\/script>\n<!-- \/ Yoast SEO plugin. -->","yoast_head_json":{"title":"Drvengrad: Drveno selo Emira Kusturice koje morate posetiti","description":"Otkrijte Drvengrad - jedinstveno drveno selo koje je stvorio Emir Kusturica. Istra\u017eite njegove ulice, kulturu i prirodu Zlatiborskog kraja.","robots":{"index":"index","follow":"follow","max-snippet":"max-snippet:-1","max-image-preview":"max-image-preview:large","max-video-preview":"max-video-preview:-1"},"canonical":"https:\/\/serbia.com\/srpski\/posetite-srbiju\/prirodne-lepote\/etno-sela\/carobno-selo-drvengrad\/","og_locale":"en_US","og_type":"article","og_title":"Drvengrad: Drveno selo Emira Kusturice koje morate posetiti","og_description":"Otkrijte Drvengrad - jedinstveno drveno selo koje je stvorio Emir Kusturica. Istra\u017eite njegove ulice, kulturu i prirodu Zlatiborskog kraja.","og_url":"https:\/\/serbia.com\/srpski\/posetite-srbiju\/prirodne-lepote\/etno-sela\/carobno-selo-drvengrad\/","og_site_name":"Serbia.com","article_modified_time":"2026-03-23T22:28:31+00:00","og_image":[{"width":2576,"height":1932,"url":"https:\/\/serbia.com\/wp-content\/uploads\/2012\/11\/Drvengrad.jpg","type":"image\/jpeg"}],"twitter_misc":{"Est. reading time":"4 minutes"},"schema":{"@context":"https:\/\/schema.org","@graph":[{"@type":"WebPage","@id":"https:\/\/serbia.com\/srpski\/posetite-srbiju\/prirodne-lepote\/etno-sela\/carobno-selo-drvengrad\/","url":"https:\/\/serbia.com\/srpski\/posetite-srbiju\/prirodne-lepote\/etno-sela\/carobno-selo-drvengrad\/","name":"Drvengrad: Drveno selo Emira Kusturice koje morate posetiti","isPartOf":{"@id":"https:\/\/serbia.com\/#website"},"primaryImageOfPage":{"@id":"https:\/\/serbia.com\/srpski\/posetite-srbiju\/prirodne-lepote\/etno-sela\/carobno-selo-drvengrad\/#primaryimage"},"image":{"@id":"https:\/\/serbia.com\/srpski\/posetite-srbiju\/prirodne-lepote\/etno-sela\/carobno-selo-drvengrad\/#primaryimage"},"thumbnailUrl":"https:\/\/serbia.com\/wp-content\/uploads\/2012\/11\/Drvengrad.jpg","datePublished":"2015-05-20T12:05:28+00:00","dateModified":"2026-03-23T22:28:31+00:00","description":"Otkrijte Drvengrad - jedinstveno drveno selo koje je stvorio Emir Kusturica. Istra\u017eite njegove ulice, kulturu i prirodu Zlatiborskog kraja.","breadcrumb":{"@id":"https:\/\/serbia.com\/srpski\/posetite-srbiju\/prirodne-lepote\/etno-sela\/carobno-selo-drvengrad\/#breadcrumb"},"inLanguage":"srpski","potentialAction":[{"@type":"ReadAction","target":["https:\/\/serbia.com\/srpski\/posetite-srbiju\/prirodne-lepote\/etno-sela\/carobno-selo-drvengrad\/"]}]},{"@type":"ImageObject","inLanguage":"srpski","@id":"https:\/\/serbia.com\/srpski\/posetite-srbiju\/prirodne-lepote\/etno-sela\/carobno-selo-drvengrad\/#primaryimage","url":"https:\/\/serbia.com\/wp-content\/uploads\/2012\/11\/Drvengrad.jpg","contentUrl":"https:\/\/serbia.com\/wp-content\/uploads\/2012\/11\/Drvengrad.jpg","width":"2576","height":"1932","caption":"Glavna ulica u Drvengradu (Foto: White Writer\/Wikipedia)"},{"@type":"BreadcrumbList","@id":"https:\/\/serbia.com\/srpski\/posetite-srbiju\/prirodne-lepote\/etno-sela\/carobno-selo-drvengrad\/#breadcrumb","itemListElement":[{"@type":"ListItem","position":1,"name":"Home","item":"https:\/\/serbia.com\/srpski\/"},{"@type":"ListItem","position":2,"name":"Poseti Srbiju","item":"https:\/\/serbia.com\/srpski\/posetite-srbiju\/"},{"@type":"ListItem","position":3,"name":"Prirodne lepote","item":"https:\/\/serbia.com\/srpski\/posetite-srbiju\/prirodne-lepote\/"},{"@type":"ListItem","position":4,"name":"Etno sela","item":"https:\/\/serbia.com\/srpski\/posetite-srbiju\/prirodne-lepote\/etno-sela\/"},{"@type":"ListItem","position":5,"name":"\u010carobno selo Drvengrad"}]},{"@type":"WebSite","@id":"https:\/\/serbia.com\/#website","url":"https:\/\/serbia.com\/","name":"Serbia.com","description":"Your Gateway to Serbia","potentialAction":[{"@type":"SearchAction","target":{"@type":"EntryPoint","urlTemplate":"https:\/\/serbia.com\/?s={search_term_string}"},"query-input":{"@type":"PropertyValueSpecification","valueRequired":true,"valueName":"search_term_string"}}],"inLanguage":"srpski"}]}},"_links":{"self":[{"href":"https:\/\/serbia.com\/srpski\/wp-json\/wp\/v2\/pages\/32394"}],"collection":[{"href":"https:\/\/serbia.com\/srpski\/wp-json\/wp\/v2\/pages"}],"about":[{"href":"https:\/\/serbia.com\/srpski\/wp-json\/wp\/v2\/types\/page"}],"author":[{"embeddable":true,"href":"https:\/\/serbia.com\/srpski\/wp-json\/wp\/v2\/users\/27"}],"replies":[{"embeddable":true,"href":"https:\/\/serbia.com\/srpski\/wp-json\/wp\/v2\/comments?post=32394"}],"version-history":[{"count":1,"href":"https:\/\/serbia.com\/srpski\/wp-json\/wp\/v2\/pages\/32394\/revisions"}],"predecessor-version":[{"id":66039,"href":"https:\/\/serbia.com\/srpski\/wp-json\/wp\/v2\/pages\/32394\/revisions\/66039"}],"up":[{"embeddable":true,"href":"https:\/\/serbia.com\/srpski\/wp-json\/wp\/v2\/pages\/20929"}],"wp:featuredmedia":[{"embeddable":true,"href":"https:\/\/serbia.com\/srpski\/wp-json\/wp\/v2\/media\/16642"}],"wp:attachment":[{"href":"https:\/\/serbia.com\/srpski\/wp-json\/wp\/v2\/media?parent=32394"}],"wp:term":[{"taxonomy":"category","embeddable":true,"href":"https:\/\/serbia.com\/srpski\/wp-json\/wp\/v2\/categories?post=32394"},{"taxonomy":"post_tag","embeddable":true,"href":"https:\/\/serbia.com\/srpski\/wp-json\/wp\/v2\/tags?post=32394"}],"curies":[{"name":"wp","href":"https:\/\/api.w.org\/{rel}","templated":true}]}}