{"id":32376,"date":"2015-05-20T12:39:19","date_gmt":"2015-05-20T10:39:19","guid":{"rendered":"http:\/\/www.serbia.com\/?page_id=32376"},"modified":"2016-02-25T16:15:05","modified_gmt":"2016-02-25T15:15:05","slug":"moravski-konaci-uzivanje-na-ostrvcima","status":"publish","type":"page","link":"https:\/\/serbia.com\/srpski\/posetite-srbiju\/prirodne-lepote\/etno-sela\/moravski-konaci-uzivanje-na-ostrvcima\/","title":{"rendered":"Moravski konaci, u\u017eivanje na ostrvcima"},"content":{"rendered":"<h4>Deo etno sela Moravski konaci, izgra\u0111enog na jezeru sa ostrvcima koja su povezana drvenim mosti\u0107ima, \u010dine adaptirane stare ku\u0107e iz 19. veka.<\/h4>\n<p><a title=\"Etno sela\" href=\"http:\/\/www.serbia.com\/srpski\/posetite-srbiju\/prirodne-lepote\/etno-sela\/\" target=\"_blank\">Etno selo<\/a> Moravski konaci <strong>okru\u017eeno je jezerom sa devet ostrvaca me\u0111usobno povezanih drvenim mosti\u0107ima.<\/strong> Ono je izgra\u0111eno na manje od 100 kilometara od <a title=\"Beograd\" href=\"http:\/\/www.serbia.com\/srpski\/posetite-srbiju\/gradovi\/beograd\/\" target=\"_blank\">Beograda<\/a>, na Koridoru 10, kod <strong>Velike Plane<\/strong>.<\/p>\n<p>U jednom delu sela, u prelepom zelenom ambijentu,\u00a0nalazi se <strong>apartmansko naselje koga \u010dine adaptirane ku\u0107e iz 19. veka<\/strong>. Drugi deo etno sela je sportsko-rekreativnog tipa i sastoji se od malog <strong>akva parka<\/strong> (bazen za odrasle, bazen za decu sa atrakcijama i veliki tobogan) i <strong>restorana.<\/strong> Za sve posetioce obezbe\u0111en je i parking.<\/p>\n<p>Osam adaptiranih starih ku\u0107a obezbedi\u0107e gostima mir i u\u017eivanje i omogu\u0107iti im da upoznaju <strong>doma\u0107insko <a title=\"Gostoprimstvo u Srbiji\" href=\"http:\/\/www.serbia.com\/srpski\/gostoprimstvo-u-srbiji\/\">gostoprimstvo<\/a> srpskog sela.<\/strong><\/p>\n<p>Naselje za kona\u010di\u0161te \u010dine <strong>autohtone stare ku\u0107e skupljane po napu\u0161tenim selima Srbije<\/strong>, rasklopljene i ponovo sastavljene u \u201cMoravskim konacima\u201d. Enterijer ku\u0107a je prilago\u0111en modernom na\u010dinu \u017eivota i u rangu je hotelskog sme\u0161taja. Na sredini etno sela je <strong>restoran doma\u0107e kuhinje izgra\u0111en od drveta<\/strong>, a zgrada je podignuta u obliku duplog krsta i sme\u0161tena na samoj obali jezera veli\u010dine 1,5 hektar.<\/p>\n<p>Ljubazno osoblje odeveno u <a title=\"Narodna no\u0161nja, oznaka identiteta i pripadnosti\" href=\"http:\/\/www.serbia.com\/srpski\/narodna-nosnja-oznaka-identiteta-i-pripadnosti-2\/\">srpsku narodnu no\u0161nju<\/a> ponudi\u0107e vam prvenstveno <a title=\"Tradicionalna kuhinja\" href=\"http:\/\/www.serbia.com\/srpski\/o-srbiji\/tradicionalna-kuhinja\/\">nacionalna jela<\/a> koja su se nekada pripremala, ali i jela sa ro\u0161tilja, pe\u010denje, tek ume\u0161ene doma\u0107e poga\u010de, doma\u0107i sir i <a title=\"Kajmak, nezamenljivo dobar\" href=\"http:\/\/www.serbia.com\/srpski\/kajmak-nezamenljivo-dobar-3\/\">kajmak<\/a>. I naravno, sve vrste doma\u0107ih pi\u0107a.<\/p>\n<p>Od restorana do same obale jezera vode male kamene stepenice, a na dva od devet ostrva se nalaze <strong>poslasti\u010darnica<\/strong> i <strong>kafed\u017einica<\/strong> u kojima se slu\u017ee <strong>doma\u0107i slatki\u0161i i ru\u010dno pe\u010de i melje kafa<\/strong>, kako bi posetioci imali priliku da vide kako se to nekada radilo. Na obali jezera su i <strong>dve vodenice<\/strong> \u010dije klepetanje do\u010darava potpuni ambijent pro\u0161lih vremena.<\/p>\n<p>U jezeru je mogu\u0107 <strong>sportski ribolov<\/strong> i <strong>vo\u017enja drvenim \u010damcima<\/strong>. Poribljeno je kvalitetnom ribom (somom, \u0161aranom, tolstolobikom, babu\u0161kom, \u0161tukom), a zabele\u017eeno je da su, do sada, tu \u201chvatani\u201d primerci te\u0161ki i vi\u0161e od pet kilograma. Unutar sela nalazi se <strong>crkva Svetog Nikole sa zvonikom<\/strong>, u kojoj se redovno odr\u017eavaju liturgije, ven\u010danja i kr\u0161tenja.<\/p>\n<p>Za posetioce \u017eeljne \u0161etnje i u\u017eivanja u \u010distom vazduhu, napravljeno je i <strong>kameno \u0161etali\u0161te sa klupama za odmor du\u017e obale jezera<\/strong>. Od drugih aktivnosti, u ponudi su pesni\u010dke, guslarske, lova\u010dke i ribolova\u010dke ve\u010deri, promocije vina, pomoravskih prela, takmi\u010denja u spremanju gula\u0161a i paprika\u0161a.<\/p>\n<h4>Gde se nalazi etno selo Moravski konaci i kako do njega sti\u0107i?<\/h4>\n<p>Do etno sela Moravski konaci mo\u017eete do\u0107i sopstvenim prevozom ili autobusom.<\/p>\n<p>Ukoliko se odlu\u010dite da do\u0111ete automobilom do etno sela Moravski konaci najbr\u017ee \u0107ete sti\u0107i ukoliko krenete autoputem E-75 ka <a title=\"Ni\u0161\" href=\"http:\/\/www.serbia.com\/srpski\/posetite-srbiju\/gradovi\/nis\/\" target=\"_blank\">Ni\u0161u<\/a>, ukoliko dolazite iz Beograda.<\/p>\n<p>Putovanje autoputem \u0107e biti sasvim prijatno pogotovo jer putujete samo do Velike Plane \u2013 oko 100 kilometara od Beograda.<\/p>\n<p>Etno selo Moravski Konaci udaljeno je svega 2 kilometra od centra Velike Plane i nalazi se na regionalnom putu za Veliku Livadicu, odnosno \u017dabare.<\/p>\n<p>Ukoliko se odlu\u010dite za autobuski prevoz na raspolaganju su vam redovne linije iz Beograda sa Autobuske stanice Beograd do Velike Plane.<\/p>\n<p>Tako\u0111e, do etno sela Moravski konaci mogu\u0107e je sti\u0107i i iz pravca <a title=\"Smederevo, grad sa du\u0161om u tvr\u0111avi\" href=\"http:\/\/www.serbia.com\/srpski\/posetite-srbiju\/gradovi\/smederevo-grad-sa-dusom-u-tvrdavi\/\" target=\"_blank\">Smedereva<\/a>, Smederevske Palanke, <a href=\"http:\/\/www.serbia.com\/srpski\/24h-u-jagodini\/\" target=\"_blank\">Jagodine<\/a>, <a title=\"Kragujevac, zavi\u010daj moderne Srbije\" href=\"http:\/\/www.serbia.com\/srpski\/posetite-srbiju\/gradovi\/kragujevac-zavicaj-moderne-srbije\/\" target=\"_blank\">Kragujevca<\/a> i <a href=\"http:\/\/www.serbia.com\/srpski\/24-sata-u-arandelovcu\/\" target=\"_blank\">Aran\u0111elovca<\/a> budu\u0107i da se nalazi na samoj raskrsnici zna\u010dajnih regionalnih puteva.<\/p>\n<h4>Kada ste ve\u0107 ovde, ne propustite&#8230;<\/h4>\n<p>Da u\u017eivate u blagodetima netaknute prirode i doma\u0107inskoj atmosferi etno sela.<\/p>\n<p>Tek ume\u0161enu poga\u010du, doma\u0107i sir i kajmak, jela sa ro\u0161tilja i druge kulinarske \u0111akonije <a title=\"Tradicionalna kuhinja\" href=\"http:\/\/www.serbia.com\/srpski\/o-srbiji\/tradicionalna-kuhinja\/\"><strong>srpske tradicionalne kuhinje<\/strong><\/a> u restoranu doma\u0107e kuhinje koji \u0107e vas do\u010dekati s bogato pripremljenom trpezom.<\/p>\n<p>Ne propustite da posetite <strong>izvor mineralne vode Kiseljak.<\/strong><\/p>\n<p>A onda malo <a title=\"Istorija\" href=\"http:\/\/www.serbia.com\/srpski\/o-srbiji\/istorija\/\">istorije<\/a> &#8211; obavezno posetite <strong>sela Visevac i Radovanjski Lug<\/strong>, mesto ro\u0111enja ali i stradanja vo\u0111e Prvog srpskog ustanka protiv Osmanlija &#8211; <strong>\u0110or\u0111a Petrovi\u0107a Kara\u0111or\u0111a<\/strong>, i <strong>crkvu Pokajnicu iz 1818. godine<\/strong>, izgra\u0111enu od hrastovog drveta. Predanje ka\u017ee da je crkva napravljena zarad okajanja greha zbog ubistva Kara\u0111or\u0111a, a po nalogu tada\u0161njeg srpskog kneza Milo\u0161a Obrenovi\u0107a u narodu zapam\u0107enog kao nalagodavca ubistva svog kuma Kara\u0111or\u0111a.<\/p>\n<p>Foto: www.etnoselo.rs[ultimate_spacer height=&#8221;30&#8243;][dt_fancy_title title=&#8221;Povezani \u010dlanci&#8221; title_align=&#8221;left&#8221; title_size=&#8221;normal&#8221; title_color=&#8221;accent&#8221; el_width=&#8221;100&#8243; title_bg=&#8221;disabled&#8221; separator_color=&#8221;default&#8221;][ultimate_spacer height=&#8221;30&#8243; height_on_tabs=&#8221;&#8221; height_on_tabs_portrait=&#8221;&#8221; height_on_mob_landscape=&#8221;&#8221; height_on_mob=&#8221;&#8221;]<\/p>\n","protected":false},"excerpt":{"rendered":"<p>Deo etno sela Moravski konaci, izgra\u0111enog na jezeru sa ostrvcima koja su povezana drvenim mosti\u0107ima, \u010dine adaptirane stare ku\u0107e iz 19. veka. Etno selo Moravski konaci okru\u017eeno je jezerom sa [&hellip;]<\/p>\n","protected":false},"author":27,"featured_media":52868,"parent":20929,"menu_order":0,"comment_status":"closed","ping_status":"closed","template":"","meta":{"_acf_changed":false,"inline_featured_image":false,"_monsterinsights_skip_tracking":false,"_monsterinsights_sitenote_active":false,"_monsterinsights_sitenote_note":"","_monsterinsights_sitenote_category":0,"footnotes":""},"categories":[1673],"tags":[],"class_list":["post-32376","page","type-page","status-publish","has-post-thumbnail","hentry","category-etno-sela"],"acf":[],"yoast_head":"<!-- This site is optimized with the Yoast SEO plugin v23.8 - https:\/\/yoast.com\/wordpress\/plugins\/seo\/ -->\n<title>Moravski konaci, u\u017eivanje na ostrvcima - Serbia.com<\/title>\n<meta name=\"robots\" content=\"index, follow, max-snippet:-1, max-image-preview:large, max-video-preview:-1\" \/>\n<link rel=\"canonical\" href=\"https:\/\/serbia.com\/srpski\/posetite-srbiju\/prirodne-lepote\/etno-sela\/moravski-konaci-uzivanje-na-ostrvcima\/\" \/>\n<meta property=\"og:locale\" content=\"en_US\" \/>\n<meta property=\"og:type\" content=\"article\" \/>\n<meta property=\"og:title\" content=\"Moravski konaci, u\u017eivanje na ostrvcima - Serbia.com\" \/>\n<meta property=\"og:description\" content=\"Deo etno sela Moravski konaci, izgra\u0111enog na jezeru sa ostrvcima koja su povezana drvenim mosti\u0107ima, \u010dine adaptirane stare ku\u0107e iz 19. veka. Etno selo Moravski konaci okru\u017eeno je jezerom sa [&hellip;]\" \/>\n<meta property=\"og:url\" content=\"https:\/\/serbia.com\/srpski\/posetite-srbiju\/prirodne-lepote\/etno-sela\/moravski-konaci-uzivanje-na-ostrvcima\/\" \/>\n<meta property=\"og:site_name\" content=\"Serbia.com\" \/>\n<meta property=\"article:modified_time\" content=\"2016-02-25T15:15:05+00:00\" \/>\n<meta property=\"og:image\" content=\"https:\/\/serbia.com\/wp-content\/uploads\/2012\/11\/moravski-konaci.jpg\" \/>\n\t<meta property=\"og:image:width\" content=\"1593\" \/>\n\t<meta property=\"og:image:height\" content=\"888\" \/>\n\t<meta property=\"og:image:type\" content=\"image\/jpeg\" \/>\n<meta name=\"twitter:label1\" content=\"Est. reading time\" \/>\n\t<meta name=\"twitter:data1\" content=\"4 minutes\" \/>\n<script type=\"application\/ld+json\" class=\"yoast-schema-graph\">{\"@context\":\"https:\/\/schema.org\",\"@graph\":[{\"@type\":\"WebPage\",\"@id\":\"https:\/\/serbia.com\/srpski\/posetite-srbiju\/prirodne-lepote\/etno-sela\/moravski-konaci-uzivanje-na-ostrvcima\/\",\"url\":\"https:\/\/serbia.com\/srpski\/posetite-srbiju\/prirodne-lepote\/etno-sela\/moravski-konaci-uzivanje-na-ostrvcima\/\",\"name\":\"Moravski konaci, u\u017eivanje na ostrvcima - Serbia.com\",\"isPartOf\":{\"@id\":\"https:\/\/serbia.com\/#website\"},\"primaryImageOfPage\":{\"@id\":\"https:\/\/serbia.com\/srpski\/posetite-srbiju\/prirodne-lepote\/etno-sela\/moravski-konaci-uzivanje-na-ostrvcima\/#primaryimage\"},\"image\":{\"@id\":\"https:\/\/serbia.com\/srpski\/posetite-srbiju\/prirodne-lepote\/etno-sela\/moravski-konaci-uzivanje-na-ostrvcima\/#primaryimage\"},\"thumbnailUrl\":\"https:\/\/serbia.com\/wp-content\/uploads\/2012\/11\/moravski-konaci.jpg\",\"datePublished\":\"2015-05-20T10:39:19+00:00\",\"dateModified\":\"2016-02-25T15:15:05+00:00\",\"breadcrumb\":{\"@id\":\"https:\/\/serbia.com\/srpski\/posetite-srbiju\/prirodne-lepote\/etno-sela\/moravski-konaci-uzivanje-na-ostrvcima\/#breadcrumb\"},\"inLanguage\":\"srpski\",\"potentialAction\":[{\"@type\":\"ReadAction\",\"target\":[\"https:\/\/serbia.com\/srpski\/posetite-srbiju\/prirodne-lepote\/etno-sela\/moravski-konaci-uzivanje-na-ostrvcima\/\"]}]},{\"@type\":\"ImageObject\",\"inLanguage\":\"srpski\",\"@id\":\"https:\/\/serbia.com\/srpski\/posetite-srbiju\/prirodne-lepote\/etno-sela\/moravski-konaci-uzivanje-na-ostrvcima\/#primaryimage\",\"url\":\"https:\/\/serbia.com\/wp-content\/uploads\/2012\/11\/moravski-konaci.jpg\",\"contentUrl\":\"https:\/\/serbia.com\/wp-content\/uploads\/2012\/11\/moravski-konaci.jpg\",\"width\":1593,\"height\":888},{\"@type\":\"BreadcrumbList\",\"@id\":\"https:\/\/serbia.com\/srpski\/posetite-srbiju\/prirodne-lepote\/etno-sela\/moravski-konaci-uzivanje-na-ostrvcima\/#breadcrumb\",\"itemListElement\":[{\"@type\":\"ListItem\",\"position\":1,\"name\":\"Home\",\"item\":\"https:\/\/serbia.com\/srpski\/\"},{\"@type\":\"ListItem\",\"position\":2,\"name\":\"Poseti Srbiju\",\"item\":\"https:\/\/serbia.com\/srpski\/posetite-srbiju\/\"},{\"@type\":\"ListItem\",\"position\":3,\"name\":\"Prirodne lepote\",\"item\":\"https:\/\/serbia.com\/srpski\/posetite-srbiju\/prirodne-lepote\/\"},{\"@type\":\"ListItem\",\"position\":4,\"name\":\"Etno sela\",\"item\":\"https:\/\/serbia.com\/srpski\/posetite-srbiju\/prirodne-lepote\/etno-sela\/\"},{\"@type\":\"ListItem\",\"position\":5,\"name\":\"Moravski konaci, u\u017eivanje na ostrvcima\"}]},{\"@type\":\"WebSite\",\"@id\":\"https:\/\/serbia.com\/#website\",\"url\":\"https:\/\/serbia.com\/\",\"name\":\"Serbia.com\",\"description\":\"Your Gateway to Serbia\",\"potentialAction\":[{\"@type\":\"SearchAction\",\"target\":{\"@type\":\"EntryPoint\",\"urlTemplate\":\"https:\/\/serbia.com\/?s={search_term_string}\"},\"query-input\":{\"@type\":\"PropertyValueSpecification\",\"valueRequired\":true,\"valueName\":\"search_term_string\"}}],\"inLanguage\":\"srpski\"}]}<\/script>\n<!-- \/ Yoast SEO plugin. -->","yoast_head_json":{"title":"Moravski konaci, u\u017eivanje na ostrvcima - Serbia.com","robots":{"index":"index","follow":"follow","max-snippet":"max-snippet:-1","max-image-preview":"max-image-preview:large","max-video-preview":"max-video-preview:-1"},"canonical":"https:\/\/serbia.com\/srpski\/posetite-srbiju\/prirodne-lepote\/etno-sela\/moravski-konaci-uzivanje-na-ostrvcima\/","og_locale":"en_US","og_type":"article","og_title":"Moravski konaci, u\u017eivanje na ostrvcima - Serbia.com","og_description":"Deo etno sela Moravski konaci, izgra\u0111enog na jezeru sa ostrvcima koja su povezana drvenim mosti\u0107ima, \u010dine adaptirane stare ku\u0107e iz 19. veka. Etno selo Moravski konaci okru\u017eeno je jezerom sa [&hellip;]","og_url":"https:\/\/serbia.com\/srpski\/posetite-srbiju\/prirodne-lepote\/etno-sela\/moravski-konaci-uzivanje-na-ostrvcima\/","og_site_name":"Serbia.com","article_modified_time":"2016-02-25T15:15:05+00:00","og_image":[{"width":1593,"height":888,"url":"https:\/\/serbia.com\/wp-content\/uploads\/2012\/11\/moravski-konaci.jpg","type":"image\/jpeg"}],"twitter_misc":{"Est. reading time":"4 minutes"},"schema":{"@context":"https:\/\/schema.org","@graph":[{"@type":"WebPage","@id":"https:\/\/serbia.com\/srpski\/posetite-srbiju\/prirodne-lepote\/etno-sela\/moravski-konaci-uzivanje-na-ostrvcima\/","url":"https:\/\/serbia.com\/srpski\/posetite-srbiju\/prirodne-lepote\/etno-sela\/moravski-konaci-uzivanje-na-ostrvcima\/","name":"Moravski konaci, u\u017eivanje na ostrvcima - Serbia.com","isPartOf":{"@id":"https:\/\/serbia.com\/#website"},"primaryImageOfPage":{"@id":"https:\/\/serbia.com\/srpski\/posetite-srbiju\/prirodne-lepote\/etno-sela\/moravski-konaci-uzivanje-na-ostrvcima\/#primaryimage"},"image":{"@id":"https:\/\/serbia.com\/srpski\/posetite-srbiju\/prirodne-lepote\/etno-sela\/moravski-konaci-uzivanje-na-ostrvcima\/#primaryimage"},"thumbnailUrl":"https:\/\/serbia.com\/wp-content\/uploads\/2012\/11\/moravski-konaci.jpg","datePublished":"2015-05-20T10:39:19+00:00","dateModified":"2016-02-25T15:15:05+00:00","breadcrumb":{"@id":"https:\/\/serbia.com\/srpski\/posetite-srbiju\/prirodne-lepote\/etno-sela\/moravski-konaci-uzivanje-na-ostrvcima\/#breadcrumb"},"inLanguage":"srpski","potentialAction":[{"@type":"ReadAction","target":["https:\/\/serbia.com\/srpski\/posetite-srbiju\/prirodne-lepote\/etno-sela\/moravski-konaci-uzivanje-na-ostrvcima\/"]}]},{"@type":"ImageObject","inLanguage":"srpski","@id":"https:\/\/serbia.com\/srpski\/posetite-srbiju\/prirodne-lepote\/etno-sela\/moravski-konaci-uzivanje-na-ostrvcima\/#primaryimage","url":"https:\/\/serbia.com\/wp-content\/uploads\/2012\/11\/moravski-konaci.jpg","contentUrl":"https:\/\/serbia.com\/wp-content\/uploads\/2012\/11\/moravski-konaci.jpg","width":1593,"height":888},{"@type":"BreadcrumbList","@id":"https:\/\/serbia.com\/srpski\/posetite-srbiju\/prirodne-lepote\/etno-sela\/moravski-konaci-uzivanje-na-ostrvcima\/#breadcrumb","itemListElement":[{"@type":"ListItem","position":1,"name":"Home","item":"https:\/\/serbia.com\/srpski\/"},{"@type":"ListItem","position":2,"name":"Poseti Srbiju","item":"https:\/\/serbia.com\/srpski\/posetite-srbiju\/"},{"@type":"ListItem","position":3,"name":"Prirodne lepote","item":"https:\/\/serbia.com\/srpski\/posetite-srbiju\/prirodne-lepote\/"},{"@type":"ListItem","position":4,"name":"Etno sela","item":"https:\/\/serbia.com\/srpski\/posetite-srbiju\/prirodne-lepote\/etno-sela\/"},{"@type":"ListItem","position":5,"name":"Moravski konaci, u\u017eivanje na ostrvcima"}]},{"@type":"WebSite","@id":"https:\/\/serbia.com\/#website","url":"https:\/\/serbia.com\/","name":"Serbia.com","description":"Your Gateway to Serbia","potentialAction":[{"@type":"SearchAction","target":{"@type":"EntryPoint","urlTemplate":"https:\/\/serbia.com\/?s={search_term_string}"},"query-input":{"@type":"PropertyValueSpecification","valueRequired":true,"valueName":"search_term_string"}}],"inLanguage":"srpski"}]}},"_links":{"self":[{"href":"https:\/\/serbia.com\/srpski\/wp-json\/wp\/v2\/pages\/32376"}],"collection":[{"href":"https:\/\/serbia.com\/srpski\/wp-json\/wp\/v2\/pages"}],"about":[{"href":"https:\/\/serbia.com\/srpski\/wp-json\/wp\/v2\/types\/page"}],"author":[{"embeddable":true,"href":"https:\/\/serbia.com\/srpski\/wp-json\/wp\/v2\/users\/27"}],"replies":[{"embeddable":true,"href":"https:\/\/serbia.com\/srpski\/wp-json\/wp\/v2\/comments?post=32376"}],"version-history":[{"count":0,"href":"https:\/\/serbia.com\/srpski\/wp-json\/wp\/v2\/pages\/32376\/revisions"}],"up":[{"embeddable":true,"href":"https:\/\/serbia.com\/srpski\/wp-json\/wp\/v2\/pages\/20929"}],"wp:featuredmedia":[{"embeddable":true,"href":"https:\/\/serbia.com\/srpski\/wp-json\/wp\/v2\/media\/52868"}],"wp:attachment":[{"href":"https:\/\/serbia.com\/srpski\/wp-json\/wp\/v2\/media?parent=32376"}],"wp:term":[{"taxonomy":"category","embeddable":true,"href":"https:\/\/serbia.com\/srpski\/wp-json\/wp\/v2\/categories?post=32376"},{"taxonomy":"post_tag","embeddable":true,"href":"https:\/\/serbia.com\/srpski\/wp-json\/wp\/v2\/tags?post=32376"}],"curies":[{"name":"wp","href":"https:\/\/api.w.org\/{rel}","templated":true}]}}