{"id":32353,"date":"2015-05-19T16:02:16","date_gmt":"2015-05-19T14:02:16","guid":{"rendered":"http:\/\/www.serbia.com\/?page_id=32353"},"modified":"2016-02-25T16:40:44","modified_gmt":"2016-02-25T15:40:44","slug":"terzica-avlija-etno-muzej-na-otvorenom","status":"publish","type":"page","link":"https:\/\/serbia.com\/srpski\/posetite-srbiju\/prirodne-lepote\/etno-sela\/terzica-avlija-etno-muzej-na-otvorenom\/","title":{"rendered":"Terzi\u0107a avlija, etno muzej na otvorenom"},"content":{"rendered":"<h4>U etno selu Terzi\u0107a avlija mo\u017eete posetiti muzej srpske istorije i etno nasle\u0111a na otvorenom, nau\u010diti da pravite \u010duvenu grn\u010dariju iz Zlakuse, probate tradicionalne specijalitete i odmorite se u modernim apartmanima u divnom prirodnom okru\u017eenju.<\/h4>\n<p><strong>Srpski vojnik u uniformi iz perioda balkanskih ratova u opancima<\/strong>, isklesan od stabla jasenovog drveta, kao i <strong>zlakuski grn\u010dar izra\u0111en od orahovog drveta<\/strong>, oba u prirodnoj veli\u010dini, <strong>za\u0161titni su znak <a title=\"Etno sela\" href=\"http:\/\/www.serbia.com\/srpski\/posetite-srbiju\/prirodne-lepote\/etno-sela\/\" target=\"_blank\">etno sela<\/a> Terzi\u0107a avlija u selu Zlakusa<\/strong>, na 185 kilometara od <a title=\"Beograd\" href=\"http:\/\/www.serbia.com\/srpski\/posetite-srbiju\/gradovi\/beograd\/\" target=\"_blank\">Beograda<\/a>.<\/p>\n<p>To etno selo predstavlja <strong>muzej na otvorenom i u zatvorenom, tipi\u010dnog seoskog doma\u0107instva iz okoline <a href=\"http:\/\/www.serbia.com\/srpski\/24-sata-u-uzicu\/\" target=\"_blank\">U\u017eica<\/a> sa kraja 19. i po\u010detka 20. veka<\/strong>. Sme\u0161teno je nedaleko od centra sela, na jednom bre\u017euljku, odmah ispod bukove \u0161ume.<\/p>\n<p>&#8220;Terzi\u0107a avlija&#8221; predstavlja nekada\u0161nje tipi\u010dno seosko dvori\u0161te koje se sastoji od <strong>dve stare srpske ku\u0107e<\/strong> (jedna je <strong>stara 100 godina<\/strong> i gra\u0111ena je od nepe\u010dene cigle, sa krovom na \u010detiri vode, pokrivenim starim biber crepom). U jednoj se odvijao svakodnevni porodi\u010dni \u017eivot, a druga se koristila kao gostinska ku\u0107a i ku\u0107a u kojoj su se primali i poslu\u017eivali gosti za <a title=\"Krsna slava kao \u010duvar srpskog identiteta\" href=\"http:\/\/www.serbia.com\/srpski\/krsna-slava-kao-cuvar-srpskog-identiteta\/\">slavu<\/a> i sli\u010dne prilike.<\/p>\n<p><img loading=\"lazy\" decoding=\"async\" class=\"aligncenter wp-image-32351 size-full\" src=\"http:\/\/www.serbia.com\/wp-content\/uploads\/2015\/05\/terzica4.jpg\" alt=\"terzica4\" width=\"800\" height=\"557\" srcset=\"https:\/\/serbia.com\/wp-content\/uploads\/2015\/05\/terzica4.jpg 800w, https:\/\/serbia.com\/wp-content\/uploads\/2015\/05\/terzica4-300x209.jpg 300w\" sizes=\"(max-width: 800px) 100vw, 800px\" \/><\/p>\n<p>Ove dve stare ku\u0107e, <strong>izgra\u0111ene 1907. i 1925. godine, pretvorene su u muzejski prostor i u njima je izlo\u017eena bogata zbirka eksponata iz razli\u010ditih perioda<\/strong>: po\u010dev od doba Rimljana, vremena turske vlasti, balkanskih ratova, Kne\u017eevine i Kraljevine Jugoslavije, pa sve do poslednje Jugoslavije. Ispred ovih ku\u0107a tako\u0111e su izlo\u017eeni brojni eksponati.<\/p>\n<p>U ugostitljskom delu &#8220;Terzi\u0107a avlije&#8221; nalazi se <strong>letnja ba\u0161ta<\/strong> za goste u autenti\u010dnom slikovitom seoskom ambijentu, <strong>kr\u010dma<\/strong> sa 50 mesta i <strong>\u0161ank u avliji u kojoj \u017eubori poto\u010di\u0107 sa slapovima<\/strong>, <strong>manje jezerce<\/strong>, <strong>bunar<\/strong> dubok 12 metara sa hladnom bukovom vodom, mlekar, \u0161upa, sala\u0161, letnja pozornica, prodavnica suvenira, kao i baza za planinare.<\/p>\n<p>&#8220;Terzi\u0107a avlija&#8221; raspola\u017ee i sa dva apartmana sa \u010detiri zvezdice\u00a0(oba sa sertifikatom ECEATA).<\/p>\n<p>Jedan apartman je u modernom stilu (klima, kablovska TV, centralno grejanje) i sastoji se od prostranog dnevnog boravka, spava\u0107e sobe, lo\u0111e sa svetlarnikom, \u010dajne kuhinje, balkona, kupatila sa tu\u0161 kabinom.<\/p>\n<p>Drugi je ra\u0111en po uzoru na narodno graditeljstvo (polubrvnara-polu\u010datmara) i opremljen je u etno stilu \u2013 dnevni boravak je napravljen od brvana, a ima i spva\u0107u i de\u010diju sobu, trem i kupatilo sa tu\u0161 kabinom.<\/p>\n<p>Pored ovoga, omogu\u0107en je sme\u0161taj za planinare u brvnari sa krevetima sa slamaricama, u sopstvenom ili u iznajmljenom \u0161atoru iz etno parka. Tako\u0111e, u bli\u017eem okru\u017eenju na raspolaganju je jo\u0161 50 le\u017eajeva u drugim doma\u0107instvima.<\/p>\n<p>Pored obilaska muzejskog dela etno parka Terzi\u0107a avlija, njegovi posetioci mogu da probaju <strong>doma\u0107e sokove<\/strong> i <a title=\"Tradicionalna kuhinja\" href=\"http:\/\/www.serbia.com\/srpski\/o-srbiji\/tradicionalna-kuhinja\/\"><strong>specijalitete tradicionalne kuhinje<\/strong><\/a> spremane u \u010duvenom <a title=\"Zlakuska lon\u010darija kao \u010duvar srpskog identiteta\" href=\"http:\/\/www.serbia.com\/srpski\/o-srbiji\/kultura\/nematerijalno-kulturno-nasledje-srbije\/nematerijalno-kulturno-naslede-kao-cuvar-srpskog-identiteta\/zlakuska-loncarija-kao-cuvar-srpskog-identiteta\/\" target=\"_blank\"><strong>zemljanom posu\u0111u iz Zlakuse<\/strong><\/a>, ili da svoj boravak ovde oplemene\u00a0poku\u0161ajem izrade zemljanog posu\u0111a na ru\u010dnom vitlu, te \u0161kolama grn\u010darije i <a title=\"Folklor, vekovna narodna umetnost\" href=\"http:\/\/www.serbia.com\/srpski\/folklor-vekovna-narodna-umetnost-2\/\">folklora<\/a>.<\/p>\n<h4>Gde se nalazi Terzi\u0107a avlija i kako do nje do\u0107i?<\/h4>\n<p>\u010cini se da svi putevi vode u zlatiborski kraj.<\/p>\n<p>Na svega 185 kilometara od glavnog grada na pola puta izme\u0111u <strong><a href=\"http:\/\/www.serbia.com\/srpski\/pozega-grad-sa-jednim-od-najneobicnijih-trgova-u-evropi\/\" target=\"_blank\">Po\u017eege<\/a><\/strong> i <strong><a href=\"http:\/\/www.serbia.com\/srpski\/24-sata-u-uzicu\/\" target=\"_blank\">U\u017eica<\/a><\/strong> le\u017ei selo Zlakusa i etno raj Terzi\u0107a avlija.<\/p>\n<p>Ukoliko dolazite sopstvenim prevozom na raspolaganju su vam putni pravci iz U\u017eica, Gornjeg Milanovca, Ivanjice i sa Zlatibora.<\/p>\n<p>Ukoliko dolazite iz Beograda najbr\u017ee \u0107ete sti\u0107i ukoliko idete preko Lazarevca a zatim <a title=\"Valjevo, grad sa dve \u010dar\u0161ije\" href=\"http:\/\/www.serbia.com\/srpski\/posetite-srbiju\/gradovi\/valjevo-grad-sa-dve-carsije\/\" target=\"_blank\">Valjeva<\/a> ili ne\u0161to du\u017eim putem preko Gornjeg Milanovca i <a title=\"\u010ca\u010dak, grad u pokretu\" href=\"http:\/\/www.serbia.com\/srpski\/posetite-srbiju\/gradovi\/cacak-grad-u-pokretu\/\" target=\"_blank\">\u010ca\u010dka<\/a>.<\/p>\n<p>Ako pak kre\u0107ete vozom ili autobusom potrebno je samo proveriti ta\u010dan polazak budu\u0107i da postoje redovne autobuske i \u017eelezni\u010dke linije iz Beograda do U\u017eica, odakle \u0107ete put nastaviti lokalnim autobusom. U\u017eice se nalazi na pruzi Beograd \u2013 Bar.<\/p>\n<h4>Kad ste ve\u0107 ovde, ne propustite&#8230;<\/h4>\n<p>&#8230;<strong>\u0161etnju<\/strong> ili <a title=\"Biciklizam: mali napor za veliki u\u017eitak\" href=\"http:\/\/www.serbia.com\/srpski\/posetite-srbiju\/provedi-se\/rekreacija\/biciklizam-mali-napor-za-veliki-uzitak\/\" target=\"_blank\"><strong>vo\u017enju biciklom<\/strong><\/a> po markiranim stazama koje spajaju etno selo Terzi\u0107a avlija sa <a title=\"Potpe\u0107ka pe\u0107ina, remek delo reka ponornica\" href=\"http:\/\/www.serbia.com\/srpski\/posetite-srbiju\/prirodne-lepote\/pecine\/potpecka-pecina-remek-delo-reka-ponornica\/\" target=\"_blank\"><strong>Potpe\u0107kom pe\u0107inom<\/strong><\/a>, vodopadima, starim vodenicama, ribnjacima i ribljim restoranima na re\u010dici <strong>Petnici<\/strong>, <strong>vrhom Gradina<\/strong> na kome je spomenik u obliku kamene piramide iz Drugog svetskog rata, vododelnicom na kojoj se nalazi nekoliko lepih vidikovaca sa kojih se pru\u017eaju pogledi na vrhove <a title=\"Zlatibor, ukras na 1.000 metara visine\" href=\"http:\/\/www.serbia.com\/srpski\/posetite-srbiju\/prirodne-lepote\/planine\/zlatibor-ukras-na-1-000-metara-visine\/\" target=\"_blank\"><strong>Zlatibora<\/strong><\/a>, <strong><a href=\"http:\/\/www.serbia.com\/srpski\/ovcarsko-kablarska-klisura-srpska-sveta-gora\/\" target=\"_blank\">Ov\u010dara i Kablara<\/a><\/strong>, <strong>Mu\u010dnja<\/strong>, <strong><a href=\"http:\/\/www.serbia.com\/srpski\/planina-golija-nestvarno-sumsko-carstvo\/\" target=\"_blank\">Golije<\/a><\/strong>, <strong>Jadovnika<\/strong>, <strong>Jelove Gore<\/strong>, <strong>doline Rzava<\/strong>&#8230;<\/p>\n<p>&#8230;<a title=\"Paraglajding: tako blizu sna o letenju\" href=\"http:\/\/www.serbia.com\/srpski\/posetite-srbiju\/provedi-se\/ekstremni-sport\/paraglajding-tako-blizu-sna-o-letenju\/\" target=\"_blank\"><strong>paraglajding<\/strong><\/a> iznad obronaka obli\u017enjih planina, kupanje u Rzavu, naj\u010distijoj reci u zapadnoj Srbiji, posetu <strong>manastirskoj crkvi iz 13. veka u selu Godovik<\/strong> ili <strong>rimskom kamenom mostu na re\u010dici Derventi<\/strong>.<\/p>\n<p>Etno selo Terzi\u0107a avlija je pogodna baza iz koje se mogu obilaziti Zlatibor, muzej u selu <strong>Sirogojno<\/strong>, etno selo\u00a0<a title=\"\u010carobno selo Drvengrad\" href=\"http:\/\/www.serbia.com\/srpski\/posetite-srbiju\/prirodne-lepote\/etno-sela\/carobno-selo-drvengrad\/\" target=\"_blank\"><strong>Drvengrad<\/strong><\/a>\u00a0<a title=\"Emir Kusturica, umetnik, graditelj i antiglobalista\" href=\"http:\/\/www.serbia.com\/srpski\/emir-kusturica-umetnik-graditelj-i-antiglobalista-2\/\">Emira Kusturice<\/a>\u00a0i <strong><a href=\"http:\/\/www.serbia.com\/srpski\/sarganska-osmica-romanticna-voznja-kroz-proslost\/\" target=\"_blank\">\u0160arganska osmica<\/a><\/strong> u parku prirode <a title=\"Mokra Gora, inspiracija umetnosti i stvarala\u0161tva\" href=\"http:\/\/www.serbia.com\/srpski\/posetite-srbiju\/prirodne-lepote\/planine\/mokra-gora-inspiracija-umetnosti-i-stvaralastva\/\" target=\"_blank\"><strong>Mokra Gora<\/strong><\/a>, <strong>manastir Ra\u010da<\/strong>, <strong>spomen park Kadinja\u010da<\/strong>, <strong>crkva brvnara u U\u017eicu<\/strong>, <strong>Bela crkva u selu Karan<\/strong>, <strong>manastiri u Ov\u010darsko-kablarskoj klisuri<\/strong>, <strong>Div\u010dibare<\/strong>, <a title=\"Gu\u010da, festival trube i dobrog provoda\" href=\"http:\/\/www.serbia.com\/srpski\/posetite-srbiju\/kulturne-atrakcije\/festivali-i-manifestacije\/guca-festival-trube-i-dobrog-provoda\/\" target=\"_blank\"><strong>Sabor truba\u010da u Gu\u010di<\/strong><\/a>&#8230;<\/p>\n<p>foto: www.zlakusa.com[ultimate_spacer height=&#8221;30&#8243;][dt_fancy_title title=&#8221;Povezani \u010dlanci&#8221; title_align=&#8221;left&#8221; title_size=&#8221;normal&#8221; title_color=&#8221;accent&#8221; el_width=&#8221;100&#8243; title_bg=&#8221;disabled&#8221; separator_color=&#8221;default&#8221;][ultimate_spacer height=&#8221;30&#8243; height_on_tabs=&#8221;&#8221; height_on_tabs_portrait=&#8221;&#8221; height_on_mob_landscape=&#8221;&#8221; height_on_mob=&#8221;&#8221;]<\/p>\n","protected":false},"excerpt":{"rendered":"<p>U etno selu Terzi\u0107a avlija mo\u017eete posetiti muzej srpske istorije i etno nasle\u0111a na otvorenom, nau\u010diti da pravite \u010duvenu grn\u010dariju iz Zlakuse, probate tradicionalne specijalitete i odmorite se u modernim [&hellip;]<\/p>\n","protected":false},"author":27,"featured_media":32340,"parent":20929,"menu_order":0,"comment_status":"closed","ping_status":"closed","template":"","meta":{"_acf_changed":false,"inline_featured_image":false,"_monsterinsights_skip_tracking":false,"_monsterinsights_sitenote_active":false,"_monsterinsights_sitenote_note":"","_monsterinsights_sitenote_category":0,"footnotes":""},"categories":[1673],"tags":[],"class_list":["post-32353","page","type-page","status-publish","has-post-thumbnail","hentry","category-etno-sela"],"acf":[],"yoast_head":"<!-- This site is optimized with the Yoast SEO plugin v23.8 - https:\/\/yoast.com\/wordpress\/plugins\/seo\/ -->\n<title>Terzi\u0107a avlija, etno muzej na otvorenom - Serbia.com<\/title>\n<meta name=\"robots\" content=\"index, follow, max-snippet:-1, max-image-preview:large, max-video-preview:-1\" \/>\n<link rel=\"canonical\" href=\"https:\/\/serbia.com\/srpski\/posetite-srbiju\/prirodne-lepote\/etno-sela\/terzica-avlija-etno-muzej-na-otvorenom\/\" \/>\n<meta property=\"og:locale\" content=\"en_US\" \/>\n<meta property=\"og:type\" content=\"article\" \/>\n<meta property=\"og:title\" content=\"Terzi\u0107a avlija, etno muzej na otvorenom - Serbia.com\" \/>\n<meta property=\"og:description\" content=\"U etno selu Terzi\u0107a avlija mo\u017eete posetiti muzej srpske istorije i etno nasle\u0111a na otvorenom, nau\u010diti da pravite \u010duvenu grn\u010dariju iz Zlakuse, probate tradicionalne specijalitete i odmorite se u modernim [&hellip;]\" \/>\n<meta property=\"og:url\" content=\"https:\/\/serbia.com\/srpski\/posetite-srbiju\/prirodne-lepote\/etno-sela\/terzica-avlija-etno-muzej-na-otvorenom\/\" \/>\n<meta property=\"og:site_name\" content=\"Serbia.com\" \/>\n<meta property=\"article:modified_time\" content=\"2016-02-25T15:40:44+00:00\" \/>\n<meta property=\"og:image\" content=\"https:\/\/serbia.com\/wp-content\/uploads\/2015\/05\/terzica111.jpg\" \/>\n\t<meta property=\"og:image:width\" content=\"1600\" \/>\n\t<meta property=\"og:image:height\" content=\"884\" \/>\n\t<meta property=\"og:image:type\" content=\"image\/jpeg\" \/>\n<meta name=\"twitter:label1\" content=\"Est. reading time\" \/>\n\t<meta name=\"twitter:data1\" content=\"4 minutes\" \/>\n<script type=\"application\/ld+json\" class=\"yoast-schema-graph\">{\"@context\":\"https:\/\/schema.org\",\"@graph\":[{\"@type\":\"WebPage\",\"@id\":\"https:\/\/serbia.com\/srpski\/posetite-srbiju\/prirodne-lepote\/etno-sela\/terzica-avlija-etno-muzej-na-otvorenom\/\",\"url\":\"https:\/\/serbia.com\/srpski\/posetite-srbiju\/prirodne-lepote\/etno-sela\/terzica-avlija-etno-muzej-na-otvorenom\/\",\"name\":\"Terzi\u0107a avlija, etno muzej na otvorenom - Serbia.com\",\"isPartOf\":{\"@id\":\"https:\/\/serbia.com\/#website\"},\"primaryImageOfPage\":{\"@id\":\"https:\/\/serbia.com\/srpski\/posetite-srbiju\/prirodne-lepote\/etno-sela\/terzica-avlija-etno-muzej-na-otvorenom\/#primaryimage\"},\"image\":{\"@id\":\"https:\/\/serbia.com\/srpski\/posetite-srbiju\/prirodne-lepote\/etno-sela\/terzica-avlija-etno-muzej-na-otvorenom\/#primaryimage\"},\"thumbnailUrl\":\"https:\/\/serbia.com\/wp-content\/uploads\/2015\/05\/terzica111.jpg\",\"datePublished\":\"2015-05-19T14:02:16+00:00\",\"dateModified\":\"2016-02-25T15:40:44+00:00\",\"breadcrumb\":{\"@id\":\"https:\/\/serbia.com\/srpski\/posetite-srbiju\/prirodne-lepote\/etno-sela\/terzica-avlija-etno-muzej-na-otvorenom\/#breadcrumb\"},\"inLanguage\":\"srpski\",\"potentialAction\":[{\"@type\":\"ReadAction\",\"target\":[\"https:\/\/serbia.com\/srpski\/posetite-srbiju\/prirodne-lepote\/etno-sela\/terzica-avlija-etno-muzej-na-otvorenom\/\"]}]},{\"@type\":\"ImageObject\",\"inLanguage\":\"srpski\",\"@id\":\"https:\/\/serbia.com\/srpski\/posetite-srbiju\/prirodne-lepote\/etno-sela\/terzica-avlija-etno-muzej-na-otvorenom\/#primaryimage\",\"url\":\"https:\/\/serbia.com\/wp-content\/uploads\/2015\/05\/terzica111.jpg\",\"contentUrl\":\"https:\/\/serbia.com\/wp-content\/uploads\/2015\/05\/terzica111.jpg\",\"width\":1600,\"height\":884},{\"@type\":\"BreadcrumbList\",\"@id\":\"https:\/\/serbia.com\/srpski\/posetite-srbiju\/prirodne-lepote\/etno-sela\/terzica-avlija-etno-muzej-na-otvorenom\/#breadcrumb\",\"itemListElement\":[{\"@type\":\"ListItem\",\"position\":1,\"name\":\"Home\",\"item\":\"https:\/\/serbia.com\/srpski\/\"},{\"@type\":\"ListItem\",\"position\":2,\"name\":\"Poseti Srbiju\",\"item\":\"https:\/\/serbia.com\/srpski\/posetite-srbiju\/\"},{\"@type\":\"ListItem\",\"position\":3,\"name\":\"Prirodne lepote\",\"item\":\"https:\/\/serbia.com\/srpski\/posetite-srbiju\/prirodne-lepote\/\"},{\"@type\":\"ListItem\",\"position\":4,\"name\":\"Etno sela\",\"item\":\"https:\/\/serbia.com\/srpski\/posetite-srbiju\/prirodne-lepote\/etno-sela\/\"},{\"@type\":\"ListItem\",\"position\":5,\"name\":\"Terzi\u0107a avlija, etno muzej na otvorenom\"}]},{\"@type\":\"WebSite\",\"@id\":\"https:\/\/serbia.com\/#website\",\"url\":\"https:\/\/serbia.com\/\",\"name\":\"Serbia.com\",\"description\":\"Your Gateway to Serbia\",\"potentialAction\":[{\"@type\":\"SearchAction\",\"target\":{\"@type\":\"EntryPoint\",\"urlTemplate\":\"https:\/\/serbia.com\/?s={search_term_string}\"},\"query-input\":{\"@type\":\"PropertyValueSpecification\",\"valueRequired\":true,\"valueName\":\"search_term_string\"}}],\"inLanguage\":\"srpski\"}]}<\/script>\n<!-- \/ Yoast SEO plugin. -->","yoast_head_json":{"title":"Terzi\u0107a avlija, etno muzej na otvorenom - Serbia.com","robots":{"index":"index","follow":"follow","max-snippet":"max-snippet:-1","max-image-preview":"max-image-preview:large","max-video-preview":"max-video-preview:-1"},"canonical":"https:\/\/serbia.com\/srpski\/posetite-srbiju\/prirodne-lepote\/etno-sela\/terzica-avlija-etno-muzej-na-otvorenom\/","og_locale":"en_US","og_type":"article","og_title":"Terzi\u0107a avlija, etno muzej na otvorenom - Serbia.com","og_description":"U etno selu Terzi\u0107a avlija mo\u017eete posetiti muzej srpske istorije i etno nasle\u0111a na otvorenom, nau\u010diti da pravite \u010duvenu grn\u010dariju iz Zlakuse, probate tradicionalne specijalitete i odmorite se u modernim [&hellip;]","og_url":"https:\/\/serbia.com\/srpski\/posetite-srbiju\/prirodne-lepote\/etno-sela\/terzica-avlija-etno-muzej-na-otvorenom\/","og_site_name":"Serbia.com","article_modified_time":"2016-02-25T15:40:44+00:00","og_image":[{"width":1600,"height":884,"url":"https:\/\/serbia.com\/wp-content\/uploads\/2015\/05\/terzica111.jpg","type":"image\/jpeg"}],"twitter_misc":{"Est. reading time":"4 minutes"},"schema":{"@context":"https:\/\/schema.org","@graph":[{"@type":"WebPage","@id":"https:\/\/serbia.com\/srpski\/posetite-srbiju\/prirodne-lepote\/etno-sela\/terzica-avlija-etno-muzej-na-otvorenom\/","url":"https:\/\/serbia.com\/srpski\/posetite-srbiju\/prirodne-lepote\/etno-sela\/terzica-avlija-etno-muzej-na-otvorenom\/","name":"Terzi\u0107a avlija, etno muzej na otvorenom - Serbia.com","isPartOf":{"@id":"https:\/\/serbia.com\/#website"},"primaryImageOfPage":{"@id":"https:\/\/serbia.com\/srpski\/posetite-srbiju\/prirodne-lepote\/etno-sela\/terzica-avlija-etno-muzej-na-otvorenom\/#primaryimage"},"image":{"@id":"https:\/\/serbia.com\/srpski\/posetite-srbiju\/prirodne-lepote\/etno-sela\/terzica-avlija-etno-muzej-na-otvorenom\/#primaryimage"},"thumbnailUrl":"https:\/\/serbia.com\/wp-content\/uploads\/2015\/05\/terzica111.jpg","datePublished":"2015-05-19T14:02:16+00:00","dateModified":"2016-02-25T15:40:44+00:00","breadcrumb":{"@id":"https:\/\/serbia.com\/srpski\/posetite-srbiju\/prirodne-lepote\/etno-sela\/terzica-avlija-etno-muzej-na-otvorenom\/#breadcrumb"},"inLanguage":"srpski","potentialAction":[{"@type":"ReadAction","target":["https:\/\/serbia.com\/srpski\/posetite-srbiju\/prirodne-lepote\/etno-sela\/terzica-avlija-etno-muzej-na-otvorenom\/"]}]},{"@type":"ImageObject","inLanguage":"srpski","@id":"https:\/\/serbia.com\/srpski\/posetite-srbiju\/prirodne-lepote\/etno-sela\/terzica-avlija-etno-muzej-na-otvorenom\/#primaryimage","url":"https:\/\/serbia.com\/wp-content\/uploads\/2015\/05\/terzica111.jpg","contentUrl":"https:\/\/serbia.com\/wp-content\/uploads\/2015\/05\/terzica111.jpg","width":1600,"height":884},{"@type":"BreadcrumbList","@id":"https:\/\/serbia.com\/srpski\/posetite-srbiju\/prirodne-lepote\/etno-sela\/terzica-avlija-etno-muzej-na-otvorenom\/#breadcrumb","itemListElement":[{"@type":"ListItem","position":1,"name":"Home","item":"https:\/\/serbia.com\/srpski\/"},{"@type":"ListItem","position":2,"name":"Poseti Srbiju","item":"https:\/\/serbia.com\/srpski\/posetite-srbiju\/"},{"@type":"ListItem","position":3,"name":"Prirodne lepote","item":"https:\/\/serbia.com\/srpski\/posetite-srbiju\/prirodne-lepote\/"},{"@type":"ListItem","position":4,"name":"Etno sela","item":"https:\/\/serbia.com\/srpski\/posetite-srbiju\/prirodne-lepote\/etno-sela\/"},{"@type":"ListItem","position":5,"name":"Terzi\u0107a avlija, etno muzej na otvorenom"}]},{"@type":"WebSite","@id":"https:\/\/serbia.com\/#website","url":"https:\/\/serbia.com\/","name":"Serbia.com","description":"Your Gateway to Serbia","potentialAction":[{"@type":"SearchAction","target":{"@type":"EntryPoint","urlTemplate":"https:\/\/serbia.com\/?s={search_term_string}"},"query-input":{"@type":"PropertyValueSpecification","valueRequired":true,"valueName":"search_term_string"}}],"inLanguage":"srpski"}]}},"_links":{"self":[{"href":"https:\/\/serbia.com\/srpski\/wp-json\/wp\/v2\/pages\/32353"}],"collection":[{"href":"https:\/\/serbia.com\/srpski\/wp-json\/wp\/v2\/pages"}],"about":[{"href":"https:\/\/serbia.com\/srpski\/wp-json\/wp\/v2\/types\/page"}],"author":[{"embeddable":true,"href":"https:\/\/serbia.com\/srpski\/wp-json\/wp\/v2\/users\/27"}],"replies":[{"embeddable":true,"href":"https:\/\/serbia.com\/srpski\/wp-json\/wp\/v2\/comments?post=32353"}],"version-history":[{"count":0,"href":"https:\/\/serbia.com\/srpski\/wp-json\/wp\/v2\/pages\/32353\/revisions"}],"up":[{"embeddable":true,"href":"https:\/\/serbia.com\/srpski\/wp-json\/wp\/v2\/pages\/20929"}],"wp:featuredmedia":[{"embeddable":true,"href":"https:\/\/serbia.com\/srpski\/wp-json\/wp\/v2\/media\/32340"}],"wp:attachment":[{"href":"https:\/\/serbia.com\/srpski\/wp-json\/wp\/v2\/media?parent=32353"}],"wp:term":[{"taxonomy":"category","embeddable":true,"href":"https:\/\/serbia.com\/srpski\/wp-json\/wp\/v2\/categories?post=32353"},{"taxonomy":"post_tag","embeddable":true,"href":"https:\/\/serbia.com\/srpski\/wp-json\/wp\/v2\/tags?post=32353"}],"curies":[{"name":"wp","href":"https:\/\/api.w.org\/{rel}","templated":true}]}}