{"id":32326,"date":"2015-05-19T14:44:27","date_gmt":"2015-05-19T12:44:27","guid":{"rendered":"http:\/\/www.serbia.com\/?page_id=32326"},"modified":"2025-10-10T09:49:57","modified_gmt":"2025-10-10T07:49:57","slug":"pirot-mali-grad-sa-dva-velika-srpska-brenda","status":"publish","type":"page","link":"https:\/\/serbia.com\/srpski\/posetite-srbiju\/gradovi\/pirot-mali-grad-sa-dva-velika-srpska-brenda\/","title":{"rendered":"Pirot, mali grad sa dva velika srpska brenda"},"content":{"rendered":"<h4>Na putu koji spaja Evropu i Aziju, u kotlini okru\u017eenoj obroncima najlep\u0161ih srpskih planina, nalazi se grad duga\u010dke i burne istorije. Grad u kome mo\u017eete probati najukusniji doma\u0107i ka\u010dkavalj i peglanu kobasicu, upoznati \u017eene koje na autenti\u010dan na\u010din tkaju \u010duvene pirotske \u0107ilime i osetiti ju\u017enja\u010dki duh naroda koji \u017eivi na mestu nekada\u0161njeg anti\u010dkog naselja, a danas grada bogate kulturne tradicije \u2013 Pirota.<\/h4>\n<p>Od IV veka kada se Pirot prvi put pominje kao anti\u010dko naselje Tures, kroz ovaj mali grad su protutnjale mnoge vojske, smenjivala su se razli\u010dita ure\u0111enja i kulture, me\u0161ali su se stilovi i umetni\u010dki pravci. Svi oni su za sobom ostavljali neizbrisive istorijske tragove koji danas u spoju sa modernim dobom, <strong>\u010dine Pirot jedinstvenim mestom gde se pro\u017eimaju staro i novo, tradicija i modernizam, isto\u010dnja\u010dko i zapadno.<\/strong><\/p>\n<p>Neobi\u010dne me\u0161avine nastale vekovima dugim preplitanjem kulture i obi\u010daja mogu se prepoznati gotovo na svakom \u0107o\u0161ku, kaldrmisanoj ulici ili fasadi zgrada. Grad koji je vi\u0161e od 400 godina bio pod turskim ropstvom, koji je pre\u017eiveo vi\u0161e te\u0161kih elementarnih nepogoda i ratova, hrabro se izvukao iz neda\u0107a i danas ponosno nosi o\u017eiljke istorije koji \u010dine jo\u0161 jedan va\u017ean segment bogate pro\u0161losti Pirota.<\/p>\n<p>Zahvaljuju\u0107i veseloj ju\u017enja\u010dkoj naravi, Pirot je uprokos svemu o\u010duvao optimisti\u010dki duh i \u0161arm. <strong>Tu \u0107e vas sa osmehom na licu do\u010dekati ljubazni i raspolo\u017eeni ljudi<\/strong>, spremni da vas upoznaju sa pirotskim obi\u010dajima, hranom i kulturnim i prirodnim bogatstvima.<\/p>\n<h4>\u0160etnja zelenim kejom uz Ni\u0161avu<\/h4>\n<p><strong>Pazar<\/strong> i <strong>Tijabara<\/strong> su dva dela Pirota koje Ni\u0161ava deli, a spajaju tri mosta: <strong>Gazela<\/strong>, <strong>Golemi<\/strong> i <strong>Ljubavni most<\/strong>. \u0160etnjom pored reke ima\u0107ete priliku da upoznate grad na jedinstven na\u010din i iz druga\u010dijeg ugla. Pogled na gra\u0111evine raznolikih stilova, okolnu prirodu i Ni\u0161avu koja je svojim tokom nehotice razdvojila stari i novi deo grada, pribli\u017ei\u0107e vam atmosferu i duh ovog mesta.<\/p>\n<p><strong>Trg Slobode<\/strong> koji predstavlja centar Pazara ili novog dela grada, okru\u017een je modernim, lepo ure\u0111enim zgradama, kafi\u0107ima, prodavnicama i restoranima. A sa druge strane reke u starom delu grada Tijabari, nai\u0107i\u0107ete na male <strong>zanatske radnje<\/strong>, <strong><a title=\"Kafana, centar \u017eivota u Srbiji\" href=\"http:\/\/www.serbia.com\/srpski\/posetite-srbiju\/provedi-se\/nocni-zivot\/kafana-centar-zivota-u-srbiji\/\" target=\"_blank\" rel=\"noopener\">kafane<\/a><\/strong> i <strong>fasade vreme\u0161nih gra\u0111evina<\/strong>. Tek kada pro\u0161etate ovim razli\u010ditim delovima grada, utisak o kompatibilnim suprotnostima Pirota bi\u0107e potpun.<\/p>\n<h4>Ku\u0107a \u201eMalog Riste\u201c ili Muzej Poni\u0161avlja<\/h4>\n<p>Kada ste ve\u0107 u starom delu grada, ne propustite da posetite <strong>\u010duvenu ku\u0107u Hriste Jovanovi\u0107a<\/strong>, koja je danas zapravo <strong>Muzej Poni\u0161avlja<\/strong>.<\/p>\n<p>U ku\u0107i koja je i spolja i iznutra <strong>u potpunosti zadr\u017eala izgled i duh XIX veka<\/strong> kada je i nastala, nalaze se vredni i zna\u010dajni primerci pirotskih \u0107ilima, predmeti i stvari koje je Hrista Jovanovi\u0107 ostavio Muzeju i mno\u0161tvo drugih vrednih antikviteta koji svedo\u010de o pro\u0161losti pirotskog kraja.<\/p>\n<p>Interesantan podatak je da su se u Muzeju Poni\u0161avlja <strong>snimala \u010dak dva kultna filma re\u017eisera Zdravka \u0160otre. \u201eZona Zamfirova\u201c i \u201eIvkova slava\u201c su zbog autenti\u010dnosti i lepote ku\u0107e i dvori\u0161ta, snimamane upravo na ovom mestu.<\/strong><\/p>\n<h4>Grad okru\u017een prirodnim bogatstvima<\/h4>\n<p>Na severu i severoistoku od Pirota pru\u017eaju se obronci <a title=\"Stara planina, prirodni rezervat u dve dr\u017eave\" href=\"http:\/\/www.serbia.com\/srpski\/posetite-srbiju\/prirodne-lepote\/planine\/stara-planina-prirodni-rezervat-u-dve-drzave\/\" target=\"_blank\" rel=\"noopener\"><strong>Stare planine<\/strong><\/a> sa vrhom <strong>Mid\u017eorom<\/strong> \u00a0koji je ujedno i dr\u017eavna granica Srbije i Bugarske. Ju\u017eni obod pirotske kotline \u010dine ogranci <strong>Vla\u0161ke planine<\/strong> u \u010dijem ju\u017enom delu je <a href=\"https:\/\/serbia.com\/srpski\/kanjon-reke-jerme-i-selo-vlasi-zaboravljeni-kutak-srbije\/\"><strong>reka Jerma<\/strong><\/a> usekla veoma \u017eivopisnu kompozitnu dolinu, a zapadni deo oiv\u010den je <a href=\"https:\/\/serbia.com\/srpski\/suva-planina-divlja-lepota-i-raj-za-planinare-u-srbiji\/\"><strong>Suvom planinom<\/strong><\/a> koja po\u010dinje kod Pirota rekom Belavom. Na samo par kilometara od Pirota nalazi se i <a href=\"https:\/\/serbia.com\/srpski\/zavojsko-jezero-raj-za-planinare-kajakase-i-kampere\/\"><strong>Zavojsko jezero<\/strong><\/a>, koje se odlikuje velikom \u010disto\u0107om i prozirno\u0161\u0107u vode, pa posetiocima omogu\u0107ava izletni\u010dke i ribolova\u010dke \u010dari.<\/p>\n<p><strong>Najpose\u0107enije i najatraktivnije prirodno bogatstvo je svakako <a href=\"https:\/\/serbia.com\/srpski\/posetite-srbiju\/prirodne-lepote\/planine\/stara-planina-prirodni-rezervat-u-dve-drzave\/\">Stara planina<\/a><\/strong>, koju karakteri\u0161u veliki broj biljnih i \u017eivotinjskih vrsta,prelepi kanjoni i odli\u010dni uslovi za skijanje i planinarenje. Od vune ovaca sa ove planine prave se \u010duveni <a title=\"Pirotsko \u0107ilimarstvo kao \u010duvar srpskog identiteta\" href=\"http:\/\/www.serbia.com\/srpski\/pirotsko-cilimarstvo-kao-cuvar-srpskog-identiteta\/\"><strong>pirotski \u0107ilimi<\/strong><\/a>, a od njihovog mleka <a title=\"Pirotski ka\u010dkavalj kao \u010duvar srpskog identiteta\" href=\"http:\/\/www.serbia.com\/srpski\/pirotski-kackavalj-kao-cuvar-srpskog-identiteta\/\"><strong>pirotski ka\u010dkavalj<\/strong><\/a>, pa me\u0161tani \u010desto u \u0161ali umeju da ka\u017eu kako je Stara planina odgovorna za nastanak dva poznata srpska brenda.<\/p>\n<h4>Pirotski ka\u010dkavalj, autenti\u010dni srpski specijalitet<\/h4>\n<p><img loading=\"lazy\" decoding=\"async\" class=\"alignright size-medium wp-image-29614\" src=\"http:\/\/www.serbia.com\/wp-content\/uploads\/2015\/03\/kackavalj222-300x199.jpg\" alt=\"kackavalj222\" width=\"300\" height=\"199\" \/>Ov\u010diji, kravlji ili me\u0161anac nije va\u017eno! Ono \u0161to je va\u017eno jeste da se i danas <strong>ka\u010dkavalj u Pirotu proizvodi ru\u010dno, po tradicionalnom receptu i na autenti\u010dan na\u010din<\/strong>.<\/p>\n<p>U Mlekarskoj \u0161koli u Pirotu svakodnevno na izradi ovog specijaliteta rade ljudi sa iskustvom, ali i \u0111aci ove \u0161kole koji\u00a0 vrednim radom usavr\u0161avaju znanje koje je potrebno za pravljeje sira po kome je Pirot postao svetski poznat.<\/p>\n<p><strong>Specifi\u010dan ukus, kvalitet i na\u010din izrade<\/strong>, odlike su specijaliteta koji se na\u0161ao i na listi <a title=\"Nematerijalno kulturno nasle\u0111e Srbije\" href=\"http:\/\/www.serbia.com\/srpski\/o-srbiji\/kultura\/nematerijalno-kulturno-nasledje-srbije\/\">Nematerijalnog kulturnog nasle\u0111a Republike Srbije<\/a> i tako postao srpski proizvod sa za\u0161ti\u0107enim poreklom.<\/p>\n<p>Ukoliko niste imali priliku da probate ru\u010dno pravljeni\u00a0 ka\u010dkvalj koji je mnogima prva asocijacija na Pirot, obavezno to u\u010dinite i u\u017eivajte u autenti\u010dnom srpskom specijalitetu jedinstvenog ukusa koji \u0107ete dugo pamtiti.<\/p>\n<h4>Pirotski \u0107ilimi, na\u0161e a svetsko!<\/h4>\n<p><strong>Bogatstvo \u0161ara i ornamenata<\/strong>, \u010dinjenica da nema nali\u010dje ve\u0107 <strong>dva identi\u010dna lica<\/strong>, <strong>mnogobrojna simbolika koju nosi<\/strong> i namene za koje se koristi, ali i <strong>dugotrajan i naporan proces izrade<\/strong>, osobine su pirotskog \u0107ilima koje su ga proslavile, i u\u010dinile da se ovaj proizvod tra\u017ei i kupuje iz svih delova sveta.Izra\u0111uju \u00a0se \u0107ilimi za zdravlje, blagostanje, sre\u0107u u ljubavi, uspeh na poslu, protiv uroka i otklanjanja lo\u0161e energije i magije, a na vama je da proverite mo\u0107 i dejstvo \u010duvenog pirotskog proizvoda.<\/p>\n<p><img loading=\"lazy\" decoding=\"async\" class=\"alignleft size-medium wp-image-29528\" src=\"http:\/\/www.serbia.com\/wp-content\/uploads\/2015\/02\/cilim-naslovna-300x142.png\" alt=\"cilim naslovna\" width=\"300\" height=\"142\" \/>\u017dene u Pirotu su se odavnina bavile \u0107ilimarstvom, a <strong>ume\u0107e tkanja su prenosile \u201esa kolena na koleno\u201c generacijama unazad.<\/strong><\/p>\n<p>\u0106ilimi se ovde isklju\u010divo izra\u0111uju na tradicionalan na\u010din, i samo takvi \u0107ilimi se smatraju autenti\u010dnim proizvodom koji se kao i pirotski ka\u010dkavalj na\u0161ao na listi Nematerijalnog kulturnog nasle\u0111a Republike Srbije. Ulaskom na listu pirotski \u0107ilim je postao deo nematerijalne kulturne ba\u0161tine Srbije sa za\u0161ti\u0107enim geografskim poreklom i autenti\u010dno\u0161\u0107u.<\/p>\n<p>Ako se odlu\u010dite da posetite ovaj mali grad sa puno potencijala, pored istorijskih i kulturnih znamenitosti i prirodnih bogatstava , obavezno posetite i neku od <strong>starih pirotskih kafana<\/strong>. Tu \u0107ete imati priliku da u\u017eivate u po mnogima <strong>najboljem ro\u0161tilju u Srbiji<\/strong>, <strong><a title=\"Tradicionalna kuhinja\" href=\"http:\/\/www.serbia.com\/srpski\/o-srbiji\/tradicionalna-kuhinja\/\">tradicionalnom jelu<\/a> i pi\u0107u<\/strong>, i upoznate i osetite pravi ju\u017enja\u010dki duh koji nikada ne miruje.<\/p>\n<blockquote><p><em>Pirotsko kale ili Mom\u010dilov grad je tvr\u0111ava iz XIV veka, za koju se smatra da je podignuta u vreme kneza Lazara. Tvr\u0111ava je od srednjeg veka pa sve do prve polovine 20. veka kori\u0161\u0107ena u vojne svrhe. Ovaj mali utvr\u0111eni grad je relativno dobro o\u010duvan, a u njemu su snimani i kadrovi filma \u201e<a title=\"Boj na Kosovu\" href=\"http:\/\/www.serbia.com\/srpski\/boj-na-kosovu-2\/\">Boj na Kosovu<\/a>\u201c.<\/em><\/p><\/blockquote>\n","protected":false},"excerpt":{"rendered":"<p>Na putu koji spaja Evropu i Aziju, u kotlini okru\u017eenoj obroncima najlep\u0161ih srpskih planina, nalazi se grad duga\u010dke i burne istorije. Grad u kome mo\u017eete probati najukusniji doma\u0107i ka\u010dkavalj i [&hellip;]<\/p>\n","protected":false},"author":27,"featured_media":32298,"parent":20433,"menu_order":0,"comment_status":"closed","ping_status":"closed","template":"","meta":{"_acf_changed":false,"inline_featured_image":false,"_monsterinsights_skip_tracking":false,"_monsterinsights_sitenote_active":false,"_monsterinsights_sitenote_note":"","_monsterinsights_sitenote_category":0,"footnotes":""},"categories":[1672],"tags":[],"class_list":["post-32326","page","type-page","status-publish","has-post-thumbnail","hentry","category-gradovi"],"acf":[],"yoast_head":"<!-- This site is optimized with the Yoast SEO plugin v23.8 - https:\/\/yoast.com\/wordpress\/plugins\/seo\/ -->\n<title>Pirot, mali grad sa dva velika srpska brenda - Serbia.com<\/title>\n<meta name=\"robots\" content=\"index, follow, max-snippet:-1, max-image-preview:large, max-video-preview:-1\" \/>\n<link rel=\"canonical\" href=\"https:\/\/serbia.com\/srpski\/posetite-srbiju\/gradovi\/pirot-mali-grad-sa-dva-velika-srpska-brenda\/\" \/>\n<meta property=\"og:locale\" content=\"en_US\" \/>\n<meta property=\"og:type\" content=\"article\" \/>\n<meta property=\"og:title\" content=\"Pirot, mali grad sa dva velika srpska brenda - Serbia.com\" \/>\n<meta property=\"og:description\" content=\"Na putu koji spaja Evropu i Aziju, u kotlini okru\u017eenoj obroncima najlep\u0161ih srpskih planina, nalazi se grad duga\u010dke i burne istorije. Grad u kome mo\u017eete probati najukusniji doma\u0107i ka\u010dkavalj i [&hellip;]\" \/>\n<meta property=\"og:url\" content=\"https:\/\/serbia.com\/srpski\/posetite-srbiju\/gradovi\/pirot-mali-grad-sa-dva-velika-srpska-brenda\/\" \/>\n<meta property=\"og:site_name\" content=\"Serbia.com\" \/>\n<meta property=\"article:modified_time\" content=\"2025-10-10T07:49:57+00:00\" \/>\n<meta property=\"og:image\" content=\"https:\/\/serbia.com\/wp-content\/uploads\/2015\/05\/pirot.jpg\" \/>\n\t<meta property=\"og:image:width\" content=\"1024\" \/>\n\t<meta property=\"og:image:height\" content=\"274\" \/>\n\t<meta property=\"og:image:type\" content=\"image\/jpeg\" \/>\n<meta name=\"twitter:label1\" content=\"Est. reading time\" \/>\n\t<meta name=\"twitter:data1\" content=\"5 minutes\" \/>\n<script type=\"application\/ld+json\" class=\"yoast-schema-graph\">{\"@context\":\"https:\/\/schema.org\",\"@graph\":[{\"@type\":\"WebPage\",\"@id\":\"https:\/\/serbia.com\/srpski\/posetite-srbiju\/gradovi\/pirot-mali-grad-sa-dva-velika-srpska-brenda\/\",\"url\":\"https:\/\/serbia.com\/srpski\/posetite-srbiju\/gradovi\/pirot-mali-grad-sa-dva-velika-srpska-brenda\/\",\"name\":\"Pirot, mali grad sa dva velika srpska brenda - Serbia.com\",\"isPartOf\":{\"@id\":\"https:\/\/serbia.com\/#website\"},\"primaryImageOfPage\":{\"@id\":\"https:\/\/serbia.com\/srpski\/posetite-srbiju\/gradovi\/pirot-mali-grad-sa-dva-velika-srpska-brenda\/#primaryimage\"},\"image\":{\"@id\":\"https:\/\/serbia.com\/srpski\/posetite-srbiju\/gradovi\/pirot-mali-grad-sa-dva-velika-srpska-brenda\/#primaryimage\"},\"thumbnailUrl\":\"https:\/\/serbia.com\/wp-content\/uploads\/2015\/05\/pirot.jpg\",\"datePublished\":\"2015-05-19T12:44:27+00:00\",\"dateModified\":\"2025-10-10T07:49:57+00:00\",\"breadcrumb\":{\"@id\":\"https:\/\/serbia.com\/srpski\/posetite-srbiju\/gradovi\/pirot-mali-grad-sa-dva-velika-srpska-brenda\/#breadcrumb\"},\"inLanguage\":\"srpski\",\"potentialAction\":[{\"@type\":\"ReadAction\",\"target\":[\"https:\/\/serbia.com\/srpski\/posetite-srbiju\/gradovi\/pirot-mali-grad-sa-dva-velika-srpska-brenda\/\"]}]},{\"@type\":\"ImageObject\",\"inLanguage\":\"srpski\",\"@id\":\"https:\/\/serbia.com\/srpski\/posetite-srbiju\/gradovi\/pirot-mali-grad-sa-dva-velika-srpska-brenda\/#primaryimage\",\"url\":\"https:\/\/serbia.com\/wp-content\/uploads\/2015\/05\/pirot.jpg\",\"contentUrl\":\"https:\/\/serbia.com\/wp-content\/uploads\/2015\/05\/pirot.jpg\",\"width\":1024,\"height\":274},{\"@type\":\"BreadcrumbList\",\"@id\":\"https:\/\/serbia.com\/srpski\/posetite-srbiju\/gradovi\/pirot-mali-grad-sa-dva-velika-srpska-brenda\/#breadcrumb\",\"itemListElement\":[{\"@type\":\"ListItem\",\"position\":1,\"name\":\"Home\",\"item\":\"https:\/\/serbia.com\/srpski\/\"},{\"@type\":\"ListItem\",\"position\":2,\"name\":\"Poseti Srbiju\",\"item\":\"https:\/\/serbia.com\/srpski\/posetite-srbiju\/\"},{\"@type\":\"ListItem\",\"position\":3,\"name\":\"Gradovi\",\"item\":\"https:\/\/serbia.com\/srpski\/posetite-srbiju\/gradovi\/\"},{\"@type\":\"ListItem\",\"position\":4,\"name\":\"Pirot, mali grad sa dva velika srpska brenda\"}]},{\"@type\":\"WebSite\",\"@id\":\"https:\/\/serbia.com\/#website\",\"url\":\"https:\/\/serbia.com\/\",\"name\":\"Serbia.com\",\"description\":\"Your Gateway to Serbia\",\"potentialAction\":[{\"@type\":\"SearchAction\",\"target\":{\"@type\":\"EntryPoint\",\"urlTemplate\":\"https:\/\/serbia.com\/?s={search_term_string}\"},\"query-input\":{\"@type\":\"PropertyValueSpecification\",\"valueRequired\":true,\"valueName\":\"search_term_string\"}}],\"inLanguage\":\"srpski\"}]}<\/script>\n<!-- \/ Yoast SEO plugin. -->","yoast_head_json":{"title":"Pirot, mali grad sa dva velika srpska brenda - Serbia.com","robots":{"index":"index","follow":"follow","max-snippet":"max-snippet:-1","max-image-preview":"max-image-preview:large","max-video-preview":"max-video-preview:-1"},"canonical":"https:\/\/serbia.com\/srpski\/posetite-srbiju\/gradovi\/pirot-mali-grad-sa-dva-velika-srpska-brenda\/","og_locale":"en_US","og_type":"article","og_title":"Pirot, mali grad sa dva velika srpska brenda - Serbia.com","og_description":"Na putu koji spaja Evropu i Aziju, u kotlini okru\u017eenoj obroncima najlep\u0161ih srpskih planina, nalazi se grad duga\u010dke i burne istorije. Grad u kome mo\u017eete probati najukusniji doma\u0107i ka\u010dkavalj i [&hellip;]","og_url":"https:\/\/serbia.com\/srpski\/posetite-srbiju\/gradovi\/pirot-mali-grad-sa-dva-velika-srpska-brenda\/","og_site_name":"Serbia.com","article_modified_time":"2025-10-10T07:49:57+00:00","og_image":[{"width":1024,"height":274,"url":"https:\/\/serbia.com\/wp-content\/uploads\/2015\/05\/pirot.jpg","type":"image\/jpeg"}],"twitter_misc":{"Est. reading time":"5 minutes"},"schema":{"@context":"https:\/\/schema.org","@graph":[{"@type":"WebPage","@id":"https:\/\/serbia.com\/srpski\/posetite-srbiju\/gradovi\/pirot-mali-grad-sa-dva-velika-srpska-brenda\/","url":"https:\/\/serbia.com\/srpski\/posetite-srbiju\/gradovi\/pirot-mali-grad-sa-dva-velika-srpska-brenda\/","name":"Pirot, mali grad sa dva velika srpska brenda - Serbia.com","isPartOf":{"@id":"https:\/\/serbia.com\/#website"},"primaryImageOfPage":{"@id":"https:\/\/serbia.com\/srpski\/posetite-srbiju\/gradovi\/pirot-mali-grad-sa-dva-velika-srpska-brenda\/#primaryimage"},"image":{"@id":"https:\/\/serbia.com\/srpski\/posetite-srbiju\/gradovi\/pirot-mali-grad-sa-dva-velika-srpska-brenda\/#primaryimage"},"thumbnailUrl":"https:\/\/serbia.com\/wp-content\/uploads\/2015\/05\/pirot.jpg","datePublished":"2015-05-19T12:44:27+00:00","dateModified":"2025-10-10T07:49:57+00:00","breadcrumb":{"@id":"https:\/\/serbia.com\/srpski\/posetite-srbiju\/gradovi\/pirot-mali-grad-sa-dva-velika-srpska-brenda\/#breadcrumb"},"inLanguage":"srpski","potentialAction":[{"@type":"ReadAction","target":["https:\/\/serbia.com\/srpski\/posetite-srbiju\/gradovi\/pirot-mali-grad-sa-dva-velika-srpska-brenda\/"]}]},{"@type":"ImageObject","inLanguage":"srpski","@id":"https:\/\/serbia.com\/srpski\/posetite-srbiju\/gradovi\/pirot-mali-grad-sa-dva-velika-srpska-brenda\/#primaryimage","url":"https:\/\/serbia.com\/wp-content\/uploads\/2015\/05\/pirot.jpg","contentUrl":"https:\/\/serbia.com\/wp-content\/uploads\/2015\/05\/pirot.jpg","width":1024,"height":274},{"@type":"BreadcrumbList","@id":"https:\/\/serbia.com\/srpski\/posetite-srbiju\/gradovi\/pirot-mali-grad-sa-dva-velika-srpska-brenda\/#breadcrumb","itemListElement":[{"@type":"ListItem","position":1,"name":"Home","item":"https:\/\/serbia.com\/srpski\/"},{"@type":"ListItem","position":2,"name":"Poseti Srbiju","item":"https:\/\/serbia.com\/srpski\/posetite-srbiju\/"},{"@type":"ListItem","position":3,"name":"Gradovi","item":"https:\/\/serbia.com\/srpski\/posetite-srbiju\/gradovi\/"},{"@type":"ListItem","position":4,"name":"Pirot, mali grad sa dva velika srpska brenda"}]},{"@type":"WebSite","@id":"https:\/\/serbia.com\/#website","url":"https:\/\/serbia.com\/","name":"Serbia.com","description":"Your Gateway to Serbia","potentialAction":[{"@type":"SearchAction","target":{"@type":"EntryPoint","urlTemplate":"https:\/\/serbia.com\/?s={search_term_string}"},"query-input":{"@type":"PropertyValueSpecification","valueRequired":true,"valueName":"search_term_string"}}],"inLanguage":"srpski"}]}},"_links":{"self":[{"href":"https:\/\/serbia.com\/srpski\/wp-json\/wp\/v2\/pages\/32326"}],"collection":[{"href":"https:\/\/serbia.com\/srpski\/wp-json\/wp\/v2\/pages"}],"about":[{"href":"https:\/\/serbia.com\/srpski\/wp-json\/wp\/v2\/types\/page"}],"author":[{"embeddable":true,"href":"https:\/\/serbia.com\/srpski\/wp-json\/wp\/v2\/users\/27"}],"replies":[{"embeddable":true,"href":"https:\/\/serbia.com\/srpski\/wp-json\/wp\/v2\/comments?post=32326"}],"version-history":[{"count":2,"href":"https:\/\/serbia.com\/srpski\/wp-json\/wp\/v2\/pages\/32326\/revisions"}],"predecessor-version":[{"id":62971,"href":"https:\/\/serbia.com\/srpski\/wp-json\/wp\/v2\/pages\/32326\/revisions\/62971"}],"up":[{"embeddable":true,"href":"https:\/\/serbia.com\/srpski\/wp-json\/wp\/v2\/pages\/20433"}],"wp:featuredmedia":[{"embeddable":true,"href":"https:\/\/serbia.com\/srpski\/wp-json\/wp\/v2\/media\/32298"}],"wp:attachment":[{"href":"https:\/\/serbia.com\/srpski\/wp-json\/wp\/v2\/media?parent=32326"}],"wp:term":[{"taxonomy":"category","embeddable":true,"href":"https:\/\/serbia.com\/srpski\/wp-json\/wp\/v2\/categories?post=32326"},{"taxonomy":"post_tag","embeddable":true,"href":"https:\/\/serbia.com\/srpski\/wp-json\/wp\/v2\/tags?post=32326"}],"curies":[{"name":"wp","href":"https:\/\/api.w.org\/{rel}","templated":true}]}}