{"id":32276,"date":"2015-05-18T15:58:10","date_gmt":"2015-05-18T13:58:10","guid":{"rendered":"http:\/\/www.serbia.com\/?page_id=32276"},"modified":"2024-10-20T14:16:25","modified_gmt":"2024-10-20T12:16:25","slug":"vrnjacki-karneval","status":"publish","type":"page","link":"https:\/\/serbia.com\/srpski\/posetite-srbiju\/kulturne-atrakcije\/festivali-i-manifestacije\/vrnjacki-karneval\/","title":{"rendered":"Vrnja\u010dki karneval"},"content":{"rendered":"<h4>Iako je zbog svojih prirodnih odlika \u017eiva tokom \u010ditave godine, Vrnja\u010dku banju kada traje Vrnja\u010dki karneval obuzmu poseban sjaj i zanos.<\/h4>\n<p>U danima dok traje Vrnja\u010dki karneval, banja se pretvara u veliku pozornicu na kojoj nastupaju grupe iz celog sveta.\u00a0Ugla\u0111ena, besprekorno \u010dista i sve\u010dano odevena, <a title=\"Vrnja\u010dka Banja\" href=\"http:\/\/www.serbia.com\/srpski\/posetite-srbiju\/prirodne-lepote\/banje\/vrnjacka-banja\/\" target=\"_blank\" rel=\"noopener\">Vrnja\u010dka Banja<\/a> otvorenih ruku do\u010dekuje svetske i doma\u0107e zabavlja\u010de, umetnike i turiste kojih svake godine <strong>na Vrnja\u010dki karneval do\u0111e vi\u0161e od 200.000.<\/strong><\/p>\n<p><strong>U gotovo svakom kutku banjskih ulica i trgova de\u0161ava se ne\u0161to interesantno i magi\u010dno.<\/strong> Maske nisu obavezne, ali kako odoleti davnom izazovu da na nekoliko sati postanete neko drugi? Super heroj, lik iz horor ili crtanog filma, cveti\u0107, leptiri\u0107&#8230; na Karnevalu mo\u017eete da budete \u0161ta god po\u017eelite. A tu su i nezaoblilazne vatrene karnevalske plesa\u010dice iz raznih delova sveta u \u0161arenim kostimima sa perjem i \u0161ljokicama.<\/p>\n<p><strong>Na Karnevalu se mo\u017eete veseliti uz DJ \u017eurke, doma\u0107u zabavnu, hip-hop ali i uz tradicionalnu <a title=\"Folklor, vekovna narodna umetnost\" href=\"http:\/\/www.serbia.com\/srpski\/folklor-vekovna-narodna-umetnost-2\/\">folklornu<\/a> i narodnu muziku<\/strong>. Maskenbali, festivali, izlo\u017ebe, pozori\u0161ne predstave i sportska de\u0161avanja samo su uvertira pred centralne doga\u0111aje Karnevala &#8211; <strong>Veliku me\u0111unarodnu karnevalsku povorku<\/strong> i <strong>De\u010diju karnevalsku povorku.<\/strong><\/p>\n<p><img loading=\"lazy\" decoding=\"async\" class=\"aligncenter wp-image-32274\" src=\"http:\/\/www.serbia.com\/wp-content\/uploads\/2015\/05\/vrnjacka-banja-karneval1.jpg\" alt=\"vrnjacka-banja-karneval1\" width=\"800\" height=\"600\" srcset=\"https:\/\/serbia.com\/wp-content\/uploads\/2015\/05\/vrnjacka-banja-karneval1.jpg 640w, https:\/\/serbia.com\/wp-content\/uploads\/2015\/05\/vrnjacka-banja-karneval1-300x225.jpg 300w\" sizes=\"auto, (max-width: 800px) 100vw, 800px\" \/><\/p>\n<p>Tada svi junaci Karnevala pro\u0161etaju svoje neobi\u010dne maske i kostime du\u017e glavnog banjskog korzoa ostavljaju\u0107i posetioce bez daha, a kasnije svi zajedno u\u017eivaju u koncertima poznatih muzi\u010dara.<\/p>\n<p>Karnevalska atmosfera je od davnina bila bliska Vrnj\u010danima. Od osnivanja moderne banje u Vrnjcima, pre oko 165 godina, Vrnj\u010dani su pridavali veliki zna\u010daj balovima, maskenbalima, va\u0161arima. Oni su se trudili da o\u010duvaju duh maskebala koji se od 2005. godine odr\u017eavao, ali neredovno.<\/p>\n<p>Te godine ovi doga\u0111aji dobijaju me\u0111unarodni zna\u010daj jer prerastaju u &#8220;Me\u0111unarodni Vrnja\u010dki karneval&#8221; koji se od tada redovno odr\u017eava, a objedinjuje preko 40 razli\u010ditih zabavnih, kulturnih i sportskih manifestacija.<\/p>\n<p>Osim nagrade<strong> Turisti\u010dki cvet,<\/strong> koji mu je dodelila Turisti\u010dka organizacija Srbije, Vrnja\u010dka Banja je postala \u010dlan<strong> Federacije evropskih karnevalskih gradova (FECC).<\/strong><\/p>\n<p>Zbog toga Vrnja\u010dki karneval zauzima zna\u010dajno mesto u kalendaru svetskih karnevalskih de\u0161avanja.<\/p>\n<p>Za vi\u0161e informacije posetite portal www.vrnjackabanjakarneval.com<\/p>\n<h4>Kako sti\u0107i na Vrnja\u010dki karneval?<\/h4>\n<p>Ukoliko idete automobilom iz pravca <a title=\"Beograd\" href=\"http:\/\/www.serbia.com\/srpski\/posetite-srbiju\/gradovi\/beograd\/\" target=\"_blank\" rel=\"noopener\">Beograda<\/a>, do Vrnja\u010dke Banje mo\u017eete do\u0107i magistralnim putem Beograd-<a title=\"Kraljevo, grad sedam kraljeva\" href=\"http:\/\/www.serbia.com\/srpski\/posetite-srbiju\/gradovi\/kraljevo-grad-sedam-kraljeva\/\" target=\"_blank\" rel=\"noopener\">Kraljevo<\/a> i auto-putem Beograd-<a title=\"Od svitanja do svitanja u Ni\u0161u\" href=\"http:\/\/www.serbia.com\/srpski\/posetite-srbiju\/gradovi\/nis\/\" target=\"_blank\" rel=\"noopener\">Ni\u0161<\/a>-Skoplje, preko Pojata. Du\u017eina puta je oko 200 km.<\/p>\n<p>Ukoliko dolazite autobusom, iz svih ve\u0107ih gradova Srbije postoje polasci ka Vrnja\u010dkoj Banji. Tako\u0111e, mo\u017eete do\u0107i do Kraljeva pa uzeti lokalni autobus do Banje, a razdaljina je 30 km.<\/p>\n<h4>Kada ste ve\u0107 ovde, ne propustite&#8230;<\/h4>\n<p>&#8230;da obi\u0111ete veli\u010danstveni <strong>zamak Belimarkovi\u0107<\/strong> u kojem se nalazi <strong>Zavi\u010dajni muzej Vrnja\u010dke Banje<\/strong> i okoline.<\/p>\n<p>Du\u017e Ibarske kotline nalaze se manastiri <a title=\"Studenica, manastir dragocenih fresaka\" href=\"http:\/\/www.serbia.com\/srpski\/posetite-srbiju\/kulturne-atrakcije\/manastiri-i-crkve\/studenica-manastir-dragocenih-fresaka\/\" target=\"_blank\" rel=\"noopener\"><strong>Studenica<\/strong><\/a>, <strong><a href=\"http:\/\/www.serbia.com\/srpski\/manastir-zica-pet-dobrih-razloga-zbog-kojih-je-treba-posetiti\/\" target=\"_blank\" rel=\"noopener\">\u017di\u010da<\/a><\/strong>, <strong>Gradac<\/strong>, <a title=\"Manastir \u0110ur\u0111evi stupovi\" href=\"http:\/\/www.serbia.com\/srpski\/posetite-srbiju\/kulturne-atrakcije\/manastiri-i-crkve\/manastir-durdevi-stupovi\/\" target=\"_blank\" rel=\"noopener\"><strong>\u0110ur\u0111evi Stupovi<\/strong><\/a> i <a title=\"Manastir Sopo\u0107ani\" href=\"http:\/\/www.serbia.com\/srpski\/posetite-srbiju\/kulturne-atrakcije\/manastiri-i-crkve\/manastir-sopocani\/\" target=\"_blank\" rel=\"noopener\"><strong>Sopo\u0107ani<\/strong><\/a>. Prava je \u0161teta boraviti u banji, a ne obi\u0107i ove stare spomenike srpske kulturne ba\u0161tine, od kojih se \u010dak tri nalaze na <a title=\"Srpski spomenici na listi svetske ba\u0161tine UNESCO\" href=\"http:\/\/www.serbia.com\/srpski\/srpski-spomenici-pod-zastitom-unesco\/\"><strong>listi Svetske Ba\u0161tine UNESCO<\/strong><\/a>.<\/p>\n<p>Tako\u0111e, poseta srednjovekovnim utvr\u0111enjima <strong>Ras<\/strong>, <a href=\"https:\/\/serbia.com\/srpski\/posetite-srbiju\/kulturne-atrakcije\/dvorci-i-tvrdave\/tvrdava-maglic-misteriozni-vremeplov-iz-13-veka\/\"><strong>Magli\u010d<\/strong><\/a> i <strong>Koznik<\/strong> predstavlja nezaboravno iskustvo.<\/p>\n<p>Ako ste avanturista, ne propustite <strong>\u201eSpust bez granica\u201c<\/strong>&#8211; <strong>splavarenje rekom Ibar<\/strong> koje se odr\u017eava polovinom jula, kao i Vrnja\u010dki karneval.<\/p>\n","protected":false},"excerpt":{"rendered":"<p>Iako je zbog svojih prirodnih odlika \u017eiva tokom \u010ditave godine, Vrnja\u010dku banju kada traje Vrnja\u010dki karneval obuzmu poseban sjaj i zanos. U danima dok traje Vrnja\u010dki karneval, banja se pretvara [&hellip;]<\/p>\n","protected":false},"author":27,"featured_media":16744,"parent":20418,"menu_order":0,"comment_status":"closed","ping_status":"closed","template":"","meta":{"_acf_changed":false,"inline_featured_image":false,"_monsterinsights_skip_tracking":false,"_monsterinsights_sitenote_active":false,"_monsterinsights_sitenote_note":"","_monsterinsights_sitenote_category":0,"footnotes":""},"categories":[1696],"tags":[],"class_list":["post-32276","page","type-page","status-publish","has-post-thumbnail","hentry","category-festivali-manifestacije"],"acf":[],"yoast_head":"<!-- This site is optimized with the Yoast SEO plugin v27.4 - https:\/\/yoast.com\/product\/yoast-seo-wordpress\/ -->\n<title>Vrnja\u010dki karneval - Serbia.com<\/title>\n<meta name=\"robots\" content=\"index, follow, max-snippet:-1, max-image-preview:large, max-video-preview:-1\" \/>\n<link rel=\"canonical\" href=\"https:\/\/serbia.com\/srpski\/posetite-srbiju\/kulturne-atrakcije\/festivali-i-manifestacije\/vrnjacki-karneval\/\" \/>\n<meta property=\"og:locale\" content=\"en_US\" \/>\n<meta property=\"og:type\" content=\"article\" \/>\n<meta property=\"og:title\" content=\"Vrnja\u010dki karneval - Serbia.com\" \/>\n<meta property=\"og:description\" content=\"Iako je zbog svojih prirodnih odlika \u017eiva tokom \u010ditave godine, Vrnja\u010dku banju kada traje Vrnja\u010dki karneval obuzmu poseban sjaj i zanos. U danima dok traje Vrnja\u010dki karneval, banja se pretvara [&hellip;]\" \/>\n<meta property=\"og:url\" content=\"https:\/\/serbia.com\/srpski\/posetite-srbiju\/kulturne-atrakcije\/festivali-i-manifestacije\/vrnjacki-karneval\/\" \/>\n<meta property=\"og:site_name\" content=\"Serbia.com\" \/>\n<meta property=\"article:modified_time\" content=\"2024-10-20T12:16:25+00:00\" \/>\n<meta property=\"og:image\" content=\"https:\/\/serbia.com\/wp-content\/uploads\/2012\/12\/vrnjacka-banja-karneval-scaled-e1716974313672.jpg\" \/>\n\t<meta property=\"og:image:width\" content=\"2592\" \/>\n\t<meta property=\"og:image:height\" content=\"1944\" \/>\n\t<meta property=\"og:image:type\" content=\"image\/jpeg\" \/>\n<meta name=\"twitter:label1\" content=\"Est. reading time\" \/>\n\t<meta name=\"twitter:data1\" content=\"3 minutes\" \/>\n<script type=\"application\/ld+json\" class=\"yoast-schema-graph\">{\"@context\":\"https:\\\/\\\/schema.org\",\"@graph\":[{\"@type\":\"WebPage\",\"@id\":\"https:\\\/\\\/serbia.com\\\/srpski\\\/posetite-srbiju\\\/kulturne-atrakcije\\\/festivali-i-manifestacije\\\/vrnjacki-karneval\\\/\",\"url\":\"https:\\\/\\\/serbia.com\\\/srpski\\\/posetite-srbiju\\\/kulturne-atrakcije\\\/festivali-i-manifestacije\\\/vrnjacki-karneval\\\/\",\"name\":\"Vrnja\u010dki karneval - Serbia.com\",\"isPartOf\":{\"@id\":\"https:\\\/\\\/serbia.com\\\/#website\"},\"primaryImageOfPage\":{\"@id\":\"https:\\\/\\\/serbia.com\\\/srpski\\\/posetite-srbiju\\\/kulturne-atrakcije\\\/festivali-i-manifestacije\\\/vrnjacki-karneval\\\/#primaryimage\"},\"image\":{\"@id\":\"https:\\\/\\\/serbia.com\\\/srpski\\\/posetite-srbiju\\\/kulturne-atrakcije\\\/festivali-i-manifestacije\\\/vrnjacki-karneval\\\/#primaryimage\"},\"thumbnailUrl\":\"https:\\\/\\\/serbia.com\\\/wp-content\\\/uploads\\\/2012\\\/12\\\/vrnjacka-banja-karneval-scaled-e1716974313672.jpg\",\"datePublished\":\"2015-05-18T13:58:10+00:00\",\"dateModified\":\"2024-10-20T12:16:25+00:00\",\"breadcrumb\":{\"@id\":\"https:\\\/\\\/serbia.com\\\/srpski\\\/posetite-srbiju\\\/kulturne-atrakcije\\\/festivali-i-manifestacije\\\/vrnjacki-karneval\\\/#breadcrumb\"},\"inLanguage\":\"srpski\",\"potentialAction\":[{\"@type\":\"ReadAction\",\"target\":[\"https:\\\/\\\/serbia.com\\\/srpski\\\/posetite-srbiju\\\/kulturne-atrakcije\\\/festivali-i-manifestacije\\\/vrnjacki-karneval\\\/\"]}]},{\"@type\":\"ImageObject\",\"inLanguage\":\"srpski\",\"@id\":\"https:\\\/\\\/serbia.com\\\/srpski\\\/posetite-srbiju\\\/kulturne-atrakcije\\\/festivali-i-manifestacije\\\/vrnjacki-karneval\\\/#primaryimage\",\"url\":\"https:\\\/\\\/serbia.com\\\/wp-content\\\/uploads\\\/2012\\\/12\\\/vrnjacka-banja-karneval-scaled-e1716974313672.jpg\",\"contentUrl\":\"https:\\\/\\\/serbia.com\\\/wp-content\\\/uploads\\\/2012\\\/12\\\/vrnjacka-banja-karneval-scaled-e1716974313672.jpg\",\"width\":\"2592\",\"height\":\"1944\",\"caption\":\"Kada do\u0111ete na Vrnja\u010dki karneval, sve drugo prestaje da postoji - osim zabave!\"},{\"@type\":\"BreadcrumbList\",\"@id\":\"https:\\\/\\\/serbia.com\\\/srpski\\\/posetite-srbiju\\\/kulturne-atrakcije\\\/festivali-i-manifestacije\\\/vrnjacki-karneval\\\/#breadcrumb\",\"itemListElement\":[{\"@type\":\"ListItem\",\"position\":1,\"name\":\"Home\",\"item\":\"https:\\\/\\\/serbia.com\\\/srpski\\\/\"},{\"@type\":\"ListItem\",\"position\":2,\"name\":\"Poseti Srbiju\",\"item\":\"https:\\\/\\\/serbia.com\\\/srpski\\\/posetite-srbiju\\\/\"},{\"@type\":\"ListItem\",\"position\":3,\"name\":\"Kulturne atrakcije\",\"item\":\"https:\\\/\\\/serbia.com\\\/srpski\\\/posetite-srbiju\\\/kulturne-atrakcije\\\/\"},{\"@type\":\"ListItem\",\"position\":4,\"name\":\"Festivali i manifestacije\",\"item\":\"https:\\\/\\\/serbia.com\\\/srpski\\\/posetite-srbiju\\\/kulturne-atrakcije\\\/festivali-i-manifestacije\\\/\"},{\"@type\":\"ListItem\",\"position\":5,\"name\":\"Vrnja\u010dki karneval\"}]},{\"@type\":\"WebSite\",\"@id\":\"https:\\\/\\\/serbia.com\\\/#website\",\"url\":\"https:\\\/\\\/serbia.com\\\/\",\"name\":\"Serbia.com\",\"description\":\"Your Gateway to Serbia\",\"potentialAction\":[{\"@type\":\"SearchAction\",\"target\":{\"@type\":\"EntryPoint\",\"urlTemplate\":\"https:\\\/\\\/serbia.com\\\/?s={search_term_string}\"},\"query-input\":{\"@type\":\"PropertyValueSpecification\",\"valueRequired\":true,\"valueName\":\"search_term_string\"}}],\"inLanguage\":\"srpski\"}]}<\/script>\n<!-- \/ Yoast SEO plugin. -->","yoast_head_json":{"title":"Vrnja\u010dki karneval - Serbia.com","robots":{"index":"index","follow":"follow","max-snippet":"max-snippet:-1","max-image-preview":"max-image-preview:large","max-video-preview":"max-video-preview:-1"},"canonical":"https:\/\/serbia.com\/srpski\/posetite-srbiju\/kulturne-atrakcije\/festivali-i-manifestacije\/vrnjacki-karneval\/","og_locale":"en_US","og_type":"article","og_title":"Vrnja\u010dki karneval - Serbia.com","og_description":"Iako je zbog svojih prirodnih odlika \u017eiva tokom \u010ditave godine, Vrnja\u010dku banju kada traje Vrnja\u010dki karneval obuzmu poseban sjaj i zanos. U danima dok traje Vrnja\u010dki karneval, banja se pretvara [&hellip;]","og_url":"https:\/\/serbia.com\/srpski\/posetite-srbiju\/kulturne-atrakcije\/festivali-i-manifestacije\/vrnjacki-karneval\/","og_site_name":"Serbia.com","article_modified_time":"2024-10-20T12:16:25+00:00","og_image":[{"width":2592,"height":1944,"url":"https:\/\/serbia.com\/wp-content\/uploads\/2012\/12\/vrnjacka-banja-karneval-scaled-e1716974313672.jpg","type":"image\/jpeg"}],"twitter_misc":{"Est. reading time":"3 minutes"},"schema":{"@context":"https:\/\/schema.org","@graph":[{"@type":"WebPage","@id":"https:\/\/serbia.com\/srpski\/posetite-srbiju\/kulturne-atrakcije\/festivali-i-manifestacije\/vrnjacki-karneval\/","url":"https:\/\/serbia.com\/srpski\/posetite-srbiju\/kulturne-atrakcije\/festivali-i-manifestacije\/vrnjacki-karneval\/","name":"Vrnja\u010dki karneval - Serbia.com","isPartOf":{"@id":"https:\/\/serbia.com\/#website"},"primaryImageOfPage":{"@id":"https:\/\/serbia.com\/srpski\/posetite-srbiju\/kulturne-atrakcije\/festivali-i-manifestacije\/vrnjacki-karneval\/#primaryimage"},"image":{"@id":"https:\/\/serbia.com\/srpski\/posetite-srbiju\/kulturne-atrakcije\/festivali-i-manifestacije\/vrnjacki-karneval\/#primaryimage"},"thumbnailUrl":"https:\/\/serbia.com\/wp-content\/uploads\/2012\/12\/vrnjacka-banja-karneval-scaled-e1716974313672.jpg","datePublished":"2015-05-18T13:58:10+00:00","dateModified":"2024-10-20T12:16:25+00:00","breadcrumb":{"@id":"https:\/\/serbia.com\/srpski\/posetite-srbiju\/kulturne-atrakcije\/festivali-i-manifestacije\/vrnjacki-karneval\/#breadcrumb"},"inLanguage":"srpski","potentialAction":[{"@type":"ReadAction","target":["https:\/\/serbia.com\/srpski\/posetite-srbiju\/kulturne-atrakcije\/festivali-i-manifestacije\/vrnjacki-karneval\/"]}]},{"@type":"ImageObject","inLanguage":"srpski","@id":"https:\/\/serbia.com\/srpski\/posetite-srbiju\/kulturne-atrakcije\/festivali-i-manifestacije\/vrnjacki-karneval\/#primaryimage","url":"https:\/\/serbia.com\/wp-content\/uploads\/2012\/12\/vrnjacka-banja-karneval-scaled-e1716974313672.jpg","contentUrl":"https:\/\/serbia.com\/wp-content\/uploads\/2012\/12\/vrnjacka-banja-karneval-scaled-e1716974313672.jpg","width":"2592","height":"1944","caption":"Kada do\u0111ete na Vrnja\u010dki karneval, sve drugo prestaje da postoji - osim zabave!"},{"@type":"BreadcrumbList","@id":"https:\/\/serbia.com\/srpski\/posetite-srbiju\/kulturne-atrakcije\/festivali-i-manifestacije\/vrnjacki-karneval\/#breadcrumb","itemListElement":[{"@type":"ListItem","position":1,"name":"Home","item":"https:\/\/serbia.com\/srpski\/"},{"@type":"ListItem","position":2,"name":"Poseti Srbiju","item":"https:\/\/serbia.com\/srpski\/posetite-srbiju\/"},{"@type":"ListItem","position":3,"name":"Kulturne atrakcije","item":"https:\/\/serbia.com\/srpski\/posetite-srbiju\/kulturne-atrakcije\/"},{"@type":"ListItem","position":4,"name":"Festivali i manifestacije","item":"https:\/\/serbia.com\/srpski\/posetite-srbiju\/kulturne-atrakcije\/festivali-i-manifestacije\/"},{"@type":"ListItem","position":5,"name":"Vrnja\u010dki karneval"}]},{"@type":"WebSite","@id":"https:\/\/serbia.com\/#website","url":"https:\/\/serbia.com\/","name":"Serbia.com","description":"Your Gateway to Serbia","potentialAction":[{"@type":"SearchAction","target":{"@type":"EntryPoint","urlTemplate":"https:\/\/serbia.com\/?s={search_term_string}"},"query-input":{"@type":"PropertyValueSpecification","valueRequired":true,"valueName":"search_term_string"}}],"inLanguage":"srpski"}]}},"brizy_media":[],"_links":{"self":[{"href":"https:\/\/serbia.com\/srpski\/wp-json\/wp\/v2\/pages\/32276","targetHints":{"allow":["GET"]}}],"collection":[{"href":"https:\/\/serbia.com\/srpski\/wp-json\/wp\/v2\/pages"}],"about":[{"href":"https:\/\/serbia.com\/srpski\/wp-json\/wp\/v2\/types\/page"}],"author":[{"embeddable":true,"href":"https:\/\/serbia.com\/srpski\/wp-json\/wp\/v2\/users\/27"}],"replies":[{"embeddable":true,"href":"https:\/\/serbia.com\/srpski\/wp-json\/wp\/v2\/comments?post=32276"}],"version-history":[{"count":1,"href":"https:\/\/serbia.com\/srpski\/wp-json\/wp\/v2\/pages\/32276\/revisions"}],"predecessor-version":[{"id":55706,"href":"https:\/\/serbia.com\/srpski\/wp-json\/wp\/v2\/pages\/32276\/revisions\/55706"}],"up":[{"embeddable":true,"href":"https:\/\/serbia.com\/srpski\/wp-json\/wp\/v2\/pages\/20418"}],"wp:featuredmedia":[{"embeddable":true,"href":"https:\/\/serbia.com\/srpski\/wp-json\/wp\/v2\/media\/16744"}],"wp:attachment":[{"href":"https:\/\/serbia.com\/srpski\/wp-json\/wp\/v2\/media?parent=32276"}],"wp:term":[{"taxonomy":"category","embeddable":true,"href":"https:\/\/serbia.com\/srpski\/wp-json\/wp\/v2\/categories?post=32276"},{"taxonomy":"post_tag","embeddable":true,"href":"https:\/\/serbia.com\/srpski\/wp-json\/wp\/v2\/tags?post=32276"}],"curies":[{"name":"wp","href":"https:\/\/api.w.org\/{rel}","templated":true}]}}