{"id":32257,"date":"2015-05-18T15:24:26","date_gmt":"2015-05-18T13:24:26","guid":{"rendered":"http:\/\/www.serbia.com\/?page_id=32257"},"modified":"2024-10-20T14:10:53","modified_gmt":"2024-10-20T12:10:53","slug":"beogradska-regata","status":"publish","type":"page","link":"https:\/\/serbia.com\/srpski\/posetite-srbiju\/kulturne-atrakcije\/festivali-i-manifestacije\/beogradska-regata\/","title":{"rendered":"Beogradska regata"},"content":{"rendered":"<h4>U tri sata spu\u0161tanja niz Savu, Beogradska regata svakog leta promivi\u0161e lepote srpske prestonice i rafting kao sport i turisti\u010dku atrakciju.<\/h4>\n<p>Beogradska regata nudi<strong> jedinstven na\u010din da se na trasi duga\u010dkoj 6.5 kilometara od Maki\u0161a do kupali\u0161ta na <a href=\"http:\/\/www.serbia.com\/srpski\/posetite-srbiju\/prirodne-lepote\/reke-i-jezera\/ada-ciganlija-beogradsko-more\/\" target=\"_blank\" rel=\"noopener\">Adi Ciganliji<\/a> do\u017eivi glavni grad Srbije<\/strong>. Sve vreme je prati dobra muzika pa \u010ditava povorka na reci izgleda kao velika plutaju\u0107a \u017eurka na <a title=\"Reka Sava, ispomo\u0107 Zevsu\" href=\"http:\/\/www.serbia.com\/srpski\/posetite-srbiju\/prirodne-lepote\/reke-i-jezera\/reka-sava-ispomoc-zevsu\/\" target=\"_blank\" rel=\"noopener\"><strong>Savi<\/strong><\/a>.<\/p>\n<p><strong>U regati mogu da u\u010destvuju svi koji to \u017eele<\/strong> bilo da li imaju svoje plovilo ili ne, po\u0161to organizatori svake godine obezbe\u0111uju \u010damce za iznajmljivanje. Potrebno je samo prijaviti se, registrovati svoje plovilo kod organizatora, imati dovoljno pozitivne energije i voleti prirodu.<\/p>\n<p><img loading=\"lazy\" decoding=\"async\" class=\"aligncenter wp-image-32253\" src=\"http:\/\/www.serbia.com\/wp-content\/uploads\/2015\/05\/regata5.jpg\" alt=\"regata5\" width=\"800\" height=\"534\" srcset=\"https:\/\/serbia.com\/wp-content\/uploads\/2015\/05\/regata5.jpg 640w, https:\/\/serbia.com\/wp-content\/uploads\/2015\/05\/regata5-300x200.jpg 300w\" sizes=\"auto, (max-width: 800px) 100vw, 800px\" \/><\/p>\n<p>Po zavr\u0161etku spusta, bira se najveselija posada, a svi koji su u\u010destvovali u regati mogu da nastave zabavu na vodi takmi\u010denjem u <strong>rafting trci &#8220;Head-to-head&#8221;, ili na kopnu u\u010de\u0161\u0107em u turniru u odbojci na pesku<\/strong>.<\/p>\n<p>Beogradska regata ve\u0107 godinama dokazuje da <a title=\"Beograd\" href=\"http:\/\/www.serbia.com\/srpski\/posetite-srbiju\/gradovi\/beograd\/\" target=\"_blank\" rel=\"noopener\">Beograd<\/a> ne \u017eivi samo na asfaltu, ve\u0107 da se preko leta njegov centar spu\u0161ta na reke.<\/p>\n<h4>Gde se odr\u017eava Beogradska regata i kako do nje sti\u0107i?<\/h4>\n<p>Za one koji ne dolaze sopstvenim prevozom, preporu\u010dujemo autobusku liniju 92 koja polazi u 6:00h, 6:40h, 7:20h, 8:00h, 8:40h, 9:20h sa glavne \u017eelezni\u010dke stanice.<\/p>\n<h4>Kada ste ve\u0107 ovde, ne propustite\u2026<\/h4>\n<p>\u2026da obi\u0111ite <a title=\"Beogradska tvr\u0111ava: Put stopama istorije\" href=\"http:\/\/www.serbia.com\/srpski\/posetite-srbiju\/kulturne-atrakcije\/dvorci-i-tvrdave\/beogradska-tvrdava-put-stopama-istorije\/\" target=\"_blank\" rel=\"noopener\"><strong>Beogradsku tvr\u0111avu<\/strong><\/a>, simbol glavnog grada Srbije.<\/p>\n<p>Pro\u0161etajte <a href=\"https:\/\/serbia.com\/srpski\/skadarlija-vodic-kroz-boemsko-srce-beograda\/\"><strong>Skadarlijom<\/strong><\/a>, beogradskom boemskom \u010detvrti, i u\u017eivajte u specijalitetima <a title=\"Tradicionalna kuhinja\" href=\"http:\/\/www.serbia.com\/srpski\/o-srbiji\/tradicionalna-kuhinja\/\"><strong>tradicionalne kuhinj<\/strong><\/a><strong>e<\/strong> u nekoj od njenih <a title=\"Kafana, centar \u017eivota u Srbiji\" href=\"http:\/\/www.serbia.com\/srpski\/kafana-centar-zivota-u-srbiji\/\"><strong>kafana<\/strong><\/a>.<\/p>\n<p><strong><a href=\"http:\/\/www.serbia.com\/srpski\/zemun-2\/\" target=\"_blank\" rel=\"noopener\">Zemunskim kejom<\/a><\/strong> uz <a title=\"Dunav, mesto spajanja i razdvajanja\" href=\"http:\/\/www.serbia.com\/srpski\/posetite-srbiju\/prirodne-lepote\/reke-i-jezera\/dunav-mesto-spajanja-i-razdvajanja\/\" target=\"_blank\" rel=\"noopener\"><strong>Dunav<\/strong><\/a> do\u0111ite do <strong>Gardo\u0161a<\/strong> gde se nalaze ostaci zemunske tvr\u0111ave, i posetite prelepu kulu Sibinjanin Janka.<\/p>\n<p>Po\u0111ite pe\u0161ke od <strong>Kalemegdana Knez Mihailovom ulicom, Terazijama<\/strong>, zatim pravo ulicom Kralja Milana preko <strong>trga Slavija<\/strong> do veli\u010danstvenog <a href=\"https:\/\/serbia.com\/srpski\/hram-svetog-save-pravoslavno-srce-beograda\/\"><strong>hrama Svetog Save<\/strong><\/a>. Tako \u0107ete ujedno upoznati u\u017ei centar grada.<\/p>\n<p>Iskusite lud no\u0107ni provod na <a title=\"Splavovi, epicentri dobrog provoda\" href=\"http:\/\/www.serbia.com\/srpski\/posetite-srbiju\/provedi-se\/nocni-zivot\/splavovi-epicentri-dobrog-provoda\/\" target=\"_blank\" rel=\"noopener\"><strong>splavovima<\/strong><\/a> na Savi ispod \u017eelezni\u010dkog mosta koji se nalazi nedaleko od mesta na kome se odvija <a title=\"Beogradski karneval brodova\" href=\"http:\/\/www.serbia.com\/srpski\/posetite-srbiju\/kulturne-atrakcije\/festivali-i-manifestacije\/beogradski-karneval-brodova\/\" target=\"_blank\" rel=\"noopener\"><strong>Beogradski karneval brodova<\/strong><\/a>.<\/p>\n","protected":false},"excerpt":{"rendered":"<p>U tri sata spu\u0161tanja niz Savu, Beogradska regata svakog leta promivi\u0161e lepote srpske prestonice i rafting kao sport i turisti\u010dku atrakciju. Beogradska regata nudi jedinstven na\u010din da se na trasi [&hellip;]<\/p>\n","protected":false},"author":27,"featured_media":32243,"parent":20418,"menu_order":0,"comment_status":"closed","ping_status":"closed","template":"","meta":{"_acf_changed":false,"inline_featured_image":false,"_monsterinsights_skip_tracking":false,"_monsterinsights_sitenote_active":false,"_monsterinsights_sitenote_note":"","_monsterinsights_sitenote_category":0,"footnotes":""},"categories":[1696],"tags":[],"class_list":["post-32257","page","type-page","status-publish","has-post-thumbnail","hentry","category-festivali-manifestacije"],"acf":[],"yoast_head":"<!-- This site is optimized with the Yoast SEO plugin v27.4 - https:\/\/yoast.com\/product\/yoast-seo-wordpress\/ -->\n<title>Beogradska regata - Serbia.com<\/title>\n<meta name=\"robots\" content=\"index, follow, max-snippet:-1, max-image-preview:large, max-video-preview:-1\" \/>\n<link rel=\"canonical\" href=\"https:\/\/serbia.com\/srpski\/posetite-srbiju\/kulturne-atrakcije\/festivali-i-manifestacije\/beogradska-regata\/\" \/>\n<meta property=\"og:locale\" content=\"en_US\" \/>\n<meta property=\"og:type\" content=\"article\" \/>\n<meta property=\"og:title\" content=\"Beogradska regata - Serbia.com\" \/>\n<meta property=\"og:description\" content=\"U tri sata spu\u0161tanja niz Savu, Beogradska regata svakog leta promivi\u0161e lepote srpske prestonice i rafting kao sport i turisti\u010dku atrakciju. Beogradska regata nudi jedinstven na\u010din da se na trasi [&hellip;]\" \/>\n<meta property=\"og:url\" content=\"https:\/\/serbia.com\/srpski\/posetite-srbiju\/kulturne-atrakcije\/festivali-i-manifestacije\/beogradska-regata\/\" \/>\n<meta property=\"og:site_name\" content=\"Serbia.com\" \/>\n<meta property=\"article:modified_time\" content=\"2024-10-20T12:10:53+00:00\" \/>\n<meta property=\"og:image\" content=\"https:\/\/serbia.com\/wp-content\/uploads\/2015\/05\/regata.jpg\" \/>\n\t<meta property=\"og:image:width\" content=\"1201\" \/>\n\t<meta property=\"og:image:height\" content=\"501\" \/>\n\t<meta property=\"og:image:type\" content=\"image\/jpeg\" \/>\n<meta name=\"twitter:label1\" content=\"Est. reading time\" \/>\n\t<meta name=\"twitter:data1\" content=\"2 minutes\" \/>\n<script type=\"application\/ld+json\" class=\"yoast-schema-graph\">{\"@context\":\"https:\\\/\\\/schema.org\",\"@graph\":[{\"@type\":\"WebPage\",\"@id\":\"https:\\\/\\\/serbia.com\\\/srpski\\\/posetite-srbiju\\\/kulturne-atrakcije\\\/festivali-i-manifestacije\\\/beogradska-regata\\\/\",\"url\":\"https:\\\/\\\/serbia.com\\\/srpski\\\/posetite-srbiju\\\/kulturne-atrakcije\\\/festivali-i-manifestacije\\\/beogradska-regata\\\/\",\"name\":\"Beogradska regata - Serbia.com\",\"isPartOf\":{\"@id\":\"https:\\\/\\\/serbia.com\\\/#website\"},\"primaryImageOfPage\":{\"@id\":\"https:\\\/\\\/serbia.com\\\/srpski\\\/posetite-srbiju\\\/kulturne-atrakcije\\\/festivali-i-manifestacije\\\/beogradska-regata\\\/#primaryimage\"},\"image\":{\"@id\":\"https:\\\/\\\/serbia.com\\\/srpski\\\/posetite-srbiju\\\/kulturne-atrakcije\\\/festivali-i-manifestacije\\\/beogradska-regata\\\/#primaryimage\"},\"thumbnailUrl\":\"https:\\\/\\\/serbia.com\\\/wp-content\\\/uploads\\\/2015\\\/05\\\/regata.jpg\",\"datePublished\":\"2015-05-18T13:24:26+00:00\",\"dateModified\":\"2024-10-20T12:10:53+00:00\",\"breadcrumb\":{\"@id\":\"https:\\\/\\\/serbia.com\\\/srpski\\\/posetite-srbiju\\\/kulturne-atrakcije\\\/festivali-i-manifestacije\\\/beogradska-regata\\\/#breadcrumb\"},\"inLanguage\":\"srpski\",\"potentialAction\":[{\"@type\":\"ReadAction\",\"target\":[\"https:\\\/\\\/serbia.com\\\/srpski\\\/posetite-srbiju\\\/kulturne-atrakcije\\\/festivali-i-manifestacije\\\/beogradska-regata\\\/\"]}]},{\"@type\":\"ImageObject\",\"inLanguage\":\"srpski\",\"@id\":\"https:\\\/\\\/serbia.com\\\/srpski\\\/posetite-srbiju\\\/kulturne-atrakcije\\\/festivali-i-manifestacije\\\/beogradska-regata\\\/#primaryimage\",\"url\":\"https:\\\/\\\/serbia.com\\\/wp-content\\\/uploads\\\/2015\\\/05\\\/regata.jpg\",\"contentUrl\":\"https:\\\/\\\/serbia.com\\\/wp-content\\\/uploads\\\/2015\\\/05\\\/regata.jpg\",\"width\":1201,\"height\":501},{\"@type\":\"BreadcrumbList\",\"@id\":\"https:\\\/\\\/serbia.com\\\/srpski\\\/posetite-srbiju\\\/kulturne-atrakcije\\\/festivali-i-manifestacije\\\/beogradska-regata\\\/#breadcrumb\",\"itemListElement\":[{\"@type\":\"ListItem\",\"position\":1,\"name\":\"Home\",\"item\":\"https:\\\/\\\/serbia.com\\\/srpski\\\/\"},{\"@type\":\"ListItem\",\"position\":2,\"name\":\"Poseti Srbiju\",\"item\":\"https:\\\/\\\/serbia.com\\\/srpski\\\/posetite-srbiju\\\/\"},{\"@type\":\"ListItem\",\"position\":3,\"name\":\"Kulturne atrakcije\",\"item\":\"https:\\\/\\\/serbia.com\\\/srpski\\\/posetite-srbiju\\\/kulturne-atrakcije\\\/\"},{\"@type\":\"ListItem\",\"position\":4,\"name\":\"Festivali i manifestacije\",\"item\":\"https:\\\/\\\/serbia.com\\\/srpski\\\/posetite-srbiju\\\/kulturne-atrakcije\\\/festivali-i-manifestacije\\\/\"},{\"@type\":\"ListItem\",\"position\":5,\"name\":\"Beogradska regata\"}]},{\"@type\":\"WebSite\",\"@id\":\"https:\\\/\\\/serbia.com\\\/#website\",\"url\":\"https:\\\/\\\/serbia.com\\\/\",\"name\":\"Serbia.com\",\"description\":\"Your Gateway to Serbia\",\"potentialAction\":[{\"@type\":\"SearchAction\",\"target\":{\"@type\":\"EntryPoint\",\"urlTemplate\":\"https:\\\/\\\/serbia.com\\\/?s={search_term_string}\"},\"query-input\":{\"@type\":\"PropertyValueSpecification\",\"valueRequired\":true,\"valueName\":\"search_term_string\"}}],\"inLanguage\":\"srpski\"}]}<\/script>\n<!-- \/ Yoast SEO plugin. -->","yoast_head_json":{"title":"Beogradska regata - Serbia.com","robots":{"index":"index","follow":"follow","max-snippet":"max-snippet:-1","max-image-preview":"max-image-preview:large","max-video-preview":"max-video-preview:-1"},"canonical":"https:\/\/serbia.com\/srpski\/posetite-srbiju\/kulturne-atrakcije\/festivali-i-manifestacije\/beogradska-regata\/","og_locale":"en_US","og_type":"article","og_title":"Beogradska regata - Serbia.com","og_description":"U tri sata spu\u0161tanja niz Savu, Beogradska regata svakog leta promivi\u0161e lepote srpske prestonice i rafting kao sport i turisti\u010dku atrakciju. Beogradska regata nudi jedinstven na\u010din da se na trasi [&hellip;]","og_url":"https:\/\/serbia.com\/srpski\/posetite-srbiju\/kulturne-atrakcije\/festivali-i-manifestacije\/beogradska-regata\/","og_site_name":"Serbia.com","article_modified_time":"2024-10-20T12:10:53+00:00","og_image":[{"width":1201,"height":501,"url":"https:\/\/serbia.com\/wp-content\/uploads\/2015\/05\/regata.jpg","type":"image\/jpeg"}],"twitter_misc":{"Est. reading time":"2 minutes"},"schema":{"@context":"https:\/\/schema.org","@graph":[{"@type":"WebPage","@id":"https:\/\/serbia.com\/srpski\/posetite-srbiju\/kulturne-atrakcije\/festivali-i-manifestacije\/beogradska-regata\/","url":"https:\/\/serbia.com\/srpski\/posetite-srbiju\/kulturne-atrakcije\/festivali-i-manifestacije\/beogradska-regata\/","name":"Beogradska regata - Serbia.com","isPartOf":{"@id":"https:\/\/serbia.com\/#website"},"primaryImageOfPage":{"@id":"https:\/\/serbia.com\/srpski\/posetite-srbiju\/kulturne-atrakcije\/festivali-i-manifestacije\/beogradska-regata\/#primaryimage"},"image":{"@id":"https:\/\/serbia.com\/srpski\/posetite-srbiju\/kulturne-atrakcije\/festivali-i-manifestacije\/beogradska-regata\/#primaryimage"},"thumbnailUrl":"https:\/\/serbia.com\/wp-content\/uploads\/2015\/05\/regata.jpg","datePublished":"2015-05-18T13:24:26+00:00","dateModified":"2024-10-20T12:10:53+00:00","breadcrumb":{"@id":"https:\/\/serbia.com\/srpski\/posetite-srbiju\/kulturne-atrakcije\/festivali-i-manifestacije\/beogradska-regata\/#breadcrumb"},"inLanguage":"srpski","potentialAction":[{"@type":"ReadAction","target":["https:\/\/serbia.com\/srpski\/posetite-srbiju\/kulturne-atrakcije\/festivali-i-manifestacije\/beogradska-regata\/"]}]},{"@type":"ImageObject","inLanguage":"srpski","@id":"https:\/\/serbia.com\/srpski\/posetite-srbiju\/kulturne-atrakcije\/festivali-i-manifestacije\/beogradska-regata\/#primaryimage","url":"https:\/\/serbia.com\/wp-content\/uploads\/2015\/05\/regata.jpg","contentUrl":"https:\/\/serbia.com\/wp-content\/uploads\/2015\/05\/regata.jpg","width":1201,"height":501},{"@type":"BreadcrumbList","@id":"https:\/\/serbia.com\/srpski\/posetite-srbiju\/kulturne-atrakcije\/festivali-i-manifestacije\/beogradska-regata\/#breadcrumb","itemListElement":[{"@type":"ListItem","position":1,"name":"Home","item":"https:\/\/serbia.com\/srpski\/"},{"@type":"ListItem","position":2,"name":"Poseti Srbiju","item":"https:\/\/serbia.com\/srpski\/posetite-srbiju\/"},{"@type":"ListItem","position":3,"name":"Kulturne atrakcije","item":"https:\/\/serbia.com\/srpski\/posetite-srbiju\/kulturne-atrakcije\/"},{"@type":"ListItem","position":4,"name":"Festivali i manifestacije","item":"https:\/\/serbia.com\/srpski\/posetite-srbiju\/kulturne-atrakcije\/festivali-i-manifestacije\/"},{"@type":"ListItem","position":5,"name":"Beogradska regata"}]},{"@type":"WebSite","@id":"https:\/\/serbia.com\/#website","url":"https:\/\/serbia.com\/","name":"Serbia.com","description":"Your Gateway to Serbia","potentialAction":[{"@type":"SearchAction","target":{"@type":"EntryPoint","urlTemplate":"https:\/\/serbia.com\/?s={search_term_string}"},"query-input":{"@type":"PropertyValueSpecification","valueRequired":true,"valueName":"search_term_string"}}],"inLanguage":"srpski"}]}},"brizy_media":[],"_links":{"self":[{"href":"https:\/\/serbia.com\/srpski\/wp-json\/wp\/v2\/pages\/32257","targetHints":{"allow":["GET"]}}],"collection":[{"href":"https:\/\/serbia.com\/srpski\/wp-json\/wp\/v2\/pages"}],"about":[{"href":"https:\/\/serbia.com\/srpski\/wp-json\/wp\/v2\/types\/page"}],"author":[{"embeddable":true,"href":"https:\/\/serbia.com\/srpski\/wp-json\/wp\/v2\/users\/27"}],"replies":[{"embeddable":true,"href":"https:\/\/serbia.com\/srpski\/wp-json\/wp\/v2\/comments?post=32257"}],"version-history":[{"count":1,"href":"https:\/\/serbia.com\/srpski\/wp-json\/wp\/v2\/pages\/32257\/revisions"}],"predecessor-version":[{"id":55705,"href":"https:\/\/serbia.com\/srpski\/wp-json\/wp\/v2\/pages\/32257\/revisions\/55705"}],"up":[{"embeddable":true,"href":"https:\/\/serbia.com\/srpski\/wp-json\/wp\/v2\/pages\/20418"}],"wp:featuredmedia":[{"embeddable":true,"href":"https:\/\/serbia.com\/srpski\/wp-json\/wp\/v2\/media\/32243"}],"wp:attachment":[{"href":"https:\/\/serbia.com\/srpski\/wp-json\/wp\/v2\/media?parent=32257"}],"wp:term":[{"taxonomy":"category","embeddable":true,"href":"https:\/\/serbia.com\/srpski\/wp-json\/wp\/v2\/categories?post=32257"},{"taxonomy":"post_tag","embeddable":true,"href":"https:\/\/serbia.com\/srpski\/wp-json\/wp\/v2\/tags?post=32257"}],"curies":[{"name":"wp","href":"https:\/\/api.w.org\/{rel}","templated":true}]}}