{"id":32236,"date":"2015-05-18T15:00:40","date_gmt":"2015-05-18T13:00:40","guid":{"rendered":"http:\/\/www.serbia.com\/?page_id=32236"},"modified":"2024-10-20T14:09:52","modified_gmt":"2024-10-20T12:09:52","slug":"beogradski-karneval-brodova","status":"publish","type":"page","link":"https:\/\/serbia.com\/srpski\/posetite-srbiju\/kulturne-atrakcije\/festivali-i-manifestacije\/beogradski-karneval-brodova\/","title":{"rendered":"Beogradski karneval brodova"},"content":{"rendered":"<h4>Beogradski karneval brodova praznik je reka srpske prestonice, pra\u0107ena velikom \u017eurkom i karnevalskim defileom oki\u0107enih brodova od Brankovog mosta do u\u0161\u0107a Save u Dunav<\/h4>\n<p>Beogradski karneval brodova je letnja manifestacija koja traje jedan dan, a nastala je 2004. godine sa ciljem da promovi\u0161e reke i nauti\u010dki turizam glavnog grada Srbije kroz <strong>uzavrelu karnevalsku atmosferu<\/strong>.<\/p>\n<p>Za vreme trajanja <strong>defilea na vodi<\/strong>, brodovi izvode razne akrobacije i ujedno predstavljaju publici svoje karnevalsko ruho.<\/p>\n<p>Na \u0161etali\u0161tu iznad pristani\u0161ta na <a href=\"http:\/\/www.serbia.com\/srpski\/posetite-srbiju\/prirodne-lepote\/reke-i-jezera\/reka-sava-ispomoc-zevsu\/\" target=\"_blank\" rel=\"noopener\">Savi<\/a>, <strong>pore\u0111ani su \u0161tandovi sa antikvitetima, <a href=\"http:\/\/www.serbia.com\/srpski\/suveniri-iz-srbije-poklon-od-srca\/\" target=\"_blank\" rel=\"noopener\">suvenirima iz Srbije<\/a>, \u0161arenim maskama, nakitom i va\u0161arskim poslasticama.<\/strong><\/p>\n<p>Izme\u0111u njih defiluju karnevalske povorke sa\u010dinjene od ma\u017eoretkinja, orkestara, plesnih grupa, klovnova, ma\u0111ioni\u010dara&#8230;<\/p>\n<p>Beogradski karneval brodova prate <strong>koncerti poznatih srpskih bendova<\/strong> koji traju do kasno u no\u0107, a karneval se zavr\u0161ava progla\u0161enjem najlep\u0161e oki\u0107enog broda i <strong>veli\u010danstvenim vatrometom<\/strong>.<\/p>\n<h4>Kako sti\u0107i na Beogradski karneval brodova?<\/h4>\n<p>U <a title=\"Beograd\" href=\"http:\/\/www.serbia.com\/srpski\/posetite-srbiju\/gradovi\/beograd\/\" target=\"_blank\" rel=\"noopener\">Beograd<\/a> je mogu\u0107e do\u0107i avionom, vozom, autobusom, automobilom i brodom.<\/p>\n<p>Nacionalni avio-prevoznik, Air Serbia\u00a0kao i mnoge strane avio kompanije odr\u017eavaju redovne linije iz Beograda ka brojnim svetskim destinacijama, sa Aerodroma &#8220;Nikola Tesla&#8221;.<\/p>\n<p>Redovne autobuske linije povezuju Beograd sa svim delovima Srbije. Postoje i brojne me\u0111unarodne autobuske linije koje saobra\u0107aju do susednih zemalja i ve\u0107ine evropskih zemalja.<\/p>\n<p>Ukoliko se u Beograd zaputite automobilom, onda pratite evropske puteve E-70 i E-75, jer se ovaj grad nalazi na preseku tih puteva.<\/p>\n<p>Razgranata mre\u017ea \u017eelezni\u010dkog saobra\u0107aja povezuje Beograd sa svim krajevima Evrope, i mnogim delovima Srbije dnevnim i no\u0107nim vozovima.<\/p>\n<p>Veliki broj evropskih kompanija organizuju krstarenja Dunavom do Beograda.<\/p>\n<p>Sam festival se odr\u017eava na savskom pristani\u0161tu, ispod Brankovog mosta dokle mo\u017eete da do\u0111ete pe\u0161aka.<\/p>\n<h4>Kada ste ve\u0107 ovde, ne propustite&#8230;<\/h4>\n<p>&#8230;da obi\u0111ite <a title=\"Beogradska tvr\u0111ava: Put stopama istorije\" href=\"http:\/\/www.serbia.com\/srpski\/posetite-srbiju\/sta-videti\/kulturne-atrakcije\/dvorci-i-tvrdave\/beogradska-tvrdava-put-stopama-istorije\/\"><strong>Beogradsku tvr\u0111avu<\/strong><\/a>, simbol glavnog grada Srbije.<\/p>\n<p>Pro\u0161etajte <a href=\"https:\/\/serbia.com\/srpski\/skadarlija-vodic-kroz-boemsko-srce-beograda\/\"><strong>Skadarlijom<\/strong><\/a>, beogradskom boemskom \u010detvrti, i u\u017eivajte u specijalitetima <a title=\"Tradicionalna kuhinja\" href=\"http:\/\/www.serbia.com\/srpski\/o-srbiji\/tradicionalna-kuhinja\/\"><strong>tradicionalne kuhinje<\/strong><\/a> u nekoj od njenih <a title=\"Kafana, centar \u017eivota u Srbiji\" href=\"http:\/\/www.serbia.com\/srpski\/posetite-srbiju\/provedi-se\/nocni-zivot\/kafana-centar-zivota-u-srbiji\/\" target=\"_blank\" rel=\"noopener\"><strong>kafana<\/strong><\/a>.<\/p>\n<p><strong><a href=\"http:\/\/www.serbia.com\/srpski\/zemun-2\/\" target=\"_blank\" rel=\"noopener\">Zemunskim kejom<\/a><\/strong> uz <a title=\"Dunav, mesto spajanja i razdvajanja\" href=\"http:\/\/www.serbia.com\/srpski\/posetite-srbiju\/prirodne-lepote\/reke-i-jezera\/dunav-mesto-spajanja-i-razdvajanja\/\" target=\"_blank\" rel=\"noopener\">Dun<\/a><a title=\"Dunav, mesto spajanja i razdvajanja\" href=\"http:\/\/www.serbia.com\/srpski\/posetite-srbiju\/prirodne-lepote\/reke-i-jezera\/dunav-mesto-spajanja-i-razdvajanja\/\" target=\"_blank\" rel=\"noopener\">av<\/a> do\u0111ite do <strong>Gardo\u0161a<\/strong> gde se nalaze ostaci zemunske tvr\u0111ave, i posetite prelepu kulu Sibinjanin Janka.<\/p>\n<p>Po\u0111ite pe\u0161ke od <strong>Kalemegdana Knez Mihailovom ulicom, Terazijama<\/strong>, zatim pravo ulicom Kralja Milana preko <strong>trga Slavija<\/strong> do veli\u010danstvenog <a href=\"https:\/\/serbia.com\/srpski\/hram-svetog-save-pravoslavno-srce-beograda\/\"><strong>hrama Svetog Save<\/strong><\/a>. Tako \u0107ete ujedno upoznati u\u017ei centar grada.<\/p>\n<p>Iskusite lud no\u0107ni provod na <a title=\"Splavovi, epicentri dobrog provoda\" href=\"http:\/\/www.serbia.com\/srpski\/posetite-srbiju\/provedi-se\/nocni-zivot\/splavovi-epicentri-dobrog-provoda\/\" target=\"_blank\" rel=\"noopener\"><strong>splavovima<\/strong><\/a> na <a title=\"Reka Sava, ispomo\u0107 Zevsu\" href=\"http:\/\/www.serbia.com\/srpski\/posetite-srbiju\/prirodne-lepote\/reke-i-jezera\/reka-sava-ispomoc-zevsu\/\" target=\"_blank\" rel=\"noopener\"><strong>Savi<\/strong><\/a> ispod \u017eelezni\u010dkog mosta koji se nalazi nedaleko od mesta na kome se odvija Beogradski karneval brodova.<\/p>\n","protected":false},"excerpt":{"rendered":"<p>Beogradski karneval brodova praznik je reka srpske prestonice, pra\u0107ena velikom \u017eurkom i karnevalskim defileom oki\u0107enih brodova od Brankovog mosta do u\u0161\u0107a Save u Dunav Beogradski karneval brodova je letnja manifestacija [&hellip;]<\/p>\n","protected":false},"author":27,"featured_media":32229,"parent":20418,"menu_order":0,"comment_status":"closed","ping_status":"closed","template":"","meta":{"_acf_changed":false,"inline_featured_image":false,"_monsterinsights_skip_tracking":false,"_monsterinsights_sitenote_active":false,"_monsterinsights_sitenote_note":"","_monsterinsights_sitenote_category":0,"footnotes":""},"categories":[1696],"tags":[],"class_list":["post-32236","page","type-page","status-publish","has-post-thumbnail","hentry","category-festivali-manifestacije"],"acf":[],"yoast_head":"<!-- This site is optimized with the Yoast SEO plugin v27.4 - https:\/\/yoast.com\/product\/yoast-seo-wordpress\/ -->\n<title>Beogradski karneval brodova - Serbia.com<\/title>\n<meta name=\"robots\" content=\"index, follow, max-snippet:-1, max-image-preview:large, max-video-preview:-1\" \/>\n<link rel=\"canonical\" href=\"https:\/\/serbia.com\/srpski\/posetite-srbiju\/kulturne-atrakcije\/festivali-i-manifestacije\/beogradski-karneval-brodova\/\" \/>\n<meta property=\"og:locale\" content=\"en_US\" \/>\n<meta property=\"og:type\" content=\"article\" \/>\n<meta property=\"og:title\" content=\"Beogradski karneval brodova - Serbia.com\" \/>\n<meta property=\"og:description\" content=\"Beogradski karneval brodova praznik je reka srpske prestonice, pra\u0107ena velikom \u017eurkom i karnevalskim defileom oki\u0107enih brodova od Brankovog mosta do u\u0161\u0107a Save u Dunav Beogradski karneval brodova je letnja manifestacija [&hellip;]\" \/>\n<meta property=\"og:url\" content=\"https:\/\/serbia.com\/srpski\/posetite-srbiju\/kulturne-atrakcije\/festivali-i-manifestacije\/beogradski-karneval-brodova\/\" \/>\n<meta property=\"og:site_name\" content=\"Serbia.com\" \/>\n<meta property=\"article:modified_time\" content=\"2024-10-20T12:09:52+00:00\" \/>\n<meta property=\"og:image\" content=\"https:\/\/serbia.com\/wp-content\/uploads\/2015\/05\/boat4444.jpg\" \/>\n\t<meta property=\"og:image:width\" content=\"1600\" \/>\n\t<meta property=\"og:image:height\" content=\"803\" \/>\n\t<meta property=\"og:image:type\" content=\"image\/jpeg\" \/>\n<meta name=\"twitter:label1\" content=\"Est. reading time\" \/>\n\t<meta name=\"twitter:data1\" content=\"2 minutes\" \/>\n<script type=\"application\/ld+json\" class=\"yoast-schema-graph\">{\"@context\":\"https:\\\/\\\/schema.org\",\"@graph\":[{\"@type\":\"WebPage\",\"@id\":\"https:\\\/\\\/serbia.com\\\/srpski\\\/posetite-srbiju\\\/kulturne-atrakcije\\\/festivali-i-manifestacije\\\/beogradski-karneval-brodova\\\/\",\"url\":\"https:\\\/\\\/serbia.com\\\/srpski\\\/posetite-srbiju\\\/kulturne-atrakcije\\\/festivali-i-manifestacije\\\/beogradski-karneval-brodova\\\/\",\"name\":\"Beogradski karneval brodova - Serbia.com\",\"isPartOf\":{\"@id\":\"https:\\\/\\\/serbia.com\\\/#website\"},\"primaryImageOfPage\":{\"@id\":\"https:\\\/\\\/serbia.com\\\/srpski\\\/posetite-srbiju\\\/kulturne-atrakcije\\\/festivali-i-manifestacije\\\/beogradski-karneval-brodova\\\/#primaryimage\"},\"image\":{\"@id\":\"https:\\\/\\\/serbia.com\\\/srpski\\\/posetite-srbiju\\\/kulturne-atrakcije\\\/festivali-i-manifestacije\\\/beogradski-karneval-brodova\\\/#primaryimage\"},\"thumbnailUrl\":\"https:\\\/\\\/serbia.com\\\/wp-content\\\/uploads\\\/2015\\\/05\\\/boat4444.jpg\",\"datePublished\":\"2015-05-18T13:00:40+00:00\",\"dateModified\":\"2024-10-20T12:09:52+00:00\",\"breadcrumb\":{\"@id\":\"https:\\\/\\\/serbia.com\\\/srpski\\\/posetite-srbiju\\\/kulturne-atrakcije\\\/festivali-i-manifestacije\\\/beogradski-karneval-brodova\\\/#breadcrumb\"},\"inLanguage\":\"srpski\",\"potentialAction\":[{\"@type\":\"ReadAction\",\"target\":[\"https:\\\/\\\/serbia.com\\\/srpski\\\/posetite-srbiju\\\/kulturne-atrakcije\\\/festivali-i-manifestacije\\\/beogradski-karneval-brodova\\\/\"]}]},{\"@type\":\"ImageObject\",\"inLanguage\":\"srpski\",\"@id\":\"https:\\\/\\\/serbia.com\\\/srpski\\\/posetite-srbiju\\\/kulturne-atrakcije\\\/festivali-i-manifestacije\\\/beogradski-karneval-brodova\\\/#primaryimage\",\"url\":\"https:\\\/\\\/serbia.com\\\/wp-content\\\/uploads\\\/2015\\\/05\\\/boat4444.jpg\",\"contentUrl\":\"https:\\\/\\\/serbia.com\\\/wp-content\\\/uploads\\\/2015\\\/05\\\/boat4444.jpg\",\"width\":1600,\"height\":803},{\"@type\":\"BreadcrumbList\",\"@id\":\"https:\\\/\\\/serbia.com\\\/srpski\\\/posetite-srbiju\\\/kulturne-atrakcije\\\/festivali-i-manifestacije\\\/beogradski-karneval-brodova\\\/#breadcrumb\",\"itemListElement\":[{\"@type\":\"ListItem\",\"position\":1,\"name\":\"Home\",\"item\":\"https:\\\/\\\/serbia.com\\\/srpski\\\/\"},{\"@type\":\"ListItem\",\"position\":2,\"name\":\"Poseti Srbiju\",\"item\":\"https:\\\/\\\/serbia.com\\\/srpski\\\/posetite-srbiju\\\/\"},{\"@type\":\"ListItem\",\"position\":3,\"name\":\"Kulturne atrakcije\",\"item\":\"https:\\\/\\\/serbia.com\\\/srpski\\\/posetite-srbiju\\\/kulturne-atrakcije\\\/\"},{\"@type\":\"ListItem\",\"position\":4,\"name\":\"Festivali i manifestacije\",\"item\":\"https:\\\/\\\/serbia.com\\\/srpski\\\/posetite-srbiju\\\/kulturne-atrakcije\\\/festivali-i-manifestacije\\\/\"},{\"@type\":\"ListItem\",\"position\":5,\"name\":\"Beogradski karneval brodova\"}]},{\"@type\":\"WebSite\",\"@id\":\"https:\\\/\\\/serbia.com\\\/#website\",\"url\":\"https:\\\/\\\/serbia.com\\\/\",\"name\":\"Serbia.com\",\"description\":\"Your Gateway to Serbia\",\"potentialAction\":[{\"@type\":\"SearchAction\",\"target\":{\"@type\":\"EntryPoint\",\"urlTemplate\":\"https:\\\/\\\/serbia.com\\\/?s={search_term_string}\"},\"query-input\":{\"@type\":\"PropertyValueSpecification\",\"valueRequired\":true,\"valueName\":\"search_term_string\"}}],\"inLanguage\":\"srpski\"}]}<\/script>\n<!-- \/ Yoast SEO plugin. -->","yoast_head_json":{"title":"Beogradski karneval brodova - Serbia.com","robots":{"index":"index","follow":"follow","max-snippet":"max-snippet:-1","max-image-preview":"max-image-preview:large","max-video-preview":"max-video-preview:-1"},"canonical":"https:\/\/serbia.com\/srpski\/posetite-srbiju\/kulturne-atrakcije\/festivali-i-manifestacije\/beogradski-karneval-brodova\/","og_locale":"en_US","og_type":"article","og_title":"Beogradski karneval brodova - Serbia.com","og_description":"Beogradski karneval brodova praznik je reka srpske prestonice, pra\u0107ena velikom \u017eurkom i karnevalskim defileom oki\u0107enih brodova od Brankovog mosta do u\u0161\u0107a Save u Dunav Beogradski karneval brodova je letnja manifestacija [&hellip;]","og_url":"https:\/\/serbia.com\/srpski\/posetite-srbiju\/kulturne-atrakcije\/festivali-i-manifestacije\/beogradski-karneval-brodova\/","og_site_name":"Serbia.com","article_modified_time":"2024-10-20T12:09:52+00:00","og_image":[{"width":1600,"height":803,"url":"https:\/\/serbia.com\/wp-content\/uploads\/2015\/05\/boat4444.jpg","type":"image\/jpeg"}],"twitter_misc":{"Est. reading time":"2 minutes"},"schema":{"@context":"https:\/\/schema.org","@graph":[{"@type":"WebPage","@id":"https:\/\/serbia.com\/srpski\/posetite-srbiju\/kulturne-atrakcije\/festivali-i-manifestacije\/beogradski-karneval-brodova\/","url":"https:\/\/serbia.com\/srpski\/posetite-srbiju\/kulturne-atrakcije\/festivali-i-manifestacije\/beogradski-karneval-brodova\/","name":"Beogradski karneval brodova - Serbia.com","isPartOf":{"@id":"https:\/\/serbia.com\/#website"},"primaryImageOfPage":{"@id":"https:\/\/serbia.com\/srpski\/posetite-srbiju\/kulturne-atrakcije\/festivali-i-manifestacije\/beogradski-karneval-brodova\/#primaryimage"},"image":{"@id":"https:\/\/serbia.com\/srpski\/posetite-srbiju\/kulturne-atrakcije\/festivali-i-manifestacije\/beogradski-karneval-brodova\/#primaryimage"},"thumbnailUrl":"https:\/\/serbia.com\/wp-content\/uploads\/2015\/05\/boat4444.jpg","datePublished":"2015-05-18T13:00:40+00:00","dateModified":"2024-10-20T12:09:52+00:00","breadcrumb":{"@id":"https:\/\/serbia.com\/srpski\/posetite-srbiju\/kulturne-atrakcije\/festivali-i-manifestacije\/beogradski-karneval-brodova\/#breadcrumb"},"inLanguage":"srpski","potentialAction":[{"@type":"ReadAction","target":["https:\/\/serbia.com\/srpski\/posetite-srbiju\/kulturne-atrakcije\/festivali-i-manifestacije\/beogradski-karneval-brodova\/"]}]},{"@type":"ImageObject","inLanguage":"srpski","@id":"https:\/\/serbia.com\/srpski\/posetite-srbiju\/kulturne-atrakcije\/festivali-i-manifestacije\/beogradski-karneval-brodova\/#primaryimage","url":"https:\/\/serbia.com\/wp-content\/uploads\/2015\/05\/boat4444.jpg","contentUrl":"https:\/\/serbia.com\/wp-content\/uploads\/2015\/05\/boat4444.jpg","width":1600,"height":803},{"@type":"BreadcrumbList","@id":"https:\/\/serbia.com\/srpski\/posetite-srbiju\/kulturne-atrakcije\/festivali-i-manifestacije\/beogradski-karneval-brodova\/#breadcrumb","itemListElement":[{"@type":"ListItem","position":1,"name":"Home","item":"https:\/\/serbia.com\/srpski\/"},{"@type":"ListItem","position":2,"name":"Poseti Srbiju","item":"https:\/\/serbia.com\/srpski\/posetite-srbiju\/"},{"@type":"ListItem","position":3,"name":"Kulturne atrakcije","item":"https:\/\/serbia.com\/srpski\/posetite-srbiju\/kulturne-atrakcije\/"},{"@type":"ListItem","position":4,"name":"Festivali i manifestacije","item":"https:\/\/serbia.com\/srpski\/posetite-srbiju\/kulturne-atrakcije\/festivali-i-manifestacije\/"},{"@type":"ListItem","position":5,"name":"Beogradski karneval brodova"}]},{"@type":"WebSite","@id":"https:\/\/serbia.com\/#website","url":"https:\/\/serbia.com\/","name":"Serbia.com","description":"Your Gateway to Serbia","potentialAction":[{"@type":"SearchAction","target":{"@type":"EntryPoint","urlTemplate":"https:\/\/serbia.com\/?s={search_term_string}"},"query-input":{"@type":"PropertyValueSpecification","valueRequired":true,"valueName":"search_term_string"}}],"inLanguage":"srpski"}]}},"brizy_media":[],"_links":{"self":[{"href":"https:\/\/serbia.com\/srpski\/wp-json\/wp\/v2\/pages\/32236","targetHints":{"allow":["GET"]}}],"collection":[{"href":"https:\/\/serbia.com\/srpski\/wp-json\/wp\/v2\/pages"}],"about":[{"href":"https:\/\/serbia.com\/srpski\/wp-json\/wp\/v2\/types\/page"}],"author":[{"embeddable":true,"href":"https:\/\/serbia.com\/srpski\/wp-json\/wp\/v2\/users\/27"}],"replies":[{"embeddable":true,"href":"https:\/\/serbia.com\/srpski\/wp-json\/wp\/v2\/comments?post=32236"}],"version-history":[{"count":1,"href":"https:\/\/serbia.com\/srpski\/wp-json\/wp\/v2\/pages\/32236\/revisions"}],"predecessor-version":[{"id":55704,"href":"https:\/\/serbia.com\/srpski\/wp-json\/wp\/v2\/pages\/32236\/revisions\/55704"}],"up":[{"embeddable":true,"href":"https:\/\/serbia.com\/srpski\/wp-json\/wp\/v2\/pages\/20418"}],"wp:featuredmedia":[{"embeddable":true,"href":"https:\/\/serbia.com\/srpski\/wp-json\/wp\/v2\/media\/32229"}],"wp:attachment":[{"href":"https:\/\/serbia.com\/srpski\/wp-json\/wp\/v2\/media?parent=32236"}],"wp:term":[{"taxonomy":"category","embeddable":true,"href":"https:\/\/serbia.com\/srpski\/wp-json\/wp\/v2\/categories?post=32236"},{"taxonomy":"post_tag","embeddable":true,"href":"https:\/\/serbia.com\/srpski\/wp-json\/wp\/v2\/tags?post=32236"}],"curies":[{"name":"wp","href":"https:\/\/api.w.org\/{rel}","templated":true}]}}