{"id":32213,"date":"2015-05-18T14:16:44","date_gmt":"2015-05-18T12:16:44","guid":{"rendered":"http:\/\/www.serbia.com\/?page_id=32213"},"modified":"2016-02-25T14:41:24","modified_gmt":"2016-02-25T13:41:24","slug":"belgrade-foam-fest","status":"publish","type":"page","link":"https:\/\/serbia.com\/srpski\/posetite-srbiju\/kulturne-atrakcije\/festivali-i-manifestacije\/belgrade-foam-fest\/","title":{"rendered":"Belgrade Foam Fest"},"content":{"rendered":"<h4>Belgrade Foam Fest garantuje nezaboravnu no\u0107 u peni za\u010dinjenu samo najve\u0107im hitovima haus muzike koju za vas biraju najbolji DJ-evi<\/h4>\n<p>Belgrade Foam Fest ili dvanesto\u010dasovni <strong>muzi\u010dko-scenski spektakl u peni je najve\u0107e osve\u017eenje koje Beograd nudi na kraju vrelog leta.<\/strong><\/p>\n<p>Od 2009. godine od kada je pokrenut Belgrade Foam Fest, <strong>Beogradsku arenu<\/strong> krajem avgusta svake godine ispuni oko 40.000 ljudi koji \u017eele da isprate leto jo\u0161 jednim kupanjem &#8211; ovoga puta u peni.<\/p>\n<p>Mnogi od njih do\u0111u u potpuno originalnim kostimima, a ima ih i koji najozbiljnije shvate &#8220;kupanje&#8221; u peni pa se pojave potpuno opremljeni za pla\u017eu. Kupa\u0107i kostimi, nao\u010dare za plivanje, pa \u010dak i \u0161laufi deo su njihovog arsenala.<\/p>\n<p><img loading=\"lazy\" decoding=\"async\" class=\"aligncenter size-full wp-image-18008\" src=\"http:\/\/www.serbia.com\/wp-content\/uploads\/2013\/01\/foamfest1.jpg\" alt=\"foamfest1\" width=\"800\" height=\"532\" srcset=\"https:\/\/serbia.com\/wp-content\/uploads\/2013\/01\/foamfest1.jpg 800w, https:\/\/serbia.com\/wp-content\/uploads\/2013\/01\/foamfest1-300x199.jpg 300w\" sizes=\"(max-width: 800px) 100vw, 800px\" \/><\/p>\n<p>Do sada su publiku Belgrade Foam Fest-a <strong>zabavljali neki od najve\u0107ih svetskih DJ-eva<\/strong>: Antoan Clamaran, Tom Novy, Cristian Varela, BennyBenassi, David Morales, Axwell, Sebastian Ingrosso, Sandy Rivera, Stereo Palma, Tsuyoshi, Suzuki i mnogi doma\u0107i izvo\u0111a\u010di.<\/p>\n<p>I dok Arenu paraju<strong> laseri, kokteli i muzika<\/strong> do maksimuma podi\u017eu adrenalin mase koja se zabavlja u divljem ritmu ska\u010du\u0107i i ple\u0161u\u0107i u peni ruku podignutih visoko iznad glava.<\/p>\n<p><strong>Svih dvanaest sati kroz Beogradsku arenu odle\u017ee zvuk moderne haus muzike<\/strong> i nikome ne pada na pamet da ide ku\u0107i dok se potpuno ne razdani. Posle tako dobre \u017eurke, sjajno raspolo\u017eena ekipa mokra od pene razilazi se tek nakon \u0161to i poslednji tonovi muzike utihnu a dolaze\u0107a godina obe\u0107a jo\u0161 bolje izdanje Belgrade Foam Fest-a.<\/p>\n<h4>Kako do\u0107i na beogradski Foam Fest?<\/h4>\n<p>U <a title=\"Beograd\" href=\"http:\/\/www.serbia.com\/srpski\/posetite-srbiju\/gradovi\/beograd\/\" target=\"_blank\">Beograd<\/a> je mogu\u0107e do\u0107i avionom, vozom, autobusom, automobilom i brodom.<\/p>\n<p>Nacionalni avio-prevoznik, Air Serbia\u00a0kao i mnoge strane avio kompanije odr\u017eavaju redovne linije iz Beograda ka brojnim svetskim destinacijama, sa Aerodroma &#8220;Nikola Tesla&#8221;.<\/p>\n<p>Redovne autobuske linije povezuju Beograd sa svim delovima Srbije. Postoje i brojne me\u0111unarodne autobuske linije koje saobra\u0107aju do susednih zemalja i ve\u0107ine evropskih zemalja.<\/p>\n<p>Ukoliko se u Beograd zaputite automobilom, onda pratite evropske puteve E-70 i E-75, jer se ovaj grad nalazi na preseku tih puteva.<\/p>\n<p>Razgranata mre\u017ea \u017eelezni\u010dkog saobra\u0107aja povezuje Beograd sa svim krajevima Evrope, i mnogim delovima Srbije dnevnim i no\u0107nim vozovima.<\/p>\n<p>Veliki broj evropskih kompanija organizuju krstarenja\u00a0<a title=\"Dunav, mesto spajanja i razdvajanja\" href=\"http:\/\/www.serbia.com\/srpski\/posetite-srbiju\/prirodne-lepote\/reke-i-jezera\/dunav-mesto-spajanja-i-razdvajanja\/\" target=\"_blank\">Dunavom<\/a>\u00a0do Beograda.<\/p>\n<p>Sam festival se odr\u017eava na savskom pristani\u0161tu, ispod Brankovog mosta dokle mo\u017eete da do\u0111ete pe\u0161aka.<\/p>\n<h4>Kada ste ve\u0107 ovde, ne propustite&#8230;<\/h4>\n<p>&#8230;da obi\u0111ite\u00a0<a title=\"Beogradska tvr\u0111ava: Put stopama istorije\" href=\"http:\/\/www.serbia.com\/srpski\/posetite-srbiju\/kulturne-atrakcije\/dvorci-i-tvrdave\/beogradska-tvrdava-put-stopama-istorije\/\" target=\"_blank\"><strong>Beogradsku tvr\u0111avu<\/strong><\/a>, simbol glavnog grada Srbije.<\/p>\n<p>Pro\u0161etajte <strong>Skadarlijom, beogradskom boemskom \u010detvrti<\/strong>, i u\u017eivajte u specijalitetima\u00a0<a title=\"Tradicionalna kuhinja\" href=\"http:\/\/www.serbia.com\/srpski\/o-srbiji\/tradicionalna-kuhinja\/\"><strong>tradicionalne kuhinje<\/strong><\/a>\u00a0u nekoj od njenih\u00a0<a title=\"Kafana, centar \u017eivota u Srbiji\" href=\"http:\/\/www.serbia.com\/srpski\/posetite-srbiju\/provedi-se\/nocni-zivot\/kafana-centar-zivota-u-srbiji\/\" target=\"_blank\"><strong>kafana<\/strong><\/a>.<\/p>\n<p><strong><a href=\"http:\/\/www.serbia.com\/srpski\/zemun-2\/\" target=\"_blank\">Zemunskim kejom<\/a><\/strong>\u00a0uz Dunav do\u0111ite do\u00a0<strong>Gardo\u0161a<\/strong>\u00a0gde se nalaze ostaci zemunske tvr\u0111ave, i posetite prelepu\u00a0kulu Sibinjanin Janka.<\/p>\n<p>Po\u0111ite pe\u0161ke od <strong>Kalemegdana Knez Mihailovom ulicom, Terazijama<\/strong>, zatim pravo ulicom Kralja Milana preko <strong>trga Slavija<\/strong> do veli\u010danstvenog\u00a0<strong>hrama Svetog Save<\/strong>. Tako \u0107ete ujedno upoznati u\u017ei centar grada.<\/p>\n<p>Iskusite lud no\u0107ni provod na\u00a0<a title=\"Splavovi, epicentri dobrog provoda\" href=\"http:\/\/www.serbia.com\/srpski\/posetite-srbiju\/provedi-se\/nocni-zivot\/splavovi-epicentri-dobrog-provoda\/\" target=\"_blank\"><strong>splavovima<\/strong><\/a>\u00a0na <a title=\"Reka Sava, ispomo\u0107 Zevsu\" href=\"http:\/\/www.serbia.com\/srpski\/posetite-srbiju\/prirodne-lepote\/reke-i-jezera\/reka-sava-ispomoc-zevsu\/\" target=\"_blank\">Savi<\/a> ispod \u017eelezni\u010dkog mosta koji se nalazi nedaleko od mesta na kome se odvija <a title=\"Beogradska regata\" href=\"http:\/\/www.serbia.com\/srpski\/posetite-srbiju\/kulturne-atrakcije\/festivali-i-manifestacije\/beogradski-karneval-brodova\/\" target=\"_blank\"><strong>Beogradski karneval brodova<\/strong><\/a>.[ultimate_spacer height=&#8221;30&#8243;][dt_fancy_title title=&#8221;Povezani \u010dlanci&#8221; title_align=&#8221;left&#8221; title_size=&#8221;normal&#8221; title_color=&#8221;accent&#8221; el_width=&#8221;100&#8243; title_bg=&#8221;disabled&#8221; separator_color=&#8221;default&#8221;][ultimate_spacer height=&#8221;30&#8243; height_on_tabs=&#8221;&#8221; height_on_tabs_portrait=&#8221;&#8221; height_on_mob_landscape=&#8221;&#8221; height_on_mob=&#8221;&#8221;]<\/p>\n","protected":false},"excerpt":{"rendered":"<p>Belgrade Foam Fest garantuje nezaboravnu no\u0107 u peni za\u010dinjenu samo najve\u0107im hitovima haus muzike koju za vas biraju najbolji DJ-evi Belgrade Foam Fest ili dvanesto\u010dasovni muzi\u010dko-scenski spektakl u peni je [&hellip;]<\/p>\n","protected":false},"author":27,"featured_media":32206,"parent":20418,"menu_order":0,"comment_status":"closed","ping_status":"closed","template":"","meta":{"_acf_changed":false,"inline_featured_image":false,"_monsterinsights_skip_tracking":false,"_monsterinsights_sitenote_active":false,"_monsterinsights_sitenote_note":"","_monsterinsights_sitenote_category":0,"footnotes":""},"categories":[1696],"tags":[],"class_list":["post-32213","page","type-page","status-publish","has-post-thumbnail","hentry","category-festivali-manifestacije"],"acf":[],"yoast_head":"<!-- This site is optimized with the Yoast SEO plugin v23.8 - https:\/\/yoast.com\/wordpress\/plugins\/seo\/ -->\n<title>Belgrade Foam Fest - Serbia.com<\/title>\n<meta name=\"robots\" content=\"index, follow, max-snippet:-1, max-image-preview:large, max-video-preview:-1\" \/>\n<link rel=\"canonical\" href=\"https:\/\/serbia.com\/srpski\/posetite-srbiju\/kulturne-atrakcije\/festivali-i-manifestacije\/belgrade-foam-fest\/\" \/>\n<meta property=\"og:locale\" content=\"en_US\" \/>\n<meta property=\"og:type\" content=\"article\" \/>\n<meta property=\"og:title\" content=\"Belgrade Foam Fest - Serbia.com\" \/>\n<meta property=\"og:description\" content=\"Belgrade Foam Fest garantuje nezaboravnu no\u0107 u peni za\u010dinjenu samo najve\u0107im hitovima haus muzike koju za vas biraju najbolji DJ-evi Belgrade Foam Fest ili dvanesto\u010dasovni muzi\u010dko-scenski spektakl u peni je [&hellip;]\" \/>\n<meta property=\"og:url\" content=\"https:\/\/serbia.com\/srpski\/posetite-srbiju\/kulturne-atrakcije\/festivali-i-manifestacije\/belgrade-foam-fest\/\" \/>\n<meta property=\"og:site_name\" content=\"Serbia.com\" \/>\n<meta property=\"article:modified_time\" content=\"2016-02-25T13:41:24+00:00\" \/>\n<meta property=\"og:image\" content=\"https:\/\/serbia.com\/wp-content\/uploads\/2015\/05\/foam-fest-22222.jpg\" \/>\n\t<meta property=\"og:image:width\" content=\"1600\" \/>\n\t<meta property=\"og:image:height\" content=\"882\" \/>\n\t<meta property=\"og:image:type\" content=\"image\/jpeg\" \/>\n<meta name=\"twitter:label1\" content=\"Est. reading time\" \/>\n\t<meta name=\"twitter:data1\" content=\"3 minutes\" \/>\n<script type=\"application\/ld+json\" class=\"yoast-schema-graph\">{\"@context\":\"https:\/\/schema.org\",\"@graph\":[{\"@type\":\"WebPage\",\"@id\":\"https:\/\/serbia.com\/srpski\/posetite-srbiju\/kulturne-atrakcije\/festivali-i-manifestacije\/belgrade-foam-fest\/\",\"url\":\"https:\/\/serbia.com\/srpski\/posetite-srbiju\/kulturne-atrakcije\/festivali-i-manifestacije\/belgrade-foam-fest\/\",\"name\":\"Belgrade Foam Fest - Serbia.com\",\"isPartOf\":{\"@id\":\"https:\/\/serbia.com\/#website\"},\"primaryImageOfPage\":{\"@id\":\"https:\/\/serbia.com\/srpski\/posetite-srbiju\/kulturne-atrakcije\/festivali-i-manifestacije\/belgrade-foam-fest\/#primaryimage\"},\"image\":{\"@id\":\"https:\/\/serbia.com\/srpski\/posetite-srbiju\/kulturne-atrakcije\/festivali-i-manifestacije\/belgrade-foam-fest\/#primaryimage\"},\"thumbnailUrl\":\"https:\/\/serbia.com\/wp-content\/uploads\/2015\/05\/foam-fest-22222.jpg\",\"datePublished\":\"2015-05-18T12:16:44+00:00\",\"dateModified\":\"2016-02-25T13:41:24+00:00\",\"breadcrumb\":{\"@id\":\"https:\/\/serbia.com\/srpski\/posetite-srbiju\/kulturne-atrakcije\/festivali-i-manifestacije\/belgrade-foam-fest\/#breadcrumb\"},\"inLanguage\":\"srpski\",\"potentialAction\":[{\"@type\":\"ReadAction\",\"target\":[\"https:\/\/serbia.com\/srpski\/posetite-srbiju\/kulturne-atrakcije\/festivali-i-manifestacije\/belgrade-foam-fest\/\"]}]},{\"@type\":\"ImageObject\",\"inLanguage\":\"srpski\",\"@id\":\"https:\/\/serbia.com\/srpski\/posetite-srbiju\/kulturne-atrakcije\/festivali-i-manifestacije\/belgrade-foam-fest\/#primaryimage\",\"url\":\"https:\/\/serbia.com\/wp-content\/uploads\/2015\/05\/foam-fest-22222.jpg\",\"contentUrl\":\"https:\/\/serbia.com\/wp-content\/uploads\/2015\/05\/foam-fest-22222.jpg\",\"width\":1600,\"height\":882},{\"@type\":\"BreadcrumbList\",\"@id\":\"https:\/\/serbia.com\/srpski\/posetite-srbiju\/kulturne-atrakcije\/festivali-i-manifestacije\/belgrade-foam-fest\/#breadcrumb\",\"itemListElement\":[{\"@type\":\"ListItem\",\"position\":1,\"name\":\"Home\",\"item\":\"https:\/\/serbia.com\/srpski\/\"},{\"@type\":\"ListItem\",\"position\":2,\"name\":\"Poseti Srbiju\",\"item\":\"https:\/\/serbia.com\/srpski\/posetite-srbiju\/\"},{\"@type\":\"ListItem\",\"position\":3,\"name\":\"Kulturne atrakcije\",\"item\":\"https:\/\/serbia.com\/srpski\/posetite-srbiju\/kulturne-atrakcije\/\"},{\"@type\":\"ListItem\",\"position\":4,\"name\":\"Festivali i manifestacije\",\"item\":\"https:\/\/serbia.com\/srpski\/posetite-srbiju\/kulturne-atrakcije\/festivali-i-manifestacije\/\"},{\"@type\":\"ListItem\",\"position\":5,\"name\":\"Belgrade Foam Fest\"}]},{\"@type\":\"WebSite\",\"@id\":\"https:\/\/serbia.com\/#website\",\"url\":\"https:\/\/serbia.com\/\",\"name\":\"Serbia.com\",\"description\":\"Your Gateway to Serbia\",\"potentialAction\":[{\"@type\":\"SearchAction\",\"target\":{\"@type\":\"EntryPoint\",\"urlTemplate\":\"https:\/\/serbia.com\/?s={search_term_string}\"},\"query-input\":{\"@type\":\"PropertyValueSpecification\",\"valueRequired\":true,\"valueName\":\"search_term_string\"}}],\"inLanguage\":\"srpski\"}]}<\/script>\n<!-- \/ Yoast SEO plugin. -->","yoast_head_json":{"title":"Belgrade Foam Fest - Serbia.com","robots":{"index":"index","follow":"follow","max-snippet":"max-snippet:-1","max-image-preview":"max-image-preview:large","max-video-preview":"max-video-preview:-1"},"canonical":"https:\/\/serbia.com\/srpski\/posetite-srbiju\/kulturne-atrakcije\/festivali-i-manifestacije\/belgrade-foam-fest\/","og_locale":"en_US","og_type":"article","og_title":"Belgrade Foam Fest - Serbia.com","og_description":"Belgrade Foam Fest garantuje nezaboravnu no\u0107 u peni za\u010dinjenu samo najve\u0107im hitovima haus muzike koju za vas biraju najbolji DJ-evi Belgrade Foam Fest ili dvanesto\u010dasovni muzi\u010dko-scenski spektakl u peni je [&hellip;]","og_url":"https:\/\/serbia.com\/srpski\/posetite-srbiju\/kulturne-atrakcije\/festivali-i-manifestacije\/belgrade-foam-fest\/","og_site_name":"Serbia.com","article_modified_time":"2016-02-25T13:41:24+00:00","og_image":[{"width":1600,"height":882,"url":"https:\/\/serbia.com\/wp-content\/uploads\/2015\/05\/foam-fest-22222.jpg","type":"image\/jpeg"}],"twitter_misc":{"Est. reading time":"3 minutes"},"schema":{"@context":"https:\/\/schema.org","@graph":[{"@type":"WebPage","@id":"https:\/\/serbia.com\/srpski\/posetite-srbiju\/kulturne-atrakcije\/festivali-i-manifestacije\/belgrade-foam-fest\/","url":"https:\/\/serbia.com\/srpski\/posetite-srbiju\/kulturne-atrakcije\/festivali-i-manifestacije\/belgrade-foam-fest\/","name":"Belgrade Foam Fest - Serbia.com","isPartOf":{"@id":"https:\/\/serbia.com\/#website"},"primaryImageOfPage":{"@id":"https:\/\/serbia.com\/srpski\/posetite-srbiju\/kulturne-atrakcije\/festivali-i-manifestacije\/belgrade-foam-fest\/#primaryimage"},"image":{"@id":"https:\/\/serbia.com\/srpski\/posetite-srbiju\/kulturne-atrakcije\/festivali-i-manifestacije\/belgrade-foam-fest\/#primaryimage"},"thumbnailUrl":"https:\/\/serbia.com\/wp-content\/uploads\/2015\/05\/foam-fest-22222.jpg","datePublished":"2015-05-18T12:16:44+00:00","dateModified":"2016-02-25T13:41:24+00:00","breadcrumb":{"@id":"https:\/\/serbia.com\/srpski\/posetite-srbiju\/kulturne-atrakcije\/festivali-i-manifestacije\/belgrade-foam-fest\/#breadcrumb"},"inLanguage":"srpski","potentialAction":[{"@type":"ReadAction","target":["https:\/\/serbia.com\/srpski\/posetite-srbiju\/kulturne-atrakcije\/festivali-i-manifestacije\/belgrade-foam-fest\/"]}]},{"@type":"ImageObject","inLanguage":"srpski","@id":"https:\/\/serbia.com\/srpski\/posetite-srbiju\/kulturne-atrakcije\/festivali-i-manifestacije\/belgrade-foam-fest\/#primaryimage","url":"https:\/\/serbia.com\/wp-content\/uploads\/2015\/05\/foam-fest-22222.jpg","contentUrl":"https:\/\/serbia.com\/wp-content\/uploads\/2015\/05\/foam-fest-22222.jpg","width":1600,"height":882},{"@type":"BreadcrumbList","@id":"https:\/\/serbia.com\/srpski\/posetite-srbiju\/kulturne-atrakcije\/festivali-i-manifestacije\/belgrade-foam-fest\/#breadcrumb","itemListElement":[{"@type":"ListItem","position":1,"name":"Home","item":"https:\/\/serbia.com\/srpski\/"},{"@type":"ListItem","position":2,"name":"Poseti Srbiju","item":"https:\/\/serbia.com\/srpski\/posetite-srbiju\/"},{"@type":"ListItem","position":3,"name":"Kulturne atrakcije","item":"https:\/\/serbia.com\/srpski\/posetite-srbiju\/kulturne-atrakcije\/"},{"@type":"ListItem","position":4,"name":"Festivali i manifestacije","item":"https:\/\/serbia.com\/srpski\/posetite-srbiju\/kulturne-atrakcije\/festivali-i-manifestacije\/"},{"@type":"ListItem","position":5,"name":"Belgrade Foam Fest"}]},{"@type":"WebSite","@id":"https:\/\/serbia.com\/#website","url":"https:\/\/serbia.com\/","name":"Serbia.com","description":"Your Gateway to Serbia","potentialAction":[{"@type":"SearchAction","target":{"@type":"EntryPoint","urlTemplate":"https:\/\/serbia.com\/?s={search_term_string}"},"query-input":{"@type":"PropertyValueSpecification","valueRequired":true,"valueName":"search_term_string"}}],"inLanguage":"srpski"}]}},"_links":{"self":[{"href":"https:\/\/serbia.com\/srpski\/wp-json\/wp\/v2\/pages\/32213"}],"collection":[{"href":"https:\/\/serbia.com\/srpski\/wp-json\/wp\/v2\/pages"}],"about":[{"href":"https:\/\/serbia.com\/srpski\/wp-json\/wp\/v2\/types\/page"}],"author":[{"embeddable":true,"href":"https:\/\/serbia.com\/srpski\/wp-json\/wp\/v2\/users\/27"}],"replies":[{"embeddable":true,"href":"https:\/\/serbia.com\/srpski\/wp-json\/wp\/v2\/comments?post=32213"}],"version-history":[{"count":0,"href":"https:\/\/serbia.com\/srpski\/wp-json\/wp\/v2\/pages\/32213\/revisions"}],"up":[{"embeddable":true,"href":"https:\/\/serbia.com\/srpski\/wp-json\/wp\/v2\/pages\/20418"}],"wp:featuredmedia":[{"embeddable":true,"href":"https:\/\/serbia.com\/srpski\/wp-json\/wp\/v2\/media\/32206"}],"wp:attachment":[{"href":"https:\/\/serbia.com\/srpski\/wp-json\/wp\/v2\/media?parent=32213"}],"wp:term":[{"taxonomy":"category","embeddable":true,"href":"https:\/\/serbia.com\/srpski\/wp-json\/wp\/v2\/categories?post=32213"},{"taxonomy":"post_tag","embeddable":true,"href":"https:\/\/serbia.com\/srpski\/wp-json\/wp\/v2\/tags?post=32213"}],"curies":[{"name":"wp","href":"https:\/\/api.w.org\/{rel}","templated":true}]}}