{"id":32198,"date":"2015-05-18T12:48:57","date_gmt":"2015-05-18T10:48:57","guid":{"rendered":"http:\/\/www.serbia.com\/?page_id=32198"},"modified":"2024-10-20T14:08:04","modified_gmt":"2024-10-20T12:08:04","slug":"beer-fest-u-beogradu","status":"publish","type":"page","link":"https:\/\/serbia.com\/srpski\/posetite-srbiju\/kulturne-atrakcije\/festivali-i-manifestacije\/beer-fest-u-beogradu\/","title":{"rendered":"Beer Fest u Beogradu"},"content":{"rendered":"<h4>Beogradski Beer Fest nudi besplatan ulaz i \u0161iroku ponudu piva doma\u0107ih i stranih proizvo\u0111a\u010da, zbog \u010dega ga svake godine poseti oko 500.000 ljudi.<\/h4>\n<p>Nema\u010dka ima Oktoberfest, a Srbija beogradski Beer Fest &#8211; jedan od najve\u0107ih festivala piva u Jugoisto\u010dnoj Evropi koga je britanski &#8220;Independent&#8221; <strong>uvrstio na listu 20 svetskih doga\u0111aja koje obavezno treba posetiti<\/strong>.<\/p>\n<p>Belgrade Beer Fest je osnovan 2003. godine i do sada je ne\u0161to vi\u0161e od 4,5 miliona ljudi u\u017eivalo u besplatnim nastupima vi\u0161e od 450 bendova i izvo\u0111a\u010da degustiraju\u0107i <strong>vi\u0161e od 90 pivskih brendova<\/strong>.\u00a0Tokom pet festivalskih dana, oko 500.000 ljudi\u00a0svake godine poseti festival koji je ve\u0107 dobio brojne nagrade i neprestano raste.<\/p>\n<p>Festival se odr\u017eava u avgustu i ima jedinstven koncept: <strong>ulaz i svi koncerti su besplatni, a posetioci mogu da kupe i u\u017eivaju u pivu velikog broja brendova iz Srbije i sveta.<\/strong> Naravno, festival je u prvom redu posve\u0107en pivu, dok je dobra muzika neophodan sastojak sjajne atmosfere.<\/p>\n<div id='gallery-1' class='gallery galleryid-32198 gallery-columns-3 gallery-size-thumbnail'><figure class='gallery-item'>\n\t\t\t<div class='gallery-icon landscape'>\n\t\t\t\t<a href='https:\/\/serbia.com\/srpski\/beogradski-festival-piva\/beer-fest4-3\/'><img loading=\"lazy\" decoding=\"async\" width=\"150\" height=\"150\" src=\"https:\/\/serbia.com\/wp-content\/uploads\/2012\/12\/beer-fest4-150x150.jpg\" class=\"attachment-thumbnail size-thumbnail\" alt=\"\" aria-describedby=\"gallery-1-16731\" srcset=\"https:\/\/serbia.com\/wp-content\/uploads\/2012\/12\/beer-fest4-150x150.jpg 150w, https:\/\/serbia.com\/wp-content\/uploads\/2012\/12\/beer-fest4-300x300.jpg 300w, https:\/\/serbia.com\/wp-content\/uploads\/2012\/12\/beer-fest4-50x50.jpg 50w, https:\/\/serbia.com\/wp-content\/uploads\/2012\/12\/beer-fest4-186x186.jpg 186w\" sizes=\"(max-width: 150px) 100vw, 150px\" \/><\/a>\n\t\t\t<\/div>\n\t\t\t\t<figcaption class='wp-caption-text gallery-caption' id='gallery-1-16731'>\n\t\t\t\tSvako mo\u017ee prona\u0107i svoj omiljeni ukus piva i svoj omiljeni muzi\u010dki zvuk\n\t\t\t\t<\/figcaption><\/figure><figure class='gallery-item'>\n\t\t\t<div class='gallery-icon landscape'>\n\t\t\t\t<a href='https:\/\/serbia.com\/srpski\/beogradski-festival-piva\/beer-fest2-3\/'><img loading=\"lazy\" decoding=\"async\" width=\"150\" height=\"150\" src=\"https:\/\/serbia.com\/wp-content\/uploads\/2012\/12\/beer-fest2-150x150.jpg\" class=\"attachment-thumbnail size-thumbnail\" alt=\"\" aria-describedby=\"gallery-1-16734\" srcset=\"https:\/\/serbia.com\/wp-content\/uploads\/2012\/12\/beer-fest2-150x150.jpg 150w, https:\/\/serbia.com\/wp-content\/uploads\/2012\/12\/beer-fest2-300x300.jpg 300w, https:\/\/serbia.com\/wp-content\/uploads\/2012\/12\/beer-fest2-50x50.jpg 50w, https:\/\/serbia.com\/wp-content\/uploads\/2012\/12\/beer-fest2-186x186.jpg 186w\" sizes=\"(max-width: 150px) 100vw, 150px\" \/><\/a>\n\t\t\t<\/div>\n\t\t\t\t<figcaption class='wp-caption-text gallery-caption' id='gallery-1-16734'>\n\t\t\t\tAtmosfera je fantasti\u010dna svakog trenutka\n\t\t\t\t<\/figcaption><\/figure><figure class='gallery-item'>\n\t\t\t<div class='gallery-icon landscape'>\n\t\t\t\t<a href='https:\/\/serbia.com\/srpski\/beogradski-festival-piva\/beer-fest5-3\/'><img loading=\"lazy\" decoding=\"async\" width=\"150\" height=\"150\" src=\"https:\/\/serbia.com\/wp-content\/uploads\/2012\/12\/beer-fest5-150x150.jpg\" class=\"attachment-thumbnail size-thumbnail\" alt=\"\" aria-describedby=\"gallery-1-16732\" srcset=\"https:\/\/serbia.com\/wp-content\/uploads\/2012\/12\/beer-fest5-150x150.jpg 150w, https:\/\/serbia.com\/wp-content\/uploads\/2012\/12\/beer-fest5-300x300.jpg 300w, https:\/\/serbia.com\/wp-content\/uploads\/2012\/12\/beer-fest5-50x50.jpg 50w, https:\/\/serbia.com\/wp-content\/uploads\/2012\/12\/beer-fest5-186x186.jpg 186w\" sizes=\"(max-width: 150px) 100vw, 150px\" \/><\/a>\n\t\t\t<\/div>\n\t\t\t\t<figcaption class='wp-caption-text gallery-caption' id='gallery-1-16732'>\n\t\t\t\tUvek se me\u0111u izvo\u0111a\u010dima na\u0111e nekoliko vrhunskih bendova\n\t\t\t\t<\/figcaption><\/figure>\n\t\t<\/div>\n\n<p>Beogradski Beer fest je u po\u010detku je organizovan u Donjem gradu, unutar <a title=\"Beogradska tvr\u0111ava: Put stopama istorije\" href=\"http:\/\/www.serbia.com\/srpski\/posetite-srbiju\/kulturne-atrakcije\/dvorci-i-tvrdave\/beogradska-tvrdava-put-stopama-istorije\/\" target=\"_blank\" rel=\"noopener\">Beogradske tvr\u0111ave<\/a>, odakle je preme\u0161ten na otvoreni plato na beogradskom U\u0161\u0107u. Na festivalu se odr\u017eavaju i brojne prate\u0107e aktivnosti &#8211; eko dru\u0161tvene akcije sa brojnim takmi\u010denjima i radionicama, koje za cilj imaju \u0161irenje svesti o zna\u010daju recikla\u017ee.<\/p>\n<h4>Kako sti\u0107i na beogradski Beer fest?<\/h4>\n<p>U <a title=\"Beograd\" href=\"http:\/\/www.serbia.com\/srpski\/posetite-srbiju\/gradovi\/beograd\/\" target=\"_blank\" rel=\"noopener\">Beograd<\/a> je mogu\u0107e do\u0107i avionom, vozom, autobusom, automobilom i brodom.<\/p>\n<p>Nacionalni avio-prevoznik, Jat Airways kao i mnoge strane avio kompanije odr\u017eavaju redovne linije iz Beograda ka brojnim svetskim destinacijama, sa Aerodroma &#8220;Nikola Tesla&#8221;.<\/p>\n<p>Redovne autobuske linije povezuju Beograd sa svim delovima Srbije. Postoje i brojne me\u0111unarodne autobuske linije koje saobra\u0107aju do susednih zemalja i ve\u0107ine evropskih zemalja.<\/p>\n<p>Ukoliko se u Beograd zaputite automobilom, onda pratite evropske puteve E-70 i E-75, jer se ovaj grad nalazi na preseku tih puteva.<\/p>\n<p>Razgranata mre\u017ea \u017eelezni\u010dkog saobra\u0107aja povezuje Beograd sa svim krajevima Evrope, i mnogim delovima Srbije dnevnim i no\u0107nim vozovima.<\/p>\n<p>Veliki broj evropskih kompanija organizuju krstarenja Dunavom do Beograda.<\/p>\n<p>Sam festival se odr\u017eava na u\u0161\u0107u Save i Dunava. Iz centra grada, sa Zelenog Venca, uzmite autobus br. 16, iza\u0111ite na drugoj stanici i krenite za masom koja \u0107e vas odvesti pravo pred ulazne kapije.<\/p>\n<h4>Kada ste ve\u0107 ovde, ne propustite&#8230;<\/h4>\n<p><strong><a href=\"http:\/\/www.serbia.com\/srpski\/posetite-srbiju\/kulturne-atrakcije\/dvorci-i-tvrdave\/beogradska-tvrdava-put-stopama-istorije\/\" target=\"_blank\" rel=\"noopener\">Beogradsku tvr\u0111avu<\/a><\/strong>, simbol Beograda.<\/p>\n<p>Pro\u0161etajte beogradskom <strong>boemskom \u010detvrti &#8211; <a href=\"https:\/\/serbia.com\/srpski\/skadarlija-vodic-kroz-boemsko-srce-beograda\/\">Skadarlijom<\/a><\/strong> i u\u017eivajte u <a title=\"Tradicionalna kuhinja\" href=\"http:\/\/www.serbia.com\/srpski\/o-srbiji\/tradicionalna-kuhinja\/\"><strong>specijalitetima tradicionalne kuhinj<\/strong><\/a>e u nekoj od njenih <a title=\"Kafana, centar \u017eivota u Srbiji\" href=\"http:\/\/www.serbia.com\/srpski\/posetite-srbiju\/provedi-se\/nocni-zivot\/kafana-centar-zivota-u-srbiji\/\" target=\"_blank\" rel=\"noopener\"><strong>kafana<\/strong><\/a>.<\/p>\n<p><strong><a href=\"http:\/\/www.serbia.com\/srpski\/zemun-2\/\" target=\"_blank\" rel=\"noopener\">Zemunskim kejom<\/a><\/strong>\u00a0uz <a title=\"Dunav, mesto spajanja i razdvajanja\" href=\"http:\/\/www.serbia.com\/srpski\/posetite-srbiju\/prirodne-lepote\/reke-i-jezera\/dunav-mesto-spajanja-i-razdvajanja\/\" target=\"_blank\" rel=\"noopener\">Dunav<\/a> do\u0111ite do <strong>Gardo\u0161a<\/strong> gde se nalaze ostaci zemunske tvr\u0111ave i posetite prelepu kulu Sibinjanin Janka.<\/p>\n<p>Po\u0111ite pe\u0161aka od <strong>Kalemegdana Knez Mihailovom ulicom, Terazijama<\/strong>, zatim pravo ulicom Kralja Milana preko <strong>trga Slavija<\/strong> do veli\u010danstvenog <strong>hrama svetog Save<\/strong>. Tako \u0107ete ujedno upoznati u\u017ei centar grada.<\/p>\n<p><a title=\"Provozajte kajak i otkrijte potpuno druga\u010diji Beograd\" href=\"http:\/\/www.serbia.com\/srpski\/voznja-kajakom-potpuno-novi-dozivljaj-beograda\/\" target=\"_blank\" rel=\"noopener\"><strong>Krstarite beogradskim rekama<\/strong><\/a> preko dana, idite na uzbudljivu vo\u017enju kajakom oko Velikog ratnog ostrva ili u\u010destvujte na <a title=\"Beogradska regata\" href=\"http:\/\/www.serbia.com\/srpski\/posetite-srbiju\/kulturne-atrakcije\/festivali-i-manifestacije\/beogradska-regata\/\" target=\"_blank\" rel=\"noopener\"><strong>Beogradskoj regati<\/strong><\/a>, koja se odr\u017eava u isto vreme kada i Beer Fest.<\/p>\n<p>Po\u0161to festival svih \u0161est dana traje do jutra, ako ostanete jo\u0161 neki dan u Beogradu, iskusite lud no\u0107ni provod na <a title=\"Splavovi, epicentri dobrog provoda\" href=\"http:\/\/www.serbia.com\/srpski\/posetite-srbiju\/provedi-se\/nocni-zivot\/splavovi-epicentri-dobrog-provoda\/\" target=\"_blank\" rel=\"noopener\"><strong>splavovima<\/strong><\/a> na <a title=\"Reka Sava, ispomo\u0107 Zevsu\" href=\"http:\/\/www.serbia.com\/srpski\/posetite-srbiju\/prirodne-lepote\/reke-i-jezera\/reka-sava-ispomoc-zevsu\/\" target=\"_blank\" rel=\"noopener\">Savi<\/a> ispod \u017eelezni\u010dkog mosta.<\/p>\n","protected":false},"excerpt":{"rendered":"<p>Beogradski Beer Fest nudi besplatan ulaz i \u0161iroku ponudu piva doma\u0107ih i stranih proizvo\u0111a\u010da, zbog \u010dega ga svake godine poseti oko 500.000 ljudi. Nema\u010dka ima Oktoberfest, a Srbija beogradski Beer [&hellip;]<\/p>\n","protected":false},"author":27,"featured_media":52838,"parent":20418,"menu_order":0,"comment_status":"closed","ping_status":"closed","template":"","meta":{"_acf_changed":false,"inline_featured_image":false,"_monsterinsights_skip_tracking":false,"_monsterinsights_sitenote_active":false,"_monsterinsights_sitenote_note":"","_monsterinsights_sitenote_category":0,"footnotes":""},"categories":[1696],"tags":[],"class_list":["post-32198","page","type-page","status-publish","has-post-thumbnail","hentry","category-festivali-manifestacije"],"acf":[],"yoast_head":"<!-- This site is optimized with the Yoast SEO plugin v23.8 - https:\/\/yoast.com\/wordpress\/plugins\/seo\/ -->\n<title>Beer Fest u Beogradu - Serbia.com<\/title>\n<meta name=\"robots\" content=\"index, follow, max-snippet:-1, max-image-preview:large, max-video-preview:-1\" \/>\n<link rel=\"canonical\" href=\"https:\/\/serbia.com\/srpski\/posetite-srbiju\/kulturne-atrakcije\/festivali-i-manifestacije\/beer-fest-u-beogradu\/\" \/>\n<meta property=\"og:locale\" content=\"en_US\" \/>\n<meta property=\"og:type\" content=\"article\" \/>\n<meta property=\"og:title\" content=\"Beer Fest u Beogradu - Serbia.com\" \/>\n<meta property=\"og:description\" content=\"Beogradski Beer Fest nudi besplatan ulaz i \u0161iroku ponudu piva doma\u0107ih i stranih proizvo\u0111a\u010da, zbog \u010dega ga svake godine poseti oko 500.000 ljudi. Nema\u010dka ima Oktoberfest, a Srbija beogradski Beer [&hellip;]\" \/>\n<meta property=\"og:url\" content=\"https:\/\/serbia.com\/srpski\/posetite-srbiju\/kulturne-atrakcije\/festivali-i-manifestacije\/beer-fest-u-beogradu\/\" \/>\n<meta property=\"og:site_name\" content=\"Serbia.com\" \/>\n<meta property=\"article:modified_time\" content=\"2024-10-20T12:08:04+00:00\" \/>\n<meta property=\"og:image\" content=\"https:\/\/serbia.com\/wp-content\/uploads\/2024\/05\/BBF-2017-photo-01-RGB-72dpi-W1920px-1280x720.jpg\" \/>\n\t<meta property=\"og:image:width\" content=\"1280\" \/>\n\t<meta property=\"og:image:height\" content=\"720\" \/>\n\t<meta property=\"og:image:type\" content=\"image\/jpeg\" \/>\n<meta name=\"twitter:label1\" content=\"Est. reading time\" \/>\n\t<meta name=\"twitter:data1\" content=\"3 minutes\" \/>\n<script type=\"application\/ld+json\" class=\"yoast-schema-graph\">{\"@context\":\"https:\/\/schema.org\",\"@graph\":[{\"@type\":\"WebPage\",\"@id\":\"https:\/\/serbia.com\/srpski\/posetite-srbiju\/kulturne-atrakcije\/festivali-i-manifestacije\/beer-fest-u-beogradu\/\",\"url\":\"https:\/\/serbia.com\/srpski\/posetite-srbiju\/kulturne-atrakcije\/festivali-i-manifestacije\/beer-fest-u-beogradu\/\",\"name\":\"Beer Fest u Beogradu - Serbia.com\",\"isPartOf\":{\"@id\":\"https:\/\/serbia.com\/#website\"},\"primaryImageOfPage\":{\"@id\":\"https:\/\/serbia.com\/srpski\/posetite-srbiju\/kulturne-atrakcije\/festivali-i-manifestacije\/beer-fest-u-beogradu\/#primaryimage\"},\"image\":{\"@id\":\"https:\/\/serbia.com\/srpski\/posetite-srbiju\/kulturne-atrakcije\/festivali-i-manifestacije\/beer-fest-u-beogradu\/#primaryimage\"},\"thumbnailUrl\":\"https:\/\/serbia.com\/wp-content\/uploads\/2024\/05\/BBF-2017-photo-01-RGB-72dpi-W1920px.jpg\",\"datePublished\":\"2015-05-18T10:48:57+00:00\",\"dateModified\":\"2024-10-20T12:08:04+00:00\",\"breadcrumb\":{\"@id\":\"https:\/\/serbia.com\/srpski\/posetite-srbiju\/kulturne-atrakcije\/festivali-i-manifestacije\/beer-fest-u-beogradu\/#breadcrumb\"},\"inLanguage\":\"srpski\",\"potentialAction\":[{\"@type\":\"ReadAction\",\"target\":[\"https:\/\/serbia.com\/srpski\/posetite-srbiju\/kulturne-atrakcije\/festivali-i-manifestacije\/beer-fest-u-beogradu\/\"]}]},{\"@type\":\"ImageObject\",\"inLanguage\":\"srpski\",\"@id\":\"https:\/\/serbia.com\/srpski\/posetite-srbiju\/kulturne-atrakcije\/festivali-i-manifestacije\/beer-fest-u-beogradu\/#primaryimage\",\"url\":\"https:\/\/serbia.com\/wp-content\/uploads\/2024\/05\/BBF-2017-photo-01-RGB-72dpi-W1920px.jpg\",\"contentUrl\":\"https:\/\/serbia.com\/wp-content\/uploads\/2024\/05\/BBF-2017-photo-01-RGB-72dpi-W1920px.jpg\",\"width\":1920,\"height\":1080},{\"@type\":\"BreadcrumbList\",\"@id\":\"https:\/\/serbia.com\/srpski\/posetite-srbiju\/kulturne-atrakcije\/festivali-i-manifestacije\/beer-fest-u-beogradu\/#breadcrumb\",\"itemListElement\":[{\"@type\":\"ListItem\",\"position\":1,\"name\":\"Home\",\"item\":\"https:\/\/serbia.com\/srpski\/\"},{\"@type\":\"ListItem\",\"position\":2,\"name\":\"Poseti Srbiju\",\"item\":\"https:\/\/serbia.com\/srpski\/posetite-srbiju\/\"},{\"@type\":\"ListItem\",\"position\":3,\"name\":\"Kulturne atrakcije\",\"item\":\"https:\/\/serbia.com\/srpski\/posetite-srbiju\/kulturne-atrakcije\/\"},{\"@type\":\"ListItem\",\"position\":4,\"name\":\"Festivali i manifestacije\",\"item\":\"https:\/\/serbia.com\/srpski\/posetite-srbiju\/kulturne-atrakcije\/festivali-i-manifestacije\/\"},{\"@type\":\"ListItem\",\"position\":5,\"name\":\"Beer Fest u Beogradu\"}]},{\"@type\":\"WebSite\",\"@id\":\"https:\/\/serbia.com\/#website\",\"url\":\"https:\/\/serbia.com\/\",\"name\":\"Serbia.com\",\"description\":\"Your Gateway to Serbia\",\"potentialAction\":[{\"@type\":\"SearchAction\",\"target\":{\"@type\":\"EntryPoint\",\"urlTemplate\":\"https:\/\/serbia.com\/?s={search_term_string}\"},\"query-input\":{\"@type\":\"PropertyValueSpecification\",\"valueRequired\":true,\"valueName\":\"search_term_string\"}}],\"inLanguage\":\"srpski\"}]}<\/script>\n<!-- \/ Yoast SEO plugin. -->","yoast_head_json":{"title":"Beer Fest u Beogradu - Serbia.com","robots":{"index":"index","follow":"follow","max-snippet":"max-snippet:-1","max-image-preview":"max-image-preview:large","max-video-preview":"max-video-preview:-1"},"canonical":"https:\/\/serbia.com\/srpski\/posetite-srbiju\/kulturne-atrakcije\/festivali-i-manifestacije\/beer-fest-u-beogradu\/","og_locale":"en_US","og_type":"article","og_title":"Beer Fest u Beogradu - Serbia.com","og_description":"Beogradski Beer Fest nudi besplatan ulaz i \u0161iroku ponudu piva doma\u0107ih i stranih proizvo\u0111a\u010da, zbog \u010dega ga svake godine poseti oko 500.000 ljudi. Nema\u010dka ima Oktoberfest, a Srbija beogradski Beer [&hellip;]","og_url":"https:\/\/serbia.com\/srpski\/posetite-srbiju\/kulturne-atrakcije\/festivali-i-manifestacije\/beer-fest-u-beogradu\/","og_site_name":"Serbia.com","article_modified_time":"2024-10-20T12:08:04+00:00","og_image":[{"width":1280,"height":720,"url":"https:\/\/serbia.com\/wp-content\/uploads\/2024\/05\/BBF-2017-photo-01-RGB-72dpi-W1920px-1280x720.jpg","type":"image\/jpeg"}],"twitter_misc":{"Est. reading time":"3 minutes"},"schema":{"@context":"https:\/\/schema.org","@graph":[{"@type":"WebPage","@id":"https:\/\/serbia.com\/srpski\/posetite-srbiju\/kulturne-atrakcije\/festivali-i-manifestacije\/beer-fest-u-beogradu\/","url":"https:\/\/serbia.com\/srpski\/posetite-srbiju\/kulturne-atrakcije\/festivali-i-manifestacije\/beer-fest-u-beogradu\/","name":"Beer Fest u Beogradu - Serbia.com","isPartOf":{"@id":"https:\/\/serbia.com\/#website"},"primaryImageOfPage":{"@id":"https:\/\/serbia.com\/srpski\/posetite-srbiju\/kulturne-atrakcije\/festivali-i-manifestacije\/beer-fest-u-beogradu\/#primaryimage"},"image":{"@id":"https:\/\/serbia.com\/srpski\/posetite-srbiju\/kulturne-atrakcije\/festivali-i-manifestacije\/beer-fest-u-beogradu\/#primaryimage"},"thumbnailUrl":"https:\/\/serbia.com\/wp-content\/uploads\/2024\/05\/BBF-2017-photo-01-RGB-72dpi-W1920px.jpg","datePublished":"2015-05-18T10:48:57+00:00","dateModified":"2024-10-20T12:08:04+00:00","breadcrumb":{"@id":"https:\/\/serbia.com\/srpski\/posetite-srbiju\/kulturne-atrakcije\/festivali-i-manifestacije\/beer-fest-u-beogradu\/#breadcrumb"},"inLanguage":"srpski","potentialAction":[{"@type":"ReadAction","target":["https:\/\/serbia.com\/srpski\/posetite-srbiju\/kulturne-atrakcije\/festivali-i-manifestacije\/beer-fest-u-beogradu\/"]}]},{"@type":"ImageObject","inLanguage":"srpski","@id":"https:\/\/serbia.com\/srpski\/posetite-srbiju\/kulturne-atrakcije\/festivali-i-manifestacije\/beer-fest-u-beogradu\/#primaryimage","url":"https:\/\/serbia.com\/wp-content\/uploads\/2024\/05\/BBF-2017-photo-01-RGB-72dpi-W1920px.jpg","contentUrl":"https:\/\/serbia.com\/wp-content\/uploads\/2024\/05\/BBF-2017-photo-01-RGB-72dpi-W1920px.jpg","width":1920,"height":1080},{"@type":"BreadcrumbList","@id":"https:\/\/serbia.com\/srpski\/posetite-srbiju\/kulturne-atrakcije\/festivali-i-manifestacije\/beer-fest-u-beogradu\/#breadcrumb","itemListElement":[{"@type":"ListItem","position":1,"name":"Home","item":"https:\/\/serbia.com\/srpski\/"},{"@type":"ListItem","position":2,"name":"Poseti Srbiju","item":"https:\/\/serbia.com\/srpski\/posetite-srbiju\/"},{"@type":"ListItem","position":3,"name":"Kulturne atrakcije","item":"https:\/\/serbia.com\/srpski\/posetite-srbiju\/kulturne-atrakcije\/"},{"@type":"ListItem","position":4,"name":"Festivali i manifestacije","item":"https:\/\/serbia.com\/srpski\/posetite-srbiju\/kulturne-atrakcije\/festivali-i-manifestacije\/"},{"@type":"ListItem","position":5,"name":"Beer Fest u Beogradu"}]},{"@type":"WebSite","@id":"https:\/\/serbia.com\/#website","url":"https:\/\/serbia.com\/","name":"Serbia.com","description":"Your Gateway to Serbia","potentialAction":[{"@type":"SearchAction","target":{"@type":"EntryPoint","urlTemplate":"https:\/\/serbia.com\/?s={search_term_string}"},"query-input":{"@type":"PropertyValueSpecification","valueRequired":true,"valueName":"search_term_string"}}],"inLanguage":"srpski"}]}},"_links":{"self":[{"href":"https:\/\/serbia.com\/srpski\/wp-json\/wp\/v2\/pages\/32198"}],"collection":[{"href":"https:\/\/serbia.com\/srpski\/wp-json\/wp\/v2\/pages"}],"about":[{"href":"https:\/\/serbia.com\/srpski\/wp-json\/wp\/v2\/types\/page"}],"author":[{"embeddable":true,"href":"https:\/\/serbia.com\/srpski\/wp-json\/wp\/v2\/users\/27"}],"replies":[{"embeddable":true,"href":"https:\/\/serbia.com\/srpski\/wp-json\/wp\/v2\/comments?post=32198"}],"version-history":[{"count":1,"href":"https:\/\/serbia.com\/srpski\/wp-json\/wp\/v2\/pages\/32198\/revisions"}],"predecessor-version":[{"id":55703,"href":"https:\/\/serbia.com\/srpski\/wp-json\/wp\/v2\/pages\/32198\/revisions\/55703"}],"up":[{"embeddable":true,"href":"https:\/\/serbia.com\/srpski\/wp-json\/wp\/v2\/pages\/20418"}],"wp:featuredmedia":[{"embeddable":true,"href":"https:\/\/serbia.com\/srpski\/wp-json\/wp\/v2\/media\/52838"}],"wp:attachment":[{"href":"https:\/\/serbia.com\/srpski\/wp-json\/wp\/v2\/media?parent=32198"}],"wp:term":[{"taxonomy":"category","embeddable":true,"href":"https:\/\/serbia.com\/srpski\/wp-json\/wp\/v2\/categories?post=32198"},{"taxonomy":"post_tag","embeddable":true,"href":"https:\/\/serbia.com\/srpski\/wp-json\/wp\/v2\/tags?post=32198"}],"curies":[{"name":"wp","href":"https:\/\/api.w.org\/{rel}","templated":true}]}}