{"id":32174,"date":"2015-05-18T12:07:41","date_gmt":"2015-05-18T10:07:41","guid":{"rendered":"http:\/\/www.serbia.com\/?page_id=32174"},"modified":"2024-10-20T14:06:53","modified_gmt":"2024-10-20T12:06:53","slug":"nisville-autentican-spoj-dzeza-i-balkana","status":"publish","type":"page","link":"https:\/\/serbia.com\/srpski\/posetite-srbiju\/kulturne-atrakcije\/festivali-i-manifestacije\/nisville-autentican-spoj-dzeza-i-balkana\/","title":{"rendered":"Ni\u0161ville, autenti\u010dan spoj d\u017eeza i Balkana"},"content":{"rendered":"<h4>Ni\u0161ville je postao najpresti\u017eniji d\u017eez festival Jugoisto\u010dne Evrope zahvaljuju\u0107i svom jedinstvenom spoju balkanske muzike i svih vrsta d\u017eeza.<\/h4>\n<p>D\u017eez festival u <a title=\"Od svitanja do svitanja u Ni\u0161u\" href=\"http:\/\/www.serbia.com\/srpski\/posetite-srbiju\/gradovi\/nis\/\" target=\"_blank\" rel=\"noopener\">Ni\u0161u<\/a> ima tradiciju dugu tri decenije, a pod imenom Ni\u0161ville, odr\u017eava se ve\u0107 18 godina. Traje \u010detiri dana, tokom kojih nastupi oko 50 bendova sa oko 500 izvo\u0111a\u010da, a svakog leta ga poseti blizu 100.000 ljudi koji \u017eele da osim u &#8220;tradicionalnijim&#8221; formama d\u017eeza u\u017eivaju i u me\u0161avini ove muzike sa etno tradicijama razli\u010ditih delova sveta, naro\u010dito Balkana.<\/p>\n<p>Zbog toga nije ni malo \u010dudno \u0161to je ovakav festival nastao upravo u Ni\u0161u, gradu koji je vekovima simbol pro\u017eimanja kultura Istoka i Zapada.<\/p>\n<p><strong>Ni\u0161ville je do sada ugostio neka od najve\u0107ih imena svetske i doma\u0107e d\u017eez scene<\/strong>. Billy Cobham, Roy Hargrove, Tom Harrell, Benny Golson, Solomon Burke, Stanley Jordan, The Rosenberg trio, Larry Coryell, Candy Dulfer, Miroslav Vitous, Milcho Leviev, Chico Freeman, dr Donald Byrd, Mingus Dynasty, Grace Kelly, Joe &#8220;Defunkt&#8221; Bowie, Incognito, The Brand New Heavies, Teodosi Spasov, Yildiz Ibrahimova, Du\u0161ko Gojkovi\u0107, Jamie Davis, \u0160aban Bajramovi\u0107 i Esma Red\u017eepova samo su neki od velikih d\u017eezera koji su svojim nezaboravnim nastupima obogatili Ni\u0161vill.<\/p>\n<figure id=\"attachment_16741\" aria-describedby=\"caption-attachment-16741\" style=\"width: 800px\" class=\"wp-caption aligncenter\"><img loading=\"lazy\" decoding=\"async\" class=\"wp-image-16741\" src=\"http:\/\/www.serbia.com\/wp-content\/uploads\/2012\/12\/Nisville2012.jpg\" alt=\"Ni\u0161ville, najzna\u010dajniji jazz festival u ovom kutku Evrope, imao je \u010dast da ugosti velikane jazz doma\u0107e i svetske jazz scene. \" width=\"800\" height=\"531\" srcset=\"https:\/\/serbia.com\/wp-content\/uploads\/2012\/12\/Nisville2012.jpg 1029w, https:\/\/serbia.com\/wp-content\/uploads\/2012\/12\/Nisville2012-300x199.jpg 300w, https:\/\/serbia.com\/wp-content\/uploads\/2012\/12\/Nisville2012-1024x679.jpg 1024w\" sizes=\"auto, (max-width: 800px) 100vw, 800px\" \/><figcaption id=\"caption-attachment-16741\" class=\"wp-caption-text\">Ni\u0161ville, najzna\u010dajniji jazz festival u ovom kutku Evrope, imao je \u010dast da ugosti velikane jazz doma\u0107e i svetske jazz scene.<\/figcaption><\/figure>\n<p>Program se odr\u017eava na pet bina &#8211; unutar i izvan <strong><a href=\"http:\/\/www.serbia.com\/srpski\/niska-tvrdava-postaje-svetski-poznata-atrakcija\/\" target=\"_blank\" rel=\"noopener\">ni\u0161ke tvr\u0111ave<\/a><\/strong>. Pored glavnih bina, najzanimljivije su bine &#8211; <strong>&#8220;Movie stage<\/strong>&#8221; na kojoj se prikazuju filmovi iz istorije d\u017eeza, i <strong>&#8220;Rolling stage&#8221;<\/strong> koju zapravo \u010dini otvoreni autobus koji kru\u017ei gradom. Svake godine u sklopu festivala organizuju se besplatne radionice za polaznike iz zemlje i inostranstva.<\/p>\n<p>Od 2011. godine Ni\u0161ville d\u017eez festivalu prethode dva dana posve\u0107ena <strong>\u0160abanu Bajramovi\u0107u<\/strong>,\u00a0legendi romske muzike koga su neki od najzna\u010dajnijih svetskih magazina okarakterisali kao najbolji soul i bluz vokal na svetu. Njegovo izvo\u0111enje pesme <em><strong>\u201e\u0110elem, \u0110elem\u201c<\/strong> <\/em>progla\u0161eno je za himnu svih Roma sveta.<\/p>\n<p>Ovaj veliki \u010dovek, koji je sebe nazivao \u201esrpskim Ciganinom\u201c, nastupao je na Ni\u0161ville d\u017eez festivalu neposredno pred smrt, bez obzira na ve\u0107 poodmaklu fazu te\u0161ke bolesti. Preko puta tvr\u0111ave, na ni\u0161avskom keju, podignut mu je spomenik oko koga se dva dana pred Ni\u0161ville pesmom odaje po\u010dast \u0160abanu.<\/p>\n<h4>Ni\u0161ville prema &#8220;DownBeat&#8221; magazinu<\/h4>\n<p>Najpoznatiji d\u017eez magazin na svetu, ameri\u010dki &#8220;DownBeat&#8221; je ocenio Ni\u0161ville kao festival koji na najbolji mogu\u0107i na\u010din istovremeno promovi\u0161e d\u017eez kao pravac nastao na ameri\u010dkom kontinentu, muzi\u010dku tradiciju Balkana, i spoj ta dva stila. Time je, pi\u0161e ovaj presti\u017eni \u010dasopis, <em><strong>\u201eNi\u0161ville doprineo i predstavljanju Balkanske muzike kao novog svetskog muzi\u010dkog fenomena\u201c<\/strong><\/em>.<\/p>\n<h4>Kako sti\u0107i na Ni\u0161ville?<\/h4>\n<p>Ni\u0161 je sme\u0161ten na raskr\u0161\u0107u puteva. On se nalazi na evropskom putnom pravacu E-75 koji dolazi iz Ma\u0111arske i ra\u010dva se u 2 pravca: ka jugu, prema Makedoniji i Gr\u010dkoj (E-80) i ka zapadu, dolinom Ni\u0161ave, prema Bugarskoj, Turskoj i dalje ka Bliskom istoku. U Ni\u0161u se odvajaju i putevi ka severozapadu i ka jugozapadu zemlje.<\/p>\n<p>Avionom, preko Podgori\u010dkog aerodroma avio kompanijom \u201eMontenegro airlines&#8221; do svih ve\u0107ih evropskih destinacija: Frankfurta, Moskve, Dizeldorfa, Rima, Be\u010da, Ciriha, Londona i Pariza.<\/p>\n<p>Ni\u0161 je dobro povezan \u017eelezni\u010dkom mre\u017eom sa srpskim i evropskim destinacijama.<\/p>\n<p>Svi regionalni i me\u0111unarodni autobusi dolaze i odlaze sa glavne autobuske stanice koja se nalazi u blizini Ni\u0161ke tvr\u0111ave.<\/p>\n<h4>Kada ste ve\u0107 ovde, ne propustite&#8230;<\/h4>\n<p>&#8230;\u0161etnju kejom pored <strong>Ni\u0161ave<\/strong>, kafu u debelom hladu tvr\u0111ave. Glavna ulica \u0107e vas odvesti do spomenika Stevanu Sremcu i Kal\u010di, gde bi obavezno trebalo da skrenete u staru ni\u0161ku kaldrmisanu ulicu <strong>\u201cKazand\u017eijsko soka\u010de\u201d<\/strong>, i osetite duh starog Ni\u0161a.<\/p>\n<p>Posetite lekovitu <a title=\"Ni\u0161ka banja\" href=\"http:\/\/www.serbia.com\/srpski\/posetite-srbiju\/prirodne-lepote\/banje\/niska-banja\/\" target=\"_blank\" rel=\"noopener\"><strong>Ni\u0161ku banju<\/strong><\/a>, najstariju banju u Evropi.<\/p>\n<p>Ne propustite da popri\u010date sa Ni\u0161lijama i osetite toplinu ju\u017enjaka i njihovo ve\u0107 legendarno gostoprimstvo.<\/p>\n","protected":false},"excerpt":{"rendered":"<p>Ni\u0161ville je postao najpresti\u017eniji d\u017eez festival Jugoisto\u010dne Evrope zahvaljuju\u0107i svom jedinstvenom spoju balkanske muzike i svih vrsta d\u017eeza. D\u017eez festival u Ni\u0161u ima tradiciju dugu tri decenije, a pod imenom [&hellip;]<\/p>\n","protected":false},"author":27,"featured_media":30035,"parent":20418,"menu_order":0,"comment_status":"closed","ping_status":"closed","template":"","meta":{"_acf_changed":false,"inline_featured_image":false,"_monsterinsights_skip_tracking":false,"_monsterinsights_sitenote_active":false,"_monsterinsights_sitenote_note":"","_monsterinsights_sitenote_category":0,"footnotes":""},"categories":[1696],"tags":[],"class_list":["post-32174","page","type-page","status-publish","has-post-thumbnail","hentry","category-festivali-manifestacije"],"acf":[],"yoast_head":"<!-- This site is optimized with the Yoast SEO plugin v27.4 - https:\/\/yoast.com\/product\/yoast-seo-wordpress\/ -->\n<title>Ni\u0161ville, autenti\u010dan spoj d\u017eeza i Balkana - Serbia.com<\/title>\n<meta name=\"robots\" content=\"index, follow, max-snippet:-1, max-image-preview:large, max-video-preview:-1\" \/>\n<link rel=\"canonical\" href=\"https:\/\/serbia.com\/srpski\/posetite-srbiju\/kulturne-atrakcije\/festivali-i-manifestacije\/nisville-autentican-spoj-dzeza-i-balkana\/\" \/>\n<meta property=\"og:locale\" content=\"en_US\" \/>\n<meta property=\"og:type\" content=\"article\" \/>\n<meta property=\"og:title\" content=\"Ni\u0161ville, autenti\u010dan spoj d\u017eeza i Balkana - Serbia.com\" \/>\n<meta property=\"og:description\" content=\"Ni\u0161ville je postao najpresti\u017eniji d\u017eez festival Jugoisto\u010dne Evrope zahvaljuju\u0107i svom jedinstvenom spoju balkanske muzike i svih vrsta d\u017eeza. D\u017eez festival u Ni\u0161u ima tradiciju dugu tri decenije, a pod imenom [&hellip;]\" \/>\n<meta property=\"og:url\" content=\"https:\/\/serbia.com\/srpski\/posetite-srbiju\/kulturne-atrakcije\/festivali-i-manifestacije\/nisville-autentican-spoj-dzeza-i-balkana\/\" \/>\n<meta property=\"og:site_name\" content=\"Serbia.com\" \/>\n<meta property=\"article:modified_time\" content=\"2024-10-20T12:06:53+00:00\" \/>\n<meta property=\"og:image\" content=\"https:\/\/serbia.com\/wp-content\/uploads\/2015\/03\/aleksic1serbiaaa.jpg\" \/>\n\t<meta property=\"og:image:width\" content=\"1800\" \/>\n\t<meta property=\"og:image:height\" content=\"600\" \/>\n\t<meta property=\"og:image:type\" content=\"image\/jpeg\" \/>\n<meta name=\"twitter:label1\" content=\"Est. reading time\" \/>\n\t<meta name=\"twitter:data1\" content=\"3 minutes\" \/>\n<script type=\"application\/ld+json\" class=\"yoast-schema-graph\">{\"@context\":\"https:\\\/\\\/schema.org\",\"@graph\":[{\"@type\":\"WebPage\",\"@id\":\"https:\\\/\\\/serbia.com\\\/srpski\\\/posetite-srbiju\\\/kulturne-atrakcije\\\/festivali-i-manifestacije\\\/nisville-autentican-spoj-dzeza-i-balkana\\\/\",\"url\":\"https:\\\/\\\/serbia.com\\\/srpski\\\/posetite-srbiju\\\/kulturne-atrakcije\\\/festivali-i-manifestacije\\\/nisville-autentican-spoj-dzeza-i-balkana\\\/\",\"name\":\"Ni\u0161ville, autenti\u010dan spoj d\u017eeza i Balkana - Serbia.com\",\"isPartOf\":{\"@id\":\"https:\\\/\\\/serbia.com\\\/#website\"},\"primaryImageOfPage\":{\"@id\":\"https:\\\/\\\/serbia.com\\\/srpski\\\/posetite-srbiju\\\/kulturne-atrakcije\\\/festivali-i-manifestacije\\\/nisville-autentican-spoj-dzeza-i-balkana\\\/#primaryimage\"},\"image\":{\"@id\":\"https:\\\/\\\/serbia.com\\\/srpski\\\/posetite-srbiju\\\/kulturne-atrakcije\\\/festivali-i-manifestacije\\\/nisville-autentican-spoj-dzeza-i-balkana\\\/#primaryimage\"},\"thumbnailUrl\":\"https:\\\/\\\/serbia.com\\\/wp-content\\\/uploads\\\/2015\\\/03\\\/aleksic1serbiaaa.jpg\",\"datePublished\":\"2015-05-18T10:07:41+00:00\",\"dateModified\":\"2024-10-20T12:06:53+00:00\",\"breadcrumb\":{\"@id\":\"https:\\\/\\\/serbia.com\\\/srpski\\\/posetite-srbiju\\\/kulturne-atrakcije\\\/festivali-i-manifestacije\\\/nisville-autentican-spoj-dzeza-i-balkana\\\/#breadcrumb\"},\"inLanguage\":\"srpski\",\"potentialAction\":[{\"@type\":\"ReadAction\",\"target\":[\"https:\\\/\\\/serbia.com\\\/srpski\\\/posetite-srbiju\\\/kulturne-atrakcije\\\/festivali-i-manifestacije\\\/nisville-autentican-spoj-dzeza-i-balkana\\\/\"]}]},{\"@type\":\"ImageObject\",\"inLanguage\":\"srpski\",\"@id\":\"https:\\\/\\\/serbia.com\\\/srpski\\\/posetite-srbiju\\\/kulturne-atrakcije\\\/festivali-i-manifestacije\\\/nisville-autentican-spoj-dzeza-i-balkana\\\/#primaryimage\",\"url\":\"https:\\\/\\\/serbia.com\\\/wp-content\\\/uploads\\\/2015\\\/03\\\/aleksic1serbiaaa.jpg\",\"contentUrl\":\"https:\\\/\\\/serbia.com\\\/wp-content\\\/uploads\\\/2015\\\/03\\\/aleksic1serbiaaa.jpg\",\"width\":1800,\"height\":600},{\"@type\":\"BreadcrumbList\",\"@id\":\"https:\\\/\\\/serbia.com\\\/srpski\\\/posetite-srbiju\\\/kulturne-atrakcije\\\/festivali-i-manifestacije\\\/nisville-autentican-spoj-dzeza-i-balkana\\\/#breadcrumb\",\"itemListElement\":[{\"@type\":\"ListItem\",\"position\":1,\"name\":\"Home\",\"item\":\"https:\\\/\\\/serbia.com\\\/srpski\\\/srbija\\\/\"},{\"@type\":\"ListItem\",\"position\":2,\"name\":\"Poseti Srbiju\",\"item\":\"https:\\\/\\\/serbia.com\\\/srpski\\\/posetite-srbiju\\\/\"},{\"@type\":\"ListItem\",\"position\":3,\"name\":\"Kulturne atrakcije\",\"item\":\"https:\\\/\\\/serbia.com\\\/srpski\\\/posetite-srbiju\\\/kulturne-atrakcije\\\/\"},{\"@type\":\"ListItem\",\"position\":4,\"name\":\"Festivali i manifestacije\",\"item\":\"https:\\\/\\\/serbia.com\\\/srpski\\\/posetite-srbiju\\\/kulturne-atrakcije\\\/festivali-i-manifestacije\\\/\"},{\"@type\":\"ListItem\",\"position\":5,\"name\":\"Ni\u0161ville, autenti\u010dan spoj d\u017eeza i Balkana\"}]},{\"@type\":\"WebSite\",\"@id\":\"https:\\\/\\\/serbia.com\\\/#website\",\"url\":\"https:\\\/\\\/serbia.com\\\/\",\"name\":\"Serbia.com\",\"description\":\"Your Gateway to Serbia\",\"potentialAction\":[{\"@type\":\"SearchAction\",\"target\":{\"@type\":\"EntryPoint\",\"urlTemplate\":\"https:\\\/\\\/serbia.com\\\/?s={search_term_string}\"},\"query-input\":{\"@type\":\"PropertyValueSpecification\",\"valueRequired\":true,\"valueName\":\"search_term_string\"}}],\"inLanguage\":\"srpski\"}]}<\/script>\n<!-- \/ Yoast SEO plugin. -->","yoast_head_json":{"title":"Ni\u0161ville, autenti\u010dan spoj d\u017eeza i Balkana - Serbia.com","robots":{"index":"index","follow":"follow","max-snippet":"max-snippet:-1","max-image-preview":"max-image-preview:large","max-video-preview":"max-video-preview:-1"},"canonical":"https:\/\/serbia.com\/srpski\/posetite-srbiju\/kulturne-atrakcije\/festivali-i-manifestacije\/nisville-autentican-spoj-dzeza-i-balkana\/","og_locale":"en_US","og_type":"article","og_title":"Ni\u0161ville, autenti\u010dan spoj d\u017eeza i Balkana - Serbia.com","og_description":"Ni\u0161ville je postao najpresti\u017eniji d\u017eez festival Jugoisto\u010dne Evrope zahvaljuju\u0107i svom jedinstvenom spoju balkanske muzike i svih vrsta d\u017eeza. D\u017eez festival u Ni\u0161u ima tradiciju dugu tri decenije, a pod imenom [&hellip;]","og_url":"https:\/\/serbia.com\/srpski\/posetite-srbiju\/kulturne-atrakcije\/festivali-i-manifestacije\/nisville-autentican-spoj-dzeza-i-balkana\/","og_site_name":"Serbia.com","article_modified_time":"2024-10-20T12:06:53+00:00","og_image":[{"width":1800,"height":600,"url":"https:\/\/serbia.com\/wp-content\/uploads\/2015\/03\/aleksic1serbiaaa.jpg","type":"image\/jpeg"}],"twitter_misc":{"Est. reading time":"3 minutes"},"schema":{"@context":"https:\/\/schema.org","@graph":[{"@type":"WebPage","@id":"https:\/\/serbia.com\/srpski\/posetite-srbiju\/kulturne-atrakcije\/festivali-i-manifestacije\/nisville-autentican-spoj-dzeza-i-balkana\/","url":"https:\/\/serbia.com\/srpski\/posetite-srbiju\/kulturne-atrakcije\/festivali-i-manifestacije\/nisville-autentican-spoj-dzeza-i-balkana\/","name":"Ni\u0161ville, autenti\u010dan spoj d\u017eeza i Balkana - Serbia.com","isPartOf":{"@id":"https:\/\/serbia.com\/#website"},"primaryImageOfPage":{"@id":"https:\/\/serbia.com\/srpski\/posetite-srbiju\/kulturne-atrakcije\/festivali-i-manifestacije\/nisville-autentican-spoj-dzeza-i-balkana\/#primaryimage"},"image":{"@id":"https:\/\/serbia.com\/srpski\/posetite-srbiju\/kulturne-atrakcije\/festivali-i-manifestacije\/nisville-autentican-spoj-dzeza-i-balkana\/#primaryimage"},"thumbnailUrl":"https:\/\/serbia.com\/wp-content\/uploads\/2015\/03\/aleksic1serbiaaa.jpg","datePublished":"2015-05-18T10:07:41+00:00","dateModified":"2024-10-20T12:06:53+00:00","breadcrumb":{"@id":"https:\/\/serbia.com\/srpski\/posetite-srbiju\/kulturne-atrakcije\/festivali-i-manifestacije\/nisville-autentican-spoj-dzeza-i-balkana\/#breadcrumb"},"inLanguage":"srpski","potentialAction":[{"@type":"ReadAction","target":["https:\/\/serbia.com\/srpski\/posetite-srbiju\/kulturne-atrakcije\/festivali-i-manifestacije\/nisville-autentican-spoj-dzeza-i-balkana\/"]}]},{"@type":"ImageObject","inLanguage":"srpski","@id":"https:\/\/serbia.com\/srpski\/posetite-srbiju\/kulturne-atrakcije\/festivali-i-manifestacije\/nisville-autentican-spoj-dzeza-i-balkana\/#primaryimage","url":"https:\/\/serbia.com\/wp-content\/uploads\/2015\/03\/aleksic1serbiaaa.jpg","contentUrl":"https:\/\/serbia.com\/wp-content\/uploads\/2015\/03\/aleksic1serbiaaa.jpg","width":1800,"height":600},{"@type":"BreadcrumbList","@id":"https:\/\/serbia.com\/srpski\/posetite-srbiju\/kulturne-atrakcije\/festivali-i-manifestacije\/nisville-autentican-spoj-dzeza-i-balkana\/#breadcrumb","itemListElement":[{"@type":"ListItem","position":1,"name":"Home","item":"https:\/\/serbia.com\/srpski\/srbija\/"},{"@type":"ListItem","position":2,"name":"Poseti Srbiju","item":"https:\/\/serbia.com\/srpski\/posetite-srbiju\/"},{"@type":"ListItem","position":3,"name":"Kulturne atrakcije","item":"https:\/\/serbia.com\/srpski\/posetite-srbiju\/kulturne-atrakcije\/"},{"@type":"ListItem","position":4,"name":"Festivali i manifestacije","item":"https:\/\/serbia.com\/srpski\/posetite-srbiju\/kulturne-atrakcije\/festivali-i-manifestacije\/"},{"@type":"ListItem","position":5,"name":"Ni\u0161ville, autenti\u010dan spoj d\u017eeza i Balkana"}]},{"@type":"WebSite","@id":"https:\/\/serbia.com\/#website","url":"https:\/\/serbia.com\/","name":"Serbia.com","description":"Your Gateway to Serbia","potentialAction":[{"@type":"SearchAction","target":{"@type":"EntryPoint","urlTemplate":"https:\/\/serbia.com\/?s={search_term_string}"},"query-input":{"@type":"PropertyValueSpecification","valueRequired":true,"valueName":"search_term_string"}}],"inLanguage":"srpski"}]}},"brizy_media":[],"_links":{"self":[{"href":"https:\/\/serbia.com\/srpski\/wp-json\/wp\/v2\/pages\/32174","targetHints":{"allow":["GET"]}}],"collection":[{"href":"https:\/\/serbia.com\/srpski\/wp-json\/wp\/v2\/pages"}],"about":[{"href":"https:\/\/serbia.com\/srpski\/wp-json\/wp\/v2\/types\/page"}],"author":[{"embeddable":true,"href":"https:\/\/serbia.com\/srpski\/wp-json\/wp\/v2\/users\/27"}],"replies":[{"embeddable":true,"href":"https:\/\/serbia.com\/srpski\/wp-json\/wp\/v2\/comments?post=32174"}],"version-history":[{"count":1,"href":"https:\/\/serbia.com\/srpski\/wp-json\/wp\/v2\/pages\/32174\/revisions"}],"predecessor-version":[{"id":55702,"href":"https:\/\/serbia.com\/srpski\/wp-json\/wp\/v2\/pages\/32174\/revisions\/55702"}],"up":[{"embeddable":true,"href":"https:\/\/serbia.com\/srpski\/wp-json\/wp\/v2\/pages\/20418"}],"wp:featuredmedia":[{"embeddable":true,"href":"https:\/\/serbia.com\/srpski\/wp-json\/wp\/v2\/media\/30035"}],"wp:attachment":[{"href":"https:\/\/serbia.com\/srpski\/wp-json\/wp\/v2\/media?parent=32174"}],"wp:term":[{"taxonomy":"category","embeddable":true,"href":"https:\/\/serbia.com\/srpski\/wp-json\/wp\/v2\/categories?post=32174"},{"taxonomy":"post_tag","embeddable":true,"href":"https:\/\/serbia.com\/srpski\/wp-json\/wp\/v2\/tags?post=32174"}],"curies":[{"name":"wp","href":"https:\/\/api.w.org\/{rel}","templated":true}]}}