{"id":32156,"date":"2015-05-18T11:36:09","date_gmt":"2015-05-18T09:36:09","guid":{"rendered":"http:\/\/www.serbia.com\/?page_id=32156"},"modified":"2024-10-20T14:06:13","modified_gmt":"2024-10-20T12:06:13","slug":"guca-festival-trube-i-dobrog-provoda","status":"publish","type":"page","link":"https:\/\/serbia.com\/srpski\/posetite-srbiju\/kulturne-atrakcije\/festivali-i-manifestacije\/guca-festival-trube-i-dobrog-provoda\/","title":{"rendered":"Gu\u010da, festival trube i dobrog provoda"},"content":{"rendered":"<h4>Sabor truba\u010da u draga\u010devskom selu Gu\u010da jedinstven je praznik koga svake godine poseti nekoliko stotina hiljada ljudi kojima je zagarantovan dobar provod i ludovanje do zore.<\/h4>\n<p>Srpska truba se pro\u010dula svetom i postala razlog da svakog avgusta stotine hiljada ljudi posete jedinstveni praznik ovog limenog instrumenta u selu Gu\u010da, u draga\u010devskom kraju. Duga tradicija ovog instrumenta u Srbiji izgradila je <strong>jedan od najpoznatijih simbola <a title=\"Muzika\" href=\"http:\/\/www.serbia.com\/srpski\/o-srbiji\/kultura\/muzika\/\" target=\"_blank\" rel=\"noopener\">srpske muzik<\/a><a href=\"http:\/\/www.serbia.com\/srpski\/o-srbiji\/kultura\/muzika\/\" target=\"_blank\" rel=\"noopener\">e<\/a><\/strong>.<\/p>\n<p>Od prvog sabora u Gu\u010di, koji je odr\u017ean u porti seoske Crkve Svetog Arhangela Gavrila i na kojem su u\u010destvovala samo \u010detiri orkestra, pro\u0161lo je vi\u0161e od 50 godina, a Draga\u010devski sabor truba\u010da i dalje mami posetioce jedinstvenom atmosferom, autenti\u010dnim zvukom i dobrim provodom. Zapravo, ovaj muzi\u010dki festival trube na jedinstven i originalan na\u010din do\u010darava <a title=\"Obi\u010daji u Srbiji: rituali od pre Hrista\" href=\"http:\/\/www.serbia.com\/srpski\/o-srbiji\/kultura\/etno-naslede\/narodni-obicaji\/\" target=\"_blank\" rel=\"noopener\">narodnu tradiciju i obi\u010daje<\/a>.<\/p>\n<p><img loading=\"lazy\" decoding=\"async\" class=\"aligncenter wp-image-17315\" src=\"http:\/\/www.serbia.com\/wp-content\/uploads\/2012\/11\/guca2-1024x682.jpg\" alt=\"18.05.2010. Gucabregovic koncertfoto aleksandar stankovic\" width=\"800\" height=\"533\" srcset=\"https:\/\/serbia.com\/wp-content\/uploads\/2012\/11\/guca2-1024x682.jpg 1024w, https:\/\/serbia.com\/wp-content\/uploads\/2012\/11\/guca2-300x200.jpg 300w, https:\/\/serbia.com\/wp-content\/uploads\/2012\/11\/guca2.jpg 1500w\" sizes=\"auto, (max-width: 800px) 100vw, 800px\" \/><\/p>\n<p>Gu\u010da je danas mesto na kome se okupe orkestri iz cele Srbije ne bi li svoje ume\u0107e pokazali na takmi\u010denju za najbolji orkestar i solistu, a pridru\u017euju im se i kolege iz inostranstva. Svetski poznata imena i orkestri <strong>Bobana<\/strong> i <strong>Marka Markovi\u0107a<\/strong>, <strong>Fejata Sejdi\u0107a<\/strong>, <strong>Dejana Petrovi\u0107a<\/strong> i <strong>Nenada Mladenovi\u0107a<\/strong> u\u010destvovali su upravo na ovom takmi\u010denju. Centralni doga\u0111aj manifestacije je zasigurno <strong>progla\u0161enje pobednika<\/strong>, ali festival obuhvata i brojne kulturno-umetni\u010dke programe.<\/p>\n<p>Posetioci festivala, u Gu\u010di mogu videti i brojne etno i istorijske izlo\u017ebe, prisustvovati i u\u010destvovati na takmi\u010denju zdravi\u010dara, narodnom vi\u0161eboju ili izboru najlep\u0161e <a title=\"Narodna no\u0161nja, oznaka identiteta i pripadnosti\" href=\"http:\/\/www.serbia.com\/srpski\/narodna-nosnja-oznaka-identiteta-i-pripadnosti-2\/\">narodne no\u0161nje<\/a>. Tako\u0111e, tokom posete Saboru nezaobilazni su i specijaliteti <a title=\"Tradicionalna kuhinja\" href=\"http:\/\/www.serbia.com\/srpski\/o-srbiji\/tradicionalna-kuhinja\/\">srpske tradicionalne kuhinje<\/a> u otvorenim domovima i saborskim \u0161atrama. Iako mo\u017eda niste ljubitelj ove vrste muzike, neponovljiv do\u017eivljaj zasigurno jednog od najpose\u0107enijih festivala u celom regionu Balkana privole\u0107e vas da se vratite i slede\u0107e godine.<\/p>\n<h4>Gde se nalazi Gu\u010da i kako do nje sti\u0107i?<\/h4>\n<p>Ukoliko putujete automobilom, od <a title=\"Beograd\" href=\"http:\/\/www.serbia.com\/srpski\/posetite-srbiju\/gradovi\/beograd\/\" target=\"_blank\" rel=\"noopener\">Beograda<\/a> do <a title=\"\u010ca\u010dak, grad u pokretu\" href=\"http:\/\/www.serbia.com\/srpski\/posetite-srbiju\/gradovi\/cacak-grad-u-pokretu\/\" target=\"_blank\" rel=\"noopener\">\u010ca\u010dka<\/a> se sti\u017ee Ibarskom magistralom preko Gornjeg Milanovca, a potrebno je pre\u0107i 180 km. Nastavite kru\u017enim putem oko \u010ca\u010dka gde \u0107ete videti skretanje za Gu\u010du, a potrbno je da pre\u0111ete 20 km do odredi\u0161ta.<\/p>\n<p>Ukoliko ste se odlu\u010dili za autobuski prevoz, sa glavne autobuske stanice u Beogradu dnevni polasci ka \u010ca\u010dku su na svakih sat vremena, odakle imate autobuse kao i taksi prevoz do Gu\u010de.<\/p>\n<h4>Kada ste ve\u0107 ovde, ne propustite&#8230;<\/h4>\n<p>Da pro\u0161etate <strong>\u010ca\u010dkom<\/strong>, jednim od najlep\u0161ih gradova u Srbiji.<\/p>\n<p>Na oko 43 km udaljenosti od sela Gu\u010da nalazi se <a title=\"Zlatibor, ukras na 1.000 metara visine\" href=\"http:\/\/www.serbia.com\/srpski\/posetite-srbiju\/prirodne-lepote\/planine\/zlatibor-ukras-na-1-000-metara-visine\/\" target=\"_blank\" rel=\"noopener\"><strong>Zlatibor<\/strong><\/a>, jedna od najlep\u0161ih planina Srbije sa mnogobrojnim turisti\u010dkim atrakcijama. Ako se zaputite tamo, putem koji prolazi kroz divne predele, obavezno posetite <a title=\"\u010carobno selo Drvengrad\" href=\"http:\/\/www.serbia.com\/srpski\/posetite-srbiju\/prirodne-lepote\/etno-sela\/carobno-selo-drvengrad\/\" target=\"_blank\" rel=\"noopener\"><strong>Drvengrad<\/strong><\/a>, <a title=\"Etno sela\" href=\"http:\/\/www.serbia.com\/srpski\/posetite-srbiju\/prirodne-lepote\/etno-sela\/\" target=\"_blank\" rel=\"noopener\">etno selo<\/a> koje je osmislio poznati filmski reditelj <a title=\"Emir Kusturica, umetnik, graditelj i antiglobalista\" href=\"http:\/\/www.serbia.com\/srpski\/emir-kusturica-umetnik-graditelj-i-antiglobalista-2\/\"><strong>Emir Kusturica<\/strong><\/a>.<\/p>\n<p>Na putu od \u010ca\u010dka do U\u017eica svratite u <a title=\"Terzi\u0107a avlija, etno muzej na otvorenom\" href=\"http:\/\/www.serbia.com\/srpski\/posetite-srbiju\/prirodne-lepote\/etno-sela\/terzica-avlija-etno-muzej-na-otvorenom\/\" target=\"_blank\" rel=\"noopener\"><strong>Terzi\u0107a avliju<\/strong><\/a>, jo\u0161 jedno specifi\u010dno etno selo.<\/p>\n<p>Foto: Aleksandar Stankovi\u0107 (Blic)<\/p>\n","protected":false},"excerpt":{"rendered":"<p>Sabor truba\u010da u draga\u010devskom selu Gu\u010da jedinstven je praznik koga svake godine poseti nekoliko stotina hiljada ljudi kojima je zagarantovan dobar provod i ludovanje do zore. Srpska truba se pro\u010dula [&hellip;]<\/p>\n","protected":false},"author":27,"featured_media":32150,"parent":20418,"menu_order":0,"comment_status":"closed","ping_status":"closed","template":"","meta":{"_acf_changed":false,"inline_featured_image":false,"_monsterinsights_skip_tracking":false,"_monsterinsights_sitenote_active":false,"_monsterinsights_sitenote_note":"","_monsterinsights_sitenote_category":0,"footnotes":""},"categories":[1696],"tags":[],"class_list":["post-32156","page","type-page","status-publish","has-post-thumbnail","hentry","category-festivali-manifestacije"],"acf":[],"yoast_head":"<!-- This site is optimized with the Yoast SEO plugin v27.4 - https:\/\/yoast.com\/product\/yoast-seo-wordpress\/ -->\n<title>Gu\u010da, festival trube i dobrog provoda - Serbia.com<\/title>\n<meta name=\"robots\" content=\"index, follow, max-snippet:-1, max-image-preview:large, max-video-preview:-1\" \/>\n<link rel=\"canonical\" href=\"https:\/\/serbia.com\/srpski\/posetite-srbiju\/kulturne-atrakcije\/festivali-i-manifestacije\/guca-festival-trube-i-dobrog-provoda\/\" \/>\n<meta property=\"og:locale\" content=\"en_US\" \/>\n<meta property=\"og:type\" content=\"article\" \/>\n<meta property=\"og:title\" content=\"Gu\u010da, festival trube i dobrog provoda - Serbia.com\" \/>\n<meta property=\"og:description\" content=\"Sabor truba\u010da u draga\u010devskom selu Gu\u010da jedinstven je praznik koga svake godine poseti nekoliko stotina hiljada ljudi kojima je zagarantovan dobar provod i ludovanje do zore. Srpska truba se pro\u010dula [&hellip;]\" \/>\n<meta property=\"og:url\" content=\"https:\/\/serbia.com\/srpski\/posetite-srbiju\/kulturne-atrakcije\/festivali-i-manifestacije\/guca-festival-trube-i-dobrog-provoda\/\" \/>\n<meta property=\"og:site_name\" content=\"Serbia.com\" \/>\n<meta property=\"article:modified_time\" content=\"2024-10-20T12:06:13+00:00\" \/>\n<meta property=\"og:image\" content=\"https:\/\/serbia.com\/wp-content\/uploads\/2015\/05\/guca2.jpg\" \/>\n\t<meta property=\"og:image:width\" content=\"1601\" \/>\n\t<meta property=\"og:image:height\" content=\"929\" \/>\n\t<meta property=\"og:image:type\" content=\"image\/jpeg\" \/>\n<meta name=\"twitter:label1\" content=\"Est. reading time\" \/>\n\t<meta name=\"twitter:data1\" content=\"3 minutes\" \/>\n<script type=\"application\/ld+json\" class=\"yoast-schema-graph\">{\"@context\":\"https:\\\/\\\/schema.org\",\"@graph\":[{\"@type\":\"WebPage\",\"@id\":\"https:\\\/\\\/serbia.com\\\/srpski\\\/posetite-srbiju\\\/kulturne-atrakcije\\\/festivali-i-manifestacije\\\/guca-festival-trube-i-dobrog-provoda\\\/\",\"url\":\"https:\\\/\\\/serbia.com\\\/srpski\\\/posetite-srbiju\\\/kulturne-atrakcije\\\/festivali-i-manifestacije\\\/guca-festival-trube-i-dobrog-provoda\\\/\",\"name\":\"Gu\u010da, festival trube i dobrog provoda - Serbia.com\",\"isPartOf\":{\"@id\":\"https:\\\/\\\/serbia.com\\\/#website\"},\"primaryImageOfPage\":{\"@id\":\"https:\\\/\\\/serbia.com\\\/srpski\\\/posetite-srbiju\\\/kulturne-atrakcije\\\/festivali-i-manifestacije\\\/guca-festival-trube-i-dobrog-provoda\\\/#primaryimage\"},\"image\":{\"@id\":\"https:\\\/\\\/serbia.com\\\/srpski\\\/posetite-srbiju\\\/kulturne-atrakcije\\\/festivali-i-manifestacije\\\/guca-festival-trube-i-dobrog-provoda\\\/#primaryimage\"},\"thumbnailUrl\":\"https:\\\/\\\/serbia.com\\\/wp-content\\\/uploads\\\/2015\\\/05\\\/guca2.jpg\",\"datePublished\":\"2015-05-18T09:36:09+00:00\",\"dateModified\":\"2024-10-20T12:06:13+00:00\",\"breadcrumb\":{\"@id\":\"https:\\\/\\\/serbia.com\\\/srpski\\\/posetite-srbiju\\\/kulturne-atrakcije\\\/festivali-i-manifestacije\\\/guca-festival-trube-i-dobrog-provoda\\\/#breadcrumb\"},\"inLanguage\":\"srpski\",\"potentialAction\":[{\"@type\":\"ReadAction\",\"target\":[\"https:\\\/\\\/serbia.com\\\/srpski\\\/posetite-srbiju\\\/kulturne-atrakcije\\\/festivali-i-manifestacije\\\/guca-festival-trube-i-dobrog-provoda\\\/\"]}]},{\"@type\":\"ImageObject\",\"inLanguage\":\"srpski\",\"@id\":\"https:\\\/\\\/serbia.com\\\/srpski\\\/posetite-srbiju\\\/kulturne-atrakcije\\\/festivali-i-manifestacije\\\/guca-festival-trube-i-dobrog-provoda\\\/#primaryimage\",\"url\":\"https:\\\/\\\/serbia.com\\\/wp-content\\\/uploads\\\/2015\\\/05\\\/guca2.jpg\",\"contentUrl\":\"https:\\\/\\\/serbia.com\\\/wp-content\\\/uploads\\\/2015\\\/05\\\/guca2.jpg\",\"width\":1601,\"height\":929},{\"@type\":\"BreadcrumbList\",\"@id\":\"https:\\\/\\\/serbia.com\\\/srpski\\\/posetite-srbiju\\\/kulturne-atrakcije\\\/festivali-i-manifestacije\\\/guca-festival-trube-i-dobrog-provoda\\\/#breadcrumb\",\"itemListElement\":[{\"@type\":\"ListItem\",\"position\":1,\"name\":\"Home\",\"item\":\"https:\\\/\\\/serbia.com\\\/srpski\\\/\"},{\"@type\":\"ListItem\",\"position\":2,\"name\":\"Poseti Srbiju\",\"item\":\"https:\\\/\\\/serbia.com\\\/srpski\\\/posetite-srbiju\\\/\"},{\"@type\":\"ListItem\",\"position\":3,\"name\":\"Kulturne atrakcije\",\"item\":\"https:\\\/\\\/serbia.com\\\/srpski\\\/posetite-srbiju\\\/kulturne-atrakcije\\\/\"},{\"@type\":\"ListItem\",\"position\":4,\"name\":\"Festivali i manifestacije\",\"item\":\"https:\\\/\\\/serbia.com\\\/srpski\\\/posetite-srbiju\\\/kulturne-atrakcije\\\/festivali-i-manifestacije\\\/\"},{\"@type\":\"ListItem\",\"position\":5,\"name\":\"Gu\u010da, festival trube i dobrog provoda\"}]},{\"@type\":\"WebSite\",\"@id\":\"https:\\\/\\\/serbia.com\\\/#website\",\"url\":\"https:\\\/\\\/serbia.com\\\/\",\"name\":\"Serbia.com\",\"description\":\"Your Gateway to Serbia\",\"potentialAction\":[{\"@type\":\"SearchAction\",\"target\":{\"@type\":\"EntryPoint\",\"urlTemplate\":\"https:\\\/\\\/serbia.com\\\/?s={search_term_string}\"},\"query-input\":{\"@type\":\"PropertyValueSpecification\",\"valueRequired\":true,\"valueName\":\"search_term_string\"}}],\"inLanguage\":\"srpski\"}]}<\/script>\n<!-- \/ Yoast SEO plugin. -->","yoast_head_json":{"title":"Gu\u010da, festival trube i dobrog provoda - Serbia.com","robots":{"index":"index","follow":"follow","max-snippet":"max-snippet:-1","max-image-preview":"max-image-preview:large","max-video-preview":"max-video-preview:-1"},"canonical":"https:\/\/serbia.com\/srpski\/posetite-srbiju\/kulturne-atrakcije\/festivali-i-manifestacije\/guca-festival-trube-i-dobrog-provoda\/","og_locale":"en_US","og_type":"article","og_title":"Gu\u010da, festival trube i dobrog provoda - Serbia.com","og_description":"Sabor truba\u010da u draga\u010devskom selu Gu\u010da jedinstven je praznik koga svake godine poseti nekoliko stotina hiljada ljudi kojima je zagarantovan dobar provod i ludovanje do zore. Srpska truba se pro\u010dula [&hellip;]","og_url":"https:\/\/serbia.com\/srpski\/posetite-srbiju\/kulturne-atrakcije\/festivali-i-manifestacije\/guca-festival-trube-i-dobrog-provoda\/","og_site_name":"Serbia.com","article_modified_time":"2024-10-20T12:06:13+00:00","og_image":[{"width":1601,"height":929,"url":"https:\/\/serbia.com\/wp-content\/uploads\/2015\/05\/guca2.jpg","type":"image\/jpeg"}],"twitter_misc":{"Est. reading time":"3 minutes"},"schema":{"@context":"https:\/\/schema.org","@graph":[{"@type":"WebPage","@id":"https:\/\/serbia.com\/srpski\/posetite-srbiju\/kulturne-atrakcije\/festivali-i-manifestacije\/guca-festival-trube-i-dobrog-provoda\/","url":"https:\/\/serbia.com\/srpski\/posetite-srbiju\/kulturne-atrakcije\/festivali-i-manifestacije\/guca-festival-trube-i-dobrog-provoda\/","name":"Gu\u010da, festival trube i dobrog provoda - Serbia.com","isPartOf":{"@id":"https:\/\/serbia.com\/#website"},"primaryImageOfPage":{"@id":"https:\/\/serbia.com\/srpski\/posetite-srbiju\/kulturne-atrakcije\/festivali-i-manifestacije\/guca-festival-trube-i-dobrog-provoda\/#primaryimage"},"image":{"@id":"https:\/\/serbia.com\/srpski\/posetite-srbiju\/kulturne-atrakcije\/festivali-i-manifestacije\/guca-festival-trube-i-dobrog-provoda\/#primaryimage"},"thumbnailUrl":"https:\/\/serbia.com\/wp-content\/uploads\/2015\/05\/guca2.jpg","datePublished":"2015-05-18T09:36:09+00:00","dateModified":"2024-10-20T12:06:13+00:00","breadcrumb":{"@id":"https:\/\/serbia.com\/srpski\/posetite-srbiju\/kulturne-atrakcije\/festivali-i-manifestacije\/guca-festival-trube-i-dobrog-provoda\/#breadcrumb"},"inLanguage":"srpski","potentialAction":[{"@type":"ReadAction","target":["https:\/\/serbia.com\/srpski\/posetite-srbiju\/kulturne-atrakcije\/festivali-i-manifestacije\/guca-festival-trube-i-dobrog-provoda\/"]}]},{"@type":"ImageObject","inLanguage":"srpski","@id":"https:\/\/serbia.com\/srpski\/posetite-srbiju\/kulturne-atrakcije\/festivali-i-manifestacije\/guca-festival-trube-i-dobrog-provoda\/#primaryimage","url":"https:\/\/serbia.com\/wp-content\/uploads\/2015\/05\/guca2.jpg","contentUrl":"https:\/\/serbia.com\/wp-content\/uploads\/2015\/05\/guca2.jpg","width":1601,"height":929},{"@type":"BreadcrumbList","@id":"https:\/\/serbia.com\/srpski\/posetite-srbiju\/kulturne-atrakcije\/festivali-i-manifestacije\/guca-festival-trube-i-dobrog-provoda\/#breadcrumb","itemListElement":[{"@type":"ListItem","position":1,"name":"Home","item":"https:\/\/serbia.com\/srpski\/"},{"@type":"ListItem","position":2,"name":"Poseti Srbiju","item":"https:\/\/serbia.com\/srpski\/posetite-srbiju\/"},{"@type":"ListItem","position":3,"name":"Kulturne atrakcije","item":"https:\/\/serbia.com\/srpski\/posetite-srbiju\/kulturne-atrakcije\/"},{"@type":"ListItem","position":4,"name":"Festivali i manifestacije","item":"https:\/\/serbia.com\/srpski\/posetite-srbiju\/kulturne-atrakcije\/festivali-i-manifestacije\/"},{"@type":"ListItem","position":5,"name":"Gu\u010da, festival trube i dobrog provoda"}]},{"@type":"WebSite","@id":"https:\/\/serbia.com\/#website","url":"https:\/\/serbia.com\/","name":"Serbia.com","description":"Your Gateway to Serbia","potentialAction":[{"@type":"SearchAction","target":{"@type":"EntryPoint","urlTemplate":"https:\/\/serbia.com\/?s={search_term_string}"},"query-input":{"@type":"PropertyValueSpecification","valueRequired":true,"valueName":"search_term_string"}}],"inLanguage":"srpski"}]}},"brizy_media":[],"_links":{"self":[{"href":"https:\/\/serbia.com\/srpski\/wp-json\/wp\/v2\/pages\/32156","targetHints":{"allow":["GET"]}}],"collection":[{"href":"https:\/\/serbia.com\/srpski\/wp-json\/wp\/v2\/pages"}],"about":[{"href":"https:\/\/serbia.com\/srpski\/wp-json\/wp\/v2\/types\/page"}],"author":[{"embeddable":true,"href":"https:\/\/serbia.com\/srpski\/wp-json\/wp\/v2\/users\/27"}],"replies":[{"embeddable":true,"href":"https:\/\/serbia.com\/srpski\/wp-json\/wp\/v2\/comments?post=32156"}],"version-history":[{"count":1,"href":"https:\/\/serbia.com\/srpski\/wp-json\/wp\/v2\/pages\/32156\/revisions"}],"predecessor-version":[{"id":55701,"href":"https:\/\/serbia.com\/srpski\/wp-json\/wp\/v2\/pages\/32156\/revisions\/55701"}],"up":[{"embeddable":true,"href":"https:\/\/serbia.com\/srpski\/wp-json\/wp\/v2\/pages\/20418"}],"wp:featuredmedia":[{"embeddable":true,"href":"https:\/\/serbia.com\/srpski\/wp-json\/wp\/v2\/media\/32150"}],"wp:attachment":[{"href":"https:\/\/serbia.com\/srpski\/wp-json\/wp\/v2\/media?parent=32156"}],"wp:term":[{"taxonomy":"category","embeddable":true,"href":"https:\/\/serbia.com\/srpski\/wp-json\/wp\/v2\/categories?post=32156"},{"taxonomy":"post_tag","embeddable":true,"href":"https:\/\/serbia.com\/srpski\/wp-json\/wp\/v2\/tags?post=32156"}],"curies":[{"name":"wp","href":"https:\/\/api.w.org\/{rel}","templated":true}]}}