{"id":32140,"date":"2015-05-15T16:45:27","date_gmt":"2015-05-15T14:45:27","guid":{"rendered":"http:\/\/www.serbia.com\/?page_id=32140"},"modified":"2024-10-20T14:05:20","modified_gmt":"2024-10-20T12:05:20","slug":"exit-festival-najbolji-u-regionu","status":"publish","type":"page","link":"https:\/\/serbia.com\/srpski\/posetite-srbiju\/kulturne-atrakcije\/festivali-i-manifestacije\/exit-festival-najbolji-u-regionu\/","title":{"rendered":"EXIT festival, najbolji u regionu"},"content":{"rendered":"<h4>Od skromnog doga\u0111aja, EXIT festival je tokom godina izrastao u pravu muzi\u010dku atrakciju na kojoj nastupaju vode\u0107a svetska imena.<\/h4>\n<p>Zvezdano nebo nad <a title=\"Petrovaradinska tvr\u0111ava, Gibraltar na Dunavu\" href=\"http:\/\/www.serbia.com\/srpski\/posetite-srbiju\/kulturne-atrakcije\/dvorci-i-tvrdave\/petrovaradinska-tvrdava-gibraltar-na-dunavu\/\" target=\"_blank\" rel=\"noopener\">Petrovaradinskom tvr\u0111avom<\/a> blje\u0161ti no\u0107ima, a razli\u010diti muzi\u010dki zvuci razle\u017eu se iz brojnih delova tvr\u0111ave u <a title=\"Novi Sad\" href=\"http:\/\/www.serbia.com\/srpski\/posetite-srbiju\/gradovi\/novi-sad\/\" target=\"_blank\" rel=\"noopener\">Novom Sadu<\/a>. Exit festival je u punom jeku, a svaka festivalska no\u0107 postaje do\u017eivljaj sam za sebe dok se na brojnim binama, od sumraka do svitanja, smenjuju najve\u0107a svetska muzi\u010dka imena.<\/p>\n<p>Od skromnog festivala na kojem je sviralo nekoliko bendova, godinama je broj u\u010desnika na Exit-u rastao tako da je pre nekoliko godina na njemu u\u010destvovalo <strong>vi\u0161e od 600 izvo\u0111a\u010da<\/strong>. Prethodnih godina publici u Novom Sadu su se predstavili: Roni Sajz, Bob Sinkler, Banko de Gaja, Ko\u0161in, Men\u010dajld, Masive atak, Soulflaj, Igi end stud\u017eiz, Garbid\u017e, Kardigans, Dejvid Geta, Bisti bojs, Misi Eliot, Seks pistols, Prodid\u017ei, Mednes, Lili Alen, Plasibo &#8230;<\/p>\n<p>Posetioci su imali priliku i da u\u017eivaju u nastupima izvo\u0111a\u010da i bendova iz biv\u0161e Jugoslavije, poput Darka Rundeka ili grupe KUD Idijoti, kao i doma\u0107ih, poput Ramba Amadeusa, Partibrejkersa, Darkvud daba, Obojenog programa&#8230;<\/p>\n<p>Ovaj <strong>najve\u0107i i najpose\u0107eniji muzi\u010dki festival na podru\u010dju Jugoisto\u010dne Evrope<\/strong> odr\u017eava se ve\u0107 vi\u0161e od deceniju na Petrovaradinskoj tvr\u0111avi i okuplja ljubitelje kvalitetnog zvuka iz zemlje i sveta. Exit festival postao je simbol Srbije, dobrog provoda, dru\u017eenja, u\u017eivanja &#8230;<\/p>\n<p>Sve je po\u010delo 2000. godine sa &#8220;Nultim&#8221; Exit-om i ideje da se, kroz muziku i dobar provod, prika\u017ee \u017eivot mladih u Srbiji na druga\u010diji na\u010din. Prvi Exit je bio zami\u0161ljen kao stodnevni kamp sa malom binom i nastupima doma\u0107ih muzi\u010dara, kao i di-d\u017eej pultom, koji je bio sme\u0161ten na obali <a title=\"Dunav, mesto spajanja i razdvajanja\" href=\"http:\/\/www.serbia.com\/srpski\/posetite-srbiju\/prirodne-lepote\/reke-i-jezera\/dunav-mesto-spajanja-i-razdvajanja\/\" target=\"_blank\" rel=\"noopener\">Dunava<\/a>.<\/p>\n<figure id=\"attachment_18284\" aria-describedby=\"caption-attachment-18284\" style=\"width: 800px\" class=\"wp-caption aligncenter\"><img loading=\"lazy\" decoding=\"async\" class=\"wp-image-18284\" src=\"http:\/\/www.serbia.com\/wp-content\/uploads\/2012\/11\/exit22.jpg\" alt=\"Bad Religion, Main Stage#EXIT2011\" width=\"800\" height=\"533\" srcset=\"https:\/\/serbia.com\/wp-content\/uploads\/2012\/11\/exit22.jpg 1024w, https:\/\/serbia.com\/wp-content\/uploads\/2012\/11\/exit22-300x199.jpg 300w\" sizes=\"auto, (max-width: 800px) 100vw, 800px\" \/><figcaption id=\"caption-attachment-18284\" class=\"wp-caption-text\">Dani u kojima ljudi iz vi\u0161e od 50 zemalja sveta na istom mestu dele istu energiju<\/figcaption><\/figure>\n<p>Od tog trenutka se znalo da \u0107e ova manifestacija prerasti u ne\u0161to ve\u0107e &#8211; ve\u0107 naredne godine Exit festival postaje<strong> jedan od najve\u0107ih muzi\u010dkih festivala u Evropi<\/strong>.<\/p>\n<p>S godinama, Exit festival postao je i vi\u0161e od muzi\u010dkog festivala. U vreme trajanja festivala organizuju se brojni programi i kampanje za podr\u0161ku mladima iz regiona, radionice i volonterski programi &#8230; <strong>&#8220;State Of Exit Foundation&#8221;<\/strong> je fondacija osnovana pre dve godine s ciljem da podr\u017ei reformu visoko\u0161kolskog obrazovanja u Srbiji.<\/p>\n<p><strong>Udru\u017eenje 70 najve\u0107ih evropskih festivala dodelilo je Exitu 2007. nagradu za najbolji festival godine.<\/strong><\/p>\n<h4>Kako sti\u0107i na Exit festival?<\/h4>\n<p>Novi Sad je dom ovog velikog muzi\u010dkog doga\u0111aja, a do njega mo\u017eete do\u0107i najzna\u010dajnijim putnim pravcima koji se sa sve \u010detiri strane Evrope ukr\u0161taju ovde. To su putni pravci E-75 iz severne i srednje, i E-70 iz zapadne Evrope, koji vode prema jugu i jugoistoku kontinetnta.<\/p>\n<p>Novom Sadu je najbli\u017ei aerodrom Nikola Tesla u <a title=\"Beograd\" href=\"http:\/\/www.serbia.com\/srpski\/posetite-srbiju\/gradovi\/beograd\/\" target=\"_blank\" rel=\"noopener\">Beogradu<\/a> udaljen 80 km. Od aerodroma do Novog Sada mo\u017eete uzeti kombi prevoz.<\/p>\n<p>Autobuska stanica u Novom Sadu je me\u0111unarodna i me\u0111ugradska. Postoje polasci ka mnogim gradovima Evrope i svim delovima Srbije.<\/p>\n<p>Do Novog Sada se mo\u017ee do\u0107i i \u017eeleznicom. Me\u0111unarodne linije povezuju Novi Sad sa Budimpe\u0161tom, Be\u010dom i dalje prema severu i zapadu, odnosno jugu i jugoistoku Evrope i Bliskom istoku.<\/p>\n<p>Po\u0161to se ovaj grad nalazi na Dunavu, postoji mogu\u0107nost dolaska brodom. Me\u0111utim, za sada je razvijen samo dolazak turista Dunavom na kruzerima.<\/p>\n<h4>Kada ste ve\u0107 ovde, ne propustite&#8230;<\/h4>\n<p>&#8230;da pro\u0161etate starim jezgrom Novog Sada, popijete kafu u nekoj od divnih ulica. Nezaobilazni su na ovom putu <strong>Trg slobode<\/strong> iz 18 veka, <strong>katoli\u010dka crkva Ime Marijino<\/strong> sagra\u0111ena u neogotskom stilu, dok \u0107e vas Zmaj Jovina ulica odvesti do <strong>Vladi\u010danskog dvora<\/strong>.<\/p>\n<p>Ne propustite \u0161etnju verovatno najstarijom ulicom u Novom Sadu &#8211; <strong><a href=\"http:\/\/www.serbia.com\/srpski\/dunavska-ulica-sarmantna-novosadska-promenada\/\" target=\"_blank\" rel=\"noopener\">Dunavskom<\/a><\/strong>, kao ni odmaranje u <strong>Dunavskom parku<\/strong>, najlep\u0161em novosadskom parku.<\/p>\n<p>Ako se na\u0111ete u Novom Sadu u letnjem periodu, osve\u017eite se na <strong>\u0160trandu<\/strong> \u2013 jednoj od najlep\u0161ih pla\u017ea na Dunavu.<\/p>\n<p>Obi\u0111ite <a title=\"Sremski Karlovci, grad vina, duhovnosti i kulture\" href=\"http:\/\/www.serbia.com\/srpski\/posetite-srbiju\/gradovi\/sremski-karlovci-grad-vina-duhovnosti-i-kulture\/\" target=\"_blank\" rel=\"noopener\"><strong>Sremske Karlovce<\/strong><\/a>, divan gradi\u0107 nedaleko od Novog Sada, popijte <a title=\"Bermet, omiljeno vino evropskih dvorova\" href=\"http:\/\/www.serbia.com\/srpski\/bermet-omiljeno-vino-evropskih-dvorova\/\" target=\"_blank\" rel=\"noopener\"><strong>bermet<\/strong><\/a> u nekoj od vinarija <a title=\"Vinski put Fru\u0161ka gora\" href=\"http:\/\/www.serbia.com\/srpski\/posetite-srbiju\/provedi-se\/vinski-putevi\/vinski-put-fruska-gora\/\" target=\"_blank\" rel=\"noopener\"><strong>Vinskog puta Fru\u0161ke Gore<\/strong><\/a>, a odmor potra\u017eite i na samoj planini-nacionalnom parku <a title=\"Fru\u0161ka gora \u2013 nekada ostrvo, danas planina\" href=\"http:\/\/www.serbia.com\/srpski\/posetite-srbiju\/prirodne-lepote\/planine\/fruska-gora-nekada-ostrvo-danas-planina\/\" target=\"_blank\" rel=\"noopener\"><strong>Fru\u0161ka Gora<\/strong><\/a>.<\/p>\n","protected":false},"excerpt":{"rendered":"<p>Od skromnog doga\u0111aja, EXIT festival je tokom godina izrastao u pravu muzi\u010dku atrakciju na kojoj nastupaju vode\u0107a svetska imena. Zvezdano nebo nad Petrovaradinskom tvr\u0111avom blje\u0161ti no\u0107ima, a razli\u010diti muzi\u010dki zvuci [&hellip;]<\/p>\n","protected":false},"author":27,"featured_media":42367,"parent":20418,"menu_order":0,"comment_status":"closed","ping_status":"closed","template":"","meta":{"_acf_changed":false,"inline_featured_image":false,"_monsterinsights_skip_tracking":false,"_monsterinsights_sitenote_active":false,"_monsterinsights_sitenote_note":"","_monsterinsights_sitenote_category":0,"footnotes":""},"categories":[1696],"tags":[],"class_list":["post-32140","page","type-page","status-publish","has-post-thumbnail","hentry","category-festivali-manifestacije"],"acf":[],"yoast_head":"<!-- This site is optimized with the Yoast SEO plugin v27.4 - https:\/\/yoast.com\/product\/yoast-seo-wordpress\/ -->\n<title>EXIT festival, najbolji u regionu - Serbia.com<\/title>\n<meta name=\"robots\" content=\"index, follow, max-snippet:-1, max-image-preview:large, max-video-preview:-1\" \/>\n<link rel=\"canonical\" href=\"https:\/\/serbia.com\/srpski\/posetite-srbiju\/kulturne-atrakcije\/festivali-i-manifestacije\/exit-festival-najbolji-u-regionu\/\" \/>\n<meta property=\"og:locale\" content=\"en_US\" \/>\n<meta property=\"og:type\" content=\"article\" \/>\n<meta property=\"og:title\" content=\"EXIT festival, najbolji u regionu - Serbia.com\" \/>\n<meta property=\"og:description\" content=\"Od skromnog doga\u0111aja, EXIT festival je tokom godina izrastao u pravu muzi\u010dku atrakciju na kojoj nastupaju vode\u0107a svetska imena. Zvezdano nebo nad Petrovaradinskom tvr\u0111avom blje\u0161ti no\u0107ima, a razli\u010diti muzi\u010dki zvuci [&hellip;]\" \/>\n<meta property=\"og:url\" content=\"https:\/\/serbia.com\/srpski\/posetite-srbiju\/kulturne-atrakcije\/festivali-i-manifestacije\/exit-festival-najbolji-u-regionu\/\" \/>\n<meta property=\"og:site_name\" content=\"Serbia.com\" \/>\n<meta property=\"article:modified_time\" content=\"2024-10-20T12:05:20+00:00\" \/>\n<meta property=\"og:image\" content=\"https:\/\/serbia.com\/wp-content\/uploads\/2015\/12\/Exit-festival-1024x683.jpg\" \/>\n\t<meta property=\"og:image:width\" content=\"1024\" \/>\n\t<meta property=\"og:image:height\" content=\"683\" \/>\n\t<meta property=\"og:image:type\" content=\"image\/jpeg\" \/>\n<meta name=\"twitter:label1\" content=\"Est. reading time\" \/>\n\t<meta name=\"twitter:data1\" content=\"4 minutes\" \/>\n<script type=\"application\/ld+json\" class=\"yoast-schema-graph\">{\"@context\":\"https:\\\/\\\/schema.org\",\"@graph\":[{\"@type\":\"WebPage\",\"@id\":\"https:\\\/\\\/serbia.com\\\/srpski\\\/posetite-srbiju\\\/kulturne-atrakcije\\\/festivali-i-manifestacije\\\/exit-festival-najbolji-u-regionu\\\/\",\"url\":\"https:\\\/\\\/serbia.com\\\/srpski\\\/posetite-srbiju\\\/kulturne-atrakcije\\\/festivali-i-manifestacije\\\/exit-festival-najbolji-u-regionu\\\/\",\"name\":\"EXIT festival, najbolji u regionu - Serbia.com\",\"isPartOf\":{\"@id\":\"https:\\\/\\\/serbia.com\\\/#website\"},\"primaryImageOfPage\":{\"@id\":\"https:\\\/\\\/serbia.com\\\/srpski\\\/posetite-srbiju\\\/kulturne-atrakcije\\\/festivali-i-manifestacije\\\/exit-festival-najbolji-u-regionu\\\/#primaryimage\"},\"image\":{\"@id\":\"https:\\\/\\\/serbia.com\\\/srpski\\\/posetite-srbiju\\\/kulturne-atrakcije\\\/festivali-i-manifestacije\\\/exit-festival-najbolji-u-regionu\\\/#primaryimage\"},\"thumbnailUrl\":\"https:\\\/\\\/serbia.com\\\/wp-content\\\/uploads\\\/2015\\\/12\\\/Exit-festival.jpg\",\"datePublished\":\"2015-05-15T14:45:27+00:00\",\"dateModified\":\"2024-10-20T12:05:20+00:00\",\"breadcrumb\":{\"@id\":\"https:\\\/\\\/serbia.com\\\/srpski\\\/posetite-srbiju\\\/kulturne-atrakcije\\\/festivali-i-manifestacije\\\/exit-festival-najbolji-u-regionu\\\/#breadcrumb\"},\"inLanguage\":\"srpski\",\"potentialAction\":[{\"@type\":\"ReadAction\",\"target\":[\"https:\\\/\\\/serbia.com\\\/srpski\\\/posetite-srbiju\\\/kulturne-atrakcije\\\/festivali-i-manifestacije\\\/exit-festival-najbolji-u-regionu\\\/\"]}]},{\"@type\":\"ImageObject\",\"inLanguage\":\"srpski\",\"@id\":\"https:\\\/\\\/serbia.com\\\/srpski\\\/posetite-srbiju\\\/kulturne-atrakcije\\\/festivali-i-manifestacije\\\/exit-festival-najbolji-u-regionu\\\/#primaryimage\",\"url\":\"https:\\\/\\\/serbia.com\\\/wp-content\\\/uploads\\\/2015\\\/12\\\/Exit-festival.jpg\",\"contentUrl\":\"https:\\\/\\\/serbia.com\\\/wp-content\\\/uploads\\\/2015\\\/12\\\/Exit-festival.jpg\",\"width\":3000,\"height\":2000},{\"@type\":\"BreadcrumbList\",\"@id\":\"https:\\\/\\\/serbia.com\\\/srpski\\\/posetite-srbiju\\\/kulturne-atrakcije\\\/festivali-i-manifestacije\\\/exit-festival-najbolji-u-regionu\\\/#breadcrumb\",\"itemListElement\":[{\"@type\":\"ListItem\",\"position\":1,\"name\":\"Home\",\"item\":\"https:\\\/\\\/serbia.com\\\/srpski\\\/srbija\\\/\"},{\"@type\":\"ListItem\",\"position\":2,\"name\":\"Poseti Srbiju\",\"item\":\"https:\\\/\\\/serbia.com\\\/srpski\\\/posetite-srbiju\\\/\"},{\"@type\":\"ListItem\",\"position\":3,\"name\":\"Kulturne atrakcije\",\"item\":\"https:\\\/\\\/serbia.com\\\/srpski\\\/posetite-srbiju\\\/kulturne-atrakcije\\\/\"},{\"@type\":\"ListItem\",\"position\":4,\"name\":\"Festivali i manifestacije\",\"item\":\"https:\\\/\\\/serbia.com\\\/srpski\\\/posetite-srbiju\\\/kulturne-atrakcije\\\/festivali-i-manifestacije\\\/\"},{\"@type\":\"ListItem\",\"position\":5,\"name\":\"EXIT festival, najbolji u regionu\"}]},{\"@type\":\"WebSite\",\"@id\":\"https:\\\/\\\/serbia.com\\\/#website\",\"url\":\"https:\\\/\\\/serbia.com\\\/\",\"name\":\"Serbia.com\",\"description\":\"Your Gateway to Serbia\",\"potentialAction\":[{\"@type\":\"SearchAction\",\"target\":{\"@type\":\"EntryPoint\",\"urlTemplate\":\"https:\\\/\\\/serbia.com\\\/?s={search_term_string}\"},\"query-input\":{\"@type\":\"PropertyValueSpecification\",\"valueRequired\":true,\"valueName\":\"search_term_string\"}}],\"inLanguage\":\"srpski\"}]}<\/script>\n<!-- \/ Yoast SEO plugin. -->","yoast_head_json":{"title":"EXIT festival, najbolji u regionu - Serbia.com","robots":{"index":"index","follow":"follow","max-snippet":"max-snippet:-1","max-image-preview":"max-image-preview:large","max-video-preview":"max-video-preview:-1"},"canonical":"https:\/\/serbia.com\/srpski\/posetite-srbiju\/kulturne-atrakcije\/festivali-i-manifestacije\/exit-festival-najbolji-u-regionu\/","og_locale":"en_US","og_type":"article","og_title":"EXIT festival, najbolji u regionu - Serbia.com","og_description":"Od skromnog doga\u0111aja, EXIT festival je tokom godina izrastao u pravu muzi\u010dku atrakciju na kojoj nastupaju vode\u0107a svetska imena. Zvezdano nebo nad Petrovaradinskom tvr\u0111avom blje\u0161ti no\u0107ima, a razli\u010diti muzi\u010dki zvuci [&hellip;]","og_url":"https:\/\/serbia.com\/srpski\/posetite-srbiju\/kulturne-atrakcije\/festivali-i-manifestacije\/exit-festival-najbolji-u-regionu\/","og_site_name":"Serbia.com","article_modified_time":"2024-10-20T12:05:20+00:00","og_image":[{"width":1024,"height":683,"url":"https:\/\/serbia.com\/wp-content\/uploads\/2015\/12\/Exit-festival-1024x683.jpg","type":"image\/jpeg"}],"twitter_misc":{"Est. reading time":"4 minutes"},"schema":{"@context":"https:\/\/schema.org","@graph":[{"@type":"WebPage","@id":"https:\/\/serbia.com\/srpski\/posetite-srbiju\/kulturne-atrakcije\/festivali-i-manifestacije\/exit-festival-najbolji-u-regionu\/","url":"https:\/\/serbia.com\/srpski\/posetite-srbiju\/kulturne-atrakcije\/festivali-i-manifestacije\/exit-festival-najbolji-u-regionu\/","name":"EXIT festival, najbolji u regionu - Serbia.com","isPartOf":{"@id":"https:\/\/serbia.com\/#website"},"primaryImageOfPage":{"@id":"https:\/\/serbia.com\/srpski\/posetite-srbiju\/kulturne-atrakcije\/festivali-i-manifestacije\/exit-festival-najbolji-u-regionu\/#primaryimage"},"image":{"@id":"https:\/\/serbia.com\/srpski\/posetite-srbiju\/kulturne-atrakcije\/festivali-i-manifestacije\/exit-festival-najbolji-u-regionu\/#primaryimage"},"thumbnailUrl":"https:\/\/serbia.com\/wp-content\/uploads\/2015\/12\/Exit-festival.jpg","datePublished":"2015-05-15T14:45:27+00:00","dateModified":"2024-10-20T12:05:20+00:00","breadcrumb":{"@id":"https:\/\/serbia.com\/srpski\/posetite-srbiju\/kulturne-atrakcije\/festivali-i-manifestacije\/exit-festival-najbolji-u-regionu\/#breadcrumb"},"inLanguage":"srpski","potentialAction":[{"@type":"ReadAction","target":["https:\/\/serbia.com\/srpski\/posetite-srbiju\/kulturne-atrakcije\/festivali-i-manifestacije\/exit-festival-najbolji-u-regionu\/"]}]},{"@type":"ImageObject","inLanguage":"srpski","@id":"https:\/\/serbia.com\/srpski\/posetite-srbiju\/kulturne-atrakcije\/festivali-i-manifestacije\/exit-festival-najbolji-u-regionu\/#primaryimage","url":"https:\/\/serbia.com\/wp-content\/uploads\/2015\/12\/Exit-festival.jpg","contentUrl":"https:\/\/serbia.com\/wp-content\/uploads\/2015\/12\/Exit-festival.jpg","width":3000,"height":2000},{"@type":"BreadcrumbList","@id":"https:\/\/serbia.com\/srpski\/posetite-srbiju\/kulturne-atrakcije\/festivali-i-manifestacije\/exit-festival-najbolji-u-regionu\/#breadcrumb","itemListElement":[{"@type":"ListItem","position":1,"name":"Home","item":"https:\/\/serbia.com\/srpski\/srbija\/"},{"@type":"ListItem","position":2,"name":"Poseti Srbiju","item":"https:\/\/serbia.com\/srpski\/posetite-srbiju\/"},{"@type":"ListItem","position":3,"name":"Kulturne atrakcije","item":"https:\/\/serbia.com\/srpski\/posetite-srbiju\/kulturne-atrakcije\/"},{"@type":"ListItem","position":4,"name":"Festivali i manifestacije","item":"https:\/\/serbia.com\/srpski\/posetite-srbiju\/kulturne-atrakcije\/festivali-i-manifestacije\/"},{"@type":"ListItem","position":5,"name":"EXIT festival, najbolji u regionu"}]},{"@type":"WebSite","@id":"https:\/\/serbia.com\/#website","url":"https:\/\/serbia.com\/","name":"Serbia.com","description":"Your Gateway to Serbia","potentialAction":[{"@type":"SearchAction","target":{"@type":"EntryPoint","urlTemplate":"https:\/\/serbia.com\/?s={search_term_string}"},"query-input":{"@type":"PropertyValueSpecification","valueRequired":true,"valueName":"search_term_string"}}],"inLanguage":"srpski"}]}},"brizy_media":[],"_links":{"self":[{"href":"https:\/\/serbia.com\/srpski\/wp-json\/wp\/v2\/pages\/32140","targetHints":{"allow":["GET"]}}],"collection":[{"href":"https:\/\/serbia.com\/srpski\/wp-json\/wp\/v2\/pages"}],"about":[{"href":"https:\/\/serbia.com\/srpski\/wp-json\/wp\/v2\/types\/page"}],"author":[{"embeddable":true,"href":"https:\/\/serbia.com\/srpski\/wp-json\/wp\/v2\/users\/27"}],"replies":[{"embeddable":true,"href":"https:\/\/serbia.com\/srpski\/wp-json\/wp\/v2\/comments?post=32140"}],"version-history":[{"count":1,"href":"https:\/\/serbia.com\/srpski\/wp-json\/wp\/v2\/pages\/32140\/revisions"}],"predecessor-version":[{"id":55700,"href":"https:\/\/serbia.com\/srpski\/wp-json\/wp\/v2\/pages\/32140\/revisions\/55700"}],"up":[{"embeddable":true,"href":"https:\/\/serbia.com\/srpski\/wp-json\/wp\/v2\/pages\/20418"}],"wp:featuredmedia":[{"embeddable":true,"href":"https:\/\/serbia.com\/srpski\/wp-json\/wp\/v2\/media\/42367"}],"wp:attachment":[{"href":"https:\/\/serbia.com\/srpski\/wp-json\/wp\/v2\/media?parent=32140"}],"wp:term":[{"taxonomy":"category","embeddable":true,"href":"https:\/\/serbia.com\/srpski\/wp-json\/wp\/v2\/categories?post=32140"},{"taxonomy":"post_tag","embeddable":true,"href":"https:\/\/serbia.com\/srpski\/wp-json\/wp\/v2\/tags?post=32140"}],"curies":[{"name":"wp","href":"https:\/\/api.w.org\/{rel}","templated":true}]}}