{"id":32110,"date":"2015-05-15T15:46:30","date_gmt":"2015-05-15T13:46:30","guid":{"rendered":"http:\/\/www.serbia.com\/?page_id=32110"},"modified":"2015-08-10T14:24:59","modified_gmt":"2015-08-10T12:24:59","slug":"muzej-stara-livnica","status":"publish","type":"page","link":"https:\/\/serbia.com\/srpski\/posetite-srbiju\/kulturne-atrakcije\/muzeji\/muzej-stara-livnica\/","title":{"rendered":"Muzej &#8220;Stara livnica&#8221;"},"content":{"rendered":"<h4>U Kragujevcu se odavno ne prave topovi, ali je zapis o zna\u010dajnim datumima na\u0161e istorije ostao zabele\u017een i sa\u010duvan u muzeju \u201eStara livnica\u201d, jedinstvenom u Srbiji i jednom od retkih te vrste u Evropi.<\/h4>\n<p>Kada su 15. oktobra 1853. u novoizgradjenoj kragujeva\u010dkoj Topolivnici uspe\u0161no izliveni prvi topovi, ozna\u010den je <strong>po\u010detak razvoja srpske vojne industrije i uop\u0161te industrijske proizvodnje u Srbiji.<\/strong> Taj dogadjaj, koji je svojim prisustvom uveli\u010dao <strong>knez Aleksandar Karadjordjevi\u0107<\/strong> sa svitom, i danas se obele\u017eava kao Dan fabrike \u201eZastava oru\u017eje\u201d. Narastaju\u0107a vojna fabrika odre\u0111iva\u0107e decenijama kasnije ritam \u017eivota grada.<\/p>\n<p><strong>PRIMER INDUSTRIJSKE ARHITEKTURE<\/strong><\/p>\n<p>\u201eStara livnica\u201d nalazi se u najstarijem sa\u010duvanom objektu fabrike \u201eZastava oru\u017eje\u201d \u2013 u zgradi nekada\u0161nje Livnice, izgra\u0111ene 1882. godine. Sa primenom novih materijala \u2013 gvo\u017edja, betona i stakla, udru\u017eenih sa dekorativnim elementima koji odgovaraju savremenoj evropskoj industrijskoj arhitekturi \u2013 skoro da se mo\u017ee smatrati prete\u010dom ne\u010dega \u0161to \u0107e kasnije (po\u010detkom XX veka) biti definisano kao pokret Bauhaus. Sve\u017ee ideje sa Zapada, najverovatnije je u fabriku doneo in\u017eenjer <strong>Todor \u2013 To\u0161a Seleskovi\u0107<\/strong>, koji je i rukovodio Livnicom od 1881. do 1892. godine. Pretpostavlja se da je on bio i projektant, jer se \u0161kolovao u Nema\u010dkoj, gde su se ti savremeni pokreti u umetnosti i za\u010deli.<\/p>\n<p><img loading=\"lazy\" decoding=\"async\" class=\"aligncenter wp-image-32111\" src=\"http:\/\/www.serbia.com\/wp-content\/uploads\/2015\/05\/muzej-stara-livnica-04.jpg\" alt=\"muzej-stara-livnica-04\" width=\"640\" height=\"480\" srcset=\"https:\/\/serbia.com\/wp-content\/uploads\/2015\/05\/muzej-stara-livnica-04.jpg 736w, https:\/\/serbia.com\/wp-content\/uploads\/2015\/05\/muzej-stara-livnica-04-300x225.jpg 300w\" sizes=\"auto, (max-width: 640px) 100vw, 640px\" \/><\/p>\n<p>Povodom stogodi\u0161njice fabrike, 1953. godine, objekat je stavljen pod za\u0161titu dr\u017eave kao <strong>kulturno dobro od velikog zna\u010daja<\/strong>. Livnica se koristila do kraja sedamdesetih godina 20. veka (do 1968), a s promenom namene u tu zgradu je sme\u0161ten muzej fabrike sa nazivom \u201eStara livnica\u201c. Muzej 1973. do\u017eivljava znatnu transformaciju. Anga\u017eovani su stru\u010dnjaci i istaknuti muzeolo\u0161ki radnici, poput <strong>dr Lazara Trifunovi\u0107a<\/strong>, <strong>dr Nikole Vu\u010da<\/strong>, <strong>pukovnika Milorada Prelevi\u0107a<\/strong>,<strong> arhitekte Milana Bojera<\/strong> i drugih. Nova izlo\u017eba, koja, sa neznatnim dopunama, dominira i danas, ilustruje tehni\u010dko-tehnolo\u0161ki razvoj fabrike, ali i privredni, dru\u0161tveni i kulturno-obrazovni razvoj Kragujevca i Srbije.<\/p>\n<p>Ujedno, to je jedan od malobrojnih objekata koji je izdr\u017eao sva ratna razaranja (Prvi i Drugi svetski rat, pa i poslednje <a title=\"15 godina od NATO bombardovanja\" href=\"http:\/\/www.serbia.com\/srpski\/15-godina-od-nato-bombardovanja\/\">bombardovanje 1999<\/a>) zahvaljuju\u0107i na\u010dinu gradnje, tzv. bondru\u010dni sistem u kombinaciji sa ciglom, betonom i gvo\u017edjem, u\u010dinio je objekat vrlo stabilnim i sna\u017enim.<\/p>\n<p><strong>SVETLO BUDU\u0106NOSTI<\/strong><\/p>\n<p>Izuzetno je zanimljivo nakratko se vratiti vi\u0161e od 150 godina u pro\u0161lost, posetiti tu izuzetnu gradjevinu, videti stare fotografije, alate, ma\u0161ine ili prvi top izliven 1853. godine. I zaista, muzej \u201eStara livnica\u201d podse\u0107a na vreme kada je u <a title=\"Kragujevac, zavi\u010daj moderne Srbije\" href=\"http:\/\/www.serbia.com\/srpski\/posetite-srbiju\/sta-videti\/gradovi\/kragujevac-zavicaj-moderne-srbije\/\">Kragujevac<\/a> stigla prva parna ma\u0161ina i kada su se izlivali prvi topovi za Srpsku vojsku. Pored autenti\u010dne stare hale Livnice, <strong>Muzej je poseban i po veli\u010dini \u2013 1.200 kvadratnih metara<\/strong>.<\/p>\n<p>Izlo\u017eeni materijal uglavnom je vlasni\u0161tvo fabri\u010dkog muzeja, a deo eksponata pozajmljen je od drugih ustanova, prvenstveno od <strong>Vojnog muzeja iz <a title=\"Beograd\" href=\"http:\/\/www.serbia.com\/srpski\/posetite-srbiju\/sta-videti\/gradovi\/beograd\/\">Beograda<\/a><\/strong>, \u010dime je izlo\u017eba dobila na kvalitetu i raznovrsnosti. Fond muzeja \u201eStara livnica\u201d \u010dini 5.500 predmeta, svrstanih u sedam zbirki: oru\u017eje i oprema, ma\u0161ine i alati, arhivska gradja, fotografije, likovna dela, pe\u010dati i ordenje.<\/p>\n<div id='gallery-1' class='gallery galleryid-32110 gallery-columns-3 gallery-size-thumbnail'><figure class='gallery-item'>\n\t\t\t<div class='gallery-icon landscape'>\n\t\t\t\t<a href='https:\/\/serbia.com\/srpski\/kragujevac-muzej-stara-livnica-02-2\/'><img loading=\"lazy\" decoding=\"async\" width=\"150\" height=\"150\" src=\"https:\/\/serbia.com\/wp-content\/uploads\/2014\/03\/kragujevac-muzej-stara-livnica-02-150x150.jpg\" class=\"attachment-thumbnail size-thumbnail\" alt=\"\" \/><\/a>\n\t\t\t<\/div><\/figure><figure class='gallery-item'>\n\t\t\t<div class='gallery-icon landscape'>\n\t\t\t\t<a href='https:\/\/serbia.com\/srpski\/muzej-stara-livnica-05-2\/'><img loading=\"lazy\" decoding=\"async\" width=\"150\" height=\"150\" src=\"https:\/\/serbia.com\/wp-content\/uploads\/2014\/03\/muzej-stara-livnica-05-150x150.jpg\" class=\"attachment-thumbnail size-thumbnail\" alt=\"\" \/><\/a>\n\t\t\t<\/div><\/figure><figure class='gallery-item'>\n\t\t\t<div class='gallery-icon landscape'>\n\t\t\t\t<a href='https:\/\/serbia.com\/srpski\/muzej-stara-livnica-03-2\/'><img loading=\"lazy\" decoding=\"async\" width=\"150\" height=\"150\" src=\"https:\/\/serbia.com\/wp-content\/uploads\/2014\/03\/muzej-stara-livnica-03-150x150.jpg\" class=\"attachment-thumbnail size-thumbnail\" alt=\"\" \/><\/a>\n\t\t\t<\/div><\/figure>\n\t\t<\/div>\n\n<p>U postavci muzeja je i <strong>prvi top izliven u kragujeva\u010dkoj Topolivnici 27. oktobra 1853. godine<\/strong>, ali i <strong>originalna livnica u kojoj su se nekad lili topovi<\/strong>. Treba ista\u0107i da Muzej poseduje i retkosti kao \u0161to su \u010duvena <strong>pu\u0161ka Mauzer-Milovanovi\u0107 \u2013 \u201ekokinka\u201c M.1880<\/strong>, ili njena pobolj\u0161ana verzija iz 1907. godine \u2013 Mauzer-Milovanovi\u0107-DJuri\u0107, sa magacinom od pet metaka. Tu se \u010duva i <strong>ru\u010dna bomba sistema Vasi\u0107 M.1898.<\/strong> Medju eksponatima su i retki primeri starih pu\u0161aka strane proizvodnje, koji su u fabrici prepravljani, poput <strong>sistema Mini-Frankot-Petrovi\u0107, M.1857<\/strong>, sa \u017eigom Mihaila Cveji\u0107a, ili pu\u0161ka kremenja\u010da sistem \u201eroga\u201d, sa prelaza XVIII\/XIX vek.<\/p>\n<p>Jedna stara fotografija pobudila je 1889. interesovanje na svetskoj privrednoj izlo\u017ebi u Parizu, gde su zavodi fabrike bili zastupljeni sa 42 proizvoda. Naime, fabri\u010dka \u010caurnica bila je prvo postrojenje u Srbiji u koje je 1884. dovedeno elektri\u010dno osvetljenje. To svetlo budu\u0107nosti, prikazano na fotografiji, pogotovo u industrijskoj hali, bilo je novina i za razvijene zemlje.<\/p>\n<p>Svoje mesto me\u0111u muzejskim eksponatima ima <strong>proizvodni program vojne fabrike izme\u0111u dva svetska rata<\/strong>. Tu su foto i arhivski materijal, faksimili va\u017enih dokumenata. Posebno je zna\u010dajan program posle Drugog svetskog rata \u2013 artiljerijsko orudje i oru\u017eje, program lova\u010dkog i sportskog oru\u017eja (lova\u010dki karabini i pu\u0161ke, poluautomatski i automatski pi\u0161tolji i revolveri). Muzejska zbirka dopunjena je danas i primercima savremenog naoru\u017eanja.<\/p>\n<p>Muzejska postavka \u201eStare livnice\u201d prikazuje atmosferu uzbudljivog vremena koje je ozna\u010deno kao lokalna industrijska revolucija u Srbiji. Tako\u0111e, ona je svedok na\u0161ih korena.<\/p>\n<p>Autor: Mira \u0160vedi\u0107[ultimate_spacer height=&#8221;30&#8243;][dt_fancy_title title=&#8221;Povezani \u010dlanci&#8221; title_align=&#8221;left&#8221; title_size=&#8221;normal&#8221; title_color=&#8221;accent&#8221; el_width=&#8221;100&#8243; title_bg=&#8221;disabled&#8221; separator_color=&#8221;default&#8221;][ultimate_spacer height=&#8221;30&#8243; height_on_tabs=&#8221;&#8221; height_on_tabs_portrait=&#8221;&#8221; height_on_mob_landscape=&#8221;&#8221; height_on_mob=&#8221;&#8221;]<\/p>\n","protected":false},"excerpt":{"rendered":"<p>U Kragujevcu se odavno ne prave topovi, ali je zapis o zna\u010dajnim datumima na\u0161e istorije ostao zabele\u017een i sa\u010duvan u muzeju \u201eStara livnica\u201d, jedinstvenom u Srbiji i jednom od retkih [&hellip;]<\/p>\n","protected":false},"author":27,"featured_media":32103,"parent":20421,"menu_order":0,"comment_status":"closed","ping_status":"closed","template":"","meta":{"_acf_changed":false,"inline_featured_image":false,"_monsterinsights_skip_tracking":false,"_monsterinsights_sitenote_active":false,"_monsterinsights_sitenote_note":"","_monsterinsights_sitenote_category":0,"footnotes":""},"categories":[2833],"tags":[],"class_list":["post-32110","page","type-page","status-publish","has-post-thumbnail","hentry","category-muzeji"],"acf":[],"yoast_head":"<!-- This site is optimized with the Yoast SEO plugin v27.4 - https:\/\/yoast.com\/product\/yoast-seo-wordpress\/ -->\n<title>Muzej &quot;Stara livnica&quot; - Serbia.com<\/title>\n<meta name=\"robots\" content=\"index, follow, max-snippet:-1, max-image-preview:large, max-video-preview:-1\" \/>\n<link rel=\"canonical\" href=\"https:\/\/serbia.com\/srpski\/posetite-srbiju\/kulturne-atrakcije\/muzeji\/muzej-stara-livnica\/\" \/>\n<meta property=\"og:locale\" content=\"en_US\" \/>\n<meta property=\"og:type\" content=\"article\" \/>\n<meta property=\"og:title\" content=\"Muzej &quot;Stara livnica&quot; - Serbia.com\" \/>\n<meta property=\"og:description\" content=\"U Kragujevcu se odavno ne prave topovi, ali je zapis o zna\u010dajnim datumima na\u0161e istorije ostao zabele\u017een i sa\u010duvan u muzeju \u201eStara livnica\u201d, jedinstvenom u Srbiji i jednom od retkih [&hellip;]\" \/>\n<meta property=\"og:url\" content=\"https:\/\/serbia.com\/srpski\/posetite-srbiju\/kulturne-atrakcije\/muzeji\/muzej-stara-livnica\/\" \/>\n<meta property=\"og:site_name\" content=\"Serbia.com\" \/>\n<meta property=\"article:modified_time\" content=\"2015-08-10T12:24:59+00:00\" \/>\n<meta property=\"og:image\" content=\"https:\/\/serbia.com\/wp-content\/uploads\/2015\/05\/stara-livnica1.jpg\" \/>\n\t<meta property=\"og:image:width\" content=\"1205\" \/>\n\t<meta property=\"og:image:height\" content=\"674\" \/>\n\t<meta property=\"og:image:type\" content=\"image\/jpeg\" \/>\n<meta name=\"twitter:label1\" content=\"Est. reading time\" \/>\n\t<meta name=\"twitter:data1\" content=\"4 minutes\" \/>\n<script type=\"application\/ld+json\" class=\"yoast-schema-graph\">{\"@context\":\"https:\\\/\\\/schema.org\",\"@graph\":[{\"@type\":\"WebPage\",\"@id\":\"https:\\\/\\\/serbia.com\\\/srpski\\\/posetite-srbiju\\\/kulturne-atrakcije\\\/muzeji\\\/muzej-stara-livnica\\\/\",\"url\":\"https:\\\/\\\/serbia.com\\\/srpski\\\/posetite-srbiju\\\/kulturne-atrakcije\\\/muzeji\\\/muzej-stara-livnica\\\/\",\"name\":\"Muzej \\\"Stara livnica\\\" - Serbia.com\",\"isPartOf\":{\"@id\":\"https:\\\/\\\/serbia.com\\\/#website\"},\"primaryImageOfPage\":{\"@id\":\"https:\\\/\\\/serbia.com\\\/srpski\\\/posetite-srbiju\\\/kulturne-atrakcije\\\/muzeji\\\/muzej-stara-livnica\\\/#primaryimage\"},\"image\":{\"@id\":\"https:\\\/\\\/serbia.com\\\/srpski\\\/posetite-srbiju\\\/kulturne-atrakcije\\\/muzeji\\\/muzej-stara-livnica\\\/#primaryimage\"},\"thumbnailUrl\":\"https:\\\/\\\/serbia.com\\\/wp-content\\\/uploads\\\/2015\\\/05\\\/stara-livnica1.jpg\",\"datePublished\":\"2015-05-15T13:46:30+00:00\",\"dateModified\":\"2015-08-10T12:24:59+00:00\",\"breadcrumb\":{\"@id\":\"https:\\\/\\\/serbia.com\\\/srpski\\\/posetite-srbiju\\\/kulturne-atrakcije\\\/muzeji\\\/muzej-stara-livnica\\\/#breadcrumb\"},\"inLanguage\":\"srpski\",\"potentialAction\":[{\"@type\":\"ReadAction\",\"target\":[\"https:\\\/\\\/serbia.com\\\/srpski\\\/posetite-srbiju\\\/kulturne-atrakcije\\\/muzeji\\\/muzej-stara-livnica\\\/\"]}]},{\"@type\":\"ImageObject\",\"inLanguage\":\"srpski\",\"@id\":\"https:\\\/\\\/serbia.com\\\/srpski\\\/posetite-srbiju\\\/kulturne-atrakcije\\\/muzeji\\\/muzej-stara-livnica\\\/#primaryimage\",\"url\":\"https:\\\/\\\/serbia.com\\\/wp-content\\\/uploads\\\/2015\\\/05\\\/stara-livnica1.jpg\",\"contentUrl\":\"https:\\\/\\\/serbia.com\\\/wp-content\\\/uploads\\\/2015\\\/05\\\/stara-livnica1.jpg\",\"width\":1205,\"height\":674},{\"@type\":\"BreadcrumbList\",\"@id\":\"https:\\\/\\\/serbia.com\\\/srpski\\\/posetite-srbiju\\\/kulturne-atrakcije\\\/muzeji\\\/muzej-stara-livnica\\\/#breadcrumb\",\"itemListElement\":[{\"@type\":\"ListItem\",\"position\":1,\"name\":\"Home\",\"item\":\"https:\\\/\\\/serbia.com\\\/srpski\\\/srbija\\\/\"},{\"@type\":\"ListItem\",\"position\":2,\"name\":\"Poseti Srbiju\",\"item\":\"https:\\\/\\\/serbia.com\\\/srpski\\\/posetite-srbiju\\\/\"},{\"@type\":\"ListItem\",\"position\":3,\"name\":\"Kulturne atrakcije\",\"item\":\"https:\\\/\\\/serbia.com\\\/srpski\\\/posetite-srbiju\\\/kulturne-atrakcije\\\/\"},{\"@type\":\"ListItem\",\"position\":4,\"name\":\"Muzeji\",\"item\":\"https:\\\/\\\/serbia.com\\\/srpski\\\/posetite-srbiju\\\/kulturne-atrakcije\\\/muzeji\\\/\"},{\"@type\":\"ListItem\",\"position\":5,\"name\":\"Muzej &#8220;Stara livnica&#8221;\"}]},{\"@type\":\"WebSite\",\"@id\":\"https:\\\/\\\/serbia.com\\\/#website\",\"url\":\"https:\\\/\\\/serbia.com\\\/\",\"name\":\"Serbia.com\",\"description\":\"Your Gateway to Serbia\",\"potentialAction\":[{\"@type\":\"SearchAction\",\"target\":{\"@type\":\"EntryPoint\",\"urlTemplate\":\"https:\\\/\\\/serbia.com\\\/?s={search_term_string}\"},\"query-input\":{\"@type\":\"PropertyValueSpecification\",\"valueRequired\":true,\"valueName\":\"search_term_string\"}}],\"inLanguage\":\"srpski\"}]}<\/script>\n<!-- \/ Yoast SEO plugin. -->","yoast_head_json":{"title":"Muzej \"Stara livnica\" - Serbia.com","robots":{"index":"index","follow":"follow","max-snippet":"max-snippet:-1","max-image-preview":"max-image-preview:large","max-video-preview":"max-video-preview:-1"},"canonical":"https:\/\/serbia.com\/srpski\/posetite-srbiju\/kulturne-atrakcije\/muzeji\/muzej-stara-livnica\/","og_locale":"en_US","og_type":"article","og_title":"Muzej \"Stara livnica\" - Serbia.com","og_description":"U Kragujevcu se odavno ne prave topovi, ali je zapis o zna\u010dajnim datumima na\u0161e istorije ostao zabele\u017een i sa\u010duvan u muzeju \u201eStara livnica\u201d, jedinstvenom u Srbiji i jednom od retkih [&hellip;]","og_url":"https:\/\/serbia.com\/srpski\/posetite-srbiju\/kulturne-atrakcije\/muzeji\/muzej-stara-livnica\/","og_site_name":"Serbia.com","article_modified_time":"2015-08-10T12:24:59+00:00","og_image":[{"width":1205,"height":674,"url":"https:\/\/serbia.com\/wp-content\/uploads\/2015\/05\/stara-livnica1.jpg","type":"image\/jpeg"}],"twitter_misc":{"Est. reading time":"4 minutes"},"schema":{"@context":"https:\/\/schema.org","@graph":[{"@type":"WebPage","@id":"https:\/\/serbia.com\/srpski\/posetite-srbiju\/kulturne-atrakcije\/muzeji\/muzej-stara-livnica\/","url":"https:\/\/serbia.com\/srpski\/posetite-srbiju\/kulturne-atrakcije\/muzeji\/muzej-stara-livnica\/","name":"Muzej \"Stara livnica\" - Serbia.com","isPartOf":{"@id":"https:\/\/serbia.com\/#website"},"primaryImageOfPage":{"@id":"https:\/\/serbia.com\/srpski\/posetite-srbiju\/kulturne-atrakcije\/muzeji\/muzej-stara-livnica\/#primaryimage"},"image":{"@id":"https:\/\/serbia.com\/srpski\/posetite-srbiju\/kulturne-atrakcije\/muzeji\/muzej-stara-livnica\/#primaryimage"},"thumbnailUrl":"https:\/\/serbia.com\/wp-content\/uploads\/2015\/05\/stara-livnica1.jpg","datePublished":"2015-05-15T13:46:30+00:00","dateModified":"2015-08-10T12:24:59+00:00","breadcrumb":{"@id":"https:\/\/serbia.com\/srpski\/posetite-srbiju\/kulturne-atrakcije\/muzeji\/muzej-stara-livnica\/#breadcrumb"},"inLanguage":"srpski","potentialAction":[{"@type":"ReadAction","target":["https:\/\/serbia.com\/srpski\/posetite-srbiju\/kulturne-atrakcije\/muzeji\/muzej-stara-livnica\/"]}]},{"@type":"ImageObject","inLanguage":"srpski","@id":"https:\/\/serbia.com\/srpski\/posetite-srbiju\/kulturne-atrakcije\/muzeji\/muzej-stara-livnica\/#primaryimage","url":"https:\/\/serbia.com\/wp-content\/uploads\/2015\/05\/stara-livnica1.jpg","contentUrl":"https:\/\/serbia.com\/wp-content\/uploads\/2015\/05\/stara-livnica1.jpg","width":1205,"height":674},{"@type":"BreadcrumbList","@id":"https:\/\/serbia.com\/srpski\/posetite-srbiju\/kulturne-atrakcije\/muzeji\/muzej-stara-livnica\/#breadcrumb","itemListElement":[{"@type":"ListItem","position":1,"name":"Home","item":"https:\/\/serbia.com\/srpski\/srbija\/"},{"@type":"ListItem","position":2,"name":"Poseti Srbiju","item":"https:\/\/serbia.com\/srpski\/posetite-srbiju\/"},{"@type":"ListItem","position":3,"name":"Kulturne atrakcije","item":"https:\/\/serbia.com\/srpski\/posetite-srbiju\/kulturne-atrakcije\/"},{"@type":"ListItem","position":4,"name":"Muzeji","item":"https:\/\/serbia.com\/srpski\/posetite-srbiju\/kulturne-atrakcije\/muzeji\/"},{"@type":"ListItem","position":5,"name":"Muzej &#8220;Stara livnica&#8221;"}]},{"@type":"WebSite","@id":"https:\/\/serbia.com\/#website","url":"https:\/\/serbia.com\/","name":"Serbia.com","description":"Your Gateway to Serbia","potentialAction":[{"@type":"SearchAction","target":{"@type":"EntryPoint","urlTemplate":"https:\/\/serbia.com\/?s={search_term_string}"},"query-input":{"@type":"PropertyValueSpecification","valueRequired":true,"valueName":"search_term_string"}}],"inLanguage":"srpski"}]}},"brizy_media":[],"_links":{"self":[{"href":"https:\/\/serbia.com\/srpski\/wp-json\/wp\/v2\/pages\/32110","targetHints":{"allow":["GET"]}}],"collection":[{"href":"https:\/\/serbia.com\/srpski\/wp-json\/wp\/v2\/pages"}],"about":[{"href":"https:\/\/serbia.com\/srpski\/wp-json\/wp\/v2\/types\/page"}],"author":[{"embeddable":true,"href":"https:\/\/serbia.com\/srpski\/wp-json\/wp\/v2\/users\/27"}],"replies":[{"embeddable":true,"href":"https:\/\/serbia.com\/srpski\/wp-json\/wp\/v2\/comments?post=32110"}],"version-history":[{"count":0,"href":"https:\/\/serbia.com\/srpski\/wp-json\/wp\/v2\/pages\/32110\/revisions"}],"up":[{"embeddable":true,"href":"https:\/\/serbia.com\/srpski\/wp-json\/wp\/v2\/pages\/20421"}],"wp:featuredmedia":[{"embeddable":true,"href":"https:\/\/serbia.com\/srpski\/wp-json\/wp\/v2\/media\/32103"}],"wp:attachment":[{"href":"https:\/\/serbia.com\/srpski\/wp-json\/wp\/v2\/media?parent=32110"}],"wp:term":[{"taxonomy":"category","embeddable":true,"href":"https:\/\/serbia.com\/srpski\/wp-json\/wp\/v2\/categories?post=32110"},{"taxonomy":"post_tag","embeddable":true,"href":"https:\/\/serbia.com\/srpski\/wp-json\/wp\/v2\/tags?post=32110"}],"curies":[{"name":"wp","href":"https:\/\/api.w.org\/{rel}","templated":true}]}}