{"id":32078,"date":"2015-05-14T15:57:52","date_gmt":"2015-05-14T13:57:52","guid":{"rendered":"http:\/\/www.serbia.com\/?page_id=32078"},"modified":"2015-08-10T14:17:06","modified_gmt":"2015-08-10T12:17:06","slug":"manakova-kuca","status":"publish","type":"page","link":"https:\/\/serbia.com\/srpski\/posetite-srbiju\/kulturne-atrakcije\/muzeji\/manakova-kuca\/","title":{"rendered":"Manakova ku\u0107a"},"content":{"rendered":"<h4>Manakova ku\u0107a \u010duva izuzetno vrednu etnografsku spomen-zbirku Hristifora Crnilovi\u0107a. Ova ku\u0107a nepravilnog oblika deo je Etnografskog muzeja i primer starobalkanske urbane arhitekture. Danas se u njoj odr\u017eavaju izlo\u017ebe i organizuju radionice za u\u010denje starih zanata.<\/h4>\n<p>Manakova ku\u0107a poti\u010de<strong> iz 1830. godine<\/strong>, a o njenom poreklu ostale su mnoge pri\u010de. Prema jednoj, prvobitno je<strong> gra\u0111ena za harem turskog age<\/strong> koji je po dolasku kneza Milo\u0161a Obrenovi\u0107a oti\u0161ao iz Srbije. Neko vreme u njoj je bila sme\u0161tena kne\u017eeva po\u0161ta, a zatim ju je kupio <strong>Manojlo Manak<\/strong> koji je u prizemlju otvorio pekaru i <a title=\"Kafana, centar \u017eivota u Srbiji\" href=\"http:\/\/www.serbia.com\/srpski\/kafana-centar-zivota-u-srbiji\/\">kafanu<\/a>, a sprat koristio za stanovanje.<\/p>\n<p>Ipak, ku\u0107a je dobila ime po Manojlovom ro\u0111aku iz Makedonije i nasledniku, Manaku Mihajlovi\u0107u. Njen nepravilan oblik uslovila je parcela u Savamali na kojoj se nalazi, na starom putu koji je povezivao ovo naselje sa <strong>Varo\u0161-kapijom<\/strong> (danas Ulica Kraljevi\u0107a Marka br. 10).<\/p>\n<p>Manakova ku\u0107a predstavlja <strong>biser stare balkanske arhitekture<\/strong> gra\u0111en od opeke sa drvenom konstrukcijom vidljivom na fasadi, a sastoji se od kamenog podruma, prizemlja i sprata.<\/p>\n<blockquote>\n<figure id=\"attachment_18379\" aria-describedby=\"caption-attachment-18379\" style=\"width: 120px\" class=\"wp-caption alignleft\"><img loading=\"lazy\" decoding=\"async\" class=\"wp-image-18379 size-full\" src=\"http:\/\/www.serbia.com\/wp-content\/uploads\/2013\/06\/hristifor-crnilovic1.jpg\" alt=\"hristifor crnilovic\" width=\"120\" height=\"200\" \/><figcaption id=\"caption-attachment-18379\" class=\"wp-caption-text\">Hristifor Crnilovi\u0107, autoportret<\/figcaption><\/figure>\n<p><em>Hristifor Crnilovi\u0107- istra\u017eiva\u010d, slikar i kolekcionar<\/em><\/p>\n<p><em>Hristifor Crnilovi\u0107 (1886-1963), koga su u rodnom Vlasotincu zvali &#8211; Kica, poti\u010de iz porodice koja je, sasvim neuobi\u010dajeno za to vreme, \u0161kolovala svu svoju decu. Zavr\u0161io je tada \u010duvenu slikarsku \u0161kolu Riste i Bete Vukanovi\u0107 u Beogradu, a \u0161kolovanje nastavio na akademiji u Minhenu.<\/em><\/p>\n<p><em>Najve\u0107i deo vrednih predmeta iz svoje zbirke prikupio je zme\u0111u dva svetska rata, dok je radio kao nastavnik Skoplju.<\/em><\/p>\n<p><em>Po\u010detkom svakog \u0161kolskog raspusta kupovao je konja i obilazio sela u Makedoniji i ju\u017enoj Srbiji. Sa velikom stra\u0161\u0107u je sakupljao najrazli\u010ditije predmete koji svedo\u010de o obi\u010dajima i ljudima sa kraja 19. i po\u010detka 20. veka. Pored toga, \u010ditavog \u017eivota bavio se i svojom profesijom &#8211; slikarstvom, a omiljeni motivi su mu bili aktovi i pejza\u017ei.<\/em><\/p>\n<p><em>Bio je profesor \u010duvenom slikaru Predragu Pe\u0111i Milosavljevi\u0107u, sa kojim ga povezuje i jedna anegdota. Naime, Hristifor je svojim u\u010denicima tra\u017eio da rukom nacrtaju krug. Na Pe\u0111inom papiru krug je bio toliko savr\u0161en, da je izgledalo kao da je nacrtan \u0161estarom. Misle\u0107i da Pe\u0111a vara, Kica mu je udario \u0161amar. Kada je ipak shvatio da je pogre\u0161io, po\u010deo je da podu\u010dava ovog, kasnije, slavnog slikara.<\/em><\/p><\/blockquote>\n<p>Na spratu ku\u0107e je od 1968. sme\u0161tena stalna izlo\u017eba zbirke kolekcionara Hristofora Crnilovi\u0107a pod nazivom <strong>\u201cNarodne no\u0161nje i nakit centralnobalkanskog podru\u010dja iz XIX i prvih decenija XX veka\u201d<\/strong>. \u010cini je oko <strong>2600 predmeta velike kulturne vrednosti<\/strong>, 1617 negativ-plo\u010da predmeta iz ove zbirke i objekata snimljenih na terenu, oko 23 000 stranica rukopisne gra\u0111e i vi\u0161e od 700 istorijsko-etnografskih knjiga.<\/p>\n<p>Najvredniji deo zbirke predstavljaju <a title=\"Narodna no\u0161nja, oznaka identiteta i pripadnosti\" href=\"http:\/\/www.serbia.com\/srpski\/narodna-nosnja-oznaka-identiteta-i-pripadnosti-2\/\"><strong>narodna no\u0161nja<\/strong><\/a> i <strong>nakit<\/strong>. No\u0161nja, seoska i gradska, uglavnom poti\u010de sa podru\u010dja ju\u017ene Srbije, Kosova, Metohije i Makedonije. Najve\u0107i broj predmeta pripadao je srpskom i makedonskom stanovni\u0161tvu.<\/p>\n<p>Zbirku upotpunjuju primerci <strong>veza<\/strong>, <strong>tkanina<\/strong>, <strong>pe\u0161kira<\/strong>, <strong>torbi<\/strong>, <a title=\"Pirotsko \u0107ilimarstvo kao \u010duvar srpskog identiteta\" href=\"http:\/\/www.serbia.com\/srpski\/pirotsko-cilimarstvo-kao-cuvar-srpskog-identiteta\/\"><strong>pirotskih \u0107ilima<\/strong><\/a> i <strong>poku\u0107stva<\/strong>. Posebnu vrednost ima nakit, a naro\u010dito nakit za glavu: dijademe, po\u010delice, tepeluci, igle, min\u0111u\u0161e, uko\u0161njaci i podbradnici. Jedan od najdragocenijih primeraka je <strong>\u201cMin\u0111u\u0161a iz 14. stole\u0107a\u201d<\/strong>.<\/p>\n<p><img loading=\"lazy\" decoding=\"async\" class=\"aligncenter size-full wp-image-32076\" src=\"http:\/\/www.serbia.com\/wp-content\/uploads\/2015\/05\/manakova-kuca55555.jpg\" alt=\"manakova kuca55555\" width=\"640\" height=\"480\" srcset=\"https:\/\/serbia.com\/wp-content\/uploads\/2015\/05\/manakova-kuca55555.jpg 640w, https:\/\/serbia.com\/wp-content\/uploads\/2015\/05\/manakova-kuca55555-300x225.jpg 300w\" sizes=\"auto, (max-width: 640px) 100vw, 640px\" \/><\/p>\n<p>Zna\u010dajan deo zbirke jesu i delovi ku\u0107a i poku\u0107stvo: drvorezbareni delovi enterijera gradske arhitekture, pribor za tkanje, pisanje, pu\u0161enje, muzi\u010dki instrumenti, posude od keramike, fajansa, drveta i metala. Zbirka sadr\u017ei i alate kori\u0161\u0107ene u terziskom, kujund\u017eijskom i drugim zanatima.<\/p>\n<p>U prizemlju Manakove ku\u0107e je galerijski prostor za povremene izlo\u017ebe i sli\u010dne sadr\u017eaje inspirisane uglavnom srpskom kulturnom tradicijom i narodnim \u017eivotom.<\/p>\n<p>U donjem delu ku\u0107e su sme\u0161tene radionice za u\u010denje pojedinih starih,<a title=\"Stari zanati, ve\u0161tine majstora iz davnina\" href=\"http:\/\/www.serbia.com\/srpski\/stari-zanati-vestine-majstora-iz-davnina-2\/\"><strong> tradicionalnih zanata<\/strong><\/a>. Programi su koncipirani u vidu kurseva koji obuhvataju vi\u0161emese\u010dnu teorijsku nastavu i praksu, a zasnivaju se na programima umetni\u010dkih akademija. Najve\u0107e interesovanje vlada za kurs ru\u010dnog tkanja i keramike.<\/p>\n<p>Manakova ku\u0107a je za posetioce otvorena od utorka do subote u periodu od 10 do 17h, nedeljom od 09 do 13h dok je ponedeljkom zatvorena za posete.<\/p>\n<p>Foto1: Wikimedia Commons pod Creative Commons 3.0 Unported licencom[ultimate_spacer height=&#8221;30&#8243;][dt_fancy_title title=&#8221;Povezani \u010dlanci&#8221; title_align=&#8221;left&#8221; title_size=&#8221;normal&#8221; title_color=&#8221;accent&#8221; el_width=&#8221;100&#8243; title_bg=&#8221;disabled&#8221; separator_color=&#8221;default&#8221;][ultimate_spacer height=&#8221;30&#8243; height_on_tabs=&#8221;&#8221; height_on_tabs_portrait=&#8221;&#8221; height_on_mob_landscape=&#8221;&#8221; height_on_mob=&#8221;&#8221;]<\/p>\n","protected":false},"excerpt":{"rendered":"<p>Manakova ku\u0107a \u010duva izuzetno vrednu etnografsku spomen-zbirku Hristifora Crnilovi\u0107a. Ova ku\u0107a nepravilnog oblika deo je Etnografskog muzeja i primer starobalkanske urbane arhitekture. Danas se u njoj odr\u017eavaju izlo\u017ebe i organizuju [&hellip;]<\/p>\n","protected":false},"author":27,"featured_media":52810,"parent":20421,"menu_order":0,"comment_status":"closed","ping_status":"closed","template":"","meta":{"_acf_changed":false,"inline_featured_image":false,"_monsterinsights_skip_tracking":false,"_monsterinsights_sitenote_active":false,"_monsterinsights_sitenote_note":"","_monsterinsights_sitenote_category":0,"footnotes":""},"categories":[2833],"tags":[],"class_list":["post-32078","page","type-page","status-publish","has-post-thumbnail","hentry","category-muzeji"],"acf":[],"yoast_head":"<!-- This site is optimized with the Yoast SEO plugin v27.4 - https:\/\/yoast.com\/product\/yoast-seo-wordpress\/ -->\n<title>Manakova ku\u0107a - Serbia.com<\/title>\n<meta name=\"robots\" content=\"index, follow, max-snippet:-1, max-image-preview:large, max-video-preview:-1\" \/>\n<link rel=\"canonical\" href=\"https:\/\/serbia.com\/srpski\/posetite-srbiju\/kulturne-atrakcije\/muzeji\/manakova-kuca\/\" \/>\n<meta property=\"og:locale\" content=\"en_US\" \/>\n<meta property=\"og:type\" content=\"article\" \/>\n<meta property=\"og:title\" content=\"Manakova ku\u0107a - Serbia.com\" \/>\n<meta property=\"og:description\" content=\"Manakova ku\u0107a \u010duva izuzetno vrednu etnografsku spomen-zbirku Hristifora Crnilovi\u0107a. Ova ku\u0107a nepravilnog oblika deo je Etnografskog muzeja i primer starobalkanske urbane arhitekture. Danas se u njoj odr\u017eavaju izlo\u017ebe i organizuju [&hellip;]\" \/>\n<meta property=\"og:url\" content=\"https:\/\/serbia.com\/srpski\/posetite-srbiju\/kulturne-atrakcije\/muzeji\/manakova-kuca\/\" \/>\n<meta property=\"og:site_name\" content=\"Serbia.com\" \/>\n<meta property=\"article:modified_time\" content=\"2015-08-10T12:17:06+00:00\" \/>\n<meta property=\"og:image\" content=\"https:\/\/serbia.com\/wp-content\/uploads\/2024\/05\/concierge-belgrade-manakova-kuca-04.jpg\" \/>\n\t<meta property=\"og:image:width\" content=\"800\" \/>\n\t<meta property=\"og:image:height\" content=\"600\" \/>\n\t<meta property=\"og:image:type\" content=\"image\/jpeg\" \/>\n<meta name=\"twitter:label1\" content=\"Est. reading time\" \/>\n\t<meta name=\"twitter:data1\" content=\"4 minutes\" \/>\n<script type=\"application\/ld+json\" class=\"yoast-schema-graph\">{\"@context\":\"https:\\\/\\\/schema.org\",\"@graph\":[{\"@type\":\"WebPage\",\"@id\":\"https:\\\/\\\/serbia.com\\\/srpski\\\/posetite-srbiju\\\/kulturne-atrakcije\\\/muzeji\\\/manakova-kuca\\\/\",\"url\":\"https:\\\/\\\/serbia.com\\\/srpski\\\/posetite-srbiju\\\/kulturne-atrakcije\\\/muzeji\\\/manakova-kuca\\\/\",\"name\":\"Manakova ku\u0107a - Serbia.com\",\"isPartOf\":{\"@id\":\"https:\\\/\\\/serbia.com\\\/#website\"},\"primaryImageOfPage\":{\"@id\":\"https:\\\/\\\/serbia.com\\\/srpski\\\/posetite-srbiju\\\/kulturne-atrakcije\\\/muzeji\\\/manakova-kuca\\\/#primaryimage\"},\"image\":{\"@id\":\"https:\\\/\\\/serbia.com\\\/srpski\\\/posetite-srbiju\\\/kulturne-atrakcije\\\/muzeji\\\/manakova-kuca\\\/#primaryimage\"},\"thumbnailUrl\":\"https:\\\/\\\/serbia.com\\\/wp-content\\\/uploads\\\/2024\\\/05\\\/concierge-belgrade-manakova-kuca-04.jpg\",\"datePublished\":\"2015-05-14T13:57:52+00:00\",\"dateModified\":\"2015-08-10T12:17:06+00:00\",\"breadcrumb\":{\"@id\":\"https:\\\/\\\/serbia.com\\\/srpski\\\/posetite-srbiju\\\/kulturne-atrakcije\\\/muzeji\\\/manakova-kuca\\\/#breadcrumb\"},\"inLanguage\":\"srpski\",\"potentialAction\":[{\"@type\":\"ReadAction\",\"target\":[\"https:\\\/\\\/serbia.com\\\/srpski\\\/posetite-srbiju\\\/kulturne-atrakcije\\\/muzeji\\\/manakova-kuca\\\/\"]}]},{\"@type\":\"ImageObject\",\"inLanguage\":\"srpski\",\"@id\":\"https:\\\/\\\/serbia.com\\\/srpski\\\/posetite-srbiju\\\/kulturne-atrakcije\\\/muzeji\\\/manakova-kuca\\\/#primaryimage\",\"url\":\"https:\\\/\\\/serbia.com\\\/wp-content\\\/uploads\\\/2024\\\/05\\\/concierge-belgrade-manakova-kuca-04.jpg\",\"contentUrl\":\"https:\\\/\\\/serbia.com\\\/wp-content\\\/uploads\\\/2024\\\/05\\\/concierge-belgrade-manakova-kuca-04.jpg\",\"width\":800,\"height\":600},{\"@type\":\"BreadcrumbList\",\"@id\":\"https:\\\/\\\/serbia.com\\\/srpski\\\/posetite-srbiju\\\/kulturne-atrakcije\\\/muzeji\\\/manakova-kuca\\\/#breadcrumb\",\"itemListElement\":[{\"@type\":\"ListItem\",\"position\":1,\"name\":\"Home\",\"item\":\"https:\\\/\\\/serbia.com\\\/srpski\\\/\"},{\"@type\":\"ListItem\",\"position\":2,\"name\":\"Poseti Srbiju\",\"item\":\"https:\\\/\\\/serbia.com\\\/srpski\\\/posetite-srbiju\\\/\"},{\"@type\":\"ListItem\",\"position\":3,\"name\":\"Kulturne atrakcije\",\"item\":\"https:\\\/\\\/serbia.com\\\/srpski\\\/posetite-srbiju\\\/kulturne-atrakcije\\\/\"},{\"@type\":\"ListItem\",\"position\":4,\"name\":\"Muzeji\",\"item\":\"https:\\\/\\\/serbia.com\\\/srpski\\\/posetite-srbiju\\\/kulturne-atrakcije\\\/muzeji\\\/\"},{\"@type\":\"ListItem\",\"position\":5,\"name\":\"Manakova ku\u0107a\"}]},{\"@type\":\"WebSite\",\"@id\":\"https:\\\/\\\/serbia.com\\\/#website\",\"url\":\"https:\\\/\\\/serbia.com\\\/\",\"name\":\"Serbia.com\",\"description\":\"Your Gateway to Serbia\",\"potentialAction\":[{\"@type\":\"SearchAction\",\"target\":{\"@type\":\"EntryPoint\",\"urlTemplate\":\"https:\\\/\\\/serbia.com\\\/?s={search_term_string}\"},\"query-input\":{\"@type\":\"PropertyValueSpecification\",\"valueRequired\":true,\"valueName\":\"search_term_string\"}}],\"inLanguage\":\"srpski\"}]}<\/script>\n<!-- \/ Yoast SEO plugin. -->","yoast_head_json":{"title":"Manakova ku\u0107a - Serbia.com","robots":{"index":"index","follow":"follow","max-snippet":"max-snippet:-1","max-image-preview":"max-image-preview:large","max-video-preview":"max-video-preview:-1"},"canonical":"https:\/\/serbia.com\/srpski\/posetite-srbiju\/kulturne-atrakcije\/muzeji\/manakova-kuca\/","og_locale":"en_US","og_type":"article","og_title":"Manakova ku\u0107a - Serbia.com","og_description":"Manakova ku\u0107a \u010duva izuzetno vrednu etnografsku spomen-zbirku Hristifora Crnilovi\u0107a. Ova ku\u0107a nepravilnog oblika deo je Etnografskog muzeja i primer starobalkanske urbane arhitekture. Danas se u njoj odr\u017eavaju izlo\u017ebe i organizuju [&hellip;]","og_url":"https:\/\/serbia.com\/srpski\/posetite-srbiju\/kulturne-atrakcije\/muzeji\/manakova-kuca\/","og_site_name":"Serbia.com","article_modified_time":"2015-08-10T12:17:06+00:00","og_image":[{"width":800,"height":600,"url":"https:\/\/serbia.com\/wp-content\/uploads\/2024\/05\/concierge-belgrade-manakova-kuca-04.jpg","type":"image\/jpeg"}],"twitter_misc":{"Est. reading time":"4 minutes"},"schema":{"@context":"https:\/\/schema.org","@graph":[{"@type":"WebPage","@id":"https:\/\/serbia.com\/srpski\/posetite-srbiju\/kulturne-atrakcije\/muzeji\/manakova-kuca\/","url":"https:\/\/serbia.com\/srpski\/posetite-srbiju\/kulturne-atrakcije\/muzeji\/manakova-kuca\/","name":"Manakova ku\u0107a - Serbia.com","isPartOf":{"@id":"https:\/\/serbia.com\/#website"},"primaryImageOfPage":{"@id":"https:\/\/serbia.com\/srpski\/posetite-srbiju\/kulturne-atrakcije\/muzeji\/manakova-kuca\/#primaryimage"},"image":{"@id":"https:\/\/serbia.com\/srpski\/posetite-srbiju\/kulturne-atrakcije\/muzeji\/manakova-kuca\/#primaryimage"},"thumbnailUrl":"https:\/\/serbia.com\/wp-content\/uploads\/2024\/05\/concierge-belgrade-manakova-kuca-04.jpg","datePublished":"2015-05-14T13:57:52+00:00","dateModified":"2015-08-10T12:17:06+00:00","breadcrumb":{"@id":"https:\/\/serbia.com\/srpski\/posetite-srbiju\/kulturne-atrakcije\/muzeji\/manakova-kuca\/#breadcrumb"},"inLanguage":"srpski","potentialAction":[{"@type":"ReadAction","target":["https:\/\/serbia.com\/srpski\/posetite-srbiju\/kulturne-atrakcije\/muzeji\/manakova-kuca\/"]}]},{"@type":"ImageObject","inLanguage":"srpski","@id":"https:\/\/serbia.com\/srpski\/posetite-srbiju\/kulturne-atrakcije\/muzeji\/manakova-kuca\/#primaryimage","url":"https:\/\/serbia.com\/wp-content\/uploads\/2024\/05\/concierge-belgrade-manakova-kuca-04.jpg","contentUrl":"https:\/\/serbia.com\/wp-content\/uploads\/2024\/05\/concierge-belgrade-manakova-kuca-04.jpg","width":800,"height":600},{"@type":"BreadcrumbList","@id":"https:\/\/serbia.com\/srpski\/posetite-srbiju\/kulturne-atrakcije\/muzeji\/manakova-kuca\/#breadcrumb","itemListElement":[{"@type":"ListItem","position":1,"name":"Home","item":"https:\/\/serbia.com\/srpski\/"},{"@type":"ListItem","position":2,"name":"Poseti Srbiju","item":"https:\/\/serbia.com\/srpski\/posetite-srbiju\/"},{"@type":"ListItem","position":3,"name":"Kulturne atrakcije","item":"https:\/\/serbia.com\/srpski\/posetite-srbiju\/kulturne-atrakcije\/"},{"@type":"ListItem","position":4,"name":"Muzeji","item":"https:\/\/serbia.com\/srpski\/posetite-srbiju\/kulturne-atrakcije\/muzeji\/"},{"@type":"ListItem","position":5,"name":"Manakova ku\u0107a"}]},{"@type":"WebSite","@id":"https:\/\/serbia.com\/#website","url":"https:\/\/serbia.com\/","name":"Serbia.com","description":"Your Gateway to Serbia","potentialAction":[{"@type":"SearchAction","target":{"@type":"EntryPoint","urlTemplate":"https:\/\/serbia.com\/?s={search_term_string}"},"query-input":{"@type":"PropertyValueSpecification","valueRequired":true,"valueName":"search_term_string"}}],"inLanguage":"srpski"}]}},"brizy_media":[],"_links":{"self":[{"href":"https:\/\/serbia.com\/srpski\/wp-json\/wp\/v2\/pages\/32078","targetHints":{"allow":["GET"]}}],"collection":[{"href":"https:\/\/serbia.com\/srpski\/wp-json\/wp\/v2\/pages"}],"about":[{"href":"https:\/\/serbia.com\/srpski\/wp-json\/wp\/v2\/types\/page"}],"author":[{"embeddable":true,"href":"https:\/\/serbia.com\/srpski\/wp-json\/wp\/v2\/users\/27"}],"replies":[{"embeddable":true,"href":"https:\/\/serbia.com\/srpski\/wp-json\/wp\/v2\/comments?post=32078"}],"version-history":[{"count":0,"href":"https:\/\/serbia.com\/srpski\/wp-json\/wp\/v2\/pages\/32078\/revisions"}],"up":[{"embeddable":true,"href":"https:\/\/serbia.com\/srpski\/wp-json\/wp\/v2\/pages\/20421"}],"wp:featuredmedia":[{"embeddable":true,"href":"https:\/\/serbia.com\/srpski\/wp-json\/wp\/v2\/media\/52810"}],"wp:attachment":[{"href":"https:\/\/serbia.com\/srpski\/wp-json\/wp\/v2\/media?parent=32078"}],"wp:term":[{"taxonomy":"category","embeddable":true,"href":"https:\/\/serbia.com\/srpski\/wp-json\/wp\/v2\/categories?post=32078"},{"taxonomy":"post_tag","embeddable":true,"href":"https:\/\/serbia.com\/srpski\/wp-json\/wp\/v2\/tags?post=32078"}],"curies":[{"name":"wp","href":"https:\/\/api.w.org\/{rel}","templated":true}]}}