{"id":32055,"date":"2015-05-14T14:32:36","date_gmt":"2015-05-14T12:32:36","guid":{"rendered":"http:\/\/www.serbia.com\/?page_id=32055"},"modified":"2015-08-10T14:20:55","modified_gmt":"2015-08-10T12:20:55","slug":"kuca-kralja-petra-i-karadordevica","status":"publish","type":"page","link":"https:\/\/serbia.com\/srpski\/posetite-srbiju\/kulturne-atrakcije\/muzeji\/kuca-kralja-petra-i-karadordevica\/","title":{"rendered":"Ku\u0107a kralja Petra I Kara\u0111or\u0111evi\u0107a"},"content":{"rendered":"<h4>Spomen-ku\u0107a kralja Petra I Kara\u0111or\u0111evi\u0107a na Top\u010diderskom brdu u Beogradu, poznata i kao \u201cBela vila\u201d, danas je savremeni kulturni centar koji \u010duva uspomenu na jednog od najomiljenijih vladara u istoriji Srbije.<\/h4>\n<p>Monumentalna kamena kapija sa pozla\u0107enim natpisom <strong>\u201eMuzej kralja Petra I Velikog Oslobodioca\u201c<\/strong>, kraljevim monogramom, grbom Kraljevine Srbije i krunom od livene bronze, nagove\u0161tava da je u ku\u0107i koja se iza nje nalazi stanovao jedan vladar.<\/p>\n<p>Do elegantne spomen-ku\u0107e i njenog jedinstvenog ambijenta sa savremenim izlo\u017ebenim prostorom vodi staza od lomljenog kamena kroz spokoj top\u010diderskih kro\u0161nji i ba\u0161tu u kojoj je i sam kralj voleo da se opu\u0161ta. <strong>\u201cBela vila\u201d je danas moderni kulturni centar<\/strong> u kome se, pored stalne postavke o \u017eivotu i vladavini kralja <a title=\"Petar I Kara\u0111or\u0111evi\u0107, kralj koji je \u017eiveo samo od plate\" href=\"http:\/\/www.serbia.com\/srpski\/kralj-ziveo-samo-od-plate-2\/\"><strong>Petra I Kara\u0111or\u0111evi\u0107a<\/strong><\/a>, odr\u017eavaju brojne kulturne manifestacije.<\/p>\n<p>Originalan koncept stalne postavke, koja je osmi\u0161ljena kao veliki interaktivan portret kralja, dobijen je integrisanjem savremenih re\u0161enja i bogatog istorijskog materijala. Njen centralni deo je mozaik sastavljen od vi\u0161e stotina fotografija koje, pra\u0107ene adekvatnim podacima, prikazuju uticajne li\u010dnosti i zna\u010dajne doga\u0111aje iz tog vremena te samog kralja, njegovu porodicu i savremenike. Posetioci ovde mogu da vide i snimak sa krunisanja kralja Petra I kao i trodimenzionalnu rekonstrukciju njegove krune.<\/p>\n<p><img loading=\"lazy\" decoding=\"async\" class=\"aligncenter size-full wp-image-32051\" src=\"http:\/\/www.serbia.com\/wp-content\/uploads\/2015\/05\/kuca-kralja-petra-01.jpg\" alt=\"kuca-kralja-petra-01\" width=\"800\" height=\"532\" srcset=\"https:\/\/serbia.com\/wp-content\/uploads\/2015\/05\/kuca-kralja-petra-01.jpg 800w, https:\/\/serbia.com\/wp-content\/uploads\/2015\/05\/kuca-kralja-petra-01-300x200.jpg 300w\" sizes=\"(max-width: 800px) 100vw, 800px\" \/><\/p>\n<p><strong>\u201cVilu Pavlovi\u0107\u201d<\/strong> poznatu i kao <strong>\u201cBela vila\u201d<\/strong> podigao je 1896. godine bogati trgovac \u0110or\u0111e Pavlovi\u0107 na top\u010diderskom brdu u okru\u017eenju plodnih vinograda i bujnog rastinja. U njenom dvori\u0161tu su do danas o\u010duvana dve mirisne magnolije i jedan ginko koji spadaju u najstarija stabla u Beogradu. Jednospratna vila sa potkrovljem gra\u0111ena je u neorenesansnom stilu sa elementima baroka i predstavljala je klasi\u010dan primer vile-letnjikovca na periferiji grada.<\/p>\n<p>Dvorska uprava iznajmila ju je 1919. godine za kralja Petra I Kara\u0111or\u0111evi\u0107a koji se upravo vratio iz Gr\u010dke nakon dugih godina ratovanja, a nije mogao ponovo da se useli u te\u0161ko o\u0161te\u0107eni Stari dvor. Ve\u0107 ozbiljno naru\u0161enog zdravlja, ostareli kralj liberalnih ideja ovde je proveo svoje poslednje godine u miru, okru\u017een samo porodicom i najbli\u017eim ljudima iz svoje pratnje.<\/p>\n<p>Kako je kralj Petar I Kara\u0111or\u0111evi\u0107 zbog politi\u010dkih prilika u Srbiji veliki deo \u017eivota proveo u izgnanstvu, neretko li\u010dno vode\u0107i oslobodila\u010dke bitke i bune, navikao je da \u017eivi skromno. Od svog na\u010dina \u017eivota nikada nije odustao pa se po samoj \u201cBeloj vili\u201d tada nije moglo zaklju\u010diti da predstavlja dom jednog vladara.<\/p>\n<p><strong>Pored Velikog i Malog salona u prizemlju, gde je kralj provodio najvi\u0161e vremena, biblioteke i spava\u0107e sobe sa gvozdenim krevetom, vila se nije isticala po rasko\u0161i i luksuzu, ve\u0107 po lepoti.<\/strong><\/p>\n<p>Nakon kraljeve smrti 1921. godine, brzo se do\u0161lo na ideju da se vila pretvori u spomen-muzej Petra I, vladara koga je narod voleo i prozvao \u201cOslobodiocem\u201d zbog njegovog dr\u017eanja i zasluga u Balkanskim i Prvom svetskom ratu (u kojima je oslobo\u0111en najve\u0107i deo teritorija ju\u017enoslovenskih naroda), kada je sa svojim saborcima i sunarodnicima ravnopravno delio i dobro i zlo.<\/p>\n<p>Vila je otkupljena 1924. godine, a kako je njena unutra\u0161njost bila skromne sadr\u017eine, po\u010delo je op\u0161irno opremanje budu\u0107eg muzeja. Tada su naru\u010deni autenti\u010dno poku\u0107stvo, portret kralja u prirodnoj veli\u010dini i slike \u010diji je autor bio slavni <strong>Uro\u0161 Predi\u0107<\/strong> li\u010dno.<\/p>\n<p>Danas najve\u0107eg dela ovog blaga vi\u0161e nema. Postoje brojne spekulacije o tome gde se ono nalazi, budu\u0107i da je vila dugi niz godina pre\u017eivljavala brojne neda\u0107e. Prema nekim izvorima, Nacisti su tokom Drugog svetskog rata odneli zna\u010dajnije predmete, ali drugi autori takve tvrdnje osporavaju.<\/p>\n<p>Nakon decenija nebrige i zapu\u0161tenosti, vila je po\u010detkom novog milenijuma restaurirana i postala je spomen-ku\u0107a posve\u0107ena vladaru koga je narod zvao po nadimku, kralju Petru I Kara\u0111or\u0111evi\u0107u.[ultimate_spacer height=&#8221;30&#8243;][dt_fancy_title title=&#8221;Povezani \u010dlanci&#8221; title_align=&#8221;left&#8221; title_size=&#8221;normal&#8221; title_color=&#8221;accent&#8221; el_width=&#8221;100&#8243; title_bg=&#8221;disabled&#8221; separator_color=&#8221;default&#8221;][ultimate_spacer height=&#8221;30&#8243; height_on_tabs=&#8221;&#8221; height_on_tabs_portrait=&#8221;&#8221; height_on_mob_landscape=&#8221;&#8221; height_on_mob=&#8221;&#8221;]<\/p>\n","protected":false},"excerpt":{"rendered":"<p>Spomen-ku\u0107a kralja Petra I Kara\u0111or\u0111evi\u0107a na Top\u010diderskom brdu u Beogradu, poznata i kao \u201cBela vila\u201d, danas je savremeni kulturni centar koji \u010duva uspomenu na jednog od najomiljenijih vladara u istoriji [&hellip;]<\/p>\n","protected":false},"author":27,"featured_media":32044,"parent":20421,"menu_order":0,"comment_status":"closed","ping_status":"closed","template":"","meta":{"_acf_changed":false,"inline_featured_image":false,"_monsterinsights_skip_tracking":false,"_monsterinsights_sitenote_active":false,"_monsterinsights_sitenote_note":"","_monsterinsights_sitenote_category":0,"footnotes":""},"categories":[2833],"tags":[],"class_list":["post-32055","page","type-page","status-publish","has-post-thumbnail","hentry","category-muzeji"],"acf":[],"yoast_head":"<!-- This site is optimized with the Yoast SEO plugin v23.8 - https:\/\/yoast.com\/wordpress\/plugins\/seo\/ -->\n<title>Ku\u0107a kralja Petra I Kara\u0111or\u0111evi\u0107a - Serbia.com<\/title>\n<meta name=\"robots\" content=\"index, follow, max-snippet:-1, max-image-preview:large, max-video-preview:-1\" \/>\n<link rel=\"canonical\" href=\"https:\/\/serbia.com\/srpski\/posetite-srbiju\/kulturne-atrakcije\/muzeji\/kuca-kralja-petra-i-karadordevica\/\" \/>\n<meta property=\"og:locale\" content=\"en_US\" \/>\n<meta property=\"og:type\" content=\"article\" \/>\n<meta property=\"og:title\" content=\"Ku\u0107a kralja Petra I Kara\u0111or\u0111evi\u0107a - Serbia.com\" \/>\n<meta property=\"og:description\" content=\"Spomen-ku\u0107a kralja Petra I Kara\u0111or\u0111evi\u0107a na Top\u010diderskom brdu u Beogradu, poznata i kao \u201cBela vila\u201d, danas je savremeni kulturni centar koji \u010duva uspomenu na jednog od najomiljenijih vladara u istoriji [&hellip;]\" \/>\n<meta property=\"og:url\" content=\"https:\/\/serbia.com\/srpski\/posetite-srbiju\/kulturne-atrakcije\/muzeji\/kuca-kralja-petra-i-karadordevica\/\" \/>\n<meta property=\"og:site_name\" content=\"Serbia.com\" \/>\n<meta property=\"article:modified_time\" content=\"2015-08-10T12:20:55+00:00\" \/>\n<meta property=\"og:image\" content=\"https:\/\/serbia.com\/wp-content\/uploads\/2015\/05\/Ku\u0107a_kralja_Petra_I_Kara\u0111or\u0111evi\u0107a_44444.jpg\" \/>\n\t<meta property=\"og:image:width\" content=\"1600\" \/>\n\t<meta property=\"og:image:height\" content=\"1003\" \/>\n\t<meta property=\"og:image:type\" content=\"image\/jpeg\" \/>\n<meta name=\"twitter:label1\" content=\"Est. reading time\" \/>\n\t<meta name=\"twitter:data1\" content=\"3 minutes\" \/>\n<script type=\"application\/ld+json\" class=\"yoast-schema-graph\">{\"@context\":\"https:\/\/schema.org\",\"@graph\":[{\"@type\":\"WebPage\",\"@id\":\"https:\/\/serbia.com\/srpski\/posetite-srbiju\/kulturne-atrakcije\/muzeji\/kuca-kralja-petra-i-karadordevica\/\",\"url\":\"https:\/\/serbia.com\/srpski\/posetite-srbiju\/kulturne-atrakcije\/muzeji\/kuca-kralja-petra-i-karadordevica\/\",\"name\":\"Ku\u0107a kralja Petra I Kara\u0111or\u0111evi\u0107a - Serbia.com\",\"isPartOf\":{\"@id\":\"https:\/\/serbia.com\/#website\"},\"primaryImageOfPage\":{\"@id\":\"https:\/\/serbia.com\/srpski\/posetite-srbiju\/kulturne-atrakcije\/muzeji\/kuca-kralja-petra-i-karadordevica\/#primaryimage\"},\"image\":{\"@id\":\"https:\/\/serbia.com\/srpski\/posetite-srbiju\/kulturne-atrakcije\/muzeji\/kuca-kralja-petra-i-karadordevica\/#primaryimage\"},\"thumbnailUrl\":\"https:\/\/serbia.com\/wp-content\/uploads\/2015\/05\/Ku\u0107a_kralja_Petra_I_Kara\u0111or\u0111evi\u0107a_44444.jpg\",\"datePublished\":\"2015-05-14T12:32:36+00:00\",\"dateModified\":\"2015-08-10T12:20:55+00:00\",\"breadcrumb\":{\"@id\":\"https:\/\/serbia.com\/srpski\/posetite-srbiju\/kulturne-atrakcije\/muzeji\/kuca-kralja-petra-i-karadordevica\/#breadcrumb\"},\"inLanguage\":\"srpski\",\"potentialAction\":[{\"@type\":\"ReadAction\",\"target\":[\"https:\/\/serbia.com\/srpski\/posetite-srbiju\/kulturne-atrakcije\/muzeji\/kuca-kralja-petra-i-karadordevica\/\"]}]},{\"@type\":\"ImageObject\",\"inLanguage\":\"srpski\",\"@id\":\"https:\/\/serbia.com\/srpski\/posetite-srbiju\/kulturne-atrakcije\/muzeji\/kuca-kralja-petra-i-karadordevica\/#primaryimage\",\"url\":\"https:\/\/serbia.com\/wp-content\/uploads\/2015\/05\/Ku\u0107a_kralja_Petra_I_Kara\u0111or\u0111evi\u0107a_44444.jpg\",\"contentUrl\":\"https:\/\/serbia.com\/wp-content\/uploads\/2015\/05\/Ku\u0107a_kralja_Petra_I_Kara\u0111or\u0111evi\u0107a_44444.jpg\",\"width\":1600,\"height\":1003},{\"@type\":\"BreadcrumbList\",\"@id\":\"https:\/\/serbia.com\/srpski\/posetite-srbiju\/kulturne-atrakcije\/muzeji\/kuca-kralja-petra-i-karadordevica\/#breadcrumb\",\"itemListElement\":[{\"@type\":\"ListItem\",\"position\":1,\"name\":\"Home\",\"item\":\"https:\/\/serbia.com\/srpski\/\"},{\"@type\":\"ListItem\",\"position\":2,\"name\":\"Poseti Srbiju\",\"item\":\"https:\/\/serbia.com\/srpski\/posetite-srbiju\/\"},{\"@type\":\"ListItem\",\"position\":3,\"name\":\"Kulturne atrakcije\",\"item\":\"https:\/\/serbia.com\/srpski\/posetite-srbiju\/kulturne-atrakcije\/\"},{\"@type\":\"ListItem\",\"position\":4,\"name\":\"Muzeji\",\"item\":\"https:\/\/serbia.com\/srpski\/posetite-srbiju\/kulturne-atrakcije\/muzeji\/\"},{\"@type\":\"ListItem\",\"position\":5,\"name\":\"Ku\u0107a kralja Petra I Kara\u0111or\u0111evi\u0107a\"}]},{\"@type\":\"WebSite\",\"@id\":\"https:\/\/serbia.com\/#website\",\"url\":\"https:\/\/serbia.com\/\",\"name\":\"Serbia.com\",\"description\":\"Your Gateway to Serbia\",\"potentialAction\":[{\"@type\":\"SearchAction\",\"target\":{\"@type\":\"EntryPoint\",\"urlTemplate\":\"https:\/\/serbia.com\/?s={search_term_string}\"},\"query-input\":{\"@type\":\"PropertyValueSpecification\",\"valueRequired\":true,\"valueName\":\"search_term_string\"}}],\"inLanguage\":\"srpski\"}]}<\/script>\n<!-- \/ Yoast SEO plugin. -->","yoast_head_json":{"title":"Ku\u0107a kralja Petra I Kara\u0111or\u0111evi\u0107a - Serbia.com","robots":{"index":"index","follow":"follow","max-snippet":"max-snippet:-1","max-image-preview":"max-image-preview:large","max-video-preview":"max-video-preview:-1"},"canonical":"https:\/\/serbia.com\/srpski\/posetite-srbiju\/kulturne-atrakcije\/muzeji\/kuca-kralja-petra-i-karadordevica\/","og_locale":"en_US","og_type":"article","og_title":"Ku\u0107a kralja Petra I Kara\u0111or\u0111evi\u0107a - Serbia.com","og_description":"Spomen-ku\u0107a kralja Petra I Kara\u0111or\u0111evi\u0107a na Top\u010diderskom brdu u Beogradu, poznata i kao \u201cBela vila\u201d, danas je savremeni kulturni centar koji \u010duva uspomenu na jednog od najomiljenijih vladara u istoriji [&hellip;]","og_url":"https:\/\/serbia.com\/srpski\/posetite-srbiju\/kulturne-atrakcije\/muzeji\/kuca-kralja-petra-i-karadordevica\/","og_site_name":"Serbia.com","article_modified_time":"2015-08-10T12:20:55+00:00","og_image":[{"width":1600,"height":1003,"url":"https:\/\/serbia.com\/wp-content\/uploads\/2015\/05\/Ku\u0107a_kralja_Petra_I_Kara\u0111or\u0111evi\u0107a_44444.jpg","type":"image\/jpeg"}],"twitter_misc":{"Est. reading time":"3 minutes"},"schema":{"@context":"https:\/\/schema.org","@graph":[{"@type":"WebPage","@id":"https:\/\/serbia.com\/srpski\/posetite-srbiju\/kulturne-atrakcije\/muzeji\/kuca-kralja-petra-i-karadordevica\/","url":"https:\/\/serbia.com\/srpski\/posetite-srbiju\/kulturne-atrakcije\/muzeji\/kuca-kralja-petra-i-karadordevica\/","name":"Ku\u0107a kralja Petra I Kara\u0111or\u0111evi\u0107a - Serbia.com","isPartOf":{"@id":"https:\/\/serbia.com\/#website"},"primaryImageOfPage":{"@id":"https:\/\/serbia.com\/srpski\/posetite-srbiju\/kulturne-atrakcije\/muzeji\/kuca-kralja-petra-i-karadordevica\/#primaryimage"},"image":{"@id":"https:\/\/serbia.com\/srpski\/posetite-srbiju\/kulturne-atrakcije\/muzeji\/kuca-kralja-petra-i-karadordevica\/#primaryimage"},"thumbnailUrl":"https:\/\/serbia.com\/wp-content\/uploads\/2015\/05\/Ku\u0107a_kralja_Petra_I_Kara\u0111or\u0111evi\u0107a_44444.jpg","datePublished":"2015-05-14T12:32:36+00:00","dateModified":"2015-08-10T12:20:55+00:00","breadcrumb":{"@id":"https:\/\/serbia.com\/srpski\/posetite-srbiju\/kulturne-atrakcije\/muzeji\/kuca-kralja-petra-i-karadordevica\/#breadcrumb"},"inLanguage":"srpski","potentialAction":[{"@type":"ReadAction","target":["https:\/\/serbia.com\/srpski\/posetite-srbiju\/kulturne-atrakcije\/muzeji\/kuca-kralja-petra-i-karadordevica\/"]}]},{"@type":"ImageObject","inLanguage":"srpski","@id":"https:\/\/serbia.com\/srpski\/posetite-srbiju\/kulturne-atrakcije\/muzeji\/kuca-kralja-petra-i-karadordevica\/#primaryimage","url":"https:\/\/serbia.com\/wp-content\/uploads\/2015\/05\/Ku\u0107a_kralja_Petra_I_Kara\u0111or\u0111evi\u0107a_44444.jpg","contentUrl":"https:\/\/serbia.com\/wp-content\/uploads\/2015\/05\/Ku\u0107a_kralja_Petra_I_Kara\u0111or\u0111evi\u0107a_44444.jpg","width":1600,"height":1003},{"@type":"BreadcrumbList","@id":"https:\/\/serbia.com\/srpski\/posetite-srbiju\/kulturne-atrakcije\/muzeji\/kuca-kralja-petra-i-karadordevica\/#breadcrumb","itemListElement":[{"@type":"ListItem","position":1,"name":"Home","item":"https:\/\/serbia.com\/srpski\/"},{"@type":"ListItem","position":2,"name":"Poseti Srbiju","item":"https:\/\/serbia.com\/srpski\/posetite-srbiju\/"},{"@type":"ListItem","position":3,"name":"Kulturne atrakcije","item":"https:\/\/serbia.com\/srpski\/posetite-srbiju\/kulturne-atrakcije\/"},{"@type":"ListItem","position":4,"name":"Muzeji","item":"https:\/\/serbia.com\/srpski\/posetite-srbiju\/kulturne-atrakcije\/muzeji\/"},{"@type":"ListItem","position":5,"name":"Ku\u0107a kralja Petra I Kara\u0111or\u0111evi\u0107a"}]},{"@type":"WebSite","@id":"https:\/\/serbia.com\/#website","url":"https:\/\/serbia.com\/","name":"Serbia.com","description":"Your Gateway to Serbia","potentialAction":[{"@type":"SearchAction","target":{"@type":"EntryPoint","urlTemplate":"https:\/\/serbia.com\/?s={search_term_string}"},"query-input":{"@type":"PropertyValueSpecification","valueRequired":true,"valueName":"search_term_string"}}],"inLanguage":"srpski"}]}},"_links":{"self":[{"href":"https:\/\/serbia.com\/srpski\/wp-json\/wp\/v2\/pages\/32055"}],"collection":[{"href":"https:\/\/serbia.com\/srpski\/wp-json\/wp\/v2\/pages"}],"about":[{"href":"https:\/\/serbia.com\/srpski\/wp-json\/wp\/v2\/types\/page"}],"author":[{"embeddable":true,"href":"https:\/\/serbia.com\/srpski\/wp-json\/wp\/v2\/users\/27"}],"replies":[{"embeddable":true,"href":"https:\/\/serbia.com\/srpski\/wp-json\/wp\/v2\/comments?post=32055"}],"version-history":[{"count":0,"href":"https:\/\/serbia.com\/srpski\/wp-json\/wp\/v2\/pages\/32055\/revisions"}],"up":[{"embeddable":true,"href":"https:\/\/serbia.com\/srpski\/wp-json\/wp\/v2\/pages\/20421"}],"wp:featuredmedia":[{"embeddable":true,"href":"https:\/\/serbia.com\/srpski\/wp-json\/wp\/v2\/media\/32044"}],"wp:attachment":[{"href":"https:\/\/serbia.com\/srpski\/wp-json\/wp\/v2\/media?parent=32055"}],"wp:term":[{"taxonomy":"category","embeddable":true,"href":"https:\/\/serbia.com\/srpski\/wp-json\/wp\/v2\/categories?post=32055"},{"taxonomy":"post_tag","embeddable":true,"href":"https:\/\/serbia.com\/srpski\/wp-json\/wp\/v2\/tags?post=32055"}],"curies":[{"name":"wp","href":"https:\/\/api.w.org\/{rel}","templated":true}]}}