{"id":32020,"date":"2015-05-14T13:07:37","date_gmt":"2015-05-14T11:07:37","guid":{"rendered":"http:\/\/www.serbia.com\/?page_id=32020"},"modified":"2015-08-10T14:08:56","modified_gmt":"2015-08-10T12:08:56","slug":"muzej-istorije-jugoslavije","status":"publish","type":"page","link":"https:\/\/serbia.com\/srpski\/posetite-srbiju\/kulturne-atrakcije\/muzeji\/muzej-istorije-jugoslavije\/","title":{"rendered":"Muzej istorije Jugoslavije"},"content":{"rendered":"<h4>Kult li\u010dnosti i epoha mar\u0161ala Josipa Broza Tita, do\u017eivotnog predsednika SFRJ, jo\u0161 uvek \u017eive u jedinstvenom kompleksu Muzeja istorije Jugoslavije koga je tokom tri decenije postojanja posetilo vi\u0161e od 15 miliona ljudi.<\/h4>\n<p>Verni jugonostalgi\u010dari, ali i oni koji to nisu, redovno pose\u0107uju Muzej istorije Jugoslavije u \u017eelji da o\u017eive pri\u010du o zemlji koje vi\u0161e nema, o vremenu specifi\u010dne dru\u0161tvene i kulturne atmosfere, o <strong>Josipu Brozu Titu<\/strong>, jednoj od najzna\u010dajnijih li\u010dnosti svog vremena.<\/p>\n<p>Borac u oba svetska rata, revolucionar i dr\u017eavnik, vrhovni komandant i do\u017eivotni predsednik Jugoslavije, bonvivan i plejboj, Tito je jo\u0161 za \u017eivota postao kultna li\u010dnost. Njegov zna\u010daj i ugled svetskih razmera posetioci mogu sagledati kroz prizmu bogatstva riznice koja Muzej istorije Jugoslavije svrstava me\u0111u najuticajnije ustanove tog tipa u Srbiji. <strong>U 23 muzejske zbirke raspore\u0111eno je vi\u0161e od 200.000 eksponata od izuzetne vrednosti<\/strong>.<\/p>\n<p>Muzej istorije Jugoslavije sme\u0161ten je na mesto sa koga se na <a title=\"Beograd\" href=\"http:\/\/www.serbia.com\/srpski\/posetite-srbiju\/sta-videti\/gradovi\/beograd\/\">Beograd<\/a> pru\u017ea prelep panoramski pogled, u bujno zelenilo parka sa kaskadnim kompleksom staza, stepeni\u0161ta i prostranih platoa. Kompleks sa\u010dinjavaju <strong>Muzej 25.maj<\/strong>, <strong>Stari muzej<\/strong> i <strong>Ku\u0107a cve\u0107a<\/strong>.<\/p>\n<blockquote><p><em>Titov ro\u0111endan \u2013 Dan mladosti<\/em><\/p>\n<p><em>Svake godine, na Titov ro\u0111endan 25. maja, organizovana su masovna omladinska \u0161tafetna tr\u010danja \u0161irom Jugoslavije kao deo sve\u010danosti proslave Dana mladosti. Neke od \u0161tafeta su remek-dela koja su pravili najistaknutiji umetnici tog vremena, a predavane su Titu na sletu, zavr\u0161noj sve\u010danosti na stadionu Jugoslovenske narodne armije u Beogradu.<\/em><\/p><\/blockquote>\n<p>Muzej 25.maj danas ima ulogu ulaznog i izlaznog objekta kompleksa, a sagra\u0111en je kao poklon Beograda Titu za njegov 70. ro\u0111endan. Stari muzej prvobitno je slu\u017eio kao mesto gde \u0107e se \u010duvati i izlagati pokloni koje je Tito dobijao u zemlji i inostranstvu. Ku\u0107a cve\u0107a izgra\u0111ena je 1975. godine kao zimska ba\u0161ta sa prostorijama za rad i odmor u centralnom delu kompleksa. Koliko je Titu bila draga svedo\u010di i to \u0161to je na li\u010dni zahtev u njoj i sahranjen.<\/p>\n<p><img loading=\"lazy\" decoding=\"async\" class=\"aligncenter size-full wp-image-32018\" src=\"http:\/\/www.serbia.com\/wp-content\/uploads\/2015\/05\/tito1.jpg\" alt=\"tito\" width=\"640\" height=\"425\" srcset=\"https:\/\/serbia.com\/wp-content\/uploads\/2015\/05\/tito1.jpg 640w, https:\/\/serbia.com\/wp-content\/uploads\/2015\/05\/tito1-300x199.jpg 300w\" sizes=\"(max-width: 640px) 100vw, 640px\" \/><\/p>\n<p><strong>U Ku\u0107i cve\u0107a i danas se mo\u017ee posetiti Brozov grob<\/strong> prekriven masivnom mermernom plo\u010dom na kojoj nema nikakvih obele\u017eja osim isklesanog imena, prezimena i partijskog pseudonima \u201cTito\u201dpod kojim je postao slavan.<\/p>\n<p><strong>Njegovoj sahrani u Ku\u0107i cve\u0107a 8.maja 1980. godine prisustvovalo je vi\u0161e od 200 dr\u017eavnika\u00a0<\/strong>(predsednika, premijera, kraljeva\u2026) iz 127 zemalja i vi\u0161e od 700.000 gra\u0111ana. Bio je to prvi i poslednji put da se na istom mestu okupio toliki broj svetskih lidera. Tada su oni odali poslednju po\u010dast \u010doveku \u010diji se diplomatski domet mo\u017eda najvi\u0161e meri osnivanjem Pokreta nesvrstanih, bloka koji je okupio i za\u0161titio \u201cmale\u201d zemlje u tada\u0161njem svetu polarizovanom o\u0161trim rivalitetom Istoka i Zapada.<\/p>\n<p>Za 3 decenije od otvaranja Ku\u0107e cve\u0107a za javnost, Titov grob posetilo je vi\u0161e od 15 miliona posetilaca. U kompleksu Muzeja istorije Jugoslavije, pored posete Titovom grobu, uvek se mogu videti i 3 stalne postavke: <strong>\u0160tafete u Ku\u0107i cve\u0107a<\/strong>, <strong>Spomen-soba u Ku\u0107i cve\u0107a<\/strong> i<strong> stalna postavka u Starom muzeju<\/strong>.<\/p>\n<p><strong>Zbirka \u0161tafeta predstavlja originalan muzeolo\u0161ki fenomen i sastoji se od 22.000 \u201e\u0161tafete mladosti\u201c<\/strong>. Njima su naposebnim, grandiozno organizovanim manifestacijama, Titu sve do smrti preno\u0161ene \u010destitke sa \u017eeljama za dug \u017eivot i dobro zdravlje. Ti doga\u0111aji odr\u017eavani su i nakon \u0161to je mar\u0161al umro, sve do 1987. godine.<\/p>\n<p>U spomen-sobi posetioci mogu da vide izrezbareni sto, poklon delegacije iz Makedonije, kao i portret Josipa Broza Tita iz 1974. godine. Ovde se nalazi i deoTitove li\u010dne biblioteke koja sadr\u017ei neka izuzetno zna\u010dajna dela.<\/p>\n<figure id=\"attachment_18498\" aria-describedby=\"caption-attachment-18498\" style=\"width: 640px\" class=\"wp-caption aligncenter\"><img loading=\"lazy\" decoding=\"async\" class=\"wp-image-18498 size-full\" src=\"http:\/\/www.serbia.com\/wp-content\/uploads\/2013\/07\/Stari-muzej2.jpg\" alt=\"Stari muzej\" width=\"640\" height=\"480\" srcset=\"https:\/\/serbia.com\/wp-content\/uploads\/2013\/07\/Stari-muzej2.jpg 640w, https:\/\/serbia.com\/wp-content\/uploads\/2013\/07\/Stari-muzej2-300x225.jpg 300w\" sizes=\"(max-width: 640px) 100vw, 640px\" \/><figcaption id=\"caption-attachment-18498\" class=\"wp-caption-text\">Stari muzej<\/figcaption><\/figure>\n<p>Stalna postavka u Starom muzeju obuhvata <strong>izlo\u017ebu poklona koje je Josip Broz Tito dobijao<\/strong> za ro\u0111endan ili na brojnim putovanjima u zemlj i isvetu. Izlo\u017eba se sastoji od dve celine: <strong>predmeti sa teritorije Jugoslavije<\/strong> i <strong>pokloni stranih delegacija, dr\u017eavnika i zvani\u010dnika<\/strong>. Me\u0111u njima se svakako isti\u010de kamen sa Meseca koga je tro\u010dlana posada ameri\u010dke svemirske misije Apolo 11 poklonila Titu kada je 1969. godine posetila Beograd.<\/p>\n<p>Periodi\u010dno se prire\u0111uju i tematske izlo\u017ebe koje prikazuju ostale segmente ogromne muzejske riznice koja uklju\u010duje izme\u0111u ostalog i <strong>zbirku primenjene umetnosti<\/strong>, zatim <strong>starog oru\u017eja<\/strong>, <strong>odlikovanja<\/strong>, <strong>etnografsku<\/strong>, <strong>arheolo\u0161ku<\/strong>, <strong>numizmati\u010dku<\/strong>, <strong>filatelisti\u010dku<\/strong>, <strong>prirodnja\u010dku<\/strong>, <strong>likovnu<\/strong>, <strong>tehni\u010dku<\/strong> i mnoge druge zbirke.<\/p>\n<h4>Poseta muzeju<\/h4>\n<p>Muzejski kompleks nalazi se u Beogradu na <strong>Dedinju, u ulici Boti\u0107eva 6<\/strong>. Do muzeja mo\u017ee se do\u0107i javnim prevozom i automobilom. Do ovog kompleksa se saobra\u0107aju trolejbusi broj 40 (iz pravca Zvezdare) i 41 (iz pravca centra grada), kao i autobuska linija 94 (iz pravca Novog Beograda). Ukoliko dolazite sopstvenim prevozom za sve posetioce muzeja obezbe\u0111en je besplatni parking. Najkra\u0107i put do muzeja vodi iz centra grada, ulicom Kneza Milo\u0161a, odakle put nastavljate Bulevarom Vojvode Putnika, zatim skrenete levo u Bulevar Kneza Aleksandra Kara\u0111or\u0111evi\u0107a i nakon 600 metara nai\u0107i \u0107ete na ulazak u muzej. Muzej je otvoren za posetioce svakog dana osim ponedeljka, od 10 do 16 \u010dasova. Cena ulaznice iznosi 200 dinara, dok studenti i \u0111aci za ulaznicu moraju izdvojiti 100 dinara.[ultimate_spacer height=&#8221;30&#8243;][dt_fancy_title title=&#8221;Povezani \u010dlanci&#8221; title_align=&#8221;left&#8221; title_size=&#8221;normal&#8221; title_color=&#8221;accent&#8221; el_width=&#8221;100&#8243; title_bg=&#8221;disabled&#8221; separator_color=&#8221;default&#8221;][ultimate_spacer height=&#8221;30&#8243; height_on_tabs=&#8221;&#8221; height_on_tabs_portrait=&#8221;&#8221; height_on_mob_landscape=&#8221;&#8221; height_on_mob=&#8221;&#8221;]<\/p>\n","protected":false},"excerpt":{"rendered":"<p>Kult li\u010dnosti i epoha mar\u0161ala Josipa Broza Tita, do\u017eivotnog predsednika SFRJ, jo\u0161 uvek \u017eive u jedinstvenom kompleksu Muzeja istorije Jugoslavije koga je tokom tri decenije postojanja posetilo vi\u0161e od 15 [&hellip;]<\/p>\n","protected":false},"author":27,"featured_media":32009,"parent":20421,"menu_order":0,"comment_status":"closed","ping_status":"closed","template":"","meta":{"_acf_changed":false,"inline_featured_image":false,"_monsterinsights_skip_tracking":false,"_monsterinsights_sitenote_active":false,"_monsterinsights_sitenote_note":"","_monsterinsights_sitenote_category":0,"footnotes":""},"categories":[2833],"tags":[],"class_list":["post-32020","page","type-page","status-publish","has-post-thumbnail","hentry","category-muzeji"],"acf":[],"yoast_head":"<!-- This site is optimized with the Yoast SEO plugin v23.8 - https:\/\/yoast.com\/wordpress\/plugins\/seo\/ -->\n<title>Muzej istorije Jugoslavije - Serbia.com<\/title>\n<meta name=\"robots\" content=\"index, follow, max-snippet:-1, max-image-preview:large, max-video-preview:-1\" \/>\n<link rel=\"canonical\" href=\"https:\/\/serbia.com\/srpski\/posetite-srbiju\/kulturne-atrakcije\/muzeji\/muzej-istorije-jugoslavije\/\" \/>\n<meta property=\"og:locale\" content=\"en_US\" \/>\n<meta property=\"og:type\" content=\"article\" \/>\n<meta property=\"og:title\" content=\"Muzej istorije Jugoslavije - Serbia.com\" \/>\n<meta property=\"og:description\" content=\"Kult li\u010dnosti i epoha mar\u0161ala Josipa Broza Tita, do\u017eivotnog predsednika SFRJ, jo\u0161 uvek \u017eive u jedinstvenom kompleksu Muzeja istorije Jugoslavije koga je tokom tri decenije postojanja posetilo vi\u0161e od 15 [&hellip;]\" \/>\n<meta property=\"og:url\" content=\"https:\/\/serbia.com\/srpski\/posetite-srbiju\/kulturne-atrakcije\/muzeji\/muzej-istorije-jugoslavije\/\" \/>\n<meta property=\"og:site_name\" content=\"Serbia.com\" \/>\n<meta property=\"article:modified_time\" content=\"2015-08-10T12:08:56+00:00\" \/>\n<meta property=\"og:image\" content=\"https:\/\/serbia.com\/wp-content\/uploads\/2015\/05\/muzej.jpg\" \/>\n\t<meta property=\"og:image:width\" content=\"1600\" \/>\n\t<meta property=\"og:image:height\" content=\"583\" \/>\n\t<meta property=\"og:image:type\" content=\"image\/jpeg\" \/>\n<meta name=\"twitter:label1\" content=\"Est. reading time\" \/>\n\t<meta name=\"twitter:data1\" content=\"4 minutes\" \/>\n<script type=\"application\/ld+json\" class=\"yoast-schema-graph\">{\"@context\":\"https:\/\/schema.org\",\"@graph\":[{\"@type\":\"WebPage\",\"@id\":\"https:\/\/serbia.com\/srpski\/posetite-srbiju\/kulturne-atrakcije\/muzeji\/muzej-istorije-jugoslavije\/\",\"url\":\"https:\/\/serbia.com\/srpski\/posetite-srbiju\/kulturne-atrakcije\/muzeji\/muzej-istorije-jugoslavije\/\",\"name\":\"Muzej istorije Jugoslavije - Serbia.com\",\"isPartOf\":{\"@id\":\"https:\/\/serbia.com\/#website\"},\"primaryImageOfPage\":{\"@id\":\"https:\/\/serbia.com\/srpski\/posetite-srbiju\/kulturne-atrakcije\/muzeji\/muzej-istorije-jugoslavije\/#primaryimage\"},\"image\":{\"@id\":\"https:\/\/serbia.com\/srpski\/posetite-srbiju\/kulturne-atrakcije\/muzeji\/muzej-istorije-jugoslavije\/#primaryimage\"},\"thumbnailUrl\":\"https:\/\/serbia.com\/wp-content\/uploads\/2015\/05\/muzej.jpg\",\"datePublished\":\"2015-05-14T11:07:37+00:00\",\"dateModified\":\"2015-08-10T12:08:56+00:00\",\"breadcrumb\":{\"@id\":\"https:\/\/serbia.com\/srpski\/posetite-srbiju\/kulturne-atrakcije\/muzeji\/muzej-istorije-jugoslavije\/#breadcrumb\"},\"inLanguage\":\"srpski\",\"potentialAction\":[{\"@type\":\"ReadAction\",\"target\":[\"https:\/\/serbia.com\/srpski\/posetite-srbiju\/kulturne-atrakcije\/muzeji\/muzej-istorije-jugoslavije\/\"]}]},{\"@type\":\"ImageObject\",\"inLanguage\":\"srpski\",\"@id\":\"https:\/\/serbia.com\/srpski\/posetite-srbiju\/kulturne-atrakcije\/muzeji\/muzej-istorije-jugoslavije\/#primaryimage\",\"url\":\"https:\/\/serbia.com\/wp-content\/uploads\/2015\/05\/muzej.jpg\",\"contentUrl\":\"https:\/\/serbia.com\/wp-content\/uploads\/2015\/05\/muzej.jpg\",\"width\":1600,\"height\":583},{\"@type\":\"BreadcrumbList\",\"@id\":\"https:\/\/serbia.com\/srpski\/posetite-srbiju\/kulturne-atrakcije\/muzeji\/muzej-istorije-jugoslavije\/#breadcrumb\",\"itemListElement\":[{\"@type\":\"ListItem\",\"position\":1,\"name\":\"Home\",\"item\":\"https:\/\/serbia.com\/srpski\/\"},{\"@type\":\"ListItem\",\"position\":2,\"name\":\"Poseti Srbiju\",\"item\":\"https:\/\/serbia.com\/srpski\/posetite-srbiju\/\"},{\"@type\":\"ListItem\",\"position\":3,\"name\":\"Kulturne atrakcije\",\"item\":\"https:\/\/serbia.com\/srpski\/posetite-srbiju\/kulturne-atrakcije\/\"},{\"@type\":\"ListItem\",\"position\":4,\"name\":\"Muzeji\",\"item\":\"https:\/\/serbia.com\/srpski\/posetite-srbiju\/kulturne-atrakcije\/muzeji\/\"},{\"@type\":\"ListItem\",\"position\":5,\"name\":\"Muzej istorije Jugoslavije\"}]},{\"@type\":\"WebSite\",\"@id\":\"https:\/\/serbia.com\/#website\",\"url\":\"https:\/\/serbia.com\/\",\"name\":\"Serbia.com\",\"description\":\"Your Gateway to Serbia\",\"potentialAction\":[{\"@type\":\"SearchAction\",\"target\":{\"@type\":\"EntryPoint\",\"urlTemplate\":\"https:\/\/serbia.com\/?s={search_term_string}\"},\"query-input\":{\"@type\":\"PropertyValueSpecification\",\"valueRequired\":true,\"valueName\":\"search_term_string\"}}],\"inLanguage\":\"srpski\"}]}<\/script>\n<!-- \/ Yoast SEO plugin. -->","yoast_head_json":{"title":"Muzej istorije Jugoslavije - Serbia.com","robots":{"index":"index","follow":"follow","max-snippet":"max-snippet:-1","max-image-preview":"max-image-preview:large","max-video-preview":"max-video-preview:-1"},"canonical":"https:\/\/serbia.com\/srpski\/posetite-srbiju\/kulturne-atrakcije\/muzeji\/muzej-istorije-jugoslavije\/","og_locale":"en_US","og_type":"article","og_title":"Muzej istorije Jugoslavije - Serbia.com","og_description":"Kult li\u010dnosti i epoha mar\u0161ala Josipa Broza Tita, do\u017eivotnog predsednika SFRJ, jo\u0161 uvek \u017eive u jedinstvenom kompleksu Muzeja istorije Jugoslavije koga je tokom tri decenije postojanja posetilo vi\u0161e od 15 [&hellip;]","og_url":"https:\/\/serbia.com\/srpski\/posetite-srbiju\/kulturne-atrakcije\/muzeji\/muzej-istorije-jugoslavije\/","og_site_name":"Serbia.com","article_modified_time":"2015-08-10T12:08:56+00:00","og_image":[{"width":1600,"height":583,"url":"https:\/\/serbia.com\/wp-content\/uploads\/2015\/05\/muzej.jpg","type":"image\/jpeg"}],"twitter_misc":{"Est. reading time":"4 minutes"},"schema":{"@context":"https:\/\/schema.org","@graph":[{"@type":"WebPage","@id":"https:\/\/serbia.com\/srpski\/posetite-srbiju\/kulturne-atrakcije\/muzeji\/muzej-istorije-jugoslavije\/","url":"https:\/\/serbia.com\/srpski\/posetite-srbiju\/kulturne-atrakcije\/muzeji\/muzej-istorije-jugoslavije\/","name":"Muzej istorije Jugoslavije - Serbia.com","isPartOf":{"@id":"https:\/\/serbia.com\/#website"},"primaryImageOfPage":{"@id":"https:\/\/serbia.com\/srpski\/posetite-srbiju\/kulturne-atrakcije\/muzeji\/muzej-istorije-jugoslavije\/#primaryimage"},"image":{"@id":"https:\/\/serbia.com\/srpski\/posetite-srbiju\/kulturne-atrakcije\/muzeji\/muzej-istorije-jugoslavije\/#primaryimage"},"thumbnailUrl":"https:\/\/serbia.com\/wp-content\/uploads\/2015\/05\/muzej.jpg","datePublished":"2015-05-14T11:07:37+00:00","dateModified":"2015-08-10T12:08:56+00:00","breadcrumb":{"@id":"https:\/\/serbia.com\/srpski\/posetite-srbiju\/kulturne-atrakcije\/muzeji\/muzej-istorije-jugoslavije\/#breadcrumb"},"inLanguage":"srpski","potentialAction":[{"@type":"ReadAction","target":["https:\/\/serbia.com\/srpski\/posetite-srbiju\/kulturne-atrakcije\/muzeji\/muzej-istorije-jugoslavije\/"]}]},{"@type":"ImageObject","inLanguage":"srpski","@id":"https:\/\/serbia.com\/srpski\/posetite-srbiju\/kulturne-atrakcije\/muzeji\/muzej-istorije-jugoslavije\/#primaryimage","url":"https:\/\/serbia.com\/wp-content\/uploads\/2015\/05\/muzej.jpg","contentUrl":"https:\/\/serbia.com\/wp-content\/uploads\/2015\/05\/muzej.jpg","width":1600,"height":583},{"@type":"BreadcrumbList","@id":"https:\/\/serbia.com\/srpski\/posetite-srbiju\/kulturne-atrakcije\/muzeji\/muzej-istorije-jugoslavije\/#breadcrumb","itemListElement":[{"@type":"ListItem","position":1,"name":"Home","item":"https:\/\/serbia.com\/srpski\/"},{"@type":"ListItem","position":2,"name":"Poseti Srbiju","item":"https:\/\/serbia.com\/srpski\/posetite-srbiju\/"},{"@type":"ListItem","position":3,"name":"Kulturne atrakcije","item":"https:\/\/serbia.com\/srpski\/posetite-srbiju\/kulturne-atrakcije\/"},{"@type":"ListItem","position":4,"name":"Muzeji","item":"https:\/\/serbia.com\/srpski\/posetite-srbiju\/kulturne-atrakcije\/muzeji\/"},{"@type":"ListItem","position":5,"name":"Muzej istorije Jugoslavije"}]},{"@type":"WebSite","@id":"https:\/\/serbia.com\/#website","url":"https:\/\/serbia.com\/","name":"Serbia.com","description":"Your Gateway to Serbia","potentialAction":[{"@type":"SearchAction","target":{"@type":"EntryPoint","urlTemplate":"https:\/\/serbia.com\/?s={search_term_string}"},"query-input":{"@type":"PropertyValueSpecification","valueRequired":true,"valueName":"search_term_string"}}],"inLanguage":"srpski"}]}},"_links":{"self":[{"href":"https:\/\/serbia.com\/srpski\/wp-json\/wp\/v2\/pages\/32020"}],"collection":[{"href":"https:\/\/serbia.com\/srpski\/wp-json\/wp\/v2\/pages"}],"about":[{"href":"https:\/\/serbia.com\/srpski\/wp-json\/wp\/v2\/types\/page"}],"author":[{"embeddable":true,"href":"https:\/\/serbia.com\/srpski\/wp-json\/wp\/v2\/users\/27"}],"replies":[{"embeddable":true,"href":"https:\/\/serbia.com\/srpski\/wp-json\/wp\/v2\/comments?post=32020"}],"version-history":[{"count":0,"href":"https:\/\/serbia.com\/srpski\/wp-json\/wp\/v2\/pages\/32020\/revisions"}],"up":[{"embeddable":true,"href":"https:\/\/serbia.com\/srpski\/wp-json\/wp\/v2\/pages\/20421"}],"wp:featuredmedia":[{"embeddable":true,"href":"https:\/\/serbia.com\/srpski\/wp-json\/wp\/v2\/media\/32009"}],"wp:attachment":[{"href":"https:\/\/serbia.com\/srpski\/wp-json\/wp\/v2\/media?parent=32020"}],"wp:term":[{"taxonomy":"category","embeddable":true,"href":"https:\/\/serbia.com\/srpski\/wp-json\/wp\/v2\/categories?post=32020"},{"taxonomy":"post_tag","embeddable":true,"href":"https:\/\/serbia.com\/srpski\/wp-json\/wp\/v2\/tags?post=32020"}],"curies":[{"name":"wp","href":"https:\/\/api.w.org\/{rel}","templated":true}]}}