{"id":32003,"date":"2015-05-14T12:26:02","date_gmt":"2015-05-14T10:26:02","guid":{"rendered":"http:\/\/www.serbia.com\/?page_id=32003"},"modified":"2015-08-10T14:13:05","modified_gmt":"2015-08-10T12:13:05","slug":"muzej-zeleznice-srbije","status":"publish","type":"page","link":"https:\/\/serbia.com\/srpski\/posetite-srbiju\/kulturne-atrakcije\/muzeji\/muzej-zeleznice-srbije\/","title":{"rendered":"Muzej \u017eeleznice Srbije"},"content":{"rendered":"<h4>Na uglu Hajduk-Veljkovog venca i Nemanjine ulice u Beogradu nalazi se velelepno zdanje Muzeja \u017eeleznica Srbije. Zgrada je gra\u0111ena od 1927. d\u043e 1931. godine u stilu tipi\u010dnog neoklasicizma, prema projektu arhitekte Svetozara Jovanovi\u0107a, a bila je namenjena Ministarstvu saobra\u0107aja Kraljevine Jugoslavije.<\/h4>\n<p>Detalj koji je \u010dini posebno upe\u010datljivom je <strong>kula sa satom<\/strong>, zavr\u0161ni motiv iznad centralnog timpanona glavne fasade.<\/p>\n<p>\u017delezni\u010dki muzej je u ovde sme\u0161ten 1950. godine. Prva stalna postavka otvorena je 1953. godine pod nazivom <em><strong>\u201cKroz istoriju jugoslovenskih \u017eeleznica\u201d<\/strong><\/em>, a mogu\u0107e je pogledati i danas.<\/p>\n<p><img loading=\"lazy\" decoding=\"async\" class=\"aligncenter size-full wp-image-32001\" src=\"http:\/\/www.serbia.com\/wp-content\/uploads\/2015\/05\/Zeleznicki_muzej_belgrade1.jpg\" alt=\"Zeleznicki_muzej_belgrade1\" width=\"640\" height=\"480\" srcset=\"https:\/\/serbia.com\/wp-content\/uploads\/2015\/05\/Zeleznicki_muzej_belgrade1.jpg 640w, https:\/\/serbia.com\/wp-content\/uploads\/2015\/05\/Zeleznicki_muzej_belgrade1-300x225.jpg 300w\" sizes=\"auto, (max-width: 640px) 100vw, 640px\" \/><\/p>\n<p>Eksponati velike vrednosti prikazuju razvoj \u017eeleznice u svetu i na\u0161oj zemlji. Tu se nalazi <strong>\u201cRama\u201d, lokomotiva iz 1861.<\/strong> godine koja je vukla prvi sve\u010dani voz koji je stigao u Sarajevo 1882. godine. U muzeju je izlo\u017eena i <strong>lokomotiva \u201cMilan\u201d, prva koja je izra\u0111ena u Srbiji, u Majdanpeku 1882. godine.<\/strong><\/p>\n<p>Muzej poseduje <strong>vi\u0161e od 40.000 predmeta<\/strong>, grupisanih u nekoliko zbirki. Najzna\u010dajnija je<strong> tehni\u010dka<\/strong> (zbirke lokomotiva, vagona normalnog i uzanog koloseka, signalnih i sigurnosnih ure\u0111aja i dr.), a zatim <strong>istorijska<\/strong>, <strong>umetni\u010dka<\/strong> i <strong>zbirka primenjenih umetnosti<\/strong>.<\/p>\n<p>U svom sastavu \u017delezni\u010dki muzej ima i<strong> arhiv<\/strong> i <strong>stru\u010dnu biblioteku<\/strong>. Arhiv \u010duva 134,35 du\u017enih metara istorijske tehni\u010dke dokumentacije, nekoliko hiljada originalnih fotografija i negativa, zbirke geografskih i \u017eelezni\u010dkih mapa i plakata, a stru\u010dna biblioteka ima 8.500 naslova i 1.235 jedinica periodike.<\/p>\n<p>U muzej se mo\u017ee u\u0107i iz ulice <strong>Hajduk \u2013Veljkov venac<\/strong>, a na njegovom ulazu \u0107e vas do\u010dekati stara, zelena lokomotiva koja je saobra\u0107ala u periodu 1917-1965.<\/p>\n<p>Za posete je otvoren radnim danima od 9h do 15h, a vikendom se posete zakazuju na telefon (+381 11) 3610-334.[ultimate_spacer height=&#8221;30&#8243;][dt_fancy_title title=&#8221;Povezani \u010dlanci&#8221; title_align=&#8221;left&#8221; title_size=&#8221;normal&#8221; title_color=&#8221;accent&#8221; el_width=&#8221;100&#8243; title_bg=&#8221;disabled&#8221; separator_color=&#8221;default&#8221;][ultimate_spacer height=&#8221;30&#8243; height_on_tabs=&#8221;&#8221; height_on_tabs_portrait=&#8221;&#8221; height_on_mob_landscape=&#8221;&#8221; height_on_mob=&#8221;&#8221;]<\/p>\n","protected":false},"excerpt":{"rendered":"<p>Na uglu Hajduk-Veljkovog venca i Nemanjine ulice u Beogradu nalazi se velelepno zdanje Muzeja \u017eeleznica Srbije. Zgrada je gra\u0111ena od 1927. d\u043e 1931. godine u stilu tipi\u010dnog neoklasicizma, prema projektu [&hellip;]<\/p>\n","protected":false},"author":27,"featured_media":52790,"parent":20421,"menu_order":0,"comment_status":"closed","ping_status":"closed","template":"","meta":{"_acf_changed":false,"inline_featured_image":false,"_monsterinsights_skip_tracking":false,"_monsterinsights_sitenote_active":false,"_monsterinsights_sitenote_note":"","_monsterinsights_sitenote_category":0,"footnotes":""},"categories":[2833],"tags":[],"class_list":["post-32003","page","type-page","status-publish","has-post-thumbnail","hentry","category-muzeji"],"acf":[],"yoast_head":"<!-- This site is optimized with the Yoast SEO plugin v27.4 - https:\/\/yoast.com\/product\/yoast-seo-wordpress\/ -->\n<title>Muzej \u017eeleznice Srbije - Serbia.com<\/title>\n<meta name=\"robots\" content=\"index, follow, max-snippet:-1, max-image-preview:large, max-video-preview:-1\" \/>\n<link rel=\"canonical\" href=\"https:\/\/serbia.com\/srpski\/posetite-srbiju\/kulturne-atrakcije\/muzeji\/muzej-zeleznice-srbije\/\" \/>\n<meta property=\"og:locale\" content=\"en_US\" \/>\n<meta property=\"og:type\" content=\"article\" \/>\n<meta property=\"og:title\" content=\"Muzej \u017eeleznice Srbije - Serbia.com\" \/>\n<meta property=\"og:description\" content=\"Na uglu Hajduk-Veljkovog venca i Nemanjine ulice u Beogradu nalazi se velelepno zdanje Muzeja \u017eeleznica Srbije. Zgrada je gra\u0111ena od 1927. d\u043e 1931. godine u stilu tipi\u010dnog neoklasicizma, prema projektu [&hellip;]\" \/>\n<meta property=\"og:url\" content=\"https:\/\/serbia.com\/srpski\/posetite-srbiju\/kulturne-atrakcije\/muzeji\/muzej-zeleznice-srbije\/\" \/>\n<meta property=\"og:site_name\" content=\"Serbia.com\" \/>\n<meta property=\"article:modified_time\" content=\"2015-08-10T12:13:05+00:00\" \/>\n<meta property=\"og:image\" content=\"https:\/\/serbia.com\/wp-content\/uploads\/2024\/05\/0.Zeleznicki-muzej.jpg\" \/>\n\t<meta property=\"og:image:width\" content=\"1181\" \/>\n\t<meta property=\"og:image:height\" content=\"604\" \/>\n\t<meta property=\"og:image:type\" content=\"image\/jpeg\" \/>\n<meta name=\"twitter:label1\" content=\"Est. reading time\" \/>\n\t<meta name=\"twitter:data1\" content=\"2 minutes\" \/>\n<script type=\"application\/ld+json\" class=\"yoast-schema-graph\">{\"@context\":\"https:\\\/\\\/schema.org\",\"@graph\":[{\"@type\":\"WebPage\",\"@id\":\"https:\\\/\\\/serbia.com\\\/srpski\\\/posetite-srbiju\\\/kulturne-atrakcije\\\/muzeji\\\/muzej-zeleznice-srbije\\\/\",\"url\":\"https:\\\/\\\/serbia.com\\\/srpski\\\/posetite-srbiju\\\/kulturne-atrakcije\\\/muzeji\\\/muzej-zeleznice-srbije\\\/\",\"name\":\"Muzej \u017eeleznice Srbije - Serbia.com\",\"isPartOf\":{\"@id\":\"https:\\\/\\\/serbia.com\\\/#website\"},\"primaryImageOfPage\":{\"@id\":\"https:\\\/\\\/serbia.com\\\/srpski\\\/posetite-srbiju\\\/kulturne-atrakcije\\\/muzeji\\\/muzej-zeleznice-srbije\\\/#primaryimage\"},\"image\":{\"@id\":\"https:\\\/\\\/serbia.com\\\/srpski\\\/posetite-srbiju\\\/kulturne-atrakcije\\\/muzeji\\\/muzej-zeleznice-srbije\\\/#primaryimage\"},\"thumbnailUrl\":\"https:\\\/\\\/serbia.com\\\/wp-content\\\/uploads\\\/2024\\\/05\\\/0.Zeleznicki-muzej.jpg\",\"datePublished\":\"2015-05-14T10:26:02+00:00\",\"dateModified\":\"2015-08-10T12:13:05+00:00\",\"breadcrumb\":{\"@id\":\"https:\\\/\\\/serbia.com\\\/srpski\\\/posetite-srbiju\\\/kulturne-atrakcije\\\/muzeji\\\/muzej-zeleznice-srbije\\\/#breadcrumb\"},\"inLanguage\":\"srpski\",\"potentialAction\":[{\"@type\":\"ReadAction\",\"target\":[\"https:\\\/\\\/serbia.com\\\/srpski\\\/posetite-srbiju\\\/kulturne-atrakcije\\\/muzeji\\\/muzej-zeleznice-srbije\\\/\"]}]},{\"@type\":\"ImageObject\",\"inLanguage\":\"srpski\",\"@id\":\"https:\\\/\\\/serbia.com\\\/srpski\\\/posetite-srbiju\\\/kulturne-atrakcije\\\/muzeji\\\/muzej-zeleznice-srbije\\\/#primaryimage\",\"url\":\"https:\\\/\\\/serbia.com\\\/wp-content\\\/uploads\\\/2024\\\/05\\\/0.Zeleznicki-muzej.jpg\",\"contentUrl\":\"https:\\\/\\\/serbia.com\\\/wp-content\\\/uploads\\\/2024\\\/05\\\/0.Zeleznicki-muzej.jpg\",\"width\":1181,\"height\":604},{\"@type\":\"BreadcrumbList\",\"@id\":\"https:\\\/\\\/serbia.com\\\/srpski\\\/posetite-srbiju\\\/kulturne-atrakcije\\\/muzeji\\\/muzej-zeleznice-srbije\\\/#breadcrumb\",\"itemListElement\":[{\"@type\":\"ListItem\",\"position\":1,\"name\":\"Home\",\"item\":\"https:\\\/\\\/serbia.com\\\/srpski\\\/srbija\\\/\"},{\"@type\":\"ListItem\",\"position\":2,\"name\":\"Poseti Srbiju\",\"item\":\"https:\\\/\\\/serbia.com\\\/srpski\\\/posetite-srbiju\\\/\"},{\"@type\":\"ListItem\",\"position\":3,\"name\":\"Kulturne atrakcije\",\"item\":\"https:\\\/\\\/serbia.com\\\/srpski\\\/posetite-srbiju\\\/kulturne-atrakcije\\\/\"},{\"@type\":\"ListItem\",\"position\":4,\"name\":\"Muzeji\",\"item\":\"https:\\\/\\\/serbia.com\\\/srpski\\\/posetite-srbiju\\\/kulturne-atrakcije\\\/muzeji\\\/\"},{\"@type\":\"ListItem\",\"position\":5,\"name\":\"Muzej \u017eeleznice Srbije\"}]},{\"@type\":\"WebSite\",\"@id\":\"https:\\\/\\\/serbia.com\\\/#website\",\"url\":\"https:\\\/\\\/serbia.com\\\/\",\"name\":\"Serbia.com\",\"description\":\"Your Gateway to Serbia\",\"potentialAction\":[{\"@type\":\"SearchAction\",\"target\":{\"@type\":\"EntryPoint\",\"urlTemplate\":\"https:\\\/\\\/serbia.com\\\/?s={search_term_string}\"},\"query-input\":{\"@type\":\"PropertyValueSpecification\",\"valueRequired\":true,\"valueName\":\"search_term_string\"}}],\"inLanguage\":\"srpski\"}]}<\/script>\n<!-- \/ Yoast SEO plugin. -->","yoast_head_json":{"title":"Muzej \u017eeleznice Srbije - Serbia.com","robots":{"index":"index","follow":"follow","max-snippet":"max-snippet:-1","max-image-preview":"max-image-preview:large","max-video-preview":"max-video-preview:-1"},"canonical":"https:\/\/serbia.com\/srpski\/posetite-srbiju\/kulturne-atrakcije\/muzeji\/muzej-zeleznice-srbije\/","og_locale":"en_US","og_type":"article","og_title":"Muzej \u017eeleznice Srbije - Serbia.com","og_description":"Na uglu Hajduk-Veljkovog venca i Nemanjine ulice u Beogradu nalazi se velelepno zdanje Muzeja \u017eeleznica Srbije. Zgrada je gra\u0111ena od 1927. d\u043e 1931. godine u stilu tipi\u010dnog neoklasicizma, prema projektu [&hellip;]","og_url":"https:\/\/serbia.com\/srpski\/posetite-srbiju\/kulturne-atrakcije\/muzeji\/muzej-zeleznice-srbije\/","og_site_name":"Serbia.com","article_modified_time":"2015-08-10T12:13:05+00:00","og_image":[{"width":1181,"height":604,"url":"https:\/\/serbia.com\/wp-content\/uploads\/2024\/05\/0.Zeleznicki-muzej.jpg","type":"image\/jpeg"}],"twitter_misc":{"Est. reading time":"2 minutes"},"schema":{"@context":"https:\/\/schema.org","@graph":[{"@type":"WebPage","@id":"https:\/\/serbia.com\/srpski\/posetite-srbiju\/kulturne-atrakcije\/muzeji\/muzej-zeleznice-srbije\/","url":"https:\/\/serbia.com\/srpski\/posetite-srbiju\/kulturne-atrakcije\/muzeji\/muzej-zeleznice-srbije\/","name":"Muzej \u017eeleznice Srbije - Serbia.com","isPartOf":{"@id":"https:\/\/serbia.com\/#website"},"primaryImageOfPage":{"@id":"https:\/\/serbia.com\/srpski\/posetite-srbiju\/kulturne-atrakcije\/muzeji\/muzej-zeleznice-srbije\/#primaryimage"},"image":{"@id":"https:\/\/serbia.com\/srpski\/posetite-srbiju\/kulturne-atrakcije\/muzeji\/muzej-zeleznice-srbije\/#primaryimage"},"thumbnailUrl":"https:\/\/serbia.com\/wp-content\/uploads\/2024\/05\/0.Zeleznicki-muzej.jpg","datePublished":"2015-05-14T10:26:02+00:00","dateModified":"2015-08-10T12:13:05+00:00","breadcrumb":{"@id":"https:\/\/serbia.com\/srpski\/posetite-srbiju\/kulturne-atrakcije\/muzeji\/muzej-zeleznice-srbije\/#breadcrumb"},"inLanguage":"srpski","potentialAction":[{"@type":"ReadAction","target":["https:\/\/serbia.com\/srpski\/posetite-srbiju\/kulturne-atrakcije\/muzeji\/muzej-zeleznice-srbije\/"]}]},{"@type":"ImageObject","inLanguage":"srpski","@id":"https:\/\/serbia.com\/srpski\/posetite-srbiju\/kulturne-atrakcije\/muzeji\/muzej-zeleznice-srbije\/#primaryimage","url":"https:\/\/serbia.com\/wp-content\/uploads\/2024\/05\/0.Zeleznicki-muzej.jpg","contentUrl":"https:\/\/serbia.com\/wp-content\/uploads\/2024\/05\/0.Zeleznicki-muzej.jpg","width":1181,"height":604},{"@type":"BreadcrumbList","@id":"https:\/\/serbia.com\/srpski\/posetite-srbiju\/kulturne-atrakcije\/muzeji\/muzej-zeleznice-srbije\/#breadcrumb","itemListElement":[{"@type":"ListItem","position":1,"name":"Home","item":"https:\/\/serbia.com\/srpski\/srbija\/"},{"@type":"ListItem","position":2,"name":"Poseti Srbiju","item":"https:\/\/serbia.com\/srpski\/posetite-srbiju\/"},{"@type":"ListItem","position":3,"name":"Kulturne atrakcije","item":"https:\/\/serbia.com\/srpski\/posetite-srbiju\/kulturne-atrakcije\/"},{"@type":"ListItem","position":4,"name":"Muzeji","item":"https:\/\/serbia.com\/srpski\/posetite-srbiju\/kulturne-atrakcije\/muzeji\/"},{"@type":"ListItem","position":5,"name":"Muzej \u017eeleznice Srbije"}]},{"@type":"WebSite","@id":"https:\/\/serbia.com\/#website","url":"https:\/\/serbia.com\/","name":"Serbia.com","description":"Your Gateway to Serbia","potentialAction":[{"@type":"SearchAction","target":{"@type":"EntryPoint","urlTemplate":"https:\/\/serbia.com\/?s={search_term_string}"},"query-input":{"@type":"PropertyValueSpecification","valueRequired":true,"valueName":"search_term_string"}}],"inLanguage":"srpski"}]}},"brizy_media":[],"_links":{"self":[{"href":"https:\/\/serbia.com\/srpski\/wp-json\/wp\/v2\/pages\/32003","targetHints":{"allow":["GET"]}}],"collection":[{"href":"https:\/\/serbia.com\/srpski\/wp-json\/wp\/v2\/pages"}],"about":[{"href":"https:\/\/serbia.com\/srpski\/wp-json\/wp\/v2\/types\/page"}],"author":[{"embeddable":true,"href":"https:\/\/serbia.com\/srpski\/wp-json\/wp\/v2\/users\/27"}],"replies":[{"embeddable":true,"href":"https:\/\/serbia.com\/srpski\/wp-json\/wp\/v2\/comments?post=32003"}],"version-history":[{"count":0,"href":"https:\/\/serbia.com\/srpski\/wp-json\/wp\/v2\/pages\/32003\/revisions"}],"up":[{"embeddable":true,"href":"https:\/\/serbia.com\/srpski\/wp-json\/wp\/v2\/pages\/20421"}],"wp:featuredmedia":[{"embeddable":true,"href":"https:\/\/serbia.com\/srpski\/wp-json\/wp\/v2\/media\/52790"}],"wp:attachment":[{"href":"https:\/\/serbia.com\/srpski\/wp-json\/wp\/v2\/media?parent=32003"}],"wp:term":[{"taxonomy":"category","embeddable":true,"href":"https:\/\/serbia.com\/srpski\/wp-json\/wp\/v2\/categories?post=32003"},{"taxonomy":"post_tag","embeddable":true,"href":"https:\/\/serbia.com\/srpski\/wp-json\/wp\/v2\/tags?post=32003"}],"curies":[{"name":"wp","href":"https:\/\/api.w.org\/{rel}","templated":true}]}}