{"id":31958,"date":"2015-05-13T16:45:48","date_gmt":"2015-05-13T14:45:48","guid":{"rendered":"http:\/\/www.serbia.com\/?page_id=31958"},"modified":"2024-10-20T13:29:02","modified_gmt":"2024-10-20T11:29:02","slug":"smederevska-tvrdava-grad-proklete-jerine","status":"publish","type":"page","link":"https:\/\/serbia.com\/srpski\/posetite-srbiju\/kulturne-atrakcije\/dvorci-i-tvrdave\/smederevska-tvrdava-grad-proklete-jerine\/","title":{"rendered":"Smederevska tvr\u0111ava, grad proklete Jerine"},"content":{"rendered":"<h4>Smederevska tvr\u0111ava gra\u0111ena je tolikom brzinom da su njeni graditelji umirali od iznemoglosti, a narod je krivca za tragedije prona\u0161ao u despotici Jerini (Irina Kantakuzin) i nazvao je &#8220;prokleta&#8221;<\/h4>\n<p>Smederevska tvr\u0111ava je <strong>jedna od najve\u0107ih srednjovekovnih ravni\u010darskih tvr\u0111ava u Evropi i poslednje veliko delo srpske arhitekture iz ovog perioda.<\/strong><\/p>\n<p><a href=\"http:\/\/www.serbia.com\/srpski\/o-srbiji\/istorija\/\" target=\"_blank\" rel=\"noopener\">Istorija<\/a> na ovim mestu jo\u0161 uvek \u017eivi &#8211; <strong>grobnica plemkinje sa srednjovekovnim nakitom iskopana je 2012. godine.<\/strong>\u00a0Zbog ovoga, kao i zbog \u010dinjenice da radovi jo\u0161 uvek traju, ovo je mesto koje svi zaljubljenici u arheologiju i istoriju moraju da posete.<\/p>\n<p>A kada jednom budete ovde&#8230; ko zna&#8230; mo\u017eda prona\u0111ete i legendarno blago proklete Jerine!<\/p>\n<p>Smederevska tvr\u0111ava sastoji se iz <strong>Velikog i Malog grada<\/strong>. Mali grad su zapravo ostatci nekada\u0161njeg dvorca u kome je \u017eivela despotova porodica i plemstvo. Veliki grad podignut je ne\u0161to kasnije i u njega se sklanjalo stanovni\u0161tvo prilikom turskih osvajanja.<\/p>\n<p><img loading=\"lazy\" decoding=\"async\" class=\"alignright wp-image-17229\" src=\"http:\/\/www.serbia.com\/wp-content\/uploads\/2012\/12\/102-smederevo-fortress-smederevska-tvrdjava1.jpg\" alt=\"Smederevska tvr\u0111ava na Dunavu\" width=\"450\" height=\"300\" srcset=\"https:\/\/serbia.com\/wp-content\/uploads\/2012\/12\/102-smederevo-fortress-smederevska-tvrdjava1.jpg 800w, https:\/\/serbia.com\/wp-content\/uploads\/2012\/12\/102-smederevo-fortress-smederevska-tvrdjava1-300x200.jpg 300w\" sizes=\"auto, (max-width: 450px) 100vw, 450px\" \/><\/p>\n<p>O zidanju ove tvr\u0111ave postoje mnoge legende i predanja koja i danas mo\u017eete \u010duti od me\u0161tana i lokalnih vodi\u010da. Jedna od njih ka\u017ee da je despot \u0110ura\u0111 Brankovi\u0107 usnio san u kome mu je re\u010deno da se novi grad mora nalaziti na reci i da je posle toga naredio podizanje tvr\u0111ave\u00a0na u\u0161\u0107u reke Jezave u veliki <a href=\"http:\/\/www.serbia.com\/srpski\/posetite-srbiju\/prirodne-lepote\/reke-i-jezera\/dunav-mesto-spajanja-i-razdvajanja\/\" target=\"_blank\" rel=\"noopener\">Duna<\/a>v.<\/p>\n<p>Tokom izgradnje grada kamen je dono\u0161en iz <strong>Viminacijuma<\/strong>, sa <a href=\"https:\/\/serbia.com\/srpski\/planinska-avantura-na-kosmaju-ideje-za-obilaske-aktivnosti-i-odmor\/\"><strong>Kosmaja<\/strong><\/a> i iz <strong>tvr\u0111ave Ram<\/strong> na Dunavu.<\/p>\n<p>Zbog velike brzine kojom je smederevska tvr\u0111ava gra\u0111ena, mnogi graditelji su umrli od iznemoglosti rade\u0107i na gra\u0111evini. Za glavnog krivca, <strong>narod je proglasio despoticu Jerinu &#8211; \u017eenu despota \u0110ur\u0111a kojoj je i do danas ostalo ime &#8220;prokleta&#8221;.<\/strong><\/p>\n<p>Tako je verovatno i nastala <strong>legenda o blagu<\/strong> koje je ona, pre nego \u0161to su osvaja\u010di prodrli u utvr\u0111enje, zakopala negde na teritoriji tvr\u0111ave, da ga nikada ne na\u0111u. I kako zaista nikada ni\u0161ta sli\u010dno nije prona\u0111eno na ovim prostorima, ako \u017eudite za avanturom i ma\u0161tate o tome da postanete Indijana D\u017eouns, u smederevska tvr\u0111ava pru\u017ei\u0107e vam priliku da probate da ostvarite svoj san.<\/p>\n<p>Iskopavanja u tvr\u0111avi i dalje traju, pa ako posetite ovo mesto zaista \u0107ete imati utisak da se istorija de\u0161ava bukvalno pred vama!<\/p>\n<p>Radovima na otkopavanju temelja jo\u0161 uvek <strong>veoma misteriozne crkvice<\/strong> u okviru tvr\u0111ave za koju se sa sigurno\u0161\u0107u ne zna kada je prvi put podignuta, prona\u0111en je grob za sada nepoznate plemkinje i nakit neprocenljive vrednosti u njemu. Vaze, predmete od keramike i srednjovekovno oru\u017eje, vi\u0161e se ni ne broji, a sve ovo se mo\u017ee pogledati u obli\u017enjem <strong>smederevskom muzeju<\/strong>.<\/p>\n<p><img loading=\"lazy\" decoding=\"async\" class=\"alignleft wp-image-28161\" src=\"http:\/\/www.serbia.com\/wp-content\/uploads\/2014\/05\/Smederevska-tvrdjava-Smederevo-Dunav.jpg\" alt=\"Smederevska-tvrdjava-Smederevo-Dunav\" width=\"450\" height=\"276\" srcset=\"https:\/\/serbia.com\/wp-content\/uploads\/2014\/05\/Smederevska-tvrdjava-Smederevo-Dunav.jpg 1256w, https:\/\/serbia.com\/wp-content\/uploads\/2014\/05\/Smederevska-tvrdjava-Smederevo-Dunav-300x183.jpg 300w, https:\/\/serbia.com\/wp-content\/uploads\/2014\/05\/Smederevska-tvrdjava-Smederevo-Dunav-1024x627.jpg 1024w\" sizes=\"auto, (max-width: 450px) 100vw, 450px\" \/>\u010cak iako niste ljubitelji istorije, smederevska tvr\u0111ava ima \u0161ta da vam ponudi. Ovde se preko leta odr\u017eavaju mnogobrojne manifestacije i \u017eurke koje misti\u010dnost i drevna otmenost tvr\u0111ave pretvaraju u nezaboravne doga\u0111aje. Preko leta, najpoznatija je pozori\u0161na manifestacija <strong>&#8220;Tvr\u0111ava teatar&#8221;<\/strong>. Za one koji Srbiju pose\u0107uju u septembru, tu je<strong> &#8220;Smederevska jesen&#8221;<\/strong> &#8211; najstariji praznik gro\u017e\u0111a i vina u dr\u017eavi, kada tvr\u0111ava ponovo o\u017eivi i povrati stari sjaj.<\/p>\n<p>Zbog stalne pretnje od Turaka, Mali grad je podignut za samo dve godine i bio je gotov 1430. godine. Crvenom opekom na kuli &#8220;Krsta\u010di&#8221; i danas stoje utisnute re\u010di: <em>&#8220;Hristu Bogu blagoverni despot \u0110ura\u0111, gospodin Srbljem i pomorju zetskom. Naredbom njegovom sazida se ovaj grad u godini 6938 (1430)&#8221;<\/em>.<\/p>\n<p><strong>Smederevska tvr\u0111ava ima trougaoni oblik i 25 visokih kula<\/strong> po kojima je i danas prepoznatljiva. Ona je dugo odolevala osvaja\u010dima. Kada je 1459. godine kona\u010dno pala pod tursku vlast, bio je to i kraj srednjovekovne srpske dr\u017eave.<\/p>\n<p>Smederevska tvr\u0111ava je bila izuzetno o\u010duvana sve do sredine XX veka. Tada se, tokom II svetskog rata, tu desila velika eksplozija municije koja je o\u0161tetila tvr\u0111avu i uni\u0161tila ogroman deo Smedereva. 1946. godine tvr\u0111ava je stavljena pod za\u0161titu dr\u017eave, a njena konzervacija i dalje traje.<\/p>\n<h4>Gde je smederevska tvr\u0111ava i kako do nje sti\u0107i?<\/h4>\n<p>Smederevo i smederevska tvr\u0111ava nalaze se na obali Dunava u krajnjem severoisto\u010dnom delu \u0160umadije na svega 46 kilometara od srpske prestonice. U blizini grada nalazi se evropski auto-put E-75 <a title=\"Beograd\" href=\"http:\/\/www.serbia.com\/srpski\/posetite-srbiju\/gradovi\/beograd\/\" target=\"_blank\" rel=\"noopener\">Beograd<\/a> &#8211; <a title=\"Od svitanja do svitanja u Ni\u0161u\" href=\"http:\/\/www.serbia.com\/srpski\/posetite-srbiju\/gradovi\/nis\/\" target=\"_blank\" rel=\"noopener\">Ni\u0161<\/a> kao i magistralni put iz Kovina te se do Smedereva najlak\u0161e sti\u017ee automobilom ili autobusom.<\/p>\n<p>Ukoliko u Smederevo dolazite iz Beograda kolima najbr\u017ee \u0107ete sti\u0107i smederevskim putem preko Grocke (46 km) i auto-putem E-75 pravac prema Ni\u0161u (55 km).<\/p>\n<p>Budu\u0107i da se Smederevo nalazi u blizini prestonice na raspolaganju su vam redovni autobuski polasci iz Beograda sa autobuske stanice Lasta.<\/p>\n<p>Pored autobuske stanice u Smederevu nalazi se i \u017eelezni\u010dka stanica, a budu\u0107i da se Smederevo nalazi na glavnoj pruzi mo\u017eete posetiti ovaj grad i \u017eeleznicom.<\/p>\n<p>Kada stignete u Smederevo lako \u0107ete prona\u0107i i Smederevsku tvr\u0111avu budu\u0107i da se ona nalazi prekoputa autobuske i \u017eelezni\u010dke stanice na obali Dunava.<\/p>\n<h4>Kad ste ve\u0107 ovde, ne propustite&#8230;<\/h4>\n<p>&#8230;\u010da\u0161icu <strong>&#8220;Smederevke&#8221;<\/strong>, kvalitetnog belog vina koje se pravi od istoimene sorte gro\u017e\u0111a koja je proslavila ovu bogatu vinogradarsku oblast. Svakog septembra grad je doma\u0107in <strong>&#8220;Smederevske jeseni&#8221;<\/strong>, jedne od najstarijih manifestacija u Srbiji koje se organizuju u slavu gro\u017e\u0111a, berbe i vina.<\/p>\n<p>Tokom letnjih meseci obavezno posetite Tvr\u0111avu gde se na Donjem gradu odr\u017eava <strong>&#8220;Tvr\u0111ava teatar&#8221;<\/strong>, me\u0111unarodni pozori\u0161ni festival pod otvorenim nebom.<\/p>\n<p>Tako\u0111e ne smete propustiti priliku da istra\u017eite samu Tvr\u0111avu i otkrijete za\u0161to su o njoj ispri\u010dane brojne legende o skrivenom blagu i &#8220;prokletoj&#8221; despotici Jerini.<\/p>\n<p>Nakon obilaska Tvr\u0111ave posetite i <strong>hram Svetog Georgija<\/strong> u samom centru <a title=\"Smederevo, grad sa du\u0161om u tvr\u0111avi\" href=\"http:\/\/www.serbia.com\/srpski\/posetite-srbiju\/gradovi\/smederevo-grad-sa-dusom-u-tvrdavi\/\" target=\"_blank\" rel=\"noopener\"><strong>Smedereva<\/strong><\/a>, jednu od najlep\u0161ih i najprostranijih crkava u Srbiji.<\/p>\n<p>Ukoliko ste &#8220;gladni&#8221; arheolo\u0161kih otkri\u0107a, posetite arheolo\u0161ko nalazi\u0161te Belo brdo u <a title=\"Vin\u010da, kolevka evropske civilizacije\" href=\"http:\/\/www.serbia.com\/srpski\/posetite-srbiju\/kulturne-atrakcije\/arheoloska-nalazista\/vinca-kolevka-evropske-civilizacije\/\" target=\"_blank\" rel=\"noopener\"><strong>Vin\u010di<\/strong><\/a> &#8211; kolevci evropske civilizacije. Vin\u010da se nalazi na svega sat vremena od Smedereva.<\/p>\n","protected":false},"excerpt":{"rendered":"<p>Smederevska tvr\u0111ava gra\u0111ena je tolikom brzinom da su njeni graditelji umirali od iznemoglosti, a narod je krivca za tragedije prona\u0161ao u despotici Jerini (Irina Kantakuzin) i nazvao je &#8220;prokleta&#8221; Smederevska [&hellip;]<\/p>\n","protected":false},"author":27,"featured_media":30128,"parent":20456,"menu_order":0,"comment_status":"closed","ping_status":"closed","template":"","meta":{"_acf_changed":false,"inline_featured_image":false,"_monsterinsights_skip_tracking":false,"_monsterinsights_sitenote_active":false,"_monsterinsights_sitenote_note":"","_monsterinsights_sitenote_category":0,"footnotes":""},"categories":[1666],"tags":[],"class_list":["post-31958","page","type-page","status-publish","has-post-thumbnail","hentry","category-dvorci-tvrdjave"],"acf":[],"yoast_head":"<!-- This site is optimized with the Yoast SEO plugin v27.4 - https:\/\/yoast.com\/product\/yoast-seo-wordpress\/ -->\n<title>Smederevska tvr\u0111ava, grad proklete Jerine - Serbia.com<\/title>\n<meta name=\"robots\" content=\"index, follow, max-snippet:-1, max-image-preview:large, max-video-preview:-1\" \/>\n<link rel=\"canonical\" href=\"https:\/\/serbia.com\/srpski\/posetite-srbiju\/kulturne-atrakcije\/dvorci-i-tvrdave\/smederevska-tvrdava-grad-proklete-jerine\/\" \/>\n<meta property=\"og:locale\" content=\"en_US\" \/>\n<meta property=\"og:type\" content=\"article\" \/>\n<meta property=\"og:title\" content=\"Smederevska tvr\u0111ava, grad proklete Jerine - Serbia.com\" \/>\n<meta property=\"og:description\" content=\"Smederevska tvr\u0111ava gra\u0111ena je tolikom brzinom da su njeni graditelji umirali od iznemoglosti, a narod je krivca za tragedije prona\u0161ao u despotici Jerini (Irina Kantakuzin) i nazvao je &#8220;prokleta&#8221; Smederevska [&hellip;]\" \/>\n<meta property=\"og:url\" content=\"https:\/\/serbia.com\/srpski\/posetite-srbiju\/kulturne-atrakcije\/dvorci-i-tvrdave\/smederevska-tvrdava-grad-proklete-jerine\/\" \/>\n<meta property=\"og:site_name\" content=\"Serbia.com\" \/>\n<meta property=\"article:modified_time\" content=\"2024-10-20T11:29:02+00:00\" \/>\n<meta property=\"og:image\" content=\"https:\/\/serbia.com\/wp-content\/uploads\/2015\/03\/Smederevska-tvrdjavaserbiaa.jpg\" \/>\n\t<meta property=\"og:image:width\" content=\"1603\" \/>\n\t<meta property=\"og:image:height\" content=\"827\" \/>\n\t<meta property=\"og:image:type\" content=\"image\/jpeg\" \/>\n<meta name=\"twitter:label1\" content=\"Est. reading time\" \/>\n\t<meta name=\"twitter:data1\" content=\"5 minutes\" \/>\n<script type=\"application\/ld+json\" class=\"yoast-schema-graph\">{\"@context\":\"https:\\\/\\\/schema.org\",\"@graph\":[{\"@type\":\"WebPage\",\"@id\":\"https:\\\/\\\/serbia.com\\\/srpski\\\/posetite-srbiju\\\/kulturne-atrakcije\\\/dvorci-i-tvrdave\\\/smederevska-tvrdava-grad-proklete-jerine\\\/\",\"url\":\"https:\\\/\\\/serbia.com\\\/srpski\\\/posetite-srbiju\\\/kulturne-atrakcije\\\/dvorci-i-tvrdave\\\/smederevska-tvrdava-grad-proklete-jerine\\\/\",\"name\":\"Smederevska tvr\u0111ava, grad proklete Jerine - Serbia.com\",\"isPartOf\":{\"@id\":\"https:\\\/\\\/serbia.com\\\/#website\"},\"primaryImageOfPage\":{\"@id\":\"https:\\\/\\\/serbia.com\\\/srpski\\\/posetite-srbiju\\\/kulturne-atrakcije\\\/dvorci-i-tvrdave\\\/smederevska-tvrdava-grad-proklete-jerine\\\/#primaryimage\"},\"image\":{\"@id\":\"https:\\\/\\\/serbia.com\\\/srpski\\\/posetite-srbiju\\\/kulturne-atrakcije\\\/dvorci-i-tvrdave\\\/smederevska-tvrdava-grad-proklete-jerine\\\/#primaryimage\"},\"thumbnailUrl\":\"https:\\\/\\\/serbia.com\\\/wp-content\\\/uploads\\\/2015\\\/03\\\/Smederevska-tvrdjavaserbiaa.jpg\",\"datePublished\":\"2015-05-13T14:45:48+00:00\",\"dateModified\":\"2024-10-20T11:29:02+00:00\",\"breadcrumb\":{\"@id\":\"https:\\\/\\\/serbia.com\\\/srpski\\\/posetite-srbiju\\\/kulturne-atrakcije\\\/dvorci-i-tvrdave\\\/smederevska-tvrdava-grad-proklete-jerine\\\/#breadcrumb\"},\"inLanguage\":\"srpski\",\"potentialAction\":[{\"@type\":\"ReadAction\",\"target\":[\"https:\\\/\\\/serbia.com\\\/srpski\\\/posetite-srbiju\\\/kulturne-atrakcije\\\/dvorci-i-tvrdave\\\/smederevska-tvrdava-grad-proklete-jerine\\\/\"]}]},{\"@type\":\"ImageObject\",\"inLanguage\":\"srpski\",\"@id\":\"https:\\\/\\\/serbia.com\\\/srpski\\\/posetite-srbiju\\\/kulturne-atrakcije\\\/dvorci-i-tvrdave\\\/smederevska-tvrdava-grad-proklete-jerine\\\/#primaryimage\",\"url\":\"https:\\\/\\\/serbia.com\\\/wp-content\\\/uploads\\\/2015\\\/03\\\/Smederevska-tvrdjavaserbiaa.jpg\",\"contentUrl\":\"https:\\\/\\\/serbia.com\\\/wp-content\\\/uploads\\\/2015\\\/03\\\/Smederevska-tvrdjavaserbiaa.jpg\",\"width\":1603,\"height\":827},{\"@type\":\"BreadcrumbList\",\"@id\":\"https:\\\/\\\/serbia.com\\\/srpski\\\/posetite-srbiju\\\/kulturne-atrakcije\\\/dvorci-i-tvrdave\\\/smederevska-tvrdava-grad-proklete-jerine\\\/#breadcrumb\",\"itemListElement\":[{\"@type\":\"ListItem\",\"position\":1,\"name\":\"Home\",\"item\":\"https:\\\/\\\/serbia.com\\\/srpski\\\/srbija\\\/\"},{\"@type\":\"ListItem\",\"position\":2,\"name\":\"Poseti Srbiju\",\"item\":\"https:\\\/\\\/serbia.com\\\/srpski\\\/posetite-srbiju\\\/\"},{\"@type\":\"ListItem\",\"position\":3,\"name\":\"Kulturne atrakcije\",\"item\":\"https:\\\/\\\/serbia.com\\\/srpski\\\/posetite-srbiju\\\/kulturne-atrakcije\\\/\"},{\"@type\":\"ListItem\",\"position\":4,\"name\":\"Dvorci i tvr\u0111ave\",\"item\":\"https:\\\/\\\/serbia.com\\\/srpski\\\/posetite-srbiju\\\/kulturne-atrakcije\\\/dvorci-i-tvrdave\\\/\"},{\"@type\":\"ListItem\",\"position\":5,\"name\":\"Smederevska tvr\u0111ava, grad proklete Jerine\"}]},{\"@type\":\"WebSite\",\"@id\":\"https:\\\/\\\/serbia.com\\\/#website\",\"url\":\"https:\\\/\\\/serbia.com\\\/\",\"name\":\"Serbia.com\",\"description\":\"Your Gateway to Serbia\",\"potentialAction\":[{\"@type\":\"SearchAction\",\"target\":{\"@type\":\"EntryPoint\",\"urlTemplate\":\"https:\\\/\\\/serbia.com\\\/?s={search_term_string}\"},\"query-input\":{\"@type\":\"PropertyValueSpecification\",\"valueRequired\":true,\"valueName\":\"search_term_string\"}}],\"inLanguage\":\"srpski\"}]}<\/script>\n<!-- \/ Yoast SEO plugin. -->","yoast_head_json":{"title":"Smederevska tvr\u0111ava, grad proklete Jerine - Serbia.com","robots":{"index":"index","follow":"follow","max-snippet":"max-snippet:-1","max-image-preview":"max-image-preview:large","max-video-preview":"max-video-preview:-1"},"canonical":"https:\/\/serbia.com\/srpski\/posetite-srbiju\/kulturne-atrakcije\/dvorci-i-tvrdave\/smederevska-tvrdava-grad-proklete-jerine\/","og_locale":"en_US","og_type":"article","og_title":"Smederevska tvr\u0111ava, grad proklete Jerine - Serbia.com","og_description":"Smederevska tvr\u0111ava gra\u0111ena je tolikom brzinom da su njeni graditelji umirali od iznemoglosti, a narod je krivca za tragedije prona\u0161ao u despotici Jerini (Irina Kantakuzin) i nazvao je &#8220;prokleta&#8221; Smederevska [&hellip;]","og_url":"https:\/\/serbia.com\/srpski\/posetite-srbiju\/kulturne-atrakcije\/dvorci-i-tvrdave\/smederevska-tvrdava-grad-proklete-jerine\/","og_site_name":"Serbia.com","article_modified_time":"2024-10-20T11:29:02+00:00","og_image":[{"width":1603,"height":827,"url":"https:\/\/serbia.com\/wp-content\/uploads\/2015\/03\/Smederevska-tvrdjavaserbiaa.jpg","type":"image\/jpeg"}],"twitter_misc":{"Est. reading time":"5 minutes"},"schema":{"@context":"https:\/\/schema.org","@graph":[{"@type":"WebPage","@id":"https:\/\/serbia.com\/srpski\/posetite-srbiju\/kulturne-atrakcije\/dvorci-i-tvrdave\/smederevska-tvrdava-grad-proklete-jerine\/","url":"https:\/\/serbia.com\/srpski\/posetite-srbiju\/kulturne-atrakcije\/dvorci-i-tvrdave\/smederevska-tvrdava-grad-proklete-jerine\/","name":"Smederevska tvr\u0111ava, grad proklete Jerine - Serbia.com","isPartOf":{"@id":"https:\/\/serbia.com\/#website"},"primaryImageOfPage":{"@id":"https:\/\/serbia.com\/srpski\/posetite-srbiju\/kulturne-atrakcije\/dvorci-i-tvrdave\/smederevska-tvrdava-grad-proklete-jerine\/#primaryimage"},"image":{"@id":"https:\/\/serbia.com\/srpski\/posetite-srbiju\/kulturne-atrakcije\/dvorci-i-tvrdave\/smederevska-tvrdava-grad-proklete-jerine\/#primaryimage"},"thumbnailUrl":"https:\/\/serbia.com\/wp-content\/uploads\/2015\/03\/Smederevska-tvrdjavaserbiaa.jpg","datePublished":"2015-05-13T14:45:48+00:00","dateModified":"2024-10-20T11:29:02+00:00","breadcrumb":{"@id":"https:\/\/serbia.com\/srpski\/posetite-srbiju\/kulturne-atrakcije\/dvorci-i-tvrdave\/smederevska-tvrdava-grad-proklete-jerine\/#breadcrumb"},"inLanguage":"srpski","potentialAction":[{"@type":"ReadAction","target":["https:\/\/serbia.com\/srpski\/posetite-srbiju\/kulturne-atrakcije\/dvorci-i-tvrdave\/smederevska-tvrdava-grad-proklete-jerine\/"]}]},{"@type":"ImageObject","inLanguage":"srpski","@id":"https:\/\/serbia.com\/srpski\/posetite-srbiju\/kulturne-atrakcije\/dvorci-i-tvrdave\/smederevska-tvrdava-grad-proklete-jerine\/#primaryimage","url":"https:\/\/serbia.com\/wp-content\/uploads\/2015\/03\/Smederevska-tvrdjavaserbiaa.jpg","contentUrl":"https:\/\/serbia.com\/wp-content\/uploads\/2015\/03\/Smederevska-tvrdjavaserbiaa.jpg","width":1603,"height":827},{"@type":"BreadcrumbList","@id":"https:\/\/serbia.com\/srpski\/posetite-srbiju\/kulturne-atrakcije\/dvorci-i-tvrdave\/smederevska-tvrdava-grad-proklete-jerine\/#breadcrumb","itemListElement":[{"@type":"ListItem","position":1,"name":"Home","item":"https:\/\/serbia.com\/srpski\/srbija\/"},{"@type":"ListItem","position":2,"name":"Poseti Srbiju","item":"https:\/\/serbia.com\/srpski\/posetite-srbiju\/"},{"@type":"ListItem","position":3,"name":"Kulturne atrakcije","item":"https:\/\/serbia.com\/srpski\/posetite-srbiju\/kulturne-atrakcije\/"},{"@type":"ListItem","position":4,"name":"Dvorci i tvr\u0111ave","item":"https:\/\/serbia.com\/srpski\/posetite-srbiju\/kulturne-atrakcije\/dvorci-i-tvrdave\/"},{"@type":"ListItem","position":5,"name":"Smederevska tvr\u0111ava, grad proklete Jerine"}]},{"@type":"WebSite","@id":"https:\/\/serbia.com\/#website","url":"https:\/\/serbia.com\/","name":"Serbia.com","description":"Your Gateway to Serbia","potentialAction":[{"@type":"SearchAction","target":{"@type":"EntryPoint","urlTemplate":"https:\/\/serbia.com\/?s={search_term_string}"},"query-input":{"@type":"PropertyValueSpecification","valueRequired":true,"valueName":"search_term_string"}}],"inLanguage":"srpski"}]}},"brizy_media":[],"_links":{"self":[{"href":"https:\/\/serbia.com\/srpski\/wp-json\/wp\/v2\/pages\/31958","targetHints":{"allow":["GET"]}}],"collection":[{"href":"https:\/\/serbia.com\/srpski\/wp-json\/wp\/v2\/pages"}],"about":[{"href":"https:\/\/serbia.com\/srpski\/wp-json\/wp\/v2\/types\/page"}],"author":[{"embeddable":true,"href":"https:\/\/serbia.com\/srpski\/wp-json\/wp\/v2\/users\/27"}],"replies":[{"embeddable":true,"href":"https:\/\/serbia.com\/srpski\/wp-json\/wp\/v2\/comments?post=31958"}],"version-history":[{"count":2,"href":"https:\/\/serbia.com\/srpski\/wp-json\/wp\/v2\/pages\/31958\/revisions"}],"predecessor-version":[{"id":55672,"href":"https:\/\/serbia.com\/srpski\/wp-json\/wp\/v2\/pages\/31958\/revisions\/55672"}],"up":[{"embeddable":true,"href":"https:\/\/serbia.com\/srpski\/wp-json\/wp\/v2\/pages\/20456"}],"wp:featuredmedia":[{"embeddable":true,"href":"https:\/\/serbia.com\/srpski\/wp-json\/wp\/v2\/media\/30128"}],"wp:attachment":[{"href":"https:\/\/serbia.com\/srpski\/wp-json\/wp\/v2\/media?parent=31958"}],"wp:term":[{"taxonomy":"category","embeddable":true,"href":"https:\/\/serbia.com\/srpski\/wp-json\/wp\/v2\/categories?post=31958"},{"taxonomy":"post_tag","embeddable":true,"href":"https:\/\/serbia.com\/srpski\/wp-json\/wp\/v2\/tags?post=31958"}],"curies":[{"name":"wp","href":"https:\/\/api.w.org\/{rel}","templated":true}]}}