{"id":31939,"date":"2015-05-13T16:06:42","date_gmt":"2015-05-13T14:06:42","guid":{"rendered":"http:\/\/www.serbia.com\/?page_id=31939"},"modified":"2024-10-20T13:27:39","modified_gmt":"2024-10-20T11:27:39","slug":"beogradska-tvrdava-put-stopama-istorije","status":"publish","type":"page","link":"https:\/\/serbia.com\/srpski\/posetite-srbiju\/kulturne-atrakcije\/dvorci-i-tvrdave\/beogradska-tvrdava-put-stopama-istorije\/","title":{"rendered":"Beogradska tvr\u0111ava: Put stopama istorije"},"content":{"rendered":"<h4>Beogradska tvr\u0111ava, gra\u0111ena na belom grebenu iznad u\u0161\u0107a dve velike reke, vi\u0161e puta ru\u0161ena i ponovo podizana tokom 16 vekova, danas je\u00a0za\u0161titni znak glavnog grada Srbije<\/h4>\n<p>Ako ste nekada bili u glavnom gradu Srbije, onda znate da je njegov simbol velelepna <strong>Beogradska tvr\u0111ava koja se uzdi\u017ee na belom grebenu iznad u\u0161\u0107a <a title=\"Reka Sava, ispomo\u0107 Zevsu\" href=\"http:\/\/www.serbia.com\/srpski\/posetite-srbiju\/prirodne-lepote\/reke-i-jezera\/reka-sava-ispomoc-zevsu\/\" target=\"_blank\" rel=\"noopener\">Save<\/a> u <a title=\"Dunav, mesto spajanja i razdvajanja\" href=\"http:\/\/www.serbia.com\/srpski\/posetite-srbiju\/prirodne-lepote\/reke-i-jezera\/dunav-mesto-spajanja-i-razdvajanja\/\" target=\"_blank\" rel=\"noopener\">Dunav<\/a><\/strong> i kao da se i dalje nadvija nad gradom i \u0161titi ga.<\/p>\n<p>Ako niste bili, morate posetiti srpsku prestonicu i oti\u0107i u obilazak <strong>Gornjeg i Donjeg grada<\/strong> beogradske tvr\u0111ave i pro\u0161etati Kalemegdanom da u senci visokih kula, starih vekovima, osetite duh istorije koji i dalje \u017eivi na ovom mestu. Kako nadgleda reke i \u010duva obale, tu \u0107ete zate\u0107i i <strong>&#8220;<a href=\"http:\/\/www.serbia.com\/srpski\/beogradski-pobednik-od-terazija-do-kalemegdana\/\" target=\"_blank\" rel=\"noopener\">Pobednika<\/a>&#8221; &#8211; spomenik &#8220;pobede nad vremenom&#8221;<\/strong>.<\/p>\n<figure id=\"attachment_31925\" aria-describedby=\"caption-attachment-31925\" style=\"width: 298px\" class=\"wp-caption alignleft\"><img loading=\"lazy\" decoding=\"async\" class=\"wp-image-31925\" src=\"http:\/\/www.serbia.com\/wp-content\/uploads\/2015\/05\/kalemegdan_10708913.jpg\" alt=\"kalemegdan_10708913\" width=\"298\" height=\"449\" srcset=\"https:\/\/serbia.com\/wp-content\/uploads\/2015\/05\/kalemegdan_10708913.jpg 425w, https:\/\/serbia.com\/wp-content\/uploads\/2015\/05\/kalemegdan_10708913-199x300.jpg 199w\" sizes=\"auto, (max-width: 298px) 100vw, 298px\" \/><figcaption id=\"caption-attachment-31925\" class=\"wp-caption-text\">Gornji grad Beogradske tvr\u0111ave<\/figcaption><\/figure>\n<p><strong>Beogradska tvr\u0111ava gra\u0111ena je u dugom rasponu izme\u0111u 2. i 18. veka<\/strong>. Mnogo je puta ru\u0161ena i ponovo gra\u0111ena i postala je simbol grada koji se uvek iznova podi\u017ee i stvara.<\/p>\n<p>Znati istoriju Beogradske tvr\u0111ave zna\u010di znati dobar deo svega onoga \u0161to se de\u0161avalo na ovim prostorima i razumeti na\u010din \u017eivota kojim i savremeni <a href=\"http:\/\/www.serbia.com\/srpski\/posetite-srbiju\/gradovi\/beograd\/\" target=\"_blank\" rel=\"noopener\">Beograd<\/a> \u017eivi. Sve vojske, narodi i osvaja\u010di koji su prolazili ovim prostorima, ostavljali su svog traga, pa se Beogradska tvr\u0111ava mo\u017ee di\u010diti nekolicinom slojeva koje koji su podigli: Rimljani, Srbi, Turci, Austrougari.<\/p>\n<p>Prvo utvr\u0111enje na ovom prostoru podigli su Rimljani u 2. veku i bilo je stalno sedi\u0161te IV Flavijeve legije. Ru\u0161ili su ga Goti, Huni, Avari i Sloveni. Negde u tim previranjima, pored njega je nastao anti\u010dki grad Singidunim, podignut na istom belom grebenu, po kome je i dobio slovenski naziv: &#8220;BEO-grad&#8221;.<\/p>\n<figure id=\"attachment_31927\" aria-describedby=\"caption-attachment-31927\" style=\"width: 448px\" class=\"wp-caption alignright\"><img loading=\"lazy\" decoding=\"async\" class=\"wp-image-31927\" src=\"http:\/\/www.serbia.com\/wp-content\/uploads\/2015\/05\/megdan.jpg\" alt=\"megdan\" width=\"448\" height=\"299\" srcset=\"https:\/\/serbia.com\/wp-content\/uploads\/2015\/05\/megdan.jpg 640w, https:\/\/serbia.com\/wp-content\/uploads\/2015\/05\/megdan-300x200.jpg 300w\" sizes=\"auto, (max-width: 448px) 100vw, 448px\" \/><figcaption id=\"caption-attachment-31927\" class=\"wp-caption-text\">Kapela svete Petke<\/figcaption><\/figure>\n<p>Dana\u0161nja Beogradska tvr\u0111ava obuhvata Gornji i Donji grad i polje ispred same tvr\u0111ave koje su Turci nazvali &#8220;Kalemegdan&#8221;, spojiv\u0161i re\u010d <strong>&#8220;kale&#8221;<\/strong>, \u0161to zna\u010di grad, tvr\u0111ava i <strong>&#8220;megdan&#8221;<\/strong> &#8211; tursku re\u010d za polje. Danas, najlep\u0161i i najve\u0107i park srpske prestonice, nekada je bio polje na kome je sa\u010dekivan neprijatelj.<\/p>\n<p>Zna\u010daj i lepotu ovog mesta mo\u017eete shvatiti tek kada jednom do\u0111ete ovde. U svakom koraku koji na\u010dinite Beogradskom tvr\u0111avom ima vi\u0161e istorije nego \u0161to u bilo kojoj knjizi mo\u017ee da pi\u0161e. Veliki broj pri\u010da vezuje se za takozvani<strong> &#8220;Rimski bunar&#8221;\u00a0<\/strong>koji je zapravo izgra\u0111en u prvoj polovini 18. veka. O\u010duvana je ve\u0107ina kapija koje su vodile u grad, kao i Sahat kula koja je do danas odr\u017eala sva autenti\u010dna arhitektonska i stilska obele\u017eja.<\/p>\n<p>Jedan od retkih sa\u010duvanih spomenika islamske arhitekture u Beogradu je <strong>Damad Ali-pa\u0161ino turbe<\/strong> na Donjem gradu, a tu se nalazi i <strong>Veliki barutni magacin<\/strong> i <strong>amam<\/strong> &#8211; staro tursko kupatilo. Oni koji vole istoriju ratovanja i oru\u017eja treba da posete <strong>Vojni muzej<\/strong> u Donjem gradu i <strong>Kulu Neboj\u0161a<\/strong> \u2013 srednjovekovnu topovsku kulu koju su turski osvaja\u010di pretvorili u tamnicu.<\/p>\n<p>Pogled na grad dok krstarite Dunavom i Savom ostavlja nezaboravan utisak. Tada \u0107ete na tvr\u0111avi videti i gorostasnu priliku &#8220;Pobednika&#8221; kako se uzdi\u017ee nad zidinama grada kao simbol Beograda i \u201epobede\u201d nad vremenom. Bronzana skulptura nagog mu\u0161karca sa golubom i ma\u010dem, rad vajara <strong>Ivana Me\u0161trovi\u0107a<\/strong>, podignuta je u \u010dast desetogodi\u0161njice <a title=\"Prodor koji je odlu\u010dio Prvi svetski rat\" href=\"http:\/\/www.serbia.com\/srpski\/prodor-koji-je-odlucio-i-svetski-rat\/\">proboja Solunskog fronta<\/a>.<\/p>\n<p>Beogradska tvr\u0111ava i danas stoji odolevaju\u0107i vremenu, jo\u0161 uvek kriju\u0107i mnoge tajne. Ona vas poziva da do\u0111ete, otkrijete bar deo njih i vidite za\u0161to su vidici Kalemegdana zaista ve\u010dni.<\/p>\n","protected":false},"excerpt":{"rendered":"<p>Beogradska tvr\u0111ava, gra\u0111ena na belom grebenu iznad u\u0161\u0107a dve velike reke, vi\u0161e puta ru\u0161ena i ponovo podizana tokom 16 vekova, danas je\u00a0za\u0161titni znak glavnog grada Srbije Ako ste nekada bili [&hellip;]<\/p>\n","protected":false},"author":27,"featured_media":51825,"parent":20456,"menu_order":0,"comment_status":"closed","ping_status":"closed","template":"","meta":{"_acf_changed":false,"inline_featured_image":false,"_monsterinsights_skip_tracking":false,"_monsterinsights_sitenote_active":false,"_monsterinsights_sitenote_note":"","_monsterinsights_sitenote_category":0,"footnotes":""},"categories":[1666],"tags":[],"class_list":["post-31939","page","type-page","status-publish","has-post-thumbnail","hentry","category-dvorci-tvrdjave"],"acf":[],"yoast_head":"<!-- This site is optimized with the Yoast SEO plugin v27.4 - https:\/\/yoast.com\/product\/yoast-seo-wordpress\/ -->\n<title>Beogradska tvr\u0111ava: Put stopama istorije - Serbia.com<\/title>\n<meta name=\"robots\" content=\"index, follow, max-snippet:-1, max-image-preview:large, max-video-preview:-1\" \/>\n<link rel=\"canonical\" href=\"https:\/\/serbia.com\/srpski\/posetite-srbiju\/kulturne-atrakcije\/dvorci-i-tvrdave\/beogradska-tvrdava-put-stopama-istorije\/\" \/>\n<meta property=\"og:locale\" content=\"en_US\" \/>\n<meta property=\"og:type\" content=\"article\" \/>\n<meta property=\"og:title\" content=\"Beogradska tvr\u0111ava: Put stopama istorije - Serbia.com\" \/>\n<meta property=\"og:description\" content=\"Beogradska tvr\u0111ava, gra\u0111ena na belom grebenu iznad u\u0161\u0107a dve velike reke, vi\u0161e puta ru\u0161ena i ponovo podizana tokom 16 vekova, danas je\u00a0za\u0161titni znak glavnog grada Srbije Ako ste nekada bili [&hellip;]\" \/>\n<meta property=\"og:url\" content=\"https:\/\/serbia.com\/srpski\/posetite-srbiju\/kulturne-atrakcije\/dvorci-i-tvrdave\/beogradska-tvrdava-put-stopama-istorije\/\" \/>\n<meta property=\"og:site_name\" content=\"Serbia.com\" \/>\n<meta property=\"article:modified_time\" content=\"2024-10-20T11:27:39+00:00\" \/>\n<meta property=\"og:image\" content=\"https:\/\/serbia.com\/wp-content\/uploads\/2016\/07\/Kalemegdan-2.jpg\" \/>\n\t<meta property=\"og:image:width\" content=\"1700\" \/>\n\t<meta property=\"og:image:height\" content=\"1133\" \/>\n\t<meta property=\"og:image:type\" content=\"image\/jpeg\" \/>\n<meta name=\"twitter:label1\" content=\"Est. reading time\" \/>\n\t<meta name=\"twitter:data1\" content=\"3 minutes\" \/>\n<script type=\"application\/ld+json\" class=\"yoast-schema-graph\">{\"@context\":\"https:\\\/\\\/schema.org\",\"@graph\":[{\"@type\":\"WebPage\",\"@id\":\"https:\\\/\\\/serbia.com\\\/srpski\\\/posetite-srbiju\\\/kulturne-atrakcije\\\/dvorci-i-tvrdave\\\/beogradska-tvrdava-put-stopama-istorije\\\/\",\"url\":\"https:\\\/\\\/serbia.com\\\/srpski\\\/posetite-srbiju\\\/kulturne-atrakcije\\\/dvorci-i-tvrdave\\\/beogradska-tvrdava-put-stopama-istorije\\\/\",\"name\":\"Beogradska tvr\u0111ava: Put stopama istorije - Serbia.com\",\"isPartOf\":{\"@id\":\"https:\\\/\\\/serbia.com\\\/#website\"},\"primaryImageOfPage\":{\"@id\":\"https:\\\/\\\/serbia.com\\\/srpski\\\/posetite-srbiju\\\/kulturne-atrakcije\\\/dvorci-i-tvrdave\\\/beogradska-tvrdava-put-stopama-istorije\\\/#primaryimage\"},\"image\":{\"@id\":\"https:\\\/\\\/serbia.com\\\/srpski\\\/posetite-srbiju\\\/kulturne-atrakcije\\\/dvorci-i-tvrdave\\\/beogradska-tvrdava-put-stopama-istorije\\\/#primaryimage\"},\"thumbnailUrl\":\"https:\\\/\\\/serbia.com\\\/wp-content\\\/uploads\\\/2016\\\/07\\\/Kalemegdan-2.jpg\",\"datePublished\":\"2015-05-13T14:06:42+00:00\",\"dateModified\":\"2024-10-20T11:27:39+00:00\",\"breadcrumb\":{\"@id\":\"https:\\\/\\\/serbia.com\\\/srpski\\\/posetite-srbiju\\\/kulturne-atrakcije\\\/dvorci-i-tvrdave\\\/beogradska-tvrdava-put-stopama-istorije\\\/#breadcrumb\"},\"inLanguage\":\"srpski\",\"potentialAction\":[{\"@type\":\"ReadAction\",\"target\":[\"https:\\\/\\\/serbia.com\\\/srpski\\\/posetite-srbiju\\\/kulturne-atrakcije\\\/dvorci-i-tvrdave\\\/beogradska-tvrdava-put-stopama-istorije\\\/\"]}]},{\"@type\":\"ImageObject\",\"inLanguage\":\"srpski\",\"@id\":\"https:\\\/\\\/serbia.com\\\/srpski\\\/posetite-srbiju\\\/kulturne-atrakcije\\\/dvorci-i-tvrdave\\\/beogradska-tvrdava-put-stopama-istorije\\\/#primaryimage\",\"url\":\"https:\\\/\\\/serbia.com\\\/wp-content\\\/uploads\\\/2016\\\/07\\\/Kalemegdan-2.jpg\",\"contentUrl\":\"https:\\\/\\\/serbia.com\\\/wp-content\\\/uploads\\\/2016\\\/07\\\/Kalemegdan-2.jpg\",\"width\":1700,\"height\":1133},{\"@type\":\"BreadcrumbList\",\"@id\":\"https:\\\/\\\/serbia.com\\\/srpski\\\/posetite-srbiju\\\/kulturne-atrakcije\\\/dvorci-i-tvrdave\\\/beogradska-tvrdava-put-stopama-istorije\\\/#breadcrumb\",\"itemListElement\":[{\"@type\":\"ListItem\",\"position\":1,\"name\":\"Home\",\"item\":\"https:\\\/\\\/serbia.com\\\/srpski\\\/srbija\\\/\"},{\"@type\":\"ListItem\",\"position\":2,\"name\":\"Poseti Srbiju\",\"item\":\"https:\\\/\\\/serbia.com\\\/srpski\\\/posetite-srbiju\\\/\"},{\"@type\":\"ListItem\",\"position\":3,\"name\":\"Kulturne atrakcije\",\"item\":\"https:\\\/\\\/serbia.com\\\/srpski\\\/posetite-srbiju\\\/kulturne-atrakcije\\\/\"},{\"@type\":\"ListItem\",\"position\":4,\"name\":\"Dvorci i tvr\u0111ave\",\"item\":\"https:\\\/\\\/serbia.com\\\/srpski\\\/posetite-srbiju\\\/kulturne-atrakcije\\\/dvorci-i-tvrdave\\\/\"},{\"@type\":\"ListItem\",\"position\":5,\"name\":\"Beogradska tvr\u0111ava: Put stopama istorije\"}]},{\"@type\":\"WebSite\",\"@id\":\"https:\\\/\\\/serbia.com\\\/#website\",\"url\":\"https:\\\/\\\/serbia.com\\\/\",\"name\":\"Serbia.com\",\"description\":\"Your Gateway to Serbia\",\"potentialAction\":[{\"@type\":\"SearchAction\",\"target\":{\"@type\":\"EntryPoint\",\"urlTemplate\":\"https:\\\/\\\/serbia.com\\\/?s={search_term_string}\"},\"query-input\":{\"@type\":\"PropertyValueSpecification\",\"valueRequired\":true,\"valueName\":\"search_term_string\"}}],\"inLanguage\":\"srpski\"}]}<\/script>\n<!-- \/ Yoast SEO plugin. -->","yoast_head_json":{"title":"Beogradska tvr\u0111ava: Put stopama istorije - Serbia.com","robots":{"index":"index","follow":"follow","max-snippet":"max-snippet:-1","max-image-preview":"max-image-preview:large","max-video-preview":"max-video-preview:-1"},"canonical":"https:\/\/serbia.com\/srpski\/posetite-srbiju\/kulturne-atrakcije\/dvorci-i-tvrdave\/beogradska-tvrdava-put-stopama-istorije\/","og_locale":"en_US","og_type":"article","og_title":"Beogradska tvr\u0111ava: Put stopama istorije - Serbia.com","og_description":"Beogradska tvr\u0111ava, gra\u0111ena na belom grebenu iznad u\u0161\u0107a dve velike reke, vi\u0161e puta ru\u0161ena i ponovo podizana tokom 16 vekova, danas je\u00a0za\u0161titni znak glavnog grada Srbije Ako ste nekada bili [&hellip;]","og_url":"https:\/\/serbia.com\/srpski\/posetite-srbiju\/kulturne-atrakcije\/dvorci-i-tvrdave\/beogradska-tvrdava-put-stopama-istorije\/","og_site_name":"Serbia.com","article_modified_time":"2024-10-20T11:27:39+00:00","og_image":[{"width":1700,"height":1133,"url":"https:\/\/serbia.com\/wp-content\/uploads\/2016\/07\/Kalemegdan-2.jpg","type":"image\/jpeg"}],"twitter_misc":{"Est. reading time":"3 minutes"},"schema":{"@context":"https:\/\/schema.org","@graph":[{"@type":"WebPage","@id":"https:\/\/serbia.com\/srpski\/posetite-srbiju\/kulturne-atrakcije\/dvorci-i-tvrdave\/beogradska-tvrdava-put-stopama-istorije\/","url":"https:\/\/serbia.com\/srpski\/posetite-srbiju\/kulturne-atrakcije\/dvorci-i-tvrdave\/beogradska-tvrdava-put-stopama-istorije\/","name":"Beogradska tvr\u0111ava: Put stopama istorije - Serbia.com","isPartOf":{"@id":"https:\/\/serbia.com\/#website"},"primaryImageOfPage":{"@id":"https:\/\/serbia.com\/srpski\/posetite-srbiju\/kulturne-atrakcije\/dvorci-i-tvrdave\/beogradska-tvrdava-put-stopama-istorije\/#primaryimage"},"image":{"@id":"https:\/\/serbia.com\/srpski\/posetite-srbiju\/kulturne-atrakcije\/dvorci-i-tvrdave\/beogradska-tvrdava-put-stopama-istorije\/#primaryimage"},"thumbnailUrl":"https:\/\/serbia.com\/wp-content\/uploads\/2016\/07\/Kalemegdan-2.jpg","datePublished":"2015-05-13T14:06:42+00:00","dateModified":"2024-10-20T11:27:39+00:00","breadcrumb":{"@id":"https:\/\/serbia.com\/srpski\/posetite-srbiju\/kulturne-atrakcije\/dvorci-i-tvrdave\/beogradska-tvrdava-put-stopama-istorije\/#breadcrumb"},"inLanguage":"srpski","potentialAction":[{"@type":"ReadAction","target":["https:\/\/serbia.com\/srpski\/posetite-srbiju\/kulturne-atrakcije\/dvorci-i-tvrdave\/beogradska-tvrdava-put-stopama-istorije\/"]}]},{"@type":"ImageObject","inLanguage":"srpski","@id":"https:\/\/serbia.com\/srpski\/posetite-srbiju\/kulturne-atrakcije\/dvorci-i-tvrdave\/beogradska-tvrdava-put-stopama-istorije\/#primaryimage","url":"https:\/\/serbia.com\/wp-content\/uploads\/2016\/07\/Kalemegdan-2.jpg","contentUrl":"https:\/\/serbia.com\/wp-content\/uploads\/2016\/07\/Kalemegdan-2.jpg","width":1700,"height":1133},{"@type":"BreadcrumbList","@id":"https:\/\/serbia.com\/srpski\/posetite-srbiju\/kulturne-atrakcije\/dvorci-i-tvrdave\/beogradska-tvrdava-put-stopama-istorije\/#breadcrumb","itemListElement":[{"@type":"ListItem","position":1,"name":"Home","item":"https:\/\/serbia.com\/srpski\/srbija\/"},{"@type":"ListItem","position":2,"name":"Poseti Srbiju","item":"https:\/\/serbia.com\/srpski\/posetite-srbiju\/"},{"@type":"ListItem","position":3,"name":"Kulturne atrakcije","item":"https:\/\/serbia.com\/srpski\/posetite-srbiju\/kulturne-atrakcije\/"},{"@type":"ListItem","position":4,"name":"Dvorci i tvr\u0111ave","item":"https:\/\/serbia.com\/srpski\/posetite-srbiju\/kulturne-atrakcije\/dvorci-i-tvrdave\/"},{"@type":"ListItem","position":5,"name":"Beogradska tvr\u0111ava: Put stopama istorije"}]},{"@type":"WebSite","@id":"https:\/\/serbia.com\/#website","url":"https:\/\/serbia.com\/","name":"Serbia.com","description":"Your Gateway to Serbia","potentialAction":[{"@type":"SearchAction","target":{"@type":"EntryPoint","urlTemplate":"https:\/\/serbia.com\/?s={search_term_string}"},"query-input":{"@type":"PropertyValueSpecification","valueRequired":true,"valueName":"search_term_string"}}],"inLanguage":"srpski"}]}},"brizy_media":[],"_links":{"self":[{"href":"https:\/\/serbia.com\/srpski\/wp-json\/wp\/v2\/pages\/31939","targetHints":{"allow":["GET"]}}],"collection":[{"href":"https:\/\/serbia.com\/srpski\/wp-json\/wp\/v2\/pages"}],"about":[{"href":"https:\/\/serbia.com\/srpski\/wp-json\/wp\/v2\/types\/page"}],"author":[{"embeddable":true,"href":"https:\/\/serbia.com\/srpski\/wp-json\/wp\/v2\/users\/27"}],"replies":[{"embeddable":true,"href":"https:\/\/serbia.com\/srpski\/wp-json\/wp\/v2\/comments?post=31939"}],"version-history":[{"count":1,"href":"https:\/\/serbia.com\/srpski\/wp-json\/wp\/v2\/pages\/31939\/revisions"}],"predecessor-version":[{"id":55670,"href":"https:\/\/serbia.com\/srpski\/wp-json\/wp\/v2\/pages\/31939\/revisions\/55670"}],"up":[{"embeddable":true,"href":"https:\/\/serbia.com\/srpski\/wp-json\/wp\/v2\/pages\/20456"}],"wp:featuredmedia":[{"embeddable":true,"href":"https:\/\/serbia.com\/srpski\/wp-json\/wp\/v2\/media\/51825"}],"wp:attachment":[{"href":"https:\/\/serbia.com\/srpski\/wp-json\/wp\/v2\/media?parent=31939"}],"wp:term":[{"taxonomy":"category","embeddable":true,"href":"https:\/\/serbia.com\/srpski\/wp-json\/wp\/v2\/categories?post=31939"},{"taxonomy":"post_tag","embeddable":true,"href":"https:\/\/serbia.com\/srpski\/wp-json\/wp\/v2\/tags?post=31939"}],"curies":[{"name":"wp","href":"https:\/\/api.w.org\/{rel}","templated":true}]}}