{"id":31907,"date":"2015-05-13T14:05:11","date_gmt":"2015-05-13T12:05:11","guid":{"rendered":"http:\/\/www.serbia.com\/?page_id=31907"},"modified":"2024-10-20T13:27:04","modified_gmt":"2024-10-20T11:27:04","slug":"petrovaradinska-tvrdava-gibraltar-na-dunavu","status":"publish","type":"page","link":"https:\/\/serbia.com\/srpski\/posetite-srbiju\/kulturne-atrakcije\/dvorci-i-tvrdave\/petrovaradinska-tvrdava-gibraltar-na-dunavu\/","title":{"rendered":"Petrovaradinska tvr\u0111ava, Gibraltar na Dunavu"},"content":{"rendered":"<h4>Petrovaradinska tvr\u0111ava je bila zna\u010dajno vojno utvr\u0111enje austrijskih vladara, koji su za vreme Napoleonovih osvajanja ba\u0161 u njoj sakrili svoje dragocenosti. Danas je to centar umetnosti, ambijent u kome se odvija Exit festival i zdanje \u010dije tajnovito podzemlje ne prestaje da intrigira svetske istra\u017eiva\u010de.<\/h4>\n<p>Kada su tada\u0161nji evropski plemi\u0107i gradili Petrovaradinsku tvr\u0111avu nisu ni slutili da \u0107e 300 godina kasnije ona biti steci\u0161te ljudi iz celog sveta, ali ne vojnika, ve\u0107 ljubitelja provoda i dobre muzike. Njihovo sna\u017eno vojno utvr\u0111enje pretvorilo se u veselu muzi\u010dku tvr\u0111avu <a title=\"EXIT festival, najbolji u regionu\" href=\"http:\/\/www.serbia.com\/srpski\/posetite-srbiju\/kulturne-atrakcije\/festivali-i-manifestacije\/exit-festival-najbolji-u-regionu\/\" target=\"_blank\" rel=\"noopener\">Exita<\/a>, jednog od najve\u0107ih evropskih muzi\u010dkih festivala, ali i u najve\u0107u umetni\u010dku koloniju u Evropi.<\/p>\n<p>Mo\u0107ni bastion na desnoj obali <a title=\"Dunav, mesto spajanja i razdvajanja\" href=\"http:\/\/www.serbia.com\/srpski\/posetite-srbiju\/prirodne-lepote\/reke-i-jezera\/dunav-mesto-spajanja-i-razdvajanja\/\" target=\"_blank\" rel=\"noopener\">Dunava<\/a>, druga po veli\u010dini tvr\u0111ava u Evropi, promenila je mnoge gospodare. Dana\u0161nji oblik joj je posle 180 godina tokom kojih je bila u rukama Turaka, dao car Svetog rimskog carstva Leopold I iz austrijske dinastije Habzburgovaca, pa stoga i odi\u0161e otmenim stilom Austrije 18. veka. On je 1703. godine zapo\u010deo njenu rekonstrukciju koja je trajala punih 77 godina.<\/p>\n<p>Legenda ka\u017ee da se ime Petrovaradinske tvr\u0111ave sastoji iz tri re\u010di koje zajedno zna\u010de <strong>\u201cgrad na steni \u010dvrst kao vera\u201d<\/strong>, a zbog strate\u0161kog polo\u017eaja i zna\u010daja koji je imala za Habzbur\u0161ku Monarhiju, nazivali su je \u201eGibraltar na Dunavu\u201c. \u010cine je Gornji i Donji grad koji se u svoj svojoj veli\u010dini uzdi\u017eu nad Dunavom i predstavljaju simbol <a title=\"Novi Sad\" href=\"http:\/\/www.serbia.com\/srpski\/posetite-srbiju\/gradovi\/novi-sad\/\" target=\"_blank\" rel=\"noopener\">Novog Sada<\/a>.<\/p>\n<p>Najupe\u010datljiviji deo Petrovaradinske tvr\u0111ave je <strong>Toranj sa satom koji se nalazi na bastionu Ludvig<\/strong>, na kome su kazaljke postavljene neuobi\u010dajeno: mala kazaljka pokazuje minute, a velika sate. Ovaj nesvakida\u0161nji sat je napravljen tako da bi ljudi, a pre svih la\u0111ari, iz velike daljine mogli da vide koliko je sati.<\/p>\n<blockquote><p><em>Petrovaradinski zato\u010denici<\/em><\/p>\n<p><em>Petrovaradin nije bio samo mo\u0107na tvr\u0111ava ve\u0107 i velika tamnica u kojoj su bili zato\u010deni mnogi slavni ljudi. Kara\u0111or\u0111e je posle sloma Prvog srpskog ustanka bio interniran u tvr\u0111avi nekoliko meseci. Osim njega, u njoj je bio zato\u010den i jedan od prvih agitatora i nosilaca socijalisti\u010dkih ideja Vasa Pelagi\u0107, kao i hrvatski knji\u017eevnik Antun Gustav Mato\u0161 uhap\u0161en kao vojni dezerter.<\/em><br \/>\n<em>Kako do\u0107i do Petrovaradinske tvr\u0111ave?<\/em><\/p><\/blockquote>\n<p>Duga kasarna nalazi se u Gornjem gradu i daje prepoznatljiv oblik Petrovaradinskoj tvr\u0111avi. Kasnije je pretvorena u hotel \u201eLeopold\u201c \u010diji enterijer neodoljivo podse\u0107a na austrijske palate, pa je idealno mesto za u\u017eivanje u autenti\u010dnoj atmosferi Petrovaradinske tvr\u0111ave.<\/p>\n<p>Poseban \u0161arm Petrovaradinskoj tvr\u0111avi daje njeno tajnovito <strong>\u010detvorospratno podzemlje izgra\u0111eno 70-tih godina 18. veka, duga\u010dko \u010dak 16 km<\/strong>. Bilo je namenjeno za sme\u0161taj vojnika i oru\u017eja i imalo 12 000 pu\u0161karnica, a bile su predvi\u0111ene i instalacije minskih polja za za\u0161titu od neprijatelja. Danas mnogobrojni istra\u017eiva\u010di prou\u010davaju ovaj lavirint u \u017eelji da rasvetle legende i tajne petrovaradinskog podzemlja.<\/p>\n<p>Pri\u010de o skrivenom blagu Habzburgovaca, o nemani sa Petrovaradinske tvr\u0111ave, enigma malte\u0161kog krsta koji se nalazi na zidu jednog \u201eslepog\u201c hodnika i naga\u0111anje o postojanju tunela ispod Dunava stalne su teme istra\u017eivanja i pisanja. Ekipa emisije \u201eGhost Hunters International\u201c (Lovci na duhove) ameri\u010dkog kanala SyFy kao i Pilgrim Films &amp; Television, snimali su dokumentarne emisije o ovom tajanstvenom podzemlju.<\/p>\n<p>Sa Petrovaradinske tvr\u0111ave mo\u017eete posmatrati zvezde, u <strong>Planetarijumu<\/strong> mo\u017eete \u010duti predavanja iz astronomije, videti postavke <strong>Muzeja Grada Novog Sada<\/strong> ( \u201cPetrovaradinska tvr\u0111ava u pro\u0161losti\u201c i \u201cNovi Sad od 18. do 20. Veka\u201c) u zgradi Topovnja\u010da, obi\u0107i ateljee koji su sme\u0161teni u podrumskim prostorijama Duge kasarne, razgovarati sa umetnicima ove jedinstvene i najve\u0107e umetni\u010dke kolonije ovakve vrste u Evropi, posetiti konji\u010dki klub\u2026<\/p>\n<p>Pored svih ovih zanamenitosti na Tvr\u0111avi, odvojite malo vremena za laganu \u0161etnju, odmor u ba\u0161tama kafi\u0107a i restorana sa pogledom na Dunav, galebove i la\u0111e. Poku\u0161ajte tada da osetite duh davnih vremena u kojima je zvuk cokula slavnih vojskovo\u0111a poput Eugena Savojskog, odzvanjao petrovaradinskom kaldrmom.<\/p>\n<h4>Kako sti\u0107i do Petrovaradinske tvr\u0111ave?<\/h4>\n<p>Tvr\u0111ava se nalazi u Novom Sadu, a do njega mo\u017eete do\u0107i najzna\u010dajnijim putnim pravcima koji se sa sve \u010detiri strane Evrope ukr\u0161taju ovde. To su putni pravci E-75 iz severne i srednje, i E-70 iz zapadne Evrope, koji vode prema jugu i jugoistoku kontinetnta.<\/p>\n<p>Novom Sadu je najbli\u017ei aerodrom Nikola Tesla u <a title=\"Beograd\" href=\"http:\/\/www.serbia.com\/srpski\/posetite-srbiju\/gradovi\/beograd\/\" target=\"_blank\" rel=\"noopener\">Beogradu<\/a>, udaljen 80 km. Od aerodroma do Novog Sada mo\u017eete uzeti kombi prevoz.<\/p>\n<p>Do Novog Sada se mo\u017ee do\u0107i i autobusom i \u017eeleznicom. Autobusi iz svih delova Srbije i mnogih evropskih gradova redovno saobra\u0107aju sa Autobuske stanice, dok me\u0111unarodne \u017eelezni\u010dke linije povezuju Novi Sad sa Budimpe\u0161tom, Be\u010dom i dalje prema severu i zapadu, odnosno jugu i jugoistoku Evrope i Bliskom istoku.<\/p>\n<p>Po\u0161to se ovaj grad nalazi na Dunavu, postoji mogu\u0107nost dolaska turisti\u010dkim kruzerima.<\/p>\n<h4>Kada ste ve\u0107 ovde, ne propustite\u2026<\/h4>\n<p>Da pro\u0161etate starim jezgrom Novog Sada u kome su nezaobilazni: <strong>Trg slobode iz 18 veka<\/strong>, <strong>katoli\u010dka crkva Ime Marijino<\/strong> sagra\u0111na u neogotskom stilu, dok \u0107e vas Zmaj Jovina ulica odvesti do <strong>Vladi\u010danskog dvora<\/strong>.<\/p>\n<p>Ne propustite \u0161etnju verovatno najstarijom ulicom u Novom Sadu \u2013<strong> <a href=\"http:\/\/www.serbia.com\/srpski\/dunavska-ulica-sarmantna-novosadska-promenada\/\" target=\"_blank\" rel=\"noopener\">Dunavskom<\/a><\/strong>, kao ni odmaranje u<strong> Dunavskom parku<\/strong>, najlep\u0161em novosadskom parku.<\/p>\n<p>Ako se na\u0111ete u Novom Sadu u letnjem periodu, osve\u017eite se na <strong>\u0160trandu<\/strong> \u2013 jednoj od najlep\u0161ih pla\u017ea na Dunavu.<\/p>\n<p>Obi\u0111ite <a title=\"Sremski Karlovci, grad vina, duhovnosti i kulture\" href=\"http:\/\/www.serbia.com\/srpski\/posetite-srbiju\/gradovi\/sremski-karlovci-grad-vina-duhovnosti-i-kulture\/\" target=\"_blank\" rel=\"noopener\"><strong>Sremske Karlovce<\/strong><\/a>, divan gradi\u0107 nedaleko od Novog Sada, popijte vino u nekoj od vinarija <a title=\"Vinski put Fru\u0161ka gora\" href=\"http:\/\/www.serbia.com\/srpski\/posetite-srbiju\/provedi-se\/vinski-putevi\/vinski-put-fruska-gora\/\" target=\"_blank\" rel=\"noopener\"><strong>Vinskog puta Fru\u0161ke Gore<\/strong><\/a>, a odmor potra\u017eite i na samoj planini-nacionalnom parku <a title=\"Fru\u0161ka gora \u2013 nekada ostrvo, danas planina\" href=\"http:\/\/www.serbia.com\/srpski\/posetite-srbiju\/prirodne-lepote\/planine\/fruska-gora-nekada-ostrvo-danas-planina\/\" target=\"_blank\" rel=\"noopener\"><strong>Fru\u0161ka Gora<\/strong><\/a>.<\/p>\n","protected":false},"excerpt":{"rendered":"<p>Petrovaradinska tvr\u0111ava je bila zna\u010dajno vojno utvr\u0111enje austrijskih vladara, koji su za vreme Napoleonovih osvajanja ba\u0161 u njoj sakrili svoje dragocenosti. Danas je to centar umetnosti, ambijent u kome se [&hellip;]<\/p>\n","protected":false},"author":27,"featured_media":31902,"parent":20456,"menu_order":0,"comment_status":"closed","ping_status":"closed","template":"","meta":{"_acf_changed":false,"inline_featured_image":false,"_monsterinsights_skip_tracking":false,"_monsterinsights_sitenote_active":false,"_monsterinsights_sitenote_note":"","_monsterinsights_sitenote_category":0,"footnotes":""},"categories":[1666],"tags":[],"class_list":["post-31907","page","type-page","status-publish","has-post-thumbnail","hentry","category-dvorci-tvrdjave"],"acf":[],"yoast_head":"<!-- This site is optimized with the Yoast SEO plugin v27.4 - https:\/\/yoast.com\/product\/yoast-seo-wordpress\/ -->\n<title>Petrovaradinska tvr\u0111ava, Gibraltar na Dunavu - Serbia.com<\/title>\n<meta name=\"robots\" content=\"index, follow, max-snippet:-1, max-image-preview:large, max-video-preview:-1\" \/>\n<link rel=\"canonical\" href=\"https:\/\/serbia.com\/srpski\/posetite-srbiju\/kulturne-atrakcije\/dvorci-i-tvrdave\/petrovaradinska-tvrdava-gibraltar-na-dunavu\/\" \/>\n<meta property=\"og:locale\" content=\"en_US\" \/>\n<meta property=\"og:type\" content=\"article\" \/>\n<meta property=\"og:title\" content=\"Petrovaradinska tvr\u0111ava, Gibraltar na Dunavu - Serbia.com\" \/>\n<meta property=\"og:description\" content=\"Petrovaradinska tvr\u0111ava je bila zna\u010dajno vojno utvr\u0111enje austrijskih vladara, koji su za vreme Napoleonovih osvajanja ba\u0161 u njoj sakrili svoje dragocenosti. Danas je to centar umetnosti, ambijent u kome se [&hellip;]\" \/>\n<meta property=\"og:url\" content=\"https:\/\/serbia.com\/srpski\/posetite-srbiju\/kulturne-atrakcije\/dvorci-i-tvrdave\/petrovaradinska-tvrdava-gibraltar-na-dunavu\/\" \/>\n<meta property=\"og:site_name\" content=\"Serbia.com\" \/>\n<meta property=\"article:modified_time\" content=\"2024-10-20T11:27:04+00:00\" \/>\n<meta property=\"og:image\" content=\"https:\/\/serbia.com\/wp-content\/uploads\/2015\/05\/petrovaradin1.jpg\" \/>\n\t<meta property=\"og:image:width\" content=\"1600\" \/>\n\t<meta property=\"og:image:height\" content=\"774\" \/>\n\t<meta property=\"og:image:type\" content=\"image\/jpeg\" \/>\n<meta name=\"twitter:label1\" content=\"Est. reading time\" \/>\n\t<meta name=\"twitter:data1\" content=\"4 minutes\" \/>\n<script type=\"application\/ld+json\" class=\"yoast-schema-graph\">{\"@context\":\"https:\\\/\\\/schema.org\",\"@graph\":[{\"@type\":\"WebPage\",\"@id\":\"https:\\\/\\\/serbia.com\\\/srpski\\\/posetite-srbiju\\\/kulturne-atrakcije\\\/dvorci-i-tvrdave\\\/petrovaradinska-tvrdava-gibraltar-na-dunavu\\\/\",\"url\":\"https:\\\/\\\/serbia.com\\\/srpski\\\/posetite-srbiju\\\/kulturne-atrakcije\\\/dvorci-i-tvrdave\\\/petrovaradinska-tvrdava-gibraltar-na-dunavu\\\/\",\"name\":\"Petrovaradinska tvr\u0111ava, Gibraltar na Dunavu - Serbia.com\",\"isPartOf\":{\"@id\":\"https:\\\/\\\/serbia.com\\\/#website\"},\"primaryImageOfPage\":{\"@id\":\"https:\\\/\\\/serbia.com\\\/srpski\\\/posetite-srbiju\\\/kulturne-atrakcije\\\/dvorci-i-tvrdave\\\/petrovaradinska-tvrdava-gibraltar-na-dunavu\\\/#primaryimage\"},\"image\":{\"@id\":\"https:\\\/\\\/serbia.com\\\/srpski\\\/posetite-srbiju\\\/kulturne-atrakcije\\\/dvorci-i-tvrdave\\\/petrovaradinska-tvrdava-gibraltar-na-dunavu\\\/#primaryimage\"},\"thumbnailUrl\":\"https:\\\/\\\/serbia.com\\\/wp-content\\\/uploads\\\/2015\\\/05\\\/petrovaradin1.jpg\",\"datePublished\":\"2015-05-13T12:05:11+00:00\",\"dateModified\":\"2024-10-20T11:27:04+00:00\",\"breadcrumb\":{\"@id\":\"https:\\\/\\\/serbia.com\\\/srpski\\\/posetite-srbiju\\\/kulturne-atrakcije\\\/dvorci-i-tvrdave\\\/petrovaradinska-tvrdava-gibraltar-na-dunavu\\\/#breadcrumb\"},\"inLanguage\":\"srpski\",\"potentialAction\":[{\"@type\":\"ReadAction\",\"target\":[\"https:\\\/\\\/serbia.com\\\/srpski\\\/posetite-srbiju\\\/kulturne-atrakcije\\\/dvorci-i-tvrdave\\\/petrovaradinska-tvrdava-gibraltar-na-dunavu\\\/\"]}]},{\"@type\":\"ImageObject\",\"inLanguage\":\"srpski\",\"@id\":\"https:\\\/\\\/serbia.com\\\/srpski\\\/posetite-srbiju\\\/kulturne-atrakcije\\\/dvorci-i-tvrdave\\\/petrovaradinska-tvrdava-gibraltar-na-dunavu\\\/#primaryimage\",\"url\":\"https:\\\/\\\/serbia.com\\\/wp-content\\\/uploads\\\/2015\\\/05\\\/petrovaradin1.jpg\",\"contentUrl\":\"https:\\\/\\\/serbia.com\\\/wp-content\\\/uploads\\\/2015\\\/05\\\/petrovaradin1.jpg\",\"width\":1600,\"height\":774},{\"@type\":\"BreadcrumbList\",\"@id\":\"https:\\\/\\\/serbia.com\\\/srpski\\\/posetite-srbiju\\\/kulturne-atrakcije\\\/dvorci-i-tvrdave\\\/petrovaradinska-tvrdava-gibraltar-na-dunavu\\\/#breadcrumb\",\"itemListElement\":[{\"@type\":\"ListItem\",\"position\":1,\"name\":\"Home\",\"item\":\"https:\\\/\\\/serbia.com\\\/srpski\\\/srbija\\\/\"},{\"@type\":\"ListItem\",\"position\":2,\"name\":\"Poseti Srbiju\",\"item\":\"https:\\\/\\\/serbia.com\\\/srpski\\\/posetite-srbiju\\\/\"},{\"@type\":\"ListItem\",\"position\":3,\"name\":\"Kulturne atrakcije\",\"item\":\"https:\\\/\\\/serbia.com\\\/srpski\\\/posetite-srbiju\\\/kulturne-atrakcije\\\/\"},{\"@type\":\"ListItem\",\"position\":4,\"name\":\"Dvorci i tvr\u0111ave\",\"item\":\"https:\\\/\\\/serbia.com\\\/srpski\\\/posetite-srbiju\\\/kulturne-atrakcije\\\/dvorci-i-tvrdave\\\/\"},{\"@type\":\"ListItem\",\"position\":5,\"name\":\"Petrovaradinska tvr\u0111ava, Gibraltar na Dunavu\"}]},{\"@type\":\"WebSite\",\"@id\":\"https:\\\/\\\/serbia.com\\\/#website\",\"url\":\"https:\\\/\\\/serbia.com\\\/\",\"name\":\"Serbia.com\",\"description\":\"Your Gateway to Serbia\",\"potentialAction\":[{\"@type\":\"SearchAction\",\"target\":{\"@type\":\"EntryPoint\",\"urlTemplate\":\"https:\\\/\\\/serbia.com\\\/?s={search_term_string}\"},\"query-input\":{\"@type\":\"PropertyValueSpecification\",\"valueRequired\":true,\"valueName\":\"search_term_string\"}}],\"inLanguage\":\"srpski\"}]}<\/script>\n<!-- \/ Yoast SEO plugin. -->","yoast_head_json":{"title":"Petrovaradinska tvr\u0111ava, Gibraltar na Dunavu - Serbia.com","robots":{"index":"index","follow":"follow","max-snippet":"max-snippet:-1","max-image-preview":"max-image-preview:large","max-video-preview":"max-video-preview:-1"},"canonical":"https:\/\/serbia.com\/srpski\/posetite-srbiju\/kulturne-atrakcije\/dvorci-i-tvrdave\/petrovaradinska-tvrdava-gibraltar-na-dunavu\/","og_locale":"en_US","og_type":"article","og_title":"Petrovaradinska tvr\u0111ava, Gibraltar na Dunavu - Serbia.com","og_description":"Petrovaradinska tvr\u0111ava je bila zna\u010dajno vojno utvr\u0111enje austrijskih vladara, koji su za vreme Napoleonovih osvajanja ba\u0161 u njoj sakrili svoje dragocenosti. Danas je to centar umetnosti, ambijent u kome se [&hellip;]","og_url":"https:\/\/serbia.com\/srpski\/posetite-srbiju\/kulturne-atrakcije\/dvorci-i-tvrdave\/petrovaradinska-tvrdava-gibraltar-na-dunavu\/","og_site_name":"Serbia.com","article_modified_time":"2024-10-20T11:27:04+00:00","og_image":[{"width":1600,"height":774,"url":"https:\/\/serbia.com\/wp-content\/uploads\/2015\/05\/petrovaradin1.jpg","type":"image\/jpeg"}],"twitter_misc":{"Est. reading time":"4 minutes"},"schema":{"@context":"https:\/\/schema.org","@graph":[{"@type":"WebPage","@id":"https:\/\/serbia.com\/srpski\/posetite-srbiju\/kulturne-atrakcije\/dvorci-i-tvrdave\/petrovaradinska-tvrdava-gibraltar-na-dunavu\/","url":"https:\/\/serbia.com\/srpski\/posetite-srbiju\/kulturne-atrakcije\/dvorci-i-tvrdave\/petrovaradinska-tvrdava-gibraltar-na-dunavu\/","name":"Petrovaradinska tvr\u0111ava, Gibraltar na Dunavu - Serbia.com","isPartOf":{"@id":"https:\/\/serbia.com\/#website"},"primaryImageOfPage":{"@id":"https:\/\/serbia.com\/srpski\/posetite-srbiju\/kulturne-atrakcije\/dvorci-i-tvrdave\/petrovaradinska-tvrdava-gibraltar-na-dunavu\/#primaryimage"},"image":{"@id":"https:\/\/serbia.com\/srpski\/posetite-srbiju\/kulturne-atrakcije\/dvorci-i-tvrdave\/petrovaradinska-tvrdava-gibraltar-na-dunavu\/#primaryimage"},"thumbnailUrl":"https:\/\/serbia.com\/wp-content\/uploads\/2015\/05\/petrovaradin1.jpg","datePublished":"2015-05-13T12:05:11+00:00","dateModified":"2024-10-20T11:27:04+00:00","breadcrumb":{"@id":"https:\/\/serbia.com\/srpski\/posetite-srbiju\/kulturne-atrakcije\/dvorci-i-tvrdave\/petrovaradinska-tvrdava-gibraltar-na-dunavu\/#breadcrumb"},"inLanguage":"srpski","potentialAction":[{"@type":"ReadAction","target":["https:\/\/serbia.com\/srpski\/posetite-srbiju\/kulturne-atrakcije\/dvorci-i-tvrdave\/petrovaradinska-tvrdava-gibraltar-na-dunavu\/"]}]},{"@type":"ImageObject","inLanguage":"srpski","@id":"https:\/\/serbia.com\/srpski\/posetite-srbiju\/kulturne-atrakcije\/dvorci-i-tvrdave\/petrovaradinska-tvrdava-gibraltar-na-dunavu\/#primaryimage","url":"https:\/\/serbia.com\/wp-content\/uploads\/2015\/05\/petrovaradin1.jpg","contentUrl":"https:\/\/serbia.com\/wp-content\/uploads\/2015\/05\/petrovaradin1.jpg","width":1600,"height":774},{"@type":"BreadcrumbList","@id":"https:\/\/serbia.com\/srpski\/posetite-srbiju\/kulturne-atrakcije\/dvorci-i-tvrdave\/petrovaradinska-tvrdava-gibraltar-na-dunavu\/#breadcrumb","itemListElement":[{"@type":"ListItem","position":1,"name":"Home","item":"https:\/\/serbia.com\/srpski\/srbija\/"},{"@type":"ListItem","position":2,"name":"Poseti Srbiju","item":"https:\/\/serbia.com\/srpski\/posetite-srbiju\/"},{"@type":"ListItem","position":3,"name":"Kulturne atrakcije","item":"https:\/\/serbia.com\/srpski\/posetite-srbiju\/kulturne-atrakcije\/"},{"@type":"ListItem","position":4,"name":"Dvorci i tvr\u0111ave","item":"https:\/\/serbia.com\/srpski\/posetite-srbiju\/kulturne-atrakcije\/dvorci-i-tvrdave\/"},{"@type":"ListItem","position":5,"name":"Petrovaradinska tvr\u0111ava, Gibraltar na Dunavu"}]},{"@type":"WebSite","@id":"https:\/\/serbia.com\/#website","url":"https:\/\/serbia.com\/","name":"Serbia.com","description":"Your Gateway to Serbia","potentialAction":[{"@type":"SearchAction","target":{"@type":"EntryPoint","urlTemplate":"https:\/\/serbia.com\/?s={search_term_string}"},"query-input":{"@type":"PropertyValueSpecification","valueRequired":true,"valueName":"search_term_string"}}],"inLanguage":"srpski"}]}},"brizy_media":[],"_links":{"self":[{"href":"https:\/\/serbia.com\/srpski\/wp-json\/wp\/v2\/pages\/31907","targetHints":{"allow":["GET"]}}],"collection":[{"href":"https:\/\/serbia.com\/srpski\/wp-json\/wp\/v2\/pages"}],"about":[{"href":"https:\/\/serbia.com\/srpski\/wp-json\/wp\/v2\/types\/page"}],"author":[{"embeddable":true,"href":"https:\/\/serbia.com\/srpski\/wp-json\/wp\/v2\/users\/27"}],"replies":[{"embeddable":true,"href":"https:\/\/serbia.com\/srpski\/wp-json\/wp\/v2\/comments?post=31907"}],"version-history":[{"count":1,"href":"https:\/\/serbia.com\/srpski\/wp-json\/wp\/v2\/pages\/31907\/revisions"}],"predecessor-version":[{"id":55669,"href":"https:\/\/serbia.com\/srpski\/wp-json\/wp\/v2\/pages\/31907\/revisions\/55669"}],"up":[{"embeddable":true,"href":"https:\/\/serbia.com\/srpski\/wp-json\/wp\/v2\/pages\/20456"}],"wp:featuredmedia":[{"embeddable":true,"href":"https:\/\/serbia.com\/srpski\/wp-json\/wp\/v2\/media\/31902"}],"wp:attachment":[{"href":"https:\/\/serbia.com\/srpski\/wp-json\/wp\/v2\/media?parent=31907"}],"wp:term":[{"taxonomy":"category","embeddable":true,"href":"https:\/\/serbia.com\/srpski\/wp-json\/wp\/v2\/categories?post=31907"},{"taxonomy":"post_tag","embeddable":true,"href":"https:\/\/serbia.com\/srpski\/wp-json\/wp\/v2\/tags?post=31907"}],"curies":[{"name":"wp","href":"https:\/\/api.w.org\/{rel}","templated":true}]}}