{"id":31866,"date":"2015-05-13T12:18:09","date_gmt":"2015-05-13T10:18:09","guid":{"rendered":"http:\/\/www.serbia.com\/?page_id=31866"},"modified":"2016-02-25T13:18:32","modified_gmt":"2016-02-25T12:18:32","slug":"manastir-krusedol-vecni-dom-srpskih-velikana","status":"publish","type":"page","link":"https:\/\/serbia.com\/srpski\/posetite-srbiju\/kulturne-atrakcije\/manastiri-i-crkve\/manastir-krusedol-vecni-dom-srpskih-velikana\/","title":{"rendered":"Manastir Kru\u0161edol, ve\u010dni dom srpskih velikana"},"content":{"rendered":"<h4>Stoletne \u0161ume ju\u017enih obronaka Fru\u0161ke Gore vekovima skrivaju manastir Kru\u0161edol, svetili\u0161te u kome se i danas nalaze mo\u0161ti srpskih despota, patrijarha i jednog kralja.<\/h4>\n<p><a title=\"Fru\u0161ka gora \u2013 nekada ostrvo, danas planina\" href=\"http:\/\/www.serbia.com\/srpski\/posetite-srbiju\/prirodne-lepote\/planine\/fruska-gora-nekada-ostrvo-danas-planina\/\" target=\"_blank\">Fru\u0161ka Gora<\/a>, ljupko uzvi\u0161enje koje dominira ravnom Vojvodinom, ponosno \u010duva <strong>16 manastira iz kasnog srednjeg veka<\/strong>. Snegovi i ki\u0161e spirale su boje sa njhovih zidina, osvaja\u010di su ih palili i ru\u0161ili, ali ni nepogode ni ljudi nisu uspeli da uni\u0161te ove divne spomenike <a title=\"Kultura\" href=\"http:\/\/www.serbia.com\/srpski\/o-srbiji\/kultura\/\">srpske kulture<\/a>.\u00a0Verovatno najzna\u010dajniji me\u0111u njima je manastir Kru\u0161edol, koga su u 15. veku po\u010deli da grade <strong>despot \u0110or\u0111e Brankovi\u0107<\/strong> i njegova majka Angelina. Ovaj, danas \u017eenski manastir, posve\u0107en je hri\u0161\u0107anskom prazniku Blagovestima, danu kada je an\u0111eo javio Mariji da \u0107e roditi Isusa.<\/p>\n<p>\u0110or\u0111e, koji je kasnije postao monah Maksim, u Kru\u0161edol je preneo posmrtne ostatke svog oca Stefana i strica Jovana Brankovi\u0107a, a predvideo je i kriptu u kojoj je kasnije bio sahranjen. Zbog toga se smatra da je nameravao da ovaj manastir predstavlja porodi\u010dni mauzolej Brankovi\u0107a.<\/p>\n<p>Me\u0111utim, ve\u010dni mir su ovde prona\u0161le i mo\u0161ti <strong>patrijarha Arsenija III \u010carnojevi\u0107a<\/strong>, <strong>patrijarha Arsenija IV \u0160akabenta<\/strong>, <strong>knjeginje Ljubice Obrenovi\u0107<\/strong> (\u017eene Milo\u0161a Obrenovi\u0107a) i <strong><a href=\"http:\/\/www.serbia.com\/srpski\/o-srbiji\/poznati-srbi\/istorijske-licnosti\/kralj-milan-obrenovic\/\" target=\"_blank\">kralja Milana Obrenovi\u0107a<\/a><\/strong>.<\/p>\n<p>Osim njih, ovde su sahranjeni <strong>vojvoda Stevan \u0160upljikac<\/strong> i <strong>mitropolit Isaija \u0110akovi\u0107<\/strong>.<\/p>\n<p>Do manastira se sti\u017ee puteljkom od \u017earko crvene kapije u obliku crkve, koja pravi kontrast zelenilu \u0161ume.<\/p>\n<figure id=\"attachment_17228\" aria-describedby=\"caption-attachment-17228\" style=\"width: 800px\" class=\"wp-caption aligncenter\"><img loading=\"lazy\" decoding=\"async\" class=\"wp-image-17228 size-full\" src=\"http:\/\/www.serbia.com\/wp-content\/uploads\/2012\/12\/87-krusedol-manastir-monastery1.jpg\" alt=\"Manastir Kru\u0161edol na Fru\u0161koj gori\" width=\"800\" height=\"534\" srcset=\"https:\/\/serbia.com\/wp-content\/uploads\/2012\/12\/87-krusedol-manastir-monastery1.jpg 800w, https:\/\/serbia.com\/wp-content\/uploads\/2012\/12\/87-krusedol-manastir-monastery1-300x200.jpg 300w, https:\/\/serbia.com\/wp-content\/uploads\/2012\/12\/87-krusedol-manastir-monastery1-768x513.jpg 768w, https:\/\/serbia.com\/wp-content\/uploads\/2012\/12\/87-krusedol-manastir-monastery1-760x507.jpg 760w, https:\/\/serbia.com\/wp-content\/uploads\/2012\/12\/87-krusedol-manastir-monastery1-749x500.jpg 749w\" sizes=\"auto, (max-width: 800px) 100vw, 800px\" \/><figcaption id=\"caption-attachment-17228\" class=\"wp-caption-text\">Manastir Kru\u0161edol na Fru\u0161koj gori<\/figcaption><\/figure>\n<p>Sam Kru\u0161edol uzdi\u017ee se u sredini, okru\u017een konacima koji oko njega prave \u010detvorougao i \u010dine da izgleda skrovito i tajanstveno.<\/p>\n<p>U gradnji ovog manastira prime\u0107uje se stari gr\u010dki stil.<\/p>\n<p>Njegova dragocenost je <strong>barokni zvonik iz prve polovine XVIII veka<\/strong>, ali je <strong>najve\u0107e blago Kru\u0161edola njegovo zidno slikarstvo: freske i ikonosostas<\/strong>.<\/p>\n<p>Freske su prve oslikane, ve\u0107 sredinom XVI veka. Smatra se da su njihovi autori bili gr\u010dki monasi sa Svete Gore i njenog zale\u0111a.<\/p>\n<p><strong>Najupe\u010datljivija me\u0111u freskama je predstava stra\u0161nog suda na zapadnoj fasadi manastira<\/strong>.<\/p>\n<p>Drugi sloj zidnog slikarstva \u010dini ikonostas ura\u0111en dva veka kasnije. Njega \u010dine 36 ikona koje nisu ra\u0111ene istovremeno, ve\u0107 poti\u010du iz razli\u010ditih peroda i stilova.<\/p>\n<p>Jo\u0161 uvek se ne zna ko je tvorac ovog veli\u010danstvenog ikonostasa, ali njime dominiraju najstarije ikone: apostola sa Hristom, Bogorodicom i sv. Jovanom Krstiteljem.<\/p>\n<p>Manastir Kru\u0161edol bio je i jedan od glavnih centara knji\u017eevnosti u kome su se pisale i prepisivale knjige. Kada je to bilo najpotrebnije, predstavljao je oslonac srpskom narodu koji je u ovim krajevima na\u0161ao uto\u010di\u0161te be\u017ee\u0107i pred zulumom otomanskih okupatora.<\/p>\n<h4>Manastir uz dozvolu ugarskog kralja<\/h4>\n<p>U vreme kada je manastir Kru\u0161edol gra\u0111en, Srbija je bila pod vla\u0161\u0107u Otomanskog carstva. Srem, u kome se manastir nalazi, pripadao je Ugarskoj.<\/p>\n<p>Zbog velikog broja Srba koji je u ovom periodu naselio ju\u017ene krajeve Ugarske be\u017ee\u0107i od turskog ugnjetavanja, ugarski kralj Matija Korvin obnovio je srpsku despotovinu u okviru svoje dr\u017eave i dozvolio rad Srpske pravoslavne crkve.<\/p>\n<p>Nakon despota Vuka Grgurevi\u0107a, ovu titulu je kralj dodelio \u0110or\u0111u Brankovi\u0107u koji je sagradio Kru\u0161edol, a kako on nije imao mu\u0161kih naslednika, mo\u017ee se re\u0107i da je bio poslednji srpski despot.<\/p>\n<p>Manastir Kru\u0161edol, a sa njim i mo\u0161ti Brankovi\u0107a, spalili su Turci 1716. godine posle poraza kod <a title=\"Petrovaradinska tvr\u0111ava, Gibraltar na Dunavu\" href=\"http:\/\/www.serbia.com\/srpski\/posetite-srbiju\/kulturne-atrakcije\/dvorci-i-tvrdave\/petrovaradinska-tvrdava-gibraltar-na-dunavu\/\" target=\"_blank\">Petrovaradina<\/a>. Njegova obnova po\u010dela je 1721. godine i trajala nekoliko decenija.<\/p>\n<p>U toku Drugog svetskog rata manastir je izbegao novo razaranje ali je, zajedno sa svojom vrednom riznicom \u2013 oplja\u010dkan.<\/p>\n<p>Mnogo godina nakon rata manastirski konaci pretvoreni su u de\u010dji dom, ali su 70-ih godina XX veka ipak vra\u0107eni monasima.<\/p>\n<h4>Gde se nalazi manastir Kru\u0161edol i kako do njega sti\u0107i?<\/h4>\n<p>Ako se uputite iz <a title=\"Beograd\" href=\"http:\/\/www.serbia.com\/srpski\/posetite-srbiju\/gradovi\/beograd\/\" target=\"_blank\">Beograda<\/a>, mo\u017eete krenuti starim putem Beograd-<a title=\"Novi Sad\" href=\"http:\/\/www.serbia.com\/srpski\/posetite-srbiju\/gradovi\/novi-sad\/\" target=\"_blank\">Novi Sad<\/a>, pa nakon oko 60 km skrenuti prema selu Maradik. U centru sela skrenite desno pa \u0107e vas put dug 8.5 km odvesti pravo do manastira Kru\u0161edol.<\/p>\n<p>Ukoliko dolazite Autoputem iz Novog Sada ili Beograda, na petlji kod Be\u0161ke se isklju\u010dite desno ako idete iz pravca Novog Sada, odnosno levo ako dolazite od Beograda, a do manastira vozite jo\u0161 15km.<\/p>\n<p>Do Novog Sada postoje redovni autobuski polasci iz svih gradova Srbije, a odatle preporu\u010dujemo lokalni autobus do Kru\u0161edola. Tako\u0111e, veliki broj turisti\u010dkih agencija ima aran\u017emane za obilazak fru\u0161kogorskih manastira.<\/p>\n<h4>Kada ste ve\u0107 ovde, ne propustite&#8230;<\/h4>\n<p><strong>Sirmium<\/strong>, anti\u010dki grad i jedan od \u010detiri prestonice kasnijeg Rimskog carstva \u010diji se ostaci tako\u0111e nalaze na ju\u017enim obroncima <a title=\"Fru\u0161ka gora \u2013 nekada ostrvo, danas planina\" href=\"http:\/\/www.serbia.com\/srpski\/posetite-srbiju\/prirodne-lepote\/planine\/fruska-gora-nekada-ostrvo-danas-planina\/\" target=\"_blank\"><strong>Fru\u0161ke Gore<\/strong><\/a>.<\/p>\n<p>Posetite ostale fru\u0161kogorske manastire: <strong>Privinu Glavu<\/strong>, <strong>Div\u0161u<\/strong>, <strong>Kuve\u017edin<\/strong>, <strong>Petkovicu<\/strong>, <strong>\u0160i\u0161atovac<\/strong>, <strong>Be\u0161enovo<\/strong>, <strong>Malu Remetu<\/strong>, <strong>Beo\u010din<\/strong>, <strong>Rakovac<\/strong>, <strong>Jazak<\/strong>, <strong>Vrdnik<\/strong>, <strong>Staro Hopovo<\/strong>, <strong>Novo Hopovo<\/strong>, <strong>Grgeteg<\/strong> i <strong>Veliku Remetu<\/strong>.<\/p>\n<p>Pro\u0161etajte specijalnim rezervatom prirode <strong><a href=\"http:\/\/www.serbia.com\/srpski\/posetite-srbiju\/prirodne-lepote\/reke-i-jezera\/obedska-bara-carolija-prirode\/\" target=\"_blank\">Obedska Bara<\/a><\/strong>.<\/p>\n<p>Po\u0161to se ovde nalazite na <a title=\"Vinski put Fru\u0161ka gora\" href=\"http:\/\/www.serbia.com\/srpski\/posetite-srbiju\/provedi-se\/vinski-putevi\/vinski-put-fruska-gora\/\" target=\"_blank\"><strong>vinskom putu Fru\u0161ke Gore<\/strong><\/a>, svratite u prestonicu vina, <a title=\"Sremski Karlovci, grad vina, duhovnosti i kulture\" href=\"http:\/\/www.serbia.com\/srpski\/posetite-srbiju\/gradovi\/sremski-karlovci-grad-vina-duhovnosti-i-kulture\/\" target=\"_blank\"><strong>Sremske Karlovce<\/strong><\/a>, i probajte autenti\u010dno desertno vino ovog kraja &#8211; <a title=\"Bermet, omiljeno vino evropskih dvorova\" href=\"http:\/\/www.serbia.com\/srpski\/bermet-omiljeno-vino-evropskih-dvorova\/\" target=\"_blank\"><strong>Bermet<\/strong><\/a>.[ultimate_spacer height=&#8221;30&#8243;][dt_fancy_title title=&#8221;Povezani \u010dlanci&#8221; title_align=&#8221;left&#8221; title_size=&#8221;normal&#8221; title_color=&#8221;accent&#8221; el_width=&#8221;100&#8243; title_bg=&#8221;disabled&#8221; separator_color=&#8221;default&#8221;][ultimate_spacer height=&#8221;30&#8243; height_on_tabs=&#8221;&#8221; height_on_tabs_portrait=&#8221;&#8221; height_on_mob_landscape=&#8221;&#8221; height_on_mob=&#8221;&#8221;]<\/p>\n","protected":false},"excerpt":{"rendered":"<p>Stoletne \u0161ume ju\u017enih obronaka Fru\u0161ke Gore vekovima skrivaju manastir Kru\u0161edol, svetili\u0161te u kome se i danas nalaze mo\u0161ti srpskih despota, patrijarha i jednog kralja. Fru\u0161ka Gora, ljupko uzvi\u0161enje koje dominira [&hellip;]<\/p>\n","protected":false},"author":27,"featured_media":31858,"parent":20454,"menu_order":0,"comment_status":"closed","ping_status":"closed","template":"","meta":{"_acf_changed":false,"inline_featured_image":false,"_monsterinsights_skip_tracking":false,"_monsterinsights_sitenote_active":false,"_monsterinsights_sitenote_note":"","_monsterinsights_sitenote_category":0,"footnotes":""},"categories":[1667],"tags":[],"class_list":["post-31866","page","type-page","status-publish","has-post-thumbnail","hentry","category-manastiri-crkve-kulturne-atrakcije-sta-posetiti"],"acf":[],"yoast_head":"<!-- This site is optimized with the Yoast SEO plugin v27.4 - https:\/\/yoast.com\/product\/yoast-seo-wordpress\/ -->\n<title>Manastir Kru\u0161edol, ve\u010dni dom srpskih velikana - Serbia.com<\/title>\n<meta name=\"robots\" content=\"index, follow, max-snippet:-1, max-image-preview:large, max-video-preview:-1\" \/>\n<link rel=\"canonical\" href=\"https:\/\/serbia.com\/srpski\/posetite-srbiju\/kulturne-atrakcije\/manastiri-i-crkve\/manastir-krusedol-vecni-dom-srpskih-velikana\/\" \/>\n<meta property=\"og:locale\" content=\"en_US\" \/>\n<meta property=\"og:type\" content=\"article\" \/>\n<meta property=\"og:title\" content=\"Manastir Kru\u0161edol, ve\u010dni dom srpskih velikana - Serbia.com\" \/>\n<meta property=\"og:description\" content=\"Stoletne \u0161ume ju\u017enih obronaka Fru\u0161ke Gore vekovima skrivaju manastir Kru\u0161edol, svetili\u0161te u kome se i danas nalaze mo\u0161ti srpskih despota, patrijarha i jednog kralja. Fru\u0161ka Gora, ljupko uzvi\u0161enje koje dominira [&hellip;]\" \/>\n<meta property=\"og:url\" content=\"https:\/\/serbia.com\/srpski\/posetite-srbiju\/kulturne-atrakcije\/manastiri-i-crkve\/manastir-krusedol-vecni-dom-srpskih-velikana\/\" \/>\n<meta property=\"og:site_name\" content=\"Serbia.com\" \/>\n<meta property=\"article:modified_time\" content=\"2016-02-25T12:18:32+00:00\" \/>\n<meta property=\"og:image\" content=\"https:\/\/serbia.com\/wp-content\/uploads\/2015\/05\/krusedol.jpg\" \/>\n\t<meta property=\"og:image:width\" content=\"1601\" \/>\n\t<meta property=\"og:image:height\" content=\"669\" \/>\n\t<meta property=\"og:image:type\" content=\"image\/jpeg\" \/>\n<meta name=\"twitter:label1\" content=\"Est. reading time\" \/>\n\t<meta name=\"twitter:data1\" content=\"4 minutes\" \/>\n<script type=\"application\/ld+json\" class=\"yoast-schema-graph\">{\"@context\":\"https:\\\/\\\/schema.org\",\"@graph\":[{\"@type\":\"WebPage\",\"@id\":\"https:\\\/\\\/serbia.com\\\/srpski\\\/posetite-srbiju\\\/kulturne-atrakcije\\\/manastiri-i-crkve\\\/manastir-krusedol-vecni-dom-srpskih-velikana\\\/\",\"url\":\"https:\\\/\\\/serbia.com\\\/srpski\\\/posetite-srbiju\\\/kulturne-atrakcije\\\/manastiri-i-crkve\\\/manastir-krusedol-vecni-dom-srpskih-velikana\\\/\",\"name\":\"Manastir Kru\u0161edol, ve\u010dni dom srpskih velikana - Serbia.com\",\"isPartOf\":{\"@id\":\"https:\\\/\\\/serbia.com\\\/#website\"},\"primaryImageOfPage\":{\"@id\":\"https:\\\/\\\/serbia.com\\\/srpski\\\/posetite-srbiju\\\/kulturne-atrakcije\\\/manastiri-i-crkve\\\/manastir-krusedol-vecni-dom-srpskih-velikana\\\/#primaryimage\"},\"image\":{\"@id\":\"https:\\\/\\\/serbia.com\\\/srpski\\\/posetite-srbiju\\\/kulturne-atrakcije\\\/manastiri-i-crkve\\\/manastir-krusedol-vecni-dom-srpskih-velikana\\\/#primaryimage\"},\"thumbnailUrl\":\"https:\\\/\\\/serbia.com\\\/wp-content\\\/uploads\\\/2015\\\/05\\\/krusedol.jpg\",\"datePublished\":\"2015-05-13T10:18:09+00:00\",\"dateModified\":\"2016-02-25T12:18:32+00:00\",\"breadcrumb\":{\"@id\":\"https:\\\/\\\/serbia.com\\\/srpski\\\/posetite-srbiju\\\/kulturne-atrakcije\\\/manastiri-i-crkve\\\/manastir-krusedol-vecni-dom-srpskih-velikana\\\/#breadcrumb\"},\"inLanguage\":\"srpski\",\"potentialAction\":[{\"@type\":\"ReadAction\",\"target\":[\"https:\\\/\\\/serbia.com\\\/srpski\\\/posetite-srbiju\\\/kulturne-atrakcije\\\/manastiri-i-crkve\\\/manastir-krusedol-vecni-dom-srpskih-velikana\\\/\"]}]},{\"@type\":\"ImageObject\",\"inLanguage\":\"srpski\",\"@id\":\"https:\\\/\\\/serbia.com\\\/srpski\\\/posetite-srbiju\\\/kulturne-atrakcije\\\/manastiri-i-crkve\\\/manastir-krusedol-vecni-dom-srpskih-velikana\\\/#primaryimage\",\"url\":\"https:\\\/\\\/serbia.com\\\/wp-content\\\/uploads\\\/2015\\\/05\\\/krusedol.jpg\",\"contentUrl\":\"https:\\\/\\\/serbia.com\\\/wp-content\\\/uploads\\\/2015\\\/05\\\/krusedol.jpg\",\"width\":1601,\"height\":669},{\"@type\":\"BreadcrumbList\",\"@id\":\"https:\\\/\\\/serbia.com\\\/srpski\\\/posetite-srbiju\\\/kulturne-atrakcije\\\/manastiri-i-crkve\\\/manastir-krusedol-vecni-dom-srpskih-velikana\\\/#breadcrumb\",\"itemListElement\":[{\"@type\":\"ListItem\",\"position\":1,\"name\":\"Home\",\"item\":\"https:\\\/\\\/serbia.com\\\/srpski\\\/\"},{\"@type\":\"ListItem\",\"position\":2,\"name\":\"Poseti Srbiju\",\"item\":\"https:\\\/\\\/serbia.com\\\/srpski\\\/posetite-srbiju\\\/\"},{\"@type\":\"ListItem\",\"position\":3,\"name\":\"Kulturne atrakcije\",\"item\":\"https:\\\/\\\/serbia.com\\\/srpski\\\/posetite-srbiju\\\/kulturne-atrakcije\\\/\"},{\"@type\":\"ListItem\",\"position\":4,\"name\":\"Manastiri i crkve\",\"item\":\"https:\\\/\\\/serbia.com\\\/srpski\\\/posetite-srbiju\\\/kulturne-atrakcije\\\/manastiri-i-crkve\\\/\"},{\"@type\":\"ListItem\",\"position\":5,\"name\":\"Manastir Kru\u0161edol, ve\u010dni dom srpskih velikana\"}]},{\"@type\":\"WebSite\",\"@id\":\"https:\\\/\\\/serbia.com\\\/#website\",\"url\":\"https:\\\/\\\/serbia.com\\\/\",\"name\":\"Serbia.com\",\"description\":\"Your Gateway to Serbia\",\"potentialAction\":[{\"@type\":\"SearchAction\",\"target\":{\"@type\":\"EntryPoint\",\"urlTemplate\":\"https:\\\/\\\/serbia.com\\\/?s={search_term_string}\"},\"query-input\":{\"@type\":\"PropertyValueSpecification\",\"valueRequired\":true,\"valueName\":\"search_term_string\"}}],\"inLanguage\":\"srpski\"}]}<\/script>\n<!-- \/ Yoast SEO plugin. -->","yoast_head_json":{"title":"Manastir Kru\u0161edol, ve\u010dni dom srpskih velikana - Serbia.com","robots":{"index":"index","follow":"follow","max-snippet":"max-snippet:-1","max-image-preview":"max-image-preview:large","max-video-preview":"max-video-preview:-1"},"canonical":"https:\/\/serbia.com\/srpski\/posetite-srbiju\/kulturne-atrakcije\/manastiri-i-crkve\/manastir-krusedol-vecni-dom-srpskih-velikana\/","og_locale":"en_US","og_type":"article","og_title":"Manastir Kru\u0161edol, ve\u010dni dom srpskih velikana - Serbia.com","og_description":"Stoletne \u0161ume ju\u017enih obronaka Fru\u0161ke Gore vekovima skrivaju manastir Kru\u0161edol, svetili\u0161te u kome se i danas nalaze mo\u0161ti srpskih despota, patrijarha i jednog kralja. Fru\u0161ka Gora, ljupko uzvi\u0161enje koje dominira [&hellip;]","og_url":"https:\/\/serbia.com\/srpski\/posetite-srbiju\/kulturne-atrakcije\/manastiri-i-crkve\/manastir-krusedol-vecni-dom-srpskih-velikana\/","og_site_name":"Serbia.com","article_modified_time":"2016-02-25T12:18:32+00:00","og_image":[{"width":1601,"height":669,"url":"https:\/\/serbia.com\/wp-content\/uploads\/2015\/05\/krusedol.jpg","type":"image\/jpeg"}],"twitter_misc":{"Est. reading time":"4 minutes"},"schema":{"@context":"https:\/\/schema.org","@graph":[{"@type":"WebPage","@id":"https:\/\/serbia.com\/srpski\/posetite-srbiju\/kulturne-atrakcije\/manastiri-i-crkve\/manastir-krusedol-vecni-dom-srpskih-velikana\/","url":"https:\/\/serbia.com\/srpski\/posetite-srbiju\/kulturne-atrakcije\/manastiri-i-crkve\/manastir-krusedol-vecni-dom-srpskih-velikana\/","name":"Manastir Kru\u0161edol, ve\u010dni dom srpskih velikana - Serbia.com","isPartOf":{"@id":"https:\/\/serbia.com\/#website"},"primaryImageOfPage":{"@id":"https:\/\/serbia.com\/srpski\/posetite-srbiju\/kulturne-atrakcije\/manastiri-i-crkve\/manastir-krusedol-vecni-dom-srpskih-velikana\/#primaryimage"},"image":{"@id":"https:\/\/serbia.com\/srpski\/posetite-srbiju\/kulturne-atrakcije\/manastiri-i-crkve\/manastir-krusedol-vecni-dom-srpskih-velikana\/#primaryimage"},"thumbnailUrl":"https:\/\/serbia.com\/wp-content\/uploads\/2015\/05\/krusedol.jpg","datePublished":"2015-05-13T10:18:09+00:00","dateModified":"2016-02-25T12:18:32+00:00","breadcrumb":{"@id":"https:\/\/serbia.com\/srpski\/posetite-srbiju\/kulturne-atrakcije\/manastiri-i-crkve\/manastir-krusedol-vecni-dom-srpskih-velikana\/#breadcrumb"},"inLanguage":"srpski","potentialAction":[{"@type":"ReadAction","target":["https:\/\/serbia.com\/srpski\/posetite-srbiju\/kulturne-atrakcije\/manastiri-i-crkve\/manastir-krusedol-vecni-dom-srpskih-velikana\/"]}]},{"@type":"ImageObject","inLanguage":"srpski","@id":"https:\/\/serbia.com\/srpski\/posetite-srbiju\/kulturne-atrakcije\/manastiri-i-crkve\/manastir-krusedol-vecni-dom-srpskih-velikana\/#primaryimage","url":"https:\/\/serbia.com\/wp-content\/uploads\/2015\/05\/krusedol.jpg","contentUrl":"https:\/\/serbia.com\/wp-content\/uploads\/2015\/05\/krusedol.jpg","width":1601,"height":669},{"@type":"BreadcrumbList","@id":"https:\/\/serbia.com\/srpski\/posetite-srbiju\/kulturne-atrakcije\/manastiri-i-crkve\/manastir-krusedol-vecni-dom-srpskih-velikana\/#breadcrumb","itemListElement":[{"@type":"ListItem","position":1,"name":"Home","item":"https:\/\/serbia.com\/srpski\/"},{"@type":"ListItem","position":2,"name":"Poseti Srbiju","item":"https:\/\/serbia.com\/srpski\/posetite-srbiju\/"},{"@type":"ListItem","position":3,"name":"Kulturne atrakcije","item":"https:\/\/serbia.com\/srpski\/posetite-srbiju\/kulturne-atrakcije\/"},{"@type":"ListItem","position":4,"name":"Manastiri i crkve","item":"https:\/\/serbia.com\/srpski\/posetite-srbiju\/kulturne-atrakcije\/manastiri-i-crkve\/"},{"@type":"ListItem","position":5,"name":"Manastir Kru\u0161edol, ve\u010dni dom srpskih velikana"}]},{"@type":"WebSite","@id":"https:\/\/serbia.com\/#website","url":"https:\/\/serbia.com\/","name":"Serbia.com","description":"Your Gateway to Serbia","potentialAction":[{"@type":"SearchAction","target":{"@type":"EntryPoint","urlTemplate":"https:\/\/serbia.com\/?s={search_term_string}"},"query-input":{"@type":"PropertyValueSpecification","valueRequired":true,"valueName":"search_term_string"}}],"inLanguage":"srpski"}]}},"brizy_media":[],"_links":{"self":[{"href":"https:\/\/serbia.com\/srpski\/wp-json\/wp\/v2\/pages\/31866","targetHints":{"allow":["GET"]}}],"collection":[{"href":"https:\/\/serbia.com\/srpski\/wp-json\/wp\/v2\/pages"}],"about":[{"href":"https:\/\/serbia.com\/srpski\/wp-json\/wp\/v2\/types\/page"}],"author":[{"embeddable":true,"href":"https:\/\/serbia.com\/srpski\/wp-json\/wp\/v2\/users\/27"}],"replies":[{"embeddable":true,"href":"https:\/\/serbia.com\/srpski\/wp-json\/wp\/v2\/comments?post=31866"}],"version-history":[{"count":0,"href":"https:\/\/serbia.com\/srpski\/wp-json\/wp\/v2\/pages\/31866\/revisions"}],"up":[{"embeddable":true,"href":"https:\/\/serbia.com\/srpski\/wp-json\/wp\/v2\/pages\/20454"}],"wp:featuredmedia":[{"embeddable":true,"href":"https:\/\/serbia.com\/srpski\/wp-json\/wp\/v2\/media\/31858"}],"wp:attachment":[{"href":"https:\/\/serbia.com\/srpski\/wp-json\/wp\/v2\/media?parent=31866"}],"wp:term":[{"taxonomy":"category","embeddable":true,"href":"https:\/\/serbia.com\/srpski\/wp-json\/wp\/v2\/categories?post=31866"},{"taxonomy":"post_tag","embeddable":true,"href":"https:\/\/serbia.com\/srpski\/wp-json\/wp\/v2\/tags?post=31866"}],"curies":[{"name":"wp","href":"https:\/\/api.w.org\/{rel}","templated":true}]}}