{"id":31849,"date":"2015-05-12T16:30:37","date_gmt":"2015-05-12T14:30:37","guid":{"rendered":"http:\/\/www.serbia.com\/?page_id=31849"},"modified":"2024-10-01T11:48:34","modified_gmt":"2024-10-01T09:48:34","slug":"studenica-manastir-dragocenih-fresaka","status":"publish","type":"page","link":"https:\/\/serbia.com\/srpski\/posetite-srbiju\/kulturne-atrakcije\/manastiri-i-crkve\/studenica-manastir-dragocenih-fresaka\/","title":{"rendered":"Studenica, manastir dragocenih fresaka"},"content":{"rendered":"<h4>Iako vi\u0161e puta razaran, manastir Studenica ve\u0107 vi\u0161e od osam vekova na obroncima planine Rado\u010delo \u010duva neke od najlep\u0161ih srednjovekovnih fresaka.<\/h4>\n<p>Manastir Studenica smatra se jednim od najve\u0107ih bogastava Srpske Pravoslavne crkve, a ljudi koji su ga posetili ka\u017eu da ga posebnim \u010dini kombinacija ra\u0161ko-vizantijskog stila i belog mermera, kao i njegove bo\u017eanstvene <strong><a title=\"Freske \u2013 slikarstvo bez premca\" href=\"http:\/\/www.serbia.com\/srpski\/freske-slikarstvo-bez-premca-2\/\">freske<\/a> od kojih najstarije datiraju jo\u0161 iz XII veka.<\/strong><\/p>\n<p>Mnogi vernici i poznavaoci srednjovekovne kulture u Studenicu dolaze samo da bi videli <em><strong>\u201cRaspe\u0107e Isusa Hrista\u201d<\/strong><\/em> (Studeni\u010dko raspe\u0107e), fresku koja se smatra jednom od najlep\u0161ih u Srbiji. Na njoj dominira vizantijsko-plava boja koja je po\u010detkom XIII veka bila skuplja od zlata. Za litar ove dragocene boje tada je trebalo izdvojiti vi\u0161e od kilograma plemenitog metala.<\/p>\n<p>Studenicu je 1190. godine kao posvetu Uspenju presvete Bogorodice podigao <a title=\"Kako su se sreli Fridrih I Barbarosa i Stefan Nemanja?\" href=\"http:\/\/www.serbia.com\/srpski\/pomoc-nemackom-caru-2\/\">Stefan Nemanja<\/a>, tvorac srpske srednjovekovne dr\u017eave i rodona\u010delnik dinastije Nemanji\u0107.<\/p>\n<p><img loading=\"lazy\" decoding=\"async\" class=\"aligncenter wp-image-18608\" src=\"http:\/\/www.serbia.com\/wp-content\/uploads\/2012\/12\/Studenicaxxl_22881951.jpg\" alt=\"Studenicaxxl_22881951\" width=\"800\" height=\"534\" srcset=\"https:\/\/serbia.com\/wp-content\/uploads\/2012\/12\/Studenicaxxl_22881951.jpg 640w, https:\/\/serbia.com\/wp-content\/uploads\/2012\/12\/Studenicaxxl_22881951-300x200.jpg 300w\" sizes=\"(max-width: 800px) 100vw, 800px\" \/><\/p>\n<p>Pod starateljstvom njegovog najmla\u0111eg sina, prvog srpskog prosvetitelja <a title=\"Sveti Sava \u2013 princ, arhiepiskop, svetitelj\" href=\"http:\/\/www.serbia.com\/srpski\/sveti-sava-princ-arhiepiskop-svetitelj\/\">Svetog Save<\/a>, ona <strong>postaje politi\u010dki, duhovni i kulturni centar u kome se razvijaju za\u010deci medicine i \u0161kolstva u Srbiji<\/strong>. Sveti Sava je po ugledu na vizantijske manastirske bolnice u Studenici <strong>osnovao prvu srpsku medicinsku \u0161kolu<\/strong>, a zna\u010daj i blago manastira uve\u0107ao je opisuju\u0107i mona\u0161ki \u017eivot u njemu u vrlo zna\u010dajnom <strong>\u201cStudeni\u010dkom tipiku\u201c<\/strong>.<\/p>\n<p>Me\u0111utim, progres i rasko\u0161 vrlo su retko bili karakteristike pro\u0161losti srpskih srednjovekovnih manastira. Naprotiv, njihova istorija bila je izuzetno burna. U\u010destale plja\u010dke i ru\u0161enja nisu mimoi\u0161le ni Studenicu. Pa ipak, ona je svoje dragocene freske uspela da odbrani tokom \u010ditavih 8 vekova, iako je zna\u010dajan deo manastirskog nasle\u0111a upropa\u0161\u0107en.<\/p>\n<p>A pored uni\u0161tavanja fresaka, Turci su jo\u0161 na po\u010detku svoje vladavine ovim protorima pretopili olovnu krovnu konstrukciju manastira Studenica i od nje napravili municiju. Manastir je oplja\u010dkan i nakon velikog austrijsko-turskog rata (1683-1699), ali je najve\u0107a stradanja pretrpeo po\u010detkom XIX veka, za vreme Prvog srpskog ustanka.<\/p>\n<p>Plja\u010dke i skrnavljenja nisu bile jedina zla koja je Studenica pretrpela. Na\u017ealost, ovaj manastir je pre\u017eiveo i nestru\u010dnu obnovu 1846. godine, kada su restauratori preko starih fresaka nabacali novi sloj maltera. Ikonostas manastira obnovljen je u baroknom stilu koji se nikako ne sla\u017ee sa spolja\u0161njim, vizantijskim stilom.<\/p>\n<p>Sto godina kasnije stru\u010dnjaci su ipak uspeli da vrate prvobitan izgled zidovima manastira. Zbog svoje duhovne kulture, lepote i izuzetno zna\u010dajnih fresaka, manastir Studenica je 1986. godine uvr\u0161ten\u00a0na <a title=\"Srpski spomenici na listi svetske ba\u0161tine UNESCO\" href=\"http:\/\/www.serbia.com\/srpski\/srpski-spomenici-pod-zastitom-unesco\/\">listu Svetske kulturne ba\u0161tine UNESCO<\/a>.<\/p>\n<figure id=\"attachment_18609\" aria-describedby=\"caption-attachment-18609\" style=\"width: 800px\" class=\"wp-caption aligncenter\"><img loading=\"lazy\" decoding=\"async\" class=\"wp-image-18609\" src=\"http:\/\/www.serbia.com\/wp-content\/uploads\/2012\/12\/studenica-zima.jpg\" alt=\"studenica zima\" width=\"800\" height=\"531\" srcset=\"https:\/\/serbia.com\/wp-content\/uploads\/2012\/12\/studenica-zima.jpg 640w, https:\/\/serbia.com\/wp-content\/uploads\/2012\/12\/studenica-zima-300x199.jpg 300w\" sizes=\"(max-width: 800px) 100vw, 800px\" \/><figcaption id=\"caption-attachment-18609\" class=\"wp-caption-text\">Studenica pod snegom<\/figcaption><\/figure>\n<p>Studenica se nalazi na 57 km od <a title=\"Kraljevo, grad sedam kraljeva\" href=\"http:\/\/www.serbia.com\/srpski\/posetite-srbiju\/gradovi\/kraljevo-grad-sedam-kraljeva\/\" target=\"_blank\" rel=\"noopener\">Kraljeva<\/a>, a posebnu notu njenoj svetosti i lepoti daje divna priroda <strong>Rezervata biosfere \u201cGolija-Studenica<\/strong>\u201d u \u010dijem se okru\u017eenju nalazi.<\/p>\n<p>Danas ovaj manastir poseti oko 60.000 ljudi godi\u0161nje koji, osim \u0161to \u0161to \u017eele da vide freske, \u017eele i da odaju po\u010dast mo\u0161tima koje se u njemu nalaze. U manastiru Studenica po\u010divaju Stefan Nemanja, njegova supruga Anastasija i sinovi Vukan i Stefan Prvoven\u010dani, tako\u0111e zna\u010dajni srpski vladari.<\/p>\n<h4>Gde se nalazi manastir Studenica i kako do njega do\u0107i?<\/h4>\n<p>Ukoliko dolazite iz pravca <a title=\"Beograd\" href=\"http:\/\/www.serbia.com\/srpski\/posetite-srbiju\/gradovi\/beograd\/\" target=\"_blank\" rel=\"noopener\">Beograda<\/a>, do Studenice mo\u017eete sti\u0107i Ibarskom magistralom, preko Kraljeva i U\u0161\u0107a. U\u0161\u0107e je udaljeno od manastira 12 km, a potrebno je da pratite tablu \u201cManastir Studenica\u201d i na raskrsnici, pre mosta na reci Studenici, skrenete desno.<\/p>\n<p>Do U\u0161\u0107a postoji veliki broj autobuskih polazaka iz Beograda, a iz drugih pravaca mo\u017eete sti\u0107i bilo kojim autobusom koji saobra\u0107a do <a title=\"Novi Pazar, neobi\u010dan spoj istoka i zapada\" href=\"http:\/\/www.serbia.com\/srpski\/posetite-srbiju\/gradovi\/novi-pazar-neobican-spoj-istoka-i-zapada\/\" target=\"_blank\" rel=\"noopener\">Novog Pazara<\/a>. Odatle do U\u0161\u0107a postoje lokalni autobusi, a od U\u0161\u0107a do Studenice, saobra\u0107a oko 4 autobusa dnevno.<\/p>\n<h4>Kada ste ve\u0107 ovde, ne propustite\u2026<\/h4>\n<p><strong><a href=\"http:\/\/www.serbia.com\/srpski\/manastir-zica-pet-dobrih-razloga-zbog-kojih-je-treba-posetiti\/\" target=\"_blank\" rel=\"noopener\">Manastir \u017di\u010du<\/a><\/strong>, jedan od najlep\u0161ih manastira u Srbiji, a na putu do njega posetite i <strong>Mataru\u0161ku banju<\/strong>.<\/p>\n<p><a href=\"https:\/\/serbia.com\/srpski\/posetite-srbiju\/kulturne-atrakcije\/dvorci-i-tvrdave\/tvrdava-maglic-misteriozni-vremeplov-iz-13-veka\/\"><strong>Srednjevekovni grad Magli\u010d<\/strong><\/a> iz 13. veka, nalazi se na desnoj obali Ibra, oko 16 km ju\u017eno od <strong><a href=\"https:\/\/serbia.com\/srpski\/posetite-srbiju\/gradovi\/kraljevo-grad-sedam-kraljeva\/\">Kraljeva<\/a><\/strong>. Ako vas put nanese u ovaj kraj na prole\u0107e, zadivi\u0107e vas <a title=\"Dolina jorgovana: Dokaz ljubavi\" href=\"http:\/\/www.serbia.com\/srpski\/posetite-srbiju\/prirodne-lepote\/jedinstvena-priroda\/dolina-jorgovana-dokaz-ljubavi\/\" target=\"_blank\" rel=\"noopener\"><strong>Dolina jorgovana<\/strong><\/a> oko Magli\u010da, koju prati neobi\u010dna pri\u010da.<\/p>\n<p>Ako ste avanturista, u letnjem periodu ne propustite <strong>\u010darolije Ibra<\/strong> i dopustite da vas njegovi talasi ponesu na jedinstvenoj manifestaciji <strong>\u201cVeseli spust\u201d<\/strong> koja se odr\u017eava po\u010detkom jula.<\/p>\n","protected":false},"excerpt":{"rendered":"<p>Iako vi\u0161e puta razaran, manastir Studenica ve\u0107 vi\u0161e od osam vekova na obroncima planine Rado\u010delo \u010duva neke od najlep\u0161ih srednjovekovnih fresaka. Manastir Studenica smatra se jednim od najve\u0107ih bogastava Srpske [&hellip;]<\/p>\n","protected":false},"author":27,"featured_media":17514,"parent":20454,"menu_order":0,"comment_status":"closed","ping_status":"closed","template":"","meta":{"_acf_changed":false,"inline_featured_image":false,"_monsterinsights_skip_tracking":false,"_monsterinsights_sitenote_active":false,"_monsterinsights_sitenote_note":"","_monsterinsights_sitenote_category":0,"footnotes":""},"categories":[1667],"tags":[],"class_list":["post-31849","page","type-page","status-publish","has-post-thumbnail","hentry","category-manastiri-crkve-kulturne-atrakcije-sta-posetiti"],"acf":[],"yoast_head":"<!-- This site is optimized with the Yoast SEO plugin v23.8 - https:\/\/yoast.com\/wordpress\/plugins\/seo\/ -->\n<title>Studenica, manastir dragocenih fresaka - Serbia.com<\/title>\n<meta name=\"robots\" content=\"index, follow, max-snippet:-1, max-image-preview:large, max-video-preview:-1\" \/>\n<link rel=\"canonical\" href=\"https:\/\/serbia.com\/srpski\/posetite-srbiju\/kulturne-atrakcije\/manastiri-i-crkve\/studenica-manastir-dragocenih-fresaka\/\" \/>\n<meta property=\"og:locale\" content=\"en_US\" \/>\n<meta property=\"og:type\" content=\"article\" \/>\n<meta property=\"og:title\" content=\"Studenica, manastir dragocenih fresaka - Serbia.com\" \/>\n<meta property=\"og:description\" content=\"Iako vi\u0161e puta razaran, manastir Studenica ve\u0107 vi\u0161e od osam vekova na obroncima planine Rado\u010delo \u010duva neke od najlep\u0161ih srednjovekovnih fresaka. Manastir Studenica smatra se jednim od najve\u0107ih bogastava Srpske [&hellip;]\" \/>\n<meta property=\"og:url\" content=\"https:\/\/serbia.com\/srpski\/posetite-srbiju\/kulturne-atrakcije\/manastiri-i-crkve\/studenica-manastir-dragocenih-fresaka\/\" \/>\n<meta property=\"og:site_name\" content=\"Serbia.com\" \/>\n<meta property=\"article:modified_time\" content=\"2024-10-01T09:48:34+00:00\" \/>\n<meta property=\"og:image\" content=\"https:\/\/serbia.com\/wp-content\/uploads\/2012\/12\/Manastir-Studenica.jpg\" \/>\n\t<meta property=\"og:image:width\" content=\"1386\" \/>\n\t<meta property=\"og:image:height\" content=\"875\" \/>\n\t<meta property=\"og:image:type\" content=\"image\/jpeg\" \/>\n<meta name=\"twitter:label1\" content=\"Est. reading time\" \/>\n\t<meta name=\"twitter:data1\" content=\"4 minutes\" \/>\n<script type=\"application\/ld+json\" class=\"yoast-schema-graph\">{\"@context\":\"https:\/\/schema.org\",\"@graph\":[{\"@type\":\"WebPage\",\"@id\":\"https:\/\/serbia.com\/srpski\/posetite-srbiju\/kulturne-atrakcije\/manastiri-i-crkve\/studenica-manastir-dragocenih-fresaka\/\",\"url\":\"https:\/\/serbia.com\/srpski\/posetite-srbiju\/kulturne-atrakcije\/manastiri-i-crkve\/studenica-manastir-dragocenih-fresaka\/\",\"name\":\"Studenica, manastir dragocenih fresaka - Serbia.com\",\"isPartOf\":{\"@id\":\"https:\/\/serbia.com\/#website\"},\"primaryImageOfPage\":{\"@id\":\"https:\/\/serbia.com\/srpski\/posetite-srbiju\/kulturne-atrakcije\/manastiri-i-crkve\/studenica-manastir-dragocenih-fresaka\/#primaryimage\"},\"image\":{\"@id\":\"https:\/\/serbia.com\/srpski\/posetite-srbiju\/kulturne-atrakcije\/manastiri-i-crkve\/studenica-manastir-dragocenih-fresaka\/#primaryimage\"},\"thumbnailUrl\":\"https:\/\/serbia.com\/wp-content\/uploads\/2012\/12\/Manastir-Studenica.jpg\",\"datePublished\":\"2015-05-12T14:30:37+00:00\",\"dateModified\":\"2024-10-01T09:48:34+00:00\",\"breadcrumb\":{\"@id\":\"https:\/\/serbia.com\/srpski\/posetite-srbiju\/kulturne-atrakcije\/manastiri-i-crkve\/studenica-manastir-dragocenih-fresaka\/#breadcrumb\"},\"inLanguage\":\"srpski\",\"potentialAction\":[{\"@type\":\"ReadAction\",\"target\":[\"https:\/\/serbia.com\/srpski\/posetite-srbiju\/kulturne-atrakcije\/manastiri-i-crkve\/studenica-manastir-dragocenih-fresaka\/\"]}]},{\"@type\":\"ImageObject\",\"inLanguage\":\"srpski\",\"@id\":\"https:\/\/serbia.com\/srpski\/posetite-srbiju\/kulturne-atrakcije\/manastiri-i-crkve\/studenica-manastir-dragocenih-fresaka\/#primaryimage\",\"url\":\"https:\/\/serbia.com\/wp-content\/uploads\/2012\/12\/Manastir-Studenica.jpg\",\"contentUrl\":\"https:\/\/serbia.com\/wp-content\/uploads\/2012\/12\/Manastir-Studenica.jpg\",\"width\":1386,\"height\":875,\"caption\":\"The Studenica Monastery\"},{\"@type\":\"BreadcrumbList\",\"@id\":\"https:\/\/serbia.com\/srpski\/posetite-srbiju\/kulturne-atrakcije\/manastiri-i-crkve\/studenica-manastir-dragocenih-fresaka\/#breadcrumb\",\"itemListElement\":[{\"@type\":\"ListItem\",\"position\":1,\"name\":\"Home\",\"item\":\"https:\/\/serbia.com\/srpski\/\"},{\"@type\":\"ListItem\",\"position\":2,\"name\":\"Poseti Srbiju\",\"item\":\"https:\/\/serbia.com\/srpski\/posetite-srbiju\/\"},{\"@type\":\"ListItem\",\"position\":3,\"name\":\"Kulturne atrakcije\",\"item\":\"https:\/\/serbia.com\/srpski\/posetite-srbiju\/kulturne-atrakcije\/\"},{\"@type\":\"ListItem\",\"position\":4,\"name\":\"Manastiri i crkve\",\"item\":\"https:\/\/serbia.com\/srpski\/posetite-srbiju\/kulturne-atrakcije\/manastiri-i-crkve\/\"},{\"@type\":\"ListItem\",\"position\":5,\"name\":\"Studenica, manastir dragocenih fresaka\"}]},{\"@type\":\"WebSite\",\"@id\":\"https:\/\/serbia.com\/#website\",\"url\":\"https:\/\/serbia.com\/\",\"name\":\"Serbia.com\",\"description\":\"Your Gateway to Serbia\",\"potentialAction\":[{\"@type\":\"SearchAction\",\"target\":{\"@type\":\"EntryPoint\",\"urlTemplate\":\"https:\/\/serbia.com\/?s={search_term_string}\"},\"query-input\":{\"@type\":\"PropertyValueSpecification\",\"valueRequired\":true,\"valueName\":\"search_term_string\"}}],\"inLanguage\":\"srpski\"}]}<\/script>\n<!-- \/ Yoast SEO plugin. -->","yoast_head_json":{"title":"Studenica, manastir dragocenih fresaka - Serbia.com","robots":{"index":"index","follow":"follow","max-snippet":"max-snippet:-1","max-image-preview":"max-image-preview:large","max-video-preview":"max-video-preview:-1"},"canonical":"https:\/\/serbia.com\/srpski\/posetite-srbiju\/kulturne-atrakcije\/manastiri-i-crkve\/studenica-manastir-dragocenih-fresaka\/","og_locale":"en_US","og_type":"article","og_title":"Studenica, manastir dragocenih fresaka - Serbia.com","og_description":"Iako vi\u0161e puta razaran, manastir Studenica ve\u0107 vi\u0161e od osam vekova na obroncima planine Rado\u010delo \u010duva neke od najlep\u0161ih srednjovekovnih fresaka. Manastir Studenica smatra se jednim od najve\u0107ih bogastava Srpske [&hellip;]","og_url":"https:\/\/serbia.com\/srpski\/posetite-srbiju\/kulturne-atrakcije\/manastiri-i-crkve\/studenica-manastir-dragocenih-fresaka\/","og_site_name":"Serbia.com","article_modified_time":"2024-10-01T09:48:34+00:00","og_image":[{"width":1386,"height":875,"url":"https:\/\/serbia.com\/wp-content\/uploads\/2012\/12\/Manastir-Studenica.jpg","type":"image\/jpeg"}],"twitter_misc":{"Est. reading time":"4 minutes"},"schema":{"@context":"https:\/\/schema.org","@graph":[{"@type":"WebPage","@id":"https:\/\/serbia.com\/srpski\/posetite-srbiju\/kulturne-atrakcije\/manastiri-i-crkve\/studenica-manastir-dragocenih-fresaka\/","url":"https:\/\/serbia.com\/srpski\/posetite-srbiju\/kulturne-atrakcije\/manastiri-i-crkve\/studenica-manastir-dragocenih-fresaka\/","name":"Studenica, manastir dragocenih fresaka - Serbia.com","isPartOf":{"@id":"https:\/\/serbia.com\/#website"},"primaryImageOfPage":{"@id":"https:\/\/serbia.com\/srpski\/posetite-srbiju\/kulturne-atrakcije\/manastiri-i-crkve\/studenica-manastir-dragocenih-fresaka\/#primaryimage"},"image":{"@id":"https:\/\/serbia.com\/srpski\/posetite-srbiju\/kulturne-atrakcije\/manastiri-i-crkve\/studenica-manastir-dragocenih-fresaka\/#primaryimage"},"thumbnailUrl":"https:\/\/serbia.com\/wp-content\/uploads\/2012\/12\/Manastir-Studenica.jpg","datePublished":"2015-05-12T14:30:37+00:00","dateModified":"2024-10-01T09:48:34+00:00","breadcrumb":{"@id":"https:\/\/serbia.com\/srpski\/posetite-srbiju\/kulturne-atrakcije\/manastiri-i-crkve\/studenica-manastir-dragocenih-fresaka\/#breadcrumb"},"inLanguage":"srpski","potentialAction":[{"@type":"ReadAction","target":["https:\/\/serbia.com\/srpski\/posetite-srbiju\/kulturne-atrakcije\/manastiri-i-crkve\/studenica-manastir-dragocenih-fresaka\/"]}]},{"@type":"ImageObject","inLanguage":"srpski","@id":"https:\/\/serbia.com\/srpski\/posetite-srbiju\/kulturne-atrakcije\/manastiri-i-crkve\/studenica-manastir-dragocenih-fresaka\/#primaryimage","url":"https:\/\/serbia.com\/wp-content\/uploads\/2012\/12\/Manastir-Studenica.jpg","contentUrl":"https:\/\/serbia.com\/wp-content\/uploads\/2012\/12\/Manastir-Studenica.jpg","width":1386,"height":875,"caption":"The Studenica Monastery"},{"@type":"BreadcrumbList","@id":"https:\/\/serbia.com\/srpski\/posetite-srbiju\/kulturne-atrakcije\/manastiri-i-crkve\/studenica-manastir-dragocenih-fresaka\/#breadcrumb","itemListElement":[{"@type":"ListItem","position":1,"name":"Home","item":"https:\/\/serbia.com\/srpski\/"},{"@type":"ListItem","position":2,"name":"Poseti Srbiju","item":"https:\/\/serbia.com\/srpski\/posetite-srbiju\/"},{"@type":"ListItem","position":3,"name":"Kulturne atrakcije","item":"https:\/\/serbia.com\/srpski\/posetite-srbiju\/kulturne-atrakcije\/"},{"@type":"ListItem","position":4,"name":"Manastiri i crkve","item":"https:\/\/serbia.com\/srpski\/posetite-srbiju\/kulturne-atrakcije\/manastiri-i-crkve\/"},{"@type":"ListItem","position":5,"name":"Studenica, manastir dragocenih fresaka"}]},{"@type":"WebSite","@id":"https:\/\/serbia.com\/#website","url":"https:\/\/serbia.com\/","name":"Serbia.com","description":"Your Gateway to Serbia","potentialAction":[{"@type":"SearchAction","target":{"@type":"EntryPoint","urlTemplate":"https:\/\/serbia.com\/?s={search_term_string}"},"query-input":{"@type":"PropertyValueSpecification","valueRequired":true,"valueName":"search_term_string"}}],"inLanguage":"srpski"}]}},"_links":{"self":[{"href":"https:\/\/serbia.com\/srpski\/wp-json\/wp\/v2\/pages\/31849"}],"collection":[{"href":"https:\/\/serbia.com\/srpski\/wp-json\/wp\/v2\/pages"}],"about":[{"href":"https:\/\/serbia.com\/srpski\/wp-json\/wp\/v2\/types\/page"}],"author":[{"embeddable":true,"href":"https:\/\/serbia.com\/srpski\/wp-json\/wp\/v2\/users\/27"}],"replies":[{"embeddable":true,"href":"https:\/\/serbia.com\/srpski\/wp-json\/wp\/v2\/comments?post=31849"}],"version-history":[{"count":1,"href":"https:\/\/serbia.com\/srpski\/wp-json\/wp\/v2\/pages\/31849\/revisions"}],"predecessor-version":[{"id":55177,"href":"https:\/\/serbia.com\/srpski\/wp-json\/wp\/v2\/pages\/31849\/revisions\/55177"}],"up":[{"embeddable":true,"href":"https:\/\/serbia.com\/srpski\/wp-json\/wp\/v2\/pages\/20454"}],"wp:featuredmedia":[{"embeddable":true,"href":"https:\/\/serbia.com\/srpski\/wp-json\/wp\/v2\/media\/17514"}],"wp:attachment":[{"href":"https:\/\/serbia.com\/srpski\/wp-json\/wp\/v2\/media?parent=31849"}],"wp:term":[{"taxonomy":"category","embeddable":true,"href":"https:\/\/serbia.com\/srpski\/wp-json\/wp\/v2\/categories?post=31849"},{"taxonomy":"post_tag","embeddable":true,"href":"https:\/\/serbia.com\/srpski\/wp-json\/wp\/v2\/tags?post=31849"}],"curies":[{"name":"wp","href":"https:\/\/api.w.org\/{rel}","templated":true}]}}