{"id":31835,"date":"2015-05-12T15:51:33","date_gmt":"2015-05-12T13:51:33","guid":{"rendered":"http:\/\/www.serbia.com\/?page_id=31835"},"modified":"2024-10-01T11:57:42","modified_gmt":"2024-10-01T09:57:42","slug":"manastir-sopocani","status":"publish","type":"page","link":"https:\/\/serbia.com\/srpski\/posetite-srbiju\/kulturne-atrakcije\/manastiri-i-crkve\/manastir-sopocani\/","title":{"rendered":"Manastir Sopo\u0107ani"},"content":{"rendered":"<h4>Freske manastira Sopo\u0107ani, \u010diji naziv na staroslovenskom zna\u010di \u201cizvor\u201d, predstavljaju remek-dela slikarstva oven\u010dana svetskom slavom.<\/h4>\n<p>Manastir Sopo\u0107ani, posve\u0107en Svetoj Trojici, podigao je <strong>srpski kralj Stefan Uro\u0161 I<\/strong> (1243-1276) nedaleko od izvora reke Ra\u0161ke, na 17 kilometara od <a title=\"Novi Pazar, neobi\u010dan spoj istoka i zapada\" href=\"http:\/\/www.serbia.com\/srpski\/posetite-srbiju\/gradovi\/novi-pazar-neobican-spoj-istoka-i-zapada\/\" target=\"_blank\" rel=\"noopener\">Novog Pazara<\/a>. Zadu\u017ebina tre\u0107eg sina kralja Stefana Prvoven\u010danog svojom veli\u010dinom i lepotom nadma\u0161uje sve do tada izgra\u0111ene srpske crkve.<\/p>\n<p><a title=\"Freske \u2013 slikarstvo bez premca\" href=\"http:\/\/www.serbia.com\/srpski\/freske-slikarstvo-bez-premca-2\/\">Freske<\/a> manastira Sopo\u0107ani su pravo remek-delo umetnosti, \u0161to je mnogo godina kasnije Sopo\u0107anima donelo svetsku slavu. Danas je ovo jedan od najzna\u010dajnijih srpskih kulturnih spomenika, koji je 1979. godine uvr\u0161\u0107en na <a title=\"Srpski spomenici na listi svetske ba\u0161tine UNESCO\" href=\"http:\/\/www.serbia.com\/srpski\/srpski-spomenici-pod-zastitom-unesco\/\">listu svetske ba\u0161tine UNESCO<\/a>.<\/p>\n<p>Ta\u010dan period izgradnje manastira Sopo\u0107ani nije poznat, ali je to najverovatnije bilo oko 1260. godine \u0161to je utvr\u0111eno u odnosu na \u010dinjenicu da je \u017eivopis manastira nastao \u0161ezdesetih godina 13. veka. <strong>Sopo\u0107ani predstavljaju izvanredan primerak ra\u0161ke \u0161kole graditeljstva.<\/strong> Ime poti\u010de od staroslovenske re\u010di \u201csopot\u201d, \u0161to zna\u010di \u201cizvor\u201d.<\/p>\n<p>Sopo\u0107anska crkva ima oblik trobrodne romani\u010dke bazilike sa masivnom polukru\u017enom apsidom na sredi\u0161njem delu naosa, a uz crkvu se nalazi i veliki zvonik. Fasada crkve je bila oblo\u017eena fresko-malterom, a zatim obojena ornamentikom u beloj, oker i karmin boji. Tokom vekova fasadna ornamentika je izgubljena.<\/p>\n<p>Unutra\u0161njost crkve ukra\u0161ena je dekoracijama u obojenoj <strong>\u0161tuko-plastici<\/strong>. Sopo\u0107ansko fresko slikarstvo u znatnoj meri je o\u010duvano zahvaljuju\u0107i kvalitetnoj izradi i predstavlja jedno od najve\u0107ih dostignu\u0107a monumentalnog zidnog slikarstva u Srbiji. Najzna\u010dajnije oslikane zidne povr\u0161ine se nalaze u centralnom brodu hrama, tj. u oltaru, naosu i priprati.<\/p>\n<p>\u010cuvena je <strong>grandiozna kompozicija Bogorodi\u010dinog Uspenja<\/strong>, koja se nalazi na zidu glavnog dela hrama. Ova veli\u010danstvena scena ura\u0111ena je na povr\u0161ini preko 30 kvadratnih metara. U sredi\u0161tu kompozicije se nalazi odar Bogorodice uz koje stoje Hrist, an\u0111eli, apostoli, arhijereji i mnogi junaci pognutih glava.<\/p>\n<figure id=\"attachment_18636\" aria-describedby=\"caption-attachment-18636\" style=\"width: 800px\" class=\"wp-caption aligncenter\"><img loading=\"lazy\" decoding=\"async\" class=\"wp-image-18636\" src=\"http:\/\/www.serbia.com\/wp-content\/uploads\/2012\/11\/Uspenje_presvete_Bogorodice_-_Sopocani.jpg\" alt=\"Uspenje_presvete_Bogorodice_-_Sopocani\" width=\"800\" height=\"443\" srcset=\"https:\/\/serbia.com\/wp-content\/uploads\/2012\/11\/Uspenje_presvete_Bogorodice_-_Sopocani.jpg 640w, https:\/\/serbia.com\/wp-content\/uploads\/2012\/11\/Uspenje_presvete_Bogorodice_-_Sopocani-300x165.jpg 300w\" sizes=\"(max-width: 800px) 100vw, 800px\" \/><figcaption id=\"caption-attachment-18636\" class=\"wp-caption-text\">Freska \u201cUspenje presvete Bogorodice\u201d<\/figcaption><\/figure>\n<p>Od izuzetnog istorijskog i umetni\u010dkog zna\u010daja su i <strong>freske sa scenama iz \u017eivota Svetog Simeona<\/strong>, odnosno <a title=\"Kako su se sreli Fridrih I Barbarosa i Stefan Nemanja?\" href=\"http:\/\/www.serbia.com\/srpski\/pomoc-nemackom-caru-2\/\">Stefana Nemanje<\/a>, osniva\u010da srpske srednjovekovne dinastije Nemanji\u0107. Ove kompozicije prikazuju njegovu smrt i prenos mo\u0161tiju u <a title=\"Studenica, manastir dragocenih fresaka\" href=\"http:\/\/www.serbia.com\/srpski\/posetite-srbiju\/kulturne-atrakcije\/manastiri-i-crkve\/studenica-manastir-dragocenih-fresaka\/\" target=\"_blank\" rel=\"noopener\">Studenicu<\/a>. Veliki broj fresaka je dobro o\u010duvan uprkos dugoj zapu\u0161tenosti, a samo zlatni listi\u0107i sa fresaka nisu odoleli vremenu.<\/p>\n<p>Kralj Stefan Uro\u0161 I nije odmah nakon smrti bio sahranjen u manastiru. Naime, njega je 1276. godine sa prestola zbacio najstariji sin Dragutin, nakon \u010dega se Uro\u0161 zamona\u0161io i povukao u manastir u Humu. Tek nakon 1282. godine i dolaska na presto kralja Milutina, telo Uro\u0161a je preba\u010deno u pripremljen grob u manastiru.<\/p>\n<p><strong>Sopo\u0107ani su bili u ru\u0161evinama i napu\u0161teni vi\u0161e od dva i po veka nakon \u0161to su razoreni od strane Turaka.<\/strong><\/p>\n<p>Manastir je obnovljen u prvoj polovini 20. veka, a zatim je ponovo o\u0161te\u0107en u Drugom svetskom ratu. Nakon rata, pa sve do danas traju restauratorski i konzervatorski radovi na o\u010duvanju ovog dragulja srpske srednjovekovne arhitekture i ktitorstva.<\/p>\n<h4>Gde se manastir Sopo\u0107ani i kako do njega sti\u0107i?<\/h4>\n<p>Sopo\u0107ani se nalaze u centralnoj Srbiji, kod Novog Pazara koji je udaljen od <a title=\"Beograd\" href=\"http:\/\/www.serbia.com\/srpski\/posetite-srbiju\/gradovi\/beograd\/\" target=\"_blank\" rel=\"noopener\">Beograda<\/a> 290 km.<\/p>\n<p>Ako dolazite automobilom iz pravca Beograda, najbolje je da idete putem koji preko Ibarske magistrale vodi prema Podgorici, preko Lazarevca, Ljiga, Preljine, <a title=\"Kraljevo, grad sedam kraljeva\" href=\"http:\/\/www.serbia.com\/srpski\/posetite-srbiju\/gradovi\/kraljevo-grad-sedam-kraljeva\/\" target=\"_blank\" rel=\"noopener\">Kraljeva<\/a> i Ra\u0161ke.<\/p>\n<p>Sopo\u0107ani se nalaze na brdu, 10 km zapadno od grada na kome se, tako\u0111e, nalaze ostaci <strong>starog grada Ras<\/strong>, <strong>Sopo\u0107ani<\/strong> i <strong>Crkva svetih apostola Petra i Pavla<\/strong>.<\/p>\n<h4>Kada ste ovde, ne propustite\u2026<\/h4>\n<p>\u2026<strong>crkvu svetih apostola Petra i Pavla<\/strong> koja se tako\u0111e nalazi pod za\u0161titom UNESCO a nalazi se nalazi se na po\u010detku puta za <a title=\"Manastir \u0110ur\u0111evi stupovi\" href=\"http:\/\/www.serbia.com\/srpski\/posetite-srbiju\/kulturne-atrakcije\/manastiri-i-crkve\/manastir-durdevi-stupovi\/\" target=\"_blank\" rel=\"noopener\">\u0110ur\u0111eve stupove<\/a>, u podno\u017eju brda, na samo 2 km od Novog Pazara.<\/p>\n<p>Pro\u0161etajte<a title=\"Novi Pazar, neobi\u010dan spoj istoka i zapada\" href=\"http:\/\/www.serbia.com\/srpski\/posetite-srbiju\/gradovi\/novi-pazar-neobican-spoj-istoka-i-zapada\/\" target=\"_blank\" rel=\"noopener\"><strong> Novim Pazarom<\/strong><\/a> i osetite me\u0161avinu Istoka i Zapada, Hri\u0161\u0107anstva i Islama. Ne izostavite <strong>Staru \u010dar\u0161iju<\/strong> a u njoj <strong>Novopazarsku tvr\u0111avu<\/strong> iz 15 veka. Spomenike islamske kulturne ba\u0161tine: <strong>Altun \u2013 alem d\u017eamiju<\/strong>, sagra\u0111enu u prvoj polovini XVI veka, kao i <strong>Ahmed Vojvoda d\u017emiju<\/strong> \u2013 jednu od najstarijih gra\u0111evina u Novom Pazaru, a poti\u010de iz istog perioda.<\/p>\n<p>Pored spomenika kulture, okolinu Novog Pazara odlikuje savr\u0161ena priroda. Zbog toga, ne propustite da odete do <a title=\"Uvac, remek-delo prirode\" href=\"http:\/\/www.serbia.com\/srpski\/posetite-srbiju\/prirodne-lepote\/jedinstvena-priroda\/uvac-remek-delo-prirode\/\" target=\"_blank\" rel=\"noopener\"><strong>kanjona Uvca<\/strong><\/a> \u2013 \u201csrpskog Kolorada\u201d, sme\u0161etenog u specijalnom rezervatu prirode Uvac, u Pe\u0161terskoj visoravni, kada se krene ka <strong>Sjenici<\/strong>.<\/p>\n<p>Ako po\u0111ete na drugu stranu, i pro\u0111ete Ra\u0161ku, nailazite na <a title=\"Kopaonik, sun\u010dana planina puna srebra\" href=\"http:\/\/www.serbia.com\/srpski\/posetite-srbiju\/prirodne-lepote\/planine\/kopaonik-suncana-planina-puna-srebra\/\" target=\"_blank\" rel=\"noopener\"><strong>Kopaonik<\/strong><\/a>, jednu od najlep\u0161ih i najpose\u0107enijih planina Srbije, koja i leti i zimi pru\u017ea razli\u010dite mogu\u0107nosti za kvalitetan odmor i zabavu, a u zimskom periodu idealne uslove za sportove na snegu.<\/p>\n<p>Na samo 32 km severno od Novog Pazara nalzi se <strong><a href=\"http:\/\/www.serbia.com\/srpski\/planina-golija-nestvarno-sumsko-carstvo\/\" target=\"_blank\" rel=\"noopener\">Golija<\/a><\/strong> \u2013 planinski turisti\u010dki centar sa savremeno ure\u0111enim ski-stazama ali i \u0161irokim proplancima za \u0161etnje i <a title=\"Planinarenje i pe\u0161a\u010denje\" href=\"http:\/\/www.serbia.com\/srpski\/posetite-srbiju\/provedi-se\/rekreacija\/planinarenje-i-pesacenje\/\" target=\"_blank\" rel=\"noopener\">planinarenje<\/a>.<\/p>\n","protected":false},"excerpt":{"rendered":"<p>Freske manastira Sopo\u0107ani, \u010diji naziv na staroslovenskom zna\u010di \u201cizvor\u201d, predstavljaju remek-dela slikarstva oven\u010dana svetskom slavom. Manastir Sopo\u0107ani, posve\u0107en Svetoj Trojici, podigao je srpski kralj Stefan Uro\u0161 I (1243-1276) nedaleko od [&hellip;]<\/p>\n","protected":false},"author":27,"featured_media":30115,"parent":20454,"menu_order":0,"comment_status":"closed","ping_status":"closed","template":"","meta":{"_acf_changed":false,"inline_featured_image":false,"_monsterinsights_skip_tracking":false,"_monsterinsights_sitenote_active":false,"_monsterinsights_sitenote_note":"","_monsterinsights_sitenote_category":0,"footnotes":""},"categories":[1667],"tags":[],"class_list":["post-31835","page","type-page","status-publish","has-post-thumbnail","hentry","category-manastiri-crkve-kulturne-atrakcije-sta-posetiti"],"acf":[],"yoast_head":"<!-- This site is optimized with the Yoast SEO plugin v23.8 - https:\/\/yoast.com\/wordpress\/plugins\/seo\/ -->\n<title>Manastir Sopo\u0107ani - Serbia.com<\/title>\n<meta name=\"robots\" content=\"index, follow, max-snippet:-1, max-image-preview:large, max-video-preview:-1\" \/>\n<link rel=\"canonical\" href=\"https:\/\/serbia.com\/srpski\/posetite-srbiju\/kulturne-atrakcije\/manastiri-i-crkve\/manastir-sopocani\/\" \/>\n<meta property=\"og:locale\" content=\"en_US\" \/>\n<meta property=\"og:type\" content=\"article\" \/>\n<meta property=\"og:title\" content=\"Manastir Sopo\u0107ani - Serbia.com\" \/>\n<meta property=\"og:description\" content=\"Freske manastira Sopo\u0107ani, \u010diji naziv na staroslovenskom zna\u010di \u201cizvor\u201d, predstavljaju remek-dela slikarstva oven\u010dana svetskom slavom. Manastir Sopo\u0107ani, posve\u0107en Svetoj Trojici, podigao je srpski kralj Stefan Uro\u0161 I (1243-1276) nedaleko od [&hellip;]\" \/>\n<meta property=\"og:url\" content=\"https:\/\/serbia.com\/srpski\/posetite-srbiju\/kulturne-atrakcije\/manastiri-i-crkve\/manastir-sopocani\/\" \/>\n<meta property=\"og:site_name\" content=\"Serbia.com\" \/>\n<meta property=\"article:modified_time\" content=\"2024-10-01T09:57:42+00:00\" \/>\n<meta property=\"og:image\" content=\"https:\/\/serbia.com\/wp-content\/uploads\/2015\/03\/Sopo\u0107aniserbiaa.jpg\" \/>\n\t<meta property=\"og:image:width\" content=\"1600\" \/>\n\t<meta property=\"og:image:height\" content=\"703\" \/>\n\t<meta property=\"og:image:type\" content=\"image\/jpeg\" \/>\n<meta name=\"twitter:label1\" content=\"Est. reading time\" \/>\n\t<meta name=\"twitter:data1\" content=\"4 minutes\" \/>\n<script type=\"application\/ld+json\" class=\"yoast-schema-graph\">{\"@context\":\"https:\/\/schema.org\",\"@graph\":[{\"@type\":\"WebPage\",\"@id\":\"https:\/\/serbia.com\/srpski\/posetite-srbiju\/kulturne-atrakcije\/manastiri-i-crkve\/manastir-sopocani\/\",\"url\":\"https:\/\/serbia.com\/srpski\/posetite-srbiju\/kulturne-atrakcije\/manastiri-i-crkve\/manastir-sopocani\/\",\"name\":\"Manastir Sopo\u0107ani - Serbia.com\",\"isPartOf\":{\"@id\":\"https:\/\/serbia.com\/#website\"},\"primaryImageOfPage\":{\"@id\":\"https:\/\/serbia.com\/srpski\/posetite-srbiju\/kulturne-atrakcije\/manastiri-i-crkve\/manastir-sopocani\/#primaryimage\"},\"image\":{\"@id\":\"https:\/\/serbia.com\/srpski\/posetite-srbiju\/kulturne-atrakcije\/manastiri-i-crkve\/manastir-sopocani\/#primaryimage\"},\"thumbnailUrl\":\"https:\/\/serbia.com\/wp-content\/uploads\/2015\/03\/Sopo\u0107aniserbiaa.jpg\",\"datePublished\":\"2015-05-12T13:51:33+00:00\",\"dateModified\":\"2024-10-01T09:57:42+00:00\",\"breadcrumb\":{\"@id\":\"https:\/\/serbia.com\/srpski\/posetite-srbiju\/kulturne-atrakcije\/manastiri-i-crkve\/manastir-sopocani\/#breadcrumb\"},\"inLanguage\":\"srpski\",\"potentialAction\":[{\"@type\":\"ReadAction\",\"target\":[\"https:\/\/serbia.com\/srpski\/posetite-srbiju\/kulturne-atrakcije\/manastiri-i-crkve\/manastir-sopocani\/\"]}]},{\"@type\":\"ImageObject\",\"inLanguage\":\"srpski\",\"@id\":\"https:\/\/serbia.com\/srpski\/posetite-srbiju\/kulturne-atrakcije\/manastiri-i-crkve\/manastir-sopocani\/#primaryimage\",\"url\":\"https:\/\/serbia.com\/wp-content\/uploads\/2015\/03\/Sopo\u0107aniserbiaa.jpg\",\"contentUrl\":\"https:\/\/serbia.com\/wp-content\/uploads\/2015\/03\/Sopo\u0107aniserbiaa.jpg\",\"width\":1600,\"height\":703},{\"@type\":\"BreadcrumbList\",\"@id\":\"https:\/\/serbia.com\/srpski\/posetite-srbiju\/kulturne-atrakcije\/manastiri-i-crkve\/manastir-sopocani\/#breadcrumb\",\"itemListElement\":[{\"@type\":\"ListItem\",\"position\":1,\"name\":\"Home\",\"item\":\"https:\/\/serbia.com\/srpski\/\"},{\"@type\":\"ListItem\",\"position\":2,\"name\":\"Poseti Srbiju\",\"item\":\"https:\/\/serbia.com\/srpski\/posetite-srbiju\/\"},{\"@type\":\"ListItem\",\"position\":3,\"name\":\"Kulturne atrakcije\",\"item\":\"https:\/\/serbia.com\/srpski\/posetite-srbiju\/kulturne-atrakcije\/\"},{\"@type\":\"ListItem\",\"position\":4,\"name\":\"Manastiri i crkve\",\"item\":\"https:\/\/serbia.com\/srpski\/posetite-srbiju\/kulturne-atrakcije\/manastiri-i-crkve\/\"},{\"@type\":\"ListItem\",\"position\":5,\"name\":\"Manastir Sopo\u0107ani\"}]},{\"@type\":\"WebSite\",\"@id\":\"https:\/\/serbia.com\/#website\",\"url\":\"https:\/\/serbia.com\/\",\"name\":\"Serbia.com\",\"description\":\"Your Gateway to Serbia\",\"potentialAction\":[{\"@type\":\"SearchAction\",\"target\":{\"@type\":\"EntryPoint\",\"urlTemplate\":\"https:\/\/serbia.com\/?s={search_term_string}\"},\"query-input\":{\"@type\":\"PropertyValueSpecification\",\"valueRequired\":true,\"valueName\":\"search_term_string\"}}],\"inLanguage\":\"srpski\"}]}<\/script>\n<!-- \/ Yoast SEO plugin. -->","yoast_head_json":{"title":"Manastir Sopo\u0107ani - Serbia.com","robots":{"index":"index","follow":"follow","max-snippet":"max-snippet:-1","max-image-preview":"max-image-preview:large","max-video-preview":"max-video-preview:-1"},"canonical":"https:\/\/serbia.com\/srpski\/posetite-srbiju\/kulturne-atrakcije\/manastiri-i-crkve\/manastir-sopocani\/","og_locale":"en_US","og_type":"article","og_title":"Manastir Sopo\u0107ani - Serbia.com","og_description":"Freske manastira Sopo\u0107ani, \u010diji naziv na staroslovenskom zna\u010di \u201cizvor\u201d, predstavljaju remek-dela slikarstva oven\u010dana svetskom slavom. Manastir Sopo\u0107ani, posve\u0107en Svetoj Trojici, podigao je srpski kralj Stefan Uro\u0161 I (1243-1276) nedaleko od [&hellip;]","og_url":"https:\/\/serbia.com\/srpski\/posetite-srbiju\/kulturne-atrakcije\/manastiri-i-crkve\/manastir-sopocani\/","og_site_name":"Serbia.com","article_modified_time":"2024-10-01T09:57:42+00:00","og_image":[{"width":1600,"height":703,"url":"https:\/\/serbia.com\/wp-content\/uploads\/2015\/03\/Sopo\u0107aniserbiaa.jpg","type":"image\/jpeg"}],"twitter_misc":{"Est. reading time":"4 minutes"},"schema":{"@context":"https:\/\/schema.org","@graph":[{"@type":"WebPage","@id":"https:\/\/serbia.com\/srpski\/posetite-srbiju\/kulturne-atrakcije\/manastiri-i-crkve\/manastir-sopocani\/","url":"https:\/\/serbia.com\/srpski\/posetite-srbiju\/kulturne-atrakcije\/manastiri-i-crkve\/manastir-sopocani\/","name":"Manastir Sopo\u0107ani - Serbia.com","isPartOf":{"@id":"https:\/\/serbia.com\/#website"},"primaryImageOfPage":{"@id":"https:\/\/serbia.com\/srpski\/posetite-srbiju\/kulturne-atrakcije\/manastiri-i-crkve\/manastir-sopocani\/#primaryimage"},"image":{"@id":"https:\/\/serbia.com\/srpski\/posetite-srbiju\/kulturne-atrakcije\/manastiri-i-crkve\/manastir-sopocani\/#primaryimage"},"thumbnailUrl":"https:\/\/serbia.com\/wp-content\/uploads\/2015\/03\/Sopo\u0107aniserbiaa.jpg","datePublished":"2015-05-12T13:51:33+00:00","dateModified":"2024-10-01T09:57:42+00:00","breadcrumb":{"@id":"https:\/\/serbia.com\/srpski\/posetite-srbiju\/kulturne-atrakcije\/manastiri-i-crkve\/manastir-sopocani\/#breadcrumb"},"inLanguage":"srpski","potentialAction":[{"@type":"ReadAction","target":["https:\/\/serbia.com\/srpski\/posetite-srbiju\/kulturne-atrakcije\/manastiri-i-crkve\/manastir-sopocani\/"]}]},{"@type":"ImageObject","inLanguage":"srpski","@id":"https:\/\/serbia.com\/srpski\/posetite-srbiju\/kulturne-atrakcije\/manastiri-i-crkve\/manastir-sopocani\/#primaryimage","url":"https:\/\/serbia.com\/wp-content\/uploads\/2015\/03\/Sopo\u0107aniserbiaa.jpg","contentUrl":"https:\/\/serbia.com\/wp-content\/uploads\/2015\/03\/Sopo\u0107aniserbiaa.jpg","width":1600,"height":703},{"@type":"BreadcrumbList","@id":"https:\/\/serbia.com\/srpski\/posetite-srbiju\/kulturne-atrakcije\/manastiri-i-crkve\/manastir-sopocani\/#breadcrumb","itemListElement":[{"@type":"ListItem","position":1,"name":"Home","item":"https:\/\/serbia.com\/srpski\/"},{"@type":"ListItem","position":2,"name":"Poseti Srbiju","item":"https:\/\/serbia.com\/srpski\/posetite-srbiju\/"},{"@type":"ListItem","position":3,"name":"Kulturne atrakcije","item":"https:\/\/serbia.com\/srpski\/posetite-srbiju\/kulturne-atrakcije\/"},{"@type":"ListItem","position":4,"name":"Manastiri i crkve","item":"https:\/\/serbia.com\/srpski\/posetite-srbiju\/kulturne-atrakcije\/manastiri-i-crkve\/"},{"@type":"ListItem","position":5,"name":"Manastir Sopo\u0107ani"}]},{"@type":"WebSite","@id":"https:\/\/serbia.com\/#website","url":"https:\/\/serbia.com\/","name":"Serbia.com","description":"Your Gateway to Serbia","potentialAction":[{"@type":"SearchAction","target":{"@type":"EntryPoint","urlTemplate":"https:\/\/serbia.com\/?s={search_term_string}"},"query-input":{"@type":"PropertyValueSpecification","valueRequired":true,"valueName":"search_term_string"}}],"inLanguage":"srpski"}]}},"_links":{"self":[{"href":"https:\/\/serbia.com\/srpski\/wp-json\/wp\/v2\/pages\/31835"}],"collection":[{"href":"https:\/\/serbia.com\/srpski\/wp-json\/wp\/v2\/pages"}],"about":[{"href":"https:\/\/serbia.com\/srpski\/wp-json\/wp\/v2\/types\/page"}],"author":[{"embeddable":true,"href":"https:\/\/serbia.com\/srpski\/wp-json\/wp\/v2\/users\/27"}],"replies":[{"embeddable":true,"href":"https:\/\/serbia.com\/srpski\/wp-json\/wp\/v2\/comments?post=31835"}],"version-history":[{"count":1,"href":"https:\/\/serbia.com\/srpski\/wp-json\/wp\/v2\/pages\/31835\/revisions"}],"predecessor-version":[{"id":55185,"href":"https:\/\/serbia.com\/srpski\/wp-json\/wp\/v2\/pages\/31835\/revisions\/55185"}],"up":[{"embeddable":true,"href":"https:\/\/serbia.com\/srpski\/wp-json\/wp\/v2\/pages\/20454"}],"wp:featuredmedia":[{"embeddable":true,"href":"https:\/\/serbia.com\/srpski\/wp-json\/wp\/v2\/media\/30115"}],"wp:attachment":[{"href":"https:\/\/serbia.com\/srpski\/wp-json\/wp\/v2\/media?parent=31835"}],"wp:term":[{"taxonomy":"category","embeddable":true,"href":"https:\/\/serbia.com\/srpski\/wp-json\/wp\/v2\/categories?post=31835"},{"taxonomy":"post_tag","embeddable":true,"href":"https:\/\/serbia.com\/srpski\/wp-json\/wp\/v2\/tags?post=31835"}],"curies":[{"name":"wp","href":"https:\/\/api.w.org\/{rel}","templated":true}]}}