{"id":31758,"date":"2015-05-12T12:33:57","date_gmt":"2015-05-12T10:33:57","guid":{"rendered":"http:\/\/www.serbia.com\/?page_id=31758"},"modified":"2024-10-01T11:56:48","modified_gmt":"2024-10-01T09:56:48","slug":"manastir-durdevi-stupovi","status":"publish","type":"page","link":"https:\/\/serbia.com\/srpski\/posetite-srbiju\/kulturne-atrakcije\/manastiri-i-crkve\/manastir-durdevi-stupovi\/","title":{"rendered":"Manastir \u0110ur\u0111evi stupovi"},"content":{"rendered":"<h4>\u0110ur\u0111evi stupovi, jedan od najstarijih srpskih manastira, podignut je krajem 12. veka u slavu Svetog \u0110or\u0111a i nalazi se pod za\u0161titom organizacije UNESCO.<\/h4>\n<p>Manastir \u0110ur\u0111evi stupovi, jo\u0161 jedan od bisera srpske srednjevekovne dr\u017eave na <a title=\"Srpski spomenici na listi svetske ba\u0161tine UNESCO\" href=\"http:\/\/www.serbia.com\/srpski\/srpski-spomenici-pod-zastitom-unesco\/\">listi svetske ba\u0161tine UNESCO<\/a>, izgra\u0111en je na brdu iznad dana\u0161njeg <a title=\"Novi Pazar, neobi\u010dan spoj istoka i zapada\" href=\"http:\/\/www.serbia.com\/srpski\/posetite-srbiju\/gradovi\/novi-pazar-neobican-spoj-istoka-i-zapada\/\" target=\"_blank\" rel=\"noopener\">Novog Pazara<\/a>, u <strong>Starom Rasu<\/strong>. To je jedan od najstarijih <a title=\"Manastiri i crkve\" href=\"http:\/\/www.serbia.com\/srpski\/posetite-srbiju\/kulturne-atrakcije\/manastiri-i-crkve\/\" target=\"_blank\" rel=\"noopener\">srpskih manastira<\/a>, koji je u slavu Svetog \u0110or\u0111a, podigao veliki <a title=\"Kako su se sreli Fridrih I Barbarosa i Stefan Nemanja?\" href=\"http:\/\/www.serbia.com\/srpski\/pomoc-nemackom-caru-2\/\"><strong>\u017eupan Stefan Nemanja<\/strong><\/a> pred kraj 12. veka.<\/p>\n<p>Po pisanju njegovog biografa i sina Stefana Prvoven\u010danog, manastir je nastao tako \u0161to se Nemanja, dok je bio u jednoj pe\u0107ini, zavetovao da \u0107e izgraditi manastir posve\u0107en Svetom \u0110or\u0111u.<\/p>\n<p><strong>\u0110ur\u0111evi stupovi postoje ve\u0107 vi\u0161e od 830 godina, a od toga je 300 godina u ru\u0161evinama i 40 godina se obnavlja<\/strong>. Danas je velikim delom rekonstruisan i u njemu \u017eive \u010detiri monaha.<\/p>\n<p>Manastir je karaktersti\u010dan po svom polo\u017eaju, dvema kulama &#8211; stolpama\/stupama Crkve Svetog \u0110or\u0111a koje su i dale kasniji naziv &#8211; \u0110ur\u0111evi stupovi, kao i nepravilnim oblikom oltara.<\/p>\n<p>Stupovi su izgra\u0111eni stilom koji predstavlja sintezu dva graditeljska koncepta srednjeg veka &#8211;\u00a0<strong>vizantijske arhitekture na Istoku<\/strong> i <strong>romanske arhitekture na Zapadu<\/strong>.<\/p>\n<p>Crkva Svetog \u0110or\u0111a ima va\u017eno mesto u formiranju ove arhitekture, poznate pod nazivom <strong>Ra\u0161ka \u0161kola<\/strong>, kao gra\u0111evina kojom zapo\u010dinje ova stvarala\u010dka epoha u arhitekturi srednjovekovne Srbije.\u00a0Fasada je u potpunosti izra\u0111ena u romanskom stilu sa naizmeni\u010dnim redovima svetlog i tamnog kamena, dok unutra\u0161njost crkve odi\u0161e vizantijskim stilom.<\/p>\n<p>Crkva je bila \u017eivopisana veli\u010danstvenim freskama, ali je ve\u0107ina njih uni\u0161tena tokom vekova. Delimi\u010dno su o\u010duvane kompozicije: <em>Jevan\u0111elist Luka<\/em>, <em>Prorok Danilo<\/em>, <em>Scene iz \u017eivota Svetog Georgija<\/em>, kao i portreti ktitora. Deo o\u010duvanih fresaka prenesen je iz mansatira u <strong>Narodni muzej u <a title=\"Beograd\" href=\"http:\/\/www.serbia.com\/srpski\/posetite-srbiju\/gradovi\/beograd\/\" target=\"_blank\" rel=\"noopener\">Beogradu<\/a><\/strong>.<\/p>\n<p>Sam <strong>manastir \u0110ur\u0111evi stupovi spadao je u kraljevske manastire u 13. veku<\/strong>. Njegov drugi ktitor bio je srpski <strong>kralj Dragutin<\/strong> koji je dogradio manastirsku crkvu i po svojoj \u017eelji tu bio i sahranjen. Manastir \u0110ur\u0111evi stupovi je zapusteo 1689. godine, nakon Austro-turskog rata, kada je poslednjih 16 monaha koji su \u010dinili bratstvo, napustilo manastir i pred Turcima pobeglo na sever.<\/p>\n<p>Tokom naredna dva veka \u0110ur\u0111evi stupovi su postali ru\u0161evina, vi\u0161e puta razarana i pet puta paljena.<\/p>\n<p>Od prvobitnog \u017eivopisa u crkvi je ostalo veoma malo tragova, ali se o njemu zna zahvaljuju\u0107i starim fotografijama koje su nastale izme\u0111u dva svetska rata. U polukaloti se nalazio Isus Hristos okru\u017een an\u0111elima, a zidovi kupole bili su oslikani figurama proroka Ilije, Jeliseja, Danila i Zaharija Mla\u0111eg.<\/p>\n<p>Gornja i srednja zona bile su posve\u0107ene velikim praznicima i <strong>scenama Hristovih stradanja<\/strong>: Sretenje, Kr\u0161tenje, Duhovi, Vaskrsenje Lazara, Cveti, Preobra\u017eenje, Izdajstvo Judino, Uspenje Presvete Bogorodice, Raspe\u0107e i, verovatno, Oplakivanje. U donjoj zoni su bili sveti ratnici i poprsja svetitelja.<\/p>\n<p>Posle Drugog svetskog rata, jedan deo dekoracije i fresaka manastira \u0110ur\u0111evi stupovi skinut je sa zidova i prenet u Narodni muzej u Beogradu.<\/p>\n<p>Manastirski konak je izgra\u0111en 2002. godine, \u0161to je bio klju\u010dni momenat za obnovu manastira jer je omogu\u0107io da se ovo mesto obnovi i u liturgijskom smislu i da se nakon vi\u0161e od tri veka u njemu opet na\u0111u monasi. Ispred manastira je sagra\u0111en muzej koji slu\u017ei za za\u0161titu i izlaganje najzna\u010dajnijih fragmenata iz crkve i drugih gra\u0111evina. Neki od njih slo\u017eeni su u celinu i rekonstruisani.<\/p>\n<h4>Gde se nalazi manastir \u0110ur\u0111evi stupovi i kako do njega sti\u0107i?<\/h4>\n<p>Djurdjevi stupovi se nalaze u centralnoj Srbiji, kod Novog Pazara koji je udaljen od Beograda 290 km.<\/p>\n<p>Ako dolazite automobilom iz pravca Beograda, najbolje je da idete putem koji preko Ibarske magistrale koji vodi prema Podgorici, preko Lazarevca, Ljiga, Preljine, <a title=\"Kraljevo, grad sedam kraljeva\" href=\"http:\/\/www.serbia.com\/srpski\/posetite-srbiju\/gradovi\/kraljevo-grad-sedam-kraljeva\/\" target=\"_blank\" rel=\"noopener\">Kraljeva<\/a> i Ra\u0161ke.<\/p>\n<p>Djurdjevi stupovi se nalaze na brdu, 4 km zapadno od grada na kome se, tako\u0111e, nalaze <strong>ostaci starog grada Ras<\/strong>, <a title=\"Manastir Sopo\u0107ani\" href=\"http:\/\/www.serbia.com\/srpski\/posetite-srbiju\/kulturne-atrakcije\/manastiri-i-crkve\/manastir-sopocani\/\" target=\"_blank\" rel=\"noopener\"><strong>Sopo\u0107ani<\/strong><\/a> i <strong>Crkva svetih apostola Petra i Pavla<\/strong>.<\/p>\n<h4>Kada ste ovde, ne propustite&#8230;<\/h4>\n<p>&#8230;<strong>crkvu svetih apostola Petra i Pavla<\/strong> koja se tako\u0111e nalazi pod za\u0161titom UNESCO a nalazi se nalazi se na po\u010detku puta za \u0110ur\u0111eve stupove, u podno\u017eju brda, na samo 2 km od Novog Pazara.<\/p>\n<p>Pro\u0161etajte <a title=\"Novi Pazar, neobi\u010dan spoj istoka i zapada\" href=\"http:\/\/www.serbia.com\/srpski\/posetite-srbiju\/gradovi\/novi-pazar-neobican-spoj-istoka-i-zapada\/\" target=\"_blank\" rel=\"noopener\"><strong>Novim Pazarom<\/strong><\/a> i osetite me\u0161avinu Istoka i Zapada, Hri\u0161\u0107anstva i Islama. Ne izostavite <strong>Staru \u010dar\u0161iju<\/strong> a u njoj <strong>Novopazarsku tvr\u0111avu<\/strong> iz 15 veka, kao ni\u00a0spomenike islamske kulturne ba\u0161tine: <strong>Altun-alem d\u017eamiju,<\/strong> sagra\u0111enu u prvoj polovini 15 veka i <strong>Ahmed Vojvodinu d\u017emiju<\/strong> &#8211; jednu od najstarijih gra\u0111evina u Novom Pazaru, koja poti\u010de iz istog perioda.<\/p>\n<p>Pored spomenika kulture, okolinu Novog Pazara odlikuje savr\u0161ena priroda. Zbog toga, ne propustite da odete do <a title=\"Uvac, remek-delo prirode\" href=\"http:\/\/www.serbia.com\/srpski\/posetite-srbiju\/prirodne-lepote\/jedinstvena-priroda\/uvac-remek-delo-prirode\/\" target=\"_blank\" rel=\"noopener\"><strong>kanjona Uvca<\/strong><\/a> &#8211; &#8220;srpskog Kolorada&#8221;, sme\u0161etenog u specijalnom rezervatu prirode Uvac, u Pe\u0161terskoj visoravni, kada se krene ka <strong>Sjenici<\/strong>.<\/p>\n<p>Ako po\u0111ete na drugu stranu, i pro\u0111ete Ra\u0161ku, nailazite na <a title=\"Kopaonik, sun\u010dana planina puna srebra\" href=\"http:\/\/www.serbia.com\/srpski\/posetite-srbiju\/prirodne-lepote\/planine\/kopaonik-suncana-planina-puna-srebra\/\" target=\"_blank\" rel=\"noopener\"><strong>Kopaonik<\/strong><\/a>, jednu od najlep\u0161ih i najpose\u0107enijih planina Srbije, koja i leti i zimi pru\u017ea razli\u010dite mogu\u0107nosti za kvalitetan odmor i zabavu, a u zimskom periodu idealne uslove za sportove na snegu.<\/p>\n<p>Na samo 32 km od Novog Pazara, nalazi se <strong><a href=\"http:\/\/www.serbia.com\/srpski\/planina-golija-nestvarno-sumsko-carstvo\/\" target=\"_blank\" rel=\"noopener\">Golija<\/a><\/strong> &#8211; planinski turisti\u010dki centar sa savremeno ure\u0111enim ski-stazama ali i \u0161irokim proplancima za \u0161etnje i <a title=\"Planinarenje i pe\u0161a\u010denje\" href=\"http:\/\/www.serbia.com\/srpski\/posetite-srbiju\/provedi-se\/rekreacija\/planinarenje-i-pesacenje\/\" target=\"_blank\" rel=\"noopener\">planinarenje<\/a>.<\/p>\n","protected":false},"excerpt":{"rendered":"<p>\u0110ur\u0111evi stupovi, jedan od najstarijih srpskih manastira, podignut je krajem 12. veka u slavu Svetog \u0110or\u0111a i nalazi se pod za\u0161titom organizacije UNESCO. Manastir \u0110ur\u0111evi stupovi, jo\u0161 jedan od bisera [&hellip;]<\/p>\n","protected":false},"author":27,"featured_media":31751,"parent":20454,"menu_order":0,"comment_status":"closed","ping_status":"closed","template":"","meta":{"_acf_changed":false,"inline_featured_image":false,"_monsterinsights_skip_tracking":false,"_monsterinsights_sitenote_active":false,"_monsterinsights_sitenote_note":"","_monsterinsights_sitenote_category":0,"footnotes":""},"categories":[1667],"tags":[],"class_list":["post-31758","page","type-page","status-publish","has-post-thumbnail","hentry","category-manastiri-crkve-kulturne-atrakcije-sta-posetiti"],"acf":[],"yoast_head":"<!-- This site is optimized with the Yoast SEO plugin v23.8 - https:\/\/yoast.com\/wordpress\/plugins\/seo\/ -->\n<title>Manastir \u0110ur\u0111evi stupovi - Serbia.com<\/title>\n<meta name=\"robots\" content=\"index, follow, max-snippet:-1, max-image-preview:large, max-video-preview:-1\" \/>\n<link rel=\"canonical\" href=\"https:\/\/serbia.com\/srpski\/posetite-srbiju\/kulturne-atrakcije\/manastiri-i-crkve\/manastir-durdevi-stupovi\/\" \/>\n<meta property=\"og:locale\" content=\"en_US\" \/>\n<meta property=\"og:type\" content=\"article\" \/>\n<meta property=\"og:title\" content=\"Manastir \u0110ur\u0111evi stupovi - Serbia.com\" \/>\n<meta property=\"og:description\" content=\"\u0110ur\u0111evi stupovi, jedan od najstarijih srpskih manastira, podignut je krajem 12. veka u slavu Svetog \u0110or\u0111a i nalazi se pod za\u0161titom organizacije UNESCO. Manastir \u0110ur\u0111evi stupovi, jo\u0161 jedan od bisera [&hellip;]\" \/>\n<meta property=\"og:url\" content=\"https:\/\/serbia.com\/srpski\/posetite-srbiju\/kulturne-atrakcije\/manastiri-i-crkve\/manastir-durdevi-stupovi\/\" \/>\n<meta property=\"og:site_name\" content=\"Serbia.com\" \/>\n<meta property=\"article:modified_time\" content=\"2024-10-01T09:56:48+00:00\" \/>\n<meta property=\"og:image\" content=\"https:\/\/serbia.com\/wp-content\/uploads\/2015\/05\/djurdjevi.jpg\" \/>\n\t<meta property=\"og:image:width\" content=\"1026\" \/>\n\t<meta property=\"og:image:height\" content=\"604\" \/>\n\t<meta property=\"og:image:type\" content=\"image\/jpeg\" \/>\n<meta name=\"twitter:label1\" content=\"Est. reading time\" \/>\n\t<meta name=\"twitter:data1\" content=\"4 minutes\" \/>\n<script type=\"application\/ld+json\" class=\"yoast-schema-graph\">{\"@context\":\"https:\/\/schema.org\",\"@graph\":[{\"@type\":\"WebPage\",\"@id\":\"https:\/\/serbia.com\/srpski\/posetite-srbiju\/kulturne-atrakcije\/manastiri-i-crkve\/manastir-durdevi-stupovi\/\",\"url\":\"https:\/\/serbia.com\/srpski\/posetite-srbiju\/kulturne-atrakcije\/manastiri-i-crkve\/manastir-durdevi-stupovi\/\",\"name\":\"Manastir \u0110ur\u0111evi stupovi - Serbia.com\",\"isPartOf\":{\"@id\":\"https:\/\/serbia.com\/#website\"},\"primaryImageOfPage\":{\"@id\":\"https:\/\/serbia.com\/srpski\/posetite-srbiju\/kulturne-atrakcije\/manastiri-i-crkve\/manastir-durdevi-stupovi\/#primaryimage\"},\"image\":{\"@id\":\"https:\/\/serbia.com\/srpski\/posetite-srbiju\/kulturne-atrakcije\/manastiri-i-crkve\/manastir-durdevi-stupovi\/#primaryimage\"},\"thumbnailUrl\":\"https:\/\/serbia.com\/wp-content\/uploads\/2015\/05\/djurdjevi.jpg\",\"datePublished\":\"2015-05-12T10:33:57+00:00\",\"dateModified\":\"2024-10-01T09:56:48+00:00\",\"breadcrumb\":{\"@id\":\"https:\/\/serbia.com\/srpski\/posetite-srbiju\/kulturne-atrakcije\/manastiri-i-crkve\/manastir-durdevi-stupovi\/#breadcrumb\"},\"inLanguage\":\"srpski\",\"potentialAction\":[{\"@type\":\"ReadAction\",\"target\":[\"https:\/\/serbia.com\/srpski\/posetite-srbiju\/kulturne-atrakcije\/manastiri-i-crkve\/manastir-durdevi-stupovi\/\"]}]},{\"@type\":\"ImageObject\",\"inLanguage\":\"srpski\",\"@id\":\"https:\/\/serbia.com\/srpski\/posetite-srbiju\/kulturne-atrakcije\/manastiri-i-crkve\/manastir-durdevi-stupovi\/#primaryimage\",\"url\":\"https:\/\/serbia.com\/wp-content\/uploads\/2015\/05\/djurdjevi.jpg\",\"contentUrl\":\"https:\/\/serbia.com\/wp-content\/uploads\/2015\/05\/djurdjevi.jpg\",\"width\":1026,\"height\":604},{\"@type\":\"BreadcrumbList\",\"@id\":\"https:\/\/serbia.com\/srpski\/posetite-srbiju\/kulturne-atrakcije\/manastiri-i-crkve\/manastir-durdevi-stupovi\/#breadcrumb\",\"itemListElement\":[{\"@type\":\"ListItem\",\"position\":1,\"name\":\"Home\",\"item\":\"https:\/\/serbia.com\/srpski\/\"},{\"@type\":\"ListItem\",\"position\":2,\"name\":\"Poseti Srbiju\",\"item\":\"https:\/\/serbia.com\/srpski\/posetite-srbiju\/\"},{\"@type\":\"ListItem\",\"position\":3,\"name\":\"Kulturne atrakcije\",\"item\":\"https:\/\/serbia.com\/srpski\/posetite-srbiju\/kulturne-atrakcije\/\"},{\"@type\":\"ListItem\",\"position\":4,\"name\":\"Manastiri i crkve\",\"item\":\"https:\/\/serbia.com\/srpski\/posetite-srbiju\/kulturne-atrakcije\/manastiri-i-crkve\/\"},{\"@type\":\"ListItem\",\"position\":5,\"name\":\"Manastir \u0110ur\u0111evi stupovi\"}]},{\"@type\":\"WebSite\",\"@id\":\"https:\/\/serbia.com\/#website\",\"url\":\"https:\/\/serbia.com\/\",\"name\":\"Serbia.com\",\"description\":\"Your Gateway to Serbia\",\"potentialAction\":[{\"@type\":\"SearchAction\",\"target\":{\"@type\":\"EntryPoint\",\"urlTemplate\":\"https:\/\/serbia.com\/?s={search_term_string}\"},\"query-input\":{\"@type\":\"PropertyValueSpecification\",\"valueRequired\":true,\"valueName\":\"search_term_string\"}}],\"inLanguage\":\"srpski\"}]}<\/script>\n<!-- \/ Yoast SEO plugin. -->","yoast_head_json":{"title":"Manastir \u0110ur\u0111evi stupovi - Serbia.com","robots":{"index":"index","follow":"follow","max-snippet":"max-snippet:-1","max-image-preview":"max-image-preview:large","max-video-preview":"max-video-preview:-1"},"canonical":"https:\/\/serbia.com\/srpski\/posetite-srbiju\/kulturne-atrakcije\/manastiri-i-crkve\/manastir-durdevi-stupovi\/","og_locale":"en_US","og_type":"article","og_title":"Manastir \u0110ur\u0111evi stupovi - Serbia.com","og_description":"\u0110ur\u0111evi stupovi, jedan od najstarijih srpskih manastira, podignut je krajem 12. veka u slavu Svetog \u0110or\u0111a i nalazi se pod za\u0161titom organizacije UNESCO. Manastir \u0110ur\u0111evi stupovi, jo\u0161 jedan od bisera [&hellip;]","og_url":"https:\/\/serbia.com\/srpski\/posetite-srbiju\/kulturne-atrakcije\/manastiri-i-crkve\/manastir-durdevi-stupovi\/","og_site_name":"Serbia.com","article_modified_time":"2024-10-01T09:56:48+00:00","og_image":[{"width":1026,"height":604,"url":"https:\/\/serbia.com\/wp-content\/uploads\/2015\/05\/djurdjevi.jpg","type":"image\/jpeg"}],"twitter_misc":{"Est. reading time":"4 minutes"},"schema":{"@context":"https:\/\/schema.org","@graph":[{"@type":"WebPage","@id":"https:\/\/serbia.com\/srpski\/posetite-srbiju\/kulturne-atrakcije\/manastiri-i-crkve\/manastir-durdevi-stupovi\/","url":"https:\/\/serbia.com\/srpski\/posetite-srbiju\/kulturne-atrakcije\/manastiri-i-crkve\/manastir-durdevi-stupovi\/","name":"Manastir \u0110ur\u0111evi stupovi - Serbia.com","isPartOf":{"@id":"https:\/\/serbia.com\/#website"},"primaryImageOfPage":{"@id":"https:\/\/serbia.com\/srpski\/posetite-srbiju\/kulturne-atrakcije\/manastiri-i-crkve\/manastir-durdevi-stupovi\/#primaryimage"},"image":{"@id":"https:\/\/serbia.com\/srpski\/posetite-srbiju\/kulturne-atrakcije\/manastiri-i-crkve\/manastir-durdevi-stupovi\/#primaryimage"},"thumbnailUrl":"https:\/\/serbia.com\/wp-content\/uploads\/2015\/05\/djurdjevi.jpg","datePublished":"2015-05-12T10:33:57+00:00","dateModified":"2024-10-01T09:56:48+00:00","breadcrumb":{"@id":"https:\/\/serbia.com\/srpski\/posetite-srbiju\/kulturne-atrakcije\/manastiri-i-crkve\/manastir-durdevi-stupovi\/#breadcrumb"},"inLanguage":"srpski","potentialAction":[{"@type":"ReadAction","target":["https:\/\/serbia.com\/srpski\/posetite-srbiju\/kulturne-atrakcije\/manastiri-i-crkve\/manastir-durdevi-stupovi\/"]}]},{"@type":"ImageObject","inLanguage":"srpski","@id":"https:\/\/serbia.com\/srpski\/posetite-srbiju\/kulturne-atrakcije\/manastiri-i-crkve\/manastir-durdevi-stupovi\/#primaryimage","url":"https:\/\/serbia.com\/wp-content\/uploads\/2015\/05\/djurdjevi.jpg","contentUrl":"https:\/\/serbia.com\/wp-content\/uploads\/2015\/05\/djurdjevi.jpg","width":1026,"height":604},{"@type":"BreadcrumbList","@id":"https:\/\/serbia.com\/srpski\/posetite-srbiju\/kulturne-atrakcije\/manastiri-i-crkve\/manastir-durdevi-stupovi\/#breadcrumb","itemListElement":[{"@type":"ListItem","position":1,"name":"Home","item":"https:\/\/serbia.com\/srpski\/"},{"@type":"ListItem","position":2,"name":"Poseti Srbiju","item":"https:\/\/serbia.com\/srpski\/posetite-srbiju\/"},{"@type":"ListItem","position":3,"name":"Kulturne atrakcije","item":"https:\/\/serbia.com\/srpski\/posetite-srbiju\/kulturne-atrakcije\/"},{"@type":"ListItem","position":4,"name":"Manastiri i crkve","item":"https:\/\/serbia.com\/srpski\/posetite-srbiju\/kulturne-atrakcije\/manastiri-i-crkve\/"},{"@type":"ListItem","position":5,"name":"Manastir \u0110ur\u0111evi stupovi"}]},{"@type":"WebSite","@id":"https:\/\/serbia.com\/#website","url":"https:\/\/serbia.com\/","name":"Serbia.com","description":"Your Gateway to Serbia","potentialAction":[{"@type":"SearchAction","target":{"@type":"EntryPoint","urlTemplate":"https:\/\/serbia.com\/?s={search_term_string}"},"query-input":{"@type":"PropertyValueSpecification","valueRequired":true,"valueName":"search_term_string"}}],"inLanguage":"srpski"}]}},"_links":{"self":[{"href":"https:\/\/serbia.com\/srpski\/wp-json\/wp\/v2\/pages\/31758"}],"collection":[{"href":"https:\/\/serbia.com\/srpski\/wp-json\/wp\/v2\/pages"}],"about":[{"href":"https:\/\/serbia.com\/srpski\/wp-json\/wp\/v2\/types\/page"}],"author":[{"embeddable":true,"href":"https:\/\/serbia.com\/srpski\/wp-json\/wp\/v2\/users\/27"}],"replies":[{"embeddable":true,"href":"https:\/\/serbia.com\/srpski\/wp-json\/wp\/v2\/comments?post=31758"}],"version-history":[{"count":1,"href":"https:\/\/serbia.com\/srpski\/wp-json\/wp\/v2\/pages\/31758\/revisions"}],"predecessor-version":[{"id":55184,"href":"https:\/\/serbia.com\/srpski\/wp-json\/wp\/v2\/pages\/31758\/revisions\/55184"}],"up":[{"embeddable":true,"href":"https:\/\/serbia.com\/srpski\/wp-json\/wp\/v2\/pages\/20454"}],"wp:featuredmedia":[{"embeddable":true,"href":"https:\/\/serbia.com\/srpski\/wp-json\/wp\/v2\/media\/31751"}],"wp:attachment":[{"href":"https:\/\/serbia.com\/srpski\/wp-json\/wp\/v2\/media?parent=31758"}],"wp:term":[{"taxonomy":"category","embeddable":true,"href":"https:\/\/serbia.com\/srpski\/wp-json\/wp\/v2\/categories?post=31758"},{"taxonomy":"post_tag","embeddable":true,"href":"https:\/\/serbia.com\/srpski\/wp-json\/wp\/v2\/tags?post=31758"}],"curies":[{"name":"wp","href":"https:\/\/api.w.org\/{rel}","templated":true}]}}