{"id":31746,"date":"2015-05-12T11:50:47","date_gmt":"2015-05-12T09:50:47","guid":{"rendered":"http:\/\/www.serbia.com\/?page_id=31746"},"modified":"2024-10-01T11:54:27","modified_gmt":"2024-10-01T09:54:27","slug":"vaznesenjska-crkva-u-beogradu","status":"publish","type":"page","link":"https:\/\/serbia.com\/srpski\/posetite-srbiju\/kulturne-atrakcije\/manastiri-i-crkve\/vaznesenjska-crkva-u-beogradu\/","title":{"rendered":"Vaznesenjska crkva u Beogradu"},"content":{"rendered":"<h4>Vaznesenjska crkva u Beogradu je srpska pravoslavna crkva posve\u0107ena Vaznesenju Gospodnjem (Spasovdan) a nalazi se u ulici Admirala Geprata u broju 19. U crkvi se nalaze vredne ikone i freske, kao i prvo zvono koje se nakon nekoliko vekova od otomanske okupacije za\u010dulo u Srbiji.<\/h4>\n<p>Crkva je podignuta 1863. godine u epohi romantizma sa stilskim karakteristikama srpskog srednjovekovnog sakralnog graditeljstva, po ugledu na stare srpske manastire, a najvi\u0161ena Ravanicu. Inicijativu za gradnju crkve dali su <strong>knez Mihailo Obrenovi\u0107<\/strong> i <strong>mitropolit Mihailo<\/strong> koji su <strong>predvideli da ovo bude \u201egarnizonska crkva\u201c namenjena vojsci.<\/strong><\/p>\n<p>Projekat Vaznesenjske crkve izradili su Pavle Stani\u0161i\u0107 i Jovan Risti\u0107, a ikonostas iz 1881. godine delo je Stevana Todorovi\u0107a. Njegove najlep\u0161e kompozicije u crkvi su: <em>Stefan De\u010danski dobija vid<\/em>, <em>Postri\u017eenje Svetog Save<\/em>, <em>Prijem Svetog Simeona u <a href=\"http:\/\/www.serbia.com\/srpski\/hilandar-manastir-u-drzavi-pravoslavnih-monaha\/\" target=\"_blank\" rel=\"noopener\">Hilandar<\/a><\/em>.<\/p>\n<p>\u017divopis je uradio ruski akademski slikar Andrej Bicenko koji je oslikao vladare Srbije po kopijama srpskih srednjovekovnih fresaka, uglavnom iz zadu\u017ebina dinastije Nemanji\u0107a. Oni su prikazani u bogatim odorama, u uspravnom stavu, dr\u017ee\u0107i u rukama svoje zadu\u017ebine.<\/p>\n<p>U porti Vaznesenjske crkve nalaze se dve crkvene ku\u0107e i zvonik, u kome je danas pet zvona razli\u010dite veli\u010dine i porekla. Me\u0111u njima je i <strong>zvono stare <a title=\"Saborna crkva u Beogradu\" href=\"http:\/\/www.serbia.com\/srpski\/posetite-srbiju\/kulturne-atrakcije\/manastiri-i-crkve\/saborna-crkva-u-beogradu\/\" target=\"_blank\" rel=\"noopener\">Saborne crkve<\/a> koje se smatra najzna\u010dajnijom istorijskom relikvijom me\u0111u zvonima beogradskih crkava.<\/strong><\/p>\n<blockquote><p><em>Vaznesenje Gospodnje<\/em><\/p>\n<p><em>Vaznesenje Gospodnje (Spasovdan) ozna\u010dava dan kada se Isus uzneo na nebo. Uvek pada u \u010detvrtak, \u0161este nedelje posle Vaskrsa.<\/em><\/p><\/blockquote>\n<p>Nakon vi\u0161evekovne otomanske zabrane zvuka crkvenog zvona u Srbiji, upravo je ono 15. februara 1830. godine <strong>oglasilo da je Srbija sultanovim Hati\u0161erifom iz provincijskog pre\u0161la u status vazalne kne\u017eevine sa sopstvenim sudovima i administrativnim organima.<\/strong><\/p>\n<p>U crkvi se \u010duva i <strong>originalni barjak Uprave Beograda<\/strong>, a po\u0161to je Spasovdan krsna slava grada, svake godine toga dana iz Vaznesenjske crkve nakon liturgije kre\u0107e litija koja prolazi beogradskim ulicama i na kraju se u nju vra\u0107a.<\/p>\n<p>Kako je crkva izgra\u0111ena u novom delu grada u kome su \u017eiveli bogatiji ljudi, u svom pokretnom fondu ona \u010duva vredna poklonjena dela. Me\u0111u zna\u010dajnijima su <em>ikona Bogorodice sa Hristom<\/em> nepoznatog doma\u0107eg zografa, <em>ikona Svetog Dimitrija<\/em>, nekoliko ruskih ikona sa srebrnim okovom, veliki broj zlatarskih radova i starih knjiga.<\/p>\n<p>Vaznesenjska crkva je mnogo puta razarana. Stradala je u oba svetska rata, pa je tek svoju stogodi\u0161njicu obele\u017eila potpuno obnovljena. U njenom dvori\u0161tu, u obliku krsta uzdi\u017ee se spomenik nastradalima u tim razaranjima.<\/p>\n","protected":false},"excerpt":{"rendered":"<p>Vaznesenjska crkva u Beogradu je srpska pravoslavna crkva posve\u0107ena Vaznesenju Gospodnjem (Spasovdan) a nalazi se u ulici Admirala Geprata u broju 19. U crkvi se nalaze vredne ikone i freske, [&hellip;]<\/p>\n","protected":false},"author":27,"featured_media":31742,"parent":20454,"menu_order":0,"comment_status":"closed","ping_status":"closed","template":"","meta":{"_acf_changed":false,"inline_featured_image":false,"_monsterinsights_skip_tracking":false,"_monsterinsights_sitenote_active":false,"_monsterinsights_sitenote_note":"","_monsterinsights_sitenote_category":0,"footnotes":""},"categories":[1667],"tags":[],"class_list":["post-31746","page","type-page","status-publish","has-post-thumbnail","hentry","category-manastiri-crkve-kulturne-atrakcije-sta-posetiti"],"acf":[],"yoast_head":"<!-- This site is optimized with the Yoast SEO plugin v27.4 - https:\/\/yoast.com\/product\/yoast-seo-wordpress\/ -->\n<title>Vaznesenjska crkva u Beogradu - Serbia.com<\/title>\n<meta name=\"robots\" content=\"index, follow, max-snippet:-1, max-image-preview:large, max-video-preview:-1\" \/>\n<link rel=\"canonical\" href=\"https:\/\/serbia.com\/srpski\/posetite-srbiju\/kulturne-atrakcije\/manastiri-i-crkve\/vaznesenjska-crkva-u-beogradu\/\" \/>\n<meta property=\"og:locale\" content=\"en_US\" \/>\n<meta property=\"og:type\" content=\"article\" \/>\n<meta property=\"og:title\" content=\"Vaznesenjska crkva u Beogradu - Serbia.com\" \/>\n<meta property=\"og:description\" content=\"Vaznesenjska crkva u Beogradu je srpska pravoslavna crkva posve\u0107ena Vaznesenju Gospodnjem (Spasovdan) a nalazi se u ulici Admirala Geprata u broju 19. U crkvi se nalaze vredne ikone i freske, [&hellip;]\" \/>\n<meta property=\"og:url\" content=\"https:\/\/serbia.com\/srpski\/posetite-srbiju\/kulturne-atrakcije\/manastiri-i-crkve\/vaznesenjska-crkva-u-beogradu\/\" \/>\n<meta property=\"og:site_name\" content=\"Serbia.com\" \/>\n<meta property=\"article:modified_time\" content=\"2024-10-01T09:54:27+00:00\" \/>\n<meta property=\"og:image\" content=\"https:\/\/serbia.com\/wp-content\/uploads\/2015\/05\/vaznesenjska2.jpg\" \/>\n\t<meta property=\"og:image:width\" content=\"1600\" \/>\n\t<meta property=\"og:image:height\" content=\"697\" \/>\n\t<meta property=\"og:image:type\" content=\"image\/jpeg\" \/>\n<meta name=\"twitter:label1\" content=\"Est. reading time\" \/>\n\t<meta name=\"twitter:data1\" content=\"2 minutes\" \/>\n<script type=\"application\/ld+json\" class=\"yoast-schema-graph\">{\"@context\":\"https:\\\/\\\/schema.org\",\"@graph\":[{\"@type\":\"WebPage\",\"@id\":\"https:\\\/\\\/serbia.com\\\/srpski\\\/posetite-srbiju\\\/kulturne-atrakcije\\\/manastiri-i-crkve\\\/vaznesenjska-crkva-u-beogradu\\\/\",\"url\":\"https:\\\/\\\/serbia.com\\\/srpski\\\/posetite-srbiju\\\/kulturne-atrakcije\\\/manastiri-i-crkve\\\/vaznesenjska-crkva-u-beogradu\\\/\",\"name\":\"Vaznesenjska crkva u Beogradu - Serbia.com\",\"isPartOf\":{\"@id\":\"https:\\\/\\\/serbia.com\\\/#website\"},\"primaryImageOfPage\":{\"@id\":\"https:\\\/\\\/serbia.com\\\/srpski\\\/posetite-srbiju\\\/kulturne-atrakcije\\\/manastiri-i-crkve\\\/vaznesenjska-crkva-u-beogradu\\\/#primaryimage\"},\"image\":{\"@id\":\"https:\\\/\\\/serbia.com\\\/srpski\\\/posetite-srbiju\\\/kulturne-atrakcije\\\/manastiri-i-crkve\\\/vaznesenjska-crkva-u-beogradu\\\/#primaryimage\"},\"thumbnailUrl\":\"https:\\\/\\\/serbia.com\\\/wp-content\\\/uploads\\\/2015\\\/05\\\/vaznesenjska2.jpg\",\"datePublished\":\"2015-05-12T09:50:47+00:00\",\"dateModified\":\"2024-10-01T09:54:27+00:00\",\"breadcrumb\":{\"@id\":\"https:\\\/\\\/serbia.com\\\/srpski\\\/posetite-srbiju\\\/kulturne-atrakcije\\\/manastiri-i-crkve\\\/vaznesenjska-crkva-u-beogradu\\\/#breadcrumb\"},\"inLanguage\":\"srpski\",\"potentialAction\":[{\"@type\":\"ReadAction\",\"target\":[\"https:\\\/\\\/serbia.com\\\/srpski\\\/posetite-srbiju\\\/kulturne-atrakcije\\\/manastiri-i-crkve\\\/vaznesenjska-crkva-u-beogradu\\\/\"]}]},{\"@type\":\"ImageObject\",\"inLanguage\":\"srpski\",\"@id\":\"https:\\\/\\\/serbia.com\\\/srpski\\\/posetite-srbiju\\\/kulturne-atrakcije\\\/manastiri-i-crkve\\\/vaznesenjska-crkva-u-beogradu\\\/#primaryimage\",\"url\":\"https:\\\/\\\/serbia.com\\\/wp-content\\\/uploads\\\/2015\\\/05\\\/vaznesenjska2.jpg\",\"contentUrl\":\"https:\\\/\\\/serbia.com\\\/wp-content\\\/uploads\\\/2015\\\/05\\\/vaznesenjska2.jpg\",\"width\":1600,\"height\":697},{\"@type\":\"BreadcrumbList\",\"@id\":\"https:\\\/\\\/serbia.com\\\/srpski\\\/posetite-srbiju\\\/kulturne-atrakcije\\\/manastiri-i-crkve\\\/vaznesenjska-crkva-u-beogradu\\\/#breadcrumb\",\"itemListElement\":[{\"@type\":\"ListItem\",\"position\":1,\"name\":\"Home\",\"item\":\"https:\\\/\\\/serbia.com\\\/srpski\\\/\"},{\"@type\":\"ListItem\",\"position\":2,\"name\":\"Poseti Srbiju\",\"item\":\"https:\\\/\\\/serbia.com\\\/srpski\\\/posetite-srbiju\\\/\"},{\"@type\":\"ListItem\",\"position\":3,\"name\":\"Kulturne atrakcije\",\"item\":\"https:\\\/\\\/serbia.com\\\/srpski\\\/posetite-srbiju\\\/kulturne-atrakcije\\\/\"},{\"@type\":\"ListItem\",\"position\":4,\"name\":\"Manastiri i crkve\",\"item\":\"https:\\\/\\\/serbia.com\\\/srpski\\\/posetite-srbiju\\\/kulturne-atrakcije\\\/manastiri-i-crkve\\\/\"},{\"@type\":\"ListItem\",\"position\":5,\"name\":\"Vaznesenjska crkva u Beogradu\"}]},{\"@type\":\"WebSite\",\"@id\":\"https:\\\/\\\/serbia.com\\\/#website\",\"url\":\"https:\\\/\\\/serbia.com\\\/\",\"name\":\"Serbia.com\",\"description\":\"Your Gateway to Serbia\",\"potentialAction\":[{\"@type\":\"SearchAction\",\"target\":{\"@type\":\"EntryPoint\",\"urlTemplate\":\"https:\\\/\\\/serbia.com\\\/?s={search_term_string}\"},\"query-input\":{\"@type\":\"PropertyValueSpecification\",\"valueRequired\":true,\"valueName\":\"search_term_string\"}}],\"inLanguage\":\"srpski\"}]}<\/script>\n<!-- \/ Yoast SEO plugin. -->","yoast_head_json":{"title":"Vaznesenjska crkva u Beogradu - Serbia.com","robots":{"index":"index","follow":"follow","max-snippet":"max-snippet:-1","max-image-preview":"max-image-preview:large","max-video-preview":"max-video-preview:-1"},"canonical":"https:\/\/serbia.com\/srpski\/posetite-srbiju\/kulturne-atrakcije\/manastiri-i-crkve\/vaznesenjska-crkva-u-beogradu\/","og_locale":"en_US","og_type":"article","og_title":"Vaznesenjska crkva u Beogradu - Serbia.com","og_description":"Vaznesenjska crkva u Beogradu je srpska pravoslavna crkva posve\u0107ena Vaznesenju Gospodnjem (Spasovdan) a nalazi se u ulici Admirala Geprata u broju 19. U crkvi se nalaze vredne ikone i freske, [&hellip;]","og_url":"https:\/\/serbia.com\/srpski\/posetite-srbiju\/kulturne-atrakcije\/manastiri-i-crkve\/vaznesenjska-crkva-u-beogradu\/","og_site_name":"Serbia.com","article_modified_time":"2024-10-01T09:54:27+00:00","og_image":[{"width":1600,"height":697,"url":"https:\/\/serbia.com\/wp-content\/uploads\/2015\/05\/vaznesenjska2.jpg","type":"image\/jpeg"}],"twitter_misc":{"Est. reading time":"2 minutes"},"schema":{"@context":"https:\/\/schema.org","@graph":[{"@type":"WebPage","@id":"https:\/\/serbia.com\/srpski\/posetite-srbiju\/kulturne-atrakcije\/manastiri-i-crkve\/vaznesenjska-crkva-u-beogradu\/","url":"https:\/\/serbia.com\/srpski\/posetite-srbiju\/kulturne-atrakcije\/manastiri-i-crkve\/vaznesenjska-crkva-u-beogradu\/","name":"Vaznesenjska crkva u Beogradu - Serbia.com","isPartOf":{"@id":"https:\/\/serbia.com\/#website"},"primaryImageOfPage":{"@id":"https:\/\/serbia.com\/srpski\/posetite-srbiju\/kulturne-atrakcije\/manastiri-i-crkve\/vaznesenjska-crkva-u-beogradu\/#primaryimage"},"image":{"@id":"https:\/\/serbia.com\/srpski\/posetite-srbiju\/kulturne-atrakcije\/manastiri-i-crkve\/vaznesenjska-crkva-u-beogradu\/#primaryimage"},"thumbnailUrl":"https:\/\/serbia.com\/wp-content\/uploads\/2015\/05\/vaznesenjska2.jpg","datePublished":"2015-05-12T09:50:47+00:00","dateModified":"2024-10-01T09:54:27+00:00","breadcrumb":{"@id":"https:\/\/serbia.com\/srpski\/posetite-srbiju\/kulturne-atrakcije\/manastiri-i-crkve\/vaznesenjska-crkva-u-beogradu\/#breadcrumb"},"inLanguage":"srpski","potentialAction":[{"@type":"ReadAction","target":["https:\/\/serbia.com\/srpski\/posetite-srbiju\/kulturne-atrakcije\/manastiri-i-crkve\/vaznesenjska-crkva-u-beogradu\/"]}]},{"@type":"ImageObject","inLanguage":"srpski","@id":"https:\/\/serbia.com\/srpski\/posetite-srbiju\/kulturne-atrakcije\/manastiri-i-crkve\/vaznesenjska-crkva-u-beogradu\/#primaryimage","url":"https:\/\/serbia.com\/wp-content\/uploads\/2015\/05\/vaznesenjska2.jpg","contentUrl":"https:\/\/serbia.com\/wp-content\/uploads\/2015\/05\/vaznesenjska2.jpg","width":1600,"height":697},{"@type":"BreadcrumbList","@id":"https:\/\/serbia.com\/srpski\/posetite-srbiju\/kulturne-atrakcije\/manastiri-i-crkve\/vaznesenjska-crkva-u-beogradu\/#breadcrumb","itemListElement":[{"@type":"ListItem","position":1,"name":"Home","item":"https:\/\/serbia.com\/srpski\/"},{"@type":"ListItem","position":2,"name":"Poseti Srbiju","item":"https:\/\/serbia.com\/srpski\/posetite-srbiju\/"},{"@type":"ListItem","position":3,"name":"Kulturne atrakcije","item":"https:\/\/serbia.com\/srpski\/posetite-srbiju\/kulturne-atrakcije\/"},{"@type":"ListItem","position":4,"name":"Manastiri i crkve","item":"https:\/\/serbia.com\/srpski\/posetite-srbiju\/kulturne-atrakcije\/manastiri-i-crkve\/"},{"@type":"ListItem","position":5,"name":"Vaznesenjska crkva u Beogradu"}]},{"@type":"WebSite","@id":"https:\/\/serbia.com\/#website","url":"https:\/\/serbia.com\/","name":"Serbia.com","description":"Your Gateway to Serbia","potentialAction":[{"@type":"SearchAction","target":{"@type":"EntryPoint","urlTemplate":"https:\/\/serbia.com\/?s={search_term_string}"},"query-input":{"@type":"PropertyValueSpecification","valueRequired":true,"valueName":"search_term_string"}}],"inLanguage":"srpski"}]}},"brizy_media":[],"_links":{"self":[{"href":"https:\/\/serbia.com\/srpski\/wp-json\/wp\/v2\/pages\/31746","targetHints":{"allow":["GET"]}}],"collection":[{"href":"https:\/\/serbia.com\/srpski\/wp-json\/wp\/v2\/pages"}],"about":[{"href":"https:\/\/serbia.com\/srpski\/wp-json\/wp\/v2\/types\/page"}],"author":[{"embeddable":true,"href":"https:\/\/serbia.com\/srpski\/wp-json\/wp\/v2\/users\/27"}],"replies":[{"embeddable":true,"href":"https:\/\/serbia.com\/srpski\/wp-json\/wp\/v2\/comments?post=31746"}],"version-history":[{"count":1,"href":"https:\/\/serbia.com\/srpski\/wp-json\/wp\/v2\/pages\/31746\/revisions"}],"predecessor-version":[{"id":55182,"href":"https:\/\/serbia.com\/srpski\/wp-json\/wp\/v2\/pages\/31746\/revisions\/55182"}],"up":[{"embeddable":true,"href":"https:\/\/serbia.com\/srpski\/wp-json\/wp\/v2\/pages\/20454"}],"wp:featuredmedia":[{"embeddable":true,"href":"https:\/\/serbia.com\/srpski\/wp-json\/wp\/v2\/media\/31742"}],"wp:attachment":[{"href":"https:\/\/serbia.com\/srpski\/wp-json\/wp\/v2\/media?parent=31746"}],"wp:term":[{"taxonomy":"category","embeddable":true,"href":"https:\/\/serbia.com\/srpski\/wp-json\/wp\/v2\/categories?post=31746"},{"taxonomy":"post_tag","embeddable":true,"href":"https:\/\/serbia.com\/srpski\/wp-json\/wp\/v2\/tags?post=31746"}],"curies":[{"name":"wp","href":"https:\/\/api.w.org\/{rel}","templated":true}]}}