{"id":31720,"date":"2015-05-11T14:34:56","date_gmt":"2015-05-11T12:34:56","guid":{"rendered":"http:\/\/www.serbia.com\/?page_id=31720"},"modified":"2024-10-01T11:53:10","modified_gmt":"2024-10-01T09:53:10","slug":"crkva-sv-dorda-na-oplencu","status":"publish","type":"page","link":"https:\/\/serbia.com\/srpski\/posetite-srbiju\/kulturne-atrakcije\/manastiri-i-crkve\/crkva-sv-dorda-na-oplencu\/","title":{"rendered":"Crkva Sv. \u0110or\u0111a na Oplencu"},"content":{"rendered":"<h4>Na vrhu brda Oplenac, me\u0111u zelenilom gustog drve\u0107a nalazi se jedan od najlep\u0161ih evropskih mauzoleja-crkvi. Unutra\u0161njost crkve \u010dine mozaici nestvarne lepote sa\u010dinjeni od oko 40 miliona kockica koje zajedno oslikavaju 1.500 figura reprodukovanih sa najlep\u0161ih freski iz srpskih manastira. Jo\u0161 jednu posebnost ove crkve srpsko-vizantijskog stila, \u010dini kripta u kojoj po\u010divaju 22 \u010dlana dinastije Kara\u0111or\u0111evi\u0107.<\/h4>\n<p>Sam prilaz crkvi koji po\u010dinje duga\u010dkim stepenicama od <a title=\"Proslavite Svetog Trifuna, Dan vinogradara u Hotelu Oplenac\" href=\"http:\/\/www.serbia.com\/srpski\/proslavite-svetog-trifuna-dan-vinogradara-u-hotelu-oplenac\/\"><strong>hotela Oplenac<\/strong><\/a>, odaje utisak da se penjete ka ne\u010demu uzvi\u0161enom, va\u017enom, svetom. Stepenice i put su oiv\u010dene masivnim kamenjem, a sa koje god strane da pogledate okru\u017eeni ste prelepim drve\u0107em, zelenom travom, cve\u0107em i mirisom sve\u017eine koja vazduhu daje mo\u017eda najlep\u0161u aromu. Svaki metar ovog puta odi\u0161e istorijom, pru\u017eaju\u0107i neopisivi ose\u0107aj da kora\u010date zemljom na kojoj su se de\u0161avale dobre i lo\u0161e stvari, ali svakako bitne za srpsku dr\u017eavu i narod.<\/p>\n<blockquote><p><em>Izgradnja crkve je zapo\u010deta 1910.godine, a prvobitna zamisao njenog ktitora, <a title=\"Petar I Kara\u0111or\u0111evi\u0107, kralj koji je \u017eiveo samo od plate\" href=\"http:\/\/www.serbia.com\/srpski\/seljacke-carape-kralja-srbije-2\/\" target=\"_blank\" rel=\"noopener\"><strong>kralja Petra I<\/strong><\/a> bila je da se na zidovima crkve ure\u017eu imena svih srpskih vojnika poginulih u balkanskim ratovima, ali se od te ideje odustalo, jer je samo u Prvom svetskom ratu stradalo oko 350.000 ratnika, pa je bilo nemogu\u0107e da se sva imena zabele\u017ee na zidovima.<\/em><\/p><\/blockquote>\n<p>Na samom vrhu puta kao kruna, uzvi\u0161eno na sokli stoji crkva Sv.\u0110or\u0111a. <strong>Ven\u010da\u010dki beli mermer<\/strong> sa blagim \u017eilicama \u017eutozelene boje \u010dini da ova crkva izgleda nestvarno bela u odnosu na opijaju\u0107e boje prirode koja je okru\u017euje. Vrata od te\u0161ke hrastovine oblo\u017eene bronzom, odaju utisak veli\u010dine i sigurnosti.<\/p>\n<p>Zapadna fasada gde se nalazi ulaz u crkvu ukra\u0161ena je monumentalnim portalom u \u010dijem polukrugu se nalazi mozai\u010dna ikona svetog \u0110or\u0111a, koja simboli\u0161e pobedu srpskog naroda nad neprijateljem. Iznad vrata se nalazi \u0161iroka klesana traka i na njoj grb Kara\u0111or\u0111evi\u0107a sa geslom <em><strong>&#8220;Bog mi je prva nada&#8221;<\/strong><\/em>.<\/p>\n<p>Ali ono \u0161to zaista izaziva divljenje i i naklon posetilaca, jeste unutra\u0161njost crkve. <strong>Staklene kockice mozaika u preko 15.000 razli\u010ditih nijansi boja<\/strong> u kombinaciji sa svetlom u crkvi, pru\u017eaju ose\u0107aj nestvarne lepote i divljenja prema onome \u0161to ljudska ruka mo\u017ee da napravi. Izme\u0111u sarkofaga Kara\u0111or\u0111a i kralja Petra I, u centru hrama nalazi se masivni polijelej, naopako postavljena kruna koja simbolizuje tugu <a title=\"Narod Srbije\" href=\"http:\/\/www.serbia.com\/srpski\/o-srbiji\/narod-srbije\/\">srpskog naroda<\/a> zbog propasti srpskog carstva na <a title=\"Boj na Kosovu\" href=\"http:\/\/www.serbia.com\/srpski\/boj-na-kosovu-2\/\"><strong>Kosovu 1389. godine<\/strong><\/a>, na\u010dinjena od bronze i te\u0161ka 1.500 kilograma.<\/p>\n<p>Izra\u0111en od najfinijeg raznobojnog poliranog mermera, patos crkve zajedno sa bogato zastupljenom ornamentikom, budu\u0107i da nema nepokrivenih unutra\u0161njih povr\u0161ina \u010dini da hram izgleda bogato i impozantno, a opet odmereno i duhovno. <strong>Ukupna povr\u0161ina mozaika od 3.500 metara kvadratnih ocrtava 725 slikanih kompozicija<\/strong>, i zajedno sa hiljadama nijansi boja ostvaruje najupe\u010datljivije slikarsko sazvu\u010dje.<\/p>\n<p>U donjem delu crkve nalazi se <strong>kripta gde je sahranjeno \u0161est generacija Kara\u0111or\u0111evi\u0107a<\/strong>. Kripta se sastoji od 39 grobnica sa nadgrobnim plo\u010dama od de\u010danskog oniksa, a do sada je u ovoj kripti sahranjeno 22 \u010dlana dinastije. Grobnica je ra\u0111ena po uzoru na crkvu Sen Deni kod Pariza, a posebno mesto u kripti zauzima stilski veliki sve\u0107njak izliven u bronzi sa pozlatom.<\/p>\n<p>Crkva Sv.\u0110or\u0111a na <a title=\"Oplenac, plodno brdo srpske istorije\" href=\"http:\/\/www.serbia.com\/srpski\/posetite-srbiju\/prirodne-lepote\/jedinstvena-priroda\/oplenac-a-fertile-hillside-of-a-serbian-history\/\" target=\"_blank\" rel=\"noopener\">Oplencu<\/a> \u010dini jedinstveni primerak srpske arhitekture sa po\u010detka 19. veka, koja u sebi ima kolekciju najlep\u0161ih freski iz mnogobrojnih <a title=\"Manastiri i crkve\" href=\"http:\/\/www.serbia.com\/srpski\/posetite-srbiju\/kulturne-atrakcije\/manastiri-i-crkve\/\" target=\"_blank\" rel=\"noopener\">srpskih manastira<\/a>, ocrtanih u najlep\u0161im mozaicima. O nestvarnoj lepoti i duhovnosti ovog mauzoleja-crkve \u010dija impozantnost nikoga ne ostavlja ravnodu\u0161nim, mo\u017eda najbolje govore pogledi i uzdasi posetilaca.<\/p>\n","protected":false},"excerpt":{"rendered":"<p>Na vrhu brda Oplenac, me\u0111u zelenilom gustog drve\u0107a nalazi se jedan od najlep\u0161ih evropskih mauzoleja-crkvi. Unutra\u0161njost crkve \u010dine mozaici nestvarne lepote sa\u010dinjeni od oko 40 miliona kockica koje zajedno oslikavaju [&hellip;]<\/p>\n","protected":false},"author":27,"featured_media":62719,"parent":20454,"menu_order":0,"comment_status":"closed","ping_status":"closed","template":"","meta":{"_acf_changed":false,"inline_featured_image":false,"_monsterinsights_skip_tracking":false,"_monsterinsights_sitenote_active":false,"_monsterinsights_sitenote_note":"","_monsterinsights_sitenote_category":0,"footnotes":""},"categories":[1667],"tags":[],"class_list":["post-31720","page","type-page","status-publish","has-post-thumbnail","hentry","category-manastiri-crkve-kulturne-atrakcije-sta-posetiti"],"acf":[],"yoast_head":"<!-- This site is optimized with the Yoast SEO plugin v23.8 - https:\/\/yoast.com\/wordpress\/plugins\/seo\/ -->\n<title>Crkva Sv. \u0110or\u0111a na Oplencu - Serbia.com<\/title>\n<meta name=\"robots\" content=\"index, follow, max-snippet:-1, max-image-preview:large, max-video-preview:-1\" \/>\n<link rel=\"canonical\" href=\"https:\/\/serbia.com\/srpski\/posetite-srbiju\/kulturne-atrakcije\/manastiri-i-crkve\/crkva-sv-dorda-na-oplencu\/\" \/>\n<meta property=\"og:locale\" content=\"en_US\" \/>\n<meta property=\"og:type\" content=\"article\" \/>\n<meta property=\"og:title\" content=\"Crkva Sv. \u0110or\u0111a na Oplencu - Serbia.com\" \/>\n<meta property=\"og:description\" content=\"Na vrhu brda Oplenac, me\u0111u zelenilom gustog drve\u0107a nalazi se jedan od najlep\u0161ih evropskih mauzoleja-crkvi. Unutra\u0161njost crkve \u010dine mozaici nestvarne lepote sa\u010dinjeni od oko 40 miliona kockica koje zajedno oslikavaju [&hellip;]\" \/>\n<meta property=\"og:url\" content=\"https:\/\/serbia.com\/srpski\/posetite-srbiju\/kulturne-atrakcije\/manastiri-i-crkve\/crkva-sv-dorda-na-oplencu\/\" \/>\n<meta property=\"og:site_name\" content=\"Serbia.com\" \/>\n<meta property=\"article:modified_time\" content=\"2024-10-01T09:53:10+00:00\" \/>\n<meta property=\"og:image\" content=\"https:\/\/serbia.com\/wp-content\/uploads\/2025\/09\/eastern-serbia-38-3-e1759235025531.jpg\" \/>\n\t<meta property=\"og:image:width\" content=\"1365\" \/>\n\t<meta property=\"og:image:height\" content=\"418\" \/>\n\t<meta property=\"og:image:type\" content=\"image\/jpeg\" \/>\n<meta name=\"twitter:label1\" content=\"Est. reading time\" \/>\n\t<meta name=\"twitter:data1\" content=\"3 minutes\" \/>\n<script type=\"application\/ld+json\" class=\"yoast-schema-graph\">{\"@context\":\"https:\/\/schema.org\",\"@graph\":[{\"@type\":\"WebPage\",\"@id\":\"https:\/\/serbia.com\/srpski\/posetite-srbiju\/kulturne-atrakcije\/manastiri-i-crkve\/crkva-sv-dorda-na-oplencu\/\",\"url\":\"https:\/\/serbia.com\/srpski\/posetite-srbiju\/kulturne-atrakcije\/manastiri-i-crkve\/crkva-sv-dorda-na-oplencu\/\",\"name\":\"Crkva Sv. \u0110or\u0111a na Oplencu - Serbia.com\",\"isPartOf\":{\"@id\":\"https:\/\/serbia.com\/#website\"},\"primaryImageOfPage\":{\"@id\":\"https:\/\/serbia.com\/srpski\/posetite-srbiju\/kulturne-atrakcije\/manastiri-i-crkve\/crkva-sv-dorda-na-oplencu\/#primaryimage\"},\"image\":{\"@id\":\"https:\/\/serbia.com\/srpski\/posetite-srbiju\/kulturne-atrakcije\/manastiri-i-crkve\/crkva-sv-dorda-na-oplencu\/#primaryimage\"},\"thumbnailUrl\":\"https:\/\/serbia.com\/wp-content\/uploads\/2025\/09\/eastern-serbia-38-3-e1759235025531.jpg\",\"datePublished\":\"2015-05-11T12:34:56+00:00\",\"dateModified\":\"2024-10-01T09:53:10+00:00\",\"breadcrumb\":{\"@id\":\"https:\/\/serbia.com\/srpski\/posetite-srbiju\/kulturne-atrakcije\/manastiri-i-crkve\/crkva-sv-dorda-na-oplencu\/#breadcrumb\"},\"inLanguage\":\"srpski\",\"potentialAction\":[{\"@type\":\"ReadAction\",\"target\":[\"https:\/\/serbia.com\/srpski\/posetite-srbiju\/kulturne-atrakcije\/manastiri-i-crkve\/crkva-sv-dorda-na-oplencu\/\"]}]},{\"@type\":\"ImageObject\",\"inLanguage\":\"srpski\",\"@id\":\"https:\/\/serbia.com\/srpski\/posetite-srbiju\/kulturne-atrakcije\/manastiri-i-crkve\/crkva-sv-dorda-na-oplencu\/#primaryimage\",\"url\":\"https:\/\/serbia.com\/wp-content\/uploads\/2025\/09\/eastern-serbia-38-3-e1759235025531.jpg\",\"contentUrl\":\"https:\/\/serbia.com\/wp-content\/uploads\/2025\/09\/eastern-serbia-38-3-e1759235025531.jpg\",\"width\":1365,\"height\":418},{\"@type\":\"BreadcrumbList\",\"@id\":\"https:\/\/serbia.com\/srpski\/posetite-srbiju\/kulturne-atrakcije\/manastiri-i-crkve\/crkva-sv-dorda-na-oplencu\/#breadcrumb\",\"itemListElement\":[{\"@type\":\"ListItem\",\"position\":1,\"name\":\"Home\",\"item\":\"https:\/\/serbia.com\/srpski\/\"},{\"@type\":\"ListItem\",\"position\":2,\"name\":\"Poseti Srbiju\",\"item\":\"https:\/\/serbia.com\/srpski\/posetite-srbiju\/\"},{\"@type\":\"ListItem\",\"position\":3,\"name\":\"Kulturne atrakcije\",\"item\":\"https:\/\/serbia.com\/srpski\/posetite-srbiju\/kulturne-atrakcije\/\"},{\"@type\":\"ListItem\",\"position\":4,\"name\":\"Manastiri i crkve\",\"item\":\"https:\/\/serbia.com\/srpski\/posetite-srbiju\/kulturne-atrakcije\/manastiri-i-crkve\/\"},{\"@type\":\"ListItem\",\"position\":5,\"name\":\"Crkva Sv. \u0110or\u0111a na Oplencu\"}]},{\"@type\":\"WebSite\",\"@id\":\"https:\/\/serbia.com\/#website\",\"url\":\"https:\/\/serbia.com\/\",\"name\":\"Serbia.com\",\"description\":\"Your Gateway to Serbia\",\"potentialAction\":[{\"@type\":\"SearchAction\",\"target\":{\"@type\":\"EntryPoint\",\"urlTemplate\":\"https:\/\/serbia.com\/?s={search_term_string}\"},\"query-input\":{\"@type\":\"PropertyValueSpecification\",\"valueRequired\":true,\"valueName\":\"search_term_string\"}}],\"inLanguage\":\"srpski\"}]}<\/script>\n<!-- \/ Yoast SEO plugin. -->","yoast_head_json":{"title":"Crkva Sv. \u0110or\u0111a na Oplencu - Serbia.com","robots":{"index":"index","follow":"follow","max-snippet":"max-snippet:-1","max-image-preview":"max-image-preview:large","max-video-preview":"max-video-preview:-1"},"canonical":"https:\/\/serbia.com\/srpski\/posetite-srbiju\/kulturne-atrakcije\/manastiri-i-crkve\/crkva-sv-dorda-na-oplencu\/","og_locale":"en_US","og_type":"article","og_title":"Crkva Sv. \u0110or\u0111a na Oplencu - Serbia.com","og_description":"Na vrhu brda Oplenac, me\u0111u zelenilom gustog drve\u0107a nalazi se jedan od najlep\u0161ih evropskih mauzoleja-crkvi. Unutra\u0161njost crkve \u010dine mozaici nestvarne lepote sa\u010dinjeni od oko 40 miliona kockica koje zajedno oslikavaju [&hellip;]","og_url":"https:\/\/serbia.com\/srpski\/posetite-srbiju\/kulturne-atrakcije\/manastiri-i-crkve\/crkva-sv-dorda-na-oplencu\/","og_site_name":"Serbia.com","article_modified_time":"2024-10-01T09:53:10+00:00","og_image":[{"width":1365,"height":418,"url":"https:\/\/serbia.com\/wp-content\/uploads\/2025\/09\/eastern-serbia-38-3-e1759235025531.jpg","type":"image\/jpeg"}],"twitter_misc":{"Est. reading time":"3 minutes"},"schema":{"@context":"https:\/\/schema.org","@graph":[{"@type":"WebPage","@id":"https:\/\/serbia.com\/srpski\/posetite-srbiju\/kulturne-atrakcije\/manastiri-i-crkve\/crkva-sv-dorda-na-oplencu\/","url":"https:\/\/serbia.com\/srpski\/posetite-srbiju\/kulturne-atrakcije\/manastiri-i-crkve\/crkva-sv-dorda-na-oplencu\/","name":"Crkva Sv. \u0110or\u0111a na Oplencu - Serbia.com","isPartOf":{"@id":"https:\/\/serbia.com\/#website"},"primaryImageOfPage":{"@id":"https:\/\/serbia.com\/srpski\/posetite-srbiju\/kulturne-atrakcije\/manastiri-i-crkve\/crkva-sv-dorda-na-oplencu\/#primaryimage"},"image":{"@id":"https:\/\/serbia.com\/srpski\/posetite-srbiju\/kulturne-atrakcije\/manastiri-i-crkve\/crkva-sv-dorda-na-oplencu\/#primaryimage"},"thumbnailUrl":"https:\/\/serbia.com\/wp-content\/uploads\/2025\/09\/eastern-serbia-38-3-e1759235025531.jpg","datePublished":"2015-05-11T12:34:56+00:00","dateModified":"2024-10-01T09:53:10+00:00","breadcrumb":{"@id":"https:\/\/serbia.com\/srpski\/posetite-srbiju\/kulturne-atrakcije\/manastiri-i-crkve\/crkva-sv-dorda-na-oplencu\/#breadcrumb"},"inLanguage":"srpski","potentialAction":[{"@type":"ReadAction","target":["https:\/\/serbia.com\/srpski\/posetite-srbiju\/kulturne-atrakcije\/manastiri-i-crkve\/crkva-sv-dorda-na-oplencu\/"]}]},{"@type":"ImageObject","inLanguage":"srpski","@id":"https:\/\/serbia.com\/srpski\/posetite-srbiju\/kulturne-atrakcije\/manastiri-i-crkve\/crkva-sv-dorda-na-oplencu\/#primaryimage","url":"https:\/\/serbia.com\/wp-content\/uploads\/2025\/09\/eastern-serbia-38-3-e1759235025531.jpg","contentUrl":"https:\/\/serbia.com\/wp-content\/uploads\/2025\/09\/eastern-serbia-38-3-e1759235025531.jpg","width":1365,"height":418},{"@type":"BreadcrumbList","@id":"https:\/\/serbia.com\/srpski\/posetite-srbiju\/kulturne-atrakcije\/manastiri-i-crkve\/crkva-sv-dorda-na-oplencu\/#breadcrumb","itemListElement":[{"@type":"ListItem","position":1,"name":"Home","item":"https:\/\/serbia.com\/srpski\/"},{"@type":"ListItem","position":2,"name":"Poseti Srbiju","item":"https:\/\/serbia.com\/srpski\/posetite-srbiju\/"},{"@type":"ListItem","position":3,"name":"Kulturne atrakcije","item":"https:\/\/serbia.com\/srpski\/posetite-srbiju\/kulturne-atrakcije\/"},{"@type":"ListItem","position":4,"name":"Manastiri i crkve","item":"https:\/\/serbia.com\/srpski\/posetite-srbiju\/kulturne-atrakcije\/manastiri-i-crkve\/"},{"@type":"ListItem","position":5,"name":"Crkva Sv. \u0110or\u0111a na Oplencu"}]},{"@type":"WebSite","@id":"https:\/\/serbia.com\/#website","url":"https:\/\/serbia.com\/","name":"Serbia.com","description":"Your Gateway to Serbia","potentialAction":[{"@type":"SearchAction","target":{"@type":"EntryPoint","urlTemplate":"https:\/\/serbia.com\/?s={search_term_string}"},"query-input":{"@type":"PropertyValueSpecification","valueRequired":true,"valueName":"search_term_string"}}],"inLanguage":"srpski"}]}},"_links":{"self":[{"href":"https:\/\/serbia.com\/srpski\/wp-json\/wp\/v2\/pages\/31720"}],"collection":[{"href":"https:\/\/serbia.com\/srpski\/wp-json\/wp\/v2\/pages"}],"about":[{"href":"https:\/\/serbia.com\/srpski\/wp-json\/wp\/v2\/types\/page"}],"author":[{"embeddable":true,"href":"https:\/\/serbia.com\/srpski\/wp-json\/wp\/v2\/users\/27"}],"replies":[{"embeddable":true,"href":"https:\/\/serbia.com\/srpski\/wp-json\/wp\/v2\/comments?post=31720"}],"version-history":[{"count":1,"href":"https:\/\/serbia.com\/srpski\/wp-json\/wp\/v2\/pages\/31720\/revisions"}],"predecessor-version":[{"id":55180,"href":"https:\/\/serbia.com\/srpski\/wp-json\/wp\/v2\/pages\/31720\/revisions\/55180"}],"up":[{"embeddable":true,"href":"https:\/\/serbia.com\/srpski\/wp-json\/wp\/v2\/pages\/20454"}],"wp:featuredmedia":[{"embeddable":true,"href":"https:\/\/serbia.com\/srpski\/wp-json\/wp\/v2\/media\/62719"}],"wp:attachment":[{"href":"https:\/\/serbia.com\/srpski\/wp-json\/wp\/v2\/media?parent=31720"}],"wp:term":[{"taxonomy":"category","embeddable":true,"href":"https:\/\/serbia.com\/srpski\/wp-json\/wp\/v2\/categories?post=31720"},{"taxonomy":"post_tag","embeddable":true,"href":"https:\/\/serbia.com\/srpski\/wp-json\/wp\/v2\/tags?post=31720"}],"curies":[{"name":"wp","href":"https:\/\/api.w.org\/{rel}","templated":true}]}}