{"id":31704,"date":"2015-05-11T13:44:42","date_gmt":"2015-05-11T11:44:42","guid":{"rendered":"http:\/\/www.serbia.com\/?page_id=31704"},"modified":"2025-10-08T15:45:52","modified_gmt":"2025-10-08T13:45:52","slug":"manastir-mileseva-cuvar-srednjovekovnih-freski-vanvremenske-lepote","status":"publish","type":"page","link":"https:\/\/serbia.com\/srpski\/posetite-srbiju\/kulturne-atrakcije\/manastiri-i-crkve\/manastir-mileseva-cuvar-srednjovekovnih-freski-vanvremenske-lepote\/","title":{"rendered":"Manastir Mile\u0161eva, \u010duvar srednjovekovnih freski vanvremenske lepote"},"content":{"rendered":"<h4>Sedi\u0161te episkopije Srpske pravoslavne crkve, na zidovima starim osam vekova \u010duva neke od najvrednijih dometa srpskog fresko slikarstva. Iako su freske ra\u0111ene u vizantijskom stilu koji nije dozvoljavao uno\u0161enje novina u na\u010din slikanja, mile\u0161evski slikari donose promene, daju\u00a0duh i \u017eivot freskama, i stvaraju unikatana dela vanvremenske lepote po kojima \u0107e Mile\u0161eva i \u201eBeli an\u0111eo\u201c postati svetski poznati.<\/h4>\n<p>Na reci Mile\u0161evici nadomak Prijepolja nalazi se savim jednostavna, u ra\u0161kom stilu gra\u0111ena srpska srednjovekovna svetinja. Iako spolja odi\u0161e skromno\u0161\u0107u, ovaj manastir iz prve polovine XIII veka u svojoj unutra\u0161njosti krije vredno blago. <strong>Na njegovim zidovima kao verni svedoci jednog vremena i duha, nalaze se freske velikih majstora \u010dija \u017eivopisnost, lepota i unikatnost rasplamsavaju ma\u0161tu i bude emocije.<\/strong><\/p>\n<p>Delimi\u010dna o\u010duvanost ve\u0107ine fresaka omogu\u0107ava svakom pojedincu da nedostatke nadomesti na svoj na\u010din, onako kako ih on vidi.<\/p>\n<p><strong>Nedostaci na koje je vreme ostavilo tragove nisu odezeli ni\u0161ta od veli\u010danstvene lepote mile\u0161evskih freski<\/strong>.<\/p>\n<p>Sa lica staraca isposnika, mladih mu\u010denika, milostivih \u017eena, crkvenih otaca i vladarskih sinova i dalje zra\u010de lepota i mir.<\/p>\n<blockquote>\n<p><em>Manastir Mile\u0161eva gra\u0111en je 1218. i 1219. a \u017eivopisan 1222. do 1228. godine. Osnovao ga je kralj Vladislav, sin kralja Stefana Prvoven\u010danog, a unuk Nemanjin. Vladislav je Mile\u0161evu podigao kao svoju grobnu crkvu, u kojoj je i sahranjen.<\/em><\/p>\n<\/blockquote>\n<p>U vazduhu manastira se ose\u0107a spokoj. Blagi miris tamjana obavija prostor \u010dija je svaka zidina oblo\u017eena istorijom.<\/p>\n<p><strong>Svaka freska govori za sebe, svaka ima svoju pri\u010du naslikanu ve\u0161tom rukom nepoznatih umetnika srednjeg veka.<\/strong><\/p>\n<p>Njihov zna\u010daj i vrednost je upravo u tome \u0161to su stvorili unikatan stil, \u0161to su u odnosu na <a title=\"Studenica, manastir dragocenih fresaka\" href=\"http:\/\/www.serbia.com\/srpski\/posetite-srbiju\/kulturne-atrakcije\/manastiri-i-crkve\/studenica-manastir-dragocenih-fresaka\/\" target=\"_blank\" rel=\"noopener\">studeni\u010dke freske<\/a> iz koje su mile\u0161evske neposredno proizi\u0161le, napravili korak napred ka slobodnijem stilu i ka ostavljanju pe\u010data koji slike \u010dini posebnim i ni nalik na ni jedne druge.<\/p>\n<p>Mile\u0161evskim freskama najve\u0107u slavu svakako je doneo \u201eAn\u0111eo na Hristovom grobu\u201c, koji podse\u0107a na staru gr\u010dku umetnost. Svojom veli\u010dinom i belom haljinom ostavlja sna\u017ean i prodoran utisak. <strong>S&#8217; obzirom da je Mile\u0161eva jedan od prvih spomenika mlade srpske umetnosti i da je <a title=\"\u201eBeli an\u0111eo\u201c kao simbol Evrope\" href=\"http:\/\/www.serbia.com\/srpski\/beli-andeo-kao-simbol-evrope\/\">\u201eBeli an\u0111eo\u201c<\/a> o\u010duvan gotovo u potpunoj prvobitnosti, smatra se simbolom mladosti i trajanja.<\/strong> Zanimljivo je da je u prvom satelitskom video pozdravu Evropljana Amerikancima ova freska simbolisala Evropu i mir me\u0111u kontinentima.<\/p>\n<blockquote>\n<p><em>Mo\u0161ti <a title=\"Sveti Sava \u2013 princ, arhiepiskop, svetitelj\" href=\"http:\/\/www.serbia.com\/srpski\/sveti-sava-princ-arhiepiskop-svetitelj\/\">Svetog Save<\/a> su godinu dana nakon njegove smrti prenete u Mile\u0161evu , gde je sve\u010dano sahranjen u grob u tek sazidanoj priprati. \u010cinjenica da je Savino telo bilo sahranjeno u Mile\u0161evi podigla je ugled ina\u010de po\u0161tovanom manastiru. Mile\u0161eva tada postaje kultno mesto koje svi pohode. Zato Turci 1594. godine odnose mo\u0161ti svetitelja u Beograd i spaljuju ga, \u017eele\u0107i time da uni\u0161te kult Svetog Save u srpskom narodu. Vreme koje je dolazilo, pokazalo je da u toj nameri ipak nisu uspeli.<\/em><\/p>\n<\/blockquote>\n<p>Izlomljene povr\u0161ine pilastrima i lukove ispresecanih zidova krase i druge vredne freske. <em><strong>\u201eSkidanje s krsta\u201c<\/strong><\/em> na kome Magdalina ljubi ruku mrtvog Hrista, svakako je najmilostivija scena stare srpske umetnosti. Na severnom zidu nalazi se prepolovljena kompozicija <em><strong>\u201eRo\u0111enja\u201c<\/strong><\/em> sa realisti\u010dki slikanim dadiljama, a tu je i mali fragment <em><strong>\u201eSilaska u ad\u201c<\/strong><\/em>, sa an\u0111elom i \u0111avolom koji se naslu\u0111uju ispod novije Tajne ve\u010dere.<\/p>\n<p>Jo\u0161 jedno bogatstvo i dobro poznata vrednost mile\u0161evskog slikarstva su vladala\u010dki portreti. Polovina figure <a title=\"Likovni konkurs Narodne biblioteke Kur\u0161umlija: Stefan Nemanja kao inspiracija\" href=\"http:\/\/www.serbia.com\/srpski\/likovni-konkurs-narodne-biblioteke-kursumlija-stefan-nemanja-kao-inspiracija\/\"><strong><em>Stefana Nemanje<\/em><\/strong><\/a>,<em><strong> freske <a href=\"http:\/\/www.serbia.com\/srpski\/o-srbiji\/poznati-srbi\/istorijske-licnosti\/sveti-sava\/\" target=\"_blank\" rel=\"noopener\">Svetog Save<\/a><\/strong><\/em>, <em><strong>Stefana Prvoven\u010danog<\/strong><\/em>, <em><strong>kralja Radoslava<\/strong><\/em> i <em><strong>Vladislava<\/strong><\/em>, daju dokumentarnu vrednost mile\u0161evskim portretima zbog koje prema\u0161uju zna\u010daj obi\u010dnih lepih slika. Postoji mogu\u0107nost da su freske ra\u0111ene pre 1228. godine, a puno detalja i precizno iscrtane crte lica svedo\u010de o finom posmatra\u010dkom daru slikara, koji iskreno i objektivno bele\u017ei ono \u0161to vidi.<\/p>\n<p>I danas se ne zna sa sigurno\u0161\u0107u da li su mile\u0161evski slikari bili Grci, ili Srbi \u0161kolovani u velikim vizantijskim centrima. Ali, jedno je sigurno \u2013 <strong>ostavili su Srbiji i celom svetu nasle\u0111e neprolazne vrednosti i lepote. Nasle\u0111e koje vekovima \u010duva <a title=\"Istorija\" href=\"http:\/\/www.serbia.com\/srpski\/o-srbiji\/istorija\/\">srpsku istoriju<\/a>, tradiciju i <a title=\"Kultura\" href=\"http:\/\/www.serbia.com\/srpski\/o-srbiji\/kultura\/\">kulturu<\/a> kroz umetnost \u010diji je zna\u010daj nemerljiv, a lepota rasko\u0161na i vanvremenska.<\/strong><\/p>\n\n\n<p>Featured photo: Julian Ny\u010da, CC BY 3.0 <a href=\"https:\/\/creativecommons.org\/licenses\/by\/3.0\">https:\/\/creativecommons.org\/licenses\/by\/3.0<\/a>, via Wikimedia Commons<\/p>\n","protected":false},"excerpt":{"rendered":"<p>Sedi\u0161te episkopije Srpske pravoslavne crkve, na zidovima starim osam vekova \u010duva neke od najvrednijih dometa srpskog fresko slikarstva. Iako su freske ra\u0111ene u vizantijskom stilu koji nije dozvoljavao uno\u0161enje novina [&hellip;]<\/p>\n","protected":false},"author":27,"featured_media":59959,"parent":20454,"menu_order":0,"comment_status":"closed","ping_status":"closed","template":"","meta":{"_acf_changed":false,"inline_featured_image":false,"_monsterinsights_skip_tracking":false,"_monsterinsights_sitenote_active":false,"_monsterinsights_sitenote_note":"","_monsterinsights_sitenote_category":0,"footnotes":""},"categories":[1667],"tags":[],"class_list":["post-31704","page","type-page","status-publish","has-post-thumbnail","hentry","category-manastiri-crkve-kulturne-atrakcije-sta-posetiti"],"acf":[],"yoast_head":"<!-- This site is optimized with the Yoast SEO plugin v27.4 - https:\/\/yoast.com\/product\/yoast-seo-wordpress\/ -->\n<title>Manastir Mile\u0161eva, \u010duvar srednjovekovnih freski vanvremenske lepote - Serbia.com<\/title>\n<meta name=\"robots\" content=\"index, follow, max-snippet:-1, max-image-preview:large, max-video-preview:-1\" \/>\n<link rel=\"canonical\" href=\"https:\/\/serbia.com\/srpski\/posetite-srbiju\/kulturne-atrakcije\/manastiri-i-crkve\/manastir-mileseva-cuvar-srednjovekovnih-freski-vanvremenske-lepote\/\" \/>\n<meta property=\"og:locale\" content=\"en_US\" \/>\n<meta property=\"og:type\" content=\"article\" \/>\n<meta property=\"og:title\" content=\"Manastir Mile\u0161eva, \u010duvar srednjovekovnih freski vanvremenske lepote - Serbia.com\" \/>\n<meta property=\"og:description\" content=\"Sedi\u0161te episkopije Srpske pravoslavne crkve, na zidovima starim osam vekova \u010duva neke od najvrednijih dometa srpskog fresko slikarstva. Iako su freske ra\u0111ene u vizantijskom stilu koji nije dozvoljavao uno\u0161enje novina [&hellip;]\" \/>\n<meta property=\"og:url\" content=\"https:\/\/serbia.com\/srpski\/posetite-srbiju\/kulturne-atrakcije\/manastiri-i-crkve\/manastir-mileseva-cuvar-srednjovekovnih-freski-vanvremenske-lepote\/\" \/>\n<meta property=\"og:site_name\" content=\"Serbia.com\" \/>\n<meta property=\"article:modified_time\" content=\"2025-10-08T13:45:52+00:00\" \/>\n<meta property=\"og:image\" content=\"https:\/\/serbia.com\/wp-content\/uploads\/2025\/05\/Mileseva_Monastery_2.jpg\" \/>\n\t<meta property=\"og:image:width\" content=\"1600\" \/>\n\t<meta property=\"og:image:height\" content=\"1200\" \/>\n\t<meta property=\"og:image:type\" content=\"image\/jpeg\" \/>\n<meta name=\"twitter:label1\" content=\"Est. reading time\" \/>\n\t<meta name=\"twitter:data1\" content=\"3 minutes\" \/>\n<script type=\"application\/ld+json\" class=\"yoast-schema-graph\">{\"@context\":\"https:\\\/\\\/schema.org\",\"@graph\":[{\"@type\":\"WebPage\",\"@id\":\"https:\\\/\\\/serbia.com\\\/srpski\\\/posetite-srbiju\\\/kulturne-atrakcije\\\/manastiri-i-crkve\\\/manastir-mileseva-cuvar-srednjovekovnih-freski-vanvremenske-lepote\\\/\",\"url\":\"https:\\\/\\\/serbia.com\\\/srpski\\\/posetite-srbiju\\\/kulturne-atrakcije\\\/manastiri-i-crkve\\\/manastir-mileseva-cuvar-srednjovekovnih-freski-vanvremenske-lepote\\\/\",\"name\":\"Manastir Mile\u0161eva, \u010duvar srednjovekovnih freski vanvremenske lepote - Serbia.com\",\"isPartOf\":{\"@id\":\"https:\\\/\\\/serbia.com\\\/#website\"},\"primaryImageOfPage\":{\"@id\":\"https:\\\/\\\/serbia.com\\\/srpski\\\/posetite-srbiju\\\/kulturne-atrakcije\\\/manastiri-i-crkve\\\/manastir-mileseva-cuvar-srednjovekovnih-freski-vanvremenske-lepote\\\/#primaryimage\"},\"image\":{\"@id\":\"https:\\\/\\\/serbia.com\\\/srpski\\\/posetite-srbiju\\\/kulturne-atrakcije\\\/manastiri-i-crkve\\\/manastir-mileseva-cuvar-srednjovekovnih-freski-vanvremenske-lepote\\\/#primaryimage\"},\"thumbnailUrl\":\"https:\\\/\\\/serbia.com\\\/wp-content\\\/uploads\\\/2025\\\/05\\\/Mileseva_Monastery_2.jpg\",\"datePublished\":\"2015-05-11T11:44:42+00:00\",\"dateModified\":\"2025-10-08T13:45:52+00:00\",\"breadcrumb\":{\"@id\":\"https:\\\/\\\/serbia.com\\\/srpski\\\/posetite-srbiju\\\/kulturne-atrakcije\\\/manastiri-i-crkve\\\/manastir-mileseva-cuvar-srednjovekovnih-freski-vanvremenske-lepote\\\/#breadcrumb\"},\"inLanguage\":\"srpski\",\"potentialAction\":[{\"@type\":\"ReadAction\",\"target\":[\"https:\\\/\\\/serbia.com\\\/srpski\\\/posetite-srbiju\\\/kulturne-atrakcije\\\/manastiri-i-crkve\\\/manastir-mileseva-cuvar-srednjovekovnih-freski-vanvremenske-lepote\\\/\"]}]},{\"@type\":\"ImageObject\",\"inLanguage\":\"srpski\",\"@id\":\"https:\\\/\\\/serbia.com\\\/srpski\\\/posetite-srbiju\\\/kulturne-atrakcije\\\/manastiri-i-crkve\\\/manastir-mileseva-cuvar-srednjovekovnih-freski-vanvremenske-lepote\\\/#primaryimage\",\"url\":\"https:\\\/\\\/serbia.com\\\/wp-content\\\/uploads\\\/2025\\\/05\\\/Mileseva_Monastery_2.jpg\",\"contentUrl\":\"https:\\\/\\\/serbia.com\\\/wp-content\\\/uploads\\\/2025\\\/05\\\/Mileseva_Monastery_2.jpg\",\"width\":1600,\"height\":1200},{\"@type\":\"BreadcrumbList\",\"@id\":\"https:\\\/\\\/serbia.com\\\/srpski\\\/posetite-srbiju\\\/kulturne-atrakcije\\\/manastiri-i-crkve\\\/manastir-mileseva-cuvar-srednjovekovnih-freski-vanvremenske-lepote\\\/#breadcrumb\",\"itemListElement\":[{\"@type\":\"ListItem\",\"position\":1,\"name\":\"Home\",\"item\":\"https:\\\/\\\/serbia.com\\\/srpski\\\/\"},{\"@type\":\"ListItem\",\"position\":2,\"name\":\"Poseti Srbiju\",\"item\":\"https:\\\/\\\/serbia.com\\\/srpski\\\/posetite-srbiju\\\/\"},{\"@type\":\"ListItem\",\"position\":3,\"name\":\"Kulturne atrakcije\",\"item\":\"https:\\\/\\\/serbia.com\\\/srpski\\\/posetite-srbiju\\\/kulturne-atrakcije\\\/\"},{\"@type\":\"ListItem\",\"position\":4,\"name\":\"Manastiri i crkve\",\"item\":\"https:\\\/\\\/serbia.com\\\/srpski\\\/posetite-srbiju\\\/kulturne-atrakcije\\\/manastiri-i-crkve\\\/\"},{\"@type\":\"ListItem\",\"position\":5,\"name\":\"Manastir Mile\u0161eva, \u010duvar srednjovekovnih freski vanvremenske lepote\"}]},{\"@type\":\"WebSite\",\"@id\":\"https:\\\/\\\/serbia.com\\\/#website\",\"url\":\"https:\\\/\\\/serbia.com\\\/\",\"name\":\"Serbia.com\",\"description\":\"Your Gateway to Serbia\",\"potentialAction\":[{\"@type\":\"SearchAction\",\"target\":{\"@type\":\"EntryPoint\",\"urlTemplate\":\"https:\\\/\\\/serbia.com\\\/?s={search_term_string}\"},\"query-input\":{\"@type\":\"PropertyValueSpecification\",\"valueRequired\":true,\"valueName\":\"search_term_string\"}}],\"inLanguage\":\"srpski\"}]}<\/script>\n<!-- \/ Yoast SEO plugin. -->","yoast_head_json":{"title":"Manastir Mile\u0161eva, \u010duvar srednjovekovnih freski vanvremenske lepote - Serbia.com","robots":{"index":"index","follow":"follow","max-snippet":"max-snippet:-1","max-image-preview":"max-image-preview:large","max-video-preview":"max-video-preview:-1"},"canonical":"https:\/\/serbia.com\/srpski\/posetite-srbiju\/kulturne-atrakcije\/manastiri-i-crkve\/manastir-mileseva-cuvar-srednjovekovnih-freski-vanvremenske-lepote\/","og_locale":"en_US","og_type":"article","og_title":"Manastir Mile\u0161eva, \u010duvar srednjovekovnih freski vanvremenske lepote - Serbia.com","og_description":"Sedi\u0161te episkopije Srpske pravoslavne crkve, na zidovima starim osam vekova \u010duva neke od najvrednijih dometa srpskog fresko slikarstva. Iako su freske ra\u0111ene u vizantijskom stilu koji nije dozvoljavao uno\u0161enje novina [&hellip;]","og_url":"https:\/\/serbia.com\/srpski\/posetite-srbiju\/kulturne-atrakcije\/manastiri-i-crkve\/manastir-mileseva-cuvar-srednjovekovnih-freski-vanvremenske-lepote\/","og_site_name":"Serbia.com","article_modified_time":"2025-10-08T13:45:52+00:00","og_image":[{"width":1600,"height":1200,"url":"https:\/\/serbia.com\/wp-content\/uploads\/2025\/05\/Mileseva_Monastery_2.jpg","type":"image\/jpeg"}],"twitter_misc":{"Est. reading time":"3 minutes"},"schema":{"@context":"https:\/\/schema.org","@graph":[{"@type":"WebPage","@id":"https:\/\/serbia.com\/srpski\/posetite-srbiju\/kulturne-atrakcije\/manastiri-i-crkve\/manastir-mileseva-cuvar-srednjovekovnih-freski-vanvremenske-lepote\/","url":"https:\/\/serbia.com\/srpski\/posetite-srbiju\/kulturne-atrakcije\/manastiri-i-crkve\/manastir-mileseva-cuvar-srednjovekovnih-freski-vanvremenske-lepote\/","name":"Manastir Mile\u0161eva, \u010duvar srednjovekovnih freski vanvremenske lepote - Serbia.com","isPartOf":{"@id":"https:\/\/serbia.com\/#website"},"primaryImageOfPage":{"@id":"https:\/\/serbia.com\/srpski\/posetite-srbiju\/kulturne-atrakcije\/manastiri-i-crkve\/manastir-mileseva-cuvar-srednjovekovnih-freski-vanvremenske-lepote\/#primaryimage"},"image":{"@id":"https:\/\/serbia.com\/srpski\/posetite-srbiju\/kulturne-atrakcije\/manastiri-i-crkve\/manastir-mileseva-cuvar-srednjovekovnih-freski-vanvremenske-lepote\/#primaryimage"},"thumbnailUrl":"https:\/\/serbia.com\/wp-content\/uploads\/2025\/05\/Mileseva_Monastery_2.jpg","datePublished":"2015-05-11T11:44:42+00:00","dateModified":"2025-10-08T13:45:52+00:00","breadcrumb":{"@id":"https:\/\/serbia.com\/srpski\/posetite-srbiju\/kulturne-atrakcije\/manastiri-i-crkve\/manastir-mileseva-cuvar-srednjovekovnih-freski-vanvremenske-lepote\/#breadcrumb"},"inLanguage":"srpski","potentialAction":[{"@type":"ReadAction","target":["https:\/\/serbia.com\/srpski\/posetite-srbiju\/kulturne-atrakcije\/manastiri-i-crkve\/manastir-mileseva-cuvar-srednjovekovnih-freski-vanvremenske-lepote\/"]}]},{"@type":"ImageObject","inLanguage":"srpski","@id":"https:\/\/serbia.com\/srpski\/posetite-srbiju\/kulturne-atrakcije\/manastiri-i-crkve\/manastir-mileseva-cuvar-srednjovekovnih-freski-vanvremenske-lepote\/#primaryimage","url":"https:\/\/serbia.com\/wp-content\/uploads\/2025\/05\/Mileseva_Monastery_2.jpg","contentUrl":"https:\/\/serbia.com\/wp-content\/uploads\/2025\/05\/Mileseva_Monastery_2.jpg","width":1600,"height":1200},{"@type":"BreadcrumbList","@id":"https:\/\/serbia.com\/srpski\/posetite-srbiju\/kulturne-atrakcije\/manastiri-i-crkve\/manastir-mileseva-cuvar-srednjovekovnih-freski-vanvremenske-lepote\/#breadcrumb","itemListElement":[{"@type":"ListItem","position":1,"name":"Home","item":"https:\/\/serbia.com\/srpski\/"},{"@type":"ListItem","position":2,"name":"Poseti Srbiju","item":"https:\/\/serbia.com\/srpski\/posetite-srbiju\/"},{"@type":"ListItem","position":3,"name":"Kulturne atrakcije","item":"https:\/\/serbia.com\/srpski\/posetite-srbiju\/kulturne-atrakcije\/"},{"@type":"ListItem","position":4,"name":"Manastiri i crkve","item":"https:\/\/serbia.com\/srpski\/posetite-srbiju\/kulturne-atrakcije\/manastiri-i-crkve\/"},{"@type":"ListItem","position":5,"name":"Manastir Mile\u0161eva, \u010duvar srednjovekovnih freski vanvremenske lepote"}]},{"@type":"WebSite","@id":"https:\/\/serbia.com\/#website","url":"https:\/\/serbia.com\/","name":"Serbia.com","description":"Your Gateway to Serbia","potentialAction":[{"@type":"SearchAction","target":{"@type":"EntryPoint","urlTemplate":"https:\/\/serbia.com\/?s={search_term_string}"},"query-input":{"@type":"PropertyValueSpecification","valueRequired":true,"valueName":"search_term_string"}}],"inLanguage":"srpski"}]}},"brizy_media":[],"_links":{"self":[{"href":"https:\/\/serbia.com\/srpski\/wp-json\/wp\/v2\/pages\/31704","targetHints":{"allow":["GET"]}}],"collection":[{"href":"https:\/\/serbia.com\/srpski\/wp-json\/wp\/v2\/pages"}],"about":[{"href":"https:\/\/serbia.com\/srpski\/wp-json\/wp\/v2\/types\/page"}],"author":[{"embeddable":true,"href":"https:\/\/serbia.com\/srpski\/wp-json\/wp\/v2\/users\/27"}],"replies":[{"embeddable":true,"href":"https:\/\/serbia.com\/srpski\/wp-json\/wp\/v2\/comments?post=31704"}],"version-history":[{"count":2,"href":"https:\/\/serbia.com\/srpski\/wp-json\/wp\/v2\/pages\/31704\/revisions"}],"predecessor-version":[{"id":62901,"href":"https:\/\/serbia.com\/srpski\/wp-json\/wp\/v2\/pages\/31704\/revisions\/62901"}],"up":[{"embeddable":true,"href":"https:\/\/serbia.com\/srpski\/wp-json\/wp\/v2\/pages\/20454"}],"wp:featuredmedia":[{"embeddable":true,"href":"https:\/\/serbia.com\/srpski\/wp-json\/wp\/v2\/media\/59959"}],"wp:attachment":[{"href":"https:\/\/serbia.com\/srpski\/wp-json\/wp\/v2\/media?parent=31704"}],"wp:term":[{"taxonomy":"category","embeddable":true,"href":"https:\/\/serbia.com\/srpski\/wp-json\/wp\/v2\/categories?post=31704"},{"taxonomy":"post_tag","embeddable":true,"href":"https:\/\/serbia.com\/srpski\/wp-json\/wp\/v2\/tags?post=31704"}],"curies":[{"name":"wp","href":"https:\/\/api.w.org\/{rel}","templated":true}]}}