{"id":31684,"date":"2015-05-11T12:51:31","date_gmt":"2015-05-11T10:51:31","guid":{"rendered":"http:\/\/www.serbia.com\/?page_id=31684"},"modified":"2024-10-01T11:55:21","modified_gmt":"2024-10-01T09:55:21","slug":"saborna-crkva-u-beogradu","status":"publish","type":"page","link":"https:\/\/serbia.com\/srpski\/posetite-srbiju\/kulturne-atrakcije\/manastiri-i-crkve\/saborna-crkva-u-beogradu\/","title":{"rendered":"Saborna crkva u Beogradu"},"content":{"rendered":"<h4>Me\u0111u krovovima starog dela Beograda, kao vekovni \u010duvar i znak da se pribli\u017eavate gradu na u\u0161\u0107u Dunava i Save, izdvaja se zvonik Saborne crkve. Simbol velikih stradanja, pobeda, vere, ljubavi\u00a0 i novog perioda kada Beograd posle vi\u0161evekovne okupacije, ponovo postaje slobodan grad.<\/h4>\n<p><img loading=\"lazy\" decoding=\"async\" class=\"alignleft size-medium wp-image-31116\" src=\"http:\/\/www.serbia.com\/wp-content\/uploads\/2015\/04\/Beograd_Saborna_crkva_1-225x300.jpg\" alt=\"Beograd_Saborna_crkva_1\" width=\"225\" height=\"300\" srcset=\"https:\/\/serbia.com\/wp-content\/uploads\/2015\/04\/Beograd_Saborna_crkva_1-225x300.jpg 225w, https:\/\/serbia.com\/wp-content\/uploads\/2015\/04\/Beograd_Saborna_crkva_1-768x1024.jpg 768w\" sizes=\"(max-width: 225px) 100vw, 225px\" \/>Na mestu gde se nekada nalazila stara crkva sa po\u010detka XVIII veka, danas ponosno stoji Saborna crkva posve\u0107ena arhan\u0111elu Mihajlu.<\/p>\n<p><strong>Upravo na ovom mestu de\u0161avale su se vi\u0161evekovne borbe i razaranja, u kojima je ova svetinja vi\u0161e puta skrnavljena, paljena, kradena i ru\u0161ena<\/strong>.<\/p>\n<p>Ipak, \u017eelja da se sveto mesto o\u010duva i na njemu izgradi nova crkva, sprovedena je u delo 1837. godine kada je zapo\u010deta gradnja.<\/p>\n<p>Po nalogu<strong> kneza Milo\u0161a Obrenovi\u0107a<\/strong> Saborna crkva je posve\u0107ena njegovoj krsnoj slavi arhan\u0111elu Mihajlu, a njena gradnja je trajala nepunih devet godina.<\/p>\n<p>Za projektovanje po ugledu na srpsku crkvu u <a title=\"Sremski Karlovci, grad vina, duhovnosti i kulture\" href=\"http:\/\/www.serbia.com\/srpski\/posetite-srbiju\/gradovi\/sremski-karlovci-grad-vina-duhovnosti-i-kulture\/\" target=\"_blank\" rel=\"noopener\">Sremskim Karlovcima<\/a> bio je zadu\u017een <strong>Franc Janke<\/strong>, a idejno re\u0161enje dao je baron Kordon. Osmog novembra 1845. godine Saborna crkva je podignuta.<\/p>\n<p><strong>U stilu klasicizma sa elementima kasnog baroka, ova crkva danas predstavlja ne samo lepo crkveno zdanje, ve\u0107 i va\u017ean istorijski spomenik.<\/strong><\/p>\n<p>Unutra\u0161njost Saborne crkve krasi veli\u010danstveni <strong>duborezni pozla\u0107eni ikonostas<\/strong> koji je izradio <strong>vajar Dimitrije Petrovi\u0107<\/strong>, a njeni zidovi oslikani su u slobodnijem romanti\u010darskom stilu koji je posebno izra\u017een u koloritu, znala\u010dkom kori\u0161\u0107enju efekata svetlo-tamno i u nagla\u0161avaju dramatike samih prizora.<\/p>\n<p>Ikone koje se nalaze na ikonostasu, pevnicama, tronovima i predikaonici naslikao je Dimitrije Avramovi\u0107, jedan od najistaknutijih srpskih slikara XIX veka. <em>\u201eBlagovesti\u201c<\/em>, <em>\u201ePolaganje Hrista u grob\u201c<\/em>, <em>\u201eBogorodica sa Hristom\u201c<\/em>, <em>\u201eSv. Jovan Krstitelj\u201c<\/em> neke su od mnogobrojnih ikona koje ulep\u0161avaju unutra\u0161njost ove svetinje. Svaki njen deo naprosto odi\u0161e veli\u010dinom, produhovljeno\u0161\u0107u i neopisivim mirom.<\/p>\n<p><strong>Posebno bogatstvo koje na svojstven na\u010din odra\u017eava vi\u0161evekovnu pro\u0161lost ovog hrama \u010dini riznica Saborne crkve<\/strong>. Iako su mnoga ratna razaranja, plja\u010dke i po\u017eari umnogome osiroma\u0161ili njenu riznicu, ona danas sa predmetima koje su joj darovali vladari i episkopi, \u010dini jedinstvenu celinu velike vrednosti i zna\u010daja.<\/p>\n<figure id=\"attachment_31114\" aria-describedby=\"caption-attachment-31114\" style=\"width: 600px\" class=\"wp-caption aligncenter\"><img loading=\"lazy\" decoding=\"async\" class=\"wp-image-31114 size-full\" src=\"http:\/\/www.serbia.com\/wp-content\/uploads\/2015\/04\/slika3.jpg\" alt=\"slika3\" width=\"600\" height=\"400\" srcset=\"https:\/\/serbia.com\/wp-content\/uploads\/2015\/04\/slika3.jpg 600w, https:\/\/serbia.com\/wp-content\/uploads\/2015\/04\/slika3-300x200.jpg 300w\" sizes=\"(max-width: 600px) 100vw, 600px\" \/><figcaption id=\"caption-attachment-31114\" class=\"wp-caption-text\">Unutra\u0161njost Saborne crkve<\/figcaption><\/figure>\n<p>Istorijski i umetni\u010dki najvredniji primerci iz riznice su: <strong>krst kir Veniamina Hartofilaksa (1675.)<\/strong>, <strong>kivot proigumana Longina Mile\u0161evca (1684.)<\/strong>, <strong>krst kir Nikole i Zoje (1793.)<\/strong> i mnogi drugi vredni predmeti.<\/p>\n<p>Pod svodovima beogradske Saborne crkve tokom istorije nalazile su i pohranjene mo\u0161ti mnogih svetaca. Danas se u ovom svetom ognji\u0161tu \u010duvaju mo\u0161ti Svetog i pravednog<strong> kneza Stefana \u0160tiljanovi\u0107a<\/strong>, deo mo\u0161tiju <strong>kneza Lazara<\/strong>, \u010destice mo\u0161tiju<strong> Svetog Jovana \u0160angajskog<\/strong> i <strong>Sanfracinskanskog<\/strong>, kao i \u010destice mo\u0161tiju <strong>Svetog cara Uro\u0161a Petog Nemanji\u0107a (Nejakog)<\/strong>.<\/p>\n<p><strong>Grobnica kneza Milo\u0161a Obrenovi\u0107a<\/strong> nalazi se uz samu pripratu crkve. Uz njega je 1968. godine sahranjen i njegov sin <strong>Mihailo Obrenovi\u0107<\/strong>. Pored \u010dlanova dinastijske porodice, u Sabornoj crkvi nalaze se grobnice <strong>Mitropolita Mihaila<\/strong>, <strong>Mitropolita Inokentija<\/strong>, <strong>Patrijarha Gavrila<\/strong> i <strong>Vikentija<\/strong>. U crkvenoj porti, ispred glavnog portala nalaze se grobovi dva srpska velikana \u2013 <a title=\"Vuk Stefanovi\u0107 Karad\u017ei\u0107, otac savremenog srpskog jezika\" href=\"http:\/\/www.serbia.com\/srpski\/vuk-stefanovic-karadzic-otac-savremenog-srpskog-jezika\/\"><strong>Vuka Stefanovi\u0107a Karad\u017ei\u0107a<\/strong><\/a> i <a title=\"Dositej Obradovi\u0107, prvi srpski ministar prosvete\" href=\"http:\/\/www.serbia.com\/srpski\/dositej-obradovic\/\"><strong>Dositeja Obradovi\u0107a<\/strong><\/a>.<\/p>\n<p><strong>Zvona beogradske Saborne crkve su 15. novembra 2009. godine prva objavila tu\u017enu vest da se Njegova Svetost Patrijarh srpski g. Pavle upokojio<\/strong>. Patrijara\u0161ki put Njegove Svetosti zapo\u010deo je i zavr\u0161io se u Sabornoj crkvi. Na hiljade ljudi \u010dekalo je u redovima od Saborne crkve do Zelenog Venca, i od Saborne crkve kroz \u010ditavu Knez Mihajlovu ulicu, pa sve do Terazija, da bi se oprostio sa srpskim Patrijarhom g. Pavlom.<\/p>\n","protected":false},"excerpt":{"rendered":"<p>Me\u0111u krovovima starog dela Beograda, kao vekovni \u010duvar i znak da se pribli\u017eavate gradu na u\u0161\u0107u Dunava i Save, izdvaja se zvonik Saborne crkve. Simbol velikih stradanja, pobeda, vere, ljubavi\u00a0 [&hellip;]<\/p>\n","protected":false},"author":27,"featured_media":62534,"parent":20454,"menu_order":0,"comment_status":"closed","ping_status":"closed","template":"","meta":{"_acf_changed":false,"inline_featured_image":false,"_monsterinsights_skip_tracking":false,"_monsterinsights_sitenote_active":false,"_monsterinsights_sitenote_note":"","_monsterinsights_sitenote_category":0,"footnotes":""},"categories":[1667],"tags":[],"class_list":["post-31684","page","type-page","status-publish","has-post-thumbnail","hentry","category-manastiri-crkve-kulturne-atrakcije-sta-posetiti"],"acf":[],"yoast_head":"<!-- This site is optimized with the Yoast SEO plugin v23.8 - https:\/\/yoast.com\/wordpress\/plugins\/seo\/ -->\n<title>Saborna crkva u Beogradu - Serbia.com<\/title>\n<meta name=\"robots\" content=\"index, follow, max-snippet:-1, max-image-preview:large, max-video-preview:-1\" \/>\n<link rel=\"canonical\" href=\"https:\/\/serbia.com\/srpski\/posetite-srbiju\/kulturne-atrakcije\/manastiri-i-crkve\/saborna-crkva-u-beogradu\/\" \/>\n<meta property=\"og:locale\" content=\"en_US\" \/>\n<meta property=\"og:type\" content=\"article\" \/>\n<meta property=\"og:title\" content=\"Saborna crkva u Beogradu - Serbia.com\" \/>\n<meta property=\"og:description\" content=\"Me\u0111u krovovima starog dela Beograda, kao vekovni \u010duvar i znak da se pribli\u017eavate gradu na u\u0161\u0107u Dunava i Save, izdvaja se zvonik Saborne crkve. Simbol velikih stradanja, pobeda, vere, ljubavi\u00a0 [&hellip;]\" \/>\n<meta property=\"og:url\" content=\"https:\/\/serbia.com\/srpski\/posetite-srbiju\/kulturne-atrakcije\/manastiri-i-crkve\/saborna-crkva-u-beogradu\/\" \/>\n<meta property=\"og:site_name\" content=\"Serbia.com\" \/>\n<meta property=\"article:modified_time\" content=\"2024-10-01T09:55:21+00:00\" \/>\n<meta property=\"og:image\" content=\"https:\/\/serbia.com\/wp-content\/uploads\/2025\/02\/iStock-2034929060-2-1280x853.jpg\" \/>\n\t<meta property=\"og:image:width\" content=\"1280\" \/>\n\t<meta property=\"og:image:height\" content=\"853\" \/>\n\t<meta property=\"og:image:type\" content=\"image\/jpeg\" \/>\n<meta name=\"twitter:label1\" content=\"Est. reading time\" \/>\n\t<meta name=\"twitter:data1\" content=\"3 minutes\" \/>\n<script type=\"application\/ld+json\" class=\"yoast-schema-graph\">{\"@context\":\"https:\/\/schema.org\",\"@graph\":[{\"@type\":\"WebPage\",\"@id\":\"https:\/\/serbia.com\/srpski\/posetite-srbiju\/kulturne-atrakcije\/manastiri-i-crkve\/saborna-crkva-u-beogradu\/\",\"url\":\"https:\/\/serbia.com\/srpski\/posetite-srbiju\/kulturne-atrakcije\/manastiri-i-crkve\/saborna-crkva-u-beogradu\/\",\"name\":\"Saborna crkva u Beogradu - Serbia.com\",\"isPartOf\":{\"@id\":\"https:\/\/serbia.com\/#website\"},\"primaryImageOfPage\":{\"@id\":\"https:\/\/serbia.com\/srpski\/posetite-srbiju\/kulturne-atrakcije\/manastiri-i-crkve\/saborna-crkva-u-beogradu\/#primaryimage\"},\"image\":{\"@id\":\"https:\/\/serbia.com\/srpski\/posetite-srbiju\/kulturne-atrakcije\/manastiri-i-crkve\/saborna-crkva-u-beogradu\/#primaryimage\"},\"thumbnailUrl\":\"https:\/\/serbia.com\/wp-content\/uploads\/2025\/09\/eastern-serbia-7-2-e1758358103134.jpg\",\"datePublished\":\"2015-05-11T10:51:31+00:00\",\"dateModified\":\"2024-10-01T09:55:21+00:00\",\"breadcrumb\":{\"@id\":\"https:\/\/serbia.com\/srpski\/posetite-srbiju\/kulturne-atrakcije\/manastiri-i-crkve\/saborna-crkva-u-beogradu\/#breadcrumb\"},\"inLanguage\":\"srpski\",\"potentialAction\":[{\"@type\":\"ReadAction\",\"target\":[\"https:\/\/serbia.com\/srpski\/posetite-srbiju\/kulturne-atrakcije\/manastiri-i-crkve\/saborna-crkva-u-beogradu\/\"]}]},{\"@type\":\"ImageObject\",\"inLanguage\":\"srpski\",\"@id\":\"https:\/\/serbia.com\/srpski\/posetite-srbiju\/kulturne-atrakcije\/manastiri-i-crkve\/saborna-crkva-u-beogradu\/#primaryimage\",\"url\":\"https:\/\/serbia.com\/wp-content\/uploads\/2025\/09\/eastern-serbia-7-2-e1758358103134.jpg\",\"contentUrl\":\"https:\/\/serbia.com\/wp-content\/uploads\/2025\/09\/eastern-serbia-7-2-e1758358103134.jpg\",\"width\":1366,\"height\":768},{\"@type\":\"BreadcrumbList\",\"@id\":\"https:\/\/serbia.com\/srpski\/posetite-srbiju\/kulturne-atrakcije\/manastiri-i-crkve\/saborna-crkva-u-beogradu\/#breadcrumb\",\"itemListElement\":[{\"@type\":\"ListItem\",\"position\":1,\"name\":\"Home\",\"item\":\"https:\/\/serbia.com\/srpski\/\"},{\"@type\":\"ListItem\",\"position\":2,\"name\":\"Poseti Srbiju\",\"item\":\"https:\/\/serbia.com\/srpski\/posetite-srbiju\/\"},{\"@type\":\"ListItem\",\"position\":3,\"name\":\"Kulturne atrakcije\",\"item\":\"https:\/\/serbia.com\/srpski\/posetite-srbiju\/kulturne-atrakcije\/\"},{\"@type\":\"ListItem\",\"position\":4,\"name\":\"Manastiri i crkve\",\"item\":\"https:\/\/serbia.com\/srpski\/posetite-srbiju\/kulturne-atrakcije\/manastiri-i-crkve\/\"},{\"@type\":\"ListItem\",\"position\":5,\"name\":\"Saborna crkva u Beogradu\"}]},{\"@type\":\"WebSite\",\"@id\":\"https:\/\/serbia.com\/#website\",\"url\":\"https:\/\/serbia.com\/\",\"name\":\"Serbia.com\",\"description\":\"Your Gateway to Serbia\",\"potentialAction\":[{\"@type\":\"SearchAction\",\"target\":{\"@type\":\"EntryPoint\",\"urlTemplate\":\"https:\/\/serbia.com\/?s={search_term_string}\"},\"query-input\":{\"@type\":\"PropertyValueSpecification\",\"valueRequired\":true,\"valueName\":\"search_term_string\"}}],\"inLanguage\":\"srpski\"}]}<\/script>\n<!-- \/ Yoast SEO plugin. -->","yoast_head_json":{"title":"Saborna crkva u Beogradu - Serbia.com","robots":{"index":"index","follow":"follow","max-snippet":"max-snippet:-1","max-image-preview":"max-image-preview:large","max-video-preview":"max-video-preview:-1"},"canonical":"https:\/\/serbia.com\/srpski\/posetite-srbiju\/kulturne-atrakcije\/manastiri-i-crkve\/saborna-crkva-u-beogradu\/","og_locale":"en_US","og_type":"article","og_title":"Saborna crkva u Beogradu - Serbia.com","og_description":"Me\u0111u krovovima starog dela Beograda, kao vekovni \u010duvar i znak da se pribli\u017eavate gradu na u\u0161\u0107u Dunava i Save, izdvaja se zvonik Saborne crkve. Simbol velikih stradanja, pobeda, vere, ljubavi\u00a0 [&hellip;]","og_url":"https:\/\/serbia.com\/srpski\/posetite-srbiju\/kulturne-atrakcije\/manastiri-i-crkve\/saborna-crkva-u-beogradu\/","og_site_name":"Serbia.com","article_modified_time":"2024-10-01T09:55:21+00:00","og_image":[{"width":1280,"height":853,"url":"https:\/\/serbia.com\/wp-content\/uploads\/2025\/02\/iStock-2034929060-2-1280x853.jpg","type":"image\/jpeg"}],"twitter_misc":{"Est. reading time":"3 minutes"},"schema":{"@context":"https:\/\/schema.org","@graph":[{"@type":"WebPage","@id":"https:\/\/serbia.com\/srpski\/posetite-srbiju\/kulturne-atrakcije\/manastiri-i-crkve\/saborna-crkva-u-beogradu\/","url":"https:\/\/serbia.com\/srpski\/posetite-srbiju\/kulturne-atrakcije\/manastiri-i-crkve\/saborna-crkva-u-beogradu\/","name":"Saborna crkva u Beogradu - Serbia.com","isPartOf":{"@id":"https:\/\/serbia.com\/#website"},"primaryImageOfPage":{"@id":"https:\/\/serbia.com\/srpski\/posetite-srbiju\/kulturne-atrakcije\/manastiri-i-crkve\/saborna-crkva-u-beogradu\/#primaryimage"},"image":{"@id":"https:\/\/serbia.com\/srpski\/posetite-srbiju\/kulturne-atrakcije\/manastiri-i-crkve\/saborna-crkva-u-beogradu\/#primaryimage"},"thumbnailUrl":"https:\/\/serbia.com\/wp-content\/uploads\/2025\/09\/eastern-serbia-7-2-e1758358103134.jpg","datePublished":"2015-05-11T10:51:31+00:00","dateModified":"2024-10-01T09:55:21+00:00","breadcrumb":{"@id":"https:\/\/serbia.com\/srpski\/posetite-srbiju\/kulturne-atrakcije\/manastiri-i-crkve\/saborna-crkva-u-beogradu\/#breadcrumb"},"inLanguage":"srpski","potentialAction":[{"@type":"ReadAction","target":["https:\/\/serbia.com\/srpski\/posetite-srbiju\/kulturne-atrakcije\/manastiri-i-crkve\/saborna-crkva-u-beogradu\/"]}]},{"@type":"ImageObject","inLanguage":"srpski","@id":"https:\/\/serbia.com\/srpski\/posetite-srbiju\/kulturne-atrakcije\/manastiri-i-crkve\/saborna-crkva-u-beogradu\/#primaryimage","url":"https:\/\/serbia.com\/wp-content\/uploads\/2025\/09\/eastern-serbia-7-2-e1758358103134.jpg","contentUrl":"https:\/\/serbia.com\/wp-content\/uploads\/2025\/09\/eastern-serbia-7-2-e1758358103134.jpg","width":1366,"height":768},{"@type":"BreadcrumbList","@id":"https:\/\/serbia.com\/srpski\/posetite-srbiju\/kulturne-atrakcije\/manastiri-i-crkve\/saborna-crkva-u-beogradu\/#breadcrumb","itemListElement":[{"@type":"ListItem","position":1,"name":"Home","item":"https:\/\/serbia.com\/srpski\/"},{"@type":"ListItem","position":2,"name":"Poseti Srbiju","item":"https:\/\/serbia.com\/srpski\/posetite-srbiju\/"},{"@type":"ListItem","position":3,"name":"Kulturne atrakcije","item":"https:\/\/serbia.com\/srpski\/posetite-srbiju\/kulturne-atrakcije\/"},{"@type":"ListItem","position":4,"name":"Manastiri i crkve","item":"https:\/\/serbia.com\/srpski\/posetite-srbiju\/kulturne-atrakcije\/manastiri-i-crkve\/"},{"@type":"ListItem","position":5,"name":"Saborna crkva u Beogradu"}]},{"@type":"WebSite","@id":"https:\/\/serbia.com\/#website","url":"https:\/\/serbia.com\/","name":"Serbia.com","description":"Your Gateway to Serbia","potentialAction":[{"@type":"SearchAction","target":{"@type":"EntryPoint","urlTemplate":"https:\/\/serbia.com\/?s={search_term_string}"},"query-input":{"@type":"PropertyValueSpecification","valueRequired":true,"valueName":"search_term_string"}}],"inLanguage":"srpski"}]}},"_links":{"self":[{"href":"https:\/\/serbia.com\/srpski\/wp-json\/wp\/v2\/pages\/31684"}],"collection":[{"href":"https:\/\/serbia.com\/srpski\/wp-json\/wp\/v2\/pages"}],"about":[{"href":"https:\/\/serbia.com\/srpski\/wp-json\/wp\/v2\/types\/page"}],"author":[{"embeddable":true,"href":"https:\/\/serbia.com\/srpski\/wp-json\/wp\/v2\/users\/27"}],"replies":[{"embeddable":true,"href":"https:\/\/serbia.com\/srpski\/wp-json\/wp\/v2\/comments?post=31684"}],"version-history":[{"count":1,"href":"https:\/\/serbia.com\/srpski\/wp-json\/wp\/v2\/pages\/31684\/revisions"}],"predecessor-version":[{"id":55183,"href":"https:\/\/serbia.com\/srpski\/wp-json\/wp\/v2\/pages\/31684\/revisions\/55183"}],"up":[{"embeddable":true,"href":"https:\/\/serbia.com\/srpski\/wp-json\/wp\/v2\/pages\/20454"}],"wp:featuredmedia":[{"embeddable":true,"href":"https:\/\/serbia.com\/srpski\/wp-json\/wp\/v2\/media\/62534"}],"wp:attachment":[{"href":"https:\/\/serbia.com\/srpski\/wp-json\/wp\/v2\/media?parent=31684"}],"wp:term":[{"taxonomy":"category","embeddable":true,"href":"https:\/\/serbia.com\/srpski\/wp-json\/wp\/v2\/categories?post=31684"},{"taxonomy":"post_tag","embeddable":true,"href":"https:\/\/serbia.com\/srpski\/wp-json\/wp\/v2\/tags?post=31684"}],"curies":[{"name":"wp","href":"https:\/\/api.w.org\/{rel}","templated":true}]}}