{"id":31654,"date":"2015-05-08T14:25:31","date_gmt":"2015-05-08T12:25:31","guid":{"rendered":"http:\/\/www.serbia.com\/?page_id=31654"},"modified":"2024-10-20T14:20:20","modified_gmt":"2024-10-20T12:20:20","slug":"felix-romuliana-dom-poslednjeg-rimskog-boga","status":"publish","type":"page","link":"https:\/\/serbia.com\/srpski\/posetite-srbiju\/kulturne-atrakcije\/arheoloska-nalazista\/felix-romuliana-dom-poslednjeg-rimskog-boga\/","title":{"rendered":"Felix Romuliana, dom poslednjeg rimskog boga"},"content":{"rendered":"<h4>Ostaci\u00a0gorostasnih kula i bedema\u00a0carske palate Felix Romuliana ukazuju na mo\u0107 njenog graditelja, rimskog imperatora Galerija, sahranjenog na brdu iznad svog doma u dana\u0161njoj isto\u010dnoj Srbiji.<\/h4>\n<p>Monumentalna carska palata Felix Romuliana nastala je kada je <strong>rimski imperator\u00a0Gaj Valerije Galerije Maksimijan<\/strong>, pred kraj svoje vladavine odlu\u010dio da se povu\u010de u rodni kraj.<\/p>\n<p>To arhelo\u0161ko nalazi\u0161te, ovde poznato kao Gamzigrad, nalazi se blizu <a title=\"Zaje\u010dar, doma\u0107in najstarijeg rok festivala u Srbiji\" href=\"http:\/\/www.serbia.com\/srpski\/posetite-srbiju\/gradovi\/zajecar-domacin-najstarijeg-rok-festivala-u-srbiji-2\/\" target=\"_blank\" rel=\"noopener\">Zaje\u010dara<\/a>, u isto\u010dnoj Srbiji, i od 2007. godine je na <a title=\"Srpski spomenici na listi svetske ba\u0161tine UNESCO\" href=\"http:\/\/www.serbia.com\/srpski\/srpski-spomenici-pod-zastitom-unesco\/\">listi svetske ba\u0161tine UNESCO.<\/a><\/p>\n<p>Luksuznu carsku palatu, Galerije (250-311), me\u0111u tada\u0161njim podanicima poznat i kao \u201cgovedar\u201d, posvetio je svojoj majci, Romuli.\u00a0Kao varvarka, Romula je pred naletom Karpa pobegla sa leve obale <a title=\"Dunav, mesto spajanja i razdvajanja\" href=\"http:\/\/www.serbia.com\/srpski\/posetite-srbiju\/prirodne-lepote\/reke-i-jezera\/dunav-mesto-spajanja-i-razdvajanja\/\" target=\"_blank\" rel=\"noopener\">Dunava<\/a> u Priobalnu Dakiju i udala se za \u010duvara stoke, zbog \u010dega \u0107e kasnije njen sin dobiti nadimak Armentarije (lat. Armentarius \u2013 govedar), koji \u0107e ga pratiti i kada postane imperator.<\/p>\n<figure id=\"attachment_18247\" aria-describedby=\"caption-attachment-18247\" style=\"width: 320px\" class=\"wp-caption alignright\"><img loading=\"lazy\" decoding=\"async\" class=\"wp-image-18247 size-full\" src=\"http:\/\/www.serbia.com\/wp-content\/uploads\/2012\/12\/commons.wikimedia.org-WhiteWriter-gamzigrad-felix-romuliana-02.jpg\" alt=\"commons.wikimedia.org - WhiteWriter - gamzigrad felix romuliana 02\" width=\"320\" height=\"240\" srcset=\"https:\/\/serbia.com\/wp-content\/uploads\/2012\/12\/commons.wikimedia.org-WhiteWriter-gamzigrad-felix-romuliana-02.jpg 320w, https:\/\/serbia.com\/wp-content\/uploads\/2012\/12\/commons.wikimedia.org-WhiteWriter-gamzigrad-felix-romuliana-02-300x225.jpg 300w\" sizes=\"auto, (max-width: 320px) 100vw, 320px\" \/><figcaption id=\"caption-attachment-18247\" class=\"wp-caption-text\">Ostaci palate Felix Romuliana<\/figcaption><\/figure>\n<p>Gaj Valerije je majci u \u010dast sazidao <strong>grandiozni dvorski kompleks<\/strong>, <strong>opasan bedemom od 20 odbrambenih kula<\/strong>, koji je sam car nazvao Romuliana.<\/p>\n<p>Grad su \u010dinili carska palata Felix Romuliana, mali hram, veliki hram i terme sa spoljnom fortifikacijom, sistemom kula i odbrambenim zidovima. Objekti su bogato ukra\u0161eni freskama, mozaicima s figuralnim i geometrijskim motivima i ukrasima od velike istorijske i umetni\u010dke vrednosti. Palata pripada posebnoj kategoriji rimske dvorske arhitekture i predstavlja njen najo\u010duvaniji primer.<\/p>\n<p>Felix Romuliana nikada nije izgra\u0111ena do kraja, a carevi 4. veka su velelepni posed prepustili hri\u0161\u0107anskoj crkvi. Vek kasnije, palatu su razarali varvari, a u 6. veku Justinijan I je obnovi zdanje kao pograni\u010dnu tvr\u0111avu. Nakon najezde Slovena krajem 6. veka, nekada\u0161nja carska rezidencija je napu\u0161tena. Poslednji put ovaj posed je o\u017eiveo kao utvr\u0111eno slovensko naselje u 11. veku.<\/p>\n<p>Arheolo\u0161ka istra\u017eivanja zapo\u010deta su 1953. godine, a pokazala su da u okviru gamzigradskih bedema postoji nekoliko palata i hramova.<\/p>\n<p>Tragovi boravka prvih stanovnika Gamzigrada otkriveni su severno od bedema kao i unutar naselja i tu su na\u0111ene <strong>kamene sekire<\/strong> iz 3. milenijuma pre nove ere, <strong>delovi grn\u010darije<\/strong> iz poznog bronzanog doba i <strong>bronzani nakit<\/strong> iz starijeg gvozdenog doba. U 5. i 6. veku p.n.e. Tribali osnivaju svoje naselje unutar gamzigradskog bedema, koje nije bilo dugotrajno.<\/p>\n<p>Kako na podru\u010dju Crne Reke (Crnog Timoka) nisu otkriveni arheolo\u0161ki spomenici iz poslednjih veka stare ere, neizvesno je koje su stanovni\u0161tvo Rimljani zatekli u ovoj oblasti.<\/p>\n<p><strong>Otkrivanjem natpisa \u201cFelix Romuliana\u201d 1984. godine kona\u010dno je razre\u0161ena zagonetka Gamzigrada.<\/strong><\/p>\n<p>Sadr\u017eaj natpisa je ceo naziv mesta koje se pominje u dva istorijska izvora, u delu nepoznatog pisca iz oko 360. godine, u Epitomama Aurelija Viktora, i u Prokopijevom panegiri\u010dkom spisu \u201cO gra\u0111evinama\u201d, nastalom izme\u0111u 553. i 555. godine.<\/p>\n<p>U Epitomama sadr\u017ean je podatak da je rimski imperator Galerije ro\u0111en u Priobalskoj Dakiji, gde je i sahranjen, i to u mestu Romulianumu, koje je nazvao po imenu majke Romule.<\/p>\n<p>U Prokopijevom delu, me\u0111u kastelima koje je Justinijan obnovio u oblasti grada Akve, pominje se i Romuliana. To zna\u010di da je naziv mesta u kome je ro\u0111en i sahranjen Galerije, posvedo\u010den u tri oblika i to kao Felix Romuliana (na natpisu iz 306-311), kao Romulianum (oko 360. godine) i kao Romuliana (oko 555. godine).<\/p>\n<p>Danas je izvesno da su <strong>Galerije i njegova majka Romula sahranjeni u blizini palate Felix Romuliana, na lokalitetu \u201cMagura\u201c<\/strong>, gde su otkrivene dve zidane grobnice, bogato ukra\u0161ene arhitektonskom plastikom, i dve humke sa loma\u010dama na kojima je izvr\u0161eno spaljivanje i apoteoza imperatora i njegove majke.<\/p>\n<h4>Gde je Felix Romuliana i kako do nje sti\u0107i?<\/h4>\n<p>Ova prastara gra\u0111evina nalazi se na 10 km od Zaje\u010dara. Do Zaje\u010dara je mogu\u0107e do\u0107i automobilom, autobusom, vozom, ali i brodom.<\/p>\n<p>Iz pravca Beograda je ka Zaje\u010daru najbolje krenuti \u0110erdapskom magistralom preko Kladova i Negotina, a razdaljina je oko 250 km. Iz pravca <a title=\"Od svitanja do svitanja u Ni\u0161u\" href=\"http:\/\/www.serbia.com\/srpski\/posetite-srbiju\/gradovi\/nis\/\" target=\"_blank\" rel=\"noopener\">Ni\u0161a<\/a>, mo\u017ee se do\u0107i putem Ni\u0161 \u2013 Zaje\u010dar \u2013 Negotin \u2013 Kladovo \u2013 Rumunija, ali i auto-putem E \u2013 75 do Para\u0107ina, odakle se skre\u0107e ka Zaje\u010daru, a potrebno je pre\u0107i oko 100 km.<\/p>\n<p>Do Zaje\u010dara mo\u017eete sti\u0107i vozom jer se u ovom gradu ukr\u0161taju \u017eelezni\u010dki pravci Ni\u0161 \u2013 Prahovo i Majdanpek \u2013 Bor \u2013 Prahovo.<\/p>\n<p>Iz svih ve\u0107ih gradova Srbije postoje autobuski polasci ka Zaje\u010daru, odakle do Gamzigrada preporu\u010dujemo loklni prevoz.<\/p>\n<h4>Kada ste ovde, ne propustite\u2026<\/h4>\n<p>U samom <a title=\"Zaje\u010dar, doma\u0107in najstarijeg rok festivala u Srbiji\" href=\"http:\/\/www.serbia.com\/srpski\/posetite-srbiju\/gradovi\/zajecar-domacin-najstarijeg-rok-festivala-u-srbiji-2\/\" target=\"_blank\" rel=\"noopener\"><strong>Zaje\u010daru<\/strong><\/a>: <strong>Radul-begov konak<\/strong>, jedan od najstarijih objekata u gradu kao i <strong>Tursku vodenicu<\/strong> u kojoj se nalazi restoran <a title=\"Tradicionalna kuhinja\" href=\"http:\/\/www.serbia.com\/srpski\/o-srbiji\/tradicionalna-kuhinja\/\">tradicionalne kuhinje<\/a>.<\/p>\n<p>Ako volite rok muziku i dobru svirku, onda je <a href=\"https:\/\/serbia.com\/srpski\/posetite-srbiju\/gradovi\/zajecar-domacin-najstarijeg-rok-festivala-u-srbiji-2\/\">Zaje\u010dar<\/a> u prvoj polovini avgusta pravo mesto za vas jer se tada odr\u017eava <strong>Zaje\u010darska gitarijada<\/strong>.<\/p>\n<p><strong>Gamzigradska banja<\/strong> se nalazi u blizini ostataka palate Felix Romuliana, sa severne strane planine <strong><a title=\"Rtanj, misteriozna lepotica piramidalnog oblika\" href=\"http:\/\/www.serbia.com\/srpski\/posetite-srbiju\/prirodne-lepote\/planine\/rtanj-misteriozna-lepotica-piramidalnog-oblika\/\" target=\"_blank\" rel=\"noopener\">Rtanj<\/a><\/strong>. Sa tog puta se odvaja put za <a title=\"Sokobanja\" href=\"http:\/\/www.serbia.com\/srpski\/posetite-srbiju\/prirodne-lepote\/banje\/sokobanja\/\" target=\"_blank\" rel=\"noopener\"><strong>Sokobanju<\/strong><\/a>, koja \u0107e vas o\u010darati svojom divljom prirodom.<\/p>\n<p>Obi\u0111ite veli\u010danstvenu <a title=\"\u0110erdap: magi\u010dni spoj prirode i kulture\" href=\"http:\/\/www.serbia.com\/srpski\/derdap-magicni-spoj-prirode-i-kulture\/\"><strong>\u0110erdapsku klisuru<\/strong><\/a>, <strong>Nacionalni park \u0110erdap<\/strong> i arheolo\u0161ko nalazi\u0161te iz kamenog doba \u2013 <a title=\"Lepenski vir, najstarije urbano naselje u Evropi\" href=\"http:\/\/www.serbia.com\/srpski\/lepenski-vir-najstarije-urbano-naselje-u-evropi-2\/\"><strong>Lepenski Vir<\/strong><\/a>.<\/p>\n<p>Na tom putu se nalaze srednjevekovne tvr\u0111ave na Dunavu: <strong>Fetislam<\/strong> kod Kladova, a za druge dve potrebno je oti\u0107i dalje, do tvr\u0111ave <a title=\"Tvr\u0111ava Golubac: \u010cuvar Dunava\" href=\"http:\/\/www.serbia.com\/srpski\/golubac-cuvar-dunava-2\/\"><strong>Golubac<\/strong><\/a> i <a title=\"Smederevska tvr\u0111ava, grad proklete Jerine\" href=\"http:\/\/www.serbia.com\/srpski\/smederevska-tvrdava-grad-proklete-jerine-2\/\"><strong>Smederevske tvr\u0111ave<\/strong><\/a>.<\/p>\n<p>Na ovom putu rimskih careva, posetite i druge gra\u0111evine ostale iz doba Rimljana. U blizini Kladova nalazi se <strong>Trajanova tabla<\/strong> i most kao i <strong>utvr\u0111enje Diana iz 1. veka<\/strong>. U Ni\u0161u obi\u0111ite <strong>Medianu<\/strong>, predgra\u0111e anti\u010dkog grada Naissusa iz 4. veka u kojoj su boravili rimski carevi prilikom posete ovom gradu.<\/p>\n<p>Ne propustite da popijete \u010da\u0161u vina u ovim krajevima, jer se u ovom delu zemlje nalaze dva vinska puta Srbije: <strong>Vinski put Knja\u017eevac<\/strong> i <a title=\"Vinski put Negotin\" href=\"http:\/\/www.serbia.com\/srpski\/vinski-put-negotin\/\"><strong>Vinski put Negotin<\/strong><\/a>.<\/p>\n","protected":false},"excerpt":{"rendered":"<p>Ostaci\u00a0gorostasnih kula i bedema\u00a0carske palate Felix Romuliana ukazuju na mo\u0107 njenog graditelja, rimskog imperatora Galerija, sahranjenog na brdu iznad svog doma u dana\u0161njoj isto\u010dnoj Srbiji. Monumentalna carska palata Felix Romuliana [&hellip;]<\/p>\n","protected":false},"author":27,"featured_media":48189,"parent":20451,"menu_order":0,"comment_status":"closed","ping_status":"closed","template":"","meta":{"_acf_changed":false,"inline_featured_image":false,"_monsterinsights_skip_tracking":false,"_monsterinsights_sitenote_active":false,"_monsterinsights_sitenote_note":"","_monsterinsights_sitenote_category":0,"footnotes":""},"categories":[1671,975,1662],"tags":[],"class_list":["post-31654","page","type-page","status-publish","has-post-thumbnail","hentry","category-arheoloska-nalazista","category-kultura-otkrijte-srbiju","category-kulturne-atrakcije-sta-posetiti"],"acf":[],"yoast_head":"<!-- This site is optimized with the Yoast SEO plugin v27.4 - https:\/\/yoast.com\/product\/yoast-seo-wordpress\/ -->\n<title>Felix Romuliana, dom poslednjeg rimskog boga - Serbia.com<\/title>\n<meta name=\"robots\" content=\"index, follow, max-snippet:-1, max-image-preview:large, max-video-preview:-1\" \/>\n<link rel=\"canonical\" href=\"https:\/\/serbia.com\/srpski\/posetite-srbiju\/kulturne-atrakcije\/arheoloska-nalazista\/felix-romuliana-dom-poslednjeg-rimskog-boga\/\" \/>\n<meta property=\"og:locale\" content=\"en_US\" \/>\n<meta property=\"og:type\" content=\"article\" \/>\n<meta property=\"og:title\" content=\"Felix Romuliana, dom poslednjeg rimskog boga - Serbia.com\" \/>\n<meta property=\"og:description\" content=\"Ostaci\u00a0gorostasnih kula i bedema\u00a0carske palate Felix Romuliana ukazuju na mo\u0107 njenog graditelja, rimskog imperatora Galerija, sahranjenog na brdu iznad svog doma u dana\u0161njoj isto\u010dnoj Srbiji. Monumentalna carska palata Felix Romuliana [&hellip;]\" \/>\n<meta property=\"og:url\" content=\"https:\/\/serbia.com\/srpski\/posetite-srbiju\/kulturne-atrakcije\/arheoloska-nalazista\/felix-romuliana-dom-poslednjeg-rimskog-boga\/\" \/>\n<meta property=\"og:site_name\" content=\"Serbia.com\" \/>\n<meta property=\"article:modified_time\" content=\"2024-10-20T12:20:20+00:00\" \/>\n<meta property=\"og:image\" content=\"https:\/\/serbia.com\/wp-content\/uploads\/2016\/03\/djordje-nikolic111.jpg\" \/>\n\t<meta property=\"og:image:width\" content=\"800\" \/>\n\t<meta property=\"og:image:height\" content=\"533\" \/>\n\t<meta property=\"og:image:type\" content=\"image\/jpeg\" \/>\n<meta name=\"twitter:label1\" content=\"Est. reading time\" \/>\n\t<meta name=\"twitter:data1\" content=\"5 minutes\" \/>\n<script type=\"application\/ld+json\" class=\"yoast-schema-graph\">{\"@context\":\"https:\\\/\\\/schema.org\",\"@graph\":[{\"@type\":\"WebPage\",\"@id\":\"https:\\\/\\\/serbia.com\\\/srpski\\\/posetite-srbiju\\\/kulturne-atrakcije\\\/arheoloska-nalazista\\\/felix-romuliana-dom-poslednjeg-rimskog-boga\\\/\",\"url\":\"https:\\\/\\\/serbia.com\\\/srpski\\\/posetite-srbiju\\\/kulturne-atrakcije\\\/arheoloska-nalazista\\\/felix-romuliana-dom-poslednjeg-rimskog-boga\\\/\",\"name\":\"Felix Romuliana, dom poslednjeg rimskog boga - Serbia.com\",\"isPartOf\":{\"@id\":\"https:\\\/\\\/serbia.com\\\/#website\"},\"primaryImageOfPage\":{\"@id\":\"https:\\\/\\\/serbia.com\\\/srpski\\\/posetite-srbiju\\\/kulturne-atrakcije\\\/arheoloska-nalazista\\\/felix-romuliana-dom-poslednjeg-rimskog-boga\\\/#primaryimage\"},\"image\":{\"@id\":\"https:\\\/\\\/serbia.com\\\/srpski\\\/posetite-srbiju\\\/kulturne-atrakcije\\\/arheoloska-nalazista\\\/felix-romuliana-dom-poslednjeg-rimskog-boga\\\/#primaryimage\"},\"thumbnailUrl\":\"https:\\\/\\\/serbia.com\\\/wp-content\\\/uploads\\\/2016\\\/03\\\/djordje-nikolic111.jpg\",\"datePublished\":\"2015-05-08T12:25:31+00:00\",\"dateModified\":\"2024-10-20T12:20:20+00:00\",\"breadcrumb\":{\"@id\":\"https:\\\/\\\/serbia.com\\\/srpski\\\/posetite-srbiju\\\/kulturne-atrakcije\\\/arheoloska-nalazista\\\/felix-romuliana-dom-poslednjeg-rimskog-boga\\\/#breadcrumb\"},\"inLanguage\":\"srpski\",\"potentialAction\":[{\"@type\":\"ReadAction\",\"target\":[\"https:\\\/\\\/serbia.com\\\/srpski\\\/posetite-srbiju\\\/kulturne-atrakcije\\\/arheoloska-nalazista\\\/felix-romuliana-dom-poslednjeg-rimskog-boga\\\/\"]}]},{\"@type\":\"ImageObject\",\"inLanguage\":\"srpski\",\"@id\":\"https:\\\/\\\/serbia.com\\\/srpski\\\/posetite-srbiju\\\/kulturne-atrakcije\\\/arheoloska-nalazista\\\/felix-romuliana-dom-poslednjeg-rimskog-boga\\\/#primaryimage\",\"url\":\"https:\\\/\\\/serbia.com\\\/wp-content\\\/uploads\\\/2016\\\/03\\\/djordje-nikolic111.jpg\",\"contentUrl\":\"https:\\\/\\\/serbia.com\\\/wp-content\\\/uploads\\\/2016\\\/03\\\/djordje-nikolic111.jpg\",\"width\":800,\"height\":533},{\"@type\":\"BreadcrumbList\",\"@id\":\"https:\\\/\\\/serbia.com\\\/srpski\\\/posetite-srbiju\\\/kulturne-atrakcije\\\/arheoloska-nalazista\\\/felix-romuliana-dom-poslednjeg-rimskog-boga\\\/#breadcrumb\",\"itemListElement\":[{\"@type\":\"ListItem\",\"position\":1,\"name\":\"Home\",\"item\":\"https:\\\/\\\/serbia.com\\\/srpski\\\/\"},{\"@type\":\"ListItem\",\"position\":2,\"name\":\"Poseti Srbiju\",\"item\":\"https:\\\/\\\/serbia.com\\\/srpski\\\/posetite-srbiju\\\/\"},{\"@type\":\"ListItem\",\"position\":3,\"name\":\"Kulturne atrakcije\",\"item\":\"https:\\\/\\\/serbia.com\\\/srpski\\\/posetite-srbiju\\\/kulturne-atrakcije\\\/\"},{\"@type\":\"ListItem\",\"position\":4,\"name\":\"Arheolo\u0161ka nalazi\u0161ta\",\"item\":\"https:\\\/\\\/serbia.com\\\/srpski\\\/posetite-srbiju\\\/kulturne-atrakcije\\\/arheoloska-nalazista\\\/\"},{\"@type\":\"ListItem\",\"position\":5,\"name\":\"Felix Romuliana, dom poslednjeg rimskog boga\"}]},{\"@type\":\"WebSite\",\"@id\":\"https:\\\/\\\/serbia.com\\\/#website\",\"url\":\"https:\\\/\\\/serbia.com\\\/\",\"name\":\"Serbia.com\",\"description\":\"Your Gateway to Serbia\",\"potentialAction\":[{\"@type\":\"SearchAction\",\"target\":{\"@type\":\"EntryPoint\",\"urlTemplate\":\"https:\\\/\\\/serbia.com\\\/?s={search_term_string}\"},\"query-input\":{\"@type\":\"PropertyValueSpecification\",\"valueRequired\":true,\"valueName\":\"search_term_string\"}}],\"inLanguage\":\"srpski\"}]}<\/script>\n<!-- \/ Yoast SEO plugin. -->","yoast_head_json":{"title":"Felix Romuliana, dom poslednjeg rimskog boga - Serbia.com","robots":{"index":"index","follow":"follow","max-snippet":"max-snippet:-1","max-image-preview":"max-image-preview:large","max-video-preview":"max-video-preview:-1"},"canonical":"https:\/\/serbia.com\/srpski\/posetite-srbiju\/kulturne-atrakcije\/arheoloska-nalazista\/felix-romuliana-dom-poslednjeg-rimskog-boga\/","og_locale":"en_US","og_type":"article","og_title":"Felix Romuliana, dom poslednjeg rimskog boga - Serbia.com","og_description":"Ostaci\u00a0gorostasnih kula i bedema\u00a0carske palate Felix Romuliana ukazuju na mo\u0107 njenog graditelja, rimskog imperatora Galerija, sahranjenog na brdu iznad svog doma u dana\u0161njoj isto\u010dnoj Srbiji. Monumentalna carska palata Felix Romuliana [&hellip;]","og_url":"https:\/\/serbia.com\/srpski\/posetite-srbiju\/kulturne-atrakcije\/arheoloska-nalazista\/felix-romuliana-dom-poslednjeg-rimskog-boga\/","og_site_name":"Serbia.com","article_modified_time":"2024-10-20T12:20:20+00:00","og_image":[{"width":800,"height":533,"url":"https:\/\/serbia.com\/wp-content\/uploads\/2016\/03\/djordje-nikolic111.jpg","type":"image\/jpeg"}],"twitter_misc":{"Est. reading time":"5 minutes"},"schema":{"@context":"https:\/\/schema.org","@graph":[{"@type":"WebPage","@id":"https:\/\/serbia.com\/srpski\/posetite-srbiju\/kulturne-atrakcije\/arheoloska-nalazista\/felix-romuliana-dom-poslednjeg-rimskog-boga\/","url":"https:\/\/serbia.com\/srpski\/posetite-srbiju\/kulturne-atrakcije\/arheoloska-nalazista\/felix-romuliana-dom-poslednjeg-rimskog-boga\/","name":"Felix Romuliana, dom poslednjeg rimskog boga - Serbia.com","isPartOf":{"@id":"https:\/\/serbia.com\/#website"},"primaryImageOfPage":{"@id":"https:\/\/serbia.com\/srpski\/posetite-srbiju\/kulturne-atrakcije\/arheoloska-nalazista\/felix-romuliana-dom-poslednjeg-rimskog-boga\/#primaryimage"},"image":{"@id":"https:\/\/serbia.com\/srpski\/posetite-srbiju\/kulturne-atrakcije\/arheoloska-nalazista\/felix-romuliana-dom-poslednjeg-rimskog-boga\/#primaryimage"},"thumbnailUrl":"https:\/\/serbia.com\/wp-content\/uploads\/2016\/03\/djordje-nikolic111.jpg","datePublished":"2015-05-08T12:25:31+00:00","dateModified":"2024-10-20T12:20:20+00:00","breadcrumb":{"@id":"https:\/\/serbia.com\/srpski\/posetite-srbiju\/kulturne-atrakcije\/arheoloska-nalazista\/felix-romuliana-dom-poslednjeg-rimskog-boga\/#breadcrumb"},"inLanguage":"srpski","potentialAction":[{"@type":"ReadAction","target":["https:\/\/serbia.com\/srpski\/posetite-srbiju\/kulturne-atrakcije\/arheoloska-nalazista\/felix-romuliana-dom-poslednjeg-rimskog-boga\/"]}]},{"@type":"ImageObject","inLanguage":"srpski","@id":"https:\/\/serbia.com\/srpski\/posetite-srbiju\/kulturne-atrakcije\/arheoloska-nalazista\/felix-romuliana-dom-poslednjeg-rimskog-boga\/#primaryimage","url":"https:\/\/serbia.com\/wp-content\/uploads\/2016\/03\/djordje-nikolic111.jpg","contentUrl":"https:\/\/serbia.com\/wp-content\/uploads\/2016\/03\/djordje-nikolic111.jpg","width":800,"height":533},{"@type":"BreadcrumbList","@id":"https:\/\/serbia.com\/srpski\/posetite-srbiju\/kulturne-atrakcije\/arheoloska-nalazista\/felix-romuliana-dom-poslednjeg-rimskog-boga\/#breadcrumb","itemListElement":[{"@type":"ListItem","position":1,"name":"Home","item":"https:\/\/serbia.com\/srpski\/"},{"@type":"ListItem","position":2,"name":"Poseti Srbiju","item":"https:\/\/serbia.com\/srpski\/posetite-srbiju\/"},{"@type":"ListItem","position":3,"name":"Kulturne atrakcije","item":"https:\/\/serbia.com\/srpski\/posetite-srbiju\/kulturne-atrakcije\/"},{"@type":"ListItem","position":4,"name":"Arheolo\u0161ka nalazi\u0161ta","item":"https:\/\/serbia.com\/srpski\/posetite-srbiju\/kulturne-atrakcije\/arheoloska-nalazista\/"},{"@type":"ListItem","position":5,"name":"Felix Romuliana, dom poslednjeg rimskog boga"}]},{"@type":"WebSite","@id":"https:\/\/serbia.com\/#website","url":"https:\/\/serbia.com\/","name":"Serbia.com","description":"Your Gateway to Serbia","potentialAction":[{"@type":"SearchAction","target":{"@type":"EntryPoint","urlTemplate":"https:\/\/serbia.com\/?s={search_term_string}"},"query-input":{"@type":"PropertyValueSpecification","valueRequired":true,"valueName":"search_term_string"}}],"inLanguage":"srpski"}]}},"brizy_media":[],"_links":{"self":[{"href":"https:\/\/serbia.com\/srpski\/wp-json\/wp\/v2\/pages\/31654","targetHints":{"allow":["GET"]}}],"collection":[{"href":"https:\/\/serbia.com\/srpski\/wp-json\/wp\/v2\/pages"}],"about":[{"href":"https:\/\/serbia.com\/srpski\/wp-json\/wp\/v2\/types\/page"}],"author":[{"embeddable":true,"href":"https:\/\/serbia.com\/srpski\/wp-json\/wp\/v2\/users\/27"}],"replies":[{"embeddable":true,"href":"https:\/\/serbia.com\/srpski\/wp-json\/wp\/v2\/comments?post=31654"}],"version-history":[{"count":1,"href":"https:\/\/serbia.com\/srpski\/wp-json\/wp\/v2\/pages\/31654\/revisions"}],"predecessor-version":[{"id":55710,"href":"https:\/\/serbia.com\/srpski\/wp-json\/wp\/v2\/pages\/31654\/revisions\/55710"}],"up":[{"embeddable":true,"href":"https:\/\/serbia.com\/srpski\/wp-json\/wp\/v2\/pages\/20451"}],"wp:featuredmedia":[{"embeddable":true,"href":"https:\/\/serbia.com\/srpski\/wp-json\/wp\/v2\/media\/48189"}],"wp:attachment":[{"href":"https:\/\/serbia.com\/srpski\/wp-json\/wp\/v2\/media?parent=31654"}],"wp:term":[{"taxonomy":"category","embeddable":true,"href":"https:\/\/serbia.com\/srpski\/wp-json\/wp\/v2\/categories?post=31654"},{"taxonomy":"post_tag","embeddable":true,"href":"https:\/\/serbia.com\/srpski\/wp-json\/wp\/v2\/tags?post=31654"}],"curies":[{"name":"wp","href":"https:\/\/api.w.org\/{rel}","templated":true}]}}