{"id":31650,"date":"2015-05-08T14:00:40","date_gmt":"2015-05-08T12:00:40","guid":{"rendered":"http:\/\/www.serbia.com\/?page_id=31650"},"modified":"2024-10-20T14:19:33","modified_gmt":"2024-10-20T12:19:33","slug":"justiniana-prima-caricin-grad","status":"publish","type":"page","link":"https:\/\/serbia.com\/srpski\/posetite-srbiju\/kulturne-atrakcije\/arheoloska-nalazista\/justiniana-prima-caricin-grad\/","title":{"rendered":"Justiniana prima: Cari\u010din grad"},"content":{"rendered":"<h4>Vizantijski grad na jugu Srbije Justiniana prima (Cari\u010din grad) podigao je car Justinijan I, koji je izgradio i \u010duvenu Crkvu Svete mudrosti, kasnije d\u017eamiju, a danas muzej Aja Sofija u Istanbulu.<\/h4>\n<p><strong>Jedan od najve\u0107ih i najzna\u010dajnijih vizantijskih gradova u unutra\u0161njosti Balkana<\/strong> je arheolo\u0161ki lokalitet iz 6. veka Justiniana prima (Cari\u010din grad), izgra\u0111en na 7 kilometara od Lebana, na jugu Srbije. Podigao ga je veliki ktitor, car Justinijan I, koji je ro\u0111en na tim prostorima, a poznat je i po tome \u0161to je zavr\u0161io izgradnju \u010duvene Crkve svete mudrosti, danas d\u017eamije Aja Sofija u Istanbulu.<\/p>\n<p>Justinijan je re\u0161io da sazida grad koji \u0107e veli\u010dati njegovo ime u svom rodnom kraju, na u\u0161\u0107u reke Cari\u010dine u Svinjaricu, na 30 kilometara od Leskovca.<\/p>\n<p>Cari\u010din Grad je podignut na mestu autohtone gradine Bederijane, a ovo potkrepljuju <strong>ostaci monumentalne bazilike sa autenti\u010dnim Justinijanovim monogramom i velika episkopska bazilika na akropoli.<\/strong><\/p>\n<p>U gradu je, pored profanih objekata, otkriveno i <strong>deset bazilika<\/strong>.<\/p>\n<p>Podignut na blagim padinama koje se spu\u0161taju od <strong>planine Radan<\/strong> ka leskova\u010dkoj kotlini, Cari\u010din Grad se prostire na platou od 42.000 kvadratnih metara.<\/p>\n<p>Grad je bio va\u017ean crkveni, administrativni i vojni centar, <strong>sedi\u0161te novoosnovane arhiepiskopije \u2013 Justiniana Prima<\/strong>. Bio je okru\u017een bedemima, a pored spoljnih utvr\u0111enja otkriveni su i unutra\u0161nji bedemi koji grad dele na tri dela: Akropolj, Gornji i Donji.<\/p>\n<p>Na najuzvi\u0161enijem mestu u gradu sagra\u0111en je <strong>Akropolj<\/strong> \u2013 sedi\u0161te crkvene uprave, a tu je otkrivena <strong>velika katedralna crkva<\/strong> sa tri apside, atrijumom i krstionicom, koja <strong>spada u red najmonumentalnijih spomenika vizantijske arhitekture na Balkanu.<\/strong> Otkri\u0107a poput carskih pe\u010data i staklare jedinstvena su otkri\u0107a na ovim prostorima.<\/p>\n<p>U sredi\u0161njem delu isti\u010de se <strong>centralni kru\u017eni trg<\/strong> gde se odvijao javni \u017eivot grada, \u010dije su ulice bile poplo\u010dane pravougaonim kre\u010dnja\u010dkim plo\u010dama i okru\u017eene radnjama sa pokrivenim tremovima i lu\u010dnim arkadama, gde su zanatlije nudile svoju robu.<\/p>\n<p>Ostaci fortifikacija, ulica, bazilika, javnih i privatnih gra\u0111evina, bedema, sistema vodosnabdevanja sa akvaduktom i velikom cisternom, ali i podni mozaici u luksuznim objektima \u010dine, <strong>ovaj lokalitet jednim od najzna\u010dajnijih spomenika anti\u010dke arhitekture i urbanizma.<\/strong> Blizu trga otkopana je <strong>trobrodna bazilika sa kriptom<\/strong>, a prona\u0111eni su fragmenti podnog mozaika i fresaka. Jugoisto\u010dno od foruma bila je tre\u0107a crkva, <strong>krstoobrazna bazilika sa atrijumom<\/strong>.<\/p>\n<p>Spomenici crkvene i svetovne arhitekture po svojoj urbanisti\u010dkoj postavci, mozai\u010dkim podovima i dekorativnoj plastici, u potpunosti odgovaraju Prokopijevom opisu Justiniane Prime.<\/p>\n<p>Posle \u010destih upada Avara i naseljavanja Slovena, oko 615. godine, grad napu\u0161ta doma\u0107e stanovni\u0161tvo. \u017divot u gradu se gasi verovatno zbog po\u017eara ili zbog presecanja vodovoda u vreme poslednjih opsada.<\/p>\n<p>Justiniana prima ili Cari\u010din grad, kako su ga u narodu prozvali, budu\u0107i da se verovalo da je car Justinian grad podigao iz ljubavi prema svojoj supruzi, carici Teodori, <strong>jedno je od najbolje o\u010duvanih arheolo\u0161kih nalazi\u0161ta na ovim prostorima.<\/strong> On se nalazi van glavnih putnih tokova, a izvanredan polo\u017eaj o\u010duvao ga je od nemilosti vekova.<\/p>\n<p>Zasigurno jedinstveno otkri\u0107e bila je zanimljiva ugaona kula koja je skrivala cisternu u kojoj se zavr\u0161avao akvadukt i iz koje je \u010ditava Justiniana prima sistemom cevi dobijala vodu. Na Akropolju se nalazilo sedi\u0161te crkvene uprave sa episkopskom bazilikom.<\/p>\n<h4>Gde se nalazi Justiniana prima i kako do nje sti\u0107i?<\/h4>\n<p>Justiniana prima le\u017ei u podno\u017eju <strong>planine Radan<\/strong> na 7 kilometara od <strong>Lebana<\/strong> i 30 kilometara od <strong><a title=\"Leskovac, dom najboljeg ro\u0161tilja na svetu\" href=\"http:\/\/www.serbia.com\/srpski\/posetite-srbiju\/gradovi\/leskovac-dom-najboljeg-rostilja-na-svetu\/\" target=\"_blank\" rel=\"noopener\">Leskovca<\/a><\/strong>. Do ovog lokaliteta mo\u017eete do\u0107i jedino automobilom ili autobuskim prevozom u okviru organizovanih turisti\u010dkih poseta.<\/p>\n<p>Ukoliko dolazite iz pravca Beograda put do Leskovca je sasvim ugodan na evropskom autoputu E-75 odakle put nastavljate lokalnim putem M9 ka Lebanu a zatim preko lokalnog puta za Prekop\u010delicu uz koju se ovaj lokalitet i nalazi.<\/p>\n<h4>Kad ste ve\u0107 ovde, ne propustite\u2026<\/h4>\n<p>Jedinstveni ukus autenti\u010dnog <strong><a title=\"Leskovac, dom najboljeg ro\u0161tilja na svetu\" href=\"http:\/\/www.serbia.com\/srpski\/posetite-srbiju\/gradovi\/leskovac-dom-najboljeg-rostilja-na-svetu\/\" target=\"_blank\" rel=\"noopener\">leskova\u010dkog ro\u0161tilja<\/a><\/strong>, ponosa <strong>s<a title=\"Tradicionalna kuhinja\" href=\"http:\/\/www.serbia.com\/srpski\/o-srbiji\/tradicionalna-kuhinja\/\">rpske tradicionalne kuhinje<\/a><\/strong>, pleh muziku i u\u017eurbanu festivalsku atmosfesru na <strong>Ro\u0161tiljijadi<\/strong> u Leskovcu koja se odr\u017eava krajem leta.<\/p>\n","protected":false},"excerpt":{"rendered":"<p>Vizantijski grad na jugu Srbije Justiniana prima (Cari\u010din grad) podigao je car Justinijan I, koji je izgradio i \u010duvenu Crkvu Svete mudrosti, kasnije d\u017eamiju, a danas muzej Aja Sofija u [&hellip;]<\/p>\n","protected":false},"author":27,"featured_media":26470,"parent":20451,"menu_order":0,"comment_status":"closed","ping_status":"closed","template":"","meta":{"_acf_changed":false,"inline_featured_image":false,"_monsterinsights_skip_tracking":false,"_monsterinsights_sitenote_active":false,"_monsterinsights_sitenote_note":"","_monsterinsights_sitenote_category":0,"footnotes":""},"categories":[1671,975,1662],"tags":[],"class_list":["post-31650","page","type-page","status-publish","has-post-thumbnail","hentry","category-arheoloska-nalazista","category-kultura-otkrijte-srbiju","category-kulturne-atrakcije-sta-posetiti"],"acf":[],"yoast_head":"<!-- This site is optimized with the Yoast SEO plugin v27.4 - https:\/\/yoast.com\/product\/yoast-seo-wordpress\/ -->\n<title>Justiniana prima: Cari\u010din grad - Serbia.com<\/title>\n<meta name=\"robots\" content=\"index, follow, max-snippet:-1, max-image-preview:large, max-video-preview:-1\" \/>\n<link rel=\"canonical\" href=\"https:\/\/serbia.com\/srpski\/posetite-srbiju\/kulturne-atrakcije\/arheoloska-nalazista\/justiniana-prima-caricin-grad\/\" \/>\n<meta property=\"og:locale\" content=\"en_US\" \/>\n<meta property=\"og:type\" content=\"article\" \/>\n<meta property=\"og:title\" content=\"Justiniana prima: Cari\u010din grad - Serbia.com\" \/>\n<meta property=\"og:description\" content=\"Vizantijski grad na jugu Srbije Justiniana prima (Cari\u010din grad) podigao je car Justinijan I, koji je izgradio i \u010duvenu Crkvu Svete mudrosti, kasnije d\u017eamiju, a danas muzej Aja Sofija u [&hellip;]\" \/>\n<meta property=\"og:url\" content=\"https:\/\/serbia.com\/srpski\/posetite-srbiju\/kulturne-atrakcije\/arheoloska-nalazista\/justiniana-prima-caricin-grad\/\" \/>\n<meta property=\"og:site_name\" content=\"Serbia.com\" \/>\n<meta property=\"article:modified_time\" content=\"2024-10-20T12:19:33+00:00\" \/>\n<meta property=\"og:image\" content=\"https:\/\/serbia.com\/wp-content\/uploads\/2014\/05\/justiniana-prima1.jpg\" \/>\n\t<meta property=\"og:image:width\" content=\"1000\" \/>\n\t<meta property=\"og:image:height\" content=\"667\" \/>\n\t<meta property=\"og:image:type\" content=\"image\/jpeg\" \/>\n<meta name=\"twitter:label1\" content=\"Est. reading time\" \/>\n\t<meta name=\"twitter:data1\" content=\"3 minutes\" \/>\n<script type=\"application\/ld+json\" class=\"yoast-schema-graph\">{\"@context\":\"https:\\\/\\\/schema.org\",\"@graph\":[{\"@type\":\"WebPage\",\"@id\":\"https:\\\/\\\/serbia.com\\\/srpski\\\/posetite-srbiju\\\/kulturne-atrakcije\\\/arheoloska-nalazista\\\/justiniana-prima-caricin-grad\\\/\",\"url\":\"https:\\\/\\\/serbia.com\\\/srpski\\\/posetite-srbiju\\\/kulturne-atrakcije\\\/arheoloska-nalazista\\\/justiniana-prima-caricin-grad\\\/\",\"name\":\"Justiniana prima: Cari\u010din grad - Serbia.com\",\"isPartOf\":{\"@id\":\"https:\\\/\\\/serbia.com\\\/#website\"},\"primaryImageOfPage\":{\"@id\":\"https:\\\/\\\/serbia.com\\\/srpski\\\/posetite-srbiju\\\/kulturne-atrakcije\\\/arheoloska-nalazista\\\/justiniana-prima-caricin-grad\\\/#primaryimage\"},\"image\":{\"@id\":\"https:\\\/\\\/serbia.com\\\/srpski\\\/posetite-srbiju\\\/kulturne-atrakcije\\\/arheoloska-nalazista\\\/justiniana-prima-caricin-grad\\\/#primaryimage\"},\"thumbnailUrl\":\"https:\\\/\\\/serbia.com\\\/wp-content\\\/uploads\\\/2014\\\/05\\\/justiniana-prima1.jpg\",\"datePublished\":\"2015-05-08T12:00:40+00:00\",\"dateModified\":\"2024-10-20T12:19:33+00:00\",\"breadcrumb\":{\"@id\":\"https:\\\/\\\/serbia.com\\\/srpski\\\/posetite-srbiju\\\/kulturne-atrakcije\\\/arheoloska-nalazista\\\/justiniana-prima-caricin-grad\\\/#breadcrumb\"},\"inLanguage\":\"srpski\",\"potentialAction\":[{\"@type\":\"ReadAction\",\"target\":[\"https:\\\/\\\/serbia.com\\\/srpski\\\/posetite-srbiju\\\/kulturne-atrakcije\\\/arheoloska-nalazista\\\/justiniana-prima-caricin-grad\\\/\"]}]},{\"@type\":\"ImageObject\",\"inLanguage\":\"srpski\",\"@id\":\"https:\\\/\\\/serbia.com\\\/srpski\\\/posetite-srbiju\\\/kulturne-atrakcije\\\/arheoloska-nalazista\\\/justiniana-prima-caricin-grad\\\/#primaryimage\",\"url\":\"https:\\\/\\\/serbia.com\\\/wp-content\\\/uploads\\\/2014\\\/05\\\/justiniana-prima1.jpg\",\"contentUrl\":\"https:\\\/\\\/serbia.com\\\/wp-content\\\/uploads\\\/2014\\\/05\\\/justiniana-prima1.jpg\",\"width\":1000,\"height\":667},{\"@type\":\"BreadcrumbList\",\"@id\":\"https:\\\/\\\/serbia.com\\\/srpski\\\/posetite-srbiju\\\/kulturne-atrakcije\\\/arheoloska-nalazista\\\/justiniana-prima-caricin-grad\\\/#breadcrumb\",\"itemListElement\":[{\"@type\":\"ListItem\",\"position\":1,\"name\":\"Home\",\"item\":\"https:\\\/\\\/serbia.com\\\/srpski\\\/\"},{\"@type\":\"ListItem\",\"position\":2,\"name\":\"Poseti Srbiju\",\"item\":\"https:\\\/\\\/serbia.com\\\/srpski\\\/posetite-srbiju\\\/\"},{\"@type\":\"ListItem\",\"position\":3,\"name\":\"Kulturne atrakcije\",\"item\":\"https:\\\/\\\/serbia.com\\\/srpski\\\/posetite-srbiju\\\/kulturne-atrakcije\\\/\"},{\"@type\":\"ListItem\",\"position\":4,\"name\":\"Arheolo\u0161ka nalazi\u0161ta\",\"item\":\"https:\\\/\\\/serbia.com\\\/srpski\\\/posetite-srbiju\\\/kulturne-atrakcije\\\/arheoloska-nalazista\\\/\"},{\"@type\":\"ListItem\",\"position\":5,\"name\":\"Justiniana prima: Cari\u010din grad\"}]},{\"@type\":\"WebSite\",\"@id\":\"https:\\\/\\\/serbia.com\\\/#website\",\"url\":\"https:\\\/\\\/serbia.com\\\/\",\"name\":\"Serbia.com\",\"description\":\"Your Gateway to Serbia\",\"potentialAction\":[{\"@type\":\"SearchAction\",\"target\":{\"@type\":\"EntryPoint\",\"urlTemplate\":\"https:\\\/\\\/serbia.com\\\/?s={search_term_string}\"},\"query-input\":{\"@type\":\"PropertyValueSpecification\",\"valueRequired\":true,\"valueName\":\"search_term_string\"}}],\"inLanguage\":\"srpski\"}]}<\/script>\n<!-- \/ Yoast SEO plugin. -->","yoast_head_json":{"title":"Justiniana prima: Cari\u010din grad - Serbia.com","robots":{"index":"index","follow":"follow","max-snippet":"max-snippet:-1","max-image-preview":"max-image-preview:large","max-video-preview":"max-video-preview:-1"},"canonical":"https:\/\/serbia.com\/srpski\/posetite-srbiju\/kulturne-atrakcije\/arheoloska-nalazista\/justiniana-prima-caricin-grad\/","og_locale":"en_US","og_type":"article","og_title":"Justiniana prima: Cari\u010din grad - Serbia.com","og_description":"Vizantijski grad na jugu Srbije Justiniana prima (Cari\u010din grad) podigao je car Justinijan I, koji je izgradio i \u010duvenu Crkvu Svete mudrosti, kasnije d\u017eamiju, a danas muzej Aja Sofija u [&hellip;]","og_url":"https:\/\/serbia.com\/srpski\/posetite-srbiju\/kulturne-atrakcije\/arheoloska-nalazista\/justiniana-prima-caricin-grad\/","og_site_name":"Serbia.com","article_modified_time":"2024-10-20T12:19:33+00:00","og_image":[{"width":1000,"height":667,"url":"https:\/\/serbia.com\/wp-content\/uploads\/2014\/05\/justiniana-prima1.jpg","type":"image\/jpeg"}],"twitter_misc":{"Est. reading time":"3 minutes"},"schema":{"@context":"https:\/\/schema.org","@graph":[{"@type":"WebPage","@id":"https:\/\/serbia.com\/srpski\/posetite-srbiju\/kulturne-atrakcije\/arheoloska-nalazista\/justiniana-prima-caricin-grad\/","url":"https:\/\/serbia.com\/srpski\/posetite-srbiju\/kulturne-atrakcije\/arheoloska-nalazista\/justiniana-prima-caricin-grad\/","name":"Justiniana prima: Cari\u010din grad - Serbia.com","isPartOf":{"@id":"https:\/\/serbia.com\/#website"},"primaryImageOfPage":{"@id":"https:\/\/serbia.com\/srpski\/posetite-srbiju\/kulturne-atrakcije\/arheoloska-nalazista\/justiniana-prima-caricin-grad\/#primaryimage"},"image":{"@id":"https:\/\/serbia.com\/srpski\/posetite-srbiju\/kulturne-atrakcije\/arheoloska-nalazista\/justiniana-prima-caricin-grad\/#primaryimage"},"thumbnailUrl":"https:\/\/serbia.com\/wp-content\/uploads\/2014\/05\/justiniana-prima1.jpg","datePublished":"2015-05-08T12:00:40+00:00","dateModified":"2024-10-20T12:19:33+00:00","breadcrumb":{"@id":"https:\/\/serbia.com\/srpski\/posetite-srbiju\/kulturne-atrakcije\/arheoloska-nalazista\/justiniana-prima-caricin-grad\/#breadcrumb"},"inLanguage":"srpski","potentialAction":[{"@type":"ReadAction","target":["https:\/\/serbia.com\/srpski\/posetite-srbiju\/kulturne-atrakcije\/arheoloska-nalazista\/justiniana-prima-caricin-grad\/"]}]},{"@type":"ImageObject","inLanguage":"srpski","@id":"https:\/\/serbia.com\/srpski\/posetite-srbiju\/kulturne-atrakcije\/arheoloska-nalazista\/justiniana-prima-caricin-grad\/#primaryimage","url":"https:\/\/serbia.com\/wp-content\/uploads\/2014\/05\/justiniana-prima1.jpg","contentUrl":"https:\/\/serbia.com\/wp-content\/uploads\/2014\/05\/justiniana-prima1.jpg","width":1000,"height":667},{"@type":"BreadcrumbList","@id":"https:\/\/serbia.com\/srpski\/posetite-srbiju\/kulturne-atrakcije\/arheoloska-nalazista\/justiniana-prima-caricin-grad\/#breadcrumb","itemListElement":[{"@type":"ListItem","position":1,"name":"Home","item":"https:\/\/serbia.com\/srpski\/"},{"@type":"ListItem","position":2,"name":"Poseti Srbiju","item":"https:\/\/serbia.com\/srpski\/posetite-srbiju\/"},{"@type":"ListItem","position":3,"name":"Kulturne atrakcije","item":"https:\/\/serbia.com\/srpski\/posetite-srbiju\/kulturne-atrakcije\/"},{"@type":"ListItem","position":4,"name":"Arheolo\u0161ka nalazi\u0161ta","item":"https:\/\/serbia.com\/srpski\/posetite-srbiju\/kulturne-atrakcije\/arheoloska-nalazista\/"},{"@type":"ListItem","position":5,"name":"Justiniana prima: Cari\u010din grad"}]},{"@type":"WebSite","@id":"https:\/\/serbia.com\/#website","url":"https:\/\/serbia.com\/","name":"Serbia.com","description":"Your Gateway to Serbia","potentialAction":[{"@type":"SearchAction","target":{"@type":"EntryPoint","urlTemplate":"https:\/\/serbia.com\/?s={search_term_string}"},"query-input":{"@type":"PropertyValueSpecification","valueRequired":true,"valueName":"search_term_string"}}],"inLanguage":"srpski"}]}},"brizy_media":[],"_links":{"self":[{"href":"https:\/\/serbia.com\/srpski\/wp-json\/wp\/v2\/pages\/31650","targetHints":{"allow":["GET"]}}],"collection":[{"href":"https:\/\/serbia.com\/srpski\/wp-json\/wp\/v2\/pages"}],"about":[{"href":"https:\/\/serbia.com\/srpski\/wp-json\/wp\/v2\/types\/page"}],"author":[{"embeddable":true,"href":"https:\/\/serbia.com\/srpski\/wp-json\/wp\/v2\/users\/27"}],"replies":[{"embeddable":true,"href":"https:\/\/serbia.com\/srpski\/wp-json\/wp\/v2\/comments?post=31650"}],"version-history":[{"count":1,"href":"https:\/\/serbia.com\/srpski\/wp-json\/wp\/v2\/pages\/31650\/revisions"}],"predecessor-version":[{"id":55709,"href":"https:\/\/serbia.com\/srpski\/wp-json\/wp\/v2\/pages\/31650\/revisions\/55709"}],"up":[{"embeddable":true,"href":"https:\/\/serbia.com\/srpski\/wp-json\/wp\/v2\/pages\/20451"}],"wp:featuredmedia":[{"embeddable":true,"href":"https:\/\/serbia.com\/srpski\/wp-json\/wp\/v2\/media\/26470"}],"wp:attachment":[{"href":"https:\/\/serbia.com\/srpski\/wp-json\/wp\/v2\/media?parent=31650"}],"wp:term":[{"taxonomy":"category","embeddable":true,"href":"https:\/\/serbia.com\/srpski\/wp-json\/wp\/v2\/categories?post=31650"},{"taxonomy":"post_tag","embeddable":true,"href":"https:\/\/serbia.com\/srpski\/wp-json\/wp\/v2\/tags?post=31650"}],"curies":[{"name":"wp","href":"https:\/\/api.w.org\/{rel}","templated":true}]}}