{"id":31647,"date":"2015-05-08T13:39:51","date_gmt":"2015-05-08T11:39:51","guid":{"rendered":"http:\/\/www.serbia.com\/?page_id=31647"},"modified":"2024-10-20T14:18:12","modified_gmt":"2024-10-20T12:18:12","slug":"vinca-kolevka-evropske-civilizacije","status":"publish","type":"page","link":"https:\/\/serbia.com\/srpski\/posetite-srbiju\/kulturne-atrakcije\/arheoloska-nalazista\/vinca-kolevka-evropske-civilizacije\/","title":{"rendered":"Vin\u010da, kolevka evropske civilizacije"},"content":{"rendered":"<h4>Najdrevnija neolitska civilizacija Evrope spava na lokalitetu Vin\u010da, na desnoj obali Dunava, nedaleko od centra Beograda.<\/h4>\n<p>Kada se pre jednog veka mo\u0107ni <a title=\"Dunav, mesto spajanja i razdvajanja\" href=\"http:\/\/www.serbia.com\/srpski\/posetite-srbiju\/prirodne-lepote\/reke-i-jezera\/dunav-mesto-spajanja-i-razdvajanja\/\" target=\"_blank\" rel=\"noopener\">Dunav<\/a> povukao u svoje korito, ostavio je za sobom veliki dar \u010ditavom \u010dove\u010danstvu. \u010ceprkaju\u0107i po obali, izvesni deda Panta iz naselja Vin\u010da prona\u0161ao je \u010dudnu glinenu figuru.\u00a0Radoznali starac nikada pre ni\u0161ta sli\u010dno nije video, pa je u potrazi za obja\u0161njenjem svoje otkri\u0107e odneo u <strong>Narodni muzej u Beogradu<\/strong>. <strong>Nije ni slutio da u svojim rukama dr\u017ei figurinu napravljenu pred kraj kamenog doba, rukama pra\u010doveka.<\/strong><\/p>\n<p>Arheolozi su od tada sa velikim uzbu\u0111enjem po\u010deli sa razotkrivanjem mno\u0161tva novih slojeva civilizacije koje je u sebi sa\u010duvao jedan spolja savsvim obi\u010dan bre\u017euljak u Vin\u010di. Utvrdili su da se na tom mestu nalazilo <strong>najve\u0107e naselje iz doba neolita, staro vi\u0161e od sedam hiljada godina<\/strong>, i prona\u0161li u njemu ostatke mnogih kultura.<\/p>\n<figure id=\"attachment_18249\" aria-describedby=\"caption-attachment-18249\" style=\"width: 224px\" class=\"wp-caption alignleft\"><img loading=\"lazy\" decoding=\"async\" class=\"wp-image-18249 size-full\" src=\"http:\/\/www.serbia.com\/wp-content\/uploads\/2012\/12\/commons.wikimedia.org-Michel-wal-vinca-figurine-figurica.jpg\" alt=\"commons.wikimedia.org - Michel wal - vinca figurine figurica\" width=\"224\" height=\"360\" srcset=\"https:\/\/serbia.com\/wp-content\/uploads\/2012\/12\/commons.wikimedia.org-Michel-wal-vinca-figurine-figurica.jpg 224w, https:\/\/serbia.com\/wp-content\/uploads\/2012\/12\/commons.wikimedia.org-Michel-wal-vinca-figurine-figurica-186x300.jpg 186w\" sizes=\"(max-width: 224px) 100vw, 224px\" \/><figcaption id=\"caption-attachment-18249\" class=\"wp-caption-text\">Glinena figurina iz Vin\u010de koja se nalazi u Britanskom muzeju<\/figcaption><\/figure>\n<p>Arheolo\u0161ko blago Vin\u010de nalazi se na dubini od oko 10.5 metara i sadr\u017ei \u010ditavo bogatstvo civilizacijskih slojeva od neolita preko bronzanog doba pa sve do grobnica iz Srednjeg veka.<\/p>\n<p>Ovo nalazi\u0161te dokazalo je da se sedam hiljada godina pre nove ere na tom mestu nalazila utvr\u0111ena metropola. Smatra se da je ona bila centar tada\u0161nje civilizacije koja se prostirala \u0161irom dana\u0161nje Bosne, Srbije, Rumunije, Bugarske, Crne Gore, Makedonije i Gr\u010dke.<\/p>\n<p><strong>U Vin\u010di je prona\u0111eno pravo bogatstvo najrazli\u010ditijih oru\u017eja i oru\u0111a<\/strong> od kamena i kostiju, posu\u0111e, ritualne vaze, nakit, mno\u0161tvo antropomorfnih i zoomorfnih figurina, ostaci praistorijskih ku\u0107a kao i veliki broj drugih predmeta izra\u0111enih ovde ili done\u0161enih iz udaljenih oblasti.<\/p>\n<p>Ono \u0161to je vi\u0161e od svega \u010dini specijalnom jeste <strong>veliki broj identi\u010dnih predmeta koji ukazuju na to da su ljudi na ovim prostorima ve\u0107 u kasnom kamenom dobu imali neku vrstu standardizovane proizvodnje.<\/strong> Bili su mnogo mnogo civilizovaniji nego \u0161to se u prvi mah mislilo!<\/p>\n<p>Istra\u017eivanja govore da su stanovnici Vin\u010de \u017eiveli urbanim na\u010dinom \u017eivota, veoma blizu jedni drugima.<\/p>\n<p>Ova drevna metropola je puno puta gorela u po\u017earima, ali su neki od njih u\u010dinili veliku uslugu civilizaciji.<\/p>\n<p>Sa\u010duvali su u malteru otiske ku\u0107a i mnoge druge predmete koji su nam pomogli da shvatimo kako je \u017eiveo na\u0161 praistorijski predak.<\/p>\n<p>Vin\u010danske ku\u0107e su bile od blata i peska, sme\u0161tene u uskim ulicama, a praljudi su bili mnogo dru\u0161tveniji i kreativniji nego \u0161to mo\u017eemo i da zamislimo.<\/p>\n<p>Tkali su haljine sa V izrezom paze\u0107i na na stil I dizajn ode\u0107e, figurine su nam otkrile da su imali name\u0161taj u ku\u0107i, a pravili sui veoma lepo posu\u0111e. Pored toga, voleli su i da putuju.<\/p>\n<p>Odlazili su do Karpata kako bi nabavljali vulkansko staklo koje su koristili u izradi oru\u017eja, a donosili su i predmete iz mnogo udaljenijih mesta i razli\u010ditih kultura.<\/p>\n<p>Zbog svega toga <strong>Vin\u010da se smatra jednom od najnaprednijih praistorijskih kultura<\/strong>. Smatra se da je trajala hiljadu godina.<\/p>\n<p>\u201cKrivac\u201d za njen nestanak, ali i za pojavu ratova, bio je bakar. Dok su se stanovnici Vin\u010de bogatili nakon otkri\u0107a bakra prave\u0107i od njega nakit i oru\u0111e, drugi praljudi su ga koristili da naprave oru\u017eje i na silu otmu bogatstvo Vina\u010dancima koji nisu bili vi\u010dni borbama. Tako je otpo\u010dela postepena propast vin\u010danske civilizacije.<\/p>\n<p>Nalazi\u0161te u Vin\u010di je i danas u centru ineresovanja arheologa. Iako je njegov veliki deo iskopan, istra\u017eivanja nisu ni blizu zavr\u0161etka, a svetu jo\u0161 uvek nisu poznate sve tajne ove obale Dunava.<\/p>\n<p>Nekada\u0161nji centar velike civilizacije, <strong>Vin\u010da je danas jedan od najzna\u010dajnih arheolo\u0161kih parkova Srbije koga svake godine pose\u0107uje sve ve\u0107i broj znati\u017eeljnih ljudi.<\/strong><\/p>\n<h4>Gde je Vin\u010da i kako do nje sti\u0107i?<\/h4>\n<p>Vin\u010da je beogradsko naselje koje se nalazi ma 14 kilometara od centra grada pored puta <a title=\"Beograd\" href=\"http:\/\/www.serbia.com\/srpski\/posetite-srbiju\/gradovi\/beograd\/\" target=\"_blank\" rel=\"noopener\">Beograd<\/a> \u2013 <a title=\"Smederevo, grad sa du\u0161om u tvr\u0111avi\" href=\"http:\/\/www.serbia.com\/srpski\/posetite-srbiju\/gradovi\/smederevo-grad-sa-dusom-u-tvrdavi\/\" target=\"_blank\" rel=\"noopener\">Smederevo<\/a>.<\/p>\n<p>Do Vin\u010de se mo\u017ee do\u0107i automobilom ili autobusom. Ukoliko dolazite kolima najjednostavnije je do\u0107i ako se na autoputu isklju\u010dite u Bubanj potoku a zatim krenete kru\u017enim putem prema Smederevu odakle se lokalitet nalazi na 8 kilometara.<\/p>\n<p>Do Vin\u010de je mogu\u0107e do\u0107i i iz pravca Smedereva smederevskim putem gde \u0107ete nai\u0107i na tablu za skretanje za Vin\u010du.<\/p>\n<p>Ukoliko dolazite autobusom do Vin\u010de vozi redovna linija GSP-a 307 sa po\u010detnog terminusa u Ustani\u010dkoj ulici.<\/p>\n<h4>Kad ste ve\u0107 ovde, ne propustite\u2026<\/h4>\n<p>Obilazak Arheolo\u0161kog parka i lokaliteta nazvanog <strong>Belo brdo<\/strong> na samoj obali Dunava.<\/p>\n<p>Vin\u010da je poznata i po <strong>manastiru Vavedenje<\/strong> iz 15. veka, a ne propustite priliku da posetite i <strong>manastir Rakovica<\/strong> koji se nalazi na svega 19 kilometara od Vin\u010de u beogradskom naselju Rakovica. U ovom manastiru sahranjen je jedan od vo\u0111a Prvog srpskog ustanka Vasa \u010carapi\u0107 kao i srpski patrijarh Pavle.<\/p>\n<p>Obilazak <a title=\"Smederevska tvr\u0111ava, grad proklete Jerine\" href=\"http:\/\/www.serbia.com\/srpski\/posetite-srbiju\/kulturne-atrakcije\/dvorci-i-tvrdave\/smederevska-tvrdava-grad-proklete-jerine\/\" target=\"_blank\" rel=\"noopener\"><strong>Smederevske tvr\u0111ave<\/strong><\/a>, poslednje srednjevekovne prestonice Srbije, gde mo\u017eete prisustvovati i me\u0111unarodnom pozori\u0161nom festivalu <strong>Tvr\u0111ava teatar<\/strong>.<\/p>\n<p>\u010ca\u0161icu \u010duvenog belog vina <strong>Smederevka<\/strong> na jednoj od najve\u0107ih i najzna\u010dajnijih manifestacija u \u010dast vina \u2013 <strong>Smederevskoj jeseni<\/strong>.<\/p>\n","protected":false},"excerpt":{"rendered":"<p>Najdrevnija neolitska civilizacija Evrope spava na lokalitetu Vin\u010da, na desnoj obali Dunava, nedaleko od centra Beograda. Kada se pre jednog veka mo\u0107ni Dunav povukao u svoje korito, ostavio je za [&hellip;]<\/p>\n","protected":false},"author":27,"featured_media":31645,"parent":20451,"menu_order":0,"comment_status":"closed","ping_status":"closed","template":"","meta":{"_acf_changed":false,"inline_featured_image":false,"_monsterinsights_skip_tracking":false,"_monsterinsights_sitenote_active":false,"_monsterinsights_sitenote_note":"","_monsterinsights_sitenote_category":0,"footnotes":""},"categories":[1671,1662],"tags":[],"class_list":["post-31647","page","type-page","status-publish","has-post-thumbnail","hentry","category-arheoloska-nalazista","category-kulturne-atrakcije-sta-posetiti"],"acf":[],"yoast_head":"<!-- This site is optimized with the Yoast SEO plugin v23.8 - https:\/\/yoast.com\/wordpress\/plugins\/seo\/ -->\n<title>Vin\u010da, kolevka evropske civilizacije - Serbia.com<\/title>\n<meta name=\"robots\" content=\"index, follow, max-snippet:-1, max-image-preview:large, max-video-preview:-1\" \/>\n<link rel=\"canonical\" href=\"https:\/\/serbia.com\/srpski\/posetite-srbiju\/kulturne-atrakcije\/arheoloska-nalazista\/vinca-kolevka-evropske-civilizacije\/\" \/>\n<meta property=\"og:locale\" content=\"en_US\" \/>\n<meta property=\"og:type\" content=\"article\" \/>\n<meta property=\"og:title\" content=\"Vin\u010da, kolevka evropske civilizacije - Serbia.com\" \/>\n<meta property=\"og:description\" content=\"Najdrevnija neolitska civilizacija Evrope spava na lokalitetu Vin\u010da, na desnoj obali Dunava, nedaleko od centra Beograda. Kada se pre jednog veka mo\u0107ni Dunav povukao u svoje korito, ostavio je za [&hellip;]\" \/>\n<meta property=\"og:url\" content=\"https:\/\/serbia.com\/srpski\/posetite-srbiju\/kulturne-atrakcije\/arheoloska-nalazista\/vinca-kolevka-evropske-civilizacije\/\" \/>\n<meta property=\"og:site_name\" content=\"Serbia.com\" \/>\n<meta property=\"article:modified_time\" content=\"2024-10-20T12:18:12+00:00\" \/>\n<meta property=\"og:image\" content=\"https:\/\/serbia.com\/wp-content\/uploads\/2015\/05\/vinca32.jpg\" \/>\n\t<meta property=\"og:image:width\" content=\"1600\" \/>\n\t<meta property=\"og:image:height\" content=\"831\" \/>\n\t<meta property=\"og:image:type\" content=\"image\/jpeg\" \/>\n<meta name=\"twitter:label1\" content=\"Est. reading time\" \/>\n\t<meta name=\"twitter:data1\" content=\"4 minutes\" \/>\n<script type=\"application\/ld+json\" class=\"yoast-schema-graph\">{\"@context\":\"https:\/\/schema.org\",\"@graph\":[{\"@type\":\"WebPage\",\"@id\":\"https:\/\/serbia.com\/srpski\/posetite-srbiju\/kulturne-atrakcije\/arheoloska-nalazista\/vinca-kolevka-evropske-civilizacije\/\",\"url\":\"https:\/\/serbia.com\/srpski\/posetite-srbiju\/kulturne-atrakcije\/arheoloska-nalazista\/vinca-kolevka-evropske-civilizacije\/\",\"name\":\"Vin\u010da, kolevka evropske civilizacije - Serbia.com\",\"isPartOf\":{\"@id\":\"https:\/\/serbia.com\/#website\"},\"primaryImageOfPage\":{\"@id\":\"https:\/\/serbia.com\/srpski\/posetite-srbiju\/kulturne-atrakcije\/arheoloska-nalazista\/vinca-kolevka-evropske-civilizacije\/#primaryimage\"},\"image\":{\"@id\":\"https:\/\/serbia.com\/srpski\/posetite-srbiju\/kulturne-atrakcije\/arheoloska-nalazista\/vinca-kolevka-evropske-civilizacije\/#primaryimage\"},\"thumbnailUrl\":\"https:\/\/serbia.com\/wp-content\/uploads\/2015\/05\/vinca32.jpg\",\"datePublished\":\"2015-05-08T11:39:51+00:00\",\"dateModified\":\"2024-10-20T12:18:12+00:00\",\"breadcrumb\":{\"@id\":\"https:\/\/serbia.com\/srpski\/posetite-srbiju\/kulturne-atrakcije\/arheoloska-nalazista\/vinca-kolevka-evropske-civilizacije\/#breadcrumb\"},\"inLanguage\":\"srpski\",\"potentialAction\":[{\"@type\":\"ReadAction\",\"target\":[\"https:\/\/serbia.com\/srpski\/posetite-srbiju\/kulturne-atrakcije\/arheoloska-nalazista\/vinca-kolevka-evropske-civilizacije\/\"]}]},{\"@type\":\"ImageObject\",\"inLanguage\":\"srpski\",\"@id\":\"https:\/\/serbia.com\/srpski\/posetite-srbiju\/kulturne-atrakcije\/arheoloska-nalazista\/vinca-kolevka-evropske-civilizacije\/#primaryimage\",\"url\":\"https:\/\/serbia.com\/wp-content\/uploads\/2015\/05\/vinca32.jpg\",\"contentUrl\":\"https:\/\/serbia.com\/wp-content\/uploads\/2015\/05\/vinca32.jpg\",\"width\":1600,\"height\":831},{\"@type\":\"BreadcrumbList\",\"@id\":\"https:\/\/serbia.com\/srpski\/posetite-srbiju\/kulturne-atrakcije\/arheoloska-nalazista\/vinca-kolevka-evropske-civilizacije\/#breadcrumb\",\"itemListElement\":[{\"@type\":\"ListItem\",\"position\":1,\"name\":\"Home\",\"item\":\"https:\/\/serbia.com\/srpski\/\"},{\"@type\":\"ListItem\",\"position\":2,\"name\":\"Poseti Srbiju\",\"item\":\"https:\/\/serbia.com\/srpski\/posetite-srbiju\/\"},{\"@type\":\"ListItem\",\"position\":3,\"name\":\"Kulturne atrakcije\",\"item\":\"https:\/\/serbia.com\/srpski\/posetite-srbiju\/kulturne-atrakcije\/\"},{\"@type\":\"ListItem\",\"position\":4,\"name\":\"Arheolo\u0161ka nalazi\u0161ta\",\"item\":\"https:\/\/serbia.com\/srpski\/posetite-srbiju\/kulturne-atrakcije\/arheoloska-nalazista\/\"},{\"@type\":\"ListItem\",\"position\":5,\"name\":\"Vin\u010da, kolevka evropske civilizacije\"}]},{\"@type\":\"WebSite\",\"@id\":\"https:\/\/serbia.com\/#website\",\"url\":\"https:\/\/serbia.com\/\",\"name\":\"Serbia.com\",\"description\":\"Your Gateway to Serbia\",\"potentialAction\":[{\"@type\":\"SearchAction\",\"target\":{\"@type\":\"EntryPoint\",\"urlTemplate\":\"https:\/\/serbia.com\/?s={search_term_string}\"},\"query-input\":{\"@type\":\"PropertyValueSpecification\",\"valueRequired\":true,\"valueName\":\"search_term_string\"}}],\"inLanguage\":\"srpski\"}]}<\/script>\n<!-- \/ Yoast SEO plugin. -->","yoast_head_json":{"title":"Vin\u010da, kolevka evropske civilizacije - Serbia.com","robots":{"index":"index","follow":"follow","max-snippet":"max-snippet:-1","max-image-preview":"max-image-preview:large","max-video-preview":"max-video-preview:-1"},"canonical":"https:\/\/serbia.com\/srpski\/posetite-srbiju\/kulturne-atrakcije\/arheoloska-nalazista\/vinca-kolevka-evropske-civilizacije\/","og_locale":"en_US","og_type":"article","og_title":"Vin\u010da, kolevka evropske civilizacije - Serbia.com","og_description":"Najdrevnija neolitska civilizacija Evrope spava na lokalitetu Vin\u010da, na desnoj obali Dunava, nedaleko od centra Beograda. Kada se pre jednog veka mo\u0107ni Dunav povukao u svoje korito, ostavio je za [&hellip;]","og_url":"https:\/\/serbia.com\/srpski\/posetite-srbiju\/kulturne-atrakcije\/arheoloska-nalazista\/vinca-kolevka-evropske-civilizacije\/","og_site_name":"Serbia.com","article_modified_time":"2024-10-20T12:18:12+00:00","og_image":[{"width":1600,"height":831,"url":"https:\/\/serbia.com\/wp-content\/uploads\/2015\/05\/vinca32.jpg","type":"image\/jpeg"}],"twitter_misc":{"Est. reading time":"4 minutes"},"schema":{"@context":"https:\/\/schema.org","@graph":[{"@type":"WebPage","@id":"https:\/\/serbia.com\/srpski\/posetite-srbiju\/kulturne-atrakcije\/arheoloska-nalazista\/vinca-kolevka-evropske-civilizacije\/","url":"https:\/\/serbia.com\/srpski\/posetite-srbiju\/kulturne-atrakcije\/arheoloska-nalazista\/vinca-kolevka-evropske-civilizacije\/","name":"Vin\u010da, kolevka evropske civilizacije - Serbia.com","isPartOf":{"@id":"https:\/\/serbia.com\/#website"},"primaryImageOfPage":{"@id":"https:\/\/serbia.com\/srpski\/posetite-srbiju\/kulturne-atrakcije\/arheoloska-nalazista\/vinca-kolevka-evropske-civilizacije\/#primaryimage"},"image":{"@id":"https:\/\/serbia.com\/srpski\/posetite-srbiju\/kulturne-atrakcije\/arheoloska-nalazista\/vinca-kolevka-evropske-civilizacije\/#primaryimage"},"thumbnailUrl":"https:\/\/serbia.com\/wp-content\/uploads\/2015\/05\/vinca32.jpg","datePublished":"2015-05-08T11:39:51+00:00","dateModified":"2024-10-20T12:18:12+00:00","breadcrumb":{"@id":"https:\/\/serbia.com\/srpski\/posetite-srbiju\/kulturne-atrakcije\/arheoloska-nalazista\/vinca-kolevka-evropske-civilizacije\/#breadcrumb"},"inLanguage":"srpski","potentialAction":[{"@type":"ReadAction","target":["https:\/\/serbia.com\/srpski\/posetite-srbiju\/kulturne-atrakcije\/arheoloska-nalazista\/vinca-kolevka-evropske-civilizacije\/"]}]},{"@type":"ImageObject","inLanguage":"srpski","@id":"https:\/\/serbia.com\/srpski\/posetite-srbiju\/kulturne-atrakcije\/arheoloska-nalazista\/vinca-kolevka-evropske-civilizacije\/#primaryimage","url":"https:\/\/serbia.com\/wp-content\/uploads\/2015\/05\/vinca32.jpg","contentUrl":"https:\/\/serbia.com\/wp-content\/uploads\/2015\/05\/vinca32.jpg","width":1600,"height":831},{"@type":"BreadcrumbList","@id":"https:\/\/serbia.com\/srpski\/posetite-srbiju\/kulturne-atrakcije\/arheoloska-nalazista\/vinca-kolevka-evropske-civilizacije\/#breadcrumb","itemListElement":[{"@type":"ListItem","position":1,"name":"Home","item":"https:\/\/serbia.com\/srpski\/"},{"@type":"ListItem","position":2,"name":"Poseti Srbiju","item":"https:\/\/serbia.com\/srpski\/posetite-srbiju\/"},{"@type":"ListItem","position":3,"name":"Kulturne atrakcije","item":"https:\/\/serbia.com\/srpski\/posetite-srbiju\/kulturne-atrakcije\/"},{"@type":"ListItem","position":4,"name":"Arheolo\u0161ka nalazi\u0161ta","item":"https:\/\/serbia.com\/srpski\/posetite-srbiju\/kulturne-atrakcije\/arheoloska-nalazista\/"},{"@type":"ListItem","position":5,"name":"Vin\u010da, kolevka evropske civilizacije"}]},{"@type":"WebSite","@id":"https:\/\/serbia.com\/#website","url":"https:\/\/serbia.com\/","name":"Serbia.com","description":"Your Gateway to Serbia","potentialAction":[{"@type":"SearchAction","target":{"@type":"EntryPoint","urlTemplate":"https:\/\/serbia.com\/?s={search_term_string}"},"query-input":{"@type":"PropertyValueSpecification","valueRequired":true,"valueName":"search_term_string"}}],"inLanguage":"srpski"}]}},"_links":{"self":[{"href":"https:\/\/serbia.com\/srpski\/wp-json\/wp\/v2\/pages\/31647"}],"collection":[{"href":"https:\/\/serbia.com\/srpski\/wp-json\/wp\/v2\/pages"}],"about":[{"href":"https:\/\/serbia.com\/srpski\/wp-json\/wp\/v2\/types\/page"}],"author":[{"embeddable":true,"href":"https:\/\/serbia.com\/srpski\/wp-json\/wp\/v2\/users\/27"}],"replies":[{"embeddable":true,"href":"https:\/\/serbia.com\/srpski\/wp-json\/wp\/v2\/comments?post=31647"}],"version-history":[{"count":1,"href":"https:\/\/serbia.com\/srpski\/wp-json\/wp\/v2\/pages\/31647\/revisions"}],"predecessor-version":[{"id":55708,"href":"https:\/\/serbia.com\/srpski\/wp-json\/wp\/v2\/pages\/31647\/revisions\/55708"}],"up":[{"embeddable":true,"href":"https:\/\/serbia.com\/srpski\/wp-json\/wp\/v2\/pages\/20451"}],"wp:featuredmedia":[{"embeddable":true,"href":"https:\/\/serbia.com\/srpski\/wp-json\/wp\/v2\/media\/31645"}],"wp:attachment":[{"href":"https:\/\/serbia.com\/srpski\/wp-json\/wp\/v2\/media?parent=31647"}],"wp:term":[{"taxonomy":"category","embeddable":true,"href":"https:\/\/serbia.com\/srpski\/wp-json\/wp\/v2\/categories?post=31647"},{"taxonomy":"post_tag","embeddable":true,"href":"https:\/\/serbia.com\/srpski\/wp-json\/wp\/v2\/tags?post=31647"}],"curies":[{"name":"wp","href":"https:\/\/api.w.org\/{rel}","templated":true}]}}