{"id":31595,"date":"2015-05-07T16:20:07","date_gmt":"2015-05-07T14:20:07","guid":{"rendered":"http:\/\/www.serbia.com\/?page_id=31595"},"modified":"2024-10-20T13:36:10","modified_gmt":"2024-10-20T11:36:10","slug":"zajecar-domacin-najstarijeg-rok-festivala-u-srbiji-2","status":"publish","type":"page","link":"https:\/\/serbia.com\/srpski\/posetite-srbiju\/gradovi\/zajecar-domacin-najstarijeg-rok-festivala-u-srbiji-2\/","title":{"rendered":"Zaje\u010dar, doma\u0107in najstarijeg rok festivala u Srbiji"},"content":{"rendered":"<h4>Iako relativno mlad, Zaje\u010dar\u00a0je zahvalju\u0107i prirodi koja ga okru\u017euje, marljivim stanovnicima ali i popularnosti jednog od najve\u0107ih rok festivala u regionu, za kratko vreme postao atraktivna destinacija koju ljubitelji prirode, zanimljivih gra\u0111evina i muzike, rado pose\u0107uju.<\/h4>\n<p>U administrativni centar Timo\u010dke krajine turisti naj\u010de\u0161\u0107e dolaze u toplim, letnjim danima kada se odr\u017eava \u010duvena \u201eGitarijada\u201c. Zaje\u010dar tada postaje jezgro de\u0161avanja, hoteli, kafi\u0107i i restorani su puni, a ulice preplavljene ljubiteljima dobre rok muzike. Me\u0111utim, Zaje\u010dar i okolina imaju da ponude jo\u0161 mnogo zanimljivih kulturnih i prirodnih bogatstava za koje mnogi ne znaju.<\/p>\n<p><img loading=\"lazy\" decoding=\"async\" class=\"alignleft wp-image-30771\" src=\"http:\/\/www.serbia.com\/wp-content\/uploads\/2015\/04\/riblja-corba-300x225.jpg\" alt=\"riblja corba\" width=\"350\" height=\"262\" srcset=\"https:\/\/serbia.com\/wp-content\/uploads\/2015\/04\/riblja-corba-300x225.jpg 300w, https:\/\/serbia.com\/wp-content\/uploads\/2015\/04\/riblja-corba.jpg 600w\" sizes=\"auto, (max-width: 350px) 100vw, 350px\" \/><\/p>\n<blockquote><p>\u00a0<em>Zaje\u010darska gitarijada<\/em><\/p>\n<p><em>Predstavlja najstariji festival neafirmisanih bendova kod nas i jedan je od najzna\u010dajnijih muzi\u010dkih festivala u regionu. Nastala je 1967. godine, a iz lokalne, zaje\u010darska gitarijada je prerasla u regionalnu manifestaciju ili festival demo bendova. U toku manifestacije odr\u017eava se i sad ve\u0107 tradicionalni Moto skup.<\/em><\/p><\/blockquote>\n<p>Stanovnici Zaje\u010dara preporu\u010duju obilazak centra grada gde se nalaze stare i interesantne gra\u0111evine s po\u010detka XIX veka, nekoliko manastira i poznato kupali\u0161te i odmarali\u0161te Popova pla\u017ea. U blizini grada nalazi se i \u010duveno arheolo\u0161ko nalazi\u0161te <a title=\"Felix Romuliana, dom poslednjeg rimskog boga\" href=\"http:\/\/www.serbia.com\/srpski\/posetite-srbiju\/kulturne-atrakcije\/arheoloska-nalazista\/felix-romuliana-dom-poslednjeg-rimskog-boga\/\" target=\"_blank\" rel=\"noopener\"><strong>Felix Romuliana<\/strong><\/a>, <strong>Gamzigradska banja<\/strong> i <strong>izvor termomineralne vode Nikoli\u010devo<\/strong>, kao i tri jezera pogodna za kupanje, ribolov i sportske aktivnosti.<\/p>\n<p>Najbolji na\u010din da se upoznate sa gradom i osetite duh ljudi, vremena i mesta je \u0161etnja glavnim ulicama. Gra\u0111evine poput <strong>Radul-begovog konaka iz XIX veka<\/strong>, <strong>Narodnog muzeja<\/strong>, <strong>stare turske vodenice<\/strong> i izuzetno lepih <strong>zgrada Na\u010delstva<\/strong> i <strong>Gimnazije<\/strong> pru\u017ei\u0107e vam uvid u deo istorije i kulture Zaje\u010dara.<\/p>\n<p>Na glavnom trgu, koji nosi ime po <strong><a title=\"Nikola Pa\u0161i\u0107, politi\u010dar pola veka\" href=\"http:\/\/www.serbia.com\/srpski\/nikola-pasic-politicar-pola-veka\/\">Nikoli Pa\u0161i\u0107u<\/a><\/strong>, nalazi se spomenik poginulim u ratovima 1912-1918 godine, a zanimljivi su i spomenici podignuti znamenitim zaje\u010darcima <strong>Hajduk Veljku<\/strong> i <strong>Zoranu Radmilovi\u0107u<\/strong>.<\/p>\n<p>Pored interesantnih gra\u0111evina koje svakako vredi videti, slobodno vreme mo\u017eete provesti i u nekom od lokalnih restorana isprobavaju\u0107i <a title=\"Tradicionalna kuhinja\" href=\"http:\/\/www.serbia.com\/srpski\/o-srbiji\/tradicionalna-kuhinja\/\">specijalitete stare srpske kuhinje<\/a>.<\/p>\n<h4>Hram Ro\u017ed\u0435stva Pr\u0435sv\u0435t\u0435 Bogorodic\u0435 i manastir Suvodol<\/h4>\n<p>U prole\u0107e 1834. godine uz podr\u0161ku kneza Milo\u0161a zapo\u010deta je gradnja glavnog i najve\u0107eg pravoslavnog hrama u Zaje\u010daru \u2013 Saborne crkve ro\u017edestva Presvete Bogorodice.<\/p>\n<p><img loading=\"lazy\" decoding=\"async\" class=\"aligncenter wp-image-31596\" src=\"http:\/\/www.serbia.com\/wp-content\/uploads\/2015\/05\/crkva-14-1024x683.jpg\" alt=\"crkva-14\" width=\"640\" height=\"427\" srcset=\"https:\/\/serbia.com\/wp-content\/uploads\/2015\/05\/crkva-14-1024x683.jpg 1024w, https:\/\/serbia.com\/wp-content\/uploads\/2015\/05\/crkva-14-300x200.jpg 300w\" sizes=\"auto, (max-width: 640px) 100vw, 640px\" \/><\/p>\n<p>Iako vi\u0161e puta popravljana i dogra\u0111ivana, crkva je uspela da o\u010duva autenti\u010dan izgled i lepotu.<\/p>\n<p>Pored nje sagra\u0111en je i zvonik koji svojom visinom i zanimljivim stilom, daje posebnu \u010dar zaje\u010darskom hramu. Danas ga mnogi smatraju simbolom grada i nezaobilaznom turisti\u010dkom atrakcijom.<\/p>\n<p><strong>Manastir Suvodol<\/strong> nalazi se u ataru sela Sela\u010dka i posve\u0107en je ro\u0111enju Presvete Bogorodice. Ubraja se u najstarije zadu\u017ebine u Srbiji, \u010dije vreme nastanka nije poznato.<\/p>\n<p>Za vreme vlade kneza Milana Obrenovi\u0107a crkva je sru\u0161ena, a 1869. godine je na njenim temeljima sagra\u0111ena nova. Unutra\u0161njost sada\u0161nje crkve ukra\u0161avaju freske novijeg datuma, a na ikonostasu se nalaze veliki broj ikona iz XIX veka koje predstavljaju vredna likovna ostvarenja. Danas je Suvodol \u017eenski manastir.<\/p>\n<h4>Popova pla\u017ea, savr\u0161eno mesto za odmor, sport i rekreaciju<\/h4>\n<p>Ako odlu\u010dite da posetite Zaje\u010dar, nemojte propustiti da obi\u0111ete jedan od najure\u0111enijih sportsko rekreativnih centara u Srbiji. Ovde se nalaze <strong>tereni za mali fudbal, fudbal na peni, tereni za ko\u0161arku, odbojku (na pesku), staze za rolere, skejtbordove, teren za mini golf, teniski tereni, vaterpolo<\/strong>\u2026<\/p>\n<p><img loading=\"lazy\" decoding=\"async\" class=\"aligncenter wp-image-30779 size-full\" src=\"http:\/\/www.serbia.com\/wp-content\/uploads\/2015\/04\/popova-plaza1.jpg\" alt=\"popova plaza1\" width=\"600\" height=\"450\" srcset=\"https:\/\/serbia.com\/wp-content\/uploads\/2015\/04\/popova-plaza1.jpg 600w, https:\/\/serbia.com\/wp-content\/uploads\/2015\/04\/popova-plaza1-300x225.jpg 300w\" sizes=\"auto, (max-width: 600px) 100vw, 600px\" \/><\/p>\n<p>Preko leta na ovom mestu se odr\u017eavaju i mnogobrojni koncerti.<\/p>\n<p>Za poreklo neobi\u010dnog naziva ovog odmarali\u0161ta i kupali\u0161ta, vezane su dve zanimljive legende. Prva je da su se ovde nekada kupali popovi, a druga je da se na ovom mestu udavio jedan pop.<\/p>\n<p>Bilo kako bilo, na Popovoj pla\u017ei \u0107ete se zasigurno zabaviti, odmoriti i u\u017eivati.<\/p>\n<blockquote><p><em>Zalet festival<\/em><\/p>\n<p><em>Festival Zalet, pokrenut je u avgustu 2005. godine i prva je manifestacija na podru\u010dju isto\u010dne Srbije koja multidisciplinarno prezentuje savremenu umetnost i promovi\u0161e alternativnu kulturu. Zalet je nastao iz potrebe da se iniciraju, organizuju i odr\u017eavaju kulturni doga\u0111aji, afirmi\u0161u savremeni umetnici i posreduje u preno\u0161enju kvalitetnih umetni\u010dkih izraza i tendencija.<\/em><\/p><\/blockquote>\n<h4>Kako sti\u0107i do Zaje\u010dara?<\/h4>\n<p>Do Zaje\u010dara se mo\u017ee sti\u0107i autoputem <a title=\"Beograd\" href=\"http:\/\/www.serbia.com\/srpski\/posetite-srbiju\/gradovi\/beograd\/\" target=\"_blank\" rel=\"noopener\">Beograd<\/a>&#8211;<a title=\"Od svitanja do svitanja u Ni\u0161u\" href=\"http:\/\/www.serbia.com\/srpski\/posetite-srbiju\/gradovi\/nis\/\" target=\"_blank\" rel=\"noopener\">Ni\u0161<\/a>, preko odvajanja za Para\u0107in i dalje magistralnim putem Para\u0107in-Zaje\u010dar. Od Ni\u0161a se mo\u017ee do\u0107i putem preko Svrljiga i Knja\u017eevca. Iz Beograda koji od Zaje\u010dara udaljen 250 km, mo\u017ee se sti\u0107i i \u0110erdapskom magistralom preko Kladova i Negotina.<\/p>\n<p>Zaje\u010dar je dobro saobra\u0107ajno povezan, i do njega se mo\u017ee do\u0107i iz vi\u0161e pravaca.<\/p>\n<h4>Kada ste ve\u0107 ovde, ne propustite\u2026<\/h4>\n<p><a href=\"http:\/\/www.serbia.com\/srpski\/posetite-srbiju\/kulturne-atrakcije\/arheoloska-nalazista\/felix-romuliana-dom-poslednjeg-rimskog-boga\/\" target=\"_blank\" rel=\"noopener\"><strong>Felix R<\/strong><strong>o<\/strong><strong>muliana<\/strong><\/a> \u2013 Gamzigrad j\u0435 arh\u0435olo\u0161ko nalazi\u0161t\u0435 blizu Zaj\u0435\u010dara anti\u010dk\u0435 rimsk\u0435 carsk\u0435 palat\u0435 F\u0435liks Romulijan\u0435 koja s\u0435 od 29. juna 2007. nalazi na UNESKO-voj listi sv\u0435tsk\u0435 ba\u0161tin\u0435. Palata izgl\u0435da nikada nij\u0435 dovr\u0161\u0435na, a car\u0435vi 4. v\u0435ka su v\u0435l\u0435l\u0435pni pos\u0435d pr\u0435pustili hri\u0161\u0107anskoj crkvi. Tokom 5. v\u0435ka palata j\u0435 razarana od stran\u0435 varvara, a u 6. v\u0435ku Romulijanu j\u0435 Justinijan I obnovio u vidu pograni\u010dn\u0435 tvr\u0111av\u0435.<\/p>\n<p><strong>Gamzigradska banja<\/strong> \u2013 U ovoj banji nalaze se lepo ure\u0111eni termomineralni izvori, a u blagodetima i lekovitim svojstvima ovih predela mo\u017eete u\u017eivati u savremeno ure\u0111enom banjskom le\u010dili\u0161tu.<\/p>\n","protected":false},"excerpt":{"rendered":"<p>Iako relativno mlad, Zaje\u010dar\u00a0je zahvalju\u0107i prirodi koja ga okru\u017euje, marljivim stanovnicima ali i popularnosti jednog od najve\u0107ih rok festivala u regionu, za kratko vreme postao atraktivna destinacija koju ljubitelji prirode, [&hellip;]<\/p>\n","protected":false},"author":27,"featured_media":31317,"parent":20433,"menu_order":0,"comment_status":"closed","ping_status":"closed","template":"","meta":{"_acf_changed":false,"inline_featured_image":false,"_monsterinsights_skip_tracking":false,"_monsterinsights_sitenote_active":false,"_monsterinsights_sitenote_note":"","_monsterinsights_sitenote_category":0,"footnotes":""},"categories":[1672],"tags":[],"class_list":["post-31595","page","type-page","status-publish","has-post-thumbnail","hentry","category-gradovi"],"acf":[],"yoast_head":"<!-- This site is optimized with the Yoast SEO plugin v27.4 - https:\/\/yoast.com\/product\/yoast-seo-wordpress\/ -->\n<title>Zaje\u010dar, doma\u0107in najstarijeg rok festivala u Srbiji - Serbia.com<\/title>\n<meta name=\"robots\" content=\"index, follow, max-snippet:-1, max-image-preview:large, max-video-preview:-1\" \/>\n<link rel=\"canonical\" href=\"https:\/\/serbia.com\/srpski\/posetite-srbiju\/gradovi\/zajecar-domacin-najstarijeg-rok-festivala-u-srbiji-2\/\" \/>\n<meta property=\"og:locale\" content=\"en_US\" \/>\n<meta property=\"og:type\" content=\"article\" \/>\n<meta property=\"og:title\" content=\"Zaje\u010dar, doma\u0107in najstarijeg rok festivala u Srbiji - Serbia.com\" \/>\n<meta property=\"og:description\" content=\"Iako relativno mlad, Zaje\u010dar\u00a0je zahvalju\u0107i prirodi koja ga okru\u017euje, marljivim stanovnicima ali i popularnosti jednog od najve\u0107ih rok festivala u regionu, za kratko vreme postao atraktivna destinacija koju ljubitelji prirode, [&hellip;]\" \/>\n<meta property=\"og:url\" content=\"https:\/\/serbia.com\/srpski\/posetite-srbiju\/gradovi\/zajecar-domacin-najstarijeg-rok-festivala-u-srbiji-2\/\" \/>\n<meta property=\"og:site_name\" content=\"Serbia.com\" \/>\n<meta property=\"article:modified_time\" content=\"2024-10-20T11:36:10+00:00\" \/>\n<meta property=\"og:image\" content=\"https:\/\/serbia.com\/wp-content\/uploads\/2015\/04\/zaj-panorama1.jpg\" \/>\n\t<meta property=\"og:image:width\" content=\"2045\" \/>\n\t<meta property=\"og:image:height\" content=\"552\" \/>\n\t<meta property=\"og:image:type\" content=\"image\/jpeg\" \/>\n<meta name=\"twitter:label1\" content=\"Est. reading time\" \/>\n\t<meta name=\"twitter:data1\" content=\"4 minutes\" \/>\n<script type=\"application\/ld+json\" class=\"yoast-schema-graph\">{\"@context\":\"https:\\\/\\\/schema.org\",\"@graph\":[{\"@type\":\"WebPage\",\"@id\":\"https:\\\/\\\/serbia.com\\\/srpski\\\/posetite-srbiju\\\/gradovi\\\/zajecar-domacin-najstarijeg-rok-festivala-u-srbiji-2\\\/\",\"url\":\"https:\\\/\\\/serbia.com\\\/srpski\\\/posetite-srbiju\\\/gradovi\\\/zajecar-domacin-najstarijeg-rok-festivala-u-srbiji-2\\\/\",\"name\":\"Zaje\u010dar, doma\u0107in najstarijeg rok festivala u Srbiji - Serbia.com\",\"isPartOf\":{\"@id\":\"https:\\\/\\\/serbia.com\\\/#website\"},\"primaryImageOfPage\":{\"@id\":\"https:\\\/\\\/serbia.com\\\/srpski\\\/posetite-srbiju\\\/gradovi\\\/zajecar-domacin-najstarijeg-rok-festivala-u-srbiji-2\\\/#primaryimage\"},\"image\":{\"@id\":\"https:\\\/\\\/serbia.com\\\/srpski\\\/posetite-srbiju\\\/gradovi\\\/zajecar-domacin-najstarijeg-rok-festivala-u-srbiji-2\\\/#primaryimage\"},\"thumbnailUrl\":\"https:\\\/\\\/serbia.com\\\/wp-content\\\/uploads\\\/2015\\\/04\\\/zaj-panorama1.jpg\",\"datePublished\":\"2015-05-07T14:20:07+00:00\",\"dateModified\":\"2024-10-20T11:36:10+00:00\",\"breadcrumb\":{\"@id\":\"https:\\\/\\\/serbia.com\\\/srpski\\\/posetite-srbiju\\\/gradovi\\\/zajecar-domacin-najstarijeg-rok-festivala-u-srbiji-2\\\/#breadcrumb\"},\"inLanguage\":\"srpski\",\"potentialAction\":[{\"@type\":\"ReadAction\",\"target\":[\"https:\\\/\\\/serbia.com\\\/srpski\\\/posetite-srbiju\\\/gradovi\\\/zajecar-domacin-najstarijeg-rok-festivala-u-srbiji-2\\\/\"]}]},{\"@type\":\"ImageObject\",\"inLanguage\":\"srpski\",\"@id\":\"https:\\\/\\\/serbia.com\\\/srpski\\\/posetite-srbiju\\\/gradovi\\\/zajecar-domacin-najstarijeg-rok-festivala-u-srbiji-2\\\/#primaryimage\",\"url\":\"https:\\\/\\\/serbia.com\\\/wp-content\\\/uploads\\\/2015\\\/04\\\/zaj-panorama1.jpg\",\"contentUrl\":\"https:\\\/\\\/serbia.com\\\/wp-content\\\/uploads\\\/2015\\\/04\\\/zaj-panorama1.jpg\",\"width\":2045,\"height\":552},{\"@type\":\"BreadcrumbList\",\"@id\":\"https:\\\/\\\/serbia.com\\\/srpski\\\/posetite-srbiju\\\/gradovi\\\/zajecar-domacin-najstarijeg-rok-festivala-u-srbiji-2\\\/#breadcrumb\",\"itemListElement\":[{\"@type\":\"ListItem\",\"position\":1,\"name\":\"Home\",\"item\":\"https:\\\/\\\/serbia.com\\\/srpski\\\/\"},{\"@type\":\"ListItem\",\"position\":2,\"name\":\"Poseti Srbiju\",\"item\":\"https:\\\/\\\/serbia.com\\\/srpski\\\/posetite-srbiju\\\/\"},{\"@type\":\"ListItem\",\"position\":3,\"name\":\"Gradovi\",\"item\":\"https:\\\/\\\/serbia.com\\\/srpski\\\/posetite-srbiju\\\/gradovi\\\/\"},{\"@type\":\"ListItem\",\"position\":4,\"name\":\"Zaje\u010dar, doma\u0107in najstarijeg rok festivala u Srbiji\"}]},{\"@type\":\"WebSite\",\"@id\":\"https:\\\/\\\/serbia.com\\\/#website\",\"url\":\"https:\\\/\\\/serbia.com\\\/\",\"name\":\"Serbia.com\",\"description\":\"Your Gateway to Serbia\",\"potentialAction\":[{\"@type\":\"SearchAction\",\"target\":{\"@type\":\"EntryPoint\",\"urlTemplate\":\"https:\\\/\\\/serbia.com\\\/?s={search_term_string}\"},\"query-input\":{\"@type\":\"PropertyValueSpecification\",\"valueRequired\":true,\"valueName\":\"search_term_string\"}}],\"inLanguage\":\"srpski\"}]}<\/script>\n<!-- \/ Yoast SEO plugin. -->","yoast_head_json":{"title":"Zaje\u010dar, doma\u0107in najstarijeg rok festivala u Srbiji - Serbia.com","robots":{"index":"index","follow":"follow","max-snippet":"max-snippet:-1","max-image-preview":"max-image-preview:large","max-video-preview":"max-video-preview:-1"},"canonical":"https:\/\/serbia.com\/srpski\/posetite-srbiju\/gradovi\/zajecar-domacin-najstarijeg-rok-festivala-u-srbiji-2\/","og_locale":"en_US","og_type":"article","og_title":"Zaje\u010dar, doma\u0107in najstarijeg rok festivala u Srbiji - Serbia.com","og_description":"Iako relativno mlad, Zaje\u010dar\u00a0je zahvalju\u0107i prirodi koja ga okru\u017euje, marljivim stanovnicima ali i popularnosti jednog od najve\u0107ih rok festivala u regionu, za kratko vreme postao atraktivna destinacija koju ljubitelji prirode, [&hellip;]","og_url":"https:\/\/serbia.com\/srpski\/posetite-srbiju\/gradovi\/zajecar-domacin-najstarijeg-rok-festivala-u-srbiji-2\/","og_site_name":"Serbia.com","article_modified_time":"2024-10-20T11:36:10+00:00","og_image":[{"width":2045,"height":552,"url":"https:\/\/serbia.com\/wp-content\/uploads\/2015\/04\/zaj-panorama1.jpg","type":"image\/jpeg"}],"twitter_misc":{"Est. reading time":"4 minutes"},"schema":{"@context":"https:\/\/schema.org","@graph":[{"@type":"WebPage","@id":"https:\/\/serbia.com\/srpski\/posetite-srbiju\/gradovi\/zajecar-domacin-najstarijeg-rok-festivala-u-srbiji-2\/","url":"https:\/\/serbia.com\/srpski\/posetite-srbiju\/gradovi\/zajecar-domacin-najstarijeg-rok-festivala-u-srbiji-2\/","name":"Zaje\u010dar, doma\u0107in najstarijeg rok festivala u Srbiji - Serbia.com","isPartOf":{"@id":"https:\/\/serbia.com\/#website"},"primaryImageOfPage":{"@id":"https:\/\/serbia.com\/srpski\/posetite-srbiju\/gradovi\/zajecar-domacin-najstarijeg-rok-festivala-u-srbiji-2\/#primaryimage"},"image":{"@id":"https:\/\/serbia.com\/srpski\/posetite-srbiju\/gradovi\/zajecar-domacin-najstarijeg-rok-festivala-u-srbiji-2\/#primaryimage"},"thumbnailUrl":"https:\/\/serbia.com\/wp-content\/uploads\/2015\/04\/zaj-panorama1.jpg","datePublished":"2015-05-07T14:20:07+00:00","dateModified":"2024-10-20T11:36:10+00:00","breadcrumb":{"@id":"https:\/\/serbia.com\/srpski\/posetite-srbiju\/gradovi\/zajecar-domacin-najstarijeg-rok-festivala-u-srbiji-2\/#breadcrumb"},"inLanguage":"srpski","potentialAction":[{"@type":"ReadAction","target":["https:\/\/serbia.com\/srpski\/posetite-srbiju\/gradovi\/zajecar-domacin-najstarijeg-rok-festivala-u-srbiji-2\/"]}]},{"@type":"ImageObject","inLanguage":"srpski","@id":"https:\/\/serbia.com\/srpski\/posetite-srbiju\/gradovi\/zajecar-domacin-najstarijeg-rok-festivala-u-srbiji-2\/#primaryimage","url":"https:\/\/serbia.com\/wp-content\/uploads\/2015\/04\/zaj-panorama1.jpg","contentUrl":"https:\/\/serbia.com\/wp-content\/uploads\/2015\/04\/zaj-panorama1.jpg","width":2045,"height":552},{"@type":"BreadcrumbList","@id":"https:\/\/serbia.com\/srpski\/posetite-srbiju\/gradovi\/zajecar-domacin-najstarijeg-rok-festivala-u-srbiji-2\/#breadcrumb","itemListElement":[{"@type":"ListItem","position":1,"name":"Home","item":"https:\/\/serbia.com\/srpski\/"},{"@type":"ListItem","position":2,"name":"Poseti Srbiju","item":"https:\/\/serbia.com\/srpski\/posetite-srbiju\/"},{"@type":"ListItem","position":3,"name":"Gradovi","item":"https:\/\/serbia.com\/srpski\/posetite-srbiju\/gradovi\/"},{"@type":"ListItem","position":4,"name":"Zaje\u010dar, doma\u0107in najstarijeg rok festivala u Srbiji"}]},{"@type":"WebSite","@id":"https:\/\/serbia.com\/#website","url":"https:\/\/serbia.com\/","name":"Serbia.com","description":"Your Gateway to Serbia","potentialAction":[{"@type":"SearchAction","target":{"@type":"EntryPoint","urlTemplate":"https:\/\/serbia.com\/?s={search_term_string}"},"query-input":{"@type":"PropertyValueSpecification","valueRequired":true,"valueName":"search_term_string"}}],"inLanguage":"srpski"}]}},"brizy_media":[],"_links":{"self":[{"href":"https:\/\/serbia.com\/srpski\/wp-json\/wp\/v2\/pages\/31595","targetHints":{"allow":["GET"]}}],"collection":[{"href":"https:\/\/serbia.com\/srpski\/wp-json\/wp\/v2\/pages"}],"about":[{"href":"https:\/\/serbia.com\/srpski\/wp-json\/wp\/v2\/types\/page"}],"author":[{"embeddable":true,"href":"https:\/\/serbia.com\/srpski\/wp-json\/wp\/v2\/users\/27"}],"replies":[{"embeddable":true,"href":"https:\/\/serbia.com\/srpski\/wp-json\/wp\/v2\/comments?post=31595"}],"version-history":[{"count":1,"href":"https:\/\/serbia.com\/srpski\/wp-json\/wp\/v2\/pages\/31595\/revisions"}],"predecessor-version":[{"id":55678,"href":"https:\/\/serbia.com\/srpski\/wp-json\/wp\/v2\/pages\/31595\/revisions\/55678"}],"up":[{"embeddable":true,"href":"https:\/\/serbia.com\/srpski\/wp-json\/wp\/v2\/pages\/20433"}],"wp:featuredmedia":[{"embeddable":true,"href":"https:\/\/serbia.com\/srpski\/wp-json\/wp\/v2\/media\/31317"}],"wp:attachment":[{"href":"https:\/\/serbia.com\/srpski\/wp-json\/wp\/v2\/media?parent=31595"}],"wp:term":[{"taxonomy":"category","embeddable":true,"href":"https:\/\/serbia.com\/srpski\/wp-json\/wp\/v2\/categories?post=31595"},{"taxonomy":"post_tag","embeddable":true,"href":"https:\/\/serbia.com\/srpski\/wp-json\/wp\/v2\/tags?post=31595"}],"curies":[{"name":"wp","href":"https:\/\/api.w.org\/{rel}","templated":true}]}}