{"id":31591,"date":"2015-05-07T15:40:23","date_gmt":"2015-05-07T13:40:23","guid":{"rendered":"http:\/\/www.serbia.com\/?page_id=31591"},"modified":"2024-10-20T13:36:51","modified_gmt":"2024-10-20T11:36:51","slug":"cacak-grad-u-pokretu","status":"publish","type":"page","link":"https:\/\/serbia.com\/srpski\/posetite-srbiju\/gradovi\/cacak-grad-u-pokretu\/","title":{"rendered":"\u010ca\u010dak, grad u pokretu"},"content":{"rendered":"<h4>\u010ca\u010dak se nalazi u neposrednoj blizini nekoliko planina i Ov\u010darsko-Kablarske klisure sa jedanaest manastira iz raznih epoha, a na manje od 20 kilometara od centra ovog grada postoje i tri banje.<\/h4>\n<p>Mo\u017eda su re\u010di popularne pesme koje su \u010ca\u010dak\u00a0nazvale <strong>\u201c\u0161umadijskim rokenrolom\u201d<\/strong> najbolje opisale ovaj grad u samom srcu Srbije. Verovatno da ne postoji mesto u ovoj zemlji koje ima toliko gurmanskih \u201c\u2013jada\u201d ni toliko prilika da se poseti \u2013 <strong>\u201cPitijadu\u201d<\/strong>, <strong>\u201dKupusijadu\u201d<\/strong>, <strong>\u201dZlatni kotli\u0107\u201d<\/strong>, <strong>\u201dDisovo prole\u0107e\u201d<\/strong>, \u201d<strong>Ov\u010darsko-Kablarska regatu\u201d<\/strong>\u2026<\/p>\n<p>I kao i pravi, dobri rokenrol, i \u010ca\u010dak stalno vri, uvek \u017eiv i uvek u pokretu, sa ritmom koji brzo zarazi sve koji u njega do\u0111u.<\/p>\n<p>\u010ca\u010dani su izgleda oduvek bili temperamentni ljudi koji slobodu i svoj mir cene vi\u0161e od svega. Zbog toga, kroz svoju burnu istoriju, \u010ca\u010dak nikada nije trpeo osvaja\u010de, a i oni koji bi ga nekako zauzimali, u njemu nisu dugo opstajali.<\/p>\n<figure id=\"attachment_31417\" aria-describedby=\"caption-attachment-31417\" style=\"width: 300px\" class=\"wp-caption alignleft\"><img loading=\"lazy\" decoding=\"async\" class=\"wp-image-31417 size-medium\" src=\"http:\/\/www.serbia.com\/wp-content\/uploads\/2015\/04\/Stepa-300x225.jpg\" alt=\"Stepa\" width=\"300\" height=\"225\" srcset=\"https:\/\/serbia.com\/wp-content\/uploads\/2015\/04\/Stepa-300x225.jpg 300w, https:\/\/serbia.com\/wp-content\/uploads\/2015\/04\/Stepa.jpg 640w\" sizes=\"(max-width: 300px) 100vw, 300px\" \/><figcaption id=\"caption-attachment-31417\" class=\"wp-caption-text\">Spomenik vojvodi Stepi Stepanovi\u0107u<\/figcaption><\/figure>\n<p>Ovde su izbijale bune i vodile se duge bitke, a grad je uvek ostajao onima kojima po pravu i pripada \u2013 njegovim \u017eiteljima. Neki od njih kasnije su postali \u010duvene vojskovo\u0111e: <strong>Jovan Kursula<\/strong>, <strong>Tanasko Raji\u0107<\/strong>, <a title=\"Srpske vojvode iz Prvog svetskog rata\" href=\"http:\/\/www.serbia.com\/srpski\/srpske-vojvode-iz-prvog-svetskog-rata\/\"><strong>Vojvoda Stepa Stepanovi\u0107<\/strong><\/a>\u2026<\/p>\n<p>Od spomenika ovog poslednjeg u centru \u010ca\u010dka, pa do ku\u0107e u kojoj je \u017eiveo, danas vodi put sa postavljenim plo\u010dama sa godinama bitaka u kojima je u\u010destvovao.<\/p>\n<p>Temperamentni kakvi jesu, \u010ca\u010dani su i veliki gurmani i odli\u010dni doma\u0107ini. Di\u010de se lepotom svog kraja, mirom <a title=\"Morava, kolevka srpske dr\u017eave\" href=\"http:\/\/www.serbia.com\/srpski\/posetite-srbiju\/prirodne-lepote\/reke-i-jezera\/morava-kolevka-srpske-drzave\/\" target=\"_blank\" rel=\"noopener\">Zapadne Morave<\/a> koja kroz njega proti\u010de, planinama koje se sa oboda blago spu\u0161taju prema gradu\u2026<\/p>\n<p>Na obli\u017enjim planinama \u2013 <strong>Ov\u010daru i Kablaru<\/strong>, ni u najtoplije dane leta nije vru\u0107e, tamo\u0161nja priroda je predivna, a odande se na istoimenu kotlinu pru\u017ea zapanjuju\u0107i pogled. Retko je gde na tako ograni\u010denom prostoru kao \u0161to je <strong><a href=\"http:\/\/www.serbia.com\/srpski\/ovcarsko-kablarska-klisura-srpska-sveta-gora\/\">Ov\u010darsko-Kablarska klisura<\/a><\/strong> izgra\u0111eno toliko manastira. Sada ih ima jedanaest, iako je u pro\u0161losti njihov broj verovatno bio i ve\u0107i.<\/p>\n<p>Iako je ovaj prostor bio naseljen jo\u0161 od davnina, o \u010demu govore i ostaci nepoznatog tribalskog kneza i kneginje prona\u0111eni u naselju<strong> Atenica kod \u010ca\u010dka<\/strong>, prvo pominjanje grada pod ovim imenom u istoriji je bilo 1408. godine u spisu iz dubrova\u010dkog arhiva.<\/p>\n<p>Ovaj datum nalazi se i na grbu dana\u0161njeg \u010ca\u010dka koji je u me\u0111uvremenu postao moderni, gusto naseljeni grad koji svima koji ga posete ima mnogo toga da ponudi.<\/p>\n<p>Osim divne prirode, \u010ca\u010dak je i grad bogate kulturne zaostav\u0161tine. Malo je koji grad u Srbiji uspeo da o\u010duva originalnu arhitekturu u starom delu grada. \u010ca\u010danima je to po\u0161lo za rukom \u2013 ovde jo\u0161 uvek ima zgrada i ku\u0107a koje slave barok, klasicizam, neorenesansu\u2026<\/p>\n<p>Izme\u0111u njih, na ulicama grada, mnogobrojni spomenici podse\u0107aju na slavne \u010ca\u010dane iz raznih epoha, a u samom centru grada istra\u017eene su i <strong>terme \u2013 ostatak rimskog carstva na ovim prostorima za koje se pretpostavlja da poti\u010du iz IV veka.<\/strong><\/p>\n<p>Za sve koji se umore od obilaska ili samo \u017eele da se odmore od svakodnevnih briga i \u017eivota u gradu, na manje od 20 kilometara od centra \u010ca\u010dka, nalaze se \u010dak tri banje \u2013 <strong>Gornja Trep\u010da<\/strong>, <strong>Ov\u010dar banja<\/strong> i <strong>Slatinska banja<\/strong>. Lekovitost njihovih voda, blagorodnost tamo\u0161nje prirode i gostoprimstvo lokalnog stanovni\u0161tva, ve\u0107 je postala legendarna.<\/p>\n<h4>Gde se nalazi \u010ca\u010dak i kako do njega do\u0107i?<\/h4>\n<p>Kroz \u010ca\u010dak prolazi magistralni put <a title=\"Beograd\" href=\"http:\/\/www.serbia.com\/srpski\/posetite-srbiju\/gradovi\/beograd\/\" target=\"_blank\" rel=\"noopener\">Beograd<\/a>-\u010ca\u010dak-<a href=\"http:\/\/www.serbia.com\/srpski\/24-sata-u-uzicu\/\" target=\"_blank\" rel=\"noopener\">U\u017eice<\/a>&#8211;<a title=\"Zlatibor, ukras na 1.000 metara visine\" href=\"http:\/\/www.serbia.com\/srpski\/posetite-srbiju\/prirodne-lepote\/planine\/zlatibor-ukras-na-1-000-metara-visine\/\" target=\"_blank\" rel=\"noopener\">Zlatibor<\/a>-Crna Gora.<\/p>\n<p>U \u010ca\u010dak mo\u017eete sti\u0107i i vozom iz pravca <a title=\"Kraljevo, grad sedam kraljeva\" href=\"http:\/\/www.serbia.com\/srpski\/posetite-srbiju\/gradovi\/kraljevo-grad-sedam-kraljeva\/\" target=\"_blank\" rel=\"noopener\">Kraljeva<\/a>, jer kroz njega prolazi \u017eelezni\u010dka pruga <a href=\"http:\/\/www.serbia.com\/srpski\/pozega-grad-sa-jednim-od-najneobicnijih-trgova-u-evropi\/\" target=\"_blank\" rel=\"noopener\">Po\u017eega<\/a>-Stala\u0107.<\/p>\n<p>Sa autobuske stanice u Beogradu, ali i iz drugih ve\u0107ih gradova Srbije, vrlo \u010desto kre\u0107u autobusi ka \u010ca\u010dku.<\/p>\n<h4>Kada ste ve\u0107 ovde, ne propustite\u2026<\/h4>\n<p><strong>Hram vaznesenja Hristovog (Bogorodica Grada\u010dka)<\/strong>, koji se nalazi u samom centru \u010ca\u010dka, a poti\u010de iz 12. veka.<\/p>\n<p>Najstariji objekat u \u010ca\u010dku, <strong>konak gospodar Jovana Obrenovi\u0107a<\/strong>.<\/p>\n<p>U prvoj polovini avgusta, posetite <a title=\"Gu\u010da, festival trube i dobrog provoda\" href=\"http:\/\/www.serbia.com\/srpski\/posetite-srbiju\/kulturne-atrakcije\/festivali-i-manifestacije\/guca-festival-trube-i-dobrog-provoda\/\" target=\"_blank\" rel=\"noopener\"><strong>Sabor truba\u010da u Gu\u010di<\/strong><\/a> koja se nalazi na kru\u017enom putu oko \u010ca\u010dka gde \u0107ete videti skretanje za Gu\u010du, a potrebno je da pre\u0111ete 20 km.<\/p>\n<p>Na 55 km udaljenosti od \u010ca\u010dka, nalazi se <a title=\"Zlatibor, ukras na 1.000 metara visine\" href=\"http:\/\/www.serbia.com\/srpski\/posetite-srbiju\/prirodne-lepote\/planine\/zlatibor-ukras-na-1-000-metara-visine\/\" target=\"_blank\" rel=\"noopener\">Zlatibor<\/a>, jedna od najlep\u0161ih planina Srbije sa mnogobrojnim turisti\u010dkim atrakcijama. Ako se zaputite tamo, putem koji prolazi kroz divne predele, obavezno posetite <a title=\"\u010carobno selo Drvengrad\" href=\"http:\/\/www.serbia.com\/srpski\/posetite-srbiju\/prirodne-lepote\/etno-sela\/carobno-selo-drvengrad\/\" target=\"_blank\" rel=\"noopener\">Drvengrad<\/a>, <a title=\"Etno sela\" href=\"http:\/\/www.serbia.com\/srpski\/posetite-srbiju\/prirodne-lepote\/etno-sela\/\" target=\"_blank\" rel=\"noopener\">etno selo<\/a> koje je osmislio poznati filmski reditelj <a title=\"Emir Kusturica, umetnik, graditelj i antiglobalista\" href=\"http:\/\/www.serbia.com\/srpski\/emir-kusturica-umetnik-graditelj-i-antiglobalista-2\/\">Emir Kusturica<\/a>.<\/p>\n<p>Na putu od \u010ca\u010dka do U\u017eica svratite u specifi\u010dno etno selo nazvano\u00a0<a title=\"Terzi\u0107a avlija, etno muzej na otvorenom\" href=\"http:\/\/www.serbia.com\/srpski\/posetite-srbiju\/prirodne-lepote\/etno-sela\/terzica-avlija-etno-muzej-na-otvorenom\/\" target=\"_blank\" rel=\"noopener\"><strong>Terzi\u0107a avlija<\/strong><\/a>.<\/p>\n<p>Foto: MOMAR032\/Wikimedia commons<\/p>\n","protected":false},"excerpt":{"rendered":"<p>\u010ca\u010dak se nalazi u neposrednoj blizini nekoliko planina i Ov\u010darsko-Kablarske klisure sa jedanaest manastira iz raznih epoha, a na manje od 20 kilometara od centra ovog grada postoje i tri [&hellip;]<\/p>\n","protected":false},"author":27,"featured_media":31287,"parent":20433,"menu_order":0,"comment_status":"closed","ping_status":"closed","template":"","meta":{"_acf_changed":false,"inline_featured_image":false,"_monsterinsights_skip_tracking":false,"_monsterinsights_sitenote_active":false,"_monsterinsights_sitenote_note":"","_monsterinsights_sitenote_category":0,"footnotes":""},"categories":[1672],"tags":[],"class_list":["post-31591","page","type-page","status-publish","has-post-thumbnail","hentry","category-gradovi"],"acf":[],"yoast_head":"<!-- This site is optimized with the Yoast SEO plugin v23.8 - https:\/\/yoast.com\/wordpress\/plugins\/seo\/ -->\n<title>\u010ca\u010dak, grad u pokretu - Serbia.com<\/title>\n<meta name=\"robots\" content=\"index, follow, max-snippet:-1, max-image-preview:large, max-video-preview:-1\" \/>\n<link rel=\"canonical\" href=\"https:\/\/serbia.com\/srpski\/posetite-srbiju\/gradovi\/cacak-grad-u-pokretu\/\" \/>\n<meta property=\"og:locale\" content=\"en_US\" \/>\n<meta property=\"og:type\" content=\"article\" \/>\n<meta property=\"og:title\" content=\"\u010ca\u010dak, grad u pokretu - Serbia.com\" \/>\n<meta property=\"og:description\" content=\"\u010ca\u010dak se nalazi u neposrednoj blizini nekoliko planina i Ov\u010darsko-Kablarske klisure sa jedanaest manastira iz raznih epoha, a na manje od 20 kilometara od centra ovog grada postoje i tri [&hellip;]\" \/>\n<meta property=\"og:url\" content=\"https:\/\/serbia.com\/srpski\/posetite-srbiju\/gradovi\/cacak-grad-u-pokretu\/\" \/>\n<meta property=\"og:site_name\" content=\"Serbia.com\" \/>\n<meta property=\"article:modified_time\" content=\"2024-10-20T11:36:51+00:00\" \/>\n<meta property=\"og:image\" content=\"https:\/\/serbia.com\/wp-content\/uploads\/2015\/04\/cacak.jpg\" \/>\n\t<meta property=\"og:image:width\" content=\"1600\" \/>\n\t<meta property=\"og:image:height\" content=\"579\" \/>\n\t<meta property=\"og:image:type\" content=\"image\/jpeg\" \/>\n<meta name=\"twitter:label1\" content=\"Est. reading time\" \/>\n\t<meta name=\"twitter:data1\" content=\"4 minutes\" \/>\n<script type=\"application\/ld+json\" class=\"yoast-schema-graph\">{\"@context\":\"https:\/\/schema.org\",\"@graph\":[{\"@type\":\"WebPage\",\"@id\":\"https:\/\/serbia.com\/srpski\/posetite-srbiju\/gradovi\/cacak-grad-u-pokretu\/\",\"url\":\"https:\/\/serbia.com\/srpski\/posetite-srbiju\/gradovi\/cacak-grad-u-pokretu\/\",\"name\":\"\u010ca\u010dak, grad u pokretu - Serbia.com\",\"isPartOf\":{\"@id\":\"https:\/\/serbia.com\/#website\"},\"primaryImageOfPage\":{\"@id\":\"https:\/\/serbia.com\/srpski\/posetite-srbiju\/gradovi\/cacak-grad-u-pokretu\/#primaryimage\"},\"image\":{\"@id\":\"https:\/\/serbia.com\/srpski\/posetite-srbiju\/gradovi\/cacak-grad-u-pokretu\/#primaryimage\"},\"thumbnailUrl\":\"https:\/\/serbia.com\/wp-content\/uploads\/2015\/04\/cacak.jpg\",\"datePublished\":\"2015-05-07T13:40:23+00:00\",\"dateModified\":\"2024-10-20T11:36:51+00:00\",\"breadcrumb\":{\"@id\":\"https:\/\/serbia.com\/srpski\/posetite-srbiju\/gradovi\/cacak-grad-u-pokretu\/#breadcrumb\"},\"inLanguage\":\"srpski\",\"potentialAction\":[{\"@type\":\"ReadAction\",\"target\":[\"https:\/\/serbia.com\/srpski\/posetite-srbiju\/gradovi\/cacak-grad-u-pokretu\/\"]}]},{\"@type\":\"ImageObject\",\"inLanguage\":\"srpski\",\"@id\":\"https:\/\/serbia.com\/srpski\/posetite-srbiju\/gradovi\/cacak-grad-u-pokretu\/#primaryimage\",\"url\":\"https:\/\/serbia.com\/wp-content\/uploads\/2015\/04\/cacak.jpg\",\"contentUrl\":\"https:\/\/serbia.com\/wp-content\/uploads\/2015\/04\/cacak.jpg\",\"width\":1600,\"height\":579},{\"@type\":\"BreadcrumbList\",\"@id\":\"https:\/\/serbia.com\/srpski\/posetite-srbiju\/gradovi\/cacak-grad-u-pokretu\/#breadcrumb\",\"itemListElement\":[{\"@type\":\"ListItem\",\"position\":1,\"name\":\"Home\",\"item\":\"https:\/\/serbia.com\/srpski\/\"},{\"@type\":\"ListItem\",\"position\":2,\"name\":\"Poseti Srbiju\",\"item\":\"https:\/\/serbia.com\/srpski\/posetite-srbiju\/\"},{\"@type\":\"ListItem\",\"position\":3,\"name\":\"Gradovi\",\"item\":\"https:\/\/serbia.com\/srpski\/posetite-srbiju\/gradovi\/\"},{\"@type\":\"ListItem\",\"position\":4,\"name\":\"\u010ca\u010dak, grad u pokretu\"}]},{\"@type\":\"WebSite\",\"@id\":\"https:\/\/serbia.com\/#website\",\"url\":\"https:\/\/serbia.com\/\",\"name\":\"Serbia.com\",\"description\":\"Your Gateway to Serbia\",\"potentialAction\":[{\"@type\":\"SearchAction\",\"target\":{\"@type\":\"EntryPoint\",\"urlTemplate\":\"https:\/\/serbia.com\/?s={search_term_string}\"},\"query-input\":{\"@type\":\"PropertyValueSpecification\",\"valueRequired\":true,\"valueName\":\"search_term_string\"}}],\"inLanguage\":\"srpski\"}]}<\/script>\n<!-- \/ Yoast SEO plugin. -->","yoast_head_json":{"title":"\u010ca\u010dak, grad u pokretu - Serbia.com","robots":{"index":"index","follow":"follow","max-snippet":"max-snippet:-1","max-image-preview":"max-image-preview:large","max-video-preview":"max-video-preview:-1"},"canonical":"https:\/\/serbia.com\/srpski\/posetite-srbiju\/gradovi\/cacak-grad-u-pokretu\/","og_locale":"en_US","og_type":"article","og_title":"\u010ca\u010dak, grad u pokretu - Serbia.com","og_description":"\u010ca\u010dak se nalazi u neposrednoj blizini nekoliko planina i Ov\u010darsko-Kablarske klisure sa jedanaest manastira iz raznih epoha, a na manje od 20 kilometara od centra ovog grada postoje i tri [&hellip;]","og_url":"https:\/\/serbia.com\/srpski\/posetite-srbiju\/gradovi\/cacak-grad-u-pokretu\/","og_site_name":"Serbia.com","article_modified_time":"2024-10-20T11:36:51+00:00","og_image":[{"width":1600,"height":579,"url":"https:\/\/serbia.com\/wp-content\/uploads\/2015\/04\/cacak.jpg","type":"image\/jpeg"}],"twitter_misc":{"Est. reading time":"4 minutes"},"schema":{"@context":"https:\/\/schema.org","@graph":[{"@type":"WebPage","@id":"https:\/\/serbia.com\/srpski\/posetite-srbiju\/gradovi\/cacak-grad-u-pokretu\/","url":"https:\/\/serbia.com\/srpski\/posetite-srbiju\/gradovi\/cacak-grad-u-pokretu\/","name":"\u010ca\u010dak, grad u pokretu - Serbia.com","isPartOf":{"@id":"https:\/\/serbia.com\/#website"},"primaryImageOfPage":{"@id":"https:\/\/serbia.com\/srpski\/posetite-srbiju\/gradovi\/cacak-grad-u-pokretu\/#primaryimage"},"image":{"@id":"https:\/\/serbia.com\/srpski\/posetite-srbiju\/gradovi\/cacak-grad-u-pokretu\/#primaryimage"},"thumbnailUrl":"https:\/\/serbia.com\/wp-content\/uploads\/2015\/04\/cacak.jpg","datePublished":"2015-05-07T13:40:23+00:00","dateModified":"2024-10-20T11:36:51+00:00","breadcrumb":{"@id":"https:\/\/serbia.com\/srpski\/posetite-srbiju\/gradovi\/cacak-grad-u-pokretu\/#breadcrumb"},"inLanguage":"srpski","potentialAction":[{"@type":"ReadAction","target":["https:\/\/serbia.com\/srpski\/posetite-srbiju\/gradovi\/cacak-grad-u-pokretu\/"]}]},{"@type":"ImageObject","inLanguage":"srpski","@id":"https:\/\/serbia.com\/srpski\/posetite-srbiju\/gradovi\/cacak-grad-u-pokretu\/#primaryimage","url":"https:\/\/serbia.com\/wp-content\/uploads\/2015\/04\/cacak.jpg","contentUrl":"https:\/\/serbia.com\/wp-content\/uploads\/2015\/04\/cacak.jpg","width":1600,"height":579},{"@type":"BreadcrumbList","@id":"https:\/\/serbia.com\/srpski\/posetite-srbiju\/gradovi\/cacak-grad-u-pokretu\/#breadcrumb","itemListElement":[{"@type":"ListItem","position":1,"name":"Home","item":"https:\/\/serbia.com\/srpski\/"},{"@type":"ListItem","position":2,"name":"Poseti Srbiju","item":"https:\/\/serbia.com\/srpski\/posetite-srbiju\/"},{"@type":"ListItem","position":3,"name":"Gradovi","item":"https:\/\/serbia.com\/srpski\/posetite-srbiju\/gradovi\/"},{"@type":"ListItem","position":4,"name":"\u010ca\u010dak, grad u pokretu"}]},{"@type":"WebSite","@id":"https:\/\/serbia.com\/#website","url":"https:\/\/serbia.com\/","name":"Serbia.com","description":"Your Gateway to Serbia","potentialAction":[{"@type":"SearchAction","target":{"@type":"EntryPoint","urlTemplate":"https:\/\/serbia.com\/?s={search_term_string}"},"query-input":{"@type":"PropertyValueSpecification","valueRequired":true,"valueName":"search_term_string"}}],"inLanguage":"srpski"}]}},"_links":{"self":[{"href":"https:\/\/serbia.com\/srpski\/wp-json\/wp\/v2\/pages\/31591"}],"collection":[{"href":"https:\/\/serbia.com\/srpski\/wp-json\/wp\/v2\/pages"}],"about":[{"href":"https:\/\/serbia.com\/srpski\/wp-json\/wp\/v2\/types\/page"}],"author":[{"embeddable":true,"href":"https:\/\/serbia.com\/srpski\/wp-json\/wp\/v2\/users\/27"}],"replies":[{"embeddable":true,"href":"https:\/\/serbia.com\/srpski\/wp-json\/wp\/v2\/comments?post=31591"}],"version-history":[{"count":1,"href":"https:\/\/serbia.com\/srpski\/wp-json\/wp\/v2\/pages\/31591\/revisions"}],"predecessor-version":[{"id":55679,"href":"https:\/\/serbia.com\/srpski\/wp-json\/wp\/v2\/pages\/31591\/revisions\/55679"}],"up":[{"embeddable":true,"href":"https:\/\/serbia.com\/srpski\/wp-json\/wp\/v2\/pages\/20433"}],"wp:featuredmedia":[{"embeddable":true,"href":"https:\/\/serbia.com\/srpski\/wp-json\/wp\/v2\/media\/31287"}],"wp:attachment":[{"href":"https:\/\/serbia.com\/srpski\/wp-json\/wp\/v2\/media?parent=31591"}],"wp:term":[{"taxonomy":"category","embeddable":true,"href":"https:\/\/serbia.com\/srpski\/wp-json\/wp\/v2\/categories?post=31591"},{"taxonomy":"post_tag","embeddable":true,"href":"https:\/\/serbia.com\/srpski\/wp-json\/wp\/v2\/tags?post=31591"}],"curies":[{"name":"wp","href":"https:\/\/api.w.org\/{rel}","templated":true}]}}