{"id":31587,"date":"2015-05-07T15:04:23","date_gmt":"2015-05-07T13:04:23","guid":{"rendered":"http:\/\/www.serbia.com\/?page_id=31587"},"modified":"2024-10-20T13:37:22","modified_gmt":"2024-10-20T11:37:22","slug":"kraljevo-grad-sedam-kraljeva","status":"publish","type":"page","link":"https:\/\/serbia.com\/srpski\/posetite-srbiju\/gradovi\/kraljevo-grad-sedam-kraljeva\/","title":{"rendered":"Kraljevo, grad sedam kraljeva"},"content":{"rendered":"<h4>Kraljevo je grad u kome je krunisano sedam srpskih srednjevekovnih kraljeva, a danas gradom i dolinom Ibra ide \u201cVeseli spust\u201d, manifestacija na kojoj se ovom rekom mo\u017eete spu\u0161tati plovilom koje sami napravite.<\/h4>\n<p>Grad na tri reke, u blizini pet planina i dve banje, Kraljevo je poznato i kao <strong>\u201csrce \u0160umadije\u201d<\/strong>. Grad ime duguje kraljevima iz svoje slavne istorije \u2013 njih sedam je krunisano u<strong> <a href=\"http:\/\/www.serbia.com\/srpski\/manastir-zica-pet-dobrih-razloga-zbog-kojih-je-treba-posetiti\/\" target=\"_blank\" rel=\"noopener\">manastiru \u017di\u010da<\/a><\/strong>, a tragovi njihove vladavine ovim prostorima vidljivi su i danas. Zbog toga je Kraljevo nekako uvek bilo <strong>\u201ckraljevski grad\u201d<\/strong>.<\/p>\n<p>I sam krajolik ovog mesta kao da je isko\u010dio iz nekog romana o vitezovima, princezama i stra\u0161nim a\u017edajama \u2013 na samo 180 kilometara od <a title=\"Beograd\" href=\"http:\/\/www.serbia.com\/srpski\/posetite-srbiju\/gradovi\/beograd\/\" target=\"_blank\" rel=\"noopener\">Beograda<\/a>, u srcu Srbije, putnici namernici idu <a title=\"Dolina jorgovana: Dokaz ljubavi\" href=\"http:\/\/www.serbia.com\/srpski\/posetite-srbiju\/prirodne-lepote\/jedinstvena-priroda\/dolina-jorgovana-dokaz-ljubavi\/\" target=\"_blank\" rel=\"noopener\">dolinom Jorgovana<\/a> iznad koje se uzdi\u017ee misteriozni srednjovekovni <strong>grad Magli\u010d<\/strong>.<\/p>\n<p>Da sve ne bi bilo tako mra\u010dno i misti\u010dno, svakog jula, Ibrom pro\u0111e jedan potpuno razdragan i originalan <strong>\u201cVeseli spust\u201d<\/strong>.<\/p>\n<p>I sve je u Kraljevu \u2026 ba\u0161 onako \u2026 \u201ckraljevski\u201d!<\/p>\n<p>Svako ko je video grb Kraljeva zna da se na njemu nalazi sedam kruna koje simbolizuju sedam krunisanja srednjovekovnih vladara u kraljeva\u010dkom manastiru \u017di\u010da.<\/p>\n<p>I kako ovaj kraj vrvi od pri\u010da i legendi, jedna od njih govodi upravo o \u201csedmovratoj\u201d \u017di\u010di u kojoj su za svakog vladara otvarana nova vrata kroz koja je samo on prolazio, pa bi ona bila odmah zazidana. Bila ovo legenda ili ne tek, na \u017di\u010di i danas stoji sedam zatvorenih vratnica koje mame posetioce da do\u0111u i \u010duju pri\u010du o ovom mestu.<\/p>\n<p><img loading=\"lazy\" decoding=\"async\" class=\"alignleft size-medium wp-image-31454\" src=\"http:\/\/www.serbia.com\/wp-content\/uploads\/2015\/04\/kv21-264x300.jpg\" alt=\"kv2\" width=\"264\" height=\"300\" srcset=\"https:\/\/serbia.com\/wp-content\/uploads\/2015\/04\/kv21-264x300.jpg 264w, https:\/\/serbia.com\/wp-content\/uploads\/2015\/04\/kv21-902x1024.jpg 902w, https:\/\/serbia.com\/wp-content\/uploads\/2015\/04\/kv21.jpg 1600w\" sizes=\"auto, (max-width: 264px) 100vw, 264px\" \/>Kraljevo ima \u010dime da se di\u010di \u2013 nalazi se na tri velike reke &#8211; <a title=\"Morava, kolevka srpske dr\u017eave\" href=\"http:\/\/www.serbia.com\/srpski\/posetite-srbiju\/prirodne-lepote\/reke-i-jezera\/morava-kolevka-srpske-drzave\/\" target=\"_blank\" rel=\"noopener\"><strong>Zapadnoj Moravi<\/strong><\/a>, <strong>Ibru<\/strong> i <strong>Gru\u017ei<\/strong>. Ostale, manje pritoke vi\u0161e niko ni ne broji, ali se na njima u letnjim mesecima rado kupaju, po njima plove, a ovde se love i ribolova\u010dki trofeji na kojima bi pozavideli i oni koji bacaju udice na mnogo ve\u0107im rekama.<\/p>\n<p>Ako se ikada umore od reka ili samo po\u017eele druga\u010diji krajolik, Kraljev\u010dani odlaze na prelepe obli\u017enje planine \u2013 <strong><a href=\"http:\/\/www.serbia.com\/srpski\/37789\/\" target=\"_blank\" rel=\"noopener\">Go\u010d<\/a><\/strong>, <strong>Stolove<\/strong>, <strong>Troglav<\/strong>, <strong>Rado\u010delo<\/strong>\u2026<\/p>\n<p>Osim u obilaske ovih lokacija, gosti \u017eeljni mineralnih voda, spa tretmana i oporavka organizma, iz Kraljeva lako dolaze do tri banje \u2013 <strong>Vrnja\u010dke<\/strong>, <strong>Mataru\u0161ke<\/strong> i <strong>Bogutova\u010dke<\/strong>. A tamo znaju kako se sa gostom postupa!<\/p>\n<p>Prostor na kome se danas nalazi Kraljevo bio je nastanjen od davnina. <a title=\"Vrnja\u010dka Banja\" href=\"http:\/\/www.serbia.com\/srpski\/posetite-srbiju\/prirodne-lepote\/banje\/vrnjacka-banja\/\" target=\"_blank\" rel=\"noopener\">Vrnja\u010dka banja<\/a> bila je poznato le\u010dili\u0161te jo\u0161 u rimsko doba. Ipak, najve\u0107i pe\u010dat varo\u0161i koja se u prvo vreme zvala Rudo Polje, a zatim Karanovac, dali su srpski srednjovekovni vladari iz dinastije Nemanji\u0107.<\/p>\n<p>O ovome i danas svedo\u010de manastiri <strong><a href=\"http:\/\/www.serbia.com\/srpski\/manastir-zica-pet-dobrih-razloga-zbog-kojih-je-treba-posetiti\/\" target=\"_blank\" rel=\"noopener\">\u017di\u010da<\/a><\/strong>, <strong>Gradac<\/strong>, <a title=\"Studenica, manastir dragocenih fresaka\" href=\"http:\/\/www.serbia.com\/srpski\/posetite-srbiju\/kulturne-atrakcije\/manastiri-i-crkve\/studenica-manastir-dragocenih-fresaka\/\" target=\"_blank\" rel=\"noopener\"><strong>Studenica<\/strong><\/a> koja se na\u0161la i na <a title=\"Srpski spomenici na listi svetske ba\u0161tine UNESCO\" href=\"http:\/\/www.serbia.com\/srpski\/srpski-spomenici-pod-zastitom-unesco\/\">listi svetske kulturne ba\u0161tine UNESCO<\/a>, kao i veli\u010danstveni grad Magli\u010d.<\/p>\n<p>U \u010dast pro\u0161lih vremena, slast sada\u0161njih i slavu budu\u0107ih, Kraljev\u010dani organizuju veliki broj manifestacija \u2013 <strong>Projadu<\/strong> i <strong>Pasuljijadu<\/strong>, <strong>Dane jorgovana<\/strong> i <strong>\u017di\u010dki Sabor<\/strong>, smotre narodnog stvarala\u0161tva i jedan potpuno originalni, <strong>\u201cVeseli spust\u201d<\/strong>.<\/p>\n<p>Dolinom Ibra tada se spu\u0161ta ko na \u010demu stigne! Plovilo mo\u017eete kupiti, iznajmiti ili sami napraviti \u2013 od drveta, plastike, gume, starih fla\u0161a ili buri\u0107a \u2026 bitno je samo da \u201cplovi\u201d!<\/p>\n<p>U Kraljevu \u017eive izuzetno gostoljubivi i srda\u010dni ljudi. Oni \u0107e goste zadr\u017eavati u nekoj od gradskih <a title=\"Kafana, centar \u017eivota u Srbiji\" href=\"http:\/\/www.serbia.com\/srpski\/posetite-srbiju\/provedi-se\/nocni-zivot\/kafana-centar-zivota-u-srbiji\/\" target=\"_blank\" rel=\"noopener\">kafana<\/a>, gostiti lokalnim specijalitetima <a title=\"Tradicionalna kuhinja\" href=\"http:\/\/www.serbia.com\/srpski\/o-srbiji\/tradicionalna-kuhinja\/\">tradicionalne kuhinje<\/a> i sa njima lumpovati do zore.<\/p>\n<p>Kao pravi, dobri doma\u0107ini, Kraljev\u010dani pred goste iznose ono najlep\u0161e i pokazuju im ono najvrednije. Na gore spomenutom grbu je i njihov moto, potpuno u skladu sa srda\u010dno\u0161\u0107u i neposredno\u0161\u0107u ovog kraja: <strong><em>\u201cNama dobro, a nikome zlo\u201d<\/em><\/strong>.<\/p>\n<h4>Gde se nalazi Kraljevo i kako do njega sti\u0107i?<\/h4>\n<p>Kraljevo se nalazi u centralnoj Srbiji na 175 km od Beograda, pa se kroz ovaj grad ukr\u0161taju mnogi va\u017eni putevi. Ukoliko dolazite automobilom, iz pravca Beograda, po\u0111ite Ibarskom magistralom: <a title=\"Beograd\" href=\"http:\/\/www.serbia.com\/srpski\/posetite-srbiju\/gradovi\/beograd\/\" target=\"_blank\" rel=\"noopener\">Beograd<\/a> \u2013 Ljig \u2013 <a title=\"\u010ca\u010dak, grad u pokretu\" href=\"http:\/\/www.serbia.com\/srpski\/posetite-srbiju\/gradovi\/cacak-grad-u-pokretu\/\" target=\"_blank\" rel=\"noopener\">\u010ca\u010dak<\/a> \u2013 Kraljevo \u2013 Ra\u0161ka.<\/p>\n<p>Do Kraljeva se mo\u017ee do\u0107i i iz dva pravca sa auto-puta E-75 Beograd-<a title=\"Od svitanja do svitanja u Ni\u0161u\" href=\"http:\/\/www.serbia.com\/srpski\/posetite-srbiju\/gradovi\/nis\/\" target=\"_blank\" rel=\"noopener\">Ni\u0161<\/a>, a odvajanja za ovaj grad su kod Bato\u010dine i Pojata.<\/p>\n<p>Do Kraljeva mo\u017eete sti\u0107i i vozom koji polazi iz Beograda i dalje se kre\u0107e kroz isto\u010dne delove \u0160umadije, preko Lapova i Kragujevca ka Kraljevu i dalje ka \u010ca\u010dku.<\/p>\n<p>Iz svih ve\u0107ih grradova Srbije postoje redovni autobuski polasci ka Kraljevu.<\/p>\n<h4>Kada ste ovde, ne propustite\u2026<\/h4>\n<p>\u2026<a title=\"Etno sela\" href=\"http:\/\/www.serbia.com\/srpski\/posetite-srbiju\/prirodne-lepote\/etno-sela\/\" target=\"_blank\" rel=\"noopener\"><strong>seoski turizam<\/strong><\/a>. U\u017eivajte u seoskim doma\u0107instvima, doma\u0107im proizvodima i \u0161umovitim predelima \u0160umadije.<\/p>\n<p>Po\u010detkom jula, u Kraljevu se odr\u017eava Internacionalni d\u017eez festival <strong>\u201cJazzIbar\u201c<\/strong>, a krajem avgusta ne propustite <strong>Festival alternativnih umetnosti \u201cStreet Art Festival\u201c<\/strong>.<\/p>\n<p>Foto: MOMAR032\/Wikimedia commons<\/p>\n","protected":false},"excerpt":{"rendered":"<p>Kraljevo je grad u kome je krunisano sedam srpskih srednjevekovnih kraljeva, a danas gradom i dolinom Ibra ide \u201cVeseli spust\u201d, manifestacija na kojoj se ovom rekom mo\u017eete spu\u0161tati plovilom koje [&hellip;]<\/p>\n","protected":false},"author":27,"featured_media":31452,"parent":20433,"menu_order":0,"comment_status":"closed","ping_status":"closed","template":"","meta":{"_acf_changed":false,"inline_featured_image":false,"_monsterinsights_skip_tracking":false,"_monsterinsights_sitenote_active":false,"_monsterinsights_sitenote_note":"","_monsterinsights_sitenote_category":0,"footnotes":""},"categories":[1672],"tags":[],"class_list":["post-31587","page","type-page","status-publish","has-post-thumbnail","hentry","category-gradovi"],"acf":[],"yoast_head":"<!-- This site is optimized with the Yoast SEO plugin v27.4 - https:\/\/yoast.com\/product\/yoast-seo-wordpress\/ -->\n<title>Kraljevo, grad sedam kraljeva - Serbia.com<\/title>\n<meta name=\"robots\" content=\"index, follow, max-snippet:-1, max-image-preview:large, max-video-preview:-1\" \/>\n<link rel=\"canonical\" href=\"https:\/\/serbia.com\/srpski\/posetite-srbiju\/gradovi\/kraljevo-grad-sedam-kraljeva\/\" \/>\n<meta property=\"og:locale\" content=\"en_US\" \/>\n<meta property=\"og:type\" content=\"article\" \/>\n<meta property=\"og:title\" content=\"Kraljevo, grad sedam kraljeva - Serbia.com\" \/>\n<meta property=\"og:description\" content=\"Kraljevo je grad u kome je krunisano sedam srpskih srednjevekovnih kraljeva, a danas gradom i dolinom Ibra ide \u201cVeseli spust\u201d, manifestacija na kojoj se ovom rekom mo\u017eete spu\u0161tati plovilom koje [&hellip;]\" \/>\n<meta property=\"og:url\" content=\"https:\/\/serbia.com\/srpski\/posetite-srbiju\/gradovi\/kraljevo-grad-sedam-kraljeva\/\" \/>\n<meta property=\"og:site_name\" content=\"Serbia.com\" \/>\n<meta property=\"article:modified_time\" content=\"2024-10-20T11:37:22+00:00\" \/>\n<meta property=\"og:image\" content=\"https:\/\/serbia.com\/wp-content\/uploads\/2015\/04\/Kraljevo_muzeum1.jpg\" \/>\n\t<meta property=\"og:image:width\" content=\"1600\" \/>\n\t<meta property=\"og:image:height\" content=\"647\" \/>\n\t<meta property=\"og:image:type\" content=\"image\/jpeg\" \/>\n<meta name=\"twitter:label1\" content=\"Est. reading time\" \/>\n\t<meta name=\"twitter:data1\" content=\"4 minutes\" \/>\n<script type=\"application\/ld+json\" class=\"yoast-schema-graph\">{\"@context\":\"https:\\\/\\\/schema.org\",\"@graph\":[{\"@type\":\"WebPage\",\"@id\":\"https:\\\/\\\/serbia.com\\\/srpski\\\/posetite-srbiju\\\/gradovi\\\/kraljevo-grad-sedam-kraljeva\\\/\",\"url\":\"https:\\\/\\\/serbia.com\\\/srpski\\\/posetite-srbiju\\\/gradovi\\\/kraljevo-grad-sedam-kraljeva\\\/\",\"name\":\"Kraljevo, grad sedam kraljeva - Serbia.com\",\"isPartOf\":{\"@id\":\"https:\\\/\\\/serbia.com\\\/#website\"},\"primaryImageOfPage\":{\"@id\":\"https:\\\/\\\/serbia.com\\\/srpski\\\/posetite-srbiju\\\/gradovi\\\/kraljevo-grad-sedam-kraljeva\\\/#primaryimage\"},\"image\":{\"@id\":\"https:\\\/\\\/serbia.com\\\/srpski\\\/posetite-srbiju\\\/gradovi\\\/kraljevo-grad-sedam-kraljeva\\\/#primaryimage\"},\"thumbnailUrl\":\"https:\\\/\\\/serbia.com\\\/wp-content\\\/uploads\\\/2015\\\/04\\\/Kraljevo_muzeum1.jpg\",\"datePublished\":\"2015-05-07T13:04:23+00:00\",\"dateModified\":\"2024-10-20T11:37:22+00:00\",\"breadcrumb\":{\"@id\":\"https:\\\/\\\/serbia.com\\\/srpski\\\/posetite-srbiju\\\/gradovi\\\/kraljevo-grad-sedam-kraljeva\\\/#breadcrumb\"},\"inLanguage\":\"srpski\",\"potentialAction\":[{\"@type\":\"ReadAction\",\"target\":[\"https:\\\/\\\/serbia.com\\\/srpski\\\/posetite-srbiju\\\/gradovi\\\/kraljevo-grad-sedam-kraljeva\\\/\"]}]},{\"@type\":\"ImageObject\",\"inLanguage\":\"srpski\",\"@id\":\"https:\\\/\\\/serbia.com\\\/srpski\\\/posetite-srbiju\\\/gradovi\\\/kraljevo-grad-sedam-kraljeva\\\/#primaryimage\",\"url\":\"https:\\\/\\\/serbia.com\\\/wp-content\\\/uploads\\\/2015\\\/04\\\/Kraljevo_muzeum1.jpg\",\"contentUrl\":\"https:\\\/\\\/serbia.com\\\/wp-content\\\/uploads\\\/2015\\\/04\\\/Kraljevo_muzeum1.jpg\",\"width\":1600,\"height\":647},{\"@type\":\"BreadcrumbList\",\"@id\":\"https:\\\/\\\/serbia.com\\\/srpski\\\/posetite-srbiju\\\/gradovi\\\/kraljevo-grad-sedam-kraljeva\\\/#breadcrumb\",\"itemListElement\":[{\"@type\":\"ListItem\",\"position\":1,\"name\":\"Home\",\"item\":\"https:\\\/\\\/serbia.com\\\/srpski\\\/\"},{\"@type\":\"ListItem\",\"position\":2,\"name\":\"Poseti Srbiju\",\"item\":\"https:\\\/\\\/serbia.com\\\/srpski\\\/posetite-srbiju\\\/\"},{\"@type\":\"ListItem\",\"position\":3,\"name\":\"Gradovi\",\"item\":\"https:\\\/\\\/serbia.com\\\/srpski\\\/posetite-srbiju\\\/gradovi\\\/\"},{\"@type\":\"ListItem\",\"position\":4,\"name\":\"Kraljevo, grad sedam kraljeva\"}]},{\"@type\":\"WebSite\",\"@id\":\"https:\\\/\\\/serbia.com\\\/#website\",\"url\":\"https:\\\/\\\/serbia.com\\\/\",\"name\":\"Serbia.com\",\"description\":\"Your Gateway to Serbia\",\"potentialAction\":[{\"@type\":\"SearchAction\",\"target\":{\"@type\":\"EntryPoint\",\"urlTemplate\":\"https:\\\/\\\/serbia.com\\\/?s={search_term_string}\"},\"query-input\":{\"@type\":\"PropertyValueSpecification\",\"valueRequired\":true,\"valueName\":\"search_term_string\"}}],\"inLanguage\":\"srpski\"}]}<\/script>\n<!-- \/ Yoast SEO plugin. -->","yoast_head_json":{"title":"Kraljevo, grad sedam kraljeva - Serbia.com","robots":{"index":"index","follow":"follow","max-snippet":"max-snippet:-1","max-image-preview":"max-image-preview:large","max-video-preview":"max-video-preview:-1"},"canonical":"https:\/\/serbia.com\/srpski\/posetite-srbiju\/gradovi\/kraljevo-grad-sedam-kraljeva\/","og_locale":"en_US","og_type":"article","og_title":"Kraljevo, grad sedam kraljeva - Serbia.com","og_description":"Kraljevo je grad u kome je krunisano sedam srpskih srednjevekovnih kraljeva, a danas gradom i dolinom Ibra ide \u201cVeseli spust\u201d, manifestacija na kojoj se ovom rekom mo\u017eete spu\u0161tati plovilom koje [&hellip;]","og_url":"https:\/\/serbia.com\/srpski\/posetite-srbiju\/gradovi\/kraljevo-grad-sedam-kraljeva\/","og_site_name":"Serbia.com","article_modified_time":"2024-10-20T11:37:22+00:00","og_image":[{"width":1600,"height":647,"url":"https:\/\/serbia.com\/wp-content\/uploads\/2015\/04\/Kraljevo_muzeum1.jpg","type":"image\/jpeg"}],"twitter_misc":{"Est. reading time":"4 minutes"},"schema":{"@context":"https:\/\/schema.org","@graph":[{"@type":"WebPage","@id":"https:\/\/serbia.com\/srpski\/posetite-srbiju\/gradovi\/kraljevo-grad-sedam-kraljeva\/","url":"https:\/\/serbia.com\/srpski\/posetite-srbiju\/gradovi\/kraljevo-grad-sedam-kraljeva\/","name":"Kraljevo, grad sedam kraljeva - Serbia.com","isPartOf":{"@id":"https:\/\/serbia.com\/#website"},"primaryImageOfPage":{"@id":"https:\/\/serbia.com\/srpski\/posetite-srbiju\/gradovi\/kraljevo-grad-sedam-kraljeva\/#primaryimage"},"image":{"@id":"https:\/\/serbia.com\/srpski\/posetite-srbiju\/gradovi\/kraljevo-grad-sedam-kraljeva\/#primaryimage"},"thumbnailUrl":"https:\/\/serbia.com\/wp-content\/uploads\/2015\/04\/Kraljevo_muzeum1.jpg","datePublished":"2015-05-07T13:04:23+00:00","dateModified":"2024-10-20T11:37:22+00:00","breadcrumb":{"@id":"https:\/\/serbia.com\/srpski\/posetite-srbiju\/gradovi\/kraljevo-grad-sedam-kraljeva\/#breadcrumb"},"inLanguage":"srpski","potentialAction":[{"@type":"ReadAction","target":["https:\/\/serbia.com\/srpski\/posetite-srbiju\/gradovi\/kraljevo-grad-sedam-kraljeva\/"]}]},{"@type":"ImageObject","inLanguage":"srpski","@id":"https:\/\/serbia.com\/srpski\/posetite-srbiju\/gradovi\/kraljevo-grad-sedam-kraljeva\/#primaryimage","url":"https:\/\/serbia.com\/wp-content\/uploads\/2015\/04\/Kraljevo_muzeum1.jpg","contentUrl":"https:\/\/serbia.com\/wp-content\/uploads\/2015\/04\/Kraljevo_muzeum1.jpg","width":1600,"height":647},{"@type":"BreadcrumbList","@id":"https:\/\/serbia.com\/srpski\/posetite-srbiju\/gradovi\/kraljevo-grad-sedam-kraljeva\/#breadcrumb","itemListElement":[{"@type":"ListItem","position":1,"name":"Home","item":"https:\/\/serbia.com\/srpski\/"},{"@type":"ListItem","position":2,"name":"Poseti Srbiju","item":"https:\/\/serbia.com\/srpski\/posetite-srbiju\/"},{"@type":"ListItem","position":3,"name":"Gradovi","item":"https:\/\/serbia.com\/srpski\/posetite-srbiju\/gradovi\/"},{"@type":"ListItem","position":4,"name":"Kraljevo, grad sedam kraljeva"}]},{"@type":"WebSite","@id":"https:\/\/serbia.com\/#website","url":"https:\/\/serbia.com\/","name":"Serbia.com","description":"Your Gateway to Serbia","potentialAction":[{"@type":"SearchAction","target":{"@type":"EntryPoint","urlTemplate":"https:\/\/serbia.com\/?s={search_term_string}"},"query-input":{"@type":"PropertyValueSpecification","valueRequired":true,"valueName":"search_term_string"}}],"inLanguage":"srpski"}]}},"brizy_media":[],"_links":{"self":[{"href":"https:\/\/serbia.com\/srpski\/wp-json\/wp\/v2\/pages\/31587","targetHints":{"allow":["GET"]}}],"collection":[{"href":"https:\/\/serbia.com\/srpski\/wp-json\/wp\/v2\/pages"}],"about":[{"href":"https:\/\/serbia.com\/srpski\/wp-json\/wp\/v2\/types\/page"}],"author":[{"embeddable":true,"href":"https:\/\/serbia.com\/srpski\/wp-json\/wp\/v2\/users\/27"}],"replies":[{"embeddable":true,"href":"https:\/\/serbia.com\/srpski\/wp-json\/wp\/v2\/comments?post=31587"}],"version-history":[{"count":1,"href":"https:\/\/serbia.com\/srpski\/wp-json\/wp\/v2\/pages\/31587\/revisions"}],"predecessor-version":[{"id":55680,"href":"https:\/\/serbia.com\/srpski\/wp-json\/wp\/v2\/pages\/31587\/revisions\/55680"}],"up":[{"embeddable":true,"href":"https:\/\/serbia.com\/srpski\/wp-json\/wp\/v2\/pages\/20433"}],"wp:featuredmedia":[{"embeddable":true,"href":"https:\/\/serbia.com\/srpski\/wp-json\/wp\/v2\/media\/31452"}],"wp:attachment":[{"href":"https:\/\/serbia.com\/srpski\/wp-json\/wp\/v2\/media?parent=31587"}],"wp:term":[{"taxonomy":"category","embeddable":true,"href":"https:\/\/serbia.com\/srpski\/wp-json\/wp\/v2\/categories?post=31587"},{"taxonomy":"post_tag","embeddable":true,"href":"https:\/\/serbia.com\/srpski\/wp-json\/wp\/v2\/tags?post=31587"}],"curies":[{"name":"wp","href":"https:\/\/api.w.org\/{rel}","templated":true}]}}