{"id":31582,"date":"2015-05-07T14:23:52","date_gmt":"2015-05-07T12:23:52","guid":{"rendered":"http:\/\/www.serbia.com\/?page_id=31582"},"modified":"2025-10-10T09:59:29","modified_gmt":"2025-10-10T07:59:29","slug":"prizren-srpski-carigrad","status":"publish","type":"page","link":"https:\/\/serbia.com\/srpski\/posetite-srbiju\/gradovi\/prizren-srpski-carigrad\/","title":{"rendered":"Prizren, srpski Carigrad"},"content":{"rendered":"<h4>Prizren je grad u kome se nalaze\u00a0Bogorodica Ljevi\u0161ka, crkva uvr\u0161tena na listu svetske ba\u0161tine\u00a0UNESCO, i Sinan pa\u0161ina d\u017eamija, koju su otomanski osvaja\u010di podigli od ostataka\u00a0crkve Svetih Arhangela Mihaila i Gavrila, zafu\u017ebine srpskog cara Du\u0161ana.<\/h4>\n<p>Od davnina je Prizren bio najvrednije i najzna\u010dajnije gradsko naselje na Kosovu i Metohiji. Sa ostacima tri grada koja su tu nekada postojala, sa crkvama \u010dija je izuzetnost stigla i do ba\u0161tina organizacije UNESCO i monumentalnim d\u017eamijama, Prizren je i danas grad-muzej.<\/p>\n<p>U njemu stare pri\u010de jo\u0161 uvek \u017eive nepomu\u0107enim sjajem, a krivudavi sokaci, \u010dar\u0161ije i impozantni <strong>Kameni most<\/strong> koji spaja dve obale grada, \u010dine nadimak <strong>\u201csrpski Carigrad\u201c<\/strong>, poznat u narodu jo\u0161 u srednjem veku, ba\u0161 prigodnim i razumljivim.<\/p>\n<p>\u201cAko priznate da Tur\u010din zna u\u017eivati, onda ga bar i pitajte: \u0161ta jedno mesto, selo ili grad, \u010dini lepim? \u2013 A on \u0107e vam re\u0107i: Lep teferi\u010d i dobra voda (proslava). I, ako je tako, onda je Prizren grad nad gradovima i varo\u0161 nad varo\u0161ima, jer upravo ta dva uslova i \u010dine Prizren: lep teferi\u010d i dobra voda\u201d.<\/p>\n<p>Ovako je o Prizrenu po\u010detkom XX veka pisao <strong>Branislav Nu\u0161i\u0107<\/strong>, \u010duveni srpski komediograf. I pre i posle njega, lepu varo\u0161 koja se naslanja na visoku <strong>\u0160ar planinu<\/strong> i kroz koju proti\u010de \u010dista i brza <strong>Bistrica<\/strong>, opisivali su mnogi. Ovo mesto bilo je naseljeno jo\u0161 u anti\u010dko doba, a pretpostavlja se da je pod imenom <strong>\u201cTheranda\u201d<\/strong>, Prizren postojao i pre 6. veka.<\/p>\n<p>Njegovo sada\u0161nje ime grad duguje Vizantijcima, a srpski srednjovekovni vladari su od njega napravili varo\u0161 poznatu po lepoti i trgovini, koja je u nekoliko navrata bila progla\u0161avana i prestonicom. Iz ovog perioda, u Prizrenu i njegovoj okolini, i dalje stoje ostaci utvr\u0111enih gradova <strong>Kaljaja<\/strong> i <strong>Vi\u0161egrada<\/strong>, i <strong>crkva Bogorodice Ljevi\u0161ke<\/strong>, <strong>Svete Nedelje<\/strong>, <strong>Svetog Nikole<\/strong>\u2026<\/p>\n<p>Od ostataka zadu\u017ebine <strong>cara Du\u0161ana<\/strong>, <strong>crkve Svetih Arhangela Mihaila<\/strong> i <strong>Gavrila<\/strong>, turski osvaja\u010di su u Prizrenu podigli veli\u010danstvenu <strong>Sinan pa\u0161inu d\u017eamiju<\/strong> \u2013 jo\u0161 jedan od simbola Prizrena koji, zajedno sa <strong>Bajrakli d\u017eamijom<\/strong> (Mehmed-pa\u0161inom), vredi videti.<\/p>\n<p>Ovo je grad u kome posetioci lako mogu da poveruju da je vreme stalo. Ovde se ono i dalje meri prema <strong>staroj Sahat kuli<\/strong>, a sa jedne obale Prizrena na drugu ide Kamenim mostom. U vreme letnje \u017eege i sparine neko mo\u017eda poseti i <strong>hamam \u2013 staro tursko kupatilo<\/strong>, jedno od tri najve\u0107a u Srbiji.<\/p>\n<p>Lepotu i jedinstvenost gra\u0111evina u Prizrenu priznao je i UNESCO \u2013 crkva Bogorodica Ljevi\u0161ka je 2006. godine uvr\u0161tena na <a title=\"Srpski spomenici na listi svetske ba\u0161tine UNESCO\" href=\"http:\/\/www.serbia.com\/srpski\/srpski-spomenici-pod-zastitom-unesco\/\">listu svetske ba\u0161tine UNESCO<\/a> koji se smatraju ugro\u017eenim. Ona je deo grupe srednjovekovnih spomenika na Kosovu i Metohiji koji su tada stavljeni pod za\u0161titu.<\/p>\n<p>Izgleda da je ovaj skoro magi\u010dni krajolik od uvek bio va\u017ean \u2013 ova crkva podignuta je na temeljima katedrale iz XI veka koja je tako\u0111e bila podignuta na mestu starije, ranohri\u0161\u0107anske crkve!<\/p>\n<p>Sli\u010dno, arheolo\u0161ka iskopavanja na lokalitetima Kaljaja i Drvengrada u okolini Prizrena, otkrila su ostatke mnogobrojnih naroda, starosedelaca i osvaja\u010da, koji su ova mesta, razgra\u0111ivali, prepravljali i dogra\u0111ivali \u2026 svako prema svojim potrebama i ukusu.<\/p>\n<p>Tako je i danas \u2026 ovaj grad ru\u0161e, nadgra\u0111uju, dora\u0111uju i dalje. On menja svoj izgled, ali ne i duh. Lepa varo\u0161 na obroncima \u0160are koju kupa Sunce i hladi planinska Bistrica i dalje je Prizren \u2013 \u201cgrad nad gradovima i varo\u0161 nad varo\u0161ima\u201d.<\/p>\n<h4>Gde se nalazi Prizren i kako do njega sti\u0107i?<\/h4>\n<p>Prizren se nalazi 75 km jugozapadno od Pri\u0161tine. Iz pravca <a title=\"Beograd\" href=\"http:\/\/www.serbia.com\/srpski\/posetite-srbiju\/sta-videti\/gradovi\/beograd\/\">Beograda<\/a> je najbolje voziti Ibarskom magistralom: Beograd-<a title=\"\u010ca\u010dak, grad u pokretu\" href=\"http:\/\/www.serbia.com\/srpski\/cacak-grad-u-pokretu\/\">\u010ca\u010dak<\/a>&#8211;<a title=\"Kraljevo, grad sedam kraljeva\" href=\"http:\/\/www.serbia.com\/srpski\/kraljevo-grad-sedam-kraljeva\/\">Kraljevo<\/a>-Ra\u0161ka-Kosovska Mitrovica-Pri\u0161tina-Prizren, a potrebno je pre\u0107i 400 km.<\/p>\n<p>Iz pravca <a title=\"Od svitanja do svitanja u Ni\u0161u\" href=\"http:\/\/www.serbia.com\/srpski\/posetite-srbiju\/sta-videti\/gradovi\/od-svitanja-do-svitanja-u-nisu\/\">Ni\u0161a<\/a> dolazite putem Ni\u0161-Prokuplje-Kur\u0161umlija-Podujevo-Pri\u0161tina-Prizren dugim oko 170 km.<\/p>\n<p>Iz pravca Crne Gore do Prizrena mo\u017eete do\u0107i preko Ro\u017eaja, Pe\u0107i i Orahovca.<\/p>\n<p>Sa beogradske autobuske stanice ka Prizrenu polaze \u010detiri autobusa dnevno.<\/p>\n<h4>Kada ste ovde, ne propustite\u2026<\/h4>\n<p>Da odete do <strong>Orahovca<\/strong> i <strong>Velike Ho\u010de<\/strong>, i pijete najlep\u0161e metohijsko vino, jer se ovde nalazite na Vinskom putu Kosova i Metohije.<\/p>\n<p>Obi\u0111ite manastir <strong>Visoki De\u010dani<\/strong>, koji se nalazi pod za\u0161titom UNESCO, ali i <strong>Pe\u0107ku patrijar\u0161iju<\/strong>.<\/p>\n<p>U kom god periodu godine da se na\u0111ete ovde, posetite <strong>Brezovicu na \u0160ar planini<\/strong> i u\u017eivajte pored nekog od njenih brzih, bistrih poto\u010di\u0107a.<\/p>\n<p>Brezovica je i sportsko \u2013 rekreativni kompleks sa fantasti\u010dnim, brzim, ali sigurnim stazama za skijanje.<\/p>\n","protected":false},"excerpt":{"rendered":"<p>Prizren je grad u kome se nalaze\u00a0Bogorodica Ljevi\u0161ka, crkva uvr\u0161tena na listu svetske ba\u0161tine\u00a0UNESCO, i Sinan pa\u0161ina d\u017eamija, koju su otomanski osvaja\u010di podigli od ostataka\u00a0crkve Svetih Arhangela Mihaila i Gavrila, [&hellip;]<\/p>\n","protected":false},"author":27,"featured_media":62976,"parent":20433,"menu_order":0,"comment_status":"closed","ping_status":"closed","template":"","meta":{"_acf_changed":false,"inline_featured_image":false,"_monsterinsights_skip_tracking":false,"_monsterinsights_sitenote_active":false,"_monsterinsights_sitenote_note":"","_monsterinsights_sitenote_category":0,"footnotes":""},"categories":[1672],"tags":[],"class_list":["post-31582","page","type-page","status-publish","has-post-thumbnail","hentry","category-gradovi"],"acf":[],"yoast_head":"<!-- This site is optimized with the Yoast SEO plugin v23.8 - https:\/\/yoast.com\/wordpress\/plugins\/seo\/ -->\n<title>Prizren, srpski Carigrad - Serbia.com<\/title>\n<meta name=\"robots\" content=\"index, follow, max-snippet:-1, max-image-preview:large, max-video-preview:-1\" \/>\n<link rel=\"canonical\" href=\"https:\/\/serbia.com\/srpski\/posetite-srbiju\/gradovi\/prizren-srpski-carigrad\/\" \/>\n<meta property=\"og:locale\" content=\"en_US\" \/>\n<meta property=\"og:type\" content=\"article\" \/>\n<meta property=\"og:title\" content=\"Prizren, srpski Carigrad - Serbia.com\" \/>\n<meta property=\"og:description\" content=\"Prizren je grad u kome se nalaze\u00a0Bogorodica Ljevi\u0161ka, crkva uvr\u0161tena na listu svetske ba\u0161tine\u00a0UNESCO, i Sinan pa\u0161ina d\u017eamija, koju su otomanski osvaja\u010di podigli od ostataka\u00a0crkve Svetih Arhangela Mihaila i Gavrila, [&hellip;]\" \/>\n<meta property=\"og:url\" content=\"https:\/\/serbia.com\/srpski\/posetite-srbiju\/gradovi\/prizren-srpski-carigrad\/\" \/>\n<meta property=\"og:site_name\" content=\"Serbia.com\" \/>\n<meta property=\"article:modified_time\" content=\"2025-10-10T07:59:29+00:00\" \/>\n<meta property=\"og:image\" content=\"https:\/\/serbia.com\/wp-content\/uploads\/2025\/10\/eastern-serbia-15-1.jpg\" \/>\n\t<meta property=\"og:image:width\" content=\"1366\" \/>\n\t<meta property=\"og:image:height\" content=\"768\" \/>\n\t<meta property=\"og:image:type\" content=\"image\/jpeg\" \/>\n<meta name=\"twitter:label1\" content=\"Est. reading time\" \/>\n\t<meta name=\"twitter:data1\" content=\"4 minutes\" \/>\n<script type=\"application\/ld+json\" class=\"yoast-schema-graph\">{\"@context\":\"https:\/\/schema.org\",\"@graph\":[{\"@type\":\"WebPage\",\"@id\":\"https:\/\/serbia.com\/srpski\/posetite-srbiju\/gradovi\/prizren-srpski-carigrad\/\",\"url\":\"https:\/\/serbia.com\/srpski\/posetite-srbiju\/gradovi\/prizren-srpski-carigrad\/\",\"name\":\"Prizren, srpski Carigrad - Serbia.com\",\"isPartOf\":{\"@id\":\"https:\/\/serbia.com\/#website\"},\"primaryImageOfPage\":{\"@id\":\"https:\/\/serbia.com\/srpski\/posetite-srbiju\/gradovi\/prizren-srpski-carigrad\/#primaryimage\"},\"image\":{\"@id\":\"https:\/\/serbia.com\/srpski\/posetite-srbiju\/gradovi\/prizren-srpski-carigrad\/#primaryimage\"},\"thumbnailUrl\":\"https:\/\/serbia.com\/wp-content\/uploads\/2025\/10\/eastern-serbia-15-1.jpg\",\"datePublished\":\"2015-05-07T12:23:52+00:00\",\"dateModified\":\"2025-10-10T07:59:29+00:00\",\"breadcrumb\":{\"@id\":\"https:\/\/serbia.com\/srpski\/posetite-srbiju\/gradovi\/prizren-srpski-carigrad\/#breadcrumb\"},\"inLanguage\":\"srpski\",\"potentialAction\":[{\"@type\":\"ReadAction\",\"target\":[\"https:\/\/serbia.com\/srpski\/posetite-srbiju\/gradovi\/prizren-srpski-carigrad\/\"]}]},{\"@type\":\"ImageObject\",\"inLanguage\":\"srpski\",\"@id\":\"https:\/\/serbia.com\/srpski\/posetite-srbiju\/gradovi\/prizren-srpski-carigrad\/#primaryimage\",\"url\":\"https:\/\/serbia.com\/wp-content\/uploads\/2025\/10\/eastern-serbia-15-1.jpg\",\"contentUrl\":\"https:\/\/serbia.com\/wp-content\/uploads\/2025\/10\/eastern-serbia-15-1.jpg\",\"width\":1366,\"height\":768},{\"@type\":\"BreadcrumbList\",\"@id\":\"https:\/\/serbia.com\/srpski\/posetite-srbiju\/gradovi\/prizren-srpski-carigrad\/#breadcrumb\",\"itemListElement\":[{\"@type\":\"ListItem\",\"position\":1,\"name\":\"Home\",\"item\":\"https:\/\/serbia.com\/srpski\/\"},{\"@type\":\"ListItem\",\"position\":2,\"name\":\"Poseti Srbiju\",\"item\":\"https:\/\/serbia.com\/srpski\/posetite-srbiju\/\"},{\"@type\":\"ListItem\",\"position\":3,\"name\":\"Gradovi\",\"item\":\"https:\/\/serbia.com\/srpski\/posetite-srbiju\/gradovi\/\"},{\"@type\":\"ListItem\",\"position\":4,\"name\":\"Prizren, srpski Carigrad\"}]},{\"@type\":\"WebSite\",\"@id\":\"https:\/\/serbia.com\/#website\",\"url\":\"https:\/\/serbia.com\/\",\"name\":\"Serbia.com\",\"description\":\"Your Gateway to Serbia\",\"potentialAction\":[{\"@type\":\"SearchAction\",\"target\":{\"@type\":\"EntryPoint\",\"urlTemplate\":\"https:\/\/serbia.com\/?s={search_term_string}\"},\"query-input\":{\"@type\":\"PropertyValueSpecification\",\"valueRequired\":true,\"valueName\":\"search_term_string\"}}],\"inLanguage\":\"srpski\"}]}<\/script>\n<!-- \/ Yoast SEO plugin. -->","yoast_head_json":{"title":"Prizren, srpski Carigrad - Serbia.com","robots":{"index":"index","follow":"follow","max-snippet":"max-snippet:-1","max-image-preview":"max-image-preview:large","max-video-preview":"max-video-preview:-1"},"canonical":"https:\/\/serbia.com\/srpski\/posetite-srbiju\/gradovi\/prizren-srpski-carigrad\/","og_locale":"en_US","og_type":"article","og_title":"Prizren, srpski Carigrad - Serbia.com","og_description":"Prizren je grad u kome se nalaze\u00a0Bogorodica Ljevi\u0161ka, crkva uvr\u0161tena na listu svetske ba\u0161tine\u00a0UNESCO, i Sinan pa\u0161ina d\u017eamija, koju su otomanski osvaja\u010di podigli od ostataka\u00a0crkve Svetih Arhangela Mihaila i Gavrila, [&hellip;]","og_url":"https:\/\/serbia.com\/srpski\/posetite-srbiju\/gradovi\/prizren-srpski-carigrad\/","og_site_name":"Serbia.com","article_modified_time":"2025-10-10T07:59:29+00:00","og_image":[{"width":1366,"height":768,"url":"https:\/\/serbia.com\/wp-content\/uploads\/2025\/10\/eastern-serbia-15-1.jpg","type":"image\/jpeg"}],"twitter_misc":{"Est. reading time":"4 minutes"},"schema":{"@context":"https:\/\/schema.org","@graph":[{"@type":"WebPage","@id":"https:\/\/serbia.com\/srpski\/posetite-srbiju\/gradovi\/prizren-srpski-carigrad\/","url":"https:\/\/serbia.com\/srpski\/posetite-srbiju\/gradovi\/prizren-srpski-carigrad\/","name":"Prizren, srpski Carigrad - Serbia.com","isPartOf":{"@id":"https:\/\/serbia.com\/#website"},"primaryImageOfPage":{"@id":"https:\/\/serbia.com\/srpski\/posetite-srbiju\/gradovi\/prizren-srpski-carigrad\/#primaryimage"},"image":{"@id":"https:\/\/serbia.com\/srpski\/posetite-srbiju\/gradovi\/prizren-srpski-carigrad\/#primaryimage"},"thumbnailUrl":"https:\/\/serbia.com\/wp-content\/uploads\/2025\/10\/eastern-serbia-15-1.jpg","datePublished":"2015-05-07T12:23:52+00:00","dateModified":"2025-10-10T07:59:29+00:00","breadcrumb":{"@id":"https:\/\/serbia.com\/srpski\/posetite-srbiju\/gradovi\/prizren-srpski-carigrad\/#breadcrumb"},"inLanguage":"srpski","potentialAction":[{"@type":"ReadAction","target":["https:\/\/serbia.com\/srpski\/posetite-srbiju\/gradovi\/prizren-srpski-carigrad\/"]}]},{"@type":"ImageObject","inLanguage":"srpski","@id":"https:\/\/serbia.com\/srpski\/posetite-srbiju\/gradovi\/prizren-srpski-carigrad\/#primaryimage","url":"https:\/\/serbia.com\/wp-content\/uploads\/2025\/10\/eastern-serbia-15-1.jpg","contentUrl":"https:\/\/serbia.com\/wp-content\/uploads\/2025\/10\/eastern-serbia-15-1.jpg","width":1366,"height":768},{"@type":"BreadcrumbList","@id":"https:\/\/serbia.com\/srpski\/posetite-srbiju\/gradovi\/prizren-srpski-carigrad\/#breadcrumb","itemListElement":[{"@type":"ListItem","position":1,"name":"Home","item":"https:\/\/serbia.com\/srpski\/"},{"@type":"ListItem","position":2,"name":"Poseti Srbiju","item":"https:\/\/serbia.com\/srpski\/posetite-srbiju\/"},{"@type":"ListItem","position":3,"name":"Gradovi","item":"https:\/\/serbia.com\/srpski\/posetite-srbiju\/gradovi\/"},{"@type":"ListItem","position":4,"name":"Prizren, srpski Carigrad"}]},{"@type":"WebSite","@id":"https:\/\/serbia.com\/#website","url":"https:\/\/serbia.com\/","name":"Serbia.com","description":"Your Gateway to Serbia","potentialAction":[{"@type":"SearchAction","target":{"@type":"EntryPoint","urlTemplate":"https:\/\/serbia.com\/?s={search_term_string}"},"query-input":{"@type":"PropertyValueSpecification","valueRequired":true,"valueName":"search_term_string"}}],"inLanguage":"srpski"}]}},"_links":{"self":[{"href":"https:\/\/serbia.com\/srpski\/wp-json\/wp\/v2\/pages\/31582"}],"collection":[{"href":"https:\/\/serbia.com\/srpski\/wp-json\/wp\/v2\/pages"}],"about":[{"href":"https:\/\/serbia.com\/srpski\/wp-json\/wp\/v2\/types\/page"}],"author":[{"embeddable":true,"href":"https:\/\/serbia.com\/srpski\/wp-json\/wp\/v2\/users\/27"}],"replies":[{"embeddable":true,"href":"https:\/\/serbia.com\/srpski\/wp-json\/wp\/v2\/comments?post=31582"}],"version-history":[{"count":2,"href":"https:\/\/serbia.com\/srpski\/wp-json\/wp\/v2\/pages\/31582\/revisions"}],"predecessor-version":[{"id":62978,"href":"https:\/\/serbia.com\/srpski\/wp-json\/wp\/v2\/pages\/31582\/revisions\/62978"}],"up":[{"embeddable":true,"href":"https:\/\/serbia.com\/srpski\/wp-json\/wp\/v2\/pages\/20433"}],"wp:featuredmedia":[{"embeddable":true,"href":"https:\/\/serbia.com\/srpski\/wp-json\/wp\/v2\/media\/62976"}],"wp:attachment":[{"href":"https:\/\/serbia.com\/srpski\/wp-json\/wp\/v2\/media?parent=31582"}],"wp:term":[{"taxonomy":"category","embeddable":true,"href":"https:\/\/serbia.com\/srpski\/wp-json\/wp\/v2\/categories?post=31582"},{"taxonomy":"post_tag","embeddable":true,"href":"https:\/\/serbia.com\/srpski\/wp-json\/wp\/v2\/tags?post=31582"}],"curies":[{"name":"wp","href":"https:\/\/api.w.org\/{rel}","templated":true}]}}