{"id":31575,"date":"2015-05-07T13:44:47","date_gmt":"2015-05-07T11:44:47","guid":{"rendered":"http:\/\/www.serbia.com\/?page_id=31575"},"modified":"2024-10-20T13:38:45","modified_gmt":"2024-10-20T11:38:45","slug":"sremski-karlovci-grad-vina-duhovnosti-i-kulture","status":"publish","type":"page","link":"https:\/\/serbia.com\/srpski\/posetite-srbiju\/gradovi\/sremski-karlovci-grad-vina-duhovnosti-i-kulture\/","title":{"rendered":"Sremski Karlovci, grad vina, duhovnosti i kulture"},"content":{"rendered":"<h4>Rasuti izme\u0111u zelenih obronaka Fru\u0161ke gore i plavog Dunava, Sremski Karlovci \u010duvaju bogatu riznicu srpske kulture i duhovnosti u svojim gra\u0111evinama od neprocenjive istorijske vrednosti, a na njegovim ulicama se i danas slave vino i gro\u017e\u0111e uz poeziju Branka Radi\u010devi\u0107a.<\/h4>\n<p>Sremski Karlovci su vinogradarski gradi\u0107 koji je tokom istorije potpadao pod vlast raznih naroda koji su svoj interes nalazili na ovim prostorima, ali to je ovu varo\u0161 \u010dinilo jo\u0161 bogatijom. Svi narodi koji su se doseljavali, ostavili su neki trag svoje kulture i utkali je u zajedni\u010dko kulturno bogatstvo Sremskih Karlovaca.<\/p>\n<p>Ka\u017eu da u Sremskim Karlovcima svaka zgrada, ku\u0107a i ulica pri\u010da neku slavnu pri\u010du jer je ovaj grad bio duhovni i kulturni centar Srbije. On je posle<strong> Prve velike seobe Srba 1690. godine<\/strong> postao naslednik Pe\u0107ke patrijar\u0161ije. <strong>Veliki Patrijar\u0161ijski dvor<\/strong> jo\u0161 uvek dominira centralnim gradskim trgom, a po\u0161to je patrijar\u0161ija kasnije preba\u010dena u <a title=\"Beograd\" href=\"http:\/\/www.serbia.com\/srpski\/posetite-srbiju\/gradovi\/beograd\/\" target=\"_blank\" rel=\"noopener\">Beograd<\/a>, ovde je danas sredi\u0161te Sremske mitropolije.<\/p>\n<p>U veli\u010danstvenoj zgradi Patrijar\u0161ije ostali su o\u010duvani ikonostasi \u010duvenih srpkih umetnika Teodora Kra\u010duna i Uro\u0161a Predi\u0107a. Sme\u0161tena uz Patrijar\u0161iju beli se <strong>Saborna crkva<\/strong> sa zelenim kupolama koje je konstruisao Zaharije Orfelin (istaknuti srpski pesnik, istori\u010dar, bakrorezac, barokni prosvetitelj, graver, kaligraf i pisac ud\u017ebenika). Crkva je posve\u0107ena Svetom Nikoli, a u njoj se danas \u010duvaju vredne freske, slike <a title=\"Paja Jovanovi\u0107, slikar istorije Srbije\" href=\"http:\/\/www.serbia.com\/srpski\/paja-jovanovic-slikar-istorije-srbije\/\">Paje Jovanovi\u0107a<\/a> kao i mo\u0161ti Svetog Arsenija Sremca, drugog srpskog arhiepiskopa.<\/p>\n<p>Odmah pored nje nalazi se <strong>Rimokatoli\u010dka crkva posve\u0107ena Sv. Trojstvu<\/strong>, a poti\u010de iz 1768. godine. Posebna vrednost ove crkve su barokna vrata u duborezu, a iza njih se \u010duvaju najstarije orgulje u Vojvodini. U narodu se govori da se \u201ccrkveni tornjevi obe crkve propinju da nadvise <a title=\"Fru\u0161ka gora \u2013 nekada ostrvo, danas planina\" href=\"http:\/\/www.serbia.com\/srpski\/posetite-srbiju\/prirodne-lepote\/planine\/fruska-gora-nekada-ostrvo-danas-planina\/\" target=\"_blank\" rel=\"noopener\">Fru\u0161ku Goru<\/a> a zvona zvone kao ona u Firenci\u201d.<\/p>\n<p>Osim toga \u0161to su bili duhovni centar, Karlovci su bili i steci\u0161te kulturnih elita, pesnika i u\u010denih ljudi. Zbog blizine Austrije kao i zbog posebnog zna\u010daja ovog grada za Be\u010dki dvor, pod \u010dijom je upravom bio u vreme Habzburgovaca, Karlovci su bili veoma napredan gradi\u0107 za to vreme. U njima je <strong>osnovana prva srpska gimnazija koja se nalazi u samom centru grada.<\/strong><\/p>\n<p>Gimnaziju je osnovao mitropolit Stefan Stratimirovi\u0107 1791. godine uz dopu\u0161tenje cara Leopolda Drugog i uz pomo\u0107 bogatih Karlov\u010dana koji su svoj novac ulo\u017eili u prvu srpsku gimnaziju. U njoj su u\u010dili mnogi poznati Srbi, me\u0111u kojima je najpoznatiji pesnik <strong>Branko Radi\u010devi\u0107<\/strong> \u010dija bista stoji ispred \u0161kole, a njegove stihove o Karlovcima zna \u010dak i svako karlova\u010dko dete.<\/p>\n<figure id=\"attachment_18446\" aria-describedby=\"caption-attachment-18446\" style=\"width: 640px\" class=\"wp-caption aligncenter\"><img loading=\"lazy\" decoding=\"async\" class=\"wp-image-18446 size-full\" src=\"http:\/\/www.serbia.com\/wp-content\/uploads\/2013\/06\/Gimnazija-Karlovci_176888731.jpg\" alt=\"Gimnazija Karlovci_17688873\" width=\"640\" height=\"425\" srcset=\"https:\/\/serbia.com\/wp-content\/uploads\/2013\/06\/Gimnazija-Karlovci_176888731.jpg 640w, https:\/\/serbia.com\/wp-content\/uploads\/2013\/06\/Gimnazija-Karlovci_176888731-300x199.jpg 300w\" sizes=\"(max-width: 640px) 100vw, 640px\" \/><figcaption id=\"caption-attachment-18446\" class=\"wp-caption-text\">Karlova\u010dka gimnazija \u2013 prva srpska gimnazija<\/figcaption><\/figure>\n<p>Gimnaziju pose\u0107uje veliki broj turista, u drvenim policama njene stare biblioteke \u010duvaju se primerci prvih srpskih knjiga, a bila je i inspirativno mesto za snimanje kultnog filma \u201cLajanje na zvezde\u201d. I danas je Gimnazija posebna zbog toga \u0161to su njeni \u0111aci u mogu\u0107nosti da u\u010de jezike poput arapskog, staroslovenskog i novogr\u010dkog.<\/p>\n<p>Karlovci i tokom cele godine vrve od razli\u010ditog sveta a najvi\u0161e za vreme veselih <a title=\"Festivali i manifestacije\" href=\"http:\/\/www.serbia.com\/srpski\/posetite-srbiju\/kulturne-atrakcije\/festivali-i-manifestacije\/\" target=\"_blank\" rel=\"noopener\">tradicionalnih manifestacija<\/a> koje proisti\u010du iz narodnih obi\u010daja. Otkada je u ovom kraju rimski car Prob zasadio vinovu lozu iz Ju\u017ene Italije, vinogradarstvo je postalo osnovna grana privrede i zanimanje Karlov\u010dana.<\/p>\n<p>Njihovo vino pilo se na evropskim dvorovima, a danas se slavi na septembarskim <a title=\"Karlova\u010dki gro\u017e\u0111ebal: vino, kuglof i tamburice\" href=\"http:\/\/www.serbia.com\/srpski\/karlovacki-grozdebal-vino-kuglof-i-tambure\/\">Gro\u017e\u0111ebalima<\/a> uz tradicionalni kuglof, <a title=\"Bermet, omiljeno vino evropskih dvorova\" href=\"http:\/\/www.serbia.com\/srpski\/bermet-omiljeno-vino-evropskih-dvorova-4\/\">bermet<\/a>, ru\u017eicu, zabavni program i veliki broj posetilaca.<\/p>\n<p>Slo\u017eena i bogata istorija i tradicija grada predstavlja se na jo\u0161 nekoliko starih manifestacija koje se odr\u017eavaju tokom godine: <strong>\u201cKarlova\u010dke bo\u017ei\u0107ne sve\u010danosti\u201d<\/strong>, <strong>\u201cFestival kuglofa\u201d<\/strong>, festival poezije <strong>\u201cBrankovo kolo\u201d<\/strong> kao i razne likovne kolonije.<\/p>\n<p>U evropsku istoriju Karlovci su u\u0161li 1699. godine kada je u njima <strong>potpisan mir kojim se zavr\u0161io Veliki be\u010dki rat izme\u0111u Austije i Turske.<\/strong> Na tom mestu, sto godina kasnije, karlova\u010dki katolici podigli su <strong>Kapelu mira<\/strong> koja danas predstavlja i turisti\u010dku atrakciju.<\/p>\n<p>Baroknim i neoklasicisti\u010dkim stilom odi\u0161u i druga kulturna zdanja Karlovaca: <strong>Stefaneum<\/strong>, <strong>Palata narodnih fondova<\/strong>, <strong>Magistrat<\/strong> u kome se danas nalazi sredi\u0161te op\u0161tine, <strong>domovi barona Raja\u010di\u0107a<\/strong> (dvorac Ilion) i <strong>Dragomira Popovi\u0107a<\/strong>.<\/p>\n<p>Grad ima i svoju legendu koja ka\u017ee da \u0107e se onaj ko popije vodu sa<strong> \u010cesme \u010detiri lava<\/strong>, koja se nalazi u samom centru grada, sigurno vratiti u Karlovce i tu ven\u010dati.<\/p>\n<figure id=\"attachment_23392\" aria-describedby=\"caption-attachment-23392\" style=\"width: 640px\" class=\"wp-caption aligncenter\"><img loading=\"lazy\" decoding=\"async\" class=\"wp-image-23392\" src=\"http:\/\/www.serbia.com\/wp-content\/uploads\/2014\/03\/sremski-karlovci.jpg\" alt=\"sremski karlovci\" width=\"640\" height=\"427\" srcset=\"https:\/\/serbia.com\/wp-content\/uploads\/2014\/03\/sremski-karlovci.jpg 736w, https:\/\/serbia.com\/wp-content\/uploads\/2014\/03\/sremski-karlovci-300x200.jpg 300w\" sizes=\"(max-width: 640px) 100vw, 640px\" \/><figcaption id=\"caption-attachment-23392\" class=\"wp-caption-text\">Fontana &#8220;\u010cetiri lava&#8221;<\/figcaption><\/figure>\n<p>Ven\u010dali se ili ne, onaj ko je jednom bio u Karlovcima, vrati\u0107e se ponovo, zaljubljen u sam grad. A na one koji ga nikada nisu posetili, idili\u010dni gradi\u0107 sa nestrpljenjem \u010deka, kako bi prosuo pred njih svoj \u0161arm i stekao nove obo\u017eavaoce.<\/p>\n","protected":false},"excerpt":{"rendered":"<p>Rasuti izme\u0111u zelenih obronaka Fru\u0161ke gore i plavog Dunava, Sremski Karlovci \u010duvaju bogatu riznicu srpske kulture i duhovnosti u svojim gra\u0111evinama od neprocenjive istorijske vrednosti, a na njegovim ulicama se [&hellip;]<\/p>\n","protected":false},"author":27,"featured_media":31276,"parent":20433,"menu_order":0,"comment_status":"closed","ping_status":"closed","template":"","meta":{"_acf_changed":false,"inline_featured_image":false,"_monsterinsights_skip_tracking":false,"_monsterinsights_sitenote_active":false,"_monsterinsights_sitenote_note":"","_monsterinsights_sitenote_category":0,"footnotes":""},"categories":[1672],"tags":[],"class_list":["post-31575","page","type-page","status-publish","has-post-thumbnail","hentry","category-gradovi"],"acf":[],"yoast_head":"<!-- This site is optimized with the Yoast SEO plugin v23.8 - https:\/\/yoast.com\/wordpress\/plugins\/seo\/ -->\n<title>Sremski Karlovci, grad vina, duhovnosti i kulture - Serbia.com<\/title>\n<meta name=\"robots\" content=\"index, follow, max-snippet:-1, max-image-preview:large, max-video-preview:-1\" \/>\n<link rel=\"canonical\" href=\"https:\/\/serbia.com\/srpski\/posetite-srbiju\/gradovi\/sremski-karlovci-grad-vina-duhovnosti-i-kulture\/\" \/>\n<meta property=\"og:locale\" content=\"en_US\" \/>\n<meta property=\"og:type\" content=\"article\" \/>\n<meta property=\"og:title\" content=\"Sremski Karlovci, grad vina, duhovnosti i kulture - Serbia.com\" \/>\n<meta property=\"og:description\" content=\"Rasuti izme\u0111u zelenih obronaka Fru\u0161ke gore i plavog Dunava, Sremski Karlovci \u010duvaju bogatu riznicu srpske kulture i duhovnosti u svojim gra\u0111evinama od neprocenjive istorijske vrednosti, a na njegovim ulicama se [&hellip;]\" \/>\n<meta property=\"og:url\" content=\"https:\/\/serbia.com\/srpski\/posetite-srbiju\/gradovi\/sremski-karlovci-grad-vina-duhovnosti-i-kulture\/\" \/>\n<meta property=\"og:site_name\" content=\"Serbia.com\" \/>\n<meta property=\"article:modified_time\" content=\"2024-10-20T11:38:45+00:00\" \/>\n<meta property=\"og:image\" content=\"https:\/\/serbia.com\/wp-content\/uploads\/2015\/04\/karlovci1.jpg\" \/>\n\t<meta property=\"og:image:width\" content=\"1600\" \/>\n\t<meta property=\"og:image:height\" content=\"668\" \/>\n\t<meta property=\"og:image:type\" content=\"image\/jpeg\" \/>\n<meta name=\"twitter:label1\" content=\"Est. reading time\" \/>\n\t<meta name=\"twitter:data1\" content=\"4 minutes\" \/>\n<script type=\"application\/ld+json\" class=\"yoast-schema-graph\">{\"@context\":\"https:\/\/schema.org\",\"@graph\":[{\"@type\":\"WebPage\",\"@id\":\"https:\/\/serbia.com\/srpski\/posetite-srbiju\/gradovi\/sremski-karlovci-grad-vina-duhovnosti-i-kulture\/\",\"url\":\"https:\/\/serbia.com\/srpski\/posetite-srbiju\/gradovi\/sremski-karlovci-grad-vina-duhovnosti-i-kulture\/\",\"name\":\"Sremski Karlovci, grad vina, duhovnosti i kulture - Serbia.com\",\"isPartOf\":{\"@id\":\"https:\/\/serbia.com\/#website\"},\"primaryImageOfPage\":{\"@id\":\"https:\/\/serbia.com\/srpski\/posetite-srbiju\/gradovi\/sremski-karlovci-grad-vina-duhovnosti-i-kulture\/#primaryimage\"},\"image\":{\"@id\":\"https:\/\/serbia.com\/srpski\/posetite-srbiju\/gradovi\/sremski-karlovci-grad-vina-duhovnosti-i-kulture\/#primaryimage\"},\"thumbnailUrl\":\"https:\/\/serbia.com\/wp-content\/uploads\/2015\/04\/karlovci1.jpg\",\"datePublished\":\"2015-05-07T11:44:47+00:00\",\"dateModified\":\"2024-10-20T11:38:45+00:00\",\"breadcrumb\":{\"@id\":\"https:\/\/serbia.com\/srpski\/posetite-srbiju\/gradovi\/sremski-karlovci-grad-vina-duhovnosti-i-kulture\/#breadcrumb\"},\"inLanguage\":\"srpski\",\"potentialAction\":[{\"@type\":\"ReadAction\",\"target\":[\"https:\/\/serbia.com\/srpski\/posetite-srbiju\/gradovi\/sremski-karlovci-grad-vina-duhovnosti-i-kulture\/\"]}]},{\"@type\":\"ImageObject\",\"inLanguage\":\"srpski\",\"@id\":\"https:\/\/serbia.com\/srpski\/posetite-srbiju\/gradovi\/sremski-karlovci-grad-vina-duhovnosti-i-kulture\/#primaryimage\",\"url\":\"https:\/\/serbia.com\/wp-content\/uploads\/2015\/04\/karlovci1.jpg\",\"contentUrl\":\"https:\/\/serbia.com\/wp-content\/uploads\/2015\/04\/karlovci1.jpg\",\"width\":1600,\"height\":668},{\"@type\":\"BreadcrumbList\",\"@id\":\"https:\/\/serbia.com\/srpski\/posetite-srbiju\/gradovi\/sremski-karlovci-grad-vina-duhovnosti-i-kulture\/#breadcrumb\",\"itemListElement\":[{\"@type\":\"ListItem\",\"position\":1,\"name\":\"Home\",\"item\":\"https:\/\/serbia.com\/srpski\/\"},{\"@type\":\"ListItem\",\"position\":2,\"name\":\"Poseti Srbiju\",\"item\":\"https:\/\/serbia.com\/srpski\/posetite-srbiju\/\"},{\"@type\":\"ListItem\",\"position\":3,\"name\":\"Gradovi\",\"item\":\"https:\/\/serbia.com\/srpski\/posetite-srbiju\/gradovi\/\"},{\"@type\":\"ListItem\",\"position\":4,\"name\":\"Sremski Karlovci, grad vina, duhovnosti i kulture\"}]},{\"@type\":\"WebSite\",\"@id\":\"https:\/\/serbia.com\/#website\",\"url\":\"https:\/\/serbia.com\/\",\"name\":\"Serbia.com\",\"description\":\"Your Gateway to Serbia\",\"potentialAction\":[{\"@type\":\"SearchAction\",\"target\":{\"@type\":\"EntryPoint\",\"urlTemplate\":\"https:\/\/serbia.com\/?s={search_term_string}\"},\"query-input\":{\"@type\":\"PropertyValueSpecification\",\"valueRequired\":true,\"valueName\":\"search_term_string\"}}],\"inLanguage\":\"srpski\"}]}<\/script>\n<!-- \/ Yoast SEO plugin. -->","yoast_head_json":{"title":"Sremski Karlovci, grad vina, duhovnosti i kulture - Serbia.com","robots":{"index":"index","follow":"follow","max-snippet":"max-snippet:-1","max-image-preview":"max-image-preview:large","max-video-preview":"max-video-preview:-1"},"canonical":"https:\/\/serbia.com\/srpski\/posetite-srbiju\/gradovi\/sremski-karlovci-grad-vina-duhovnosti-i-kulture\/","og_locale":"en_US","og_type":"article","og_title":"Sremski Karlovci, grad vina, duhovnosti i kulture - Serbia.com","og_description":"Rasuti izme\u0111u zelenih obronaka Fru\u0161ke gore i plavog Dunava, Sremski Karlovci \u010duvaju bogatu riznicu srpske kulture i duhovnosti u svojim gra\u0111evinama od neprocenjive istorijske vrednosti, a na njegovim ulicama se [&hellip;]","og_url":"https:\/\/serbia.com\/srpski\/posetite-srbiju\/gradovi\/sremski-karlovci-grad-vina-duhovnosti-i-kulture\/","og_site_name":"Serbia.com","article_modified_time":"2024-10-20T11:38:45+00:00","og_image":[{"width":1600,"height":668,"url":"https:\/\/serbia.com\/wp-content\/uploads\/2015\/04\/karlovci1.jpg","type":"image\/jpeg"}],"twitter_misc":{"Est. reading time":"4 minutes"},"schema":{"@context":"https:\/\/schema.org","@graph":[{"@type":"WebPage","@id":"https:\/\/serbia.com\/srpski\/posetite-srbiju\/gradovi\/sremski-karlovci-grad-vina-duhovnosti-i-kulture\/","url":"https:\/\/serbia.com\/srpski\/posetite-srbiju\/gradovi\/sremski-karlovci-grad-vina-duhovnosti-i-kulture\/","name":"Sremski Karlovci, grad vina, duhovnosti i kulture - Serbia.com","isPartOf":{"@id":"https:\/\/serbia.com\/#website"},"primaryImageOfPage":{"@id":"https:\/\/serbia.com\/srpski\/posetite-srbiju\/gradovi\/sremski-karlovci-grad-vina-duhovnosti-i-kulture\/#primaryimage"},"image":{"@id":"https:\/\/serbia.com\/srpski\/posetite-srbiju\/gradovi\/sremski-karlovci-grad-vina-duhovnosti-i-kulture\/#primaryimage"},"thumbnailUrl":"https:\/\/serbia.com\/wp-content\/uploads\/2015\/04\/karlovci1.jpg","datePublished":"2015-05-07T11:44:47+00:00","dateModified":"2024-10-20T11:38:45+00:00","breadcrumb":{"@id":"https:\/\/serbia.com\/srpski\/posetite-srbiju\/gradovi\/sremski-karlovci-grad-vina-duhovnosti-i-kulture\/#breadcrumb"},"inLanguage":"srpski","potentialAction":[{"@type":"ReadAction","target":["https:\/\/serbia.com\/srpski\/posetite-srbiju\/gradovi\/sremski-karlovci-grad-vina-duhovnosti-i-kulture\/"]}]},{"@type":"ImageObject","inLanguage":"srpski","@id":"https:\/\/serbia.com\/srpski\/posetite-srbiju\/gradovi\/sremski-karlovci-grad-vina-duhovnosti-i-kulture\/#primaryimage","url":"https:\/\/serbia.com\/wp-content\/uploads\/2015\/04\/karlovci1.jpg","contentUrl":"https:\/\/serbia.com\/wp-content\/uploads\/2015\/04\/karlovci1.jpg","width":1600,"height":668},{"@type":"BreadcrumbList","@id":"https:\/\/serbia.com\/srpski\/posetite-srbiju\/gradovi\/sremski-karlovci-grad-vina-duhovnosti-i-kulture\/#breadcrumb","itemListElement":[{"@type":"ListItem","position":1,"name":"Home","item":"https:\/\/serbia.com\/srpski\/"},{"@type":"ListItem","position":2,"name":"Poseti Srbiju","item":"https:\/\/serbia.com\/srpski\/posetite-srbiju\/"},{"@type":"ListItem","position":3,"name":"Gradovi","item":"https:\/\/serbia.com\/srpski\/posetite-srbiju\/gradovi\/"},{"@type":"ListItem","position":4,"name":"Sremski Karlovci, grad vina, duhovnosti i kulture"}]},{"@type":"WebSite","@id":"https:\/\/serbia.com\/#website","url":"https:\/\/serbia.com\/","name":"Serbia.com","description":"Your Gateway to Serbia","potentialAction":[{"@type":"SearchAction","target":{"@type":"EntryPoint","urlTemplate":"https:\/\/serbia.com\/?s={search_term_string}"},"query-input":{"@type":"PropertyValueSpecification","valueRequired":true,"valueName":"search_term_string"}}],"inLanguage":"srpski"}]}},"_links":{"self":[{"href":"https:\/\/serbia.com\/srpski\/wp-json\/wp\/v2\/pages\/31575"}],"collection":[{"href":"https:\/\/serbia.com\/srpski\/wp-json\/wp\/v2\/pages"}],"about":[{"href":"https:\/\/serbia.com\/srpski\/wp-json\/wp\/v2\/types\/page"}],"author":[{"embeddable":true,"href":"https:\/\/serbia.com\/srpski\/wp-json\/wp\/v2\/users\/27"}],"replies":[{"embeddable":true,"href":"https:\/\/serbia.com\/srpski\/wp-json\/wp\/v2\/comments?post=31575"}],"version-history":[{"count":1,"href":"https:\/\/serbia.com\/srpski\/wp-json\/wp\/v2\/pages\/31575\/revisions"}],"predecessor-version":[{"id":55682,"href":"https:\/\/serbia.com\/srpski\/wp-json\/wp\/v2\/pages\/31575\/revisions\/55682"}],"up":[{"embeddable":true,"href":"https:\/\/serbia.com\/srpski\/wp-json\/wp\/v2\/pages\/20433"}],"wp:featuredmedia":[{"embeddable":true,"href":"https:\/\/serbia.com\/srpski\/wp-json\/wp\/v2\/media\/31276"}],"wp:attachment":[{"href":"https:\/\/serbia.com\/srpski\/wp-json\/wp\/v2\/media?parent=31575"}],"wp:term":[{"taxonomy":"category","embeddable":true,"href":"https:\/\/serbia.com\/srpski\/wp-json\/wp\/v2\/categories?post=31575"},{"taxonomy":"post_tag","embeddable":true,"href":"https:\/\/serbia.com\/srpski\/wp-json\/wp\/v2\/tags?post=31575"}],"curies":[{"name":"wp","href":"https:\/\/api.w.org\/{rel}","templated":true}]}}