{"id":31568,"date":"2015-05-07T13:15:31","date_gmt":"2015-05-07T11:15:31","guid":{"rendered":"http:\/\/www.serbia.com\/?page_id=31568"},"modified":"2025-10-10T14:24:25","modified_gmt":"2025-10-10T12:24:25","slug":"krusevac-grad-kneza-lazara-okruzen-drevnim-manastirima","status":"publish","type":"page","link":"https:\/\/serbia.com\/srpski\/posetite-srbiju\/gradovi\/krusevac-grad-kneza-lazara-okruzen-drevnim-manastirima\/","title":{"rendered":"Kru\u0161evac, grad kneza Lazara okru\u017een drevnim manastirima"},"content":{"rendered":"<h4>Istorijska de\u0161avanja su Kru\u0161evac u\u010dinila jednim od najzna\u010dajnijih srpskih gradova. Sagradio ga je knez Lazar kao svoj prestoni grad od re\u010dnog kamena \u010diji su ostaci zajedno sa crkvom Lazaricom u svom sredi\u0161tu, zauvek ostali simbol Kru\u0161evca. Osim toga, veliki broj starih manastira i dve srednjovekovne tvr\u0111ave okru\u017euju Kru\u0161evac \u010dine\u0107i ga zanimljivim za turiste.<\/h4>\n<p>Kru\u0161evac je nastajao u rasko\u0161nom prirodnom okru\u017eenju. Sa severa ga ograni\u010dava <a title=\"Morava, kolevka srpske dr\u017eave\" href=\"http:\/\/www.serbia.com\/srpski\/posetite-srbiju\/prirodne-lepote\/reke-i-jezera\/morava-kolevka-srpske-drzave\/\" target=\"_blank\" rel=\"noopener\">Zapadna Morava<\/a>, sa juga naj\u0161umovitija balkanska planina \u2013 Jastrebac, dok se sa jugozapada ka njemu spu\u0161taju obronci <a title=\"Kopaonik, sun\u010dana planina puna srebra\" href=\"http:\/\/www.serbia.com\/srpski\/posetite-srbiju\/prirodne-lepote\/planine\/kopaonik-suncana-planina-puna-srebra\/\" target=\"_blank\" rel=\"noopener\">Kopaonika<\/a> koje svojom dolinom ubla\u017eava reka Rasina.<\/p>\n<blockquote><p><em>O nastanku grada<\/em><\/p>\n<p><em>Dugo su knez Lazar i kneginja Milica istra\u017eivali gde \u0107e izgraditi novu prestonicu. Prema narodnom predanju, zano\u0107ili su jedne no\u0107i na bre\u017euljku iznad Zapadne Morave. Te no\u0107i se kneginji Milici u snu javio Stefan Nemanja i rekao joj da novu prestonicu izgrade ba\u0161 tu gde su zaspali. Tako je i bilo.<\/em><\/p>\n<p><em>Istorija, ipak, ka\u017ee da je knez Lazar, svestan da je njegova dr\u017eava ugro\u017eena od Turaka, odlu\u010dio da ba\u0161 ovde napravi prestonicu \u017eele\u0107i da je pomeri s puta Turcima, \u0161to dalje od glavnih pravaca njihovog nadiranja. Ipak, Turci su u nekoliko navrata osvajali grad i nazivali ga Ald\u017ea Hisar \u2013 \u0160areni grad, tako\u0111e zbog re\u010dnog kamena.<\/em><\/p><\/blockquote>\n<p><strong>Okru\u017een je sa osam manastira od kojih \u010dak \u0161est poti\u010de iz kasnog srednjeg veka<\/strong> (Dren\u010da, Ljubostinja, Naupara, Rudenica, Sveti Roman, Velu\u0107e), a preostala dva (Manastir Pokrova Presvete Bogorodice i Mrzenica) iz kraja 19. i po\u010detka 20. veka. Centar grada krase <strong>crkva Lazarica iz 14. veka<\/strong> i <strong>Hram svetog \u0110or\u0111a<\/strong> s po\u010detka 20. veka. Osim manastira, u okolini Kru\u0161evca se nalaze i srednjovekovne tvr\u0111ave,<strong> Magli\u010d<\/strong> i <strong>Koznik<\/strong>.<\/p>\n<p>Iako se naga\u0111a da je istoimeno naselje postojalo 60 godina pre toga, <strong>Kru\u0161evac je po\u010deo da gradi knez Lazar 1371. godine od \u0161arenog re\u010dnog kamena \u2013 kru\u0161ca<\/strong>, po kome se smatra da je grad dobio ime. I danas u Kru\u0161evcu mnogo toga simbolizuje vreme kneza Lazara, <a title=\"Boj na Kosovu\" href=\"http:\/\/www.serbia.com\/srpski\/boj-na-kosovu-2\/\">Kosovsku bitku<\/a> i njene junake. Kroz gotovo svaku gradsku manifestaciju, provla\u010di se duh tog vremena.<\/p>\n<p><strong>\u201cLazarev grad\u201d<\/strong> privla\u010di najve\u0107i broj posetilaca Kru\u0161evca. Od ovog utvr\u0111enja iz 14. veka sa\u010duvana je <strong>Don\u017eon kula<\/strong>, glavna gradska kula u visini od oko 18 m koja je imala odbrambenu ulogu. Ipak najlep\u0161a gra\u0111evina iz ovog doba, tako\u0111e u sklopu \u201cLazarevog grada\u201d, je crkva Lazarica, biser moravske arhitekture.<\/p>\n<p>Lazarica je sagra\u0111ena u slavu prvoro\u0111enog sina kneza Lazara i ujedno naslednika prestola, Stefana, u vizantijskom i moravskom stilu gradnje sa \u017eivopisom baroknog slikarstva. \u201cLazarev grad ukra\u0161ava i spomenik knezu Lazaru iz 1971. godine postavljen povodom proslave \u201e\u0160est vekova Kru\u0161evca\u201c.<\/p>\n<p>Pored utvr\u0111enja nalazi se <strong>zgrada Narodnog muzeja<\/strong> osnovanog 1951. godine. U njoj se \u010duvaju vredne zbirke u kojima je hronolo\u0161ki raspore\u0111en materijal po\u010dev od praistorije, sa akcentom na srednji vek \u2013 doba kneza Lazara i despota Stefana. Pa\u017enju posetilaca najvi\u0161e privla\u010di <strong>kopija Lazareve haljine<\/strong> kao i <strong>originalna maketa Me\u0161trovi\u0107evog Vidovdanskog hrama\u00a0<\/strong>koji je trebalo da bude podignut na mestu Kosovske bitke.<\/p>\n<figure id=\"attachment_31571\" aria-describedby=\"caption-attachment-31571\" style=\"width: 179px\" class=\"wp-caption alignleft\"><img loading=\"lazy\" decoding=\"async\" class=\"wp-image-31571\" src=\"http:\/\/www.serbia.com\/wp-content\/uploads\/2015\/05\/kosovki-junaci3.jpg\" alt=\"kosovki-junaci3\" width=\"179\" height=\"269\" srcset=\"https:\/\/serbia.com\/wp-content\/uploads\/2015\/05\/kosovki-junaci3.jpg 298w, https:\/\/serbia.com\/wp-content\/uploads\/2015\/05\/kosovki-junaci3-200x300.jpg 200w\" sizes=\"(max-width: 179px) 100vw, 179px\" \/><figcaption id=\"caption-attachment-31571\" class=\"wp-caption-text\">Spomenik kosovskim junacima<\/figcaption><\/figure>\n<p>Jo\u0161 jedan od gradskih simbola je <strong>Spomenik kosovskim junacima<\/strong>, delo poznatog vajara \u0110or\u0111a Jovanovi\u0107a koji je na Svetskoj izlo\u017ebi u Parizu 1900. godine, za ovaj spomenik u stilu francuskog akademizma, nagra\u0111en Zlatnom medaljom I reda. Dominantna kompozicija pripada Bo\u0161ku Jugovi\u0107u i vili. Figura guslara predstavlja trajanje epske borbe naroda, a figura devojke na ju\u017enoj strani personifikuje Srbiju.<\/p>\n<p>Jedan od napoznatijih savremenih srpskih slikara, <strong>Mili\u0107 od Ma\u010dve, poklonio je Kru\u0161evcu legat od preko 120 slika<\/strong> iz srpske istorije od <a title=\"Kako su se sreli Fridrih I Barbarosa i Stefan Nemanja?\" href=\"http:\/\/www.serbia.com\/srpski\/pomoc-nemackom-caru-2\/\">Stefana Nemanje<\/a> do savremenog doba s akcentom na Kosovski boj. Galerija sa stalnom postavkom gleda na park u kome se nalazi \u201cLazarev grad\u201d \u0161to je bila zamisao samog slikara.<\/p>\n<p>Najlep\u0161a zgrada Kru\u0161evca je <strong>Gradska ku\u0107a<\/strong> nastala pre Prvog svetskog rata u duhu neoklasicizma u kojoj se danas nalazi sredi\u0161te o\u0161tine. Njenu unutra\u0161njost je obele\u017eila skulptura hrvatskog vajara Ivana Rendi\u0107a <strong>\u201cHercegovka plete vijenac\u201d<\/strong> kao i <strong>Mozaik sala<\/strong> \u010diji zidovi u mozaiku oslikavaju \u017eivot Moravske Srbije.<\/p>\n<p>U \u0161umovitom delu grada, na mestu gde su okupatori streljali borce i taoce u Drugom svetskom ratu, nalazi se <strong>spomen park \u201eSlobodi\u0161te\u201d<\/strong>, najve\u0107i memorijalni kompleks u Kru\u0161eva\u010dkom kraju, napravljen 1965. godine.<\/p>\n<p>Pored svih znamenitosti \u010dije razgledanje mo\u017ee da ispuni ceo jedan dan u ovom gradu u centralnoj Srbiji, on nudi i brojna mesta za opu\u0161tanje, odmor i zabavu.<\/p>\n<h4>Kako do\u0107i u Kru\u0161evac?<\/h4>\n<p>Kru\u0161evac se nalazi u centralnom delu republike Srbije, udaljen 196 km od <a title=\"Beograd\" href=\"http:\/\/www.serbia.com\/srpski\/posetite-srbiju\/gradovi\/beograd\/\" target=\"_blank\" rel=\"noopener\">Beograda<\/a>. Iz pravca prestonice se do ovog grada najbr\u017ee sti\u017ee autoputem E75 ka <a title=\"Od svitanja do svitanja u Ni\u0161u\" href=\"http:\/\/www.serbia.com\/srpski\/posetite-srbiju\/gradovi\/nis\/\" target=\"_blank\" rel=\"noopener\">Ni\u0161u<\/a>, pa se za Kru\u0161evac prate isklju\u010denja posle Para\u0107ina. Od isklju\u010denja sa autoputa do odredi\u0161ta potrebno je pre\u0107i 27 km.<\/p>\n<p>Iz svih ve\u0107ih gradova do Kru\u0161evca saobra\u0107aju redovne autobuske linije, a do ovog grada je mogu\u0107e do\u0107i i \u017eeleznicom.<\/p>\n<h4>Kada ste ve\u0107 ovde ne propustite\u2026<\/h4>\n<p><strong>Ku\u0107u Simi\u0107a<\/strong>, jednu od najstarijih sa\u010duvanih gra\u0111evina u Kru\u0161evcu.<\/p>\n<p>Posetite planine <strong>Jastrebac<\/strong> i <a title=\"Kopaonik, sun\u010dana planina puna srebra\" href=\"http:\/\/www.serbia.com\/srpski\/posetite-srbiju\/prirodne-lepote\/planine\/kopaonik-suncana-planina-puna-srebra\/\" target=\"_blank\" rel=\"noopener\"><strong>Kopaonik<\/strong><\/a>, kao i <strong>Ribarsku banju<\/strong>.<\/p>\n<p>Obi\u0111ite <a title=\"Manastiri i crkve\" href=\"http:\/\/www.serbia.com\/srpski\/posetite-srbiju\/kulturne-atrakcije\/manastiri-i-crkve\/\" target=\"_blank\" rel=\"noopener\"><strong>manastire<\/strong><\/a> i <strong>tvr\u0111ave Rasinskog okruga<\/strong>.<\/p>\n<p><strong>Vidovdanske sve\u010danosti<\/strong> u junu.<\/p>\n","protected":false},"excerpt":{"rendered":"<p>Istorijska de\u0161avanja su Kru\u0161evac u\u010dinila jednim od najzna\u010dajnijih srpskih gradova. Sagradio ga je knez Lazar kao svoj prestoni grad od re\u010dnog kamena \u010diji su ostaci zajedno sa crkvom Lazaricom u [&hellip;]<\/p>\n","protected":false},"author":27,"featured_media":31408,"parent":20433,"menu_order":0,"comment_status":"closed","ping_status":"closed","template":"","meta":{"_acf_changed":false,"inline_featured_image":false,"_monsterinsights_skip_tracking":false,"_monsterinsights_sitenote_active":false,"_monsterinsights_sitenote_note":"","_monsterinsights_sitenote_category":0,"footnotes":""},"categories":[1672],"tags":[],"class_list":["post-31568","page","type-page","status-publish","has-post-thumbnail","hentry","category-gradovi"],"acf":[],"yoast_head":"<!-- This site is optimized with the Yoast SEO plugin v23.8 - https:\/\/yoast.com\/wordpress\/plugins\/seo\/ -->\n<title>Kru\u0161evac, grad kneza Lazara okru\u017een drevnim manastirima - Serbia.com<\/title>\n<meta name=\"robots\" content=\"index, follow, max-snippet:-1, max-image-preview:large, max-video-preview:-1\" \/>\n<link rel=\"canonical\" href=\"https:\/\/serbia.com\/srpski\/posetite-srbiju\/gradovi\/krusevac-grad-kneza-lazara-okruzen-drevnim-manastirima\/\" \/>\n<meta property=\"og:locale\" content=\"en_US\" \/>\n<meta property=\"og:type\" content=\"article\" \/>\n<meta property=\"og:title\" content=\"Kru\u0161evac, grad kneza Lazara okru\u017een drevnim manastirima - Serbia.com\" \/>\n<meta property=\"og:description\" content=\"Istorijska de\u0161avanja su Kru\u0161evac u\u010dinila jednim od najzna\u010dajnijih srpskih gradova. Sagradio ga je knez Lazar kao svoj prestoni grad od re\u010dnog kamena \u010diji su ostaci zajedno sa crkvom Lazaricom u [&hellip;]\" \/>\n<meta property=\"og:url\" content=\"https:\/\/serbia.com\/srpski\/posetite-srbiju\/gradovi\/krusevac-grad-kneza-lazara-okruzen-drevnim-manastirima\/\" \/>\n<meta property=\"og:site_name\" content=\"Serbia.com\" \/>\n<meta property=\"article:modified_time\" content=\"2025-10-10T12:24:25+00:00\" \/>\n<meta property=\"og:image\" content=\"https:\/\/serbia.com\/wp-content\/uploads\/2015\/04\/ks.jpg\" \/>\n\t<meta property=\"og:image:width\" content=\"1600\" \/>\n\t<meta property=\"og:image:height\" content=\"792\" \/>\n\t<meta property=\"og:image:type\" content=\"image\/jpeg\" \/>\n<meta name=\"twitter:label1\" content=\"Est. reading time\" \/>\n\t<meta name=\"twitter:data1\" content=\"4 minutes\" \/>\n<script type=\"application\/ld+json\" class=\"yoast-schema-graph\">{\"@context\":\"https:\/\/schema.org\",\"@graph\":[{\"@type\":\"WebPage\",\"@id\":\"https:\/\/serbia.com\/srpski\/posetite-srbiju\/gradovi\/krusevac-grad-kneza-lazara-okruzen-drevnim-manastirima\/\",\"url\":\"https:\/\/serbia.com\/srpski\/posetite-srbiju\/gradovi\/krusevac-grad-kneza-lazara-okruzen-drevnim-manastirima\/\",\"name\":\"Kru\u0161evac, grad kneza Lazara okru\u017een drevnim manastirima - Serbia.com\",\"isPartOf\":{\"@id\":\"https:\/\/serbia.com\/#website\"},\"primaryImageOfPage\":{\"@id\":\"https:\/\/serbia.com\/srpski\/posetite-srbiju\/gradovi\/krusevac-grad-kneza-lazara-okruzen-drevnim-manastirima\/#primaryimage\"},\"image\":{\"@id\":\"https:\/\/serbia.com\/srpski\/posetite-srbiju\/gradovi\/krusevac-grad-kneza-lazara-okruzen-drevnim-manastirima\/#primaryimage\"},\"thumbnailUrl\":\"https:\/\/serbia.com\/wp-content\/uploads\/2015\/04\/ks.jpg\",\"datePublished\":\"2015-05-07T11:15:31+00:00\",\"dateModified\":\"2025-10-10T12:24:25+00:00\",\"breadcrumb\":{\"@id\":\"https:\/\/serbia.com\/srpski\/posetite-srbiju\/gradovi\/krusevac-grad-kneza-lazara-okruzen-drevnim-manastirima\/#breadcrumb\"},\"inLanguage\":\"srpski\",\"potentialAction\":[{\"@type\":\"ReadAction\",\"target\":[\"https:\/\/serbia.com\/srpski\/posetite-srbiju\/gradovi\/krusevac-grad-kneza-lazara-okruzen-drevnim-manastirima\/\"]}]},{\"@type\":\"ImageObject\",\"inLanguage\":\"srpski\",\"@id\":\"https:\/\/serbia.com\/srpski\/posetite-srbiju\/gradovi\/krusevac-grad-kneza-lazara-okruzen-drevnim-manastirima\/#primaryimage\",\"url\":\"https:\/\/serbia.com\/wp-content\/uploads\/2015\/04\/ks.jpg\",\"contentUrl\":\"https:\/\/serbia.com\/wp-content\/uploads\/2015\/04\/ks.jpg\",\"width\":1600,\"height\":792},{\"@type\":\"BreadcrumbList\",\"@id\":\"https:\/\/serbia.com\/srpski\/posetite-srbiju\/gradovi\/krusevac-grad-kneza-lazara-okruzen-drevnim-manastirima\/#breadcrumb\",\"itemListElement\":[{\"@type\":\"ListItem\",\"position\":1,\"name\":\"Home\",\"item\":\"https:\/\/serbia.com\/srpski\/\"},{\"@type\":\"ListItem\",\"position\":2,\"name\":\"Poseti Srbiju\",\"item\":\"https:\/\/serbia.com\/srpski\/posetite-srbiju\/\"},{\"@type\":\"ListItem\",\"position\":3,\"name\":\"Gradovi\",\"item\":\"https:\/\/serbia.com\/srpski\/posetite-srbiju\/gradovi\/\"},{\"@type\":\"ListItem\",\"position\":4,\"name\":\"Kru\u0161evac, grad kneza Lazara okru\u017een drevnim manastirima\"}]},{\"@type\":\"WebSite\",\"@id\":\"https:\/\/serbia.com\/#website\",\"url\":\"https:\/\/serbia.com\/\",\"name\":\"Serbia.com\",\"description\":\"Your Gateway to Serbia\",\"potentialAction\":[{\"@type\":\"SearchAction\",\"target\":{\"@type\":\"EntryPoint\",\"urlTemplate\":\"https:\/\/serbia.com\/?s={search_term_string}\"},\"query-input\":{\"@type\":\"PropertyValueSpecification\",\"valueRequired\":true,\"valueName\":\"search_term_string\"}}],\"inLanguage\":\"srpski\"}]}<\/script>\n<!-- \/ Yoast SEO plugin. -->","yoast_head_json":{"title":"Kru\u0161evac, grad kneza Lazara okru\u017een drevnim manastirima - Serbia.com","robots":{"index":"index","follow":"follow","max-snippet":"max-snippet:-1","max-image-preview":"max-image-preview:large","max-video-preview":"max-video-preview:-1"},"canonical":"https:\/\/serbia.com\/srpski\/posetite-srbiju\/gradovi\/krusevac-grad-kneza-lazara-okruzen-drevnim-manastirima\/","og_locale":"en_US","og_type":"article","og_title":"Kru\u0161evac, grad kneza Lazara okru\u017een drevnim manastirima - Serbia.com","og_description":"Istorijska de\u0161avanja su Kru\u0161evac u\u010dinila jednim od najzna\u010dajnijih srpskih gradova. Sagradio ga je knez Lazar kao svoj prestoni grad od re\u010dnog kamena \u010diji su ostaci zajedno sa crkvom Lazaricom u [&hellip;]","og_url":"https:\/\/serbia.com\/srpski\/posetite-srbiju\/gradovi\/krusevac-grad-kneza-lazara-okruzen-drevnim-manastirima\/","og_site_name":"Serbia.com","article_modified_time":"2025-10-10T12:24:25+00:00","og_image":[{"width":1600,"height":792,"url":"https:\/\/serbia.com\/wp-content\/uploads\/2015\/04\/ks.jpg","type":"image\/jpeg"}],"twitter_misc":{"Est. reading time":"4 minutes"},"schema":{"@context":"https:\/\/schema.org","@graph":[{"@type":"WebPage","@id":"https:\/\/serbia.com\/srpski\/posetite-srbiju\/gradovi\/krusevac-grad-kneza-lazara-okruzen-drevnim-manastirima\/","url":"https:\/\/serbia.com\/srpski\/posetite-srbiju\/gradovi\/krusevac-grad-kneza-lazara-okruzen-drevnim-manastirima\/","name":"Kru\u0161evac, grad kneza Lazara okru\u017een drevnim manastirima - Serbia.com","isPartOf":{"@id":"https:\/\/serbia.com\/#website"},"primaryImageOfPage":{"@id":"https:\/\/serbia.com\/srpski\/posetite-srbiju\/gradovi\/krusevac-grad-kneza-lazara-okruzen-drevnim-manastirima\/#primaryimage"},"image":{"@id":"https:\/\/serbia.com\/srpski\/posetite-srbiju\/gradovi\/krusevac-grad-kneza-lazara-okruzen-drevnim-manastirima\/#primaryimage"},"thumbnailUrl":"https:\/\/serbia.com\/wp-content\/uploads\/2015\/04\/ks.jpg","datePublished":"2015-05-07T11:15:31+00:00","dateModified":"2025-10-10T12:24:25+00:00","breadcrumb":{"@id":"https:\/\/serbia.com\/srpski\/posetite-srbiju\/gradovi\/krusevac-grad-kneza-lazara-okruzen-drevnim-manastirima\/#breadcrumb"},"inLanguage":"srpski","potentialAction":[{"@type":"ReadAction","target":["https:\/\/serbia.com\/srpski\/posetite-srbiju\/gradovi\/krusevac-grad-kneza-lazara-okruzen-drevnim-manastirima\/"]}]},{"@type":"ImageObject","inLanguage":"srpski","@id":"https:\/\/serbia.com\/srpski\/posetite-srbiju\/gradovi\/krusevac-grad-kneza-lazara-okruzen-drevnim-manastirima\/#primaryimage","url":"https:\/\/serbia.com\/wp-content\/uploads\/2015\/04\/ks.jpg","contentUrl":"https:\/\/serbia.com\/wp-content\/uploads\/2015\/04\/ks.jpg","width":1600,"height":792},{"@type":"BreadcrumbList","@id":"https:\/\/serbia.com\/srpski\/posetite-srbiju\/gradovi\/krusevac-grad-kneza-lazara-okruzen-drevnim-manastirima\/#breadcrumb","itemListElement":[{"@type":"ListItem","position":1,"name":"Home","item":"https:\/\/serbia.com\/srpski\/"},{"@type":"ListItem","position":2,"name":"Poseti Srbiju","item":"https:\/\/serbia.com\/srpski\/posetite-srbiju\/"},{"@type":"ListItem","position":3,"name":"Gradovi","item":"https:\/\/serbia.com\/srpski\/posetite-srbiju\/gradovi\/"},{"@type":"ListItem","position":4,"name":"Kru\u0161evac, grad kneza Lazara okru\u017een drevnim manastirima"}]},{"@type":"WebSite","@id":"https:\/\/serbia.com\/#website","url":"https:\/\/serbia.com\/","name":"Serbia.com","description":"Your Gateway to Serbia","potentialAction":[{"@type":"SearchAction","target":{"@type":"EntryPoint","urlTemplate":"https:\/\/serbia.com\/?s={search_term_string}"},"query-input":{"@type":"PropertyValueSpecification","valueRequired":true,"valueName":"search_term_string"}}],"inLanguage":"srpski"}]}},"_links":{"self":[{"href":"https:\/\/serbia.com\/srpski\/wp-json\/wp\/v2\/pages\/31568"}],"collection":[{"href":"https:\/\/serbia.com\/srpski\/wp-json\/wp\/v2\/pages"}],"about":[{"href":"https:\/\/serbia.com\/srpski\/wp-json\/wp\/v2\/types\/page"}],"author":[{"embeddable":true,"href":"https:\/\/serbia.com\/srpski\/wp-json\/wp\/v2\/users\/27"}],"replies":[{"embeddable":true,"href":"https:\/\/serbia.com\/srpski\/wp-json\/wp\/v2\/comments?post=31568"}],"version-history":[{"count":2,"href":"https:\/\/serbia.com\/srpski\/wp-json\/wp\/v2\/pages\/31568\/revisions"}],"predecessor-version":[{"id":63015,"href":"https:\/\/serbia.com\/srpski\/wp-json\/wp\/v2\/pages\/31568\/revisions\/63015"}],"up":[{"embeddable":true,"href":"https:\/\/serbia.com\/srpski\/wp-json\/wp\/v2\/pages\/20433"}],"wp:featuredmedia":[{"embeddable":true,"href":"https:\/\/serbia.com\/srpski\/wp-json\/wp\/v2\/media\/31408"}],"wp:attachment":[{"href":"https:\/\/serbia.com\/srpski\/wp-json\/wp\/v2\/media?parent=31568"}],"wp:term":[{"taxonomy":"category","embeddable":true,"href":"https:\/\/serbia.com\/srpski\/wp-json\/wp\/v2\/categories?post=31568"},{"taxonomy":"post_tag","embeddable":true,"href":"https:\/\/serbia.com\/srpski\/wp-json\/wp\/v2\/tags?post=31568"}],"curies":[{"name":"wp","href":"https:\/\/api.w.org\/{rel}","templated":true}]}}