{"id":31560,"date":"2015-05-07T12:48:54","date_gmt":"2015-05-07T10:48:54","guid":{"rendered":"http:\/\/www.serbia.com\/?page_id=31560"},"modified":"2024-10-20T13:40:18","modified_gmt":"2024-10-20T11:40:18","slug":"smederevo-grad-sa-dusom-u-tvrdavi","status":"publish","type":"page","link":"https:\/\/serbia.com\/srpski\/posetite-srbiju\/gradovi\/smederevo-grad-sa-dusom-u-tvrdavi\/","title":{"rendered":"Smederevo, grad sa du\u0161om u tvr\u0111avi"},"content":{"rendered":"<h4>Uz samu obalu Dunava, na rubu grada Smedereva, nekim novim svetlom zanimljivih manifestacija blje\u0161ti stara Smederevska tvr\u0111ava, najve\u0107e evropsko ravni\u010darsko utvr\u0111enje.<\/h4>\n<p>Smederevo je izgra\u0111eno na strate\u0161ki veoma zna\u010dajnom mestu. <strong>Nekada je \u010duvalo granicu Rimskog carstva<\/strong>, a krasnije je pokraj njega prolazio Carigradski drum. Ipak, poseban zna\u010daj ovaj grad je dobio po\u010detkom XV veka kada ga je srpski <strong>despot \u0110ura\u0111 Brankovi\u0107<\/strong> u\u010dinio poslednjom srednjovekovnom prestonicom Srbije.<\/p>\n<p>Po uzoru na Carigrad i njegove bedeme, despot \u0110ura\u0111 je na rubu ovog starog grada izgradio vekovni simbol Smedereva, <a title=\"Smederevo, grad sa du\u0161om u tvr\u0111avi\" href=\"http:\/\/www.serbia.com\/srpski\/posetite-srbiju\/kulturne-atrakcije\/dvorci-i-tvrdave\/smederevska-tvrdava-grad-proklete-jerine\/\" target=\"_blank\" rel=\"noopener\">tvr\u0111avu<\/a> sa pogledom na u\u0161\u0107e Jazave u <a title=\"Dunav, mesto spajanja i razdvajanja\" href=\"http:\/\/www.serbia.com\/srpski\/posetite-srbiju\/prirodne-lepote\/reke-i-jezera\/dunav-mesto-spajanja-i-razdvajanja\/\" target=\"_blank\" rel=\"noopener\">Dunav<\/a>.<\/p>\n<p>Zbog njene veli\u010dine kao i brzine kojom je gra\u0111ena, izgradnja tvr\u0111ave pra\u0107ena je brojnim \u017ertvama. Nesre\u0107e su izazvale mr\u017enju despotovih podanika usmerenu pre svega na suprugu vladara, <strong>gr\u010dku princezu Irinu Kantakuzen<\/strong>. Ogor\u010deni ljudi prozvali su je <em><strong>\u201cprokleta Jerina\u201d<\/strong><\/em>, \u0161to je ovekove\u010deno u narodnoj tradiciji.<\/p>\n<p>Legende o Jerini i dalje se raspredaju, ali je tvr\u0111ava Smederevljanima ostala kao vi\u0161evekovni ponos i mesto njihovog okupljanja. Unutar njenih mo\u0107nih zidina danas se odr\u017eavaju koncerti i va\u017ene manifestacije kao \u0161to su <strong>\u201cSmederevska jesen\u201c<\/strong> ili festival <strong>\u201cTvr\u0111ava tetar\u201c<\/strong>.<\/p>\n<figure id=\"attachment_18490\" aria-describedby=\"caption-attachment-18490\" style=\"width: 640px\" class=\"wp-caption aligncenter\"><img loading=\"lazy\" decoding=\"async\" class=\"wp-image-18490 size-full\" src=\"http:\/\/www.serbia.com\/wp-content\/uploads\/2013\/07\/Smederevo-tvrdjava264241211.jpg\" alt=\"Smederevo tvrdjava26424121\" width=\"640\" height=\"427\" srcset=\"https:\/\/serbia.com\/wp-content\/uploads\/2013\/07\/Smederevo-tvrdjava264241211.jpg 640w, https:\/\/serbia.com\/wp-content\/uploads\/2013\/07\/Smederevo-tvrdjava264241211-300x200.jpg 300w\" sizes=\"(max-width: 640px) 100vw, 640px\" \/><figcaption id=\"caption-attachment-18490\" class=\"wp-caption-text\">Scena \u201cTvr\u0111ava teatra\u201d<\/figcaption><\/figure>\n<p>Smederevske manifestacije se sa Tvr\u0111ave prenose i na centralni gradski trg kojim gospodari <strong>hram Svetog Georgija<\/strong>, tre\u0107i po veli\u010dni u Srbiji. Kupole hrama sagra\u0111enog pedesetih godina 19. veka nadvisuju sva ostala zdanja u Smederevu podse\u0107aju\u0107i na <strong>Manasiju<\/strong>, manastir koji je poslu\u017eio kao uzor za njegovu izgradnju.<\/p>\n<figure id=\"attachment_18491\" aria-describedby=\"caption-attachment-18491\" style=\"width: 640px\" class=\"wp-caption aligncenter\"><img loading=\"lazy\" decoding=\"async\" class=\"wp-image-18491 size-full\" src=\"http:\/\/www.serbia.com\/wp-content\/uploads\/2013\/07\/hram-sv-djordja1.jpg\" alt=\"hram sv djordja\" width=\"640\" height=\"480\" srcset=\"https:\/\/serbia.com\/wp-content\/uploads\/2013\/07\/hram-sv-djordja1.jpg 640w, https:\/\/serbia.com\/wp-content\/uploads\/2013\/07\/hram-sv-djordja1-300x225.jpg 300w\" sizes=\"(max-width: 640px) 100vw, 640px\" \/><figcaption id=\"caption-attachment-18491\" class=\"wp-caption-text\">Saborni Hram Svetog velikomu\u010denika pobedonosca Georgija<\/figcaption><\/figure>\n<p>Na prostranom platou u centru grada nalazi se i <strong>Muzej<\/strong> u kome se mogu videti paleontolo\u0161ke, arheolo\u0161ke, numizmati\u010dke, istorijske, etnolo\u0161ke zbirke, ali i <strong>Galerija savremene umetnosti<\/strong> u njegovom sklopu.<\/p>\n<blockquote><p><em>Misteriozno blago Brankovi\u0107a<\/em><\/p>\n<p><em>Jo\u0161 uvek Smederevljani raspredaju legende o Brankovi\u0107ima i njihovom silnom bogatstvu, o prokletoj Jerini i njenim ljubavnicima koje je po predanju zavodila i ubijala. Jedna od legendi ka\u017ee da je podnarednik Ilija Konstantinovi\u0107, koji je bio na du\u017enosti u Garnizonu u tvr\u0111avi, sanjao da \u0107e, ako ga drug Vasilije zakopa jer \u201ctako valja\u201d, otkopati blago despota \u0110ura\u0111a u Dunav-kapiji. Ilija i Vasilije poverovali su snu, a pri\u010da se zavr\u0161ila nesre\u0107no. Blago niko nikada nije prona\u0161ao\u2026<\/em><\/p><\/blockquote>\n<p>Na trgu je svoje mesto na\u0161ao i <strong>\u201cKara\u0111or\u0111ev dud\u201d<\/strong>, <strong>star oko 300 godina, koji ima simboli\u010dan zna\u010daj za Smederevo i Srbiju.<\/strong> Pod ovim stablom je 8. novembra 1805. godine vo\u017ed Kara\u0111or\u0111e, u prisustvu srpskih stare\u0161ina i ustanika, primio klju\u010deve Smederevske tvr\u0111ave od turskog zapovednika grada. Time je ozna\u010deno oslobo\u0111enje Smedereva od turske vlasti.<\/p>\n<p>Neposredno pored trga prolazi <strong>ulica Kralja Petra<\/strong>, naj\u017eivlja ulica u gradu, u kojoj se nalazi niz lepih ba\u0161ta i kafi\u0107a.<\/p>\n<p>Ve\u0107 na slede\u0107em koraku o\u010darava <strong>kompleks neobi\u010dnih drvenih ku\u0107ica<\/strong> izgra\u0111enih od autenti\u010dnih ba\u010dvi i buradi, starih vi\u0161e stotina godina. To je <strong>\u201eVinski grad\u201c<\/strong> u kome su tokom \u010ditave godine izlo\u017eena najbolja vina iz smederevskog kraja, poznatog po bogatom vinogorju. Zato je ovde formiran \u201e<a title=\"Vinski putevi\" href=\"http:\/\/www.serbia.com\/srpski\/posetite-srbiju\/provedi-se\/vinski-putevi\/\" target=\"_blank\" rel=\"noopener\">vinski put<\/a>\u201c, a po imenu grada nazvana je vrsta gro\u017e\u0111a koja se ovde najvi\u0161e gaji, kao i vino koje se od nje dobija \u2013 <strong>\u201cSmederevka\u201c<\/strong>.<\/p>\n<p>Najpoznatiji vinogradari ovog kraja bili su Obrenovi\u0107i, srpska kraljevska porodica. Oko njihovog letnjikovca, vile <strong>\u201cZlatni breg\u201d<\/strong> poznatije kao <strong>\u201cKraljev vinograd\u201c<\/strong>, nalaze se vinogradi kneza Milo\u0161a. Danas se u vili nalazi postavka Istorijskog muzeja i Muzeja primenjene umetnosti, ali je sa\u010duvano vrlo malo dvorskih predmeta Obrenovi\u0107a.<\/p>\n<p>Iz dvorskog parka pru\u017ea se divan pogled na Dunav i Panonsku niziju, a najlep\u0161i je u suton kad se nebo nad Smederevom zarumeni, a stara Tvr\u0111ava na Dunavu bljesne pod svetlima reflektora navode\u0107i brodove ka gradu Brankovi\u0107a, kao svetionik.<\/p>\n<h4>Kako do\u0107i do Smedereva?<\/h4>\n<p>U blizini Smedereva nalazi se auto-put <a title=\"Beograd\" href=\"http:\/\/www.serbia.com\/srpski\/posetite-srbiju\/gradovi\/beograd\/\" target=\"_blank\" rel=\"noopener\">Beograd<\/a> \u2013 <a title=\"Od svitanja do svitanja u Ni\u0161u\" href=\"http:\/\/www.serbia.com\/srpski\/posetite-srbiju\/gradovi\/nis\/\" target=\"_blank\" rel=\"noopener\">Ni\u0161<\/a> i magistralni put iz pravca Kovina, pa do ovog grada mo\u017eete lako do\u0107i bilo kojim prevoznim sredstvom. Smederevo je od Beograda udaljeno 45 km, ukoliko koristite put preko Grocke, a 55 km ako putujete auto-putem E-75 u pravcu Ni\u0161a. Autobuska i \u017eelezni\u010dka stanica Smederevo nalaze se jedna pored druge, u centru grada, a iz svih ve\u0107ih gradova Srbije postoje redovni autobuski polasci ka Smederevu.<\/p>\n<h4>Kada ste ve\u0107 ovde, ne propustite\u2026<\/h4>\n<p><strong>Smederevsku jesen<\/strong>, manifestaciju koja slavi gro\u017e\u0111e, vino i ostalo vo\u0107e, de\u0161ava se u prvoj polovini septembra i traje osam dana. Manifestacija je pra\u0107ena bogatim dnevnim i no\u0107nim programom, a Smederevo je tih dana \u201enaj\u017eivlje\u201c u godini.<\/p>\n<p><strong>Tvr\u0111ava teatar<\/strong> , festival koji se odr\u017eava po\u010detkom jula i traje devet dana. Ako ste ljubitelj pozori\u0161ne umetnosti, ne propustite da u savr\u0161enom ambijentu Smederevske tvr\u0111ave pogledate najzanimljivije pozori\u0161ne komade.<\/p>\n<p>S prole\u0107a i leta, ne propustite <strong>krstarenje Dunavom<\/strong>.<\/p>\n<p>Foto3: Wikimedia Commons by Cornelius Bechtler pod Creative Commons Attribution-Share Alike 3.0 Unportedlicencom.<\/p>\n","protected":false},"excerpt":{"rendered":"<p>Uz samu obalu Dunava, na rubu grada Smedereva, nekim novim svetlom zanimljivih manifestacija blje\u0161ti stara Smederevska tvr\u0111ava, najve\u0107e evropsko ravni\u010darsko utvr\u0111enje. Smederevo je izgra\u0111eno na strate\u0161ki veoma zna\u010dajnom mestu. Nekada [&hellip;]<\/p>\n","protected":false},"author":27,"featured_media":17614,"parent":20433,"menu_order":0,"comment_status":"closed","ping_status":"closed","template":"","meta":{"_acf_changed":false,"inline_featured_image":false,"_monsterinsights_skip_tracking":false,"_monsterinsights_sitenote_active":false,"_monsterinsights_sitenote_note":"","_monsterinsights_sitenote_category":0,"footnotes":""},"categories":[1672],"tags":[],"class_list":["post-31560","page","type-page","status-publish","has-post-thumbnail","hentry","category-gradovi"],"acf":[],"yoast_head":"<!-- This site is optimized with the Yoast SEO plugin v23.8 - https:\/\/yoast.com\/wordpress\/plugins\/seo\/ -->\n<title>Smederevo, grad sa du\u0161om u tvr\u0111avi - Serbia.com<\/title>\n<meta name=\"robots\" content=\"index, follow, max-snippet:-1, max-image-preview:large, max-video-preview:-1\" \/>\n<link rel=\"canonical\" href=\"https:\/\/serbia.com\/srpski\/posetite-srbiju\/gradovi\/smederevo-grad-sa-dusom-u-tvrdavi\/\" \/>\n<meta property=\"og:locale\" content=\"en_US\" \/>\n<meta property=\"og:type\" content=\"article\" \/>\n<meta property=\"og:title\" content=\"Smederevo, grad sa du\u0161om u tvr\u0111avi - Serbia.com\" \/>\n<meta property=\"og:description\" content=\"Uz samu obalu Dunava, na rubu grada Smedereva, nekim novim svetlom zanimljivih manifestacija blje\u0161ti stara Smederevska tvr\u0111ava, najve\u0107e evropsko ravni\u010darsko utvr\u0111enje. Smederevo je izgra\u0111eno na strate\u0161ki veoma zna\u010dajnom mestu. Nekada [&hellip;]\" \/>\n<meta property=\"og:url\" content=\"https:\/\/serbia.com\/srpski\/posetite-srbiju\/gradovi\/smederevo-grad-sa-dusom-u-tvrdavi\/\" \/>\n<meta property=\"og:site_name\" content=\"Serbia.com\" \/>\n<meta property=\"article:modified_time\" content=\"2024-10-20T11:40:18+00:00\" \/>\n<meta property=\"og:image\" content=\"https:\/\/serbia.com\/wp-content\/uploads\/2012\/12\/Smederevska-tvrdjava-Smederevo-Dunav1.jpg\" \/>\n\t<meta property=\"og:image:width\" content=\"1256\" \/>\n\t<meta property=\"og:image:height\" content=\"770\" \/>\n\t<meta property=\"og:image:type\" content=\"image\/jpeg\" \/>\n<meta name=\"twitter:label1\" content=\"Est. reading time\" \/>\n\t<meta name=\"twitter:data1\" content=\"4 minutes\" \/>\n<script type=\"application\/ld+json\" class=\"yoast-schema-graph\">{\"@context\":\"https:\/\/schema.org\",\"@graph\":[{\"@type\":\"WebPage\",\"@id\":\"https:\/\/serbia.com\/srpski\/posetite-srbiju\/gradovi\/smederevo-grad-sa-dusom-u-tvrdavi\/\",\"url\":\"https:\/\/serbia.com\/srpski\/posetite-srbiju\/gradovi\/smederevo-grad-sa-dusom-u-tvrdavi\/\",\"name\":\"Smederevo, grad sa du\u0161om u tvr\u0111avi - Serbia.com\",\"isPartOf\":{\"@id\":\"https:\/\/serbia.com\/#website\"},\"primaryImageOfPage\":{\"@id\":\"https:\/\/serbia.com\/srpski\/posetite-srbiju\/gradovi\/smederevo-grad-sa-dusom-u-tvrdavi\/#primaryimage\"},\"image\":{\"@id\":\"https:\/\/serbia.com\/srpski\/posetite-srbiju\/gradovi\/smederevo-grad-sa-dusom-u-tvrdavi\/#primaryimage\"},\"thumbnailUrl\":\"https:\/\/serbia.com\/wp-content\/uploads\/2012\/12\/Smederevska-tvrdjava-Smederevo-Dunav1.jpg\",\"datePublished\":\"2015-05-07T10:48:54+00:00\",\"dateModified\":\"2024-10-20T11:40:18+00:00\",\"breadcrumb\":{\"@id\":\"https:\/\/serbia.com\/srpski\/posetite-srbiju\/gradovi\/smederevo-grad-sa-dusom-u-tvrdavi\/#breadcrumb\"},\"inLanguage\":\"srpski\",\"potentialAction\":[{\"@type\":\"ReadAction\",\"target\":[\"https:\/\/serbia.com\/srpski\/posetite-srbiju\/gradovi\/smederevo-grad-sa-dusom-u-tvrdavi\/\"]}]},{\"@type\":\"ImageObject\",\"inLanguage\":\"srpski\",\"@id\":\"https:\/\/serbia.com\/srpski\/posetite-srbiju\/gradovi\/smederevo-grad-sa-dusom-u-tvrdavi\/#primaryimage\",\"url\":\"https:\/\/serbia.com\/wp-content\/uploads\/2012\/12\/Smederevska-tvrdjava-Smederevo-Dunav1.jpg\",\"contentUrl\":\"https:\/\/serbia.com\/wp-content\/uploads\/2012\/12\/Smederevska-tvrdjava-Smederevo-Dunav1.jpg\",\"width\":1256,\"height\":770,\"caption\":\"Sumrak na Smederevskoj tvr\u0111avi\"},{\"@type\":\"BreadcrumbList\",\"@id\":\"https:\/\/serbia.com\/srpski\/posetite-srbiju\/gradovi\/smederevo-grad-sa-dusom-u-tvrdavi\/#breadcrumb\",\"itemListElement\":[{\"@type\":\"ListItem\",\"position\":1,\"name\":\"Home\",\"item\":\"https:\/\/serbia.com\/srpski\/\"},{\"@type\":\"ListItem\",\"position\":2,\"name\":\"Poseti Srbiju\",\"item\":\"https:\/\/serbia.com\/srpski\/posetite-srbiju\/\"},{\"@type\":\"ListItem\",\"position\":3,\"name\":\"Gradovi\",\"item\":\"https:\/\/serbia.com\/srpski\/posetite-srbiju\/gradovi\/\"},{\"@type\":\"ListItem\",\"position\":4,\"name\":\"Smederevo, grad sa du\u0161om u tvr\u0111avi\"}]},{\"@type\":\"WebSite\",\"@id\":\"https:\/\/serbia.com\/#website\",\"url\":\"https:\/\/serbia.com\/\",\"name\":\"Serbia.com\",\"description\":\"Your Gateway to Serbia\",\"potentialAction\":[{\"@type\":\"SearchAction\",\"target\":{\"@type\":\"EntryPoint\",\"urlTemplate\":\"https:\/\/serbia.com\/?s={search_term_string}\"},\"query-input\":{\"@type\":\"PropertyValueSpecification\",\"valueRequired\":true,\"valueName\":\"search_term_string\"}}],\"inLanguage\":\"srpski\"}]}<\/script>\n<!-- \/ Yoast SEO plugin. -->","yoast_head_json":{"title":"Smederevo, grad sa du\u0161om u tvr\u0111avi - Serbia.com","robots":{"index":"index","follow":"follow","max-snippet":"max-snippet:-1","max-image-preview":"max-image-preview:large","max-video-preview":"max-video-preview:-1"},"canonical":"https:\/\/serbia.com\/srpski\/posetite-srbiju\/gradovi\/smederevo-grad-sa-dusom-u-tvrdavi\/","og_locale":"en_US","og_type":"article","og_title":"Smederevo, grad sa du\u0161om u tvr\u0111avi - Serbia.com","og_description":"Uz samu obalu Dunava, na rubu grada Smedereva, nekim novim svetlom zanimljivih manifestacija blje\u0161ti stara Smederevska tvr\u0111ava, najve\u0107e evropsko ravni\u010darsko utvr\u0111enje. Smederevo je izgra\u0111eno na strate\u0161ki veoma zna\u010dajnom mestu. Nekada [&hellip;]","og_url":"https:\/\/serbia.com\/srpski\/posetite-srbiju\/gradovi\/smederevo-grad-sa-dusom-u-tvrdavi\/","og_site_name":"Serbia.com","article_modified_time":"2024-10-20T11:40:18+00:00","og_image":[{"width":1256,"height":770,"url":"https:\/\/serbia.com\/wp-content\/uploads\/2012\/12\/Smederevska-tvrdjava-Smederevo-Dunav1.jpg","type":"image\/jpeg"}],"twitter_misc":{"Est. reading time":"4 minutes"},"schema":{"@context":"https:\/\/schema.org","@graph":[{"@type":"WebPage","@id":"https:\/\/serbia.com\/srpski\/posetite-srbiju\/gradovi\/smederevo-grad-sa-dusom-u-tvrdavi\/","url":"https:\/\/serbia.com\/srpski\/posetite-srbiju\/gradovi\/smederevo-grad-sa-dusom-u-tvrdavi\/","name":"Smederevo, grad sa du\u0161om u tvr\u0111avi - Serbia.com","isPartOf":{"@id":"https:\/\/serbia.com\/#website"},"primaryImageOfPage":{"@id":"https:\/\/serbia.com\/srpski\/posetite-srbiju\/gradovi\/smederevo-grad-sa-dusom-u-tvrdavi\/#primaryimage"},"image":{"@id":"https:\/\/serbia.com\/srpski\/posetite-srbiju\/gradovi\/smederevo-grad-sa-dusom-u-tvrdavi\/#primaryimage"},"thumbnailUrl":"https:\/\/serbia.com\/wp-content\/uploads\/2012\/12\/Smederevska-tvrdjava-Smederevo-Dunav1.jpg","datePublished":"2015-05-07T10:48:54+00:00","dateModified":"2024-10-20T11:40:18+00:00","breadcrumb":{"@id":"https:\/\/serbia.com\/srpski\/posetite-srbiju\/gradovi\/smederevo-grad-sa-dusom-u-tvrdavi\/#breadcrumb"},"inLanguage":"srpski","potentialAction":[{"@type":"ReadAction","target":["https:\/\/serbia.com\/srpski\/posetite-srbiju\/gradovi\/smederevo-grad-sa-dusom-u-tvrdavi\/"]}]},{"@type":"ImageObject","inLanguage":"srpski","@id":"https:\/\/serbia.com\/srpski\/posetite-srbiju\/gradovi\/smederevo-grad-sa-dusom-u-tvrdavi\/#primaryimage","url":"https:\/\/serbia.com\/wp-content\/uploads\/2012\/12\/Smederevska-tvrdjava-Smederevo-Dunav1.jpg","contentUrl":"https:\/\/serbia.com\/wp-content\/uploads\/2012\/12\/Smederevska-tvrdjava-Smederevo-Dunav1.jpg","width":1256,"height":770,"caption":"Sumrak na Smederevskoj tvr\u0111avi"},{"@type":"BreadcrumbList","@id":"https:\/\/serbia.com\/srpski\/posetite-srbiju\/gradovi\/smederevo-grad-sa-dusom-u-tvrdavi\/#breadcrumb","itemListElement":[{"@type":"ListItem","position":1,"name":"Home","item":"https:\/\/serbia.com\/srpski\/"},{"@type":"ListItem","position":2,"name":"Poseti Srbiju","item":"https:\/\/serbia.com\/srpski\/posetite-srbiju\/"},{"@type":"ListItem","position":3,"name":"Gradovi","item":"https:\/\/serbia.com\/srpski\/posetite-srbiju\/gradovi\/"},{"@type":"ListItem","position":4,"name":"Smederevo, grad sa du\u0161om u tvr\u0111avi"}]},{"@type":"WebSite","@id":"https:\/\/serbia.com\/#website","url":"https:\/\/serbia.com\/","name":"Serbia.com","description":"Your Gateway to Serbia","potentialAction":[{"@type":"SearchAction","target":{"@type":"EntryPoint","urlTemplate":"https:\/\/serbia.com\/?s={search_term_string}"},"query-input":{"@type":"PropertyValueSpecification","valueRequired":true,"valueName":"search_term_string"}}],"inLanguage":"srpski"}]}},"_links":{"self":[{"href":"https:\/\/serbia.com\/srpski\/wp-json\/wp\/v2\/pages\/31560"}],"collection":[{"href":"https:\/\/serbia.com\/srpski\/wp-json\/wp\/v2\/pages"}],"about":[{"href":"https:\/\/serbia.com\/srpski\/wp-json\/wp\/v2\/types\/page"}],"author":[{"embeddable":true,"href":"https:\/\/serbia.com\/srpski\/wp-json\/wp\/v2\/users\/27"}],"replies":[{"embeddable":true,"href":"https:\/\/serbia.com\/srpski\/wp-json\/wp\/v2\/comments?post=31560"}],"version-history":[{"count":1,"href":"https:\/\/serbia.com\/srpski\/wp-json\/wp\/v2\/pages\/31560\/revisions"}],"predecessor-version":[{"id":55684,"href":"https:\/\/serbia.com\/srpski\/wp-json\/wp\/v2\/pages\/31560\/revisions\/55684"}],"up":[{"embeddable":true,"href":"https:\/\/serbia.com\/srpski\/wp-json\/wp\/v2\/pages\/20433"}],"wp:featuredmedia":[{"embeddable":true,"href":"https:\/\/serbia.com\/srpski\/wp-json\/wp\/v2\/media\/17614"}],"wp:attachment":[{"href":"https:\/\/serbia.com\/srpski\/wp-json\/wp\/v2\/media?parent=31560"}],"wp:term":[{"taxonomy":"category","embeddable":true,"href":"https:\/\/serbia.com\/srpski\/wp-json\/wp\/v2\/categories?post=31560"},{"taxonomy":"post_tag","embeddable":true,"href":"https:\/\/serbia.com\/srpski\/wp-json\/wp\/v2\/tags?post=31560"}],"curies":[{"name":"wp","href":"https:\/\/api.w.org\/{rel}","templated":true}]}}