{"id":31555,"date":"2015-05-07T11:38:42","date_gmt":"2015-05-07T09:38:42","guid":{"rendered":"http:\/\/www.serbia.com\/?page_id=31555"},"modified":"2026-03-19T14:48:07","modified_gmt":"2026-03-19T13:48:07","slug":"pozarevac-grad-mira","status":"publish","type":"page","link":"https:\/\/serbia.com\/srpski\/posetite-srbiju\/gradovi\/pozarevac-grad-mira\/","title":{"rendered":"Po\u017earevac, \u0160ta videti i raditi"},"content":{"rendered":"<h4>U nekim spisima s po\u010detka pro\u0161log veka ostalo je zapisano da je Po\u017earevac grad sa 80 kafana i sa samo jednim lekarom! Danas je taj odnos znatno druga\u010diji, a Po\u017earevac zapsian u evropsku istoriju po zna\u010dajnom miru koji su u njemu potpisale dve velike sile: Otomansko carstvo i Habzbur\u0161ka monarhija, menjaju\u0107i tada\u0161nje granice Evrope.<\/h4>\n<p>Sme\u0161ten na razme\u0111i puteva i izme\u0111u tri reke \u2013 <a title=\"Dunav, mesto spajanja i razdvajanja\" href=\"http:\/\/www.serbia.com\/srpski\/posetite-srbiju\/prirodne-lepote\/reke-i-jezera\/dunav-mesto-spajanja-i-razdvajanja\/\" target=\"_blank\" rel=\"noopener\">Dunava<\/a>, Mlave i Velike <a title=\"Morava, kolevka srpske dr\u017eave\" href=\"http:\/\/www.serbia.com\/srpski\/posetite-srbiju\/prirodne-lepote\/reke-i-jezera\/morava-kolevka-srpske-drzave\/\" target=\"_blank\" rel=\"noopener\">Morave<\/a>, Po\u017earevac i njegova okolina poseduju brojne znamenitosti. Centar Brani\u010devskog okruga posetiocima nudi zabavu, \u017eivopisnu prirodu, prijatne ljude, ali i svoje istorijsko i kulturno bogatstvo.<\/p>\n<blockquote><p><em>Po\u017eareva\u010dki mir<\/em><\/p>\n<p><em>Prvi pomen Po\u017earevca datira iz 1467. god, iako se veruje da je postojao i ranije. U istoriju evropske kulture u\u0161ao je 1718. god, potpisivanjem ,,Po\u017eareva\u010dkog mira\u2019\u2019. Naime, tada\u0161nje velike sile Austrija i Turska su stavljanjem potpisa na ovaj dokument odlo\u017eile neprijateljstva.<\/em><\/p><\/blockquote>\n<p>Centralna gradska ulica, <strong>Taba\u010dka \u010dar\u0161ija<\/strong>, nekada je mirisala na ko\u017eu jer su se u vreme Turaka du\u017e nje nizale ko\u017earske (taba\u010dke) radnje, po kojima je i sama ulica dobila ime. Naziv je ostao, ali stara \u010dar\u0161ija se pretvorila u moderniju pe\u0161a\u010dku zonu, a zanatske radnjice su poru\u0161ene i zamenjene vi\u0161espratnicama.<\/p>\n<figure id=\"attachment_18700\" aria-describedby=\"caption-attachment-18700\" style=\"width: 336px\" class=\"wp-caption alignleft\"><img loading=\"lazy\" decoding=\"async\" class=\"wp-image-18700\" src=\"http:\/\/www.serbia.com\/wp-content\/uploads\/2013\/09\/ParkPozarevac1-300x225.jpg\" alt=\"ParkPozarevac\" width=\"336\" height=\"252\" srcset=\"https:\/\/serbia.com\/wp-content\/uploads\/2013\/09\/ParkPozarevac1-300x225.jpg 300w, https:\/\/serbia.com\/wp-content\/uploads\/2013\/09\/ParkPozarevac1.jpg 560w\" sizes=\"auto, (max-width: 336px) 100vw, 336px\" \/><figcaption id=\"caption-attachment-18700\" class=\"wp-caption-text\">Spomenik knezu Milo\u0161u Obrenovi\u0107u<\/figcaption><\/figure>\n<p>Jezgro gradskog \u017eivota, pogotovu leti, kada je zatvoreno za saobra\u0107aj, obiluje kulturno \u2013 umetni\u010dkim de\u0161avanjima. Iz glavne ulice mo\u017ee se do\u0107i do gradskog parka u kojim dominira <strong>spomenik knezu Milo\u0161u Obrenovi\u0107u<\/strong>.<\/p>\n<p>Uz sam park je <strong>zgrada Okru\u017enog zdanja<\/strong>, velelepna gra\u0111evina iz 1889. godine, \u010dija fasada podse\u0107a na zgrade italijanske renesanse.<\/p>\n<p>U centru grada sme\u0161ten je i <strong>Narodni muzej, koji je posle beogradskog, najstariji u Srbiji<\/strong>. Poseduje nekoliko svetskih unikata, a me\u0111u njima se isti\u010de <strong>pero Calamus<\/strong> koje je slu\u017eilo za pisanje po rimskim vo\u0161tanim plo\u010dama.<\/p>\n<p>U blizini muzeja nalazi se rodna ku\u0107a poznate Po\u017earevljanke, slikarke <strong><a title=\"Milena Pavlovi\u0107 Barili, dama koja je oslikala svet\" href=\"http:\/\/www.serbia.com\/srpski\/milena-pavlovic-barili-dama-koja-je-oslikala-svet\/\">Milene Pavlovi\u0107 Barili<\/a><\/strong>. Njen dom je pretvoren u spomen \u2013 galeriju u kojoj se mogu videti njeni radovi, li\u010dni predmeti i biblioteka.<\/p>\n<p>Jo\u0161 jedna znamenita po\u017eareva\u010dka gra\u0111evina za svoje postojanje duguje zahvalnost knezu Milo\u0161u Obrenovi\u0107u, a to je <strong>Saborna crkva svetih arhangela Mihaila i Gavrila iz 1819.god.<\/strong><\/p>\n<figure id=\"attachment_18701\" aria-describedby=\"caption-attachment-18701\" style=\"width: 413px\" class=\"wp-caption alignright\"><img loading=\"lazy\" decoding=\"async\" class=\"wp-image-18701\" src=\"http:\/\/www.serbia.com\/wp-content\/uploads\/2013\/09\/Pozarevacki-muzej2-300x222.jpg\" alt=\"Pozarevacki-muzej\" width=\"413\" height=\"307\" srcset=\"https:\/\/serbia.com\/wp-content\/uploads\/2013\/09\/Pozarevacki-muzej2-300x222.jpg 300w, https:\/\/serbia.com\/wp-content\/uploads\/2013\/09\/Pozarevacki-muzej2.jpg 689w\" sizes=\"auto, (max-width: 413px) 100vw, 413px\" \/><figcaption id=\"caption-attachment-18701\" class=\"wp-caption-text\">Narodni muzej, me\u0111u najstarijima u Srbiji<\/figcaption><\/figure>\n<p>Malo dalje od centra grada na istoimenom brdu, sme\u0161ten je <strong>spomen \u2013 park \u010ca\u010dalica<\/strong>. Park krasi gusta \u0161uma, mnogo zelenila, tri izvora, veliko prostranstvo za odmor i rekreaciju.<\/p>\n<p>Ni ne \u010dudi \u0161to je \u010ca\u010dalica omiljeno mesto mnogih Po\u017earevljana. U senci guste \u0161ume nalaze se spomenici posve\u0107eni stradalima u Drugom svetskom ratu.<\/p>\n<p>Najvi\u0161e pa\u017enje pleni <strong>,,Spomenik slobodi\u201d<\/strong>,\u00a0 ogromnih dimenzija. Kada stanete u njegov centar i pogledate u nebo, vide\u0107ete zvezdu petokraku. Zato je ovaj spomenik poznatiji pod imenom <strong>,,Zvezda\u201d<\/strong>.<\/p>\n<p>Dok je Po\u017earevac zanimljiv ljudima svih profila, njegova okolina je pravi ,,magnet\u2019\u2019 za arheologe. Najpose\u0107enije je arheolo\u0161ko nalazi\u0161te <strong><a href=\"https:\/\/serbia.com\/srpski\/posetite-srbiju\/kulturne-atrakcije\/arheoloska-nalazista\/viminacijum-anticki-rimski-grad-u-srbiji\/\">Viminacijum<\/a> u blizini Starog Kostolca<\/strong>. Viminacijum je bio vojni logor, a neko vreme i glavni grad rimske provincije Gornje Mezije.<\/p>\n<p>U ovom arheolo\u0161kom nalazi\u0161tu su brojne gra\u0111evine i predmeti koji govore o istoriji ovog anti\u010dkog grada. Akvadukti, grobnice, mauzoleji, novac, nakit\u2026sve su to dokazi o postojanju jedne davne civilizacije. Ovaj kompleks je otvoren za posetioce, a posebnu pa\u017enju \u0107e svakako privu\u0107i <strong>skelet mamuta<\/strong>. Mamut poti\u010de iz praistorijskog perioda, miocena, a njene kosti (utvr\u0111eno je da je mamut \u017eenskog roda), nalaze se na 30 metara od povr\u0161ine tla.<\/p>\n<p>Goste Po\u017earevca danas ne o\u010dekuje ba\u0161 80 <a title=\"Kafana, centar \u017eivota u Srbiji\" href=\"http:\/\/www.serbia.com\/srpski\/posetite-srbiju\/provedi-se\/nocni-zivot\/kafana-centar-zivota-u-srbiji\/\" target=\"_blank\" rel=\"noopener\">kafana<\/a> kao nekada. Tek poneka stara kafanica, mnogo novih kafi\u0107a, restorana sa bogatim izborom <a title=\"Tradicionalna kuhinja\" href=\"http:\/\/www.serbia.com\/srpski\/o-srbiji\/tradicionalna-kuhinja\/\">tradicionalne kuhinje<\/a> otvori\u0107e ljubazno svoja vrata svim putnicima namernicima, ali onim slu\u010dajnim, koji \u0107e uvek po\u017eeleti da se vrate ovde.<\/p>\n<p>Jer, Po\u017earevcu su se svi rado vra\u0107ali, \u010dak i mnogi znameniti ljudi Srbije: <strong>knez Milo\u0161 Obrenovi\u0107<\/strong>, koji ga je izabrao za svoju drugu prestonicu, zatim, dugogodi\u0161nji predsednik vlade Kraljevine SHS i osniva\u010d radikalne stranke, <a title=\"Nikola Pa\u0161i\u0107, politi\u010dar pola veka\" href=\"http:\/\/www.serbia.com\/srpski\/nikola-pasic-politicar-pola-veka\/\"><strong>Nikola Pa\u0161i\u0107<\/strong><\/a>, i najzad, poznati slikar, pesnik i boem <strong>\u0110ura Jak\u0161i\u0107<\/strong>.<\/p>\n<h4>Kako do\u0107i do Po\u017earevca?<\/h4>\n<p>Do Po\u017earevca se lako sti\u017ee, auto putem E75 ka <a title=\"Od svitanja do svitanja u Ni\u0161u\" href=\"http:\/\/www.serbia.com\/srpski\/posetite-srbiju\/gradovi\/nis\/\" target=\"_blank\" rel=\"noopener\">Ni\u0161u<\/a>, posle skretanja za <a title=\"Smederevo, grad sa du\u0161om u tvr\u0111avi\" href=\"http:\/\/www.serbia.com\/srpski\/posetite-srbiju\/gradovi\/smederevo-grad-sa-dusom-u-tvrdavi\/\" target=\"_blank\" rel=\"noopener\">Smederevo<\/a>, na 89. kilometru od <a title=\"Beograd\" href=\"http:\/\/www.serbia.com\/srpski\/posetite-srbiju\/gradovi\/beograd\/\" target=\"_blank\" rel=\"noopener\">Beograda<\/a>.<\/p>\n<p>U Po\u017earevcu ne propustite slede\u0107e manifestacije: <strong>\u201cLjubi\u010devske konji\u010dke igre\u201d<\/strong> u septembru, gluma\u010dke sve\u010danosti <strong>\u201cMilivoje \u017divanovi\u0107\u201d<\/strong> u aprilu i me\u0111unarodni regionalni festival alternativne kulture <strong>,,Refract\u2019\u2019<\/strong>.<\/p>\n<p>Autor teksta: Tanja Ivi\u0107<\/p>\n<p>Foto 2: Wikimedia Commons, User:Laessig pod Creative Commons Attribution-Share Alike 3.0 Unported licencom.<\/p>\n","protected":false},"excerpt":{"rendered":"<p>U nekim spisima s po\u010detka pro\u0161log veka ostalo je zapisano da je Po\u017earevac grad sa 80 kafana i sa samo jednim lekarom! Danas je taj odnos znatno druga\u010diji, a Po\u017earevac [&hellip;]<\/p>\n","protected":false},"author":27,"featured_media":31374,"parent":20433,"menu_order":0,"comment_status":"closed","ping_status":"closed","template":"","meta":{"_acf_changed":false,"inline_featured_image":false,"_monsterinsights_skip_tracking":false,"_monsterinsights_sitenote_active":false,"_monsterinsights_sitenote_note":"","_monsterinsights_sitenote_category":0,"footnotes":""},"categories":[1672],"tags":[],"class_list":["post-31555","page","type-page","status-publish","has-post-thumbnail","hentry","category-gradovi"],"acf":[],"yoast_head":"<!-- This site is optimized with the Yoast SEO plugin v27.4 - https:\/\/yoast.com\/product\/yoast-seo-wordpress\/ -->\n<title>Po\u017earevac: \u0160ta videti i raditi u ovom gradu<\/title>\n<meta name=\"description\" content=\"Istra\u017eite Po\u017earevac - grad bogate istorije, kulture i zanimljivih mesta u okolini. Otkrijte \u0161ta videti i raditi.\" \/>\n<meta name=\"robots\" content=\"index, follow, max-snippet:-1, max-image-preview:large, max-video-preview:-1\" \/>\n<link rel=\"canonical\" href=\"https:\/\/serbia.com\/srpski\/posetite-srbiju\/gradovi\/pozarevac-grad-mira\/\" \/>\n<meta property=\"og:locale\" content=\"en_US\" \/>\n<meta property=\"og:type\" content=\"article\" \/>\n<meta property=\"og:title\" content=\"Po\u017earevac: \u0160ta videti i raditi u ovom gradu\" \/>\n<meta property=\"og:description\" content=\"Istra\u017eite Po\u017earevac - grad bogate istorije, kulture i zanimljivih mesta u okolini. Otkrijte \u0161ta videti i raditi.\" \/>\n<meta property=\"og:url\" content=\"https:\/\/serbia.com\/srpski\/posetite-srbiju\/gradovi\/pozarevac-grad-mira\/\" \/>\n<meta property=\"og:site_name\" content=\"Serbia.com\" \/>\n<meta property=\"article:modified_time\" content=\"2026-03-19T13:48:07+00:00\" \/>\n<meta property=\"og:image\" content=\"https:\/\/serbia.com\/wp-content\/uploads\/2015\/04\/po.jpg\" \/>\n\t<meta property=\"og:image:width\" content=\"1600\" \/>\n\t<meta property=\"og:image:height\" content=\"696\" \/>\n\t<meta property=\"og:image:type\" content=\"image\/jpeg\" \/>\n<meta name=\"twitter:label1\" content=\"Est. reading time\" \/>\n\t<meta name=\"twitter:data1\" content=\"4 minutes\" \/>\n<script type=\"application\/ld+json\" class=\"yoast-schema-graph\">{\"@context\":\"https:\\\/\\\/schema.org\",\"@graph\":[{\"@type\":\"WebPage\",\"@id\":\"https:\\\/\\\/serbia.com\\\/srpski\\\/posetite-srbiju\\\/gradovi\\\/pozarevac-grad-mira\\\/\",\"url\":\"https:\\\/\\\/serbia.com\\\/srpski\\\/posetite-srbiju\\\/gradovi\\\/pozarevac-grad-mira\\\/\",\"name\":\"Po\u017earevac: \u0160ta videti i raditi u ovom gradu\",\"isPartOf\":{\"@id\":\"https:\\\/\\\/serbia.com\\\/#website\"},\"primaryImageOfPage\":{\"@id\":\"https:\\\/\\\/serbia.com\\\/srpski\\\/posetite-srbiju\\\/gradovi\\\/pozarevac-grad-mira\\\/#primaryimage\"},\"image\":{\"@id\":\"https:\\\/\\\/serbia.com\\\/srpski\\\/posetite-srbiju\\\/gradovi\\\/pozarevac-grad-mira\\\/#primaryimage\"},\"thumbnailUrl\":\"https:\\\/\\\/serbia.com\\\/wp-content\\\/uploads\\\/2015\\\/04\\\/po.jpg\",\"datePublished\":\"2015-05-07T09:38:42+00:00\",\"dateModified\":\"2026-03-19T13:48:07+00:00\",\"description\":\"Istra\u017eite Po\u017earevac - grad bogate istorije, kulture i zanimljivih mesta u okolini. Otkrijte \u0161ta videti i raditi.\",\"breadcrumb\":{\"@id\":\"https:\\\/\\\/serbia.com\\\/srpski\\\/posetite-srbiju\\\/gradovi\\\/pozarevac-grad-mira\\\/#breadcrumb\"},\"inLanguage\":\"srpski\",\"potentialAction\":[{\"@type\":\"ReadAction\",\"target\":[\"https:\\\/\\\/serbia.com\\\/srpski\\\/posetite-srbiju\\\/gradovi\\\/pozarevac-grad-mira\\\/\"]}]},{\"@type\":\"ImageObject\",\"inLanguage\":\"srpski\",\"@id\":\"https:\\\/\\\/serbia.com\\\/srpski\\\/posetite-srbiju\\\/gradovi\\\/pozarevac-grad-mira\\\/#primaryimage\",\"url\":\"https:\\\/\\\/serbia.com\\\/wp-content\\\/uploads\\\/2015\\\/04\\\/po.jpg\",\"contentUrl\":\"https:\\\/\\\/serbia.com\\\/wp-content\\\/uploads\\\/2015\\\/04\\\/po.jpg\",\"width\":1600,\"height\":696},{\"@type\":\"BreadcrumbList\",\"@id\":\"https:\\\/\\\/serbia.com\\\/srpski\\\/posetite-srbiju\\\/gradovi\\\/pozarevac-grad-mira\\\/#breadcrumb\",\"itemListElement\":[{\"@type\":\"ListItem\",\"position\":1,\"name\":\"Home\",\"item\":\"https:\\\/\\\/serbia.com\\\/srpski\\\/\"},{\"@type\":\"ListItem\",\"position\":2,\"name\":\"Poseti Srbiju\",\"item\":\"https:\\\/\\\/serbia.com\\\/srpski\\\/posetite-srbiju\\\/\"},{\"@type\":\"ListItem\",\"position\":3,\"name\":\"Gradovi\",\"item\":\"https:\\\/\\\/serbia.com\\\/srpski\\\/posetite-srbiju\\\/gradovi\\\/\"},{\"@type\":\"ListItem\",\"position\":4,\"name\":\"Po\u017earevac, \u0160ta videti i raditi\"}]},{\"@type\":\"WebSite\",\"@id\":\"https:\\\/\\\/serbia.com\\\/#website\",\"url\":\"https:\\\/\\\/serbia.com\\\/\",\"name\":\"Serbia.com\",\"description\":\"Your Gateway to Serbia\",\"potentialAction\":[{\"@type\":\"SearchAction\",\"target\":{\"@type\":\"EntryPoint\",\"urlTemplate\":\"https:\\\/\\\/serbia.com\\\/?s={search_term_string}\"},\"query-input\":{\"@type\":\"PropertyValueSpecification\",\"valueRequired\":true,\"valueName\":\"search_term_string\"}}],\"inLanguage\":\"srpski\"}]}<\/script>\n<!-- \/ Yoast SEO plugin. -->","yoast_head_json":{"title":"Po\u017earevac: \u0160ta videti i raditi u ovom gradu","description":"Istra\u017eite Po\u017earevac - grad bogate istorije, kulture i zanimljivih mesta u okolini. Otkrijte \u0161ta videti i raditi.","robots":{"index":"index","follow":"follow","max-snippet":"max-snippet:-1","max-image-preview":"max-image-preview:large","max-video-preview":"max-video-preview:-1"},"canonical":"https:\/\/serbia.com\/srpski\/posetite-srbiju\/gradovi\/pozarevac-grad-mira\/","og_locale":"en_US","og_type":"article","og_title":"Po\u017earevac: \u0160ta videti i raditi u ovom gradu","og_description":"Istra\u017eite Po\u017earevac - grad bogate istorije, kulture i zanimljivih mesta u okolini. Otkrijte \u0161ta videti i raditi.","og_url":"https:\/\/serbia.com\/srpski\/posetite-srbiju\/gradovi\/pozarevac-grad-mira\/","og_site_name":"Serbia.com","article_modified_time":"2026-03-19T13:48:07+00:00","og_image":[{"width":1600,"height":696,"url":"https:\/\/serbia.com\/wp-content\/uploads\/2015\/04\/po.jpg","type":"image\/jpeg"}],"twitter_misc":{"Est. reading time":"4 minutes"},"schema":{"@context":"https:\/\/schema.org","@graph":[{"@type":"WebPage","@id":"https:\/\/serbia.com\/srpski\/posetite-srbiju\/gradovi\/pozarevac-grad-mira\/","url":"https:\/\/serbia.com\/srpski\/posetite-srbiju\/gradovi\/pozarevac-grad-mira\/","name":"Po\u017earevac: \u0160ta videti i raditi u ovom gradu","isPartOf":{"@id":"https:\/\/serbia.com\/#website"},"primaryImageOfPage":{"@id":"https:\/\/serbia.com\/srpski\/posetite-srbiju\/gradovi\/pozarevac-grad-mira\/#primaryimage"},"image":{"@id":"https:\/\/serbia.com\/srpski\/posetite-srbiju\/gradovi\/pozarevac-grad-mira\/#primaryimage"},"thumbnailUrl":"https:\/\/serbia.com\/wp-content\/uploads\/2015\/04\/po.jpg","datePublished":"2015-05-07T09:38:42+00:00","dateModified":"2026-03-19T13:48:07+00:00","description":"Istra\u017eite Po\u017earevac - grad bogate istorije, kulture i zanimljivih mesta u okolini. Otkrijte \u0161ta videti i raditi.","breadcrumb":{"@id":"https:\/\/serbia.com\/srpski\/posetite-srbiju\/gradovi\/pozarevac-grad-mira\/#breadcrumb"},"inLanguage":"srpski","potentialAction":[{"@type":"ReadAction","target":["https:\/\/serbia.com\/srpski\/posetite-srbiju\/gradovi\/pozarevac-grad-mira\/"]}]},{"@type":"ImageObject","inLanguage":"srpski","@id":"https:\/\/serbia.com\/srpski\/posetite-srbiju\/gradovi\/pozarevac-grad-mira\/#primaryimage","url":"https:\/\/serbia.com\/wp-content\/uploads\/2015\/04\/po.jpg","contentUrl":"https:\/\/serbia.com\/wp-content\/uploads\/2015\/04\/po.jpg","width":1600,"height":696},{"@type":"BreadcrumbList","@id":"https:\/\/serbia.com\/srpski\/posetite-srbiju\/gradovi\/pozarevac-grad-mira\/#breadcrumb","itemListElement":[{"@type":"ListItem","position":1,"name":"Home","item":"https:\/\/serbia.com\/srpski\/"},{"@type":"ListItem","position":2,"name":"Poseti Srbiju","item":"https:\/\/serbia.com\/srpski\/posetite-srbiju\/"},{"@type":"ListItem","position":3,"name":"Gradovi","item":"https:\/\/serbia.com\/srpski\/posetite-srbiju\/gradovi\/"},{"@type":"ListItem","position":4,"name":"Po\u017earevac, \u0160ta videti i raditi"}]},{"@type":"WebSite","@id":"https:\/\/serbia.com\/#website","url":"https:\/\/serbia.com\/","name":"Serbia.com","description":"Your Gateway to Serbia","potentialAction":[{"@type":"SearchAction","target":{"@type":"EntryPoint","urlTemplate":"https:\/\/serbia.com\/?s={search_term_string}"},"query-input":{"@type":"PropertyValueSpecification","valueRequired":true,"valueName":"search_term_string"}}],"inLanguage":"srpski"}]}},"brizy_media":[],"_links":{"self":[{"href":"https:\/\/serbia.com\/srpski\/wp-json\/wp\/v2\/pages\/31555","targetHints":{"allow":["GET"]}}],"collection":[{"href":"https:\/\/serbia.com\/srpski\/wp-json\/wp\/v2\/pages"}],"about":[{"href":"https:\/\/serbia.com\/srpski\/wp-json\/wp\/v2\/types\/page"}],"author":[{"embeddable":true,"href":"https:\/\/serbia.com\/srpski\/wp-json\/wp\/v2\/users\/27"}],"replies":[{"embeddable":true,"href":"https:\/\/serbia.com\/srpski\/wp-json\/wp\/v2\/comments?post=31555"}],"version-history":[{"count":2,"href":"https:\/\/serbia.com\/srpski\/wp-json\/wp\/v2\/pages\/31555\/revisions"}],"predecessor-version":[{"id":65945,"href":"https:\/\/serbia.com\/srpski\/wp-json\/wp\/v2\/pages\/31555\/revisions\/65945"}],"up":[{"embeddable":true,"href":"https:\/\/serbia.com\/srpski\/wp-json\/wp\/v2\/pages\/20433"}],"wp:featuredmedia":[{"embeddable":true,"href":"https:\/\/serbia.com\/srpski\/wp-json\/wp\/v2\/media\/31374"}],"wp:attachment":[{"href":"https:\/\/serbia.com\/srpski\/wp-json\/wp\/v2\/media?parent=31555"}],"wp:term":[{"taxonomy":"category","embeddable":true,"href":"https:\/\/serbia.com\/srpski\/wp-json\/wp\/v2\/categories?post=31555"},{"taxonomy":"post_tag","embeddable":true,"href":"https:\/\/serbia.com\/srpski\/wp-json\/wp\/v2\/tags?post=31555"}],"curies":[{"name":"wp","href":"https:\/\/api.w.org\/{rel}","templated":true}]}}