{"id":31524,"date":"2015-05-06T12:40:04","date_gmt":"2015-05-06T10:40:04","guid":{"rendered":"http:\/\/www.serbia.com\/?page_id=31524"},"modified":"2024-10-20T13:50:06","modified_gmt":"2024-10-20T11:50:06","slug":"leskovac-dom-najboljeg-rostilja-na-svetu","status":"publish","type":"page","link":"https:\/\/serbia.com\/srpski\/posetite-srbiju\/gradovi\/leskovac-dom-najboljeg-rostilja-na-svetu\/","title":{"rendered":"Leskovac, dom najboljeg ro\u0161tilja na svetu"},"content":{"rendered":"<h4>U srcu leskova\u010dke kotline, na maloj reci Veternici, blizu njenog uvira u Ju\u017enu Moravu, le\u017ei grad Leskovac. Njegovo petore\u010dje (sliv pet reka) je u svetu veoma retka geografska pojava. Poput tih reka, u ovaj grad su se istorijski slivali mnogi narodi i obi\u010daji. Ali, on je sa\u010duvao prepoznatljiv duh, vrcav, brz, ubojit kad treba, \u017eitelje pune \u017eivota koji o sebi pri\u010daju na hiljade viceva.<\/h4>\n<p>Leskovac se prvi put spominje kao naselje u oblasti Glbo\u010dica, koju je gr\u010dki car Manojlo poklonio <a title=\"Kako su se sreli Fridrih I Barbarosa i Stefan Nemanja?\" href=\"http:\/\/www.serbia.com\/srpski\/pomoc-nemackom-caru-2\/\">Stefanu Nemanji<\/a> u XII veku. \u017diveli su ovde, ratovali i ostavljali tragove Dardanci, Avari, Kelti, Rimljani i Vizantinci. Iz tih vremena prona\u0111eni su arheolo\u0161ki ostaci na brdu Hisaru i drugim lokalitetima, uz jedinstvene zbirke u Narodnom muzeju.<\/p>\n<p>Jedan od najpoznatijih lokaliteta je <a title=\"Justiniana prima: Cari\u010din grad\" href=\"http:\/\/www.serbia.com\/srpski\/posetite-srbiju\/kulturne-atrakcije\/arheoloska-nalazista\/justiniana-prima-caricin-grad\/\" target=\"_blank\" rel=\"noopener\">Cari\u010din Grad (Justiniana Prima)<\/a> koji je podigao vizantijski car Justinijan u znak zahvalnosti kraju u kome se rodio.<\/p>\n<p>Ipak, Leskovac je naj\u010duveniji po leskova\u010dkom ro\u0161tilju koji se pravi od posebnog ro\u0161tilj mesa, \u010diji originalni recept do dana\u0161njeg dana nije iza\u0161ao iz grada. Ovom fenomenu posve\u0107ena je <strong>Leskova\u010dka Ro\u0161tiljijada<\/strong>, sedmodnevni festival ro\u0161tilja i gurmanluka, koji privla\u010di veliki broj posetilaca.<\/p>\n<p>Tada se iz glavne ulice \u0161iri oblak dima i specifi\u010dnog mirisa \u0107evapa, pljeskavica, u\u0161tipaka, kobasica, mu\u0107kalice i svih mogu\u0107ih delikatesa sa ro\u0161tilja. Prava je atrakcija <strong>pravljenje pljeskavice za Ginisa<\/strong>, najve\u0107e na svetu, koju majstori svake godine pripremaju upravo na Ro\u0161tiljijadi.<\/p>\n<figure id=\"attachment_18927\" aria-describedby=\"caption-attachment-18927\" style=\"width: 640px\" class=\"wp-caption aligncenter\"><img loading=\"lazy\" decoding=\"async\" class=\"wp-image-18927 size-full\" src=\"http:\/\/www.serbia.com\/wp-content\/uploads\/2013\/11\/CentarGradaLeskovac.jpg\" alt=\"CentarGradaLeskovac\" width=\"640\" height=\"416\" srcset=\"https:\/\/serbia.com\/wp-content\/uploads\/2013\/11\/CentarGradaLeskovac.jpg 640w, https:\/\/serbia.com\/wp-content\/uploads\/2013\/11\/CentarGradaLeskovac-300x195.jpg 300w\" sizes=\"auto, (max-width: 640px) 100vw, 640px\" \/><figcaption id=\"caption-attachment-18927\" class=\"wp-caption-text\">Centar Leskovca<\/figcaption><\/figure>\n<p>Do\u0107i u Leskovac, a ne u\u017eivati u dobrom ru\u010dku sa ro\u0161tilja, gubitak je za sve gurmane. Nakon obilnog obroka, prija\u0107e vam \u0161etnja kroz uvek prometnu glavnu ulicu koja vodi do gradskog parka i <strong>spomenika Tomi Zdravkovi\u0107u<\/strong>, poznatom srpskom peva\u010du i boemu iz ovog kraja.<\/p>\n<blockquote><p><em>Zanimljivosti o Leskovcu<\/em><\/p>\n<p><em>\u2022 Smatra se da je Leskovac pre vi\u0161e od 600 godina ime dobio po drvetu leske (le\u0161nika), u srednjem veku nazivan je Dubo\u010dica (Glbo\u010dica, Glb \u2013 mo\u010dvara), a u vreme turske vladavine nazivan je Hisar (tvr\u0111ava).<\/em><\/p>\n<p><em>\u2022 Neposredno pred svaku leskova\u010dku svadbu, \u017eenske zvanice odlaze na \u201e\u010de\u0161ljanje\u201c, svojevrsno emotivno devoja\u010dko ve\u010de karakteristi\u010dno isklju\u010divo za ove prostore, a koje datira od davnina. Ovo je samo jedan od mnogih obi\u010daja koji se ne mogu na\u0107i u drugim krajevima zemlje.<\/em><\/p>\n<p><em>\u2022 Uz svako li\u010dno ime u ovom kraju ide i nadimak. Poznato je da ako ne zna\u0161 \u010doveku nadimak, po imenu ga u ovom gradu ne mo\u017ee\u0161 ni na\u0107i. Uz to, smatra se da nisi Leskov\u010danin ako nema\u0161 nadimak. A nadimci su originalni, kao \u0161to je specifi\u010dan i leskova\u010dki dijalekat. Mogu\u0107e je da deo onoga \u0161to \u010dujete ne\u0107ete ni razumeti, pa vam mo\u017eda bude potreban i \u201eprevodilac\u201c.<\/em><\/p>\n<p><em>\u2022 Standardizovane veli\u010dine leskova\u010dke pljeskavice su \u201eod 5 \u0107evapa\u201c (manja) i \u201eod 10 \u0107evapa\u201c (ve\u0107a). Tako Leskov\u010dani, u svom duhu, ka\u017eu \u201ePet \u0107evapa je uvek pet \u0107evapa, a pljeskavica od pet \u0107evapa nikad nije pet \u0107evapa\u201c.<\/em><br \/>\n<em>U neposrednoj blizini, me\u0111u modernim zgradama isti\u010de se \u0160op-\u0110oki\u0107eva ku\u0107a, stara gra\u0111evina iz turskog perioda, u kojoj su sa\u010duvani autenti\u010dan izgled, name\u0161taj i predmeti iz tog vremena. Jedna od najlep\u0161ih gra\u0111evina u gradu je i Gradska ku\u0107a koja je sada muzej, stara preko 150 godina, tako\u0111e sa o\u010duvanim originalnim izgledom.<\/em><\/p><\/blockquote>\n<p>U centru grada se nalazi i <strong>stara crkva \u201cOd\u017eaklija\u201d<\/strong>. Turci su u vreme svoje vladavine zabranili gradnju crkava, pa je ova, kako ne bi bila sru\u0161ena, gra\u0111ena sa od\u017eakom, kao i svaka druga ku\u0107a, pa odatle poti\u010de i njeno ime. Odmah do nje nalazi se nova monumentalna <strong>Saborna crkva Svete Trojice<\/strong>, ina\u010de slave grada Leskovca, zidana po ugledu na <a title=\"Srpski spomenici na listi svetske ba\u0161tine UNESCO\" href=\"http:\/\/www.serbia.com\/srpski\/srpski-spomenici-pod-zastitom-unesco\/\">manastir Gra\u010danicu<\/a>.<\/p>\n<p><a title=\"Jesen u Srbiji, radost mirisa, ukusa i festivala\" href=\"http:\/\/www.serbia.com\/srpski\/jesen-u-srbiji-radost-mirisa-ukusa-i-festivala-2\/\">Septembar je vreme pripremanja zimnice<\/a>, a centralnu, skoro ritualnu ulogu ima pravljenje <a title=\"Ajvar, gospodar zimnice\" href=\"http:\/\/www.serbia.com\/srpski\/ajvar-gospodar-zimnice\/\">ajvara<\/a>. Leskova\u010dki kraj je veliki proizvo\u0111a\u010d kvalitetne paprike, pa se u skoro svakoj ku\u0107i pravi ajvar. Tog dana se u dvori\u0161tu skupljaju prijatelji, uz razgovor, \u010da\u0161icu <a title=\"\u0160ljivovica, kraljica srpskih rakija\" href=\"http:\/\/www.serbia.com\/srpski\/sljivovica-kraljica-srpskih-rakija\/\">doma\u0107e rakije<\/a> i miris paprike sprema se ovaj jedinstveni specijalitet. Po\u0161to je svaka doma\u0107ica ponosna na svoj ajvar, \u010dasti\u0107e vas bar jednom teglom.<\/p>\n<figure id=\"attachment_18932\" aria-describedby=\"caption-attachment-18932\" style=\"width: 423px\" class=\"wp-caption alignleft\"><img loading=\"lazy\" decoding=\"async\" class=\"wp-image-18932\" src=\"http:\/\/www.serbia.com\/wp-content\/uploads\/2013\/11\/Rostiljijada-Leskovac2-300x225.jpg\" alt=\"Rostiljijada-Leskovac\" width=\"423\" height=\"317\" srcset=\"https:\/\/serbia.com\/wp-content\/uploads\/2013\/11\/Rostiljijada-Leskovac2-300x225.jpg 300w, https:\/\/serbia.com\/wp-content\/uploads\/2013\/11\/Rostiljijada-Leskovac2.jpg 604w\" sizes=\"auto, (max-width: 423px) 100vw, 423px\" \/><figcaption id=\"caption-attachment-18932\" class=\"wp-caption-text\">Pljeskavica za Ginisa<\/figcaption><\/figure>\n<p>Leskovac je okru\u017een brojnim prirodnim lepotama, od kojih su mnoge pravi mamac za turiste. <a title=\"Vlasinsko jezero, otkrijte plutaju\u0107a ostrva\" href=\"http:\/\/www.serbia.com\/srpski\/posetite-srbiju\/prirodne-lepote\/reke-i-jezera\/vlasinsko-jezero-otkrijte-plutajuca-ostrva\/\" target=\"_blank\" rel=\"noopener\">Vlasinsko jezero<\/a> sa svojim plutaju\u0107im ostrvima je raj za o\u010di, opu\u0161taju\u0107a sredina koja je mnogim pesnicima i slikarima slu\u017eila kao inspiracija.<\/p>\n<p>Netaknuta priroda <strong>planine Kukavice<\/strong>, sa bujnim \u0161umama, potocima, izvorima i bogatim biljnim i \u017eivotinjskim svetom je idealno mesto za potpuni odmor, dok \u0107e vas <strong>Sijarinska Banja<\/strong> i njeni vreli gejziri i spa centri opustiti i pobolj\u0161ati va\u0161e zdravlje.<\/p>\n<p>Leskovac je danas <strong>grad zelene energije<\/strong>. Svojevrsni vodosistemi, postrojenja za solarnu energiju kao i aktivna recikla\u017ea omogu\u0107avaju sve zdraviji i bezbedniji \u017eivot u ovom gradu. U Leskovcu se nalazi i <strong>klinika Dr. Miodraga Stojkovi\u0107a<\/strong>, svetski poznatog nau\u010dnika, koja se bavi ve\u0161ta\u010dkom oplodnjom i le\u010denjem steriliteta, i u koju dolaze ljudi iz cele Evrope.<\/p>\n<p>Gostoljubivost i otvorenost Leskov\u010dana \u0107e vas sigurno dirnuti i \u017eele\u0107ete da ostanete jo\u0161 koji dan kako biste \u010duli jo\u0161 jednu pri\u010du iz starog Leskovca, nau\u010dili neku novu re\u010d ili pojeli bar jo\u0161 pet \u0107evapa.<\/p>\n<h4>Kako do\u0107i u Leskovac?<\/h4>\n<p>Leskovac se nalazi 275 km od <a title=\"Beograd\" href=\"http:\/\/www.serbia.com\/srpski\/posetite-srbiju\/gradovi\/beograd\/\" target=\"_blank\" rel=\"noopener\">Beograda<\/a>. Do njega se dolazi auto-putem E75. Isklju\u010denje sa ovog puta je na 37. kilometru posle <a title=\"Od svitanja do svitanja u Ni\u0161u\" href=\"http:\/\/www.serbia.com\/srpski\/posetite-srbiju\/gradovi\/nis\/\" target=\"_blank\" rel=\"noopener\">Ni\u0161a<\/a>. Iz svih ve\u0107ih gradova u Srbiji postoje redovne autobuske linije do Leskovca.<\/p>\n<h4>Kada ste ve\u0107 ovde, ne propustite\u2026<\/h4>\n<p>\u2013 <strong>internacionalni festival filmske re\u017eije LIFFE<\/strong> (svakog septembra).<\/p>\n<p>&#8211;<strong>\u201eLeskova\u010dko leto\u201c<\/strong> i <strong>\u201eLeskova\u010dki karneval\u201c<\/strong>, manifestacije koje se odr\u017eavaju tokom leta i koje privla\u010de veliki broj mladih ljudi i nude \u0161irok izbor kulturnih, zabavnih i sportskih aktivnosti.<\/p>\n<p>\u2013 I ne zaboravite <strong>\u201eLeskova\u010dku ro\u0161tiljijadu\u201c<\/strong> krajem avgusta!<\/p>\n<p>Autor teksta: Zlatko Todorovi\u0107<\/p>\n","protected":false},"excerpt":{"rendered":"<p>U srcu leskova\u010dke kotline, na maloj reci Veternici, blizu njenog uvira u Ju\u017enu Moravu, le\u017ei grad Leskovac. Njegovo petore\u010dje (sliv pet reka) je u svetu veoma retka geografska pojava. Poput [&hellip;]<\/p>\n","protected":false},"author":27,"featured_media":31209,"parent":20433,"menu_order":0,"comment_status":"closed","ping_status":"closed","template":"","meta":{"_acf_changed":false,"inline_featured_image":false,"_monsterinsights_skip_tracking":false,"_monsterinsights_sitenote_active":false,"_monsterinsights_sitenote_note":"","_monsterinsights_sitenote_category":0,"footnotes":""},"categories":[1672],"tags":[],"class_list":["post-31524","page","type-page","status-publish","has-post-thumbnail","hentry","category-gradovi"],"acf":[],"yoast_head":"<!-- This site is optimized with the Yoast SEO plugin v27.4 - https:\/\/yoast.com\/product\/yoast-seo-wordpress\/ -->\n<title>Leskovac, dom najboljeg ro\u0161tilja na svetu - Serbia.com<\/title>\n<meta name=\"robots\" content=\"index, follow, max-snippet:-1, max-image-preview:large, max-video-preview:-1\" \/>\n<link rel=\"canonical\" href=\"https:\/\/serbia.com\/srpski\/posetite-srbiju\/gradovi\/leskovac-dom-najboljeg-rostilja-na-svetu\/\" \/>\n<meta property=\"og:locale\" content=\"en_US\" \/>\n<meta property=\"og:type\" content=\"article\" \/>\n<meta property=\"og:title\" content=\"Leskovac, dom najboljeg ro\u0161tilja na svetu - Serbia.com\" \/>\n<meta property=\"og:description\" content=\"U srcu leskova\u010dke kotline, na maloj reci Veternici, blizu njenog uvira u Ju\u017enu Moravu, le\u017ei grad Leskovac. Njegovo petore\u010dje (sliv pet reka) je u svetu veoma retka geografska pojava. Poput [&hellip;]\" \/>\n<meta property=\"og:url\" content=\"https:\/\/serbia.com\/srpski\/posetite-srbiju\/gradovi\/leskovac-dom-najboljeg-rostilja-na-svetu\/\" \/>\n<meta property=\"og:site_name\" content=\"Serbia.com\" \/>\n<meta property=\"article:modified_time\" content=\"2024-10-20T11:50:06+00:00\" \/>\n<meta property=\"og:image\" content=\"https:\/\/serbia.com\/wp-content\/uploads\/2015\/04\/leskovac-1.jpg\" \/>\n\t<meta property=\"og:image:width\" content=\"1600\" \/>\n\t<meta property=\"og:image:height\" content=\"844\" \/>\n\t<meta property=\"og:image:type\" content=\"image\/jpeg\" \/>\n<meta name=\"twitter:label1\" content=\"Est. reading time\" \/>\n\t<meta name=\"twitter:data1\" content=\"4 minutes\" \/>\n<script type=\"application\/ld+json\" class=\"yoast-schema-graph\">{\"@context\":\"https:\\\/\\\/schema.org\",\"@graph\":[{\"@type\":\"WebPage\",\"@id\":\"https:\\\/\\\/serbia.com\\\/srpski\\\/posetite-srbiju\\\/gradovi\\\/leskovac-dom-najboljeg-rostilja-na-svetu\\\/\",\"url\":\"https:\\\/\\\/serbia.com\\\/srpski\\\/posetite-srbiju\\\/gradovi\\\/leskovac-dom-najboljeg-rostilja-na-svetu\\\/\",\"name\":\"Leskovac, dom najboljeg ro\u0161tilja na svetu - Serbia.com\",\"isPartOf\":{\"@id\":\"https:\\\/\\\/serbia.com\\\/#website\"},\"primaryImageOfPage\":{\"@id\":\"https:\\\/\\\/serbia.com\\\/srpski\\\/posetite-srbiju\\\/gradovi\\\/leskovac-dom-najboljeg-rostilja-na-svetu\\\/#primaryimage\"},\"image\":{\"@id\":\"https:\\\/\\\/serbia.com\\\/srpski\\\/posetite-srbiju\\\/gradovi\\\/leskovac-dom-najboljeg-rostilja-na-svetu\\\/#primaryimage\"},\"thumbnailUrl\":\"https:\\\/\\\/serbia.com\\\/wp-content\\\/uploads\\\/2015\\\/04\\\/leskovac-1.jpg\",\"datePublished\":\"2015-05-06T10:40:04+00:00\",\"dateModified\":\"2024-10-20T11:50:06+00:00\",\"breadcrumb\":{\"@id\":\"https:\\\/\\\/serbia.com\\\/srpski\\\/posetite-srbiju\\\/gradovi\\\/leskovac-dom-najboljeg-rostilja-na-svetu\\\/#breadcrumb\"},\"inLanguage\":\"srpski\",\"potentialAction\":[{\"@type\":\"ReadAction\",\"target\":[\"https:\\\/\\\/serbia.com\\\/srpski\\\/posetite-srbiju\\\/gradovi\\\/leskovac-dom-najboljeg-rostilja-na-svetu\\\/\"]}]},{\"@type\":\"ImageObject\",\"inLanguage\":\"srpski\",\"@id\":\"https:\\\/\\\/serbia.com\\\/srpski\\\/posetite-srbiju\\\/gradovi\\\/leskovac-dom-najboljeg-rostilja-na-svetu\\\/#primaryimage\",\"url\":\"https:\\\/\\\/serbia.com\\\/wp-content\\\/uploads\\\/2015\\\/04\\\/leskovac-1.jpg\",\"contentUrl\":\"https:\\\/\\\/serbia.com\\\/wp-content\\\/uploads\\\/2015\\\/04\\\/leskovac-1.jpg\",\"width\":1600,\"height\":844},{\"@type\":\"BreadcrumbList\",\"@id\":\"https:\\\/\\\/serbia.com\\\/srpski\\\/posetite-srbiju\\\/gradovi\\\/leskovac-dom-najboljeg-rostilja-na-svetu\\\/#breadcrumb\",\"itemListElement\":[{\"@type\":\"ListItem\",\"position\":1,\"name\":\"Home\",\"item\":\"https:\\\/\\\/serbia.com\\\/srpski\\\/\"},{\"@type\":\"ListItem\",\"position\":2,\"name\":\"Poseti Srbiju\",\"item\":\"https:\\\/\\\/serbia.com\\\/srpski\\\/posetite-srbiju\\\/\"},{\"@type\":\"ListItem\",\"position\":3,\"name\":\"Gradovi\",\"item\":\"https:\\\/\\\/serbia.com\\\/srpski\\\/posetite-srbiju\\\/gradovi\\\/\"},{\"@type\":\"ListItem\",\"position\":4,\"name\":\"Leskovac, dom najboljeg ro\u0161tilja na svetu\"}]},{\"@type\":\"WebSite\",\"@id\":\"https:\\\/\\\/serbia.com\\\/#website\",\"url\":\"https:\\\/\\\/serbia.com\\\/\",\"name\":\"Serbia.com\",\"description\":\"Your Gateway to Serbia\",\"potentialAction\":[{\"@type\":\"SearchAction\",\"target\":{\"@type\":\"EntryPoint\",\"urlTemplate\":\"https:\\\/\\\/serbia.com\\\/?s={search_term_string}\"},\"query-input\":{\"@type\":\"PropertyValueSpecification\",\"valueRequired\":true,\"valueName\":\"search_term_string\"}}],\"inLanguage\":\"srpski\"}]}<\/script>\n<!-- \/ Yoast SEO plugin. -->","yoast_head_json":{"title":"Leskovac, dom najboljeg ro\u0161tilja na svetu - Serbia.com","robots":{"index":"index","follow":"follow","max-snippet":"max-snippet:-1","max-image-preview":"max-image-preview:large","max-video-preview":"max-video-preview:-1"},"canonical":"https:\/\/serbia.com\/srpski\/posetite-srbiju\/gradovi\/leskovac-dom-najboljeg-rostilja-na-svetu\/","og_locale":"en_US","og_type":"article","og_title":"Leskovac, dom najboljeg ro\u0161tilja na svetu - Serbia.com","og_description":"U srcu leskova\u010dke kotline, na maloj reci Veternici, blizu njenog uvira u Ju\u017enu Moravu, le\u017ei grad Leskovac. Njegovo petore\u010dje (sliv pet reka) je u svetu veoma retka geografska pojava. Poput [&hellip;]","og_url":"https:\/\/serbia.com\/srpski\/posetite-srbiju\/gradovi\/leskovac-dom-najboljeg-rostilja-na-svetu\/","og_site_name":"Serbia.com","article_modified_time":"2024-10-20T11:50:06+00:00","og_image":[{"width":1600,"height":844,"url":"https:\/\/serbia.com\/wp-content\/uploads\/2015\/04\/leskovac-1.jpg","type":"image\/jpeg"}],"twitter_misc":{"Est. reading time":"4 minutes"},"schema":{"@context":"https:\/\/schema.org","@graph":[{"@type":"WebPage","@id":"https:\/\/serbia.com\/srpski\/posetite-srbiju\/gradovi\/leskovac-dom-najboljeg-rostilja-na-svetu\/","url":"https:\/\/serbia.com\/srpski\/posetite-srbiju\/gradovi\/leskovac-dom-najboljeg-rostilja-na-svetu\/","name":"Leskovac, dom najboljeg ro\u0161tilja na svetu - Serbia.com","isPartOf":{"@id":"https:\/\/serbia.com\/#website"},"primaryImageOfPage":{"@id":"https:\/\/serbia.com\/srpski\/posetite-srbiju\/gradovi\/leskovac-dom-najboljeg-rostilja-na-svetu\/#primaryimage"},"image":{"@id":"https:\/\/serbia.com\/srpski\/posetite-srbiju\/gradovi\/leskovac-dom-najboljeg-rostilja-na-svetu\/#primaryimage"},"thumbnailUrl":"https:\/\/serbia.com\/wp-content\/uploads\/2015\/04\/leskovac-1.jpg","datePublished":"2015-05-06T10:40:04+00:00","dateModified":"2024-10-20T11:50:06+00:00","breadcrumb":{"@id":"https:\/\/serbia.com\/srpski\/posetite-srbiju\/gradovi\/leskovac-dom-najboljeg-rostilja-na-svetu\/#breadcrumb"},"inLanguage":"srpski","potentialAction":[{"@type":"ReadAction","target":["https:\/\/serbia.com\/srpski\/posetite-srbiju\/gradovi\/leskovac-dom-najboljeg-rostilja-na-svetu\/"]}]},{"@type":"ImageObject","inLanguage":"srpski","@id":"https:\/\/serbia.com\/srpski\/posetite-srbiju\/gradovi\/leskovac-dom-najboljeg-rostilja-na-svetu\/#primaryimage","url":"https:\/\/serbia.com\/wp-content\/uploads\/2015\/04\/leskovac-1.jpg","contentUrl":"https:\/\/serbia.com\/wp-content\/uploads\/2015\/04\/leskovac-1.jpg","width":1600,"height":844},{"@type":"BreadcrumbList","@id":"https:\/\/serbia.com\/srpski\/posetite-srbiju\/gradovi\/leskovac-dom-najboljeg-rostilja-na-svetu\/#breadcrumb","itemListElement":[{"@type":"ListItem","position":1,"name":"Home","item":"https:\/\/serbia.com\/srpski\/"},{"@type":"ListItem","position":2,"name":"Poseti Srbiju","item":"https:\/\/serbia.com\/srpski\/posetite-srbiju\/"},{"@type":"ListItem","position":3,"name":"Gradovi","item":"https:\/\/serbia.com\/srpski\/posetite-srbiju\/gradovi\/"},{"@type":"ListItem","position":4,"name":"Leskovac, dom najboljeg ro\u0161tilja na svetu"}]},{"@type":"WebSite","@id":"https:\/\/serbia.com\/#website","url":"https:\/\/serbia.com\/","name":"Serbia.com","description":"Your Gateway to Serbia","potentialAction":[{"@type":"SearchAction","target":{"@type":"EntryPoint","urlTemplate":"https:\/\/serbia.com\/?s={search_term_string}"},"query-input":{"@type":"PropertyValueSpecification","valueRequired":true,"valueName":"search_term_string"}}],"inLanguage":"srpski"}]}},"brizy_media":[],"_links":{"self":[{"href":"https:\/\/serbia.com\/srpski\/wp-json\/wp\/v2\/pages\/31524","targetHints":{"allow":["GET"]}}],"collection":[{"href":"https:\/\/serbia.com\/srpski\/wp-json\/wp\/v2\/pages"}],"about":[{"href":"https:\/\/serbia.com\/srpski\/wp-json\/wp\/v2\/types\/page"}],"author":[{"embeddable":true,"href":"https:\/\/serbia.com\/srpski\/wp-json\/wp\/v2\/users\/27"}],"replies":[{"embeddable":true,"href":"https:\/\/serbia.com\/srpski\/wp-json\/wp\/v2\/comments?post=31524"}],"version-history":[{"count":1,"href":"https:\/\/serbia.com\/srpski\/wp-json\/wp\/v2\/pages\/31524\/revisions"}],"predecessor-version":[{"id":55690,"href":"https:\/\/serbia.com\/srpski\/wp-json\/wp\/v2\/pages\/31524\/revisions\/55690"}],"up":[{"embeddable":true,"href":"https:\/\/serbia.com\/srpski\/wp-json\/wp\/v2\/pages\/20433"}],"wp:featuredmedia":[{"embeddable":true,"href":"https:\/\/serbia.com\/srpski\/wp-json\/wp\/v2\/media\/31209"}],"wp:attachment":[{"href":"https:\/\/serbia.com\/srpski\/wp-json\/wp\/v2\/media?parent=31524"}],"wp:term":[{"taxonomy":"category","embeddable":true,"href":"https:\/\/serbia.com\/srpski\/wp-json\/wp\/v2\/categories?post=31524"},{"taxonomy":"post_tag","embeddable":true,"href":"https:\/\/serbia.com\/srpski\/wp-json\/wp\/v2\/tags?post=31524"}],"curies":[{"name":"wp","href":"https:\/\/api.w.org\/{rel}","templated":true}]}}