{"id":31515,"date":"2015-05-06T11:47:09","date_gmt":"2015-05-06T09:47:09","guid":{"rendered":"http:\/\/www.serbia.com\/?page_id=31515"},"modified":"2024-10-20T13:59:58","modified_gmt":"2024-10-20T11:59:58","slug":"vrsac-lepa-varos","status":"publish","type":"page","link":"https:\/\/serbia.com\/srpski\/posetite-srbiju\/gradovi\/vrsac-lepa-varos\/","title":{"rendered":"Vr\u0161ac, lepa varo\u0161"},"content":{"rendered":"<h4>Iako su napisane jo\u0161 pre 165 godina, tri re\u010di jednog od \u010duvenih \u017eitelja Vr\u0161ca Jovana Sterije Popovi\u0107a i danas sasvim ta\u010dno odre\u0111uju grad. One ka\u017eu: \u201eVr\u0161ac lepa varo\u0161.\u201c To je sasvim izvesno prvi utisak i sa na\u0161e redakcijske posete Vr\u0161cu. Drugi utisak upotpunjuje prvi \u2013 Vr\u0161ac je i neobi\u010dno mirna varo\u0161.<\/h4>\n<p>Uprkos mnogobrojnim doga\u0111anjima, tu vreme neobi\u010dno sporo te\u010de. Sve je nekako taman toliko u pokretu da se sasvim jasno uo\u010davaju arhitektura grada, njegove boje, mirisi i ukusi, te ljudi, koji suvereno nose taj prepoznatljivi pe\u010dat Vojvodine. U ovom slu\u010daju Banata. <strong>Jer Banat, ka\u017eu, nije stvar geografskog odre\u0111enja. <a title=\"Uzbudljiva vo\u017enja kroz prelepi Banat\" href=\"http:\/\/www.serbia.com\/srpski\/uzbudljiva-voznja-kroz-prelepi-banat\/\">Banat<\/a> je mentalitet.<\/strong><\/p>\n<p><strong>GRAD POD KULOM<\/strong><\/p>\n<p>Brojna stara zdanja raznovrsnih stilova, crkve i kulturne institucije, \u010duvaju jednu od najstarijih tradicija me\u0111u srpskim gradovima. \u201eGrad pod Kulom\u201c, sa 40.000 stanovnika, jedan je od najlep\u0161ih banatskih gradova. Nalazi se u severoisto\u010dnom delu Srbije, odnosno jugoisto\u010dnom delu Vojvodine, uz rub Panonske nizije, u podno\u017eju i na obroncima Vr\u0161a\u010dkih planina. Deo teritorije op\u0161tine Vr\u0161ac zauzima prostor prirodnog rezervata \u201e<a title=\"Deliblatska pe\u0161\u010dara \u2013 evropska Sahara\" href=\"http:\/\/www.serbia.com\/srpski\/deliblatska-pescara-evropska-sahara\/\">Deliblatska pe\u0161\u010dara<\/a>\u201c, poznate i kao \u201eEvropska Sahara\u201c.<\/p>\n<p>Ako tragamo za obele\u017ejima grada, jedno je jasno. Nad gradom se lagano, poput pene talasa, uzdi\u017ee <strong>Vr\u0161a\u010dki breg.<\/strong> Na njemu dominira <strong>Vr\u0161a\u010dka kula<\/strong>. Podignuta po\u010detkom 15. veka, ta brani\u010d kula jedini je ostatak nekada\u0161nje tvr\u0111ave koja se danas mo\u017ee prepoznati samo po ostacima temelja. Sa\u010dinjena od kamena i opeke, kula nosi odlike vizantijskog na\u010dina zidanja, pa ju je, pretpostavlja se, podigao<strong> despot \u0110ura\u0111.<\/strong> Ako nastavite \u0161etnju ka istoku, nai\u0107i \u0107ete na nekoliko vidikovaca sa pogledom na grad. Glavni put na istok vodi do planinarskog doma na \u0160irokom bilu, polazne ta\u010dke za pe\u0161a\u010dke ture po Vr\u0161a\u010dkim planinama.<\/p>\n<p><strong>PROZORI SA POGLEDOM<\/strong><\/p>\n<p><img loading=\"lazy\" decoding=\"async\" class=\"alignright size-full wp-image-23983\" src=\"http:\/\/www.serbia.com\/wp-content\/uploads\/2014\/03\/vrsac1.jpg\" alt=\"vrsac\" width=\"300\" height=\"449\" srcset=\"https:\/\/serbia.com\/wp-content\/uploads\/2014\/03\/vrsac1.jpg 300w, https:\/\/serbia.com\/wp-content\/uploads\/2014\/03\/vrsac1-200x300.jpg 200w\" sizes=\"auto, (max-width: 300px) 100vw, 300px\" \/>Arhitektura Vr\u0161ca obiluje razli\u010ditim stilovima koji nose odrednice istorije grada, a me\u0111u njima su naj\u010de\u0161\u0107i barok i secesija. Atmosferu vr\u0161a\u010dkih ulica upotpunjuju kibic fensteri, prozori koji izlaze u prostor, sa kojih su gospo\u0111ice u ranija vremena kri\u0161om i srame\u017eljivo posmatrale prolaznike.<\/p>\n<p><strong>Trg Save Kova\u010devi\u0107a<\/strong>, nekada\u0161nje sredi\u0161te trgovine i zanatstva, danas je pretvoren u ugodnu pe\u0161a\u010dku zonu, okru\u017eenu nekolicinom zanimljivih zdanja.<\/p>\n<p><a title=\"Vladi\u010danski dvor u Vr\u0161cu\" href=\"http:\/\/www.serbia.com\/srpski\/vladicanski-dvor-u-vrscu\/\">Vladi\u010danski dvor<\/a> je izuzetna ba\u0161tina Vr\u0161ca. U njegovoj neposrednoj blizini nalazi se pravoslavna <strong>Saborna crkva<\/strong>, posve\u0107ena Svetom Nikoli. Taj hram podignut je 1785, a njegovu unutra\u0161njost ukra\u0161avali su mnogi istaknuti srpski umetnici: Pavel \u0110urkovi\u0107 \u2013 koji je oslikao ikonostas, Nikola Ne\u0161kovi\u0107 \u2013 \u010dije su slobodnostoje\u0107e ikone, te <a title=\"Paja Jovanovi\u0107, slikar istorije Srbije\" href=\"http:\/\/www.serbia.com\/srpski\/paja-jovanovic-slikar-istorije-srbije\/\">Paja Jovanovi\u0107<\/a> \u2013 sa svoja dva velika platna.<\/p>\n<p>Najvi\u0161a i najupe\u010datljivija gra\u0111evina Vr\u0161ca svakako je njegova <strong>Rimokatoli\u010dka crkva \u2013 katedrala<\/strong>, \u010dija se dva tornja lako mogu uo\u010diti jo\u0161 izdaleka. To impresivno neogoti\u010dko zdanje, posve\u0107eno Svetom Gerhardu, podignuto je 1860\u20131863, na osnovu planova lokalnog arhitekte Franca Brandajsa. <strong>Jedna je od najlep\u0161ih i najve\u0107ih katoli\u010dkih crkava na ovim prostorima.<\/strong><\/p>\n<p>U vr\u0161a\u010dkom<strong> Narodnom muzeju<\/strong> mogu se videti arheolo\u0161ki eksponati sa bogatih nalazi\u0161ta oko grada, etnografska zbirka i veliki broj umetni\u010dkih dela iz 19. i 20. veka. Poseban deo muzeja posve\u0107en je \u017eivotu i radu Paje Jovanovi\u0107a i Jovana Sterije Popovi\u0107a.<\/p>\n<blockquote><p><em>Na uglu ulica Kumanovske i Stevana Nemanje u Vr\u0161cu nalazi se zdanje Stare apoteke znano i kao\u201eApoteka na stepenicama\u201d. Ku\u0107a poti\u010de iz sredine 18. veka a od 1784. ovde radi najstarija vr\u0161a\u010dka apoteka \u201eKod Spasitelja\u201d. Ovu namenu zdanje je zadr\u017ealo do 1971, kada je priklju\u010deno Gradskom muzeju. Danas su tu sme\u0161tene stalne izlo\u017ebe: \u201eIz istorije zdravstvene kulture ju\u017enog Banata\u201d, \u201eSe\u0107anje na Paju Jovanovi\u0107a\u201d, arheolo\u0161ka zbirka \u201eOd istorije do srednjeg veka\u201d, a tu je i posebna prostorija u kojoj su predstavljene medalje iz zbirki Muzeja.<\/em><\/p><\/blockquote>\n<p><img loading=\"lazy\" decoding=\"async\" class=\"aligncenter size-full wp-image-23975\" src=\"http:\/\/www.serbia.com\/wp-content\/uploads\/2014\/03\/vrsac-1719.jpg\" alt=\"Unregistered RawShooter essentials 2005 1.1.2 bld 14\" width=\"736\" height=\"491\" srcset=\"https:\/\/serbia.com\/wp-content\/uploads\/2014\/03\/vrsac-1719.jpg 736w, https:\/\/serbia.com\/wp-content\/uploads\/2014\/03\/vrsac-1719-300x200.jpg 300w\" sizes=\"auto, (max-width: 736px) 100vw, 736px\" \/><\/p>\n<p><strong>PEJZA\u017d POD VINOGRADIMA<\/strong><\/p>\n<p>Biraju\u0107i jo\u0161 jednu odrednicu Vr\u0161ca, pu\u0161tamo da nas pogled zavede prostranstvom <strong>vr\u0161a\u010dkih vinograda<\/strong>. Poput provansalskih, i oni se ovog prole\u0107a uspravljaju ka nebu i suncu, nagove\u0161tavaju\u0107i dobru berbu.<\/p>\n<blockquote><p><em>Od Da\u010dana i Rimljana do danas tu se uzgaja vinova loza. Zabele\u017eeno je da je 1494. godine dvor ugarskog kralja Ladislava Drugog kupio bure vr\u0161a\u010dkog vina za 10,5 zlatnih forinti.<\/em><\/p><\/blockquote>\n<p><strong>Prva izlo\u017eba vina u Vr\u0161cu odr\u017eana je u kafani \u201eKod dva klju\u010da\u201c, 1857. godine.<\/strong> Krajem 19. veka u Vr\u0161cu je bilo vi\u0161e od 10.000 ha vinograda. U Vr\u0161cu deluje i vinski vite\u0161ki red \u201eSveti Teodor\u201c, koji je ime dobio po za\u0161titniku grada. Vr\u0161a\u010dka berba, poznata u narodu kao <strong>\u201eGro\u017e\u0111ebal\u201c<\/strong>, ima dugu tradiciju, odr\u017eava se svake godine, tre\u0107eg vikenda u septembru, a tradicionalan je i <strong>\u201eVinofest\u201c<\/strong> \u2013 sajam vina, vinogradara i vinogradarske opreme.<\/p>\n<p>Danas se ceo taj kraj, gde se dodiruju Vr\u0161a\u010dke planine i blaga banatska ravnica, nalazi pod vinogradima i predstavlja jedan od najzna\u010dajnijih vinogradarskih rejona u Srbiji.\u00a0Me\u0111u mnogim vrhunskim i kvalitetnim vinima tog regiona izdvajaju se muskat otonel, \u0161ardone, pino bjanko, rajnski i italijanski rizling, a veoma je popularno stono vino banatski rizling od sorti italijanski rizling, smederevka, \u017eupljanka i kreaca.<\/p>\n<p>Ako se gutljaju odli\u010dnog vina doda i neki od lokalnih specijaliteta, uz sve pomenute sadr\u017eaje, i svest da mnoge u ovom tekstu nismo uspeli ni da pomenemo, Vr\u0161ac potpuno zaokru\u017euje \u201egladi\u201c svakog potencijalnog turiste, pozivaju\u0107i rukavcima ove pri\u010de na nova traganja, otkrivanja i u\u017eivanja.<\/p>\n<p>Dragana MARKOVI\u0106<br \/>\nFotografije: Dragan Bosni\u0107<\/p>\n","protected":false},"excerpt":{"rendered":"<p>Iako su napisane jo\u0161 pre 165 godina, tri re\u010di jednog od \u010duvenih \u017eitelja Vr\u0161ca Jovana Sterije Popovi\u0107a i danas sasvim ta\u010dno odre\u0111uju grad. One ka\u017eu: \u201eVr\u0161ac lepa varo\u0161.\u201c To je [&hellip;]<\/p>\n","protected":false},"author":27,"featured_media":31188,"parent":20433,"menu_order":0,"comment_status":"closed","ping_status":"closed","template":"","meta":{"_acf_changed":false,"inline_featured_image":false,"_monsterinsights_skip_tracking":false,"_monsterinsights_sitenote_active":false,"_monsterinsights_sitenote_note":"","_monsterinsights_sitenote_category":0,"footnotes":""},"categories":[1672],"tags":[],"class_list":["post-31515","page","type-page","status-publish","has-post-thumbnail","hentry","category-gradovi"],"acf":[],"yoast_head":"<!-- This site is optimized with the Yoast SEO plugin v27.4 - https:\/\/yoast.com\/product\/yoast-seo-wordpress\/ -->\n<title>Vr\u0161ac, lepa varo\u0161 - Serbia.com<\/title>\n<meta name=\"robots\" content=\"index, follow, max-snippet:-1, max-image-preview:large, max-video-preview:-1\" \/>\n<link rel=\"canonical\" href=\"https:\/\/serbia.com\/srpski\/posetite-srbiju\/gradovi\/vrsac-lepa-varos\/\" \/>\n<meta property=\"og:locale\" content=\"en_US\" \/>\n<meta property=\"og:type\" content=\"article\" \/>\n<meta property=\"og:title\" content=\"Vr\u0161ac, lepa varo\u0161 - Serbia.com\" \/>\n<meta property=\"og:description\" content=\"Iako su napisane jo\u0161 pre 165 godina, tri re\u010di jednog od \u010duvenih \u017eitelja Vr\u0161ca Jovana Sterije Popovi\u0107a i danas sasvim ta\u010dno odre\u0111uju grad. One ka\u017eu: \u201eVr\u0161ac lepa varo\u0161.\u201c To je [&hellip;]\" \/>\n<meta property=\"og:url\" content=\"https:\/\/serbia.com\/srpski\/posetite-srbiju\/gradovi\/vrsac-lepa-varos\/\" \/>\n<meta property=\"og:site_name\" content=\"Serbia.com\" \/>\n<meta property=\"article:modified_time\" content=\"2024-10-20T11:59:58+00:00\" \/>\n<meta property=\"og:image\" content=\"https:\/\/serbia.com\/wp-content\/uploads\/2015\/04\/katedrala-vrsac1.jpg\" \/>\n\t<meta property=\"og:image:width\" content=\"1600\" \/>\n\t<meta property=\"og:image:height\" content=\"840\" \/>\n\t<meta property=\"og:image:type\" content=\"image\/jpeg\" \/>\n<meta name=\"twitter:label1\" content=\"Est. reading time\" \/>\n\t<meta name=\"twitter:data1\" content=\"4 minutes\" \/>\n<script type=\"application\/ld+json\" class=\"yoast-schema-graph\">{\"@context\":\"https:\\\/\\\/schema.org\",\"@graph\":[{\"@type\":\"WebPage\",\"@id\":\"https:\\\/\\\/serbia.com\\\/srpski\\\/posetite-srbiju\\\/gradovi\\\/vrsac-lepa-varos\\\/\",\"url\":\"https:\\\/\\\/serbia.com\\\/srpski\\\/posetite-srbiju\\\/gradovi\\\/vrsac-lepa-varos\\\/\",\"name\":\"Vr\u0161ac, lepa varo\u0161 - Serbia.com\",\"isPartOf\":{\"@id\":\"https:\\\/\\\/serbia.com\\\/#website\"},\"primaryImageOfPage\":{\"@id\":\"https:\\\/\\\/serbia.com\\\/srpski\\\/posetite-srbiju\\\/gradovi\\\/vrsac-lepa-varos\\\/#primaryimage\"},\"image\":{\"@id\":\"https:\\\/\\\/serbia.com\\\/srpski\\\/posetite-srbiju\\\/gradovi\\\/vrsac-lepa-varos\\\/#primaryimage\"},\"thumbnailUrl\":\"https:\\\/\\\/serbia.com\\\/wp-content\\\/uploads\\\/2015\\\/04\\\/katedrala-vrsac1.jpg\",\"datePublished\":\"2015-05-06T09:47:09+00:00\",\"dateModified\":\"2024-10-20T11:59:58+00:00\",\"breadcrumb\":{\"@id\":\"https:\\\/\\\/serbia.com\\\/srpski\\\/posetite-srbiju\\\/gradovi\\\/vrsac-lepa-varos\\\/#breadcrumb\"},\"inLanguage\":\"srpski\",\"potentialAction\":[{\"@type\":\"ReadAction\",\"target\":[\"https:\\\/\\\/serbia.com\\\/srpski\\\/posetite-srbiju\\\/gradovi\\\/vrsac-lepa-varos\\\/\"]}]},{\"@type\":\"ImageObject\",\"inLanguage\":\"srpski\",\"@id\":\"https:\\\/\\\/serbia.com\\\/srpski\\\/posetite-srbiju\\\/gradovi\\\/vrsac-lepa-varos\\\/#primaryimage\",\"url\":\"https:\\\/\\\/serbia.com\\\/wp-content\\\/uploads\\\/2015\\\/04\\\/katedrala-vrsac1.jpg\",\"contentUrl\":\"https:\\\/\\\/serbia.com\\\/wp-content\\\/uploads\\\/2015\\\/04\\\/katedrala-vrsac1.jpg\",\"width\":1600,\"height\":840},{\"@type\":\"BreadcrumbList\",\"@id\":\"https:\\\/\\\/serbia.com\\\/srpski\\\/posetite-srbiju\\\/gradovi\\\/vrsac-lepa-varos\\\/#breadcrumb\",\"itemListElement\":[{\"@type\":\"ListItem\",\"position\":1,\"name\":\"Home\",\"item\":\"https:\\\/\\\/serbia.com\\\/srpski\\\/\"},{\"@type\":\"ListItem\",\"position\":2,\"name\":\"Poseti Srbiju\",\"item\":\"https:\\\/\\\/serbia.com\\\/srpski\\\/posetite-srbiju\\\/\"},{\"@type\":\"ListItem\",\"position\":3,\"name\":\"Gradovi\",\"item\":\"https:\\\/\\\/serbia.com\\\/srpski\\\/posetite-srbiju\\\/gradovi\\\/\"},{\"@type\":\"ListItem\",\"position\":4,\"name\":\"Vr\u0161ac, lepa varo\u0161\"}]},{\"@type\":\"WebSite\",\"@id\":\"https:\\\/\\\/serbia.com\\\/#website\",\"url\":\"https:\\\/\\\/serbia.com\\\/\",\"name\":\"Serbia.com\",\"description\":\"Your Gateway to Serbia\",\"potentialAction\":[{\"@type\":\"SearchAction\",\"target\":{\"@type\":\"EntryPoint\",\"urlTemplate\":\"https:\\\/\\\/serbia.com\\\/?s={search_term_string}\"},\"query-input\":{\"@type\":\"PropertyValueSpecification\",\"valueRequired\":true,\"valueName\":\"search_term_string\"}}],\"inLanguage\":\"srpski\"}]}<\/script>\n<!-- \/ Yoast SEO plugin. -->","yoast_head_json":{"title":"Vr\u0161ac, lepa varo\u0161 - Serbia.com","robots":{"index":"index","follow":"follow","max-snippet":"max-snippet:-1","max-image-preview":"max-image-preview:large","max-video-preview":"max-video-preview:-1"},"canonical":"https:\/\/serbia.com\/srpski\/posetite-srbiju\/gradovi\/vrsac-lepa-varos\/","og_locale":"en_US","og_type":"article","og_title":"Vr\u0161ac, lepa varo\u0161 - Serbia.com","og_description":"Iako su napisane jo\u0161 pre 165 godina, tri re\u010di jednog od \u010duvenih \u017eitelja Vr\u0161ca Jovana Sterije Popovi\u0107a i danas sasvim ta\u010dno odre\u0111uju grad. One ka\u017eu: \u201eVr\u0161ac lepa varo\u0161.\u201c To je [&hellip;]","og_url":"https:\/\/serbia.com\/srpski\/posetite-srbiju\/gradovi\/vrsac-lepa-varos\/","og_site_name":"Serbia.com","article_modified_time":"2024-10-20T11:59:58+00:00","og_image":[{"width":1600,"height":840,"url":"https:\/\/serbia.com\/wp-content\/uploads\/2015\/04\/katedrala-vrsac1.jpg","type":"image\/jpeg"}],"twitter_misc":{"Est. reading time":"4 minutes"},"schema":{"@context":"https:\/\/schema.org","@graph":[{"@type":"WebPage","@id":"https:\/\/serbia.com\/srpski\/posetite-srbiju\/gradovi\/vrsac-lepa-varos\/","url":"https:\/\/serbia.com\/srpski\/posetite-srbiju\/gradovi\/vrsac-lepa-varos\/","name":"Vr\u0161ac, lepa varo\u0161 - Serbia.com","isPartOf":{"@id":"https:\/\/serbia.com\/#website"},"primaryImageOfPage":{"@id":"https:\/\/serbia.com\/srpski\/posetite-srbiju\/gradovi\/vrsac-lepa-varos\/#primaryimage"},"image":{"@id":"https:\/\/serbia.com\/srpski\/posetite-srbiju\/gradovi\/vrsac-lepa-varos\/#primaryimage"},"thumbnailUrl":"https:\/\/serbia.com\/wp-content\/uploads\/2015\/04\/katedrala-vrsac1.jpg","datePublished":"2015-05-06T09:47:09+00:00","dateModified":"2024-10-20T11:59:58+00:00","breadcrumb":{"@id":"https:\/\/serbia.com\/srpski\/posetite-srbiju\/gradovi\/vrsac-lepa-varos\/#breadcrumb"},"inLanguage":"srpski","potentialAction":[{"@type":"ReadAction","target":["https:\/\/serbia.com\/srpski\/posetite-srbiju\/gradovi\/vrsac-lepa-varos\/"]}]},{"@type":"ImageObject","inLanguage":"srpski","@id":"https:\/\/serbia.com\/srpski\/posetite-srbiju\/gradovi\/vrsac-lepa-varos\/#primaryimage","url":"https:\/\/serbia.com\/wp-content\/uploads\/2015\/04\/katedrala-vrsac1.jpg","contentUrl":"https:\/\/serbia.com\/wp-content\/uploads\/2015\/04\/katedrala-vrsac1.jpg","width":1600,"height":840},{"@type":"BreadcrumbList","@id":"https:\/\/serbia.com\/srpski\/posetite-srbiju\/gradovi\/vrsac-lepa-varos\/#breadcrumb","itemListElement":[{"@type":"ListItem","position":1,"name":"Home","item":"https:\/\/serbia.com\/srpski\/"},{"@type":"ListItem","position":2,"name":"Poseti Srbiju","item":"https:\/\/serbia.com\/srpski\/posetite-srbiju\/"},{"@type":"ListItem","position":3,"name":"Gradovi","item":"https:\/\/serbia.com\/srpski\/posetite-srbiju\/gradovi\/"},{"@type":"ListItem","position":4,"name":"Vr\u0161ac, lepa varo\u0161"}]},{"@type":"WebSite","@id":"https:\/\/serbia.com\/#website","url":"https:\/\/serbia.com\/","name":"Serbia.com","description":"Your Gateway to Serbia","potentialAction":[{"@type":"SearchAction","target":{"@type":"EntryPoint","urlTemplate":"https:\/\/serbia.com\/?s={search_term_string}"},"query-input":{"@type":"PropertyValueSpecification","valueRequired":true,"valueName":"search_term_string"}}],"inLanguage":"srpski"}]}},"brizy_media":[],"_links":{"self":[{"href":"https:\/\/serbia.com\/srpski\/wp-json\/wp\/v2\/pages\/31515","targetHints":{"allow":["GET"]}}],"collection":[{"href":"https:\/\/serbia.com\/srpski\/wp-json\/wp\/v2\/pages"}],"about":[{"href":"https:\/\/serbia.com\/srpski\/wp-json\/wp\/v2\/types\/page"}],"author":[{"embeddable":true,"href":"https:\/\/serbia.com\/srpski\/wp-json\/wp\/v2\/users\/27"}],"replies":[{"embeddable":true,"href":"https:\/\/serbia.com\/srpski\/wp-json\/wp\/v2\/comments?post=31515"}],"version-history":[{"count":1,"href":"https:\/\/serbia.com\/srpski\/wp-json\/wp\/v2\/pages\/31515\/revisions"}],"predecessor-version":[{"id":55695,"href":"https:\/\/serbia.com\/srpski\/wp-json\/wp\/v2\/pages\/31515\/revisions\/55695"}],"up":[{"embeddable":true,"href":"https:\/\/serbia.com\/srpski\/wp-json\/wp\/v2\/pages\/20433"}],"wp:featuredmedia":[{"embeddable":true,"href":"https:\/\/serbia.com\/srpski\/wp-json\/wp\/v2\/media\/31188"}],"wp:attachment":[{"href":"https:\/\/serbia.com\/srpski\/wp-json\/wp\/v2\/media?parent=31515"}],"wp:term":[{"taxonomy":"category","embeddable":true,"href":"https:\/\/serbia.com\/srpski\/wp-json\/wp\/v2\/categories?post=31515"},{"taxonomy":"post_tag","embeddable":true,"href":"https:\/\/serbia.com\/srpski\/wp-json\/wp\/v2\/tags?post=31515"}],"curies":[{"name":"wp","href":"https:\/\/api.w.org\/{rel}","templated":true}]}}