{"id":31495,"date":"2015-05-05T16:11:13","date_gmt":"2015-05-05T14:11:13","guid":{"rendered":"http:\/\/www.serbia.com\/?page_id=31495"},"modified":"2015-05-05T16:11:13","modified_gmt":"2015-05-05T14:11:13","slug":"od-svitanja-do-svitanja-u-nisu","status":"publish","type":"page","link":"https:\/\/serbia.com\/srpski\/posetite-srbiju\/gradovi\/od-svitanja-do-svitanja-u-nisu\/","title":{"rendered":"Od svitanja do svitanja u Ni\u0161u"},"content":{"rendered":"<h4>Ni\u0161 je jedan od najstarijih gradova na Balkanu. Poznat je po vedrom ju\u017enja\u010dkom duhu, dobrom provodu, izvrsnoj hrani. Grad se nalazi na mapi dragocenog anti\u010dkog nasle\u0111a i poznat je kao rodni grad cara Konstantina Velikog. Pred vama je jedan od turisti\u010dkih itinerera koji vas vodi kroz grad od svitanja do sumraka i novog svitanja, a itinerer mo\u017eete po\u010deti ili zavr\u0161iti bilo kojim redom.<\/h4>\n<p><strong>BUREK ZA DOBRO JUTRO<\/strong><\/p>\n<p>Burek je originalni turski specijalitet koji se, tokom ekspanzije Otomanskog carstva odoma\u0107io u zemljama Balkana i Mediterana. U Srbiji re\u010d burek ozna\u010dava testo koje se bacanjem uvis razvla\u010di u kore koje se potom pune nadevom od mlevenog mesa ili sira. Recept za okrugli burek prvi put je stigao u Ni\u0161 davne 1498. godine. Doneo ga je iz Istambula \u010duveni turski pekar Mehmed Oglu. U gradu postoji nekoliko pekara u kojima mo\u017eete probati osvedo\u010deno ukusan autenti\u010dni burek. Birajte sa liste pet najboljih ni\u0161kih pekara \u2013 \u010detiri se nalaze u Ulici vo\u017eda Kara\u0111or\u0111a: MBN na broju 13, \u201eSrbijanka\u201c na broju 24, \u201eBrankovi\u0107\u201c na broju 68 i \u201eMi\u0107ko\u201c na broju 76a. Jutarnju \u0161etnju Vo\u017edovom ulicom mo\u017eete pretvoriti u svojevrsnu burek-turu, degustiraju\u0107i nijanse savr\u0161enog pekarskog ume\u0107a. Ina\u010de, <strong>svakog septembra u gradu se organizuju \u201eDani bureka\u201c, na kojima se predstavljaju mnoge verzije tog specijaliteta.<\/strong><\/p>\n<p><strong><img loading=\"lazy\" decoding=\"async\" class=\"alignright size-full wp-image-25010\" src=\"http:\/\/www.serbia.com\/wp-content\/uploads\/2014\/04\/nis-26-04-2009-03.jpg\" alt=\"nis\" width=\"300\" height=\"450\" srcset=\"https:\/\/serbia.com\/wp-content\/uploads\/2014\/04\/nis-26-04-2009-03.jpg 300w, https:\/\/serbia.com\/wp-content\/uploads\/2014\/04\/nis-26-04-2009-03-200x300.jpg 200w\" sizes=\"(max-width: 300px) 100vw, 300px\" \/>KAFA U KAZAND\u017dIJSKOM SOKA\u010cETU<\/strong><\/p>\n<p>U centru grada postoje \u010ditavi kvartovi koji su poznati kao zone dobrog provoda. De\u0161avanja po\u010dinju u jutarnjim satima i traju do kasno u no\u0107. Naj\u017eivlje je u Kazand\u017eijskom soka\u010detu, a najbolje dnevno vreme za kafu i okrepljenje je od podneva do dva sata popodne, kada je u Soka\u010detu naj\u017eivlje.<\/p>\n<p>Ta autenti\u010dna ambijentalna celina turskog Ni\u0161a o\u010duvani je deo nekada\u0161nje stare zanatlijske \u010dar\u0161ije. Na ulazu u Kazand\u017eijsko soka\u010de postavljen je jedan neobi\u010dan spomenik, koji vam mo\u017ee poslu\u017eiti kao putokaz. Vide\u0107ete bronzanu skulpturu: dva \u010doveka koja sede za kafanskim stolom \u017eivo razgovaraju\u0107i i jedan pas.<\/p>\n<p><strong>Likovi su srpski knji\u017eevnik Stevan Sremac i legendarni lovac Kal\u010da, Srem\u010dev literarni junak.<\/strong> Na stolu su postavljeni \u010da\u0161a i \u010dokanj\u010de, a podno stola je lov\u010dev pas \u010capa. Neumeren, ma\u0161tovit i beskrajno zabavan, Kal\u010da je postao i ostao omiljeni junak grada.<\/p>\n<p><strong>RANO POPODNE<\/strong><\/p>\n<p>Preporu\u010dujemo da obilazak grada nastavite \u0161etnjom <strong>Obrenovi\u0107evom ulicom<\/strong>. Me\u0111u lepim zgradama pogled \u0107e vam privu\u0107i <strong>ku\u0107a trgovca Andonovi\u0107a<\/strong> \u2013 rasko\u0161no arhitektonsko zdanje sagra\u0111eno izme\u0111u dva svetska rata. Pro\u0161etajte dalje, do centralne zelene oaze grada, do <strong>parka \u010cair<\/strong>. Ni\u0161lije ga zovu Ba\u0161ta, \u0161to je zapravo prevod turske re\u010di \u010cair. Park je impresivan po svojoj veli\u010dini i krase ga \u0161ume visokih topola, jablana i platana. U \u010cairskoj ulici, uz sam park, nalazi se niz kafi\u0107a, gde se provode \u201efancy\u201c Ni\u0161lije. Na prelazu izme\u0111u ranog i kasnog popodneva mo\u017eete zastati ba\u0161 tu i ponovo se osve\u017eiti.<\/p>\n<p><strong>TRI PREDLOGA ZA POPODNE<\/strong><\/p>\n<p>Zami\u0161ljeni popodnevni obilazak grada mo\u017eete provesti na tri na\u010dina: prvi od turisti\u010dkih itinerera upozna\u0107e vas s najranijom istorijom grada \u2013 praistorijom i rimskim razdobljem.<br \/>\n<a title=\"Ni\u0161\" href=\"http:\/\/www.serbia.com\/srpski\/posetite-srbiju\/sta-videti\/gradovi\/nis\/\">Ni\u0161 je poznat kao grad u kojem se rodio i \u017eiveo rimski car Konstantin Veliki<\/a>. Rimljani su pokorili to podru\u010dje po\u010detkom nove ere i gradu dali ime Naisus. Tura upoznavanja sa praistorijom i dobom Rima po\u010dinje u <strong>Narodnom muzeju<\/strong>. U Arheolo\u0161koj sali muzeja izlo\u017eeni su brojni eksponati od neolita do srednjeg veka. Najzna\u010dajnije rimsko arheolo\u0161ko nalazi\u0161te je na lokalitetu Medijana iz 4. veka n.e. Medijana se nalazi na nekoliko kilometra od centra grada, na drevnom rimskom putu Via militaris. Nekada\u0161nja letnja carska rezidencija svedo\u010di o bogatstvu i vrhunskim umetni\u010dkim dometima imperijalnog Naisusa.<\/p>\n<p><img loading=\"lazy\" decoding=\"async\" class=\"aligncenter size-full wp-image-25012\" src=\"http:\/\/www.serbia.com\/wp-content\/uploads\/2014\/04\/tvrdjava-15-09-09-04.jpg\" alt=\"Ni\u0161ka tvrdjava\" width=\"736\" height=\"491\" srcset=\"https:\/\/serbia.com\/wp-content\/uploads\/2014\/04\/tvrdjava-15-09-09-04.jpg 736w, https:\/\/serbia.com\/wp-content\/uploads\/2014\/04\/tvrdjava-15-09-09-04-300x200.jpg 300w\" sizes=\"(max-width: 736px) 100vw, 736px\" \/><\/p>\n<p><strong>PET VEKOVA TURSKE VLADAVINE<\/strong><\/p>\n<p>Drugi itinerer hronolo\u0161ki vas pomera u doba Turaka. <strong>Ni\u0161ka tvr\u0111ava<\/strong>, simbol grada, predstavlja jedno od najlep\u0161ih i najo\u010duvanijih turskih vojnih zdanja na srednjem Balkanu. Ru\u0161ena je i obnavljana mnogo puta da bi svoj kona\u010dni izgled dobila 1723. godine, pred sam kraj turske vladavine. U tvr\u0111avi se nalaze zna\u010dajni spomenici iz raznih doba i letnja pozornica u kojoj se tradicionalno odr\u017eava Festival gluma\u010dkih ostvarenja, muzi\u010dki festivali i drugi kulturni doga\u0111aji.<\/p>\n<p><strong>DRUGI SVETSKI RAT<\/strong><\/p>\n<p>Tre\u0107i itinerer je vremenski najbli\u017ei i vodi u doba Drugog svetskog rata. U okviru ture pogleda\u0107ete spomenike iz vremena nema\u010dke okupacije Ni\u0161a \u2013 <strong>Koncentracioni logor\u00a0u naselju Crveni krst<\/strong> i <strong>Memorijalni park Bubanj<\/strong>. Logor svedo\u010di o stradanju srpskog, romskog i jevrejskog stanovni\u0161tva, te komunista, brojnih simpatizera Narodnooslobodila\u010dkog pokreta i partizana, koji su tu bili zatvoreni tokom okupacije (1941-1944). Memorijalni park Bubanj je tada bio jedno od najve\u0107ih strati\u0161ta na podru\u010dju Jugoslavije. Procenjuje se da je tu streljano izme\u0111u 10.000 i 15.000 ljudi. Spomenik \u017ertvama otkriven je 14. oktobra 1963, na Dan oslobo\u0111enja Ni\u0161a.<\/p>\n<p>Tu se zavr\u0161ava dan u kojem ste pro\u017eiveli sa\u017eetu istoriju grada i dotakli njegovu sada\u0161njost. Pred vama je no\u0107 i novo jutro u Ni\u0161u.<\/p>\n<p>autor: Belguest u saradnji s Natalijom \u017divanovi\u0107, vi\u0161im saradnikom u turisti\u010dkoj organizaciji grada Ni\u0161a<\/p>\n","protected":false},"excerpt":{"rendered":"<p>Ni\u0161 je jedan od najstarijih gradova na Balkanu. Poznat je po vedrom ju\u017enja\u010dkom duhu, dobrom provodu, izvrsnoj hrani. Grad se nalazi na mapi dragocenog anti\u010dkog nasle\u0111a i poznat je kao [&hellip;]<\/p>\n","protected":false},"author":27,"featured_media":31073,"parent":20433,"menu_order":0,"comment_status":"closed","ping_status":"closed","template":"","meta":{"_acf_changed":false,"inline_featured_image":false,"_monsterinsights_skip_tracking":false,"_monsterinsights_sitenote_active":false,"_monsterinsights_sitenote_note":"","_monsterinsights_sitenote_category":0,"footnotes":""},"categories":[1672],"tags":[],"class_list":["post-31495","page","type-page","status-publish","has-post-thumbnail","hentry","category-gradovi"],"acf":[],"yoast_head":"<!-- This site is optimized with the Yoast SEO plugin v23.8 - https:\/\/yoast.com\/wordpress\/plugins\/seo\/ -->\n<title>Od svitanja do svitanja u Ni\u0161u - Serbia.com<\/title>\n<meta name=\"robots\" content=\"index, follow, max-snippet:-1, max-image-preview:large, max-video-preview:-1\" \/>\n<link rel=\"canonical\" href=\"https:\/\/serbia.com\/srpski\/posetite-srbiju\/gradovi\/od-svitanja-do-svitanja-u-nisu\/\" \/>\n<meta property=\"og:locale\" content=\"en_US\" \/>\n<meta property=\"og:type\" content=\"article\" \/>\n<meta property=\"og:title\" content=\"Od svitanja do svitanja u Ni\u0161u - Serbia.com\" \/>\n<meta property=\"og:description\" content=\"Ni\u0161 je jedan od najstarijih gradova na Balkanu. Poznat je po vedrom ju\u017enja\u010dkom duhu, dobrom provodu, izvrsnoj hrani. Grad se nalazi na mapi dragocenog anti\u010dkog nasle\u0111a i poznat je kao [&hellip;]\" \/>\n<meta property=\"og:url\" content=\"https:\/\/serbia.com\/srpski\/posetite-srbiju\/gradovi\/od-svitanja-do-svitanja-u-nisu\/\" \/>\n<meta property=\"og:site_name\" content=\"Serbia.com\" \/>\n<meta property=\"og:image\" content=\"https:\/\/serbia.com\/wp-content\/uploads\/2015\/03\/korzo-nis.jpg\" \/>\n\t<meta property=\"og:image:width\" content=\"1162\" \/>\n\t<meta property=\"og:image:height\" content=\"778\" \/>\n\t<meta property=\"og:image:type\" content=\"image\/jpeg\" \/>\n<meta name=\"twitter:label1\" content=\"Est. reading time\" \/>\n\t<meta name=\"twitter:data1\" content=\"4 minutes\" \/>\n<script type=\"application\/ld+json\" class=\"yoast-schema-graph\">{\"@context\":\"https:\/\/schema.org\",\"@graph\":[{\"@type\":\"WebPage\",\"@id\":\"https:\/\/serbia.com\/srpski\/posetite-srbiju\/gradovi\/od-svitanja-do-svitanja-u-nisu\/\",\"url\":\"https:\/\/serbia.com\/srpski\/posetite-srbiju\/gradovi\/od-svitanja-do-svitanja-u-nisu\/\",\"name\":\"Od svitanja do svitanja u Ni\u0161u - Serbia.com\",\"isPartOf\":{\"@id\":\"https:\/\/serbia.com\/#website\"},\"primaryImageOfPage\":{\"@id\":\"https:\/\/serbia.com\/srpski\/posetite-srbiju\/gradovi\/od-svitanja-do-svitanja-u-nisu\/#primaryimage\"},\"image\":{\"@id\":\"https:\/\/serbia.com\/srpski\/posetite-srbiju\/gradovi\/od-svitanja-do-svitanja-u-nisu\/#primaryimage\"},\"thumbnailUrl\":\"https:\/\/serbia.com\/wp-content\/uploads\/2015\/03\/korzo-nis.jpg\",\"datePublished\":\"2015-05-05T14:11:13+00:00\",\"dateModified\":\"2015-05-05T14:11:13+00:00\",\"breadcrumb\":{\"@id\":\"https:\/\/serbia.com\/srpski\/posetite-srbiju\/gradovi\/od-svitanja-do-svitanja-u-nisu\/#breadcrumb\"},\"inLanguage\":\"srpski\",\"potentialAction\":[{\"@type\":\"ReadAction\",\"target\":[\"https:\/\/serbia.com\/srpski\/posetite-srbiju\/gradovi\/od-svitanja-do-svitanja-u-nisu\/\"]}]},{\"@type\":\"ImageObject\",\"inLanguage\":\"srpski\",\"@id\":\"https:\/\/serbia.com\/srpski\/posetite-srbiju\/gradovi\/od-svitanja-do-svitanja-u-nisu\/#primaryimage\",\"url\":\"https:\/\/serbia.com\/wp-content\/uploads\/2015\/03\/korzo-nis.jpg\",\"contentUrl\":\"https:\/\/serbia.com\/wp-content\/uploads\/2015\/03\/korzo-nis.jpg\",\"width\":1162,\"height\":778},{\"@type\":\"BreadcrumbList\",\"@id\":\"https:\/\/serbia.com\/srpski\/posetite-srbiju\/gradovi\/od-svitanja-do-svitanja-u-nisu\/#breadcrumb\",\"itemListElement\":[{\"@type\":\"ListItem\",\"position\":1,\"name\":\"Home\",\"item\":\"https:\/\/serbia.com\/srpski\/\"},{\"@type\":\"ListItem\",\"position\":2,\"name\":\"Poseti Srbiju\",\"item\":\"https:\/\/serbia.com\/srpski\/posetite-srbiju\/\"},{\"@type\":\"ListItem\",\"position\":3,\"name\":\"Gradovi\",\"item\":\"https:\/\/serbia.com\/srpski\/posetite-srbiju\/gradovi\/\"},{\"@type\":\"ListItem\",\"position\":4,\"name\":\"Od svitanja do svitanja u Ni\u0161u\"}]},{\"@type\":\"WebSite\",\"@id\":\"https:\/\/serbia.com\/#website\",\"url\":\"https:\/\/serbia.com\/\",\"name\":\"Serbia.com\",\"description\":\"Your Gateway to Serbia\",\"potentialAction\":[{\"@type\":\"SearchAction\",\"target\":{\"@type\":\"EntryPoint\",\"urlTemplate\":\"https:\/\/serbia.com\/?s={search_term_string}\"},\"query-input\":{\"@type\":\"PropertyValueSpecification\",\"valueRequired\":true,\"valueName\":\"search_term_string\"}}],\"inLanguage\":\"srpski\"}]}<\/script>\n<!-- \/ Yoast SEO plugin. -->","yoast_head_json":{"title":"Od svitanja do svitanja u Ni\u0161u - Serbia.com","robots":{"index":"index","follow":"follow","max-snippet":"max-snippet:-1","max-image-preview":"max-image-preview:large","max-video-preview":"max-video-preview:-1"},"canonical":"https:\/\/serbia.com\/srpski\/posetite-srbiju\/gradovi\/od-svitanja-do-svitanja-u-nisu\/","og_locale":"en_US","og_type":"article","og_title":"Od svitanja do svitanja u Ni\u0161u - Serbia.com","og_description":"Ni\u0161 je jedan od najstarijih gradova na Balkanu. Poznat je po vedrom ju\u017enja\u010dkom duhu, dobrom provodu, izvrsnoj hrani. Grad se nalazi na mapi dragocenog anti\u010dkog nasle\u0111a i poznat je kao [&hellip;]","og_url":"https:\/\/serbia.com\/srpski\/posetite-srbiju\/gradovi\/od-svitanja-do-svitanja-u-nisu\/","og_site_name":"Serbia.com","og_image":[{"width":1162,"height":778,"url":"https:\/\/serbia.com\/wp-content\/uploads\/2015\/03\/korzo-nis.jpg","type":"image\/jpeg"}],"twitter_misc":{"Est. reading time":"4 minutes"},"schema":{"@context":"https:\/\/schema.org","@graph":[{"@type":"WebPage","@id":"https:\/\/serbia.com\/srpski\/posetite-srbiju\/gradovi\/od-svitanja-do-svitanja-u-nisu\/","url":"https:\/\/serbia.com\/srpski\/posetite-srbiju\/gradovi\/od-svitanja-do-svitanja-u-nisu\/","name":"Od svitanja do svitanja u Ni\u0161u - Serbia.com","isPartOf":{"@id":"https:\/\/serbia.com\/#website"},"primaryImageOfPage":{"@id":"https:\/\/serbia.com\/srpski\/posetite-srbiju\/gradovi\/od-svitanja-do-svitanja-u-nisu\/#primaryimage"},"image":{"@id":"https:\/\/serbia.com\/srpski\/posetite-srbiju\/gradovi\/od-svitanja-do-svitanja-u-nisu\/#primaryimage"},"thumbnailUrl":"https:\/\/serbia.com\/wp-content\/uploads\/2015\/03\/korzo-nis.jpg","datePublished":"2015-05-05T14:11:13+00:00","dateModified":"2015-05-05T14:11:13+00:00","breadcrumb":{"@id":"https:\/\/serbia.com\/srpski\/posetite-srbiju\/gradovi\/od-svitanja-do-svitanja-u-nisu\/#breadcrumb"},"inLanguage":"srpski","potentialAction":[{"@type":"ReadAction","target":["https:\/\/serbia.com\/srpski\/posetite-srbiju\/gradovi\/od-svitanja-do-svitanja-u-nisu\/"]}]},{"@type":"ImageObject","inLanguage":"srpski","@id":"https:\/\/serbia.com\/srpski\/posetite-srbiju\/gradovi\/od-svitanja-do-svitanja-u-nisu\/#primaryimage","url":"https:\/\/serbia.com\/wp-content\/uploads\/2015\/03\/korzo-nis.jpg","contentUrl":"https:\/\/serbia.com\/wp-content\/uploads\/2015\/03\/korzo-nis.jpg","width":1162,"height":778},{"@type":"BreadcrumbList","@id":"https:\/\/serbia.com\/srpski\/posetite-srbiju\/gradovi\/od-svitanja-do-svitanja-u-nisu\/#breadcrumb","itemListElement":[{"@type":"ListItem","position":1,"name":"Home","item":"https:\/\/serbia.com\/srpski\/"},{"@type":"ListItem","position":2,"name":"Poseti Srbiju","item":"https:\/\/serbia.com\/srpski\/posetite-srbiju\/"},{"@type":"ListItem","position":3,"name":"Gradovi","item":"https:\/\/serbia.com\/srpski\/posetite-srbiju\/gradovi\/"},{"@type":"ListItem","position":4,"name":"Od svitanja do svitanja u Ni\u0161u"}]},{"@type":"WebSite","@id":"https:\/\/serbia.com\/#website","url":"https:\/\/serbia.com\/","name":"Serbia.com","description":"Your Gateway to Serbia","potentialAction":[{"@type":"SearchAction","target":{"@type":"EntryPoint","urlTemplate":"https:\/\/serbia.com\/?s={search_term_string}"},"query-input":{"@type":"PropertyValueSpecification","valueRequired":true,"valueName":"search_term_string"}}],"inLanguage":"srpski"}]}},"_links":{"self":[{"href":"https:\/\/serbia.com\/srpski\/wp-json\/wp\/v2\/pages\/31495"}],"collection":[{"href":"https:\/\/serbia.com\/srpski\/wp-json\/wp\/v2\/pages"}],"about":[{"href":"https:\/\/serbia.com\/srpski\/wp-json\/wp\/v2\/types\/page"}],"author":[{"embeddable":true,"href":"https:\/\/serbia.com\/srpski\/wp-json\/wp\/v2\/users\/27"}],"replies":[{"embeddable":true,"href":"https:\/\/serbia.com\/srpski\/wp-json\/wp\/v2\/comments?post=31495"}],"version-history":[{"count":0,"href":"https:\/\/serbia.com\/srpski\/wp-json\/wp\/v2\/pages\/31495\/revisions"}],"up":[{"embeddable":true,"href":"https:\/\/serbia.com\/srpski\/wp-json\/wp\/v2\/pages\/20433"}],"wp:featuredmedia":[{"embeddable":true,"href":"https:\/\/serbia.com\/srpski\/wp-json\/wp\/v2\/media\/31073"}],"wp:attachment":[{"href":"https:\/\/serbia.com\/srpski\/wp-json\/wp\/v2\/media?parent=31495"}],"wp:term":[{"taxonomy":"category","embeddable":true,"href":"https:\/\/serbia.com\/srpski\/wp-json\/wp\/v2\/categories?post=31495"},{"taxonomy":"post_tag","embeddable":true,"href":"https:\/\/serbia.com\/srpski\/wp-json\/wp\/v2\/tags?post=31495"}],"curies":[{"name":"wp","href":"https:\/\/api.w.org\/{rel}","templated":true}]}}