{"id":31489,"date":"2015-05-05T15:35:39","date_gmt":"2015-05-05T13:35:39","guid":{"rendered":"http:\/\/www.serbia.com\/?page_id=31489"},"modified":"2024-10-20T14:01:09","modified_gmt":"2024-10-20T12:01:09","slug":"zrenjanin-multikulturalni-grad-buducnosti","status":"publish","type":"page","link":"https:\/\/serbia.com\/srpski\/posetite-srbiju\/gradovi\/zrenjanin-multikulturalni-grad-buducnosti\/","title":{"rendered":"Zrenjanin, multikulturalni grad budu\u0107nosti"},"content":{"rendered":"<h4>U Banatu, okru\u017een ravni\u010darskim predelima vojvo\u0111anskih ravnica nalazi se Zrenjanin, grad mostova, mladih, sporta, kulture, zanimljive arhitekture i vi\u0161e od dvadeset nacija. Kroz sedam vekova dugu istoriju, ovaj grad bele\u017ei mnoge interesantne podatke oli\u010dene u gra\u0111evinama razli\u010ditih stilova, a danas se zbog otvorenosti ka investicijama, novim idejama i na\u010dinima poslovanja, neretko naziva gradom budu\u0107nosti.<\/h4>\n<p>Osim po prepoznatljivom stilu vojvo\u0111anskih gradova, Zrenjanin mo\u017eete prepoznati i po velikom broju verskih objekata gra\u0111enih u razli\u010ditim periodima, kulturno-istorijskim spomenicima, uspe\u0161nim sportistima, na\u0161iroko \u010duvenim lutkarskim predstavama i zanimljivoj manifestaciji \u201eDani piva\u201c.<\/p>\n<p>U gradu multikonfesionalnosti i me\u0111unarodne tolerancije veoma se neguju kultura i umetnost, pa je <strong>Zrenjanin pored vrhunskih pozori\u0161nih predstava, poznat i po horovima svetskog renomea i sazivima likovne kolonije akvarela.<\/strong> Mnogobrojne gra\u0111evine koje krase ulice ovog grada, prevashodno su nastale u periodu IX i XX veka i predstavljaju va\u017ene spomenike istorije i kulture, ali i svojevrsne turisti\u010dke atrakcije.<\/p>\n<blockquote><p><em>Najstariji pisani podaci o Zrenjaninu, koji se tada zvao Veliki Be\u010dkerek, poti\u010du iz XIV veka, kada je ovo bilo ove\u0107e selo naseljeno uglavnom ma\u0111arskim kmetovima.Od 1551-1717 godine grad je pod turskom vla\u0161\u0107u. Po zavr\u0161etku Velikog rata Be\u010dkerek zajedno sa celom Vojvodinom postaje deo Kraljevine Srba, Hrvata i Slovenaca. 1946. godine grad menja ime u Zrenjanin, po narodnom heroju \u017darku Zrenjaninu.<\/em><\/p><\/blockquote>\n<figure id=\"attachment_29659\" aria-describedby=\"caption-attachment-29659\" style=\"width: 300px\" class=\"wp-caption alignright\"><img loading=\"lazy\" decoding=\"async\" class=\"wp-image-29659 size-medium\" src=\"http:\/\/www.serbia.com\/wp-content\/uploads\/2015\/03\/zrenjanin-1111-300x191.jpg\" alt=\"zrenjanin (1)111\" width=\"300\" height=\"191\" srcset=\"https:\/\/serbia.com\/wp-content\/uploads\/2015\/03\/zrenjanin-1111-300x191.jpg 300w, https:\/\/serbia.com\/wp-content\/uploads\/2015\/03\/zrenjanin-1111.jpg 600w\" sizes=\"(max-width: 300px) 100vw, 300px\" \/><figcaption id=\"caption-attachment-29659\" class=\"wp-caption-text\">Gradska ku\u0107a<\/figcaption><\/figure>\n<p>U samom sredi\u0161tu grada <strong>na Trgu Slobode nalazi se gra\u0111evina neobaraknog stila iz 1820. godine koja je oduvek bila simbol Zrenjanina.<\/strong><\/p>\n<p>Nekada \u017dupanijsku palatu, a danas Gradsku Ku\u0107u sagradio je Josif Fi\u0161er kao reprezent ekonomske i privredne mo\u0107i.<\/p>\n<p>Ova <strong>zgrada ispred koje se nalazi i \u010duveno stogodi\u0161nje stablo tise<\/strong>, odlikuje se zanimljivim eksterijerom, ali i enterijerom koji ukra\u0161avaju veliki vitra\u017ei, ru\u017ei\u010dasti mermer i lavirint hodnika i stepeni\u0161ta koji spaja oko 135 kancelarija. Posebno je zanimljiva i Velika, Barokna sala.<\/p>\n<p>Nadomak Gradske Ku\u0107e nalazi se i <strong>katoli\u010dka crkva<\/strong>, prepoznatljiva po tornju sa satom i crvenom krovu. Gra\u0111ena u neoromanti\u010dkom stilu, ova crkva \u010diji je za\u0161titnik sveti Jovan Nepomuk<strong> podignuta je 1868. godine i predstavlja riznicu prelepih fresaka, vitra\u017ea i orgulja.<\/strong> Svodovi su bogato oslikani scenama iz Novog zaveta, a posebnu pa\u017enju privla\u010di kopija Da Vin\u010dijeve \u201eTajne Ve\u010dere\u201c.<\/p>\n<figure id=\"attachment_29675\" aria-describedby=\"caption-attachment-29675\" style=\"width: 213px\" class=\"wp-caption alignleft\"><img loading=\"lazy\" decoding=\"async\" class=\"wp-image-29675 size-medium\" src=\"http:\/\/www.serbia.com\/wp-content\/uploads\/2015\/03\/seherezada-213x300.jpg\" alt=\"seherezada\" width=\"213\" height=\"300\" srcset=\"https:\/\/serbia.com\/wp-content\/uploads\/2015\/03\/seherezada-213x300.jpg 213w, https:\/\/serbia.com\/wp-content\/uploads\/2015\/03\/seherezada.jpg 500w\" sizes=\"(max-width: 213px) 100vw, 213px\" \/><figcaption id=\"caption-attachment-29675\" class=\"wp-caption-text\">\u201c\u0160eherezada\u201d<\/figcaption><\/figure>\n<p>U najstarijoj i najlep\u0161oj ulici Zrenjanina, pe\u0161a\u010dkoj ulici Kralja Aleksandra nalaze se neobi\u010dne gra\u0111evine iz razli\u010ditih vremena. \u0160etaju\u0107i ovom ulicom u\u017eiva\u0107ete u bogatoj raznolikosti stilova, interesantnim fasadama i gra\u0111evinama \u010diji \u0107e vas izgled vratiti u pro\u0161lost.<\/p>\n<p>Jedna od najreprezentativnijih zgrada u centru Zrenjanina je <strong>ku\u0107a kamenoresca Teodosija Tunera \u201e\u0160eherezada\u201c kojoj posebnu neobi\u010dnost i \u017eivost, poput arabeske, daje polihromija fasade.<\/strong><\/p>\n<p>Dominantnim polo\u017eajem oko jezera i Malog mosta, <strong>Palata pravde ili zgrada suda i zatvora<\/strong>, ima izuzetnu istorijsku, arhitekstonsku i ambjentalnu vrednost. Sa koje god strane da pogledate ovu gra\u0111evinu koja ima veli\u010danstveni izgled palate, otkri\u0107e vam se jedinstveni prizor.<\/p>\n<p>Gra\u0111ena namenski za instituciju pravosu\u0111a,\u00a0 po projektu budimpe\u0161tanskih arhitekata, 1991. godine\u00a0 progla\u0161ena je spomenikom kulture od velikog zna\u010daja.<\/p>\n<p>Ako se na\u0111ete u gradu raznolikih stilova, veroispovesti i jezika nemojte propustiti da obi\u0111ete i <strong>Pijaristi\u010dku<\/strong>, <strong>Uspensku<\/strong> i <strong>Reformatorsku crkvu<\/strong>. Ako ste ljubitelj istorijskih i umetni\u010dkih predmeta obavezno posetite <strong>Narodni Muzej<\/strong> i <strong>Savremenu galeriju umetni\u010dke kolonije<\/strong>. Otvorenost, gostoprimstvo i me\u0111unarodna tolerancija ovog vojvo\u0111anskog grada u\u010dini\u0107e da se u njemu ose\u0107ate kao kod svoje ku\u0107e.<\/p>\n<blockquote><p><em>Dani piva<\/em><\/p>\n<p><em>Jedna od najzna\u010dajnijih i najpose\u0107enijih turisti\u010dko-privrednih manifestacija Srbije, odr\u017eava se svake godine, poslednje nedelje avgusta, a prvi put je ogranizovana\u00a0 1986. godine. \u201cDani piva\u201d su gradska manifestacija koja objedinjuje sadr\u017eaje kulturnog, zabavnog, sportskog i privrednog karaktera. Vi\u0161e od 20 vrsta piva, gastronomski specijaliteti, rok koncerti, festival tambura\u0161a i jo\u0161 mnogo toga.<\/em><\/p><\/blockquote>\n<h4>Kako do\u0107i do Zrenjanina?<\/h4>\n<p>Zrenjanin je od <a title=\"Beograd\" href=\"http:\/\/www.serbia.com\/srpski\/posetite-srbiju\/sta-videti\/gradovi\/beograd\/\">Beograda<\/a> udaljen 75 kilometara, a od <a title=\"Novi Sad\" href=\"http:\/\/www.serbia.com\/srpski\/posetite-srbiju\/sta-videti\/gradovi\/novi-sad\/\">Novog Sada<\/a> oko 50 kilometara. Povezan je putevima sa Novim Sadom, Beogradom, <a title=\"Subotica\" href=\"http:\/\/www.serbia.com\/srpski\/posetite-srbiju\/sta-videti\/gradovi\/subotica\/\">Suboticom<\/a>, Kikindom, <a title=\"Vr\u0161ac, lepa varo\u0161\" href=\"http:\/\/www.serbia.com\/srpski\/vrsac-lepa-varos\/\">Vr\u0161cem<\/a>, Temi\u0161varom, itd. Iz Novog Sada i Vr\u0161ca je najbolje do\u0107i autobusom koji idu nekoliko puta dnevno.<\/p>\n<p>Za vi\u0161e informacija: Autobuska stanica Zrenjanin 023 541-000<\/p>\n<h4>Kada ste ve\u0107 ovde, ne propustite\u2026<\/h4>\n<p><strong>Specijalni rezervat prirode \u201eStari Begej-Carska bara\u201c<\/strong> u kome mo\u017eete u\u017eivati u posmatranju ptica i divlja\u010di, vo\u017enji kanuima i \u010damcem, kao i turisti\u010dkim brodom \u201eCarska la\u0111a\u201c. Do\u017eivite jedinstven i potpun do\u017eivljaj u posmatranju lepote prirode, fotosafarija i jo\u0161 mnogo toga.<\/p>\n<p><strong>Banja Rusanda<\/strong> nalazi se 17 km severno od Zrenjanina i predstavlja poznato izleti\u0161te i le\u010dili\u0161te,koje ima gotovo vek ipo dugu tradiciju u le\u010denju lekovitim blatom iz jezera Rusanda. Ceo banjski kompleks sme\u0161ten je u borovoj i lipovoj \u0161umi ispresecanoj stazama za \u0161etnju i rekreaciju.<\/p>\n<p><strong>E\u010dka<\/strong> je udaljena svega nekoliko kilometara od Zrenjanina i predstavlja naselje bogate istorije i vi\u0161e zanimljivih turisti\u010dkih odrednica. Svakako najatraktivnija je dvorac \u201eKa\u0161tel\u201c koji je podigla porodica grofova 1820. godine u engleskom stilu. Pretvoren u luksuzni hotel visoke kategorije, dvorac \u201cKa\u0161tel\u201d i danas privla\u010di pa\u017enju posetilaca ovog kraja, a njegovo okru\u017eenje nemo svedo\u010di o bogatoj i burnoj istoriji stvaranoj vekovima.<\/p>\n","protected":false},"excerpt":{"rendered":"<p>U Banatu, okru\u017een ravni\u010darskim predelima vojvo\u0111anskih ravnica nalazi se Zrenjanin, grad mostova, mladih, sporta, kulture, zanimljive arhitekture i vi\u0161e od dvadeset nacija. Kroz sedam vekova dugu istoriju, ovaj grad bele\u017ei [&hellip;]<\/p>\n","protected":false},"author":27,"featured_media":31332,"parent":20433,"menu_order":0,"comment_status":"closed","ping_status":"closed","template":"","meta":{"_acf_changed":false,"inline_featured_image":false,"_monsterinsights_skip_tracking":false,"_monsterinsights_sitenote_active":false,"_monsterinsights_sitenote_note":"","_monsterinsights_sitenote_category":0,"footnotes":""},"categories":[1672],"tags":[],"class_list":["post-31489","page","type-page","status-publish","has-post-thumbnail","hentry","category-gradovi"],"acf":[],"yoast_head":"<!-- This site is optimized with the Yoast SEO plugin v23.8 - https:\/\/yoast.com\/wordpress\/plugins\/seo\/ -->\n<title>Zrenjanin, multikulturalni grad budu\u0107nosti - Serbia.com<\/title>\n<meta name=\"robots\" content=\"index, follow, max-snippet:-1, max-image-preview:large, max-video-preview:-1\" \/>\n<link rel=\"canonical\" href=\"https:\/\/serbia.com\/srpski\/posetite-srbiju\/gradovi\/zrenjanin-multikulturalni-grad-buducnosti\/\" \/>\n<meta property=\"og:locale\" content=\"en_US\" \/>\n<meta property=\"og:type\" content=\"article\" \/>\n<meta property=\"og:title\" content=\"Zrenjanin, multikulturalni grad budu\u0107nosti - Serbia.com\" \/>\n<meta property=\"og:description\" content=\"U Banatu, okru\u017een ravni\u010darskim predelima vojvo\u0111anskih ravnica nalazi se Zrenjanin, grad mostova, mladih, sporta, kulture, zanimljive arhitekture i vi\u0161e od dvadeset nacija. Kroz sedam vekova dugu istoriju, ovaj grad bele\u017ei [&hellip;]\" \/>\n<meta property=\"og:url\" content=\"https:\/\/serbia.com\/srpski\/posetite-srbiju\/gradovi\/zrenjanin-multikulturalni-grad-buducnosti\/\" \/>\n<meta property=\"og:site_name\" content=\"Serbia.com\" \/>\n<meta property=\"article:modified_time\" content=\"2024-10-20T12:01:09+00:00\" \/>\n<meta property=\"og:image\" content=\"https:\/\/serbia.com\/wp-content\/uploads\/2015\/04\/zr5.jpg\" \/>\n\t<meta property=\"og:image:width\" content=\"1600\" \/>\n\t<meta property=\"og:image:height\" content=\"991\" \/>\n\t<meta property=\"og:image:type\" content=\"image\/jpeg\" \/>\n<meta name=\"twitter:label1\" content=\"Est. reading time\" \/>\n\t<meta name=\"twitter:data1\" content=\"4 minutes\" \/>\n<script type=\"application\/ld+json\" class=\"yoast-schema-graph\">{\"@context\":\"https:\/\/schema.org\",\"@graph\":[{\"@type\":\"WebPage\",\"@id\":\"https:\/\/serbia.com\/srpski\/posetite-srbiju\/gradovi\/zrenjanin-multikulturalni-grad-buducnosti\/\",\"url\":\"https:\/\/serbia.com\/srpski\/posetite-srbiju\/gradovi\/zrenjanin-multikulturalni-grad-buducnosti\/\",\"name\":\"Zrenjanin, multikulturalni grad budu\u0107nosti - Serbia.com\",\"isPartOf\":{\"@id\":\"https:\/\/serbia.com\/#website\"},\"primaryImageOfPage\":{\"@id\":\"https:\/\/serbia.com\/srpski\/posetite-srbiju\/gradovi\/zrenjanin-multikulturalni-grad-buducnosti\/#primaryimage\"},\"image\":{\"@id\":\"https:\/\/serbia.com\/srpski\/posetite-srbiju\/gradovi\/zrenjanin-multikulturalni-grad-buducnosti\/#primaryimage\"},\"thumbnailUrl\":\"https:\/\/serbia.com\/wp-content\/uploads\/2015\/04\/zr5.jpg\",\"datePublished\":\"2015-05-05T13:35:39+00:00\",\"dateModified\":\"2024-10-20T12:01:09+00:00\",\"breadcrumb\":{\"@id\":\"https:\/\/serbia.com\/srpski\/posetite-srbiju\/gradovi\/zrenjanin-multikulturalni-grad-buducnosti\/#breadcrumb\"},\"inLanguage\":\"srpski\",\"potentialAction\":[{\"@type\":\"ReadAction\",\"target\":[\"https:\/\/serbia.com\/srpski\/posetite-srbiju\/gradovi\/zrenjanin-multikulturalni-grad-buducnosti\/\"]}]},{\"@type\":\"ImageObject\",\"inLanguage\":\"srpski\",\"@id\":\"https:\/\/serbia.com\/srpski\/posetite-srbiju\/gradovi\/zrenjanin-multikulturalni-grad-buducnosti\/#primaryimage\",\"url\":\"https:\/\/serbia.com\/wp-content\/uploads\/2015\/04\/zr5.jpg\",\"contentUrl\":\"https:\/\/serbia.com\/wp-content\/uploads\/2015\/04\/zr5.jpg\",\"width\":1600,\"height\":991},{\"@type\":\"BreadcrumbList\",\"@id\":\"https:\/\/serbia.com\/srpski\/posetite-srbiju\/gradovi\/zrenjanin-multikulturalni-grad-buducnosti\/#breadcrumb\",\"itemListElement\":[{\"@type\":\"ListItem\",\"position\":1,\"name\":\"Home\",\"item\":\"https:\/\/serbia.com\/srpski\/\"},{\"@type\":\"ListItem\",\"position\":2,\"name\":\"Poseti Srbiju\",\"item\":\"https:\/\/serbia.com\/srpski\/posetite-srbiju\/\"},{\"@type\":\"ListItem\",\"position\":3,\"name\":\"Gradovi\",\"item\":\"https:\/\/serbia.com\/srpski\/posetite-srbiju\/gradovi\/\"},{\"@type\":\"ListItem\",\"position\":4,\"name\":\"Zrenjanin, multikulturalni grad budu\u0107nosti\"}]},{\"@type\":\"WebSite\",\"@id\":\"https:\/\/serbia.com\/#website\",\"url\":\"https:\/\/serbia.com\/\",\"name\":\"Serbia.com\",\"description\":\"Your Gateway to Serbia\",\"potentialAction\":[{\"@type\":\"SearchAction\",\"target\":{\"@type\":\"EntryPoint\",\"urlTemplate\":\"https:\/\/serbia.com\/?s={search_term_string}\"},\"query-input\":{\"@type\":\"PropertyValueSpecification\",\"valueRequired\":true,\"valueName\":\"search_term_string\"}}],\"inLanguage\":\"srpski\"}]}<\/script>\n<!-- \/ Yoast SEO plugin. -->","yoast_head_json":{"title":"Zrenjanin, multikulturalni grad budu\u0107nosti - Serbia.com","robots":{"index":"index","follow":"follow","max-snippet":"max-snippet:-1","max-image-preview":"max-image-preview:large","max-video-preview":"max-video-preview:-1"},"canonical":"https:\/\/serbia.com\/srpski\/posetite-srbiju\/gradovi\/zrenjanin-multikulturalni-grad-buducnosti\/","og_locale":"en_US","og_type":"article","og_title":"Zrenjanin, multikulturalni grad budu\u0107nosti - Serbia.com","og_description":"U Banatu, okru\u017een ravni\u010darskim predelima vojvo\u0111anskih ravnica nalazi se Zrenjanin, grad mostova, mladih, sporta, kulture, zanimljive arhitekture i vi\u0161e od dvadeset nacija. Kroz sedam vekova dugu istoriju, ovaj grad bele\u017ei [&hellip;]","og_url":"https:\/\/serbia.com\/srpski\/posetite-srbiju\/gradovi\/zrenjanin-multikulturalni-grad-buducnosti\/","og_site_name":"Serbia.com","article_modified_time":"2024-10-20T12:01:09+00:00","og_image":[{"width":1600,"height":991,"url":"https:\/\/serbia.com\/wp-content\/uploads\/2015\/04\/zr5.jpg","type":"image\/jpeg"}],"twitter_misc":{"Est. reading time":"4 minutes"},"schema":{"@context":"https:\/\/schema.org","@graph":[{"@type":"WebPage","@id":"https:\/\/serbia.com\/srpski\/posetite-srbiju\/gradovi\/zrenjanin-multikulturalni-grad-buducnosti\/","url":"https:\/\/serbia.com\/srpski\/posetite-srbiju\/gradovi\/zrenjanin-multikulturalni-grad-buducnosti\/","name":"Zrenjanin, multikulturalni grad budu\u0107nosti - Serbia.com","isPartOf":{"@id":"https:\/\/serbia.com\/#website"},"primaryImageOfPage":{"@id":"https:\/\/serbia.com\/srpski\/posetite-srbiju\/gradovi\/zrenjanin-multikulturalni-grad-buducnosti\/#primaryimage"},"image":{"@id":"https:\/\/serbia.com\/srpski\/posetite-srbiju\/gradovi\/zrenjanin-multikulturalni-grad-buducnosti\/#primaryimage"},"thumbnailUrl":"https:\/\/serbia.com\/wp-content\/uploads\/2015\/04\/zr5.jpg","datePublished":"2015-05-05T13:35:39+00:00","dateModified":"2024-10-20T12:01:09+00:00","breadcrumb":{"@id":"https:\/\/serbia.com\/srpski\/posetite-srbiju\/gradovi\/zrenjanin-multikulturalni-grad-buducnosti\/#breadcrumb"},"inLanguage":"srpski","potentialAction":[{"@type":"ReadAction","target":["https:\/\/serbia.com\/srpski\/posetite-srbiju\/gradovi\/zrenjanin-multikulturalni-grad-buducnosti\/"]}]},{"@type":"ImageObject","inLanguage":"srpski","@id":"https:\/\/serbia.com\/srpski\/posetite-srbiju\/gradovi\/zrenjanin-multikulturalni-grad-buducnosti\/#primaryimage","url":"https:\/\/serbia.com\/wp-content\/uploads\/2015\/04\/zr5.jpg","contentUrl":"https:\/\/serbia.com\/wp-content\/uploads\/2015\/04\/zr5.jpg","width":1600,"height":991},{"@type":"BreadcrumbList","@id":"https:\/\/serbia.com\/srpski\/posetite-srbiju\/gradovi\/zrenjanin-multikulturalni-grad-buducnosti\/#breadcrumb","itemListElement":[{"@type":"ListItem","position":1,"name":"Home","item":"https:\/\/serbia.com\/srpski\/"},{"@type":"ListItem","position":2,"name":"Poseti Srbiju","item":"https:\/\/serbia.com\/srpski\/posetite-srbiju\/"},{"@type":"ListItem","position":3,"name":"Gradovi","item":"https:\/\/serbia.com\/srpski\/posetite-srbiju\/gradovi\/"},{"@type":"ListItem","position":4,"name":"Zrenjanin, multikulturalni grad budu\u0107nosti"}]},{"@type":"WebSite","@id":"https:\/\/serbia.com\/#website","url":"https:\/\/serbia.com\/","name":"Serbia.com","description":"Your Gateway to Serbia","potentialAction":[{"@type":"SearchAction","target":{"@type":"EntryPoint","urlTemplate":"https:\/\/serbia.com\/?s={search_term_string}"},"query-input":{"@type":"PropertyValueSpecification","valueRequired":true,"valueName":"search_term_string"}}],"inLanguage":"srpski"}]}},"_links":{"self":[{"href":"https:\/\/serbia.com\/srpski\/wp-json\/wp\/v2\/pages\/31489"}],"collection":[{"href":"https:\/\/serbia.com\/srpski\/wp-json\/wp\/v2\/pages"}],"about":[{"href":"https:\/\/serbia.com\/srpski\/wp-json\/wp\/v2\/types\/page"}],"author":[{"embeddable":true,"href":"https:\/\/serbia.com\/srpski\/wp-json\/wp\/v2\/users\/27"}],"replies":[{"embeddable":true,"href":"https:\/\/serbia.com\/srpski\/wp-json\/wp\/v2\/comments?post=31489"}],"version-history":[{"count":1,"href":"https:\/\/serbia.com\/srpski\/wp-json\/wp\/v2\/pages\/31489\/revisions"}],"predecessor-version":[{"id":55696,"href":"https:\/\/serbia.com\/srpski\/wp-json\/wp\/v2\/pages\/31489\/revisions\/55696"}],"up":[{"embeddable":true,"href":"https:\/\/serbia.com\/srpski\/wp-json\/wp\/v2\/pages\/20433"}],"wp:featuredmedia":[{"embeddable":true,"href":"https:\/\/serbia.com\/srpski\/wp-json\/wp\/v2\/media\/31332"}],"wp:attachment":[{"href":"https:\/\/serbia.com\/srpski\/wp-json\/wp\/v2\/media?parent=31489"}],"wp:term":[{"taxonomy":"category","embeddable":true,"href":"https:\/\/serbia.com\/srpski\/wp-json\/wp\/v2\/categories?post=31489"},{"taxonomy":"post_tag","embeddable":true,"href":"https:\/\/serbia.com\/srpski\/wp-json\/wp\/v2\/tags?post=31489"}],"curies":[{"name":"wp","href":"https:\/\/api.w.org\/{rel}","templated":true}]}}