{"id":31484,"date":"2015-05-05T15:13:02","date_gmt":"2015-05-05T13:13:02","guid":{"rendered":"http:\/\/www.serbia.com\/?page_id=31484"},"modified":"2025-11-05T13:11:02","modified_gmt":"2025-11-05T12:11:02","slug":"sombor-grad-fijakera-zelenila-i-arhitekture","status":"publish","type":"page","link":"https:\/\/serbia.com\/srpski\/posetite-srbiju\/gradovi\/sombor-grad-fijakera-zelenila-i-arhitekture\/","title":{"rendered":"Sombor, grad fijakera, zelenila i arhitekture"},"content":{"rendered":"<h4>Kao u bajci u kojoj je vreme na trenutak stalo, ovaj grad je uspeo da o\u010duva \u0161arm pro\u0161losti, i da ga na \u010dudesan na\u010din spoji sa duhom ljudi, godina i vremena koji su dolazili i prolazili kroz zaseoke i ulice nekada grani\u010darskog grada i vojni\u010dke varo\u0161i. Svi ti razli\u010diti narodi, zajedno sa svojim osobenostima i karakteristikama dali su jedinstveni pe\u010dat ovoj vojvo\u0111anskoj varo\u0161ici koji ona danas sa ponosom nosi.<\/h4>\n<p>Od naselja <strong>Cobor sent Mihalj<\/strong>, kako se Sombor prvi put u nekim zapisima pominje, do sedi\u0161ta pa\u0161e i nahije kada je pripadao <strong>Segedinskom sand\u017eaku<\/strong>, preko vojne varo\u0161i do slobodnog i kraljevskog grada. Pro\u0161li su vekovi, razli\u010dita ure\u0111enja i ljudi a ovaj grad je opstajao, menjaju\u0107i svoje obrise i izgled, ali nikada sr\u017e i nepopravljivi duh i \u0161arm.<\/p>\n<p>Upravo ta razli\u010dita ure\u0111enja i ljudi, u\u010dinili su da Sombor ili \u201eZelengrad\u201c kako ga jo\u0161 nazivaju, dobije dana\u0161nje obrise. Obrise, koji su od njega na\u010dinili jednu mirnu varo\u0161icu, jednu <strong>\u201eFirencu u malom\u201c<\/strong> sa <strong>fascinantnom arhitekturom<\/strong>, <strong>drvoredima dugim 120 kilometara<\/strong> i <strong>starim fijakerima<\/strong>, koji mu daju romanti\u010dnu notu.<\/p>\n<p>Idili\u010dnu atmosferu Sombora upotpunjuju i veliki broj sala\u0161a i <a title=\"Etno sela\" href=\"http:\/\/www.serbia.com\/srpski\/posetite-srbiju\/prirodne-lepote\/etno-sela\/\" target=\"_blank\" rel=\"noopener\">etno ku\u0107a<\/a>, koje okru\u017euju grad. Razbacani po vojvo\u0111anskim ravnicama, izolovani od gradske gu\u017eve, \u010dine idealna mesta za odmor uz <a title=\"Tradicionalna kuhinja\" href=\"http:\/\/www.serbia.com\/srpski\/o-srbiji\/tradicionalna-kuhinja\/\">srpsku tradiconalnu kuhinju<\/a>, <a title=\"\u0160ljivovica, kraljica srpskih rakija\" href=\"http:\/\/www.serbia.com\/srpski\/sljivovica-kraljica-srpskih-rakija\/\">doma\u0107u rakiju<\/a> i <a title=\"Vinski putevi\" href=\"http:\/\/www.serbia.com\/srpski\/posetite-srbiju\/provedi-se\/vinski-putevi\/\" target=\"_blank\" rel=\"noopener\">vino<\/a>, i zvuk tamburice. Neki sala\u0161i su stari preko sto godina i predstavljaju prave etno muzeje sa mno\u0161tvom starih i autenti\u010dnih predmeta, koji oslikavaju klasi\u010dan vojvo\u0111anski na\u010din \u017eivota.<\/p>\n<p>Srce Sombora \u010dine \u010detiri venca, odnosno ulice kojima su obuhva\u0107ene najve\u0107e znamenitosti i gra\u0111evine. Venci posve\u0107eni <a title=\"Srpske vojvode iz Prvog svetskog rata\" href=\"http:\/\/www.serbia.com\/srpski\/srpske-vojvode-iz-prvog-svetskog-rata\/\">srpskim vojvodama iz Prvog svetskog rata<\/a> <strong>\u017divojinu Mi\u0161i\u0107u<\/strong>,<strong> Stepi Stepanovi\u0107u<\/strong>, <strong>Radomiru Putniku<\/strong> i <strong>Petru Bojovi\u0107u<\/strong> ispunjavaju centar ovog mesta draguljima arhitekture raznolikih stilova stvaraju\u0107i unikatan i fascinantan spoj lepote, stila i razli\u010ditosti.<\/p>\n<p><strong>Gradska ku\u0107a<\/strong> predstavlja najreprezentativnije zdanje neoklasicizma i dragulj u urbanisti\u010dkoj fizionomiji Sombora.<\/p>\n<p>Nastala je na temeljima palate koju je davne 1718. godine podigao grof Jovan Brankovi\u0107.\u00a0Godine 1749.\u00a0je preure\u0111ena, a dana\u0161nje temelje dobila je 1842. godine.<\/p>\n<p>Oduvek je bila popri\u0161te bitnih doga\u0111aja, a zbog svoje gracioznosti, lepote i vrednosti progla\u0161ena je za kulturno dobro od velikog zna\u010daja.<\/p>\n<p>U zgradi sa odlikama eklektizma koju je 1870. godine izgradio bogati trgovac Anton Fernbah, danas se nalazi regionalni muzej ili <strong>gradski muzej<\/strong> sa bogato opremljenim odeljenjima koja su tematski podeljena na: arheolo\u0161ko, numizmati\u010dko, etnolo\u0161ko, istorijsko\u2026<\/p>\n<p>Vrednim zbirkama, stilom i lepotom ovaj muzej privla\u010di veliki broj posetilaca Sombora koji \u017eele da u\u017eivaju u kulturnim i istorijskim znamenitostima.<\/p>\n<p><strong>Na Trgu Svetog \u0110or\u0111a<\/strong> najvi\u0161e pa\u017enje privla\u010di istoimena velika pravoslavna crkva izgra\u0111ena 1761. godine na temeljima stare turske crkvice.<\/p>\n<p>Barokno \u2013 rokajni stil, izuzetno <strong>vredan ikonostas Pavla Simi\u0107a sa 77 ikona razli\u010dite veli\u010dine<\/strong>, ali i mno\u0161tvo <strong>vitra\u017ea<\/strong>, <strong>predmeta od plemenitog metala i barjaka zanatskih cehova<\/strong>, doprineli su da i ova crkva dobije status kulturnog dobra od velikog zna\u010daja.<\/p>\n<blockquote><p><em>Crkva Presvetog Trojstva i Plebanija<\/em><\/p>\n<p><em>Podigli su je oci franjevci, a ono \u0161to je \u010dini posebnom su orgulje iz 1771. godine. Plebanija je zdanje iz 1743. godine, i predstavlja sedi\u0161te gradske istorije, jer je u njoj 1749. godine Somborcima predata Povelja carice MarijeTerezije. Ju\u017enu fasadu ovog zdanja istan\u010dane arhitektonske lepote upotpunjuje sun\u010dani sat iz 1852. godine.<\/em><\/p><\/blockquote>\n<p>Pored ovih zdanja arhitektonsko, kulturno i istorijsko bogatstvo Sombora \u010dine i \u00a0<strong>Kameli\u0107anska crkva<\/strong>, <strong>Srpska \u010ditaonica<\/strong>, <strong>Galerija \u201eMilan Konjovi\u0107\u201c<\/strong>,\u00a0<strong>\u017dupanijsko zdanje<\/strong>, <strong>Manastir Svetog Arhi\u0111akona Stevana<\/strong> i mnoge druge gra\u0111evine.<\/p>\n<p>Ipak, lepota ovog grada nije samo u velikom broju istorijskih spomenika, ve\u0107 i u bogastvu zelenih povr\u0161ina, koju \u010dini preko <strong>18 000 stabala i dugih, prelepih aleja koju oduzimaju dah.<\/strong><\/p>\n<p>Kompletan u\u017eitak je da se drvoredima provozate nekim od starih fijakera koji su obele\u017eje ovog malog vojvo\u0111anskog mesta koji ima mnogo toga da poka\u017ee i pru\u017ei.<\/p>\n<h4>Kako do\u0107i do Sombora?<\/h4>\n<p>Iz <a title=\"Beograd\" href=\"http:\/\/www.serbia.com\/srpski\/posetite-srbiju\/gradovi\/beograd\/\" target=\"_blank\" rel=\"noopener\">Beograda<\/a> polazi dvadesetak autobusa za Sombor svakog dana. Skoro svi saobra\u0107aju preko <a title=\"Novi Sad\" href=\"http:\/\/www.serbia.com\/srpski\/posetite-srbiju\/gradovi\/novi-sad\/\" target=\"_blank\" rel=\"noopener\">Novog Sada<\/a>. Udaljenost je 175 km.<br \/>\nIz <a title=\"Subotica\" href=\"http:\/\/www.serbia.com\/srpski\/posetite-srbiju\/gradovi\/subotica\/\" target=\"_blank\" rel=\"noopener\">Subotice<\/a> i Vrbasa saobra\u0107a pet vozova dnevno. Tako\u0111e postoji i voz iz Novog Sada za Sombor.<\/p>\n<p>Dodatne informacije o polascima i dolascima autobusa, mo\u017eete dobiti od autobuske stanice u Somboru \u010diji su brojevi telefona 025\/482-078 ili 025\/44-11-66.<br \/>\nBrojevi telefona \u017eelezni\u010dke stanice u Somboru su 025 \/ 25-922 i 025 \/ 25-562.<\/p>\n<h4>Kada ste ve\u0107 ovde, ne propustite\u2026<\/h4>\n<p><strong>\u0160umsko gazdinstvo \u201cSombor\u201d<\/strong> gde mo\u017eete u\u017eivati u posmatranju ptica, safariju, ribolovu i na\u0161iroko poznatom lovu.<\/p>\n<p><strong>\u010conopljansko jezero<\/strong>, specijalni rezervat prirode \u201cGornje Podunavlje\u201d, u kome u organizovanim turama mo\u017eete razgledati Rezervat, u\u017eivati u vo\u017enji brodom od Apatina do u\u0161\u0107a reke Drave u <a title=\"Dunav, mesto spajanja i razdvajanja\" href=\"http:\/\/www.serbia.com\/srpski\/posetite-srbiju\/prirodne-lepote\/reke-i-jezera\/dunav-mesto-spajanja-i-razdvajanja\/\" target=\"_blank\" rel=\"noopener\">Dunav<\/a>, i od Apatina do Lava\u010da.<\/p>\n<p><strong>Apatin<\/strong> \u2013 gradsko naselje u Ba\u010dkoj, sme\u0161teno na levoj obali Dunava, gde \u010dini granicu sa Hrvatskom. Poznato je po svojim prirodnim bogastvima, kao i \u010duvenoj Me\u0111unarodnoj marini koja spada u red najsavremenijih marina na Dunavu.<\/p>\n","protected":false},"excerpt":{"rendered":"<p>Kao u bajci u kojoj je vreme na trenutak stalo, ovaj grad je uspeo da o\u010duva \u0161arm pro\u0161losti, i da ga na \u010dudesan na\u010din spoji sa duhom ljudi, godina i [&hellip;]<\/p>\n","protected":false},"author":27,"featured_media":31243,"parent":20433,"menu_order":0,"comment_status":"closed","ping_status":"closed","template":"","meta":{"_acf_changed":false,"inline_featured_image":false,"_monsterinsights_skip_tracking":false,"_monsterinsights_sitenote_active":false,"_monsterinsights_sitenote_note":"","_monsterinsights_sitenote_category":0,"footnotes":""},"categories":[1672],"tags":[],"class_list":["post-31484","page","type-page","status-publish","has-post-thumbnail","hentry","category-gradovi"],"acf":[],"yoast_head":"<!-- This site is optimized with the Yoast SEO plugin v23.8 - https:\/\/yoast.com\/wordpress\/plugins\/seo\/ -->\n<title>Sombor, grad fijakera, zelenila i arhitekture - Serbia.com<\/title>\n<meta name=\"robots\" content=\"index, follow, max-snippet:-1, max-image-preview:large, max-video-preview:-1\" \/>\n<link rel=\"canonical\" href=\"https:\/\/serbia.com\/srpski\/posetite-srbiju\/gradovi\/sombor-grad-fijakera-zelenila-i-arhitekture\/\" \/>\n<meta property=\"og:locale\" content=\"en_US\" \/>\n<meta property=\"og:type\" content=\"article\" \/>\n<meta property=\"og:title\" content=\"Sombor, grad fijakera, zelenila i arhitekture - Serbia.com\" \/>\n<meta property=\"og:description\" content=\"Kao u bajci u kojoj je vreme na trenutak stalo, ovaj grad je uspeo da o\u010duva \u0161arm pro\u0161losti, i da ga na \u010dudesan na\u010din spoji sa duhom ljudi, godina i [&hellip;]\" \/>\n<meta property=\"og:url\" content=\"https:\/\/serbia.com\/srpski\/posetite-srbiju\/gradovi\/sombor-grad-fijakera-zelenila-i-arhitekture\/\" \/>\n<meta property=\"og:site_name\" content=\"Serbia.com\" \/>\n<meta property=\"article:modified_time\" content=\"2025-11-05T12:11:02+00:00\" \/>\n<meta property=\"og:image\" content=\"https:\/\/serbia.com\/wp-content\/uploads\/2015\/04\/somborica.jpg\" \/>\n\t<meta property=\"og:image:width\" content=\"1600\" \/>\n\t<meta property=\"og:image:height\" content=\"724\" \/>\n\t<meta property=\"og:image:type\" content=\"image\/jpeg\" \/>\n<meta name=\"twitter:label1\" content=\"Est. reading time\" \/>\n\t<meta name=\"twitter:data1\" content=\"4 minutes\" \/>\n<script type=\"application\/ld+json\" class=\"yoast-schema-graph\">{\"@context\":\"https:\/\/schema.org\",\"@graph\":[{\"@type\":\"WebPage\",\"@id\":\"https:\/\/serbia.com\/srpski\/posetite-srbiju\/gradovi\/sombor-grad-fijakera-zelenila-i-arhitekture\/\",\"url\":\"https:\/\/serbia.com\/srpski\/posetite-srbiju\/gradovi\/sombor-grad-fijakera-zelenila-i-arhitekture\/\",\"name\":\"Sombor, grad fijakera, zelenila i arhitekture - Serbia.com\",\"isPartOf\":{\"@id\":\"https:\/\/serbia.com\/#website\"},\"primaryImageOfPage\":{\"@id\":\"https:\/\/serbia.com\/srpski\/posetite-srbiju\/gradovi\/sombor-grad-fijakera-zelenila-i-arhitekture\/#primaryimage\"},\"image\":{\"@id\":\"https:\/\/serbia.com\/srpski\/posetite-srbiju\/gradovi\/sombor-grad-fijakera-zelenila-i-arhitekture\/#primaryimage\"},\"thumbnailUrl\":\"https:\/\/serbia.com\/wp-content\/uploads\/2015\/04\/somborica.jpg\",\"datePublished\":\"2015-05-05T13:13:02+00:00\",\"dateModified\":\"2025-11-05T12:11:02+00:00\",\"breadcrumb\":{\"@id\":\"https:\/\/serbia.com\/srpski\/posetite-srbiju\/gradovi\/sombor-grad-fijakera-zelenila-i-arhitekture\/#breadcrumb\"},\"inLanguage\":\"srpski\",\"potentialAction\":[{\"@type\":\"ReadAction\",\"target\":[\"https:\/\/serbia.com\/srpski\/posetite-srbiju\/gradovi\/sombor-grad-fijakera-zelenila-i-arhitekture\/\"]}]},{\"@type\":\"ImageObject\",\"inLanguage\":\"srpski\",\"@id\":\"https:\/\/serbia.com\/srpski\/posetite-srbiju\/gradovi\/sombor-grad-fijakera-zelenila-i-arhitekture\/#primaryimage\",\"url\":\"https:\/\/serbia.com\/wp-content\/uploads\/2015\/04\/somborica.jpg\",\"contentUrl\":\"https:\/\/serbia.com\/wp-content\/uploads\/2015\/04\/somborica.jpg\",\"width\":1600,\"height\":724},{\"@type\":\"BreadcrumbList\",\"@id\":\"https:\/\/serbia.com\/srpski\/posetite-srbiju\/gradovi\/sombor-grad-fijakera-zelenila-i-arhitekture\/#breadcrumb\",\"itemListElement\":[{\"@type\":\"ListItem\",\"position\":1,\"name\":\"Home\",\"item\":\"https:\/\/serbia.com\/srpski\/\"},{\"@type\":\"ListItem\",\"position\":2,\"name\":\"Poseti Srbiju\",\"item\":\"https:\/\/serbia.com\/srpski\/posetite-srbiju\/\"},{\"@type\":\"ListItem\",\"position\":3,\"name\":\"Gradovi\",\"item\":\"https:\/\/serbia.com\/srpski\/posetite-srbiju\/gradovi\/\"},{\"@type\":\"ListItem\",\"position\":4,\"name\":\"Sombor, grad fijakera, zelenila i arhitekture\"}]},{\"@type\":\"WebSite\",\"@id\":\"https:\/\/serbia.com\/#website\",\"url\":\"https:\/\/serbia.com\/\",\"name\":\"Serbia.com\",\"description\":\"Your Gateway to Serbia\",\"potentialAction\":[{\"@type\":\"SearchAction\",\"target\":{\"@type\":\"EntryPoint\",\"urlTemplate\":\"https:\/\/serbia.com\/?s={search_term_string}\"},\"query-input\":{\"@type\":\"PropertyValueSpecification\",\"valueRequired\":true,\"valueName\":\"search_term_string\"}}],\"inLanguage\":\"srpski\"}]}<\/script>\n<!-- \/ Yoast SEO plugin. -->","yoast_head_json":{"title":"Sombor, grad fijakera, zelenila i arhitekture - Serbia.com","robots":{"index":"index","follow":"follow","max-snippet":"max-snippet:-1","max-image-preview":"max-image-preview:large","max-video-preview":"max-video-preview:-1"},"canonical":"https:\/\/serbia.com\/srpski\/posetite-srbiju\/gradovi\/sombor-grad-fijakera-zelenila-i-arhitekture\/","og_locale":"en_US","og_type":"article","og_title":"Sombor, grad fijakera, zelenila i arhitekture - Serbia.com","og_description":"Kao u bajci u kojoj je vreme na trenutak stalo, ovaj grad je uspeo da o\u010duva \u0161arm pro\u0161losti, i da ga na \u010dudesan na\u010din spoji sa duhom ljudi, godina i [&hellip;]","og_url":"https:\/\/serbia.com\/srpski\/posetite-srbiju\/gradovi\/sombor-grad-fijakera-zelenila-i-arhitekture\/","og_site_name":"Serbia.com","article_modified_time":"2025-11-05T12:11:02+00:00","og_image":[{"width":1600,"height":724,"url":"https:\/\/serbia.com\/wp-content\/uploads\/2015\/04\/somborica.jpg","type":"image\/jpeg"}],"twitter_misc":{"Est. reading time":"4 minutes"},"schema":{"@context":"https:\/\/schema.org","@graph":[{"@type":"WebPage","@id":"https:\/\/serbia.com\/srpski\/posetite-srbiju\/gradovi\/sombor-grad-fijakera-zelenila-i-arhitekture\/","url":"https:\/\/serbia.com\/srpski\/posetite-srbiju\/gradovi\/sombor-grad-fijakera-zelenila-i-arhitekture\/","name":"Sombor, grad fijakera, zelenila i arhitekture - Serbia.com","isPartOf":{"@id":"https:\/\/serbia.com\/#website"},"primaryImageOfPage":{"@id":"https:\/\/serbia.com\/srpski\/posetite-srbiju\/gradovi\/sombor-grad-fijakera-zelenila-i-arhitekture\/#primaryimage"},"image":{"@id":"https:\/\/serbia.com\/srpski\/posetite-srbiju\/gradovi\/sombor-grad-fijakera-zelenila-i-arhitekture\/#primaryimage"},"thumbnailUrl":"https:\/\/serbia.com\/wp-content\/uploads\/2015\/04\/somborica.jpg","datePublished":"2015-05-05T13:13:02+00:00","dateModified":"2025-11-05T12:11:02+00:00","breadcrumb":{"@id":"https:\/\/serbia.com\/srpski\/posetite-srbiju\/gradovi\/sombor-grad-fijakera-zelenila-i-arhitekture\/#breadcrumb"},"inLanguage":"srpski","potentialAction":[{"@type":"ReadAction","target":["https:\/\/serbia.com\/srpski\/posetite-srbiju\/gradovi\/sombor-grad-fijakera-zelenila-i-arhitekture\/"]}]},{"@type":"ImageObject","inLanguage":"srpski","@id":"https:\/\/serbia.com\/srpski\/posetite-srbiju\/gradovi\/sombor-grad-fijakera-zelenila-i-arhitekture\/#primaryimage","url":"https:\/\/serbia.com\/wp-content\/uploads\/2015\/04\/somborica.jpg","contentUrl":"https:\/\/serbia.com\/wp-content\/uploads\/2015\/04\/somborica.jpg","width":1600,"height":724},{"@type":"BreadcrumbList","@id":"https:\/\/serbia.com\/srpski\/posetite-srbiju\/gradovi\/sombor-grad-fijakera-zelenila-i-arhitekture\/#breadcrumb","itemListElement":[{"@type":"ListItem","position":1,"name":"Home","item":"https:\/\/serbia.com\/srpski\/"},{"@type":"ListItem","position":2,"name":"Poseti Srbiju","item":"https:\/\/serbia.com\/srpski\/posetite-srbiju\/"},{"@type":"ListItem","position":3,"name":"Gradovi","item":"https:\/\/serbia.com\/srpski\/posetite-srbiju\/gradovi\/"},{"@type":"ListItem","position":4,"name":"Sombor, grad fijakera, zelenila i arhitekture"}]},{"@type":"WebSite","@id":"https:\/\/serbia.com\/#website","url":"https:\/\/serbia.com\/","name":"Serbia.com","description":"Your Gateway to Serbia","potentialAction":[{"@type":"SearchAction","target":{"@type":"EntryPoint","urlTemplate":"https:\/\/serbia.com\/?s={search_term_string}"},"query-input":{"@type":"PropertyValueSpecification","valueRequired":true,"valueName":"search_term_string"}}],"inLanguage":"srpski"}]}},"_links":{"self":[{"href":"https:\/\/serbia.com\/srpski\/wp-json\/wp\/v2\/pages\/31484"}],"collection":[{"href":"https:\/\/serbia.com\/srpski\/wp-json\/wp\/v2\/pages"}],"about":[{"href":"https:\/\/serbia.com\/srpski\/wp-json\/wp\/v2\/types\/page"}],"author":[{"embeddable":true,"href":"https:\/\/serbia.com\/srpski\/wp-json\/wp\/v2\/users\/27"}],"replies":[{"embeddable":true,"href":"https:\/\/serbia.com\/srpski\/wp-json\/wp\/v2\/comments?post=31484"}],"version-history":[{"count":2,"href":"https:\/\/serbia.com\/srpski\/wp-json\/wp\/v2\/pages\/31484\/revisions"}],"predecessor-version":[{"id":63467,"href":"https:\/\/serbia.com\/srpski\/wp-json\/wp\/v2\/pages\/31484\/revisions\/63467"}],"up":[{"embeddable":true,"href":"https:\/\/serbia.com\/srpski\/wp-json\/wp\/v2\/pages\/20433"}],"wp:featuredmedia":[{"embeddable":true,"href":"https:\/\/serbia.com\/srpski\/wp-json\/wp\/v2\/media\/31243"}],"wp:attachment":[{"href":"https:\/\/serbia.com\/srpski\/wp-json\/wp\/v2\/media?parent=31484"}],"wp:term":[{"taxonomy":"category","embeddable":true,"href":"https:\/\/serbia.com\/srpski\/wp-json\/wp\/v2\/categories?post=31484"},{"taxonomy":"post_tag","embeddable":true,"href":"https:\/\/serbia.com\/srpski\/wp-json\/wp\/v2\/tags?post=31484"}],"curies":[{"name":"wp","href":"https:\/\/api.w.org\/{rel}","templated":true}]}}