{"id":29499,"date":"2015-02-23T13:13:19","date_gmt":"2015-02-23T12:13:19","guid":{"rendered":"http:\/\/www.serbia.com\/?page_id=29499"},"modified":"2024-06-05T11:00:14","modified_gmt":"2024-06-05T09:00:14","slug":"nematerijalno-kulturno-nasledje-srbije","status":"publish","type":"page","link":"https:\/\/serbia.com\/srpski\/o-srbiji\/kultura\/nematerijalno-kulturno-nasledje-srbije\/","title":{"rendered":"Nematerijalno kulturno nasle\u0111e Srbije"},"content":{"rendered":"<h2>Preno\u0161eno sa generacije na generaciju, \u010duvano od vremena i modernih tehnologija, nematerijalno kulturno nasle\u0111e je glavni pokreta\u010d kulturne raznolikosti.<\/h2>\n<p>Kroz usmenu tradiciju i jezik, scensku umetnost, dru\u0161tvenu praksu, rituale i praznike, izra\u017eavaju se kreativnost, znanje, ve\u0161tine i duh ljudi koji ga stvaraju. Negovanjem i preno\u0161enjem ove &#8220;\u017eive kulturne ba\u0161tine&#8221;, \u010duva se istorija, kultura i tradicija, koja izaziva ose\u0107aj identiteta i kontinuiteta jednog naroda.<\/p>\n<p>Zna\u010daj starih zanata, <a title=\"Obi\u010daji u Srbiji: rituali od pre Hrista\" href=\"http:\/\/www.serbia.com\/srpski\/etno-naslede-srbije-rituali-od-pre-hrista\/\">obi\u010daja<\/a> koji se odavnina neguju i <a title=\"Festivali i manifestacije\" href=\"http:\/\/www.serbia.com\/srpski\/posetite-srbiju\/sta-raditi\/festivali-i-manifestacije\/\">manifestacija<\/a> kojima se \u010duva <a title=\"Istorija\" href=\"http:\/\/www.serbia.com\/srpski\/o-srbiji\/istorija\/\">istorija<\/a>, <a title=\"Kultura\" href=\"http:\/\/www.serbia.com\/srpski\/o-srbiji\/kultura\/\">kultura<\/a> i tradicija, ozvani\u010den je 18. juna 2012. godine kada je usvojena Lista elemenata nematerijalnog kulturnog nasle\u0111a Republike Srbije. Na Listi se trenutno nalazi dvadeset i sedam elemenata, a u budu\u0107nosti se o\u010dekuje usvajanje novih.<\/p>\n<p>Nacionalni registar Republike Srbije: <a title=\"Krsna slava kao \u010duvar srpskog identiteta\" href=\"http:\/\/www.serbia.com\/srpski\/krsna-slava-kao-cuvar-srpskog-identiteta\/\">Krsna slava<\/a>, <a href=\"http:\/\/www.serbia.com\/srpski\/o-srbiji\/kultura\/nematerijalno-kulturno-nasledje-srbije\/nematerijalno-kulturno-naslede-kao-cuvar-srpskog-identiteta\/molitva-durdevdanski-obred\/\">Molitva, \u0111ur\u0111evdanski obred<\/a>, <a title=\"Belmu\u017e kao \u010duvar srpskog identiteta\" href=\"http:\/\/www.serbia.com\/srpski\/belmuz-kao-cuvar-srpskog-identiteta\/\">Belmu\u017e<\/a>, <a href=\"http:\/\/www.serbia.com\/srpski\/o-srbiji\/kultura\/nematerijalno-kulturno-nasledje-srbije\/nematerijalno-kulturno-naslede-kao-cuvar-srpskog-identiteta\/obicaj-izlivanja-i-paljenja-ratarskih-sveca\/\">Obi\u010daji izlivanja i paljenja ratarskih sve\u0107a<\/a>, <a title=\"Pirotski ka\u010dkavalj kao \u010duvar srpskog identiteta\" href=\"http:\/\/www.serbia.com\/srpski\/pirotski-kackavalj-kao-cuvar-srpskog-identiteta\/\">Izrada pirotskog ka\u010dkavalj<\/a>a, <a title=\"Tragovima pirotskog \u0107ilimarstva\" href=\"http:\/\/www.serbia.com\/srpski\/tragovima-pirotskog-cilimarstva\/\">Pirotsko \u0107ilimarstvo<\/a>, <a title=\"Tragovima filigrantskog zanata\" href=\"http:\/\/www.serbia.com\/srpski\/tragovima-filingranskog-zanata\/\">Filigranski zanat<\/a>, Klesarski zanat, <a title=\"Tragovima novopazarskih mantija\" href=\"http:\/\/www.serbia.com\/srpski\/tragovima-novopazarskih-mantija\/\">Pazarske mantije<\/a>, <a title=\"Zlakuska lon\u010darija kao \u010duvar srpskog identiteta\" href=\"http:\/\/www.serbia.com\/srpski\/zlakuska-loncarija-kao-cuvar-srpskog-identiteta\/\">Zlakuska lon\u010darija<\/a>, Kosovski vez, <a href=\"http:\/\/www.serbia.com\/srpski\/o-srbiji\/kultura\/nematerijalno-kulturno-nasledje-srbije\/nematerijalno-kulturno-naslede-kao-cuvar-srpskog-identiteta\/pevanje-uz-gusle\/\">Pevanje uz gusle<\/a>, Groktalica, Pevanje iz vika, <a href=\"http:\/\/www.serbia.com\/srpski\/erski-humor-kao-cuvar-srpskog-identiteta\/\">Erski humor<\/a>, Kolo, kolo u tri, kolo u \u0161est, <a href=\"http:\/\/www.serbia.com\/srpski\/o-srbiji\/kultura\/nematerijalno-kulturno-nasledje-srbije\/nematerijalno-kulturno-naslede-kao-cuvar-srpskog-identiteta\/rumenka-spoj-igre-i-tradicije\/\" target=\"_blank\" rel=\"noopener\">Rumenka<\/a>, <a href=\"http:\/\/www.serbia.com\/srpski\/sviranje-na-gajdama\/\">Sviranje na gajdama<\/a>, <a href=\"http:\/\/www.serbia.com\/srpski\/o-srbiji\/kultura\/nematerijalno-kulturno-nasledje-srbije\/nematerijalno-kulturno-naslede-kao-cuvar-srpskog-identiteta\/frulaska-praksa\/\">Frula\u0161ka praksa<\/a>, Sviranje na kavalu, <a title=\"Tragovima naivnog slikarstva Slovaka\" href=\"http:\/\/www.serbia.com\/srpski\/tragovima-naivnog-slikarstva-slovaka\/\">Naivno slikarstvo Slovaka<\/a>, Lazarice u Sirini\u0107koj \u017eupi, <a title=\"Izrada drvenih \u010durura u selu Pilica\" href=\"http:\/\/www.serbia.com\/srpski\/izrada-drvenih-curura-u-selu-pilica\/\">Izrada drvenih \u010dutura u selu Pilica<\/a>, <a title=\"Tragovima Vukovog sabora\" href=\"http:\/\/www.serbia.com\/srpski\/tragovima-vukovog-sabora\/\">Vukov sabor<\/a>, <a title=\"Tragovima ojka\u010de\" href=\"http:\/\/www.serbia.com\/srpski\/tragovima-ojkace\/\">Ojka\u010da<\/a>, <a href=\"http:\/\/www.serbia.com\/srpski\/vranjska-gradska-pesma\/\">\u201eVranjska gradska pesma\u201c<\/a>, <a href=\"http:\/\/www.serbia.com\/srpski\/o-srbiji\/kultura\/nematerijalno-kulturno-nasledje-srbije\/nematerijalno-kulturno-naslede-kao-cuvar-srpskog-identiteta\/cuvanje-hristovog-groba\/\">\u010cuvanje Hristovog Groba<\/a>.<\/p>\n<p>Kulturna raznolikost, multikonfensionalnost ali i duga\u010dka tradicija odr\u017eavanja autenti\u010dne kulturne ba\u0161tine, iznedrili su specifi\u010dno nematerijalno nale\u0111e koje Srbija danas ima. Kroz manifestacije, stare zanate, rituale i umetnost, u Srbiji se ovo nasle\u0111e i danas odr\u017eava i \u010duva, ali u znatno manjoj meri. Nedovoljno dobra prezentacija i promocija, lo\u0161i uslovi za rad, ali i malo interesovanje ljudi, u\u010dinili su da se nematerijalno kulturno nasle\u0111e poslednjih godina na\u0111e na dru\u0161tvenoj margini.<\/p>\n<p>Sa ciljem da se ova kulturna oblast bolje predstavi i promovi\u0161e, ali i podigne dru\u0161tvena svest o vrednosti i zna\u010daju nematerijalnog kulturnog dobra, portal Serbia.com u\u010destvuje u dva projekta: &#8220;<a href=\"http:\/\/www.serbia.com\/srpski\/o-srbiji\/kultura\/nematerijalno-kulturno-nasledje-srbije\/tragovima-nematerijalnog-kulturnog-nasleda-srbije\/\">Tragovima nematerijalnog kulturnog nasle\u0111a Srbije<\/a>&#8221; i &#8220;<a href=\"http:\/\/www.serbia.com\/srpski\/o-srbiji\/kultura\/nematerijalno-kulturno-nasledje-srbije\/nematerijalno-kulturno-naslede-kao-cuvar-srpskog-identiteta\/\">Nematerijalno kulturno nasle\u0111e kao \u010duvar srpskog identiteta<\/a>&#8220;.<\/p>\n<p>Prvi projekat je realizovan u saradnji sa Ministarstvom kulture i informisanja i Centrom za nematerijalno kulturno nasle\u0111e, u kojem su kroz \u0161est kratkometra\u017enih filmova prikazane sve specifi\u010dnost i odlike \u0161est elemenata sa Liste.<\/p>\n<p>U filmovima \u0107ete se upoznati sa na\u010dinom izrade starog filingranskog nakita, nau\u010diti kako se prave \u010duvene pazarske mantije i izra\u0111uju pirotski \u0107ilimi, mo\u0107i \u0107ete da zavirite u atelje naivnih slikara, saznate sve o najstarijoj srpskoj manifestaciji Vukovom saboru, i oslu\u0161nete zvukove izvorne kraji\u0161ke pesme ojka\u010de.<\/p>\n<p>U drugom projektu koji je realizovan u saradnji sa Ministarstvom spoljnih poslova i Upravom za saradnju s dijasporom i Srbima u regionu, kroz dvadeset i sedam tekstova detaljno \u0107e se obraditi svaki element iz Nacionalnog registra. Poseban akcenat u ovim tekstovima stavljen je na nastavljanje i \u010duvanje nematerijalnog kulturnog nasle\u0111a, i kada se napusti dr\u017eava matica.<\/p>\n<p>Odr\u017eavanjem &#8220;\u017eive kulturne&#8221; ba\u0161tine bilo gde u svetu, stvara se ose\u0107aj identiteta, kontinuiteta i posebnosti koje \u010dine jedan narod. Isticanjem kohezivne i mobilizatorske spone koju \u010duvanje, preno\u0161enje i praktikovanje srpske tradicije kao dela nematerijalne kulturne ba\u0161tine ima, ja\u010da se i veza izme\u0111u mati\u010dne dr\u017eave i dijaspore.<\/p>\n<p>Upoznavanje doma\u0107e i strane javnosti sa radom, trudom, posve\u0107eno\u0161\u0107u, ali i preprekama sa kojima se ljudi koji neguju nematerijalno kultuno nasle\u0111e danas susre\u0107u, va\u017ean je korak ka o\u010duvanju autenti\u010dne kulturne ba\u0161tine. Samo razumevanjem, praktikovanjem, promocijom i preno\u0161enjem znanja sa generacije na generaciju, nematrijalno kulturno nasle\u0111e mo\u017ee da opstane i da se o\u010duva u budu\u0107nosti.<\/p>\n","protected":false},"excerpt":{"rendered":"<p>Preno\u0161eno sa generacije na generaciju, \u010duvano od vremena i modernih tehnologija, nematerijalno kulturno nasle\u0111e je glavni pokreta\u010d kulturne raznolikosti. Kroz usmenu tradiciju i jezik, scensku umetnost, dru\u0161tvenu praksu, rituale i [&hellip;]<\/p>\n","protected":false},"author":27,"featured_media":33997,"parent":20159,"menu_order":0,"comment_status":"closed","ping_status":"closed","template":"","meta":{"_acf_changed":false,"inline_featured_image":false,"_monsterinsights_skip_tracking":false,"_monsterinsights_sitenote_active":false,"_monsterinsights_sitenote_note":"","_monsterinsights_sitenote_category":0,"footnotes":""},"categories":[3352],"tags":[],"class_list":["post-29499","page","type-page","status-publish","has-post-thumbnail","hentry","category-nematerijalno-kulturno-naslede"],"acf":[],"yoast_head":"<!-- This site is optimized with the Yoast SEO plugin v23.8 - https:\/\/yoast.com\/wordpress\/plugins\/seo\/ -->\n<title>Nematerijalno kulturno nasle\u0111e Srbije - Serbia.com<\/title>\n<meta name=\"robots\" content=\"index, follow, max-snippet:-1, max-image-preview:large, max-video-preview:-1\" \/>\n<link rel=\"canonical\" href=\"https:\/\/serbia.com\/srpski\/o-srbiji\/kultura\/nematerijalno-kulturno-nasledje-srbije\/\" \/>\n<meta property=\"og:locale\" content=\"en_US\" \/>\n<meta property=\"og:type\" content=\"article\" \/>\n<meta property=\"og:title\" content=\"Nematerijalno kulturno nasle\u0111e Srbije - Serbia.com\" \/>\n<meta property=\"og:description\" content=\"Preno\u0161eno sa generacije na generaciju, \u010duvano od vremena i modernih tehnologija, nematerijalno kulturno nasle\u0111e je glavni pokreta\u010d kulturne raznolikosti. Kroz usmenu tradiciju i jezik, scensku umetnost, dru\u0161tvenu praksu, rituale i [&hellip;]\" \/>\n<meta property=\"og:url\" content=\"https:\/\/serbia.com\/srpski\/o-srbiji\/kultura\/nematerijalno-kulturno-nasledje-srbije\/\" \/>\n<meta property=\"og:site_name\" content=\"Serbia.com\" \/>\n<meta property=\"article:modified_time\" content=\"2024-06-05T09:00:14+00:00\" \/>\n<meta property=\"og:image\" content=\"https:\/\/serbia.com\/wp-content\/uploads\/2015\/06\/Pirotski-cilim_slika1111111.jpg\" \/>\n\t<meta property=\"og:image:width\" content=\"1452\" \/>\n\t<meta property=\"og:image:height\" content=\"960\" \/>\n\t<meta property=\"og:image:type\" content=\"image\/jpeg\" \/>\n<meta name=\"twitter:label1\" content=\"Est. reading time\" \/>\n\t<meta name=\"twitter:data1\" content=\"3 minutes\" \/>\n<script type=\"application\/ld+json\" class=\"yoast-schema-graph\">{\"@context\":\"https:\/\/schema.org\",\"@graph\":[{\"@type\":\"WebPage\",\"@id\":\"https:\/\/serbia.com\/srpski\/o-srbiji\/kultura\/nematerijalno-kulturno-nasledje-srbije\/\",\"url\":\"https:\/\/serbia.com\/srpski\/o-srbiji\/kultura\/nematerijalno-kulturno-nasledje-srbije\/\",\"name\":\"Nematerijalno kulturno nasle\u0111e Srbije - Serbia.com\",\"isPartOf\":{\"@id\":\"https:\/\/serbia.com\/#website\"},\"primaryImageOfPage\":{\"@id\":\"https:\/\/serbia.com\/srpski\/o-srbiji\/kultura\/nematerijalno-kulturno-nasledje-srbije\/#primaryimage\"},\"image\":{\"@id\":\"https:\/\/serbia.com\/srpski\/o-srbiji\/kultura\/nematerijalno-kulturno-nasledje-srbije\/#primaryimage\"},\"thumbnailUrl\":\"https:\/\/serbia.com\/wp-content\/uploads\/2015\/06\/Pirotski-cilim_slika1111111.jpg\",\"datePublished\":\"2015-02-23T12:13:19+00:00\",\"dateModified\":\"2024-06-05T09:00:14+00:00\",\"breadcrumb\":{\"@id\":\"https:\/\/serbia.com\/srpski\/o-srbiji\/kultura\/nematerijalno-kulturno-nasledje-srbije\/#breadcrumb\"},\"inLanguage\":\"srpski\",\"potentialAction\":[{\"@type\":\"ReadAction\",\"target\":[\"https:\/\/serbia.com\/srpski\/o-srbiji\/kultura\/nematerijalno-kulturno-nasledje-srbije\/\"]}]},{\"@type\":\"ImageObject\",\"inLanguage\":\"srpski\",\"@id\":\"https:\/\/serbia.com\/srpski\/o-srbiji\/kultura\/nematerijalno-kulturno-nasledje-srbije\/#primaryimage\",\"url\":\"https:\/\/serbia.com\/wp-content\/uploads\/2015\/06\/Pirotski-cilim_slika1111111.jpg\",\"contentUrl\":\"https:\/\/serbia.com\/wp-content\/uploads\/2015\/06\/Pirotski-cilim_slika1111111.jpg\",\"width\":1452,\"height\":960},{\"@type\":\"BreadcrumbList\",\"@id\":\"https:\/\/serbia.com\/srpski\/o-srbiji\/kultura\/nematerijalno-kulturno-nasledje-srbije\/#breadcrumb\",\"itemListElement\":[{\"@type\":\"ListItem\",\"position\":1,\"name\":\"Home\",\"item\":\"https:\/\/serbia.com\/srpski\/\"},{\"@type\":\"ListItem\",\"position\":2,\"name\":\"O Srbiji\",\"item\":\"https:\/\/serbia.com\/srpski\/o-srbiji\/\"},{\"@type\":\"ListItem\",\"position\":3,\"name\":\"Kultura\",\"item\":\"https:\/\/serbia.com\/srpski\/o-srbiji\/kultura\/\"},{\"@type\":\"ListItem\",\"position\":4,\"name\":\"Nematerijalno kulturno nasle\u0111e Srbije\"}]},{\"@type\":\"WebSite\",\"@id\":\"https:\/\/serbia.com\/#website\",\"url\":\"https:\/\/serbia.com\/\",\"name\":\"Serbia.com\",\"description\":\"Your Gateway to Serbia\",\"potentialAction\":[{\"@type\":\"SearchAction\",\"target\":{\"@type\":\"EntryPoint\",\"urlTemplate\":\"https:\/\/serbia.com\/?s={search_term_string}\"},\"query-input\":{\"@type\":\"PropertyValueSpecification\",\"valueRequired\":true,\"valueName\":\"search_term_string\"}}],\"inLanguage\":\"srpski\"}]}<\/script>\n<!-- \/ Yoast SEO plugin. -->","yoast_head_json":{"title":"Nematerijalno kulturno nasle\u0111e Srbije - Serbia.com","robots":{"index":"index","follow":"follow","max-snippet":"max-snippet:-1","max-image-preview":"max-image-preview:large","max-video-preview":"max-video-preview:-1"},"canonical":"https:\/\/serbia.com\/srpski\/o-srbiji\/kultura\/nematerijalno-kulturno-nasledje-srbije\/","og_locale":"en_US","og_type":"article","og_title":"Nematerijalno kulturno nasle\u0111e Srbije - Serbia.com","og_description":"Preno\u0161eno sa generacije na generaciju, \u010duvano od vremena i modernih tehnologija, nematerijalno kulturno nasle\u0111e je glavni pokreta\u010d kulturne raznolikosti. Kroz usmenu tradiciju i jezik, scensku umetnost, dru\u0161tvenu praksu, rituale i [&hellip;]","og_url":"https:\/\/serbia.com\/srpski\/o-srbiji\/kultura\/nematerijalno-kulturno-nasledje-srbije\/","og_site_name":"Serbia.com","article_modified_time":"2024-06-05T09:00:14+00:00","og_image":[{"width":1452,"height":960,"url":"https:\/\/serbia.com\/wp-content\/uploads\/2015\/06\/Pirotski-cilim_slika1111111.jpg","type":"image\/jpeg"}],"twitter_misc":{"Est. reading time":"3 minutes"},"schema":{"@context":"https:\/\/schema.org","@graph":[{"@type":"WebPage","@id":"https:\/\/serbia.com\/srpski\/o-srbiji\/kultura\/nematerijalno-kulturno-nasledje-srbije\/","url":"https:\/\/serbia.com\/srpski\/o-srbiji\/kultura\/nematerijalno-kulturno-nasledje-srbije\/","name":"Nematerijalno kulturno nasle\u0111e Srbije - Serbia.com","isPartOf":{"@id":"https:\/\/serbia.com\/#website"},"primaryImageOfPage":{"@id":"https:\/\/serbia.com\/srpski\/o-srbiji\/kultura\/nematerijalno-kulturno-nasledje-srbije\/#primaryimage"},"image":{"@id":"https:\/\/serbia.com\/srpski\/o-srbiji\/kultura\/nematerijalno-kulturno-nasledje-srbije\/#primaryimage"},"thumbnailUrl":"https:\/\/serbia.com\/wp-content\/uploads\/2015\/06\/Pirotski-cilim_slika1111111.jpg","datePublished":"2015-02-23T12:13:19+00:00","dateModified":"2024-06-05T09:00:14+00:00","breadcrumb":{"@id":"https:\/\/serbia.com\/srpski\/o-srbiji\/kultura\/nematerijalno-kulturno-nasledje-srbije\/#breadcrumb"},"inLanguage":"srpski","potentialAction":[{"@type":"ReadAction","target":["https:\/\/serbia.com\/srpski\/o-srbiji\/kultura\/nematerijalno-kulturno-nasledje-srbije\/"]}]},{"@type":"ImageObject","inLanguage":"srpski","@id":"https:\/\/serbia.com\/srpski\/o-srbiji\/kultura\/nematerijalno-kulturno-nasledje-srbije\/#primaryimage","url":"https:\/\/serbia.com\/wp-content\/uploads\/2015\/06\/Pirotski-cilim_slika1111111.jpg","contentUrl":"https:\/\/serbia.com\/wp-content\/uploads\/2015\/06\/Pirotski-cilim_slika1111111.jpg","width":1452,"height":960},{"@type":"BreadcrumbList","@id":"https:\/\/serbia.com\/srpski\/o-srbiji\/kultura\/nematerijalno-kulturno-nasledje-srbije\/#breadcrumb","itemListElement":[{"@type":"ListItem","position":1,"name":"Home","item":"https:\/\/serbia.com\/srpski\/"},{"@type":"ListItem","position":2,"name":"O Srbiji","item":"https:\/\/serbia.com\/srpski\/o-srbiji\/"},{"@type":"ListItem","position":3,"name":"Kultura","item":"https:\/\/serbia.com\/srpski\/o-srbiji\/kultura\/"},{"@type":"ListItem","position":4,"name":"Nematerijalno kulturno nasle\u0111e Srbije"}]},{"@type":"WebSite","@id":"https:\/\/serbia.com\/#website","url":"https:\/\/serbia.com\/","name":"Serbia.com","description":"Your Gateway to Serbia","potentialAction":[{"@type":"SearchAction","target":{"@type":"EntryPoint","urlTemplate":"https:\/\/serbia.com\/?s={search_term_string}"},"query-input":{"@type":"PropertyValueSpecification","valueRequired":true,"valueName":"search_term_string"}}],"inLanguage":"srpski"}]}},"_links":{"self":[{"href":"https:\/\/serbia.com\/srpski\/wp-json\/wp\/v2\/pages\/29499"}],"collection":[{"href":"https:\/\/serbia.com\/srpski\/wp-json\/wp\/v2\/pages"}],"about":[{"href":"https:\/\/serbia.com\/srpski\/wp-json\/wp\/v2\/types\/page"}],"author":[{"embeddable":true,"href":"https:\/\/serbia.com\/srpski\/wp-json\/wp\/v2\/users\/27"}],"replies":[{"embeddable":true,"href":"https:\/\/serbia.com\/srpski\/wp-json\/wp\/v2\/comments?post=29499"}],"version-history":[{"count":1,"href":"https:\/\/serbia.com\/srpski\/wp-json\/wp\/v2\/pages\/29499\/revisions"}],"predecessor-version":[{"id":53256,"href":"https:\/\/serbia.com\/srpski\/wp-json\/wp\/v2\/pages\/29499\/revisions\/53256"}],"up":[{"embeddable":true,"href":"https:\/\/serbia.com\/srpski\/wp-json\/wp\/v2\/pages\/20159"}],"wp:featuredmedia":[{"embeddable":true,"href":"https:\/\/serbia.com\/srpski\/wp-json\/wp\/v2\/media\/33997"}],"wp:attachment":[{"href":"https:\/\/serbia.com\/srpski\/wp-json\/wp\/v2\/media?parent=29499"}],"wp:term":[{"taxonomy":"category","embeddable":true,"href":"https:\/\/serbia.com\/srpski\/wp-json\/wp\/v2\/categories?post=29499"},{"taxonomy":"post_tag","embeddable":true,"href":"https:\/\/serbia.com\/srpski\/wp-json\/wp\/v2\/tags?post=29499"}],"curies":[{"name":"wp","href":"https:\/\/api.w.org\/{rel}","templated":true}]}}