{"id":24779,"date":"2014-04-08T15:36:12","date_gmt":"2014-04-08T13:36:12","guid":{"rendered":"http:\/\/www.serbia.com\/?page_id=24779"},"modified":"2024-10-20T20:02:37","modified_gmt":"2024-10-20T18:02:37","slug":"bukovicka-banja","status":"publish","type":"page","link":"https:\/\/serbia.com\/srpski\/posetite-srbiju\/prirodne-lepote\/banje\/bukovicka-banja\/","title":{"rendered":"Bukovi\u010dka Banja"},"content":{"rendered":"<h4>Nekada mondenski centar sve\u010danih balova prire\u0111ivanih u Starom zdanju, Bukovi\u010dka banja je danas zna\u010dajan rehabilitacioni centar sme\u0161ten u pitomom ambijentu park-muzeja skulptura od belog mermera.<\/h4>\n<p>Bukovi\u010dka banja, jedno od najlep\u0161ih, najpose\u0107enijih i najzna\u010dajnijih banjskih le\u010dili\u0161ta u Srbiji, nalazi se u<strong> <a href=\"http:\/\/www.serbia.com\/srpski\/24-sata-u-arandelovcu\/\" target=\"_blank\" rel=\"noopener\">Aran\u0111elovcu<\/a><\/strong> gde je u svojim nedrima \u010duvaju stoletne bukove \u0161ume i plavi \u0161ljivici \u0160umadije.<\/p>\n<p>Na svega 76 km od <a href=\"http:\/\/www.serbia.com\/srpski\/posetite-srbiju\/gradovi\/beograd\/\" target=\"_blank\" rel=\"noopener\">Beograda<\/a> u podno\u017eju <strong>planina <a href=\"https:\/\/serbia.com\/srpski\/bukulja-savrsen-spoj-zivopisne-prirode-i-bogate-istorije\/\">Bukulja<\/a><\/strong> i <strong>Ven\u010dac<\/strong> izvire pet lekovitih mineralnih voda koje su u narodu odvajkada bile \u010duvene, a danas u Srbiji spadaju me\u0111u vode\u0107e po svojim blagotvornim dejstvima i uspehu u le\u010denju mnogih bolesti.<\/p>\n<p>Zahvaljuju\u0107i svojoj dugoj i bogatoj istoriji i tome \u0161to je bila omiljena destinacija kneza Milo\u0161a i dinastije Obrenovi\u0107 koja je zna\u010dajno doprinela njenoj izgradnji, Bukovi\u010dka banja je uklju\u010dena u program <strong>\u201cKraljevskih banja Srbije\u201d<\/strong>.<\/p>\n<p>Nekada je bila mondenski centar gra\u0111en po uzoru na banje Zapadne Evrope,<strong> Bukovi\u010dka banja je danas zna\u010dajan centar za rehabilitaciju, ali i svojevrstan muzej na otvorenom<\/strong>.<\/p>\n<p>Bukovi\u010dka banja ima jedan topli i \u010detiri hladna mineralna izvora zbog \u010dijih lekovitih svojstava je godi\u0161nje poseti 40.000 gostiju.<\/p>\n<p>Gosti banje imaju mogu\u0107nost u\u017eivanja u okrepljuju\u0107im kupkama u mineralnoj vodi, kao i hladnim oblogama od lekovite gline koji su izrazito korisni za rehabilitaciju i revitalizaciju organizma, ali i najsavremenijim terapijskim metodama le\u010denja bolesti gastrointestinalnog sistema, bolesti hepatobilijarnog sistema i pankreasa, bolesti metabolizma (\u0161e\u0107erna bolest), bolesti urinarnog sistema, respiratornog sistema (hroni\u010dni bronhitis i bronhijalna astma), reumatska oboljenja, endokrinolo\u0161ka oboljenja, poreme\u0107aja i oboljenja periferne cirkulacije, neurolo\u0161kih oboljenja, kao i povreda i oboljenja lokomotornog aparata.<\/p>\n<p>Zasigurno <strong>najpoznatiji i najzna\u010dajniji izvor kojeg Bukovi\u010dka banja ima je izvor hladne mineralne vode \u201eKnjaz Milo\u0161\u201c.<\/strong><\/p>\n<p>Fla\u0161iranje vode s ovog izvora zapo\u010deto je jo\u0161 u prvoj deceniji pro\u0161log veka. U to vreme \u010ditav proces se vr\u0161io ru\u010dno, a danas je to ve\u0107 jedna od najpoznatijih fla\u0161iranih mineralnih voda u zemlji, nagra\u0111ivana na velikom broju me\u0111unarodnih sajmova.<\/p>\n<p>Osim u blagotvornim vodama, tokom boravka u Bukovi\u010dkoj banji gosti mogu u\u017eivati i u \u0161etnji <strong>Francuskim parkom<\/strong>, jednim od najlep\u0161e ure\u0111enih parkova Srbije, posebno u njegovim mirisnim cvetnim alejama retkog i jedinstvenog rastinja.<\/p>\n<p>Do\u017eivljaj parka upotpuni\u0107e pogled na prelepo <strong>Staro zdanje<\/strong>, jednu od najlep\u0161ih gra\u0111evina srpskog romantizma, fontane i skulpture izra\u0111ene od najkvalitetnijeg belog ven\u010da\u010dkog mermera.<\/p>\n<p>U idili\u010dnom ambijentu Bukovi\u010dkog parka svoje mesto prona\u0161ao je jedinstveni muzej skulptura od belog mermera pod otvorenim nebom.<\/p>\n<p>Ve\u0107 47 godina on je dom Me\u0111unarodne smotre umetnosti <strong>\u201eMermer i zvuci\u201f<\/strong>, jedne je od najuglednijih kulturno-umetni\u010dkih manifestacija u Srbiji. Ovu smotru vajara i kerami\u010dara svake godine obogate muzi\u010dki, knji\u017eevni, likovni, filmski i folklorni programi.<\/p>\n<h4>Dva srebrna pi\u0161tolja za banju<\/h4>\n<p>Blagotvorne vode Bukovi\u010dke banje otkrivene su u ataru sela Bukovik, po kojem je sama banja i dobila ime.<\/p>\n<p>Prema pri\u010dama iz ovog kraja za prvi izvor se pro\u010dulo sasvim slu\u010dajno pri poseti kneza Milo\u0161a Obrenovi\u0107a selu Vrbica (dana\u0161nji Aran\u0111elovac), u koje se uputio na proslavu seoske <a href=\"http:\/\/www.serbia.com\/srpski\/krsna-slava-kao-cuvar-srpskog-identiteta\/\">slave<\/a>.<\/p>\n<p>U pratnji kneza Milo\u0161a tada je bio i jedan ugledni lekar koga su me\u0161tani odveli do obli\u017enje \u0161ume, i pokazali mu izvor \u201egvozdene vode\u201c o \u010dijim su mu mo\u0107ima neprestano pri\u010dali.<\/p>\n<p>Kada je lekar potvrdio ono \u0161to su lokalni seljaci ve\u0107 odavno znali, knez je \u0161umu sa \u010dudotvornim izvorom otkupio za dva srebrna pi\u0161tolja i postavio temelje dana\u0161njem le\u010dili\u0161tu.<\/p>\n<p>Od tada je po naredbi kneza Milo\u0161a voda sa izvora, kasnije nazvanog po njemu, dopremana na dvor i kori\u0161\u0107ena kao stona voda. Na ovom izvoru krepio se i Dositej Obradovi\u0107, veliki srpski prosvetitelj, jo\u0161 po\u010detkom 19. veka.<\/p>\n<p>S kraja 19. veka Bukovi\u010dka banja je dobila i prvu grejanu vodu za banjska kupatila. U drvene kade s vodom stavljana su u\u017earena \u010deli\u010dna \u0111ulad po kojima je jedan od izvora i dobilo ime \u2013 \u201e\u0110ulara\u201c.<\/p>\n<h4>Gde se nalazi Bukovi\u010dka banja i kako do nje do\u0107i?<\/h4>\n<p>Bukovi\u010dka banja se nalazi u samom centru Aran\u0111elovca na 76 km od Beograda i do banje mo\u017eete do\u0107i autobusom ili automobilom.<\/p>\n<p>Ukoliko se opredelite za sopstveni prevoz, najbr\u017ee \u0107ete sti\u0107i magistralnim putem E-75 od Beograda preko Mladenovca.<\/p>\n<p>Ukoliko se pak odlu\u010dite za autobuski prevoz, postoje redovne autobuske linije iz ve\u0107ine gradova u Srbiji, a vo\u017enja autobusom iz Beograda traje oko sat i po vremena.<\/p>\n<h4>Kada ste ve\u0107 tu, ne propustite\u2026<\/h4>\n<p>Bukovi\u010dka banja nalazi se u blizini brojnih kulturnih atrakcija i spomenika poput <a href=\"http:\/\/www.serbia.com\/srpski\/posetite-srbiju\/kulturne-atrakcije\/manastiri-i-crkve\/karadordev-konak-i-crkva-na-oplencu\/\" target=\"_blank\" rel=\"noopener\"><strong>\u201eKara\u0111or\u0111evog grada\u201c<\/strong><\/a> u Topoli, <strong><a href=\"http:\/\/www.serbia.com\/srpski\/posetite-srbiju\/kulturne-atrakcije\/manastiri-i-crkve\/crkva-sv-dorda-na-oplencu\/\" target=\"_blank\" rel=\"noopener\">mauzoleja kralja Petra I Kara\u0111or\u0111evi\u0107a<\/a> na Oplencu<\/strong>, <strong>Ora\u0161ac<\/strong> (mesto podizanja Prvog srpskog ustanka), brojni <strong>manastiri <a href=\"http:\/\/www.serbia.com\/srpski\/ovcarsko-kablarska-klisura-srpska-sveta-gora\/\" target=\"_blank\" rel=\"noopener\">Ov\u010darsko-kablarske klisure<\/a><\/strong> \u2013 <strong>Blagove\u0161tenje,<\/strong> <strong>Voljova\u010da<\/strong>, <strong>Nikolje<\/strong>.<\/p>\n<p>Obavezno se uputite ka Topoli koja se nalazi na svega 13 km od banje u podno\u017eju brda <a href=\"http:\/\/www.serbia.com\/srpski\/posetite-srbiju\/prirodne-lepote\/jedinstvena-priroda\/oplenac-a-fertile-hillside-of-a-serbian-history\/\" target=\"_blank\" rel=\"noopener\"><strong>Oplenac<\/strong><\/a>. Posetite <a href=\"http:\/\/www.serbia.com\/srpski\/posetite-srbiju\/kulturne-atrakcije\/manastiri-i-crkve\/karadordev-konak-i-crkva-na-oplencu\/\" target=\"_blank\" rel=\"noopener\">Kara\u0111or\u0111evu crkvu<\/a> u kojoj se nalazi spomen plo\u010da sa imenim ratnika iz ovog kraja koji su \u017eivote izgubili u balkanskim ratovima.<\/p>\n<p>Na Oplencu posetite zadu\u017ebinu kralja Petra I Kara\u0111or\u0111evi\u0107a, <a href=\"http:\/\/www.serbia.com\/srpski\/posetite-srbiju\/kulturne-atrakcije\/manastiri-i-crkve\/crkva-sv-dorda-na-oplencu\/\" target=\"_blank\" rel=\"noopener\">Crkvu Sv. \u0110or\u0111a<\/a>, u kojoj se nalaze sarkofazi kralja Petra I i vo\u017eda Kara\u0111or\u0111a.<\/p>\n<p>Kada se ve\u0107 nalazite u Topoli i na Oplencu ne propustite priliku da u\u017eivate u <strong>vinima ovog bogatog vinogradarskog kraja<\/strong> i obavezno prisusvujte <strong>Oplena\u010dkoj berbi<\/strong> po\u010detkom oktobra meseca.<\/p>\n<p>U blizini Bukovi\u010dke banje nalazi se i <strong>pe\u0107ina <a href=\"http:\/\/www.serbia.com\/srpski\/posetite-srbiju\/prirodne-lepote\/pecine\/pecina-risovaca-kuca-stara-hiljade-godina\/\" target=\"_blank\" rel=\"noopener\">Risova\u010da<\/a><\/strong>, pravi muzej Paleolita u na\u0161oj zemlji, gde posetioci mogu videti rekonstrukcije pra\u010doveka \u2013 praistorijskog lovca neandertalca u prirodnoj veli\u010dini.<\/p>\n<p>Za aktivan odmor i strastvene ljubitelje pecanja tu je <strong>Gra\u0161ko jezero<\/strong> bogato ribom na samo 6 km od grada. Obronci okolnih planina <a href=\"https:\/\/serbia.com\/srpski\/bukulja-savrsen-spoj-zivopisne-prirode-i-bogate-istorije\/\"><strong>Bukulja<\/strong><\/a>, <strong>Ven\u010dac<\/strong> i <strong>Rudnik<\/strong> bogati su divlja\u010di stoga se u ovom kraju nalaze i brojna lovi\u0161ta poput <strong>lovi\u0161ta Kamenica<\/strong> u op\u0161tini Topola.<\/p>\n","protected":false},"excerpt":{"rendered":"<p>Nekada mondenski centar sve\u010danih balova prire\u0111ivanih u Starom zdanju, Bukovi\u010dka banja je danas zna\u010dajan rehabilitacioni centar sme\u0161ten u pitomom ambijentu park-muzeja skulptura od belog mermera. Bukovi\u010dka banja, jedno od najlep\u0161ih, [&hellip;]<\/p>\n","protected":false},"author":9,"featured_media":32999,"parent":20468,"menu_order":0,"comment_status":"closed","ping_status":"closed","template":"","meta":{"_acf_changed":false,"inline_featured_image":false,"_monsterinsights_skip_tracking":false,"_monsterinsights_sitenote_active":false,"_monsterinsights_sitenote_note":"","_monsterinsights_sitenote_category":0,"footnotes":""},"categories":[1657],"tags":[],"class_list":["post-24779","page","type-page","status-publish","has-post-thumbnail","hentry","category-banje"],"acf":[],"yoast_head":"<!-- This site is optimized with the Yoast SEO plugin v27.4 - https:\/\/yoast.com\/product\/yoast-seo-wordpress\/ -->\n<title>Bukovi\u010dka Banja - Serbia.com<\/title>\n<meta name=\"description\" content=\"Nekada mondenski centar sve\u010danih balova prire\u0111ivanih u Starom zdanju, Bukovi\u010dka banja je danas zna\u010dajan rehabilitacioni centar sme\u0161ten u pitomom ambijentu park-muzeja skulptura od belog mermera.\" \/>\n<meta name=\"robots\" content=\"index, follow, max-snippet:-1, max-image-preview:large, max-video-preview:-1\" \/>\n<link rel=\"canonical\" href=\"https:\/\/serbia.com\/srpski\/posetite-srbiju\/prirodne-lepote\/banje\/bukovicka-banja\/\" \/>\n<meta property=\"og:locale\" content=\"en_US\" \/>\n<meta property=\"og:type\" content=\"article\" \/>\n<meta property=\"og:title\" content=\"Bukovi\u010dka Banja - Serbia.com\" \/>\n<meta property=\"og:description\" content=\"Nekada mondenski centar sve\u010danih balova prire\u0111ivanih u Starom zdanju, Bukovi\u010dka banja je danas zna\u010dajan rehabilitacioni centar sme\u0161ten u pitomom ambijentu park-muzeja skulptura od belog mermera.\" \/>\n<meta property=\"og:url\" content=\"https:\/\/serbia.com\/srpski\/posetite-srbiju\/prirodne-lepote\/banje\/bukovicka-banja\/\" \/>\n<meta property=\"og:site_name\" content=\"Serbia.com\" \/>\n<meta property=\"article:modified_time\" content=\"2024-10-20T18:02:37+00:00\" \/>\n<meta property=\"og:image\" content=\"https:\/\/serbia.com\/wp-content\/uploads\/2015\/05\/bukovickaaa111.jpg\" \/>\n\t<meta property=\"og:image:width\" content=\"1600\" \/>\n\t<meta property=\"og:image:height\" content=\"656\" \/>\n\t<meta property=\"og:image:type\" content=\"image\/jpeg\" \/>\n<meta name=\"twitter:label1\" content=\"Est. reading time\" \/>\n\t<meta name=\"twitter:data1\" content=\"5 minutes\" \/>\n<script type=\"application\/ld+json\" class=\"yoast-schema-graph\">{\"@context\":\"https:\\\/\\\/schema.org\",\"@graph\":[{\"@type\":\"WebPage\",\"@id\":\"https:\\\/\\\/serbia.com\\\/srpski\\\/posetite-srbiju\\\/prirodne-lepote\\\/banje\\\/bukovicka-banja\\\/\",\"url\":\"https:\\\/\\\/serbia.com\\\/srpski\\\/posetite-srbiju\\\/prirodne-lepote\\\/banje\\\/bukovicka-banja\\\/\",\"name\":\"Bukovi\u010dka Banja - Serbia.com\",\"isPartOf\":{\"@id\":\"https:\\\/\\\/serbia.com\\\/#website\"},\"primaryImageOfPage\":{\"@id\":\"https:\\\/\\\/serbia.com\\\/srpski\\\/posetite-srbiju\\\/prirodne-lepote\\\/banje\\\/bukovicka-banja\\\/#primaryimage\"},\"image\":{\"@id\":\"https:\\\/\\\/serbia.com\\\/srpski\\\/posetite-srbiju\\\/prirodne-lepote\\\/banje\\\/bukovicka-banja\\\/#primaryimage\"},\"thumbnailUrl\":\"https:\\\/\\\/serbia.com\\\/wp-content\\\/uploads\\\/2015\\\/05\\\/bukovickaaa111.jpg\",\"datePublished\":\"2014-04-08T13:36:12+00:00\",\"dateModified\":\"2024-10-20T18:02:37+00:00\",\"description\":\"Nekada mondenski centar sve\u010danih balova prire\u0111ivanih u Starom zdanju, Bukovi\u010dka banja je danas zna\u010dajan rehabilitacioni centar sme\u0161ten u pitomom ambijentu park-muzeja skulptura od belog mermera.\",\"breadcrumb\":{\"@id\":\"https:\\\/\\\/serbia.com\\\/srpski\\\/posetite-srbiju\\\/prirodne-lepote\\\/banje\\\/bukovicka-banja\\\/#breadcrumb\"},\"inLanguage\":\"srpski\",\"potentialAction\":[{\"@type\":\"ReadAction\",\"target\":[\"https:\\\/\\\/serbia.com\\\/srpski\\\/posetite-srbiju\\\/prirodne-lepote\\\/banje\\\/bukovicka-banja\\\/\"]}]},{\"@type\":\"ImageObject\",\"inLanguage\":\"srpski\",\"@id\":\"https:\\\/\\\/serbia.com\\\/srpski\\\/posetite-srbiju\\\/prirodne-lepote\\\/banje\\\/bukovicka-banja\\\/#primaryimage\",\"url\":\"https:\\\/\\\/serbia.com\\\/wp-content\\\/uploads\\\/2015\\\/05\\\/bukovickaaa111.jpg\",\"contentUrl\":\"https:\\\/\\\/serbia.com\\\/wp-content\\\/uploads\\\/2015\\\/05\\\/bukovickaaa111.jpg\",\"width\":1600,\"height\":656},{\"@type\":\"BreadcrumbList\",\"@id\":\"https:\\\/\\\/serbia.com\\\/srpski\\\/posetite-srbiju\\\/prirodne-lepote\\\/banje\\\/bukovicka-banja\\\/#breadcrumb\",\"itemListElement\":[{\"@type\":\"ListItem\",\"position\":1,\"name\":\"Home\",\"item\":\"https:\\\/\\\/serbia.com\\\/srpski\\\/\"},{\"@type\":\"ListItem\",\"position\":2,\"name\":\"Poseti Srbiju\",\"item\":\"https:\\\/\\\/serbia.com\\\/srpski\\\/posetite-srbiju\\\/\"},{\"@type\":\"ListItem\",\"position\":3,\"name\":\"Prirodne lepote\",\"item\":\"https:\\\/\\\/serbia.com\\\/srpski\\\/posetite-srbiju\\\/prirodne-lepote\\\/\"},{\"@type\":\"ListItem\",\"position\":4,\"name\":\"Banje\",\"item\":\"https:\\\/\\\/serbia.com\\\/srpski\\\/posetite-srbiju\\\/prirodne-lepote\\\/banje\\\/\"},{\"@type\":\"ListItem\",\"position\":5,\"name\":\"Bukovi\u010dka Banja\"}]},{\"@type\":\"WebSite\",\"@id\":\"https:\\\/\\\/serbia.com\\\/#website\",\"url\":\"https:\\\/\\\/serbia.com\\\/\",\"name\":\"Serbia.com\",\"description\":\"Your Gateway to Serbia\",\"potentialAction\":[{\"@type\":\"SearchAction\",\"target\":{\"@type\":\"EntryPoint\",\"urlTemplate\":\"https:\\\/\\\/serbia.com\\\/?s={search_term_string}\"},\"query-input\":{\"@type\":\"PropertyValueSpecification\",\"valueRequired\":true,\"valueName\":\"search_term_string\"}}],\"inLanguage\":\"srpski\"}]}<\/script>\n<!-- \/ Yoast SEO plugin. -->","yoast_head_json":{"title":"Bukovi\u010dka Banja - Serbia.com","description":"Nekada mondenski centar sve\u010danih balova prire\u0111ivanih u Starom zdanju, Bukovi\u010dka banja je danas zna\u010dajan rehabilitacioni centar sme\u0161ten u pitomom ambijentu park-muzeja skulptura od belog mermera.","robots":{"index":"index","follow":"follow","max-snippet":"max-snippet:-1","max-image-preview":"max-image-preview:large","max-video-preview":"max-video-preview:-1"},"canonical":"https:\/\/serbia.com\/srpski\/posetite-srbiju\/prirodne-lepote\/banje\/bukovicka-banja\/","og_locale":"en_US","og_type":"article","og_title":"Bukovi\u010dka Banja - Serbia.com","og_description":"Nekada mondenski centar sve\u010danih balova prire\u0111ivanih u Starom zdanju, Bukovi\u010dka banja je danas zna\u010dajan rehabilitacioni centar sme\u0161ten u pitomom ambijentu park-muzeja skulptura od belog mermera.","og_url":"https:\/\/serbia.com\/srpski\/posetite-srbiju\/prirodne-lepote\/banje\/bukovicka-banja\/","og_site_name":"Serbia.com","article_modified_time":"2024-10-20T18:02:37+00:00","og_image":[{"width":1600,"height":656,"url":"https:\/\/serbia.com\/wp-content\/uploads\/2015\/05\/bukovickaaa111.jpg","type":"image\/jpeg"}],"twitter_misc":{"Est. reading time":"5 minutes"},"schema":{"@context":"https:\/\/schema.org","@graph":[{"@type":"WebPage","@id":"https:\/\/serbia.com\/srpski\/posetite-srbiju\/prirodne-lepote\/banje\/bukovicka-banja\/","url":"https:\/\/serbia.com\/srpski\/posetite-srbiju\/prirodne-lepote\/banje\/bukovicka-banja\/","name":"Bukovi\u010dka Banja - Serbia.com","isPartOf":{"@id":"https:\/\/serbia.com\/#website"},"primaryImageOfPage":{"@id":"https:\/\/serbia.com\/srpski\/posetite-srbiju\/prirodne-lepote\/banje\/bukovicka-banja\/#primaryimage"},"image":{"@id":"https:\/\/serbia.com\/srpski\/posetite-srbiju\/prirodne-lepote\/banje\/bukovicka-banja\/#primaryimage"},"thumbnailUrl":"https:\/\/serbia.com\/wp-content\/uploads\/2015\/05\/bukovickaaa111.jpg","datePublished":"2014-04-08T13:36:12+00:00","dateModified":"2024-10-20T18:02:37+00:00","description":"Nekada mondenski centar sve\u010danih balova prire\u0111ivanih u Starom zdanju, Bukovi\u010dka banja je danas zna\u010dajan rehabilitacioni centar sme\u0161ten u pitomom ambijentu park-muzeja skulptura od belog mermera.","breadcrumb":{"@id":"https:\/\/serbia.com\/srpski\/posetite-srbiju\/prirodne-lepote\/banje\/bukovicka-banja\/#breadcrumb"},"inLanguage":"srpski","potentialAction":[{"@type":"ReadAction","target":["https:\/\/serbia.com\/srpski\/posetite-srbiju\/prirodne-lepote\/banje\/bukovicka-banja\/"]}]},{"@type":"ImageObject","inLanguage":"srpski","@id":"https:\/\/serbia.com\/srpski\/posetite-srbiju\/prirodne-lepote\/banje\/bukovicka-banja\/#primaryimage","url":"https:\/\/serbia.com\/wp-content\/uploads\/2015\/05\/bukovickaaa111.jpg","contentUrl":"https:\/\/serbia.com\/wp-content\/uploads\/2015\/05\/bukovickaaa111.jpg","width":1600,"height":656},{"@type":"BreadcrumbList","@id":"https:\/\/serbia.com\/srpski\/posetite-srbiju\/prirodne-lepote\/banje\/bukovicka-banja\/#breadcrumb","itemListElement":[{"@type":"ListItem","position":1,"name":"Home","item":"https:\/\/serbia.com\/srpski\/"},{"@type":"ListItem","position":2,"name":"Poseti Srbiju","item":"https:\/\/serbia.com\/srpski\/posetite-srbiju\/"},{"@type":"ListItem","position":3,"name":"Prirodne lepote","item":"https:\/\/serbia.com\/srpski\/posetite-srbiju\/prirodne-lepote\/"},{"@type":"ListItem","position":4,"name":"Banje","item":"https:\/\/serbia.com\/srpski\/posetite-srbiju\/prirodne-lepote\/banje\/"},{"@type":"ListItem","position":5,"name":"Bukovi\u010dka Banja"}]},{"@type":"WebSite","@id":"https:\/\/serbia.com\/#website","url":"https:\/\/serbia.com\/","name":"Serbia.com","description":"Your Gateway to Serbia","potentialAction":[{"@type":"SearchAction","target":{"@type":"EntryPoint","urlTemplate":"https:\/\/serbia.com\/?s={search_term_string}"},"query-input":{"@type":"PropertyValueSpecification","valueRequired":true,"valueName":"search_term_string"}}],"inLanguage":"srpski"}]}},"brizy_media":[],"_links":{"self":[{"href":"https:\/\/serbia.com\/srpski\/wp-json\/wp\/v2\/pages\/24779","targetHints":{"allow":["GET"]}}],"collection":[{"href":"https:\/\/serbia.com\/srpski\/wp-json\/wp\/v2\/pages"}],"about":[{"href":"https:\/\/serbia.com\/srpski\/wp-json\/wp\/v2\/types\/page"}],"author":[{"embeddable":true,"href":"https:\/\/serbia.com\/srpski\/wp-json\/wp\/v2\/users\/9"}],"replies":[{"embeddable":true,"href":"https:\/\/serbia.com\/srpski\/wp-json\/wp\/v2\/comments?post=24779"}],"version-history":[{"count":1,"href":"https:\/\/serbia.com\/srpski\/wp-json\/wp\/v2\/pages\/24779\/revisions"}],"predecessor-version":[{"id":55747,"href":"https:\/\/serbia.com\/srpski\/wp-json\/wp\/v2\/pages\/24779\/revisions\/55747"}],"up":[{"embeddable":true,"href":"https:\/\/serbia.com\/srpski\/wp-json\/wp\/v2\/pages\/20468"}],"wp:featuredmedia":[{"embeddable":true,"href":"https:\/\/serbia.com\/srpski\/wp-json\/wp\/v2\/media\/32999"}],"wp:attachment":[{"href":"https:\/\/serbia.com\/srpski\/wp-json\/wp\/v2\/media?parent=24779"}],"wp:term":[{"taxonomy":"category","embeddable":true,"href":"https:\/\/serbia.com\/srpski\/wp-json\/wp\/v2\/categories?post=24779"},{"taxonomy":"post_tag","embeddable":true,"href":"https:\/\/serbia.com\/srpski\/wp-json\/wp\/v2\/tags?post=24779"}],"curies":[{"name":"wp","href":"https:\/\/api.w.org\/{rel}","templated":true}]}}