{"id":24775,"date":"2014-04-08T15:34:59","date_gmt":"2014-04-08T13:34:59","guid":{"rendered":"http:\/\/www.serbia.com\/?page_id=24775"},"modified":"2024-10-20T20:01:13","modified_gmt":"2024-10-20T18:01:13","slug":"selters-banja","status":"publish","type":"page","link":"https:\/\/serbia.com\/srpski\/posetite-srbiju\/prirodne-lepote\/banje\/selters-banja\/","title":{"rendered":"Selters Banja"},"content":{"rendered":"<h4>Selters Banja<strong>,<\/strong> \u010dija se voda fla\u0161ira od davne 1900. godine i koja se u to vreme mogla na\u0107i u apotekama u Francuskoj, Nema\u010dkoj i Belgiji kao izrazito lekovita, oduvek je privla\u010dila posetioce u mali banjski raj pod planinom Kosmaj.<\/h4>\n<p>U isto\u010dnom podno\u017eju planine Kosmaj koji se poput ostrva izdi\u017ee nad <strong>\u0160umadijom<\/strong> le\u017ei grad Mladenovac i pokraj njega banja Selters. Ime je, zahvaljuju\u0107i sli\u010dnim svojstvima, dobila po \u010duvenoj mineralnoj vodi i izvoru \u201eSelters\u201c u gorju Taunus u blizini nema\u010dkog grada Frankfurta.<\/p>\n<p>Najve\u0107e blago ove relativno \u201emlade\u201c banje predstavljaju <strong>dva izvora tople mineralne vode<\/strong> koja ne samo \u0161to je ime dobila po slavnom nema\u010dkom banjskom le\u010dili\u0161tu, ve\u0107 se po svojim jedinstvenim i <strong>izuzetno lekovitim svojstvima<\/strong> poredi sa najpoznatijom vodom te vrste u svetu \u2013 izvorom u Emsu u Nema\u010dkoj, kao i drugim \u010duvenim izvorima i vodama Francuske i Nema\u010dke.<\/p>\n<p>Lekovita voda, poznata i kao <strong>\u201eSrpski Selters\u201c<\/strong>, izvire na ina\u010de bogatom izvorskom podru\u010dju blagih obronaka ostrvske planine <a href=\"https:\/\/serbia.com\/srpski\/planinska-avantura-na-kosmaju-ideje-za-obilaske-aktivnosti-i-odmor\/\"><strong>Kosmaj<\/strong><\/a>. Ovaj predeo izuzetnih prirodnih odlika, umerene i prijatne klime zahvaljuju\u0107i jedinstvenoj ru\u017ei vetrova i \u010distom vazduhu koji je bogat ozonom, \u010dini centar malog banjskog uto\u010di\u0161ta u samom srcu \u0160umadije.<\/p>\n<p>Mineralni izvori prona\u0111eni su na tlu dana\u0161nje banje Selters <strong>krajem XIX veka, na dubini od 239 metara<\/strong>. Do njih se do\u0161lo sasvim slu\u010dajno \u2013 prilikom bu\u0161enja arte\u0161kog bunara za pojenje stoke na seoskom imanju jednog bogatog trgovca.<\/p>\n<p><img loading=\"lazy\" decoding=\"async\" class=\"aligncenter wp-image-32952\" src=\"http:\/\/www.serbia.com\/wp-content\/uploads\/2014\/04\/seltersica1.jpg\" alt=\"seltersica1\" width=\"800\" height=\"502\" srcset=\"https:\/\/serbia.com\/wp-content\/uploads\/2014\/04\/seltersica1.jpg 700w, https:\/\/serbia.com\/wp-content\/uploads\/2014\/04\/seltersica1-300x188.jpg 300w\" sizes=\"(max-width: 800px) 100vw, 800px\" \/><\/p>\n<p>Ova voda brzo se pokazala kao izuzetno lekovita pa je Selters banja bele\u017eila posetu od 2.000 gostiju u vreme kada je obli\u017enji Mladenovac imao svega 1.000 stanovnika. Izgradnja kupatila, fla\u0161iranje vode i njen izvoz u evropske zemlje po\u010deli su ubrzo nakon otkri\u0107a izvora.<\/p>\n<p>Isprva malo le\u010dili\u0161te, banja Selters se 60-tih godina pro\u0161log veka ubrzano razvila u zna\u010dajan centar. Tada su izgra\u0111eni novi otvoreni bazen i prostrani \u010detinarski park sa cvetnim alejama, dekorativnim rastinjem i divnim stazama za \u0161etnju.<\/p>\n<p><strong>Selters je danas savremeni banjski i rehabilitacioni kompleks<\/strong> koji nudi sve pogodnosti odmora, relaksacije i oporavka. U njegovoj neposrednoj blizini, na svega 1,5 km, nalazi se u\u017ei centar Mladenovca, pa nakon kra\u0107e \u0161etnje mo\u017eete upoznati i ovu srpsku varo\u0161.<\/p>\n<p>U okviru banje posetiocima se na raspolaganju nalazi savremeni rehabilitacioni centar za dijagnostiku i terapiju pacijenata, zatvoreni bazen, kupatilo sa kadama i kupkama u Selters mineralnoj vodi.<\/p>\n<p>Selters voda se koristi uspe\u0161no u le\u010denju bolesti disajnih organa (bronhitis, laringitis), hroni\u010dnih oboljenja \u017eeluca i creva (gastritis i kolitis), hroni\u010dnih oboljenja jetre i \u017eu\u010dnih puteva (hepatitis), hroni\u010dnih oboljenja mokra\u0107nih puteva, sr\u010danih oboljenja, kao i lake hipertenzije, oboljenja perifernih krvnih sudova i posttraumatskih stanja.<\/p>\n<p>Terapija se vr\u0161i pijenjem vode, kupkama i inhalacijom. Banja poseduje dva izvora bistrih toplih voda slankastog ukusa. Ova voda se i fla\u0161ira i preporu\u010duje za pi\u0107e tokom napornog rada.<\/p>\n<p>Boravak gostiju u banji Selters upotpuni\u0107e blizina <a href=\"https:\/\/serbia.com\/srpski\/planinska-avantura-na-kosmaju-ideje-za-obilaske-aktivnosti-i-odmor\/\"><strong>Kosmaja<\/strong><\/a>, omiljenog izleti\u0161ta Mladenov\u010dana i Beogra\u0111ana, dok \u0107e prijatna \u0161etnja kroz park-\u0161umu otkriti tri \u201cskrivena\u201d manastira \u2013 <strong>Pavlovac<\/strong>, <strong>Tresije<\/strong> i <strong>Kasteljan<\/strong>.<\/p>\n<p>Veliki broj sun\u010danih dana obradova\u0107e i sve one \u017eeljne aktivnijeg odmora. Na svega 6 km od Mladenovca nalazi se <strong>Markova\u010dko jezero<\/strong> bogato ribom, sme\u0161teno u prijatnom mirisnom ambijentu hrastove \u0161ume. Ovde \u0107e se svi pasionirani pecaro\u0161i radovati bogatom ulovu.<\/p>\n<p>Nakon predaha u banji uputite se ka <strong>Topoli<\/strong> i <a href=\"http:\/\/www.serbia.com\/srpski\/posetite-srbiju\/prirodne-lepote\/jedinstvena-priroda\/oplenac-a-fertile-hillside-of-a-serbian-history\/\" target=\"_blank\" rel=\"noopener\"><strong>Oplencu<\/strong><\/a> i posetite Mauzolej dinastije Kara\u0111or\u0111evi\u0107 tj. <a href=\"http:\/\/www.serbia.com\/srpski\/posetite-srbiju\/kulturne-atrakcije\/manastiri-i-crkve\/karadordev-konak-i-crkva-na-oplencu\/\" target=\"_blank\" rel=\"noopener\"><strong>crkvu Svetog \u0110or\u0111a<\/strong><\/a>, <a href=\"http:\/\/www.serbia.com\/srpski\/posetite-srbiju\/kulturne-atrakcije\/manastiri-i-crkve\/karadordev-konak-i-crkva-na-oplencu\/\" target=\"_blank\" rel=\"noopener\"><strong>Kara\u0111or\u0111ev grad<\/strong><\/a> i <strong>ku\u0107u kralja Petra I Kara\u0111or\u0111evi\u0107a<\/strong>.<\/p>\n<p>A budu\u0107i da se nalazite u bogatom vinogradarskom kraju, <strong>probajte \u010da\u0161icu kvalitetnih vina iz nekog od podruma u Topoli<\/strong>. Kao \u0161to je poznato \u010da\u0161ica crnog vina ja\u010da duh i telo, pa \u0107e vam uz vodu iz banje Selters dati novu sve\u017einu i poseban elan.<\/p>\n<h4>Kako do\u0107i?<\/h4>\n<p>Mladenovac i Selters banja dobro su povezani sa <a href=\"http:\/\/www.serbia.com\/srpski\/posetite-srbiju\/gradovi\/beograd\/\" target=\"_blank\" rel=\"noopener\">Beogradom<\/a>, <a href=\"http:\/\/www.serbia.com\/srpski\/posetite-srbiju\/gradovi\/kragujevac-zavicaj-moderne-srbije\/\" target=\"_blank\" rel=\"noopener\">Kragujevcem<\/a>, <a href=\"http:\/\/www.serbia.com\/srpski\/posetite-srbiju\/gradovi\/smederevo-grad-sa-dusom-u-tvrdavi\/\" target=\"_blank\" rel=\"noopener\">Smederevom<\/a> i Smederevskom Palankom putevima i \u017eeleznicom.<\/p>\n<p>Banja se nalazi 46 km od Beograda, na putu Beograd \u2013 Kragujevac. Najbr\u017ee se sti\u017ee autoputem E-75 sa kojeg se isklju\u010dujete na lokalni put M23 nakon 15 km od Beograda, kod benzinske pumpe Nis-a.<\/p>\n<p>Od Kragujevca banja je udaljena 64 km, od Topole 25 km, Aran\u0111elovca 25 km, Smedereva 38 km.<\/p>\n<p>Ukoliko se odlu\u010dite za dolazak autobusom, redovni autobuski polasci za Mladenovac postoje iz svih ve\u0107ih gradova u Srbiji.<\/p>\n<p>Tako\u0111e do Mladenovca mo\u017eete do\u0107i i \u017eeleznicom budu\u0107i da se grad nalazi na glavnoj pruzi Beograd \u2013 Sofija i Beograd \u2013 Atina preko Ni\u0161a.<\/p>\n<p>Fotografije: www.tom.co.rs<\/p>\n","protected":false},"excerpt":{"rendered":"<p>Selters Banja, \u010dija se voda fla\u0161ira od davne 1900. godine i koja se u to vreme mogla na\u0107i u apotekama u Francuskoj, Nema\u010dkoj i Belgiji kao izrazito lekovita, oduvek je [&hellip;]<\/p>\n","protected":false},"author":9,"featured_media":32942,"parent":20468,"menu_order":0,"comment_status":"closed","ping_status":"closed","template":"","meta":{"_acf_changed":false,"inline_featured_image":false,"_monsterinsights_skip_tracking":false,"_monsterinsights_sitenote_active":false,"_monsterinsights_sitenote_note":"","_monsterinsights_sitenote_category":0,"footnotes":""},"categories":[1657],"tags":[],"class_list":["post-24775","page","type-page","status-publish","has-post-thumbnail","hentry","category-banje"],"acf":[],"yoast_head":"<!-- This site is optimized with the Yoast SEO plugin v23.8 - https:\/\/yoast.com\/wordpress\/plugins\/seo\/ -->\n<title>Selters Banja<\/title>\n<meta name=\"description\" content=\"Selters Banja, \u010dija se voda fla\u0161ira od davne 1900. godine i koja se u to vreme mogla na\u0107i u apotekama u Francuskoj, Nema\u010dkoj i Belgiji kao izrazito lekovita, oduvek je privla\u010dila posetioce u mali banjski raj pod planinom Kosmaj.\" \/>\n<meta name=\"robots\" content=\"index, follow, max-snippet:-1, max-image-preview:large, max-video-preview:-1\" \/>\n<link rel=\"canonical\" href=\"https:\/\/serbia.com\/srpski\/posetite-srbiju\/prirodne-lepote\/banje\/selters-banja\/\" \/>\n<meta property=\"og:locale\" content=\"en_US\" \/>\n<meta property=\"og:type\" content=\"article\" \/>\n<meta property=\"og:title\" content=\"Selters Banja\" \/>\n<meta property=\"og:description\" content=\"Selters Banja, \u010dija se voda fla\u0161ira od davne 1900. godine i koja se u to vreme mogla na\u0107i u apotekama u Francuskoj, Nema\u010dkoj i Belgiji kao izrazito lekovita, oduvek je privla\u010dila posetioce u mali banjski raj pod planinom Kosmaj.\" \/>\n<meta property=\"og:url\" content=\"https:\/\/serbia.com\/srpski\/posetite-srbiju\/prirodne-lepote\/banje\/selters-banja\/\" \/>\n<meta property=\"og:site_name\" content=\"Serbia.com\" \/>\n<meta property=\"article:modified_time\" content=\"2024-10-20T18:01:13+00:00\" \/>\n<meta property=\"og:image\" content=\"https:\/\/serbia.com\/wp-content\/uploads\/2015\/05\/selters111-e1717062060594.jpg\" \/>\n\t<meta property=\"og:image:width\" content=\"1025\" \/>\n\t<meta property=\"og:image:height\" content=\"493\" \/>\n\t<meta property=\"og:image:type\" content=\"image\/jpeg\" \/>\n<meta name=\"twitter:label1\" content=\"Est. reading time\" \/>\n\t<meta name=\"twitter:data1\" content=\"4 minutes\" \/>\n<script type=\"application\/ld+json\" class=\"yoast-schema-graph\">{\"@context\":\"https:\/\/schema.org\",\"@graph\":[{\"@type\":\"WebPage\",\"@id\":\"https:\/\/serbia.com\/srpski\/posetite-srbiju\/prirodne-lepote\/banje\/selters-banja\/\",\"url\":\"https:\/\/serbia.com\/srpski\/posetite-srbiju\/prirodne-lepote\/banje\/selters-banja\/\",\"name\":\"Selters Banja\",\"isPartOf\":{\"@id\":\"https:\/\/serbia.com\/#website\"},\"primaryImageOfPage\":{\"@id\":\"https:\/\/serbia.com\/srpski\/posetite-srbiju\/prirodne-lepote\/banje\/selters-banja\/#primaryimage\"},\"image\":{\"@id\":\"https:\/\/serbia.com\/srpski\/posetite-srbiju\/prirodne-lepote\/banje\/selters-banja\/#primaryimage\"},\"thumbnailUrl\":\"https:\/\/serbia.com\/wp-content\/uploads\/2015\/05\/selters111-e1717062060594.jpg\",\"datePublished\":\"2014-04-08T13:34:59+00:00\",\"dateModified\":\"2024-10-20T18:01:13+00:00\",\"description\":\"Selters Banja, \u010dija se voda fla\u0161ira od davne 1900. godine i koja se u to vreme mogla na\u0107i u apotekama u Francuskoj, Nema\u010dkoj i Belgiji kao izrazito lekovita, oduvek je privla\u010dila posetioce u mali banjski raj pod planinom Kosmaj.\",\"breadcrumb\":{\"@id\":\"https:\/\/serbia.com\/srpski\/posetite-srbiju\/prirodne-lepote\/banje\/selters-banja\/#breadcrumb\"},\"inLanguage\":\"srpski\",\"potentialAction\":[{\"@type\":\"ReadAction\",\"target\":[\"https:\/\/serbia.com\/srpski\/posetite-srbiju\/prirodne-lepote\/banje\/selters-banja\/\"]}]},{\"@type\":\"ImageObject\",\"inLanguage\":\"srpski\",\"@id\":\"https:\/\/serbia.com\/srpski\/posetite-srbiju\/prirodne-lepote\/banje\/selters-banja\/#primaryimage\",\"url\":\"https:\/\/serbia.com\/wp-content\/uploads\/2015\/05\/selters111-e1717062060594.jpg\",\"contentUrl\":\"https:\/\/serbia.com\/wp-content\/uploads\/2015\/05\/selters111-e1717062060594.jpg\",\"width\":1025,\"height\":493},{\"@type\":\"BreadcrumbList\",\"@id\":\"https:\/\/serbia.com\/srpski\/posetite-srbiju\/prirodne-lepote\/banje\/selters-banja\/#breadcrumb\",\"itemListElement\":[{\"@type\":\"ListItem\",\"position\":1,\"name\":\"Home\",\"item\":\"https:\/\/serbia.com\/srpski\/\"},{\"@type\":\"ListItem\",\"position\":2,\"name\":\"Poseti Srbiju\",\"item\":\"https:\/\/serbia.com\/srpski\/posetite-srbiju\/\"},{\"@type\":\"ListItem\",\"position\":3,\"name\":\"Prirodne lepote\",\"item\":\"https:\/\/serbia.com\/srpski\/posetite-srbiju\/prirodne-lepote\/\"},{\"@type\":\"ListItem\",\"position\":4,\"name\":\"Banje\",\"item\":\"https:\/\/serbia.com\/srpski\/posetite-srbiju\/prirodne-lepote\/banje\/\"},{\"@type\":\"ListItem\",\"position\":5,\"name\":\"Selters Banja\"}]},{\"@type\":\"WebSite\",\"@id\":\"https:\/\/serbia.com\/#website\",\"url\":\"https:\/\/serbia.com\/\",\"name\":\"Serbia.com\",\"description\":\"Your Gateway to Serbia\",\"potentialAction\":[{\"@type\":\"SearchAction\",\"target\":{\"@type\":\"EntryPoint\",\"urlTemplate\":\"https:\/\/serbia.com\/?s={search_term_string}\"},\"query-input\":{\"@type\":\"PropertyValueSpecification\",\"valueRequired\":true,\"valueName\":\"search_term_string\"}}],\"inLanguage\":\"srpski\"}]}<\/script>\n<!-- \/ Yoast SEO plugin. -->","yoast_head_json":{"title":"Selters Banja","description":"Selters Banja, \u010dija se voda fla\u0161ira od davne 1900. godine i koja se u to vreme mogla na\u0107i u apotekama u Francuskoj, Nema\u010dkoj i Belgiji kao izrazito lekovita, oduvek je privla\u010dila posetioce u mali banjski raj pod planinom Kosmaj.","robots":{"index":"index","follow":"follow","max-snippet":"max-snippet:-1","max-image-preview":"max-image-preview:large","max-video-preview":"max-video-preview:-1"},"canonical":"https:\/\/serbia.com\/srpski\/posetite-srbiju\/prirodne-lepote\/banje\/selters-banja\/","og_locale":"en_US","og_type":"article","og_title":"Selters Banja","og_description":"Selters Banja, \u010dija se voda fla\u0161ira od davne 1900. godine i koja se u to vreme mogla na\u0107i u apotekama u Francuskoj, Nema\u010dkoj i Belgiji kao izrazito lekovita, oduvek je privla\u010dila posetioce u mali banjski raj pod planinom Kosmaj.","og_url":"https:\/\/serbia.com\/srpski\/posetite-srbiju\/prirodne-lepote\/banje\/selters-banja\/","og_site_name":"Serbia.com","article_modified_time":"2024-10-20T18:01:13+00:00","og_image":[{"width":1025,"height":493,"url":"https:\/\/serbia.com\/wp-content\/uploads\/2015\/05\/selters111-e1717062060594.jpg","type":"image\/jpeg"}],"twitter_misc":{"Est. reading time":"4 minutes"},"schema":{"@context":"https:\/\/schema.org","@graph":[{"@type":"WebPage","@id":"https:\/\/serbia.com\/srpski\/posetite-srbiju\/prirodne-lepote\/banje\/selters-banja\/","url":"https:\/\/serbia.com\/srpski\/posetite-srbiju\/prirodne-lepote\/banje\/selters-banja\/","name":"Selters Banja","isPartOf":{"@id":"https:\/\/serbia.com\/#website"},"primaryImageOfPage":{"@id":"https:\/\/serbia.com\/srpski\/posetite-srbiju\/prirodne-lepote\/banje\/selters-banja\/#primaryimage"},"image":{"@id":"https:\/\/serbia.com\/srpski\/posetite-srbiju\/prirodne-lepote\/banje\/selters-banja\/#primaryimage"},"thumbnailUrl":"https:\/\/serbia.com\/wp-content\/uploads\/2015\/05\/selters111-e1717062060594.jpg","datePublished":"2014-04-08T13:34:59+00:00","dateModified":"2024-10-20T18:01:13+00:00","description":"Selters Banja, \u010dija se voda fla\u0161ira od davne 1900. godine i koja se u to vreme mogla na\u0107i u apotekama u Francuskoj, Nema\u010dkoj i Belgiji kao izrazito lekovita, oduvek je privla\u010dila posetioce u mali banjski raj pod planinom Kosmaj.","breadcrumb":{"@id":"https:\/\/serbia.com\/srpski\/posetite-srbiju\/prirodne-lepote\/banje\/selters-banja\/#breadcrumb"},"inLanguage":"srpski","potentialAction":[{"@type":"ReadAction","target":["https:\/\/serbia.com\/srpski\/posetite-srbiju\/prirodne-lepote\/banje\/selters-banja\/"]}]},{"@type":"ImageObject","inLanguage":"srpski","@id":"https:\/\/serbia.com\/srpski\/posetite-srbiju\/prirodne-lepote\/banje\/selters-banja\/#primaryimage","url":"https:\/\/serbia.com\/wp-content\/uploads\/2015\/05\/selters111-e1717062060594.jpg","contentUrl":"https:\/\/serbia.com\/wp-content\/uploads\/2015\/05\/selters111-e1717062060594.jpg","width":1025,"height":493},{"@type":"BreadcrumbList","@id":"https:\/\/serbia.com\/srpski\/posetite-srbiju\/prirodne-lepote\/banje\/selters-banja\/#breadcrumb","itemListElement":[{"@type":"ListItem","position":1,"name":"Home","item":"https:\/\/serbia.com\/srpski\/"},{"@type":"ListItem","position":2,"name":"Poseti Srbiju","item":"https:\/\/serbia.com\/srpski\/posetite-srbiju\/"},{"@type":"ListItem","position":3,"name":"Prirodne lepote","item":"https:\/\/serbia.com\/srpski\/posetite-srbiju\/prirodne-lepote\/"},{"@type":"ListItem","position":4,"name":"Banje","item":"https:\/\/serbia.com\/srpski\/posetite-srbiju\/prirodne-lepote\/banje\/"},{"@type":"ListItem","position":5,"name":"Selters Banja"}]},{"@type":"WebSite","@id":"https:\/\/serbia.com\/#website","url":"https:\/\/serbia.com\/","name":"Serbia.com","description":"Your Gateway to Serbia","potentialAction":[{"@type":"SearchAction","target":{"@type":"EntryPoint","urlTemplate":"https:\/\/serbia.com\/?s={search_term_string}"},"query-input":{"@type":"PropertyValueSpecification","valueRequired":true,"valueName":"search_term_string"}}],"inLanguage":"srpski"}]}},"_links":{"self":[{"href":"https:\/\/serbia.com\/srpski\/wp-json\/wp\/v2\/pages\/24775"}],"collection":[{"href":"https:\/\/serbia.com\/srpski\/wp-json\/wp\/v2\/pages"}],"about":[{"href":"https:\/\/serbia.com\/srpski\/wp-json\/wp\/v2\/types\/page"}],"author":[{"embeddable":true,"href":"https:\/\/serbia.com\/srpski\/wp-json\/wp\/v2\/users\/9"}],"replies":[{"embeddable":true,"href":"https:\/\/serbia.com\/srpski\/wp-json\/wp\/v2\/comments?post=24775"}],"version-history":[{"count":2,"href":"https:\/\/serbia.com\/srpski\/wp-json\/wp\/v2\/pages\/24775\/revisions"}],"predecessor-version":[{"id":55745,"href":"https:\/\/serbia.com\/srpski\/wp-json\/wp\/v2\/pages\/24775\/revisions\/55745"}],"up":[{"embeddable":true,"href":"https:\/\/serbia.com\/srpski\/wp-json\/wp\/v2\/pages\/20468"}],"wp:featuredmedia":[{"embeddable":true,"href":"https:\/\/serbia.com\/srpski\/wp-json\/wp\/v2\/media\/32942"}],"wp:attachment":[{"href":"https:\/\/serbia.com\/srpski\/wp-json\/wp\/v2\/media?parent=24775"}],"wp:term":[{"taxonomy":"category","embeddable":true,"href":"https:\/\/serbia.com\/srpski\/wp-json\/wp\/v2\/categories?post=24775"},{"taxonomy":"post_tag","embeddable":true,"href":"https:\/\/serbia.com\/srpski\/wp-json\/wp\/v2\/tags?post=24775"}],"curies":[{"name":"wp","href":"https:\/\/api.w.org\/{rel}","templated":true}]}}