{"id":24754,"date":"2014-04-08T15:01:16","date_gmt":"2014-04-08T13:01:16","guid":{"rendered":"http:\/\/www.serbia.com\/?page_id=24754"},"modified":"2024-10-20T19:59:31","modified_gmt":"2024-10-20T17:59:31","slug":"niska-banja","status":"publish","type":"page","link":"https:\/\/serbia.com\/srpski\/posetite-srbiju\/prirodne-lepote\/banje\/niska-banja\/","title":{"rendered":"Ni\u0161ka banja"},"content":{"rendered":"<h4>Lekovite vode sa pet izvora Ni\u0161ke Banje, za koje su znali jo\u0161 u doba Rimljana, predstavljaju idealno mesto za odmor, rekreaciju i le\u010denje.<\/h4>\n<p>Ni\u0161ka Banja se nalazi na svega 9 kilometara od <a href=\"http:\/\/www.serbia.com\/srpski\/posetite-srbiju\/gradovi\/nis\/\" target=\"_blank\" rel=\"noopener\">Ni\u0161a<\/a>, <strong>u podno\u017eju Suve planine<\/strong>. Na prostorima banje prona\u0111eni su ostaci neolitske civilizacije iz 3.300 godine pre nove ere. U anti\u010dko doba, Ni\u0161ka Banja je bila blagodetno mesto i le\u010dili\u0161te, a u samoj banji i danas se nalaze ostaci iz tog perioda \u2013 <strong>rimsko kupatilo sa dva bazena ukra\u0161ena bogatim mozaicima<\/strong>.<\/p>\n<p>U prilog \u010dinjenici da je mineralna voda u Ni\u0161koj Banji izuzetno lekovita govori i podatak da je voda iz banje dopremana u terme i bazene u Medijani, luksuznu rezidenciju rimskih careva iz doba <strong>Konstantina Velikog<\/strong>. Tokom otomanskog perioda Ni\u0161ka Banja je bila odmarali\u0161te sultana<strong> Sulejmana<\/strong>.<\/p>\n<figure id=\"attachment_32928\" aria-describedby=\"caption-attachment-32928\" style=\"width: 225px\" class=\"wp-caption alignleft\"><img loading=\"lazy\" decoding=\"async\" class=\"wp-image-32928 size-medium\" src=\"http:\/\/www.serbia.com\/wp-content\/uploads\/2014\/04\/Ni\u0161ka_Banja_vodopad1-225x300.jpg\" alt=\"Ni\u0161ka_Banja_vodopad1\" width=\"225\" height=\"300\" srcset=\"https:\/\/serbia.com\/wp-content\/uploads\/2014\/04\/Ni\u0161ka_Banja_vodopad1-225x300.jpg 225w, https:\/\/serbia.com\/wp-content\/uploads\/2014\/04\/Ni\u0161ka_Banja_vodopad1.jpg 640w\" sizes=\"auto, (max-width: 225px) 100vw, 225px\" \/><figcaption id=\"caption-attachment-32928\" class=\"wp-caption-text\">Ni\u0161ka Banja, vodopad<\/figcaption><\/figure>\n<p>Na \u0161umovitim obroncima<strong> Koritnjaka<\/strong> u prostranom zelenilu istoimene park-\u0161ume posetite idealno mesto za odmor, rekreaciju i le\u010denje. Prirodni lekoviti faktori u banji su: blaga, umereno-kontinentalna klima, termomineralne vode i prirodno mineralno blato. Lekovite vode, koje izviru sa pet mineralnih izvora, pripadaju grupi zemnoalkalnih homeotermi (36-38 stepeni Celzijusa), blago mineralizovanih.<\/p>\n<p>Poznata od davnina, Ni\u0161ka Banja danas predstavlja <strong>popularnu destinaciju<\/strong> brojnih posetilaca iz zemlje i sveta upravo zbog svojih blagodetnih dejstava klime i lekovite vode. Ovo je poznato le\u010dili\u0161te, potpuno opremljeno za dijagnostiku, le\u010denje i rehabilitaciju mnogih bolesti, pre svega reumatskih i kardiovaskularnih oboljenja.<\/p>\n<p>Ni\u0161ka Banja je preporuka svih medicinskih stru\u010dnjaka u okviru rehabilitacije nakon operativnog le\u010denja i postraumatskih stanja. <strong>Blago mineralizovane termomineralne vode i prirodno mineralno blato,<\/strong> najve\u0107e su blago ovog mesta. Najpoznatiji izvori u Ni\u0161koj Banji su: <strong>Glavno vrelo<\/strong>, <strong>Suva Banja<\/strong>, <strong>\u0160kolska \u010desma<\/strong>, <strong>Banjica<\/strong> i <strong>Pasja\u010da<\/strong>.<\/p>\n<p>Pored zdravstvenog, u banji je vrlo razvijen i rekreativni turizam. Posetiocima su dostupni tereni za tenis, ko\u0161arku, rukomet, mali fudbal, a za one malo hrabrije, tu je i paraglajding. U Ni\u0161koj Banji se svake godine odr\u017eava takmi\u010denje u <a href=\"http:\/\/www.serbia.com\/srpski\/posetite-srbiju\/provedi-se\/ekstremni-sport\/paraglajding-tako-blizu-sna-o-letenju\/\" target=\"_blank\" rel=\"noopener\">paraglajdingu<\/a>.<\/p>\n<p>Zbog povoljnih uslova banja je sve \u010de\u0161\u0107e i mesto odr\u017eavanja priprema profesinalnih sportista. Ukoliko ovde dolazite radi odmora, mo\u017eete u\u017eivati i u brojnim izletima i posetama kulturno-istorijskim spomenicima \u2013 <strong>Medijana, <a href=\"http:\/\/www.serbia.com\/srpski\/niska-tvrdava-postaje-svetski-poznata-atrakcija\/\" target=\"_blank\" rel=\"noopener\">Ni\u0161ka tvr\u0111ava<\/a>, \u0106ele-kula, <a href=\"http:\/\/www.serbia.com\/srpski\/bitka-na-cegru-jedan-metak-i-cena-pobede-2\/\">\u010cegar<\/a><\/strong>.<\/p>\n<p>Banja je okru\u017eena brojnim prirodnim lepotama, stoga ne smete propustiti ni izlete do <strong>Si\u0107eva\u010dke klisure<\/strong> \u2013 kanjona reke <strong>Ni\u0161ave<\/strong> i <strong>Jela\u0161ni\u010dke klisure<\/strong>, posebnog rezervata prirode.<\/p>\n<p>Tokom letnjeg perioda morate se uputiti put Ni\u0161ke Banje kako biste prisustvovali \u010duvenom <strong>Kulturnom letu<\/strong>, manifestaciji koja objedinjuje brojna de\u0161avanja na Letnjoj pozornici u ovom mestu.<\/p>\n<h4>Kako do\u0107i do banje lekovitih voda?<\/h4>\n<p>Ni\u0161ka Banja se nalazi na jugoistoku Srbije, pored magistralnog pravca Ni\u0161-Sofija. Udaljena je 10 km od Ni\u0161a i 250 km od <a href=\"http:\/\/www.serbia.com\/srpski\/posetite-srbiju\/gradovi\/beograd\/\" target=\"_blank\" rel=\"noopener\">Beograda<\/a>.<\/p>\n<p>Iz ve\u0107ih <a href=\"http:\/\/www.serbia.com\/srpski\/posetite-srbiju\/gradovi\/\" target=\"_blank\" rel=\"noopener\">gradova Srbije<\/a> postoje direktni autobuski polasci za Ni\u0161ku Banju, ali su mnogo \u010de\u0161\u0107i polasci do Ni\u0161a.<\/p>\n<p>Iz Ni\u0161a je mogu\u0107e uzeti taksi prevoz (cena vo\u017enje oko 600 din), ili lokalni autobus \u2013 Linija 1 Minovo naselje \u2013 Ni\u0161ka Banja koji mo\u017eete sa\u010dekati u centru grada, preko puta hotela \u201cAmbasador\u201d.<\/p>\n<p>Tako\u0111e, do Ni\u0161a se mo\u017ee do\u0107i i \u017eeleznicom.<\/p>\n<h4>Kada ste ve\u0107 ovde, ne propustite\u2026<\/h4>\n<p>Pretpostavljamo da u Banju odlazite na pravi odmor ili rehabilitaciju, ali kako odoleti \u010darima <a href=\"http:\/\/www.serbia.com\/srpski\/posetite-srbiju\/gradovi\/nis\/\" target=\"_blank\" rel=\"noopener\"><strong>Ni\u0161a<\/strong><\/a>?<\/p>\n<p>Ne propustite \u0161etnju od tvr\u0111ave do \u201cKazand\u017eijskog soka\u010deta\u201d kao ni <strong><a href=\"http:\/\/www.serbia.com\/srpski\/o-srbiji\/tradicionalna-kuhinja\/\" target=\"_blank\" rel=\"noopener\">tradicionalnu kuhinju<\/a><\/strong> i ju\u017enja\u010di ru\u010dak uz nezaobilazni ro\u0161tilj, a probajte i ni\u0161ki <strong><a href=\"http:\/\/www.serbia.com\/srpski\/burek-najpopularniji-dorucak-u-srbiji\/\" target=\"_blank\" rel=\"noopener\">burek<\/a><\/strong>.<\/p>\n","protected":false},"excerpt":{"rendered":"<p>Lekovite vode sa pet izvora Ni\u0161ke Banje, za koje su znali jo\u0161 u doba Rimljana, predstavljaju idealno mesto za odmor, rekreaciju i le\u010denje. Ni\u0161ka Banja se nalazi na svega 9 [&hellip;]<\/p>\n","protected":false},"author":9,"featured_media":52967,"parent":20468,"menu_order":0,"comment_status":"closed","ping_status":"closed","template":"","meta":{"_acf_changed":false,"inline_featured_image":false,"_monsterinsights_skip_tracking":false,"_monsterinsights_sitenote_active":false,"_monsterinsights_sitenote_note":"","_monsterinsights_sitenote_category":0,"footnotes":""},"categories":[1657],"tags":[],"class_list":["post-24754","page","type-page","status-publish","has-post-thumbnail","hentry","category-banje"],"acf":[],"yoast_head":"<!-- This site is optimized with the Yoast SEO plugin v27.4 - https:\/\/yoast.com\/product\/yoast-seo-wordpress\/ -->\n<title>Ni\u0161ka banja - Serbia.com<\/title>\n<meta name=\"robots\" content=\"index, follow, max-snippet:-1, max-image-preview:large, max-video-preview:-1\" \/>\n<link rel=\"canonical\" href=\"https:\/\/serbia.com\/srpski\/posetite-srbiju\/prirodne-lepote\/banje\/niska-banja\/\" \/>\n<meta property=\"og:locale\" content=\"en_US\" \/>\n<meta property=\"og:type\" content=\"article\" \/>\n<meta property=\"og:title\" content=\"Ni\u0161ka banja - Serbia.com\" \/>\n<meta property=\"og:description\" content=\"Lekovite vode sa pet izvora Ni\u0161ke Banje, za koje su znali jo\u0161 u doba Rimljana, predstavljaju idealno mesto za odmor, rekreaciju i le\u010denje. Ni\u0161ka Banja se nalazi na svega 9 [&hellip;]\" \/>\n<meta property=\"og:url\" content=\"https:\/\/serbia.com\/srpski\/posetite-srbiju\/prirodne-lepote\/banje\/niska-banja\/\" \/>\n<meta property=\"og:site_name\" content=\"Serbia.com\" \/>\n<meta property=\"article:modified_time\" content=\"2024-10-20T17:59:31+00:00\" \/>\n<meta property=\"og:image\" content=\"https:\/\/serbia.com\/wp-content\/uploads\/2024\/05\/Niska-banja-2.jpg\" \/>\n\t<meta property=\"og:image:width\" content=\"1400\" \/>\n\t<meta property=\"og:image:height\" content=\"1000\" \/>\n\t<meta property=\"og:image:type\" content=\"image\/jpeg\" \/>\n<meta name=\"twitter:label1\" content=\"Est. reading time\" \/>\n\t<meta name=\"twitter:data1\" content=\"3 minutes\" \/>\n<script type=\"application\/ld+json\" class=\"yoast-schema-graph\">{\"@context\":\"https:\\\/\\\/schema.org\",\"@graph\":[{\"@type\":\"WebPage\",\"@id\":\"https:\\\/\\\/serbia.com\\\/srpski\\\/posetite-srbiju\\\/prirodne-lepote\\\/banje\\\/niska-banja\\\/\",\"url\":\"https:\\\/\\\/serbia.com\\\/srpski\\\/posetite-srbiju\\\/prirodne-lepote\\\/banje\\\/niska-banja\\\/\",\"name\":\"Ni\u0161ka banja - Serbia.com\",\"isPartOf\":{\"@id\":\"https:\\\/\\\/serbia.com\\\/#website\"},\"primaryImageOfPage\":{\"@id\":\"https:\\\/\\\/serbia.com\\\/srpski\\\/posetite-srbiju\\\/prirodne-lepote\\\/banje\\\/niska-banja\\\/#primaryimage\"},\"image\":{\"@id\":\"https:\\\/\\\/serbia.com\\\/srpski\\\/posetite-srbiju\\\/prirodne-lepote\\\/banje\\\/niska-banja\\\/#primaryimage\"},\"thumbnailUrl\":\"https:\\\/\\\/serbia.com\\\/wp-content\\\/uploads\\\/2024\\\/05\\\/Niska-banja-2.jpg\",\"datePublished\":\"2014-04-08T13:01:16+00:00\",\"dateModified\":\"2024-10-20T17:59:31+00:00\",\"breadcrumb\":{\"@id\":\"https:\\\/\\\/serbia.com\\\/srpski\\\/posetite-srbiju\\\/prirodne-lepote\\\/banje\\\/niska-banja\\\/#breadcrumb\"},\"inLanguage\":\"srpski\",\"potentialAction\":[{\"@type\":\"ReadAction\",\"target\":[\"https:\\\/\\\/serbia.com\\\/srpski\\\/posetite-srbiju\\\/prirodne-lepote\\\/banje\\\/niska-banja\\\/\"]}]},{\"@type\":\"ImageObject\",\"inLanguage\":\"srpski\",\"@id\":\"https:\\\/\\\/serbia.com\\\/srpski\\\/posetite-srbiju\\\/prirodne-lepote\\\/banje\\\/niska-banja\\\/#primaryimage\",\"url\":\"https:\\\/\\\/serbia.com\\\/wp-content\\\/uploads\\\/2024\\\/05\\\/Niska-banja-2.jpg\",\"contentUrl\":\"https:\\\/\\\/serbia.com\\\/wp-content\\\/uploads\\\/2024\\\/05\\\/Niska-banja-2.jpg\",\"width\":1400,\"height\":1000},{\"@type\":\"BreadcrumbList\",\"@id\":\"https:\\\/\\\/serbia.com\\\/srpski\\\/posetite-srbiju\\\/prirodne-lepote\\\/banje\\\/niska-banja\\\/#breadcrumb\",\"itemListElement\":[{\"@type\":\"ListItem\",\"position\":1,\"name\":\"Home\",\"item\":\"https:\\\/\\\/serbia.com\\\/srpski\\\/\"},{\"@type\":\"ListItem\",\"position\":2,\"name\":\"Poseti Srbiju\",\"item\":\"https:\\\/\\\/serbia.com\\\/srpski\\\/posetite-srbiju\\\/\"},{\"@type\":\"ListItem\",\"position\":3,\"name\":\"Prirodne lepote\",\"item\":\"https:\\\/\\\/serbia.com\\\/srpski\\\/posetite-srbiju\\\/prirodne-lepote\\\/\"},{\"@type\":\"ListItem\",\"position\":4,\"name\":\"Banje\",\"item\":\"https:\\\/\\\/serbia.com\\\/srpski\\\/posetite-srbiju\\\/prirodne-lepote\\\/banje\\\/\"},{\"@type\":\"ListItem\",\"position\":5,\"name\":\"Ni\u0161ka banja\"}]},{\"@type\":\"WebSite\",\"@id\":\"https:\\\/\\\/serbia.com\\\/#website\",\"url\":\"https:\\\/\\\/serbia.com\\\/\",\"name\":\"Serbia.com\",\"description\":\"Your Gateway to Serbia\",\"potentialAction\":[{\"@type\":\"SearchAction\",\"target\":{\"@type\":\"EntryPoint\",\"urlTemplate\":\"https:\\\/\\\/serbia.com\\\/?s={search_term_string}\"},\"query-input\":{\"@type\":\"PropertyValueSpecification\",\"valueRequired\":true,\"valueName\":\"search_term_string\"}}],\"inLanguage\":\"srpski\"}]}<\/script>\n<!-- \/ Yoast SEO plugin. -->","yoast_head_json":{"title":"Ni\u0161ka banja - Serbia.com","robots":{"index":"index","follow":"follow","max-snippet":"max-snippet:-1","max-image-preview":"max-image-preview:large","max-video-preview":"max-video-preview:-1"},"canonical":"https:\/\/serbia.com\/srpski\/posetite-srbiju\/prirodne-lepote\/banje\/niska-banja\/","og_locale":"en_US","og_type":"article","og_title":"Ni\u0161ka banja - Serbia.com","og_description":"Lekovite vode sa pet izvora Ni\u0161ke Banje, za koje su znali jo\u0161 u doba Rimljana, predstavljaju idealno mesto za odmor, rekreaciju i le\u010denje. Ni\u0161ka Banja se nalazi na svega 9 [&hellip;]","og_url":"https:\/\/serbia.com\/srpski\/posetite-srbiju\/prirodne-lepote\/banje\/niska-banja\/","og_site_name":"Serbia.com","article_modified_time":"2024-10-20T17:59:31+00:00","og_image":[{"width":1400,"height":1000,"url":"https:\/\/serbia.com\/wp-content\/uploads\/2024\/05\/Niska-banja-2.jpg","type":"image\/jpeg"}],"twitter_misc":{"Est. reading time":"3 minutes"},"schema":{"@context":"https:\/\/schema.org","@graph":[{"@type":"WebPage","@id":"https:\/\/serbia.com\/srpski\/posetite-srbiju\/prirodne-lepote\/banje\/niska-banja\/","url":"https:\/\/serbia.com\/srpski\/posetite-srbiju\/prirodne-lepote\/banje\/niska-banja\/","name":"Ni\u0161ka banja - Serbia.com","isPartOf":{"@id":"https:\/\/serbia.com\/#website"},"primaryImageOfPage":{"@id":"https:\/\/serbia.com\/srpski\/posetite-srbiju\/prirodne-lepote\/banje\/niska-banja\/#primaryimage"},"image":{"@id":"https:\/\/serbia.com\/srpski\/posetite-srbiju\/prirodne-lepote\/banje\/niska-banja\/#primaryimage"},"thumbnailUrl":"https:\/\/serbia.com\/wp-content\/uploads\/2024\/05\/Niska-banja-2.jpg","datePublished":"2014-04-08T13:01:16+00:00","dateModified":"2024-10-20T17:59:31+00:00","breadcrumb":{"@id":"https:\/\/serbia.com\/srpski\/posetite-srbiju\/prirodne-lepote\/banje\/niska-banja\/#breadcrumb"},"inLanguage":"srpski","potentialAction":[{"@type":"ReadAction","target":["https:\/\/serbia.com\/srpski\/posetite-srbiju\/prirodne-lepote\/banje\/niska-banja\/"]}]},{"@type":"ImageObject","inLanguage":"srpski","@id":"https:\/\/serbia.com\/srpski\/posetite-srbiju\/prirodne-lepote\/banje\/niska-banja\/#primaryimage","url":"https:\/\/serbia.com\/wp-content\/uploads\/2024\/05\/Niska-banja-2.jpg","contentUrl":"https:\/\/serbia.com\/wp-content\/uploads\/2024\/05\/Niska-banja-2.jpg","width":1400,"height":1000},{"@type":"BreadcrumbList","@id":"https:\/\/serbia.com\/srpski\/posetite-srbiju\/prirodne-lepote\/banje\/niska-banja\/#breadcrumb","itemListElement":[{"@type":"ListItem","position":1,"name":"Home","item":"https:\/\/serbia.com\/srpski\/"},{"@type":"ListItem","position":2,"name":"Poseti Srbiju","item":"https:\/\/serbia.com\/srpski\/posetite-srbiju\/"},{"@type":"ListItem","position":3,"name":"Prirodne lepote","item":"https:\/\/serbia.com\/srpski\/posetite-srbiju\/prirodne-lepote\/"},{"@type":"ListItem","position":4,"name":"Banje","item":"https:\/\/serbia.com\/srpski\/posetite-srbiju\/prirodne-lepote\/banje\/"},{"@type":"ListItem","position":5,"name":"Ni\u0161ka banja"}]},{"@type":"WebSite","@id":"https:\/\/serbia.com\/#website","url":"https:\/\/serbia.com\/","name":"Serbia.com","description":"Your Gateway to Serbia","potentialAction":[{"@type":"SearchAction","target":{"@type":"EntryPoint","urlTemplate":"https:\/\/serbia.com\/?s={search_term_string}"},"query-input":{"@type":"PropertyValueSpecification","valueRequired":true,"valueName":"search_term_string"}}],"inLanguage":"srpski"}]}},"brizy_media":[],"_links":{"self":[{"href":"https:\/\/serbia.com\/srpski\/wp-json\/wp\/v2\/pages\/24754","targetHints":{"allow":["GET"]}}],"collection":[{"href":"https:\/\/serbia.com\/srpski\/wp-json\/wp\/v2\/pages"}],"about":[{"href":"https:\/\/serbia.com\/srpski\/wp-json\/wp\/v2\/types\/page"}],"author":[{"embeddable":true,"href":"https:\/\/serbia.com\/srpski\/wp-json\/wp\/v2\/users\/9"}],"replies":[{"embeddable":true,"href":"https:\/\/serbia.com\/srpski\/wp-json\/wp\/v2\/comments?post=24754"}],"version-history":[{"count":1,"href":"https:\/\/serbia.com\/srpski\/wp-json\/wp\/v2\/pages\/24754\/revisions"}],"predecessor-version":[{"id":55743,"href":"https:\/\/serbia.com\/srpski\/wp-json\/wp\/v2\/pages\/24754\/revisions\/55743"}],"up":[{"embeddable":true,"href":"https:\/\/serbia.com\/srpski\/wp-json\/wp\/v2\/pages\/20468"}],"wp:featuredmedia":[{"embeddable":true,"href":"https:\/\/serbia.com\/srpski\/wp-json\/wp\/v2\/media\/52967"}],"wp:attachment":[{"href":"https:\/\/serbia.com\/srpski\/wp-json\/wp\/v2\/media?parent=24754"}],"wp:term":[{"taxonomy":"category","embeddable":true,"href":"https:\/\/serbia.com\/srpski\/wp-json\/wp\/v2\/categories?post=24754"},{"taxonomy":"post_tag","embeddable":true,"href":"https:\/\/serbia.com\/srpski\/wp-json\/wp\/v2\/tags?post=24754"}],"curies":[{"name":"wp","href":"https:\/\/api.w.org\/{rel}","templated":true}]}}