{"id":24752,"date":"2014-04-08T14:57:57","date_gmt":"2014-04-08T12:57:57","guid":{"rendered":"http:\/\/www.serbia.com\/?page_id=24752"},"modified":"2024-10-20T19:58:46","modified_gmt":"2024-10-20T17:58:46","slug":"prolom-banja","status":"publish","type":"page","link":"https:\/\/serbia.com\/srpski\/posetite-srbiju\/prirodne-lepote\/banje\/prolom-banja\/","title":{"rendered":"Prolom Banja"},"content":{"rendered":"<h4>Prolom banja \u010duvena je po svojoj vodi koja se, zbog svojih lekovitih svojstava i izostanka boje i mirisa, danas fla\u0161ira i prodaje na regionalnom tr\u017ei\u0161tu.<\/h4>\n<p>Le\u010dili\u0161te Prolom banja nalazi se blizu <strong>Kur\u0161umlije<\/strong>, na jugu Srbije, ispod <strong>planina Radan<\/strong> i <strong>Sokolovica<\/strong>, na 290 kilometara od <a href=\"http:\/\/www.serbia.com\/srpski\/posetite-srbiju\/gradovi\/beograd\/\" target=\"_blank\" rel=\"noopener\">Beograda<\/a>. Le\u017ei na 630 metara nadmorske visine, te se <strong>ubraja u najvi\u0161e <a href=\"http:\/\/www.serbia.com\/srpski\/posetite-srbiju\/prirodne-lepote\/banje\/\" target=\"_blank\" rel=\"noopener\">banje Srbije<\/a><\/strong>.<\/p>\n<p>Ime je dobilo po <strong>selu Prolom<\/strong> koje se nalazi u neposrednoj blizini, a njegovi lekoviti izvori koristili su se jo\u0161 od praistorije sve do mla\u0111eg turskog doba, kada su sve banje u Srbiji zapustele. Posle Drugog svetskog rata, pro\u0161irio se glas o \u010dudotvornom izle\u010denju pojedinih banjskih gostiju, pa se broj posetilaca naglo pove\u0107ao.<\/p>\n<p>Klima je umereno kontinentalna sa ve\u0107im brojem sun\u010danih dana nego u okolnim gradovima (82 dana), manjom vla\u017eno\u0161\u0107u vazduha i umernim vetrovima. Njena bujna vegetacija stimulativno deluje na ljudski organizam i ja\u010da imunitet.<\/p>\n<p>Prema istra\u017eivanjima, <strong>lekovite vode Prolom banje spadaju u retke vode sa visokim balneolo\u0161kim vrednostima<\/strong> i pru\u017eaju mogu\u0107nost veoma \u0161iroke indikacije. Glavne baleolo\u0161ke vrednosti su alkalitet, prisustvo ozona i silicijmske kiseline kao i malo u\u010de\u0161\u0107e fluora (ispod 0,2 mg\/l), koje omogu\u0107ava da se voda mo\u017ee piti u neograni\u010denim koli\u010dinama.<\/p>\n<p>Voda Prolom banje je bez izrazitog mirisa i ukusa i koristi se u le\u010denju bolesti organa za varenje, kardiovaskularnih bolesti i krivnih sudova, neurolo\u0161kih i oboljenja respiratornih organa, mokra\u0107nih puteva, ginekolo\u0161kih oboljenja, ko\u017enih bolesti, anemije, stanja posle povreda\u2026<\/p>\n<p>Prolom banja poznata je i po <strong>lekovitom blatu<\/strong> koje se dobija me\u0161anjem termalne vode i zemlje iz okoline <strong>izvora \u201cPupavci\u201d<\/strong>. Koristi se u blatnim kadama ili u vidu obloga za le\u010denje ko\u017enih bolesti, bolesti perifernih krvnih sudova (pro\u0161irene vene), reumatskih oboljenja i nekih oboljenja prostate.<\/p>\n<p>Prolom banja svojim gostima nudi niz mogu\u0107nosti za rekreaciju i druge aktivnosti koje omogu\u0107avaju prirodni polo\u017eaj i klima. Tu je <strong><a href=\"http:\/\/www.serbia.com\/srpski\/posetite-srbiju\/prirodne-lepote\/jedinstvena-priroda\/davolja-varos\/\" target=\"_blank\" rel=\"noopener\">\u0110avolja Varo\u0161<\/a><\/strong>, udaljena od banje 11 kilometara, \u010diji fenomen visokih zemljanih kupa koji je bio u konkurenciji za novih sedam svetskih \u010duda, deluje vrlo misti\u010dno. U blizini su i dva izvora jake kisele vode sa visokom mineralizacijom.<\/p>\n<p>Kulturna ba\u0161tina je predstavljena <strong>crkvom Svete Petke<\/strong>, rekonstruisanom srednjovekovnom crkvom, gra\u0111enom od kamena i pokrivenom kamenim plo\u010dama.<\/p>\n<p>Zatim, tu je <strong>crkva Lazarica<\/strong>, udaljena od banje 2,4 kilometra, u dolini Prolomske reke u ataru sela Prolom. To je crkva brvnara koju su sagradili doseljenici sa <strong><a href=\"http:\/\/www.serbia.com\/srpski\/planina-golija-nestvarno-sumsko-carstvo\/\" target=\"_blank\" rel=\"noopener\">planine Golije<\/a><\/strong> oko 1890. godine na temeljima starijeg hrama. Prema narodnom verovanju, u ovoj crkvi se deo srpske vojske iz okolnih krajeva, sa srpskim carem Lazarem, pri\u010destio pred odlazak u <a href=\"http:\/\/www.serbia.com\/srpski\/boj-na-kosovu-2\/\" target=\"_blank\" rel=\"noopener\">Kosovsku bitku<\/a>.<\/p>\n<p>Izuzetno povoljan polo\u017eaj banje i klima umereno-kontinentalnog tipa doprineli su ubrzanom razvoju ovog banjskog le\u010dili\u0161ta. Izvori voda u Prolom banji su izvori termomineralne vode temperature od 26 do 31,5 stepeni i \u0161irokog su spektra lekovitog dejstva. Budu\u0107i da je voda po kojoj je Prolom banja \u010duvena izuzetno prijatnog ukusa i bez mirisa, fla\u0161ira se i preporu\u010duje i zdravim osobama u svakodnevnoj ishrani.<\/p>\n<p>Pored banjskog turizma Prolom banja nudi i bogat rekreativni i izletni\u010dki turizam. Organizovani su izleti do Kur\u0161umlije, crkve Svete Petke, crkve Lazarice, ostataka rimske carske palate <a href=\"http:\/\/www.serbia.com\/srpski\/posetite-srbiju\/kulturne-atrakcije\/arheoloska-nalazista\/felix-romuliana-dom-poslednjeg-rimskog-boga\/\" target=\"_blank\" rel=\"noopener\">Felix Romuliana<\/a> i prirodne atrakcije \u0110avolje varo\u0161i. \u0160etnje po \u017eivopisnoj okolini blagodetno \u0107e uticati na zdrave osobe \u017eeljne odmora i rekreacije.<\/p>\n<h4>Gde je Prolom banja i kako do nje sti\u0107i?<\/h4>\n<p>Ako dolazite automobilom iz pravca <a href=\"http:\/\/www.serbia.com\/srpski\/posetite-srbiju\/sta-videti\/gradovi\/beograd\/\">Beograda<\/a> i <a href=\"http:\/\/www.serbia.com\/srpski\/posetite-srbiju\/sta-videti\/gradovi\/novi-sad\/\">Novog Sada<\/a>, najbolje je i\u0107i autoputem do <a href=\"http:\/\/www.serbia.com\/srpski\/posetite-srbiju\/sta-videti\/gradovi\/nis\/\">Ni\u0161a<\/a>, a zatim magistralnim putem preko Prokuplja ka Kur\u0161umliji (ne skretati prema gradu), sve do mesta Rudare, a zatim skrenuti levo ka Prolom Banji koja se nalazi na 10km od skretanja.<\/p>\n<p>Prolom banja povezana je sa Novim Sadom, Beogradom i Ni\u0161om i direktnim autobuskim linijama. Ukoliko polazite iz nekog drugog grada, najbolje je da do\u0111ete do Kur\u0161umlije, pa lokalnim prevozom do Banje.<\/p>\n<h4>Kada ste ovde, ne propustite\u2026<\/h4>\n<p><a href=\"http:\/\/www.serbia.com\/srpski\/posetite-srbiju\/prirodne-lepote\/jedinstvena-priroda\/davolja-varos\/\" target=\"_blank\" rel=\"noopener\"><strong>\u0110avolju Varo\u0161<\/strong><\/a>, specifi\u010dne zemljane figure, koje je napravila priroda i koje su bile u naju\u017eem izboru za status sedam svetskih \u010duda dana\u0161njice.<\/p>\n<p><strong>Crkvu Lazaricu<\/strong>, biser moravske arhitekture sagra\u0111enu 1375. godine u slavu prvoro\u0111enog sina kneza Lazara i ujedno naslednika prestola, despota Stefana. Ovde se, po predanju, pri\u010destila vojska kneza Lazara uo\u010di Kosovske bitke.<\/p>\n<p><strong>Lukovsku banju<\/strong>, najvi\u0161u banju u Srbiji koja se nalazi na 681 metru nadmorske visine. Prolom banja od nje je udaljena svega 58 km.<\/p>\n<p>Ako \u017eelite da vidite kako su izgledale ku\u0107e praistorijskog \u010doveka, obavezno posetite <strong>Plo\u010dnik, jedinstveno neolitsko naselje<\/strong> na arheolo\u0161kom lokalitetu <a href=\"http:\/\/www.serbia.com\/srpski\/posetite-srbiju\/kulturne-atrakcije\/arheoloska-nalazista\/vinca-kolevka-evropske-civilizacije\/\" target=\"_blank\" rel=\"noopener\"><strong>Vin\u010danske kultur<\/strong>e<\/a>, koji se nalazi na 22. kilometru kada se krene iz Prokuplja prema Kur\u0161umliji. Rekonstruisane ku\u0107e, sagra\u0111ene od pru\u0107a i blata, do\u010dara\u0107e vam period u kome je paleolitski \u010dovek po prvi put prera\u0111ivao metal.<\/p>\n","protected":false},"excerpt":{"rendered":"<p>Prolom banja \u010duvena je po svojoj vodi koja se, zbog svojih lekovitih svojstava i izostanka boje i mirisa, danas fla\u0161ira i prodaje na regionalnom tr\u017ei\u0161tu. Le\u010dili\u0161te Prolom banja nalazi se [&hellip;]<\/p>\n","protected":false},"author":9,"featured_media":32967,"parent":20468,"menu_order":0,"comment_status":"closed","ping_status":"closed","template":"","meta":{"_acf_changed":false,"inline_featured_image":false,"_monsterinsights_skip_tracking":false,"_monsterinsights_sitenote_active":false,"_monsterinsights_sitenote_note":"","_monsterinsights_sitenote_category":0,"footnotes":""},"categories":[1657],"tags":[],"class_list":["post-24752","page","type-page","status-publish","has-post-thumbnail","hentry","category-banje"],"acf":[],"yoast_head":"<!-- This site is optimized with the Yoast SEO plugin v23.8 - https:\/\/yoast.com\/wordpress\/plugins\/seo\/ -->\n<title>Prolom Banja - Serbia.com<\/title>\n<meta name=\"description\" content=\"Prolom banja \u010duvena je po svojoj vodi koja se, zbog svojih lekovitih svojstava i izostanka boje i mirisa, danas fla\u0161ira i prodaje na regionalnom tr\u017ei\u0161tu.\" \/>\n<meta name=\"robots\" content=\"index, follow, max-snippet:-1, max-image-preview:large, max-video-preview:-1\" \/>\n<link rel=\"canonical\" href=\"https:\/\/serbia.com\/srpski\/posetite-srbiju\/prirodne-lepote\/banje\/prolom-banja\/\" \/>\n<meta property=\"og:locale\" content=\"en_US\" \/>\n<meta property=\"og:type\" content=\"article\" \/>\n<meta property=\"og:title\" content=\"Prolom Banja - Serbia.com\" \/>\n<meta property=\"og:description\" content=\"Prolom banja \u010duvena je po svojoj vodi koja se, zbog svojih lekovitih svojstava i izostanka boje i mirisa, danas fla\u0161ira i prodaje na regionalnom tr\u017ei\u0161tu.\" \/>\n<meta property=\"og:url\" content=\"https:\/\/serbia.com\/srpski\/posetite-srbiju\/prirodne-lepote\/banje\/prolom-banja\/\" \/>\n<meta property=\"og:site_name\" content=\"Serbia.com\" \/>\n<meta property=\"article:modified_time\" content=\"2024-10-20T17:58:46+00:00\" \/>\n<meta property=\"og:image\" content=\"https:\/\/serbia.com\/wp-content\/uploads\/2015\/05\/prolom4.jpg\" \/>\n\t<meta property=\"og:image:width\" content=\"1600\" \/>\n\t<meta property=\"og:image:height\" content=\"637\" \/>\n\t<meta property=\"og:image:type\" content=\"image\/jpeg\" \/>\n<meta name=\"twitter:label1\" content=\"Est. reading time\" \/>\n\t<meta name=\"twitter:data1\" content=\"4 minutes\" \/>\n<script type=\"application\/ld+json\" class=\"yoast-schema-graph\">{\"@context\":\"https:\/\/schema.org\",\"@graph\":[{\"@type\":\"WebPage\",\"@id\":\"https:\/\/serbia.com\/srpski\/posetite-srbiju\/prirodne-lepote\/banje\/prolom-banja\/\",\"url\":\"https:\/\/serbia.com\/srpski\/posetite-srbiju\/prirodne-lepote\/banje\/prolom-banja\/\",\"name\":\"Prolom Banja - Serbia.com\",\"isPartOf\":{\"@id\":\"https:\/\/serbia.com\/#website\"},\"primaryImageOfPage\":{\"@id\":\"https:\/\/serbia.com\/srpski\/posetite-srbiju\/prirodne-lepote\/banje\/prolom-banja\/#primaryimage\"},\"image\":{\"@id\":\"https:\/\/serbia.com\/srpski\/posetite-srbiju\/prirodne-lepote\/banje\/prolom-banja\/#primaryimage\"},\"thumbnailUrl\":\"https:\/\/serbia.com\/wp-content\/uploads\/2015\/05\/prolom4.jpg\",\"datePublished\":\"2014-04-08T12:57:57+00:00\",\"dateModified\":\"2024-10-20T17:58:46+00:00\",\"description\":\"Prolom banja \u010duvena je po svojoj vodi koja se, zbog svojih lekovitih svojstava i izostanka boje i mirisa, danas fla\u0161ira i prodaje na regionalnom tr\u017ei\u0161tu.\",\"breadcrumb\":{\"@id\":\"https:\/\/serbia.com\/srpski\/posetite-srbiju\/prirodne-lepote\/banje\/prolom-banja\/#breadcrumb\"},\"inLanguage\":\"srpski\",\"potentialAction\":[{\"@type\":\"ReadAction\",\"target\":[\"https:\/\/serbia.com\/srpski\/posetite-srbiju\/prirodne-lepote\/banje\/prolom-banja\/\"]}]},{\"@type\":\"ImageObject\",\"inLanguage\":\"srpski\",\"@id\":\"https:\/\/serbia.com\/srpski\/posetite-srbiju\/prirodne-lepote\/banje\/prolom-banja\/#primaryimage\",\"url\":\"https:\/\/serbia.com\/wp-content\/uploads\/2015\/05\/prolom4.jpg\",\"contentUrl\":\"https:\/\/serbia.com\/wp-content\/uploads\/2015\/05\/prolom4.jpg\",\"width\":1600,\"height\":637},{\"@type\":\"BreadcrumbList\",\"@id\":\"https:\/\/serbia.com\/srpski\/posetite-srbiju\/prirodne-lepote\/banje\/prolom-banja\/#breadcrumb\",\"itemListElement\":[{\"@type\":\"ListItem\",\"position\":1,\"name\":\"Home\",\"item\":\"https:\/\/serbia.com\/srpski\/\"},{\"@type\":\"ListItem\",\"position\":2,\"name\":\"Poseti Srbiju\",\"item\":\"https:\/\/serbia.com\/srpski\/posetite-srbiju\/\"},{\"@type\":\"ListItem\",\"position\":3,\"name\":\"Prirodne lepote\",\"item\":\"https:\/\/serbia.com\/srpski\/posetite-srbiju\/prirodne-lepote\/\"},{\"@type\":\"ListItem\",\"position\":4,\"name\":\"Banje\",\"item\":\"https:\/\/serbia.com\/srpski\/posetite-srbiju\/prirodne-lepote\/banje\/\"},{\"@type\":\"ListItem\",\"position\":5,\"name\":\"Prolom Banja\"}]},{\"@type\":\"WebSite\",\"@id\":\"https:\/\/serbia.com\/#website\",\"url\":\"https:\/\/serbia.com\/\",\"name\":\"Serbia.com\",\"description\":\"Your Gateway to Serbia\",\"potentialAction\":[{\"@type\":\"SearchAction\",\"target\":{\"@type\":\"EntryPoint\",\"urlTemplate\":\"https:\/\/serbia.com\/?s={search_term_string}\"},\"query-input\":{\"@type\":\"PropertyValueSpecification\",\"valueRequired\":true,\"valueName\":\"search_term_string\"}}],\"inLanguage\":\"srpski\"}]}<\/script>\n<!-- \/ Yoast SEO plugin. -->","yoast_head_json":{"title":"Prolom Banja - Serbia.com","description":"Prolom banja \u010duvena je po svojoj vodi koja se, zbog svojih lekovitih svojstava i izostanka boje i mirisa, danas fla\u0161ira i prodaje na regionalnom tr\u017ei\u0161tu.","robots":{"index":"index","follow":"follow","max-snippet":"max-snippet:-1","max-image-preview":"max-image-preview:large","max-video-preview":"max-video-preview:-1"},"canonical":"https:\/\/serbia.com\/srpski\/posetite-srbiju\/prirodne-lepote\/banje\/prolom-banja\/","og_locale":"en_US","og_type":"article","og_title":"Prolom Banja - Serbia.com","og_description":"Prolom banja \u010duvena je po svojoj vodi koja se, zbog svojih lekovitih svojstava i izostanka boje i mirisa, danas fla\u0161ira i prodaje na regionalnom tr\u017ei\u0161tu.","og_url":"https:\/\/serbia.com\/srpski\/posetite-srbiju\/prirodne-lepote\/banje\/prolom-banja\/","og_site_name":"Serbia.com","article_modified_time":"2024-10-20T17:58:46+00:00","og_image":[{"width":1600,"height":637,"url":"https:\/\/serbia.com\/wp-content\/uploads\/2015\/05\/prolom4.jpg","type":"image\/jpeg"}],"twitter_misc":{"Est. reading time":"4 minutes"},"schema":{"@context":"https:\/\/schema.org","@graph":[{"@type":"WebPage","@id":"https:\/\/serbia.com\/srpski\/posetite-srbiju\/prirodne-lepote\/banje\/prolom-banja\/","url":"https:\/\/serbia.com\/srpski\/posetite-srbiju\/prirodne-lepote\/banje\/prolom-banja\/","name":"Prolom Banja - Serbia.com","isPartOf":{"@id":"https:\/\/serbia.com\/#website"},"primaryImageOfPage":{"@id":"https:\/\/serbia.com\/srpski\/posetite-srbiju\/prirodne-lepote\/banje\/prolom-banja\/#primaryimage"},"image":{"@id":"https:\/\/serbia.com\/srpski\/posetite-srbiju\/prirodne-lepote\/banje\/prolom-banja\/#primaryimage"},"thumbnailUrl":"https:\/\/serbia.com\/wp-content\/uploads\/2015\/05\/prolom4.jpg","datePublished":"2014-04-08T12:57:57+00:00","dateModified":"2024-10-20T17:58:46+00:00","description":"Prolom banja \u010duvena je po svojoj vodi koja se, zbog svojih lekovitih svojstava i izostanka boje i mirisa, danas fla\u0161ira i prodaje na regionalnom tr\u017ei\u0161tu.","breadcrumb":{"@id":"https:\/\/serbia.com\/srpski\/posetite-srbiju\/prirodne-lepote\/banje\/prolom-banja\/#breadcrumb"},"inLanguage":"srpski","potentialAction":[{"@type":"ReadAction","target":["https:\/\/serbia.com\/srpski\/posetite-srbiju\/prirodne-lepote\/banje\/prolom-banja\/"]}]},{"@type":"ImageObject","inLanguage":"srpski","@id":"https:\/\/serbia.com\/srpski\/posetite-srbiju\/prirodne-lepote\/banje\/prolom-banja\/#primaryimage","url":"https:\/\/serbia.com\/wp-content\/uploads\/2015\/05\/prolom4.jpg","contentUrl":"https:\/\/serbia.com\/wp-content\/uploads\/2015\/05\/prolom4.jpg","width":1600,"height":637},{"@type":"BreadcrumbList","@id":"https:\/\/serbia.com\/srpski\/posetite-srbiju\/prirodne-lepote\/banje\/prolom-banja\/#breadcrumb","itemListElement":[{"@type":"ListItem","position":1,"name":"Home","item":"https:\/\/serbia.com\/srpski\/"},{"@type":"ListItem","position":2,"name":"Poseti Srbiju","item":"https:\/\/serbia.com\/srpski\/posetite-srbiju\/"},{"@type":"ListItem","position":3,"name":"Prirodne lepote","item":"https:\/\/serbia.com\/srpski\/posetite-srbiju\/prirodne-lepote\/"},{"@type":"ListItem","position":4,"name":"Banje","item":"https:\/\/serbia.com\/srpski\/posetite-srbiju\/prirodne-lepote\/banje\/"},{"@type":"ListItem","position":5,"name":"Prolom Banja"}]},{"@type":"WebSite","@id":"https:\/\/serbia.com\/#website","url":"https:\/\/serbia.com\/","name":"Serbia.com","description":"Your Gateway to Serbia","potentialAction":[{"@type":"SearchAction","target":{"@type":"EntryPoint","urlTemplate":"https:\/\/serbia.com\/?s={search_term_string}"},"query-input":{"@type":"PropertyValueSpecification","valueRequired":true,"valueName":"search_term_string"}}],"inLanguage":"srpski"}]}},"_links":{"self":[{"href":"https:\/\/serbia.com\/srpski\/wp-json\/wp\/v2\/pages\/24752"}],"collection":[{"href":"https:\/\/serbia.com\/srpski\/wp-json\/wp\/v2\/pages"}],"about":[{"href":"https:\/\/serbia.com\/srpski\/wp-json\/wp\/v2\/types\/page"}],"author":[{"embeddable":true,"href":"https:\/\/serbia.com\/srpski\/wp-json\/wp\/v2\/users\/9"}],"replies":[{"embeddable":true,"href":"https:\/\/serbia.com\/srpski\/wp-json\/wp\/v2\/comments?post=24752"}],"version-history":[{"count":1,"href":"https:\/\/serbia.com\/srpski\/wp-json\/wp\/v2\/pages\/24752\/revisions"}],"predecessor-version":[{"id":55742,"href":"https:\/\/serbia.com\/srpski\/wp-json\/wp\/v2\/pages\/24752\/revisions\/55742"}],"up":[{"embeddable":true,"href":"https:\/\/serbia.com\/srpski\/wp-json\/wp\/v2\/pages\/20468"}],"wp:featuredmedia":[{"embeddable":true,"href":"https:\/\/serbia.com\/srpski\/wp-json\/wp\/v2\/media\/32967"}],"wp:attachment":[{"href":"https:\/\/serbia.com\/srpski\/wp-json\/wp\/v2\/media?parent=24752"}],"wp:term":[{"taxonomy":"category","embeddable":true,"href":"https:\/\/serbia.com\/srpski\/wp-json\/wp\/v2\/categories?post=24752"},{"taxonomy":"post_tag","embeddable":true,"href":"https:\/\/serbia.com\/srpski\/wp-json\/wp\/v2\/tags?post=24752"}],"curies":[{"name":"wp","href":"https:\/\/api.w.org\/{rel}","templated":true}]}}